{"id":217001,"date":"2026-04-16T00:15:15","date_gmt":"2026-04-16T06:15:15","guid":{"rendered":"https:\/\/compuviper.mx\/tienda\/producto\/ezviz-cs-h6-5mp-camara-mini-pt-ip-5-megapxel-wi-fi-seguimiento-inteligente-auto-zoom-deteccin-de-humanos-y-mascotas-deteccin-de-llanto-de-bebe-grabacin-en-la-nube\/"},"modified":"2026-04-16T00:15:15","modified_gmt":"2026-04-16T06:15:15","slug":"ezviz-cs-h6-5mp-camara-mini-pt-ip-5-megapixel-wi-fi-seguimiento-inteligente-auto-zoom-deteccion-de-humanos-y-mascotas-deteccion-de-llanto-de-bebe-grabacion-en-la-nube","status":"publish","type":"product","link":"https:\/\/compuviper.mx\/tienda\/producto\/ezviz-cs-h6-5mp-camara-mini-pt-ip-5-megapixel-wi-fi-seguimiento-inteligente-auto-zoom-deteccion-de-humanos-y-mascotas-deteccion-de-llanto-de-bebe-grabacion-en-la-nube\/","title":{"rendered":"Ezviz Cs-h6 5mp Camara Mini Pt Ip   5 Megapixel \/ Wi-fi \/ Seguimiento Inteligente \/ Auto Zoom \/ Deteccion De Humanos Y Mascotas \/ Deteccion De Llanto De Bebe \/ Grabacion En La Nube"},"content":{"rendered":"<table class=\"descripcion\">\n<tr>\n<td>Resoluci\u00f3n: 5 megapixel (2560 \u00d7 1440).<\/td>\n<\/tr>\n<tr>\n<td>    lente: 4 mm gran angular.<\/td>\n<\/tr>\n<tr>\n<td>    micr\u00f3fono y bocina interconstruida (audio de dos v\u00edas).<\/td>\n<\/tr>\n<tr>\n<td>    wdr 80 db \/ 3d-dnr.<\/td>\n<\/tr>\n<tr>\n<td>    detecci\u00f3n de movimiento<\/td>\n<\/tr>\n<tr>\n<td>    seguimiento con zoom autom\u00e1tico<\/td>\n<\/tr>\n<tr>\n<td>    inteligencia artitifical, detecta humanos y mascotas<\/td>\n<\/tr>\n<tr>\n<td>    detecci\u00f3n de llanto de bebe.<\/td>\n<\/tr>\n<tr>\n<td>    sirena integrada.<\/td>\n<\/tr>\n<tr>\n<td>    10 mts ir (visi\u00f3n nocturna).<\/td>\n<\/tr>\n<tr>\n<td>    compresi\u00f3n: h.264, h.265.<\/td>\n<\/tr>\n<tr>\n<td>    wifi dual band 2.4 ghz &#8211; 5 ghz<\/td>\n<\/tr>\n<tr>\n<td>    soporta micro sd 256 gb, no incluida.<\/td>\n<\/tr>\n<tr>\n<td>    uso en interior<\/td>\n<\/tr>\n<\/table>\n","protected":false},"excerpt":{"rendered":"<p>Caracter\u00edsticas destacadas.     Soporta grabaci\u00f3n en nube de ezviz (el cobro se realiza directo en la aplicaci\u00f3n ezviz).     Muy f\u00e1cil de instalar. Notas.     Configuraci\u00f3n \u00fanicamente mediante aplicaci\u00f3n ezviz.     No recomendado para dvr\/nvr<\/p>\n","protected":false},"featured_media":242432,"comment_status":"open","ping_status":"open","template":"","meta":[],"product_cat":[1608,1681],"product_tag":[2123],"acf":[],"yoast_head":"<!-- This site is optimized with the Yoast SEO plugin v21.7 - https:\/\/yoast.com\/wordpress\/plugins\/seo\/ -->\n<title>[ Ezviz ] &#129351; Cs-h6 5mp Camara Mini Pt Ip 5 Megapixel \/ Wi-fi \/ Seguimiento Inteligente \/ Auto Zoom \/ Deteccion De Humanos Y Mascotas \/ Deteccion De Llanto De Bebe \/ Grabacion En La Nube<\/title>\n<meta name=\"description\" content=\"Compra Cs-h6 5mp Camara Mini Pt Ip 5 Megapixel \/ Wi-fi \/ Seguimiento Inteligente \/ Auto Zoom \/ Deteccion De Humanos Y Mascotas \/ Deteccion De Llanto De Bebe \/ Grabacion En La Nube + Env\u00edo a domicilio + Pago seguro + Garant\u00eda\" \/>\n<meta name=\"robots\" content=\"index, follow, max-snippet:-1, max-image-preview:large, max-video-preview:-1\" \/>\n<link rel=\"canonical\" href=\"https:\/\/compuviper.mx\/tienda\/producto\/ezviz-cs-h6-5mp-camara-mini-pt-ip-5-megapixel-wi-fi-seguimiento-inteligente-auto-zoom-deteccion-de-humanos-y-mascotas-deteccion-de-llanto-de-bebe-grabacion-en-la-nube\/\" \/>\n<meta property=\"og:locale\" content=\"es_MX\" \/>\n<meta property=\"og:type\" content=\"article\" \/>\n<meta property=\"og:title\" content=\"[ Ezviz ] &#129351; Cs-h6 5mp Camara Mini Pt Ip 5 Megapixel \/ Wi-fi \/ Seguimiento Inteligente \/ Auto Zoom \/ Deteccion De Humanos Y Mascotas \/ Deteccion De Llanto De Bebe \/ Grabacion En La Nube\" \/>\n<meta property=\"og:description\" content=\"Compra Cs-h6 5mp Camara Mini Pt Ip 5 Megapixel \/ Wi-fi \/ Seguimiento Inteligente \/ Auto Zoom \/ Deteccion De Humanos Y Mascotas \/ Deteccion De Llanto De Bebe \/ Grabacion En La Nube + Env\u00edo a domicilio + Pago seguro + Garant\u00eda\" \/>\n<meta property=\"og:url\" content=\"https:\/\/compuviper.mx\/tienda\/producto\/ezviz-cs-h6-5mp-camara-mini-pt-ip-5-megapixel-wi-fi-seguimiento-inteligente-auto-zoom-deteccion-de-humanos-y-mascotas-deteccion-de-llanto-de-bebe-grabacion-en-la-nube\/\" \/>\n<meta property=\"og:site_name\" content=\"Compuviper\" \/>\n<meta property=\"article:publisher\" content=\"https:\/\/www.facebook.com\/compuviper\" \/>\n<meta property=\"og:image\" content=\"https:\/\/compuviper.mx\/tienda\/wp-content\/uploads\/2024\/09\/Camara-mini-pt-ip-ezviz-cs-h6-5mp-5-megapixel-wi-fi-seguimiento-inteligente-auto-zoom-deteccion-de-humanos-y-mascotas-deteccion-de-llanto-de-bebe-grabacion-en-la-nube.jpg\" \/>\n\t<meta property=\"og:image:width\" content=\"200\" \/>\n\t<meta property=\"og:image:height\" content=\"200\" \/>\n\t<meta property=\"og:image:type\" content=\"image\/jpeg\" \/>\n<meta name=\"twitter:card\" content=\"summary_large_image\" \/>\n<meta name=\"twitter:label1\" content=\"Precio\" \/>\n\t<meta name=\"twitter:data1\" content=\"&#36;660 con IVA\" \/>\n\t<meta name=\"twitter:label2\" content=\"Availability\" \/>\n\t<meta name=\"twitter:data2\" content=\"In stock\" \/>\n<script type=\"application\/ld+json\" class=\"yoast-schema-graph\">{\"@context\":\"https:\/\/schema.org\",\"@graph\":[{\"@type\":\"WebPage\",\"@id\":\"https:\/\/compuviper.mx\/tienda\/producto\/ezviz-cs-h6-5mp-camara-mini-pt-ip-5-megapixel-wi-fi-seguimiento-inteligente-auto-zoom-deteccion-de-humanos-y-mascotas-deteccion-de-llanto-de-bebe-grabacion-en-la-nube\/\",\"url\":\"https:\/\/compuviper.mx\/tienda\/producto\/ezviz-cs-h6-5mp-camara-mini-pt-ip-5-megapixel-wi-fi-seguimiento-inteligente-auto-zoom-deteccion-de-humanos-y-mascotas-deteccion-de-llanto-de-bebe-grabacion-en-la-nube\/\",\"name\":\"[ Ezviz ] &#129351; Cs-h6 5mp Camara Mini Pt Ip 5 Megapixel \/ Wi-fi \/ Seguimiento Inteligente \/ Auto Zoom \/ Deteccion De Humanos Y Mascotas \/ Deteccion De Llanto De Bebe \/ Grabacion En La Nube\",\"isPartOf\":{\"@id\":\"https:\/\/compuviper.mx\/tienda\/#website\"},\"datePublished\":\"2026-04-16T06:15:15+00:00\",\"dateModified\":\"2026-04-16T06:15:15+00:00\",\"description\":\"Compra Cs-h6 5mp Camara Mini Pt Ip 5 Megapixel \/ Wi-fi \/ Seguimiento Inteligente \/ Auto Zoom \/ Deteccion De Humanos Y Mascotas \/ Deteccion De Llanto De Bebe \/ Grabacion En La Nube + Env\u00edo a domicilio + Pago seguro + Garant\u00eda\",\"breadcrumb\":{\"@id\":\"https:\/\/compuviper.mx\/tienda\/producto\/ezviz-cs-h6-5mp-camara-mini-pt-ip-5-megapixel-wi-fi-seguimiento-inteligente-auto-zoom-deteccion-de-humanos-y-mascotas-deteccion-de-llanto-de-bebe-grabacion-en-la-nube\/#breadcrumb\"},\"inLanguage\":\"es-MX\",\"potentialAction\":[{\"@type\":\"ReadAction\",\"target\":[\"https:\/\/compuviper.mx\/tienda\/producto\/ezviz-cs-h6-5mp-camara-mini-pt-ip-5-megapixel-wi-fi-seguimiento-inteligente-auto-zoom-deteccion-de-humanos-y-mascotas-deteccion-de-llanto-de-bebe-grabacion-en-la-nube\/\"]}]},{\"@type\":\"BreadcrumbList\",\"@id\":\"https:\/\/compuviper.mx\/tienda\/producto\/ezviz-cs-h6-5mp-camara-mini-pt-ip-5-megapixel-wi-fi-seguimiento-inteligente-auto-zoom-deteccion-de-humanos-y-mascotas-deteccion-de-llanto-de-bebe-grabacion-en-la-nube\/#breadcrumb\",\"itemListElement\":[{\"@type\":\"ListItem\",\"position\":1,\"name\":\"Inicio\",\"item\":\"https:\/\/compuviper.mx\/tienda\/\"},{\"@type\":\"ListItem\",\"position\":2,\"name\":\"Productos\",\"item\":\"https:\/\/compuviper.mx\/tienda\/productos\/\"},{\"@type\":\"ListItem\",\"position\":3,\"name\":\"Camaras\",\"item\":\"https:\/\/compuviper.mx\/tienda\/categoria-producto\/camaras-2\/\"},{\"@type\":\"ListItem\",\"position\":4,\"name\":\"Camara De Videovigilancia\",\"item\":\"https:\/\/compuviper.mx\/tienda\/categoria-producto\/camaras-2\/camara-de-videovigilancia\/\"},{\"@type\":\"ListItem\",\"position\":5,\"name\":\"Ezviz Cs-h6 5mp Camara Mini Pt Ip 5 Megapixel \/ Wi-fi \/ Seguimiento Inteligente \/ Auto Zoom \/ Deteccion De Humanos Y Mascotas \/ Deteccion De Llanto De Bebe \/ Grabacion En La Nube\"}]},{\"@type\":\"WebSite\",\"@id\":\"https:\/\/compuviper.mx\/tienda\/#website\",\"url\":\"https:\/\/compuviper.mx\/tienda\/\",\"name\":\"Compuviper\",\"description\":\"Proveedor de Computadoras, Laptops, Servidores, Monitores, Puntos de Venta, Teclados,   Impresoras, T\u00f3ner, C\u00e1maras de Seguridad y m\u00e1s en tu tienda en l\u00ednea\",\"publisher\":{\"@id\":\"https:\/\/compuviper.mx\/tienda\/#organization\"},\"potentialAction\":[{\"@type\":\"SearchAction\",\"target\":{\"@type\":\"EntryPoint\",\"urlTemplate\":\"https:\/\/compuviper.mx\/tienda\/?s={search_term_string}\"},\"query-input\":\"required name=search_term_string\"}],\"inLanguage\":\"es-MX\"},{\"@type\":\"Organization\",\"@id\":\"https:\/\/compuviper.mx\/tienda\/#organization\",\"name\":\"Compuviper\",\"url\":\"https:\/\/compuviper.mx\/tienda\/\",\"logo\":{\"@type\":\"ImageObject\",\"inLanguage\":\"es-MX\",\"@id\":\"https:\/\/compuviper.mx\/tienda\/#\/schema\/logo\/image\/\",\"url\":\"https:\/\/compuviper.mx\/tienda\/wp-content\/uploads\/2021\/08\/Logo-Compuviper-10.png\",\"contentUrl\":\"https:\/\/compuviper.mx\/tienda\/wp-content\/uploads\/2021\/08\/Logo-Compuviper-10.png\",\"width\":1000,\"height\":500,\"caption\":\"Compuviper\"},\"image\":{\"@id\":\"https:\/\/compuviper.mx\/tienda\/#\/schema\/logo\/image\/\"},\"sameAs\":[\"https:\/\/www.facebook.com\/compuviper\",\"https:\/\/www.youtube.com\/channel\/UCf73dERp9Y3cfOq7q8BhLjA?view_as=subscriber\"]}]}<\/script>\n<meta property=\"product:brand\" content=\"Ezviz\" \/>\n<meta property=\"product:price:amount\" content=\"660\" \/>\n<meta property=\"product:price:currency\" content=\"MXN\" \/>\n<meta property=\"og:availability\" content=\"instock\" \/>\n<meta property=\"product:availability\" content=\"instock\" \/>\n<meta property=\"product:retailer_item_id\" content=\"CS-H6 5MP\" \/>\n<meta property=\"product:condition\" content=\"new\" \/>\n<!-- \/ Yoast SEO plugin. -->","yoast_head_json":{"title":"[ Ezviz ] &#129351; Cs-h6 5mp Camara Mini Pt Ip 5 Megapixel \/ Wi-fi \/ Seguimiento Inteligente \/ Auto Zoom \/ Deteccion De Humanos Y Mascotas \/ Deteccion De Llanto De Bebe \/ Grabacion En La Nube","description":"Compra Cs-h6 5mp Camara Mini Pt Ip 5 Megapixel \/ Wi-fi \/ Seguimiento Inteligente \/ Auto Zoom \/ Deteccion De Humanos Y Mascotas \/ Deteccion De Llanto De Bebe \/ Grabacion En La Nube + Env\u00edo a domicilio + Pago seguro + Garant\u00eda","robots":{"index":"index","follow":"follow","max-snippet":"max-snippet:-1","max-image-preview":"max-image-preview:large","max-video-preview":"max-video-preview:-1"},"canonical":"https:\/\/compuviper.mx\/tienda\/producto\/ezviz-cs-h6-5mp-camara-mini-pt-ip-5-megapixel-wi-fi-seguimiento-inteligente-auto-zoom-deteccion-de-humanos-y-mascotas-deteccion-de-llanto-de-bebe-grabacion-en-la-nube\/","og_locale":"es_MX","og_type":"article","og_title":"[ Ezviz ] &#129351; Cs-h6 5mp Camara Mini Pt Ip 5 Megapixel \/ Wi-fi \/ Seguimiento Inteligente \/ Auto Zoom \/ Deteccion De Humanos Y Mascotas \/ Deteccion De Llanto De Bebe \/ Grabacion En La Nube","og_description":"Compra Cs-h6 5mp Camara Mini Pt Ip 5 Megapixel \/ Wi-fi \/ Seguimiento Inteligente \/ Auto Zoom \/ Deteccion De Humanos Y Mascotas \/ Deteccion De Llanto De Bebe \/ Grabacion En La Nube + Env\u00edo a domicilio + Pago seguro + Garant\u00eda","og_url":"https:\/\/compuviper.mx\/tienda\/producto\/ezviz-cs-h6-5mp-camara-mini-pt-ip-5-megapixel-wi-fi-seguimiento-inteligente-auto-zoom-deteccion-de-humanos-y-mascotas-deteccion-de-llanto-de-bebe-grabacion-en-la-nube\/","og_site_name":"Compuviper","article_publisher":"https:\/\/www.facebook.com\/compuviper","og_image":[{"width":200,"height":200,"url":"https:\/\/compuviper.mx\/tienda\/wp-content\/uploads\/2024\/09\/Camara-mini-pt-ip-ezviz-cs-h6-5mp-5-megapixel-wi-fi-seguimiento-inteligente-auto-zoom-deteccion-de-humanos-y-mascotas-deteccion-de-llanto-de-bebe-grabacion-en-la-nube.jpg","type":"image\/jpeg"}],"twitter_card":"summary_large_image","twitter_misc":{"Precio":"&#36;660 con IVA","Availability":"In stock"},"schema":{"@context":"https:\/\/schema.org","@graph":[{"@type":"WebPage","@id":"https:\/\/compuviper.mx\/tienda\/producto\/ezviz-cs-h6-5mp-camara-mini-pt-ip-5-megapixel-wi-fi-seguimiento-inteligente-auto-zoom-deteccion-de-humanos-y-mascotas-deteccion-de-llanto-de-bebe-grabacion-en-la-nube\/","url":"https:\/\/compuviper.mx\/tienda\/producto\/ezviz-cs-h6-5mp-camara-mini-pt-ip-5-megapixel-wi-fi-seguimiento-inteligente-auto-zoom-deteccion-de-humanos-y-mascotas-deteccion-de-llanto-de-bebe-grabacion-en-la-nube\/","name":"[ Ezviz ] &#129351; Cs-h6 5mp Camara Mini Pt Ip 5 Megapixel \/ Wi-fi \/ Seguimiento Inteligente \/ Auto Zoom \/ Deteccion De Humanos Y Mascotas \/ Deteccion De Llanto De Bebe \/ Grabacion En La Nube","isPartOf":{"@id":"https:\/\/compuviper.mx\/tienda\/#website"},"datePublished":"2026-04-16T06:15:15+00:00","dateModified":"2026-04-16T06:15:15+00:00","description":"Compra Cs-h6 5mp Camara Mini Pt Ip 5 Megapixel \/ Wi-fi \/ Seguimiento Inteligente \/ Auto Zoom \/ Deteccion De Humanos Y Mascotas \/ Deteccion De Llanto De Bebe \/ Grabacion En La Nube + Env\u00edo a domicilio + Pago seguro + Garant\u00eda","breadcrumb":{"@id":"https:\/\/compuviper.mx\/tienda\/producto\/ezviz-cs-h6-5mp-camara-mini-pt-ip-5-megapixel-wi-fi-seguimiento-inteligente-auto-zoom-deteccion-de-humanos-y-mascotas-deteccion-de-llanto-de-bebe-grabacion-en-la-nube\/#breadcrumb"},"inLanguage":"es-MX","potentialAction":[{"@type":"ReadAction","target":["https:\/\/compuviper.mx\/tienda\/producto\/ezviz-cs-h6-5mp-camara-mini-pt-ip-5-megapixel-wi-fi-seguimiento-inteligente-auto-zoom-deteccion-de-humanos-y-mascotas-deteccion-de-llanto-de-bebe-grabacion-en-la-nube\/"]}]},{"@type":"BreadcrumbList","@id":"https:\/\/compuviper.mx\/tienda\/producto\/ezviz-cs-h6-5mp-camara-mini-pt-ip-5-megapixel-wi-fi-seguimiento-inteligente-auto-zoom-deteccion-de-humanos-y-mascotas-deteccion-de-llanto-de-bebe-grabacion-en-la-nube\/#breadcrumb","itemListElement":[{"@type":"ListItem","position":1,"name":"Inicio","item":"https:\/\/compuviper.mx\/tienda\/"},{"@type":"ListItem","position":2,"name":"Productos","item":"https:\/\/compuviper.mx\/tienda\/productos\/"},{"@type":"ListItem","position":3,"name":"Camaras","item":"https:\/\/compuviper.mx\/tienda\/categoria-producto\/camaras-2\/"},{"@type":"ListItem","position":4,"name":"Camara De Videovigilancia","item":"https:\/\/compuviper.mx\/tienda\/categoria-producto\/camaras-2\/camara-de-videovigilancia\/"},{"@type":"ListItem","position":5,"name":"Ezviz Cs-h6 5mp Camara Mini Pt Ip 5 Megapixel \/ Wi-fi \/ Seguimiento Inteligente \/ Auto Zoom \/ Deteccion De Humanos Y Mascotas \/ Deteccion De Llanto De Bebe \/ Grabacion En La Nube"}]},{"@type":"WebSite","@id":"https:\/\/compuviper.mx\/tienda\/#website","url":"https:\/\/compuviper.mx\/tienda\/","name":"Compuviper","description":"Proveedor de Computadoras, Laptops, Servidores, Monitores, Puntos de Venta, Teclados,   Impresoras, T\u00f3ner, C\u00e1maras de Seguridad y m\u00e1s en tu tienda en l\u00ednea","publisher":{"@id":"https:\/\/compuviper.mx\/tienda\/#organization"},"potentialAction":[{"@type":"SearchAction","target":{"@type":"EntryPoint","urlTemplate":"https:\/\/compuviper.mx\/tienda\/?s={search_term_string}"},"query-input":"required name=search_term_string"}],"inLanguage":"es-MX"},{"@type":"Organization","@id":"https:\/\/compuviper.mx\/tienda\/#organization","name":"Compuviper","url":"https:\/\/compuviper.mx\/tienda\/","logo":{"@type":"ImageObject","inLanguage":"es-MX","@id":"https:\/\/compuviper.mx\/tienda\/#\/schema\/logo\/image\/","url":"https:\/\/compuviper.mx\/tienda\/wp-content\/uploads\/2021\/08\/Logo-Compuviper-10.png","contentUrl":"https:\/\/compuviper.mx\/tienda\/wp-content\/uploads\/2021\/08\/Logo-Compuviper-10.png","width":1000,"height":500,"caption":"Compuviper"},"image":{"@id":"https:\/\/compuviper.mx\/tienda\/#\/schema\/logo\/image\/"},"sameAs":["https:\/\/www.facebook.com\/compuviper","https:\/\/www.youtube.com\/channel\/UCf73dERp9Y3cfOq7q8BhLjA?view_as=subscriber"]}]},"product_brand":"Ezviz","product_price_amount":"660","product_price_currency":"MXN","og_availability":"instock","product_availability":"instock","product_retailer_item_id":"CS-H6 5MP","product_condition":"new"},"_links":{"self":[{"href":"https:\/\/compuviper.mx\/tienda\/wp-json\/wp\/v2\/product\/217001"}],"collection":[{"href":"https:\/\/compuviper.mx\/tienda\/wp-json\/wp\/v2\/product"}],"about":[{"href":"https:\/\/compuviper.mx\/tienda\/wp-json\/wp\/v2\/types\/product"}],"replies":[{"embeddable":true,"href":"https:\/\/compuviper.mx\/tienda\/wp-json\/wp\/v2\/comments?post=217001"}],"wp:featuredmedia":[{"embeddable":true,"href":"https:\/\/compuviper.mx\/tienda\/wp-json\/wp\/v2\/media\/242432"}],"wp:attachment":[{"href":"https:\/\/compuviper.mx\/tienda\/wp-json\/wp\/v2\/media?parent=217001"}],"wp:term":[{"taxonomy":"product_cat","embeddable":true,"href":"https:\/\/compuviper.mx\/tienda\/wp-json\/wp\/v2\/product_cat?post=217001"},{"taxonomy":"product_tag","embeddable":true,"href":"https:\/\/compuviper.mx\/tienda\/wp-json\/wp\/v2\/product_tag?post=217001"}],"curies":[{"name":"wp","href":"https:\/\/api.w.org\/{rel}","templated":true}]}}