{"id":216998,"date":"2026-04-23T00:11:54","date_gmt":"2026-04-23T06:11:54","guid":{"rendered":"https:\/\/compuviper.mx\/tienda\/producto\/hikvision-ds-2ae4215ti-de-camara-domo-ptz-turbohd-2-megapixel-1080p-15x-zoom-100-mts-ir-exir-exterior-ip66-wdr-120-db-rs-485-ultra-baja-iluminacin\/"},"modified":"2026-04-23T00:11:54","modified_gmt":"2026-04-23T06:11:54","slug":"hikvision-ds-2ae4215ti-de-camara-domo-ptz-turbohd-2-megapixel-1080p-15x-zoom-100-mts-ir-exir-exterior-ip66-wdr-120-db-rs-485-ultra-baja-iluminacin","status":"publish","type":"product","link":"https:\/\/compuviper.mx\/tienda\/producto\/hikvision-ds-2ae4215ti-de-camara-domo-ptz-turbohd-2-megapixel-1080p-15x-zoom-100-mts-ir-exir-exterior-ip66-wdr-120-db-rs-485-ultra-baja-iluminacin\/","title":{"rendered":"Hikvision Ds-2ae4215ti-d(e) Camara Domo Ptz   Turbohd 2 Megapixel (1080p) \/ 15x Zoom \/ 100 Mts Ir Exir \/ Exterior Ip66 \/ Wdr 120 Db \/ Rs-485 \/ Ultra Baja Iluminaci?n"},"content":{"rendered":"<table class=\"descripcion\">\n<tr>\n<td>Caracter\u00edsticas principales:<\/td>\n<\/tr>\n<tr>\n<td>    resoluci\u00f3n m\u00e1xima: 2 megapixel (1920 x 1080).<\/td>\n<\/tr>\n<tr>\n<td>    iluminaci\u00f3n m\u00ednima: color 0.005 lux (f1.6, agc on).<\/td>\n<\/tr>\n<tr>\n<td>    iluminaci\u00f3n m\u00ednima: b\/n 0.001 lux (f1.6, agc on).<\/td>\n<\/tr>\n<tr>\n<td>    funciones: wdr 120db \/ 3d-dnr \/ blc \/ hlc \/ eis.<\/td>\n<\/tr>\n<tr>\n<td>    distancia focal: 5 a 75 mm (15x zoom \u00f2ptico \/ 16x zoom digital).<\/td>\n<\/tr>\n<tr>\n<td>    distancia de infrarrojos: 100 mts ir ( visi\u00f3n nocturna).<\/td>\n<\/tr>\n<tr>\n<td>    soporta puertos rs-485 (anal\u00f3gica) y coaxitron ( turbohd).<\/td>\n<\/tr>\n<tr>\n<td>Caracter\u00edsticas f\u00edsicas y el\u00e9ctricas:<\/td>\n<\/tr>\n<tr>\n<td>    alimentaci\u00f3n: 12 vcc \/ 20 watts (fuente incluida).<\/td>\n<\/tr>\n<tr>\n<td>    temperatura de operaci\u00f3n: -30\u00ba a 65\u00ba c.<\/td>\n<\/tr>\n<tr>\n<td>    protecci\u00f3n: interior &#8211; exterior (ip66).<\/td>\n<\/tr>\n<tr>\n<td>    dimensiones: 164.5 x 295 mm.<\/td>\n<\/tr>\n<tr>\n<td>    peso: 2 kgs.<\/td>\n<\/tr>\n<tr>\n<td>    garant\u00eda: 2 a\u00f1os<\/td>\n<\/tr>\n<tr>\n<td>    el ptz incluye brazo de pared (ds-1618zj) y fuente de poder.<\/td>\n<\/tr>\n<tr>\n<td>    para cuestiones de inducci\u00f3n se recomienda colocar el cople ds-1601zj-cp para aislar el ptz del brazo de pared y prevenir fallas.<\/td>\n<\/tr>\n<\/table>\n","protected":false},"excerpt":{"rendered":"<p>Caracter\u00edsticas generales.     Paneo: 360\u00ba.     Tildeo: -15\u00ba a 90\u00ba.     Preset: 256.     Patrol: 10 (32 preset cada uno.     Pattern: 5 (10 minutos de grabaci\u00f3n m\u00e1ximo).     Soporta tareas calendarizadas.     Protocolos: hikvision \/ pelco-p \/ pelco-d.     Unicamente soporta tecnolog\u00eda tvi.<\/p>\n","protected":false},"featured_media":242429,"comment_status":"open","ping_status":"open","template":"","meta":[],"product_cat":[1681,1608],"product_tag":[1595],"acf":[],"yoast_head":"<!-- This site is optimized with the Yoast SEO plugin v21.7 - https:\/\/yoast.com\/wordpress\/plugins\/seo\/ -->\n<title>[ Hikvision ] &#129351; Ds-2ae4215ti-d(e) Camara Domo Ptz Turbohd 2 Megapixel (1080p) \/ 15x Zoom \/ 100 Mts Ir Exir \/ Exterior Ip66 \/ Wdr 120 Db \/ Rs-485 \/ Ultra Baja Iluminaci\u00f3n<\/title>\n<meta name=\"description\" content=\"Compra Ds-2ae4215ti-d(e) Camara Domo Ptz Turbohd 2 Megapixel (1080p) \/ 15x Zoom \/ 100 Mts Ir Exir \/ Exterior Ip66 \/ Wdr 120 Db \/ Rs-485 \/ Ultra Baja Iluminaci\u00f3n + Env\u00edo a domicilio + Pago seguro + Garant\u00eda\" \/>\n<meta name=\"robots\" content=\"index, follow, max-snippet:-1, max-image-preview:large, max-video-preview:-1\" \/>\n<link rel=\"canonical\" href=\"https:\/\/compuviper.mx\/tienda\/producto\/hikvision-ds-2ae4215ti-de-camara-domo-ptz-turbohd-2-megapixel-1080p-15x-zoom-100-mts-ir-exir-exterior-ip66-wdr-120-db-rs-485-ultra-baja-iluminacin\/\" \/>\n<meta property=\"og:locale\" content=\"es_MX\" \/>\n<meta property=\"og:type\" content=\"article\" \/>\n<meta property=\"og:title\" content=\"[ Hikvision ] &#129351; Ds-2ae4215ti-d(e) Camara Domo Ptz Turbohd 2 Megapixel (1080p) \/ 15x Zoom \/ 100 Mts Ir Exir \/ Exterior Ip66 \/ Wdr 120 Db \/ Rs-485 \/ Ultra Baja Iluminaci\u00f3n\" \/>\n<meta property=\"og:description\" content=\"Compra Ds-2ae4215ti-d(e) Camara Domo Ptz Turbohd 2 Megapixel (1080p) \/ 15x Zoom \/ 100 Mts Ir Exir \/ Exterior Ip66 \/ Wdr 120 Db \/ Rs-485 \/ Ultra Baja Iluminaci\u00f3n + Env\u00edo a domicilio + Pago seguro + Garant\u00eda\" \/>\n<meta property=\"og:url\" content=\"https:\/\/compuviper.mx\/tienda\/producto\/hikvision-ds-2ae4215ti-de-camara-domo-ptz-turbohd-2-megapixel-1080p-15x-zoom-100-mts-ir-exir-exterior-ip66-wdr-120-db-rs-485-ultra-baja-iluminacin\/\" \/>\n<meta property=\"og:site_name\" content=\"Compuviper\" \/>\n<meta property=\"article:publisher\" content=\"https:\/\/www.facebook.com\/compuviper\" \/>\n<meta property=\"og:image\" content=\"https:\/\/compuviper.mx\/tienda\/wp-content\/uploads\/2024\/09\/Camara-domo-ptz-hikvision-ds-2ae4215ti-de-turbohd-2-megapixel-1080p-15x-zoom-100-mts-ir-exir-exterior-ip66-wdr-120-db-rs-485-ultra-baja-iluminacion.jpg\" \/>\n\t<meta property=\"og:image:width\" content=\"200\" \/>\n\t<meta property=\"og:image:height\" content=\"200\" \/>\n\t<meta property=\"og:image:type\" content=\"image\/jpeg\" \/>\n<meta name=\"twitter:card\" content=\"summary_large_image\" \/>\n<meta name=\"twitter:label1\" content=\"Precio\" \/>\n\t<meta name=\"twitter:data1\" content=\"&#36;3,896 con IVA\" \/>\n\t<meta name=\"twitter:label2\" content=\"Availability\" \/>\n\t<meta name=\"twitter:data2\" content=\"On backorder\" \/>\n<script type=\"application\/ld+json\" class=\"yoast-schema-graph\">{\"@context\":\"https:\/\/schema.org\",\"@graph\":[{\"@type\":\"WebPage\",\"@id\":\"https:\/\/compuviper.mx\/tienda\/producto\/hikvision-ds-2ae4215ti-de-camara-domo-ptz-turbohd-2-megapixel-1080p-15x-zoom-100-mts-ir-exir-exterior-ip66-wdr-120-db-rs-485-ultra-baja-iluminacin\/\",\"url\":\"https:\/\/compuviper.mx\/tienda\/producto\/hikvision-ds-2ae4215ti-de-camara-domo-ptz-turbohd-2-megapixel-1080p-15x-zoom-100-mts-ir-exir-exterior-ip66-wdr-120-db-rs-485-ultra-baja-iluminacin\/\",\"name\":\"[ Hikvision ] &#129351; Ds-2ae4215ti-d(e) Camara Domo Ptz Turbohd 2 Megapixel (1080p) \/ 15x Zoom \/ 100 Mts Ir Exir \/ Exterior Ip66 \/ Wdr 120 Db \/ Rs-485 \/ Ultra Baja Iluminaci\u00f3n\",\"isPartOf\":{\"@id\":\"https:\/\/compuviper.mx\/tienda\/#website\"},\"datePublished\":\"2026-04-23T06:11:54+00:00\",\"dateModified\":\"2026-04-23T06:11:54+00:00\",\"description\":\"Compra Ds-2ae4215ti-d(e) Camara Domo Ptz Turbohd 2 Megapixel (1080p) \/ 15x Zoom \/ 100 Mts Ir Exir \/ Exterior Ip66 \/ Wdr 120 Db \/ Rs-485 \/ Ultra Baja Iluminaci\u00f3n + Env\u00edo a domicilio + Pago seguro + Garant\u00eda\",\"breadcrumb\":{\"@id\":\"https:\/\/compuviper.mx\/tienda\/producto\/hikvision-ds-2ae4215ti-de-camara-domo-ptz-turbohd-2-megapixel-1080p-15x-zoom-100-mts-ir-exir-exterior-ip66-wdr-120-db-rs-485-ultra-baja-iluminacin\/#breadcrumb\"},\"inLanguage\":\"es-MX\",\"potentialAction\":[{\"@type\":\"ReadAction\",\"target\":[\"https:\/\/compuviper.mx\/tienda\/producto\/hikvision-ds-2ae4215ti-de-camara-domo-ptz-turbohd-2-megapixel-1080p-15x-zoom-100-mts-ir-exir-exterior-ip66-wdr-120-db-rs-485-ultra-baja-iluminacin\/\"]}]},{\"@type\":\"BreadcrumbList\",\"@id\":\"https:\/\/compuviper.mx\/tienda\/producto\/hikvision-ds-2ae4215ti-de-camara-domo-ptz-turbohd-2-megapixel-1080p-15x-zoom-100-mts-ir-exir-exterior-ip66-wdr-120-db-rs-485-ultra-baja-iluminacin\/#breadcrumb\",\"itemListElement\":[{\"@type\":\"ListItem\",\"position\":1,\"name\":\"Inicio\",\"item\":\"https:\/\/compuviper.mx\/tienda\/\"},{\"@type\":\"ListItem\",\"position\":2,\"name\":\"Productos\",\"item\":\"https:\/\/compuviper.mx\/tienda\/productos\/\"},{\"@type\":\"ListItem\",\"position\":3,\"name\":\"Camaras\",\"item\":\"https:\/\/compuviper.mx\/tienda\/categoria-producto\/camaras-2\/\"},{\"@type\":\"ListItem\",\"position\":4,\"name\":\"Camara De Videovigilancia\",\"item\":\"https:\/\/compuviper.mx\/tienda\/categoria-producto\/camaras-2\/camara-de-videovigilancia\/\"},{\"@type\":\"ListItem\",\"position\":5,\"name\":\"Hikvision Ds-2ae4215ti-d(e) Camara Domo Ptz Turbohd 2 Megapixel (1080p) \/ 15x Zoom \/ 100 Mts Ir Exir \/ Exterior Ip66 \/ Wdr 120 Db \/ Rs-485 \/ Ultra Baja Iluminaci?n\"}]},{\"@type\":\"WebSite\",\"@id\":\"https:\/\/compuviper.mx\/tienda\/#website\",\"url\":\"https:\/\/compuviper.mx\/tienda\/\",\"name\":\"Compuviper\",\"description\":\"Proveedor de Computadoras, Laptops, Servidores, Monitores, Puntos de Venta, Teclados,   Impresoras, T\u00f3ner, C\u00e1maras de Seguridad y m\u00e1s en tu tienda en l\u00ednea\",\"publisher\":{\"@id\":\"https:\/\/compuviper.mx\/tienda\/#organization\"},\"potentialAction\":[{\"@type\":\"SearchAction\",\"target\":{\"@type\":\"EntryPoint\",\"urlTemplate\":\"https:\/\/compuviper.mx\/tienda\/?s={search_term_string}\"},\"query-input\":\"required name=search_term_string\"}],\"inLanguage\":\"es-MX\"},{\"@type\":\"Organization\",\"@id\":\"https:\/\/compuviper.mx\/tienda\/#organization\",\"name\":\"Compuviper\",\"url\":\"https:\/\/compuviper.mx\/tienda\/\",\"logo\":{\"@type\":\"ImageObject\",\"inLanguage\":\"es-MX\",\"@id\":\"https:\/\/compuviper.mx\/tienda\/#\/schema\/logo\/image\/\",\"url\":\"https:\/\/compuviper.mx\/tienda\/wp-content\/uploads\/2021\/08\/Logo-Compuviper-10.png\",\"contentUrl\":\"https:\/\/compuviper.mx\/tienda\/wp-content\/uploads\/2021\/08\/Logo-Compuviper-10.png\",\"width\":1000,\"height\":500,\"caption\":\"Compuviper\"},\"image\":{\"@id\":\"https:\/\/compuviper.mx\/tienda\/#\/schema\/logo\/image\/\"},\"sameAs\":[\"https:\/\/www.facebook.com\/compuviper\",\"https:\/\/www.youtube.com\/channel\/UCf73dERp9Y3cfOq7q8BhLjA?view_as=subscriber\"]}]}<\/script>\n<meta property=\"product:brand\" content=\"HIKVISION\" \/>\n<meta property=\"product:price:amount\" content=\"3896\" \/>\n<meta property=\"product:price:currency\" content=\"MXN\" \/>\n<meta property=\"og:availability\" content=\"backorder\" \/>\n<meta property=\"product:availability\" content=\"available for order\" \/>\n<meta property=\"product:retailer_item_id\" content=\"DS-2AE4215TI-D(E)\" \/>\n<meta property=\"product:condition\" content=\"new\" \/>\n<!-- \/ Yoast SEO plugin. -->","yoast_head_json":{"title":"[ Hikvision ] &#129351; Ds-2ae4215ti-d(e) Camara Domo Ptz Turbohd 2 Megapixel (1080p) \/ 15x Zoom \/ 100 Mts Ir Exir \/ Exterior Ip66 \/ Wdr 120 Db \/ Rs-485 \/ Ultra Baja Iluminaci\u00f3n","description":"Compra Ds-2ae4215ti-d(e) Camara Domo Ptz Turbohd 2 Megapixel (1080p) \/ 15x Zoom \/ 100 Mts Ir Exir \/ Exterior Ip66 \/ Wdr 120 Db \/ Rs-485 \/ Ultra Baja Iluminaci\u00f3n + Env\u00edo a domicilio + Pago seguro + Garant\u00eda","robots":{"index":"index","follow":"follow","max-snippet":"max-snippet:-1","max-image-preview":"max-image-preview:large","max-video-preview":"max-video-preview:-1"},"canonical":"https:\/\/compuviper.mx\/tienda\/producto\/hikvision-ds-2ae4215ti-de-camara-domo-ptz-turbohd-2-megapixel-1080p-15x-zoom-100-mts-ir-exir-exterior-ip66-wdr-120-db-rs-485-ultra-baja-iluminacin\/","og_locale":"es_MX","og_type":"article","og_title":"[ Hikvision ] &#129351; Ds-2ae4215ti-d(e) Camara Domo Ptz Turbohd 2 Megapixel (1080p) \/ 15x Zoom \/ 100 Mts Ir Exir \/ Exterior Ip66 \/ Wdr 120 Db \/ Rs-485 \/ Ultra Baja Iluminaci\u00f3n","og_description":"Compra Ds-2ae4215ti-d(e) Camara Domo Ptz Turbohd 2 Megapixel (1080p) \/ 15x Zoom \/ 100 Mts Ir Exir \/ Exterior Ip66 \/ Wdr 120 Db \/ Rs-485 \/ Ultra Baja Iluminaci\u00f3n + Env\u00edo a domicilio + Pago seguro + Garant\u00eda","og_url":"https:\/\/compuviper.mx\/tienda\/producto\/hikvision-ds-2ae4215ti-de-camara-domo-ptz-turbohd-2-megapixel-1080p-15x-zoom-100-mts-ir-exir-exterior-ip66-wdr-120-db-rs-485-ultra-baja-iluminacin\/","og_site_name":"Compuviper","article_publisher":"https:\/\/www.facebook.com\/compuviper","og_image":[{"width":200,"height":200,"url":"https:\/\/compuviper.mx\/tienda\/wp-content\/uploads\/2024\/09\/Camara-domo-ptz-hikvision-ds-2ae4215ti-de-turbohd-2-megapixel-1080p-15x-zoom-100-mts-ir-exir-exterior-ip66-wdr-120-db-rs-485-ultra-baja-iluminacion.jpg","type":"image\/jpeg"}],"twitter_card":"summary_large_image","twitter_misc":{"Precio":"&#36;3,896 con IVA","Availability":"On backorder"},"schema":{"@context":"https:\/\/schema.org","@graph":[{"@type":"WebPage","@id":"https:\/\/compuviper.mx\/tienda\/producto\/hikvision-ds-2ae4215ti-de-camara-domo-ptz-turbohd-2-megapixel-1080p-15x-zoom-100-mts-ir-exir-exterior-ip66-wdr-120-db-rs-485-ultra-baja-iluminacin\/","url":"https:\/\/compuviper.mx\/tienda\/producto\/hikvision-ds-2ae4215ti-de-camara-domo-ptz-turbohd-2-megapixel-1080p-15x-zoom-100-mts-ir-exir-exterior-ip66-wdr-120-db-rs-485-ultra-baja-iluminacin\/","name":"[ Hikvision ] &#129351; Ds-2ae4215ti-d(e) Camara Domo Ptz Turbohd 2 Megapixel (1080p) \/ 15x Zoom \/ 100 Mts Ir Exir \/ Exterior Ip66 \/ Wdr 120 Db \/ Rs-485 \/ Ultra Baja Iluminaci\u00f3n","isPartOf":{"@id":"https:\/\/compuviper.mx\/tienda\/#website"},"datePublished":"2026-04-23T06:11:54+00:00","dateModified":"2026-04-23T06:11:54+00:00","description":"Compra Ds-2ae4215ti-d(e) Camara Domo Ptz Turbohd 2 Megapixel (1080p) \/ 15x Zoom \/ 100 Mts Ir Exir \/ Exterior Ip66 \/ Wdr 120 Db \/ Rs-485 \/ Ultra Baja Iluminaci\u00f3n + Env\u00edo a domicilio + Pago seguro + Garant\u00eda","breadcrumb":{"@id":"https:\/\/compuviper.mx\/tienda\/producto\/hikvision-ds-2ae4215ti-de-camara-domo-ptz-turbohd-2-megapixel-1080p-15x-zoom-100-mts-ir-exir-exterior-ip66-wdr-120-db-rs-485-ultra-baja-iluminacin\/#breadcrumb"},"inLanguage":"es-MX","potentialAction":[{"@type":"ReadAction","target":["https:\/\/compuviper.mx\/tienda\/producto\/hikvision-ds-2ae4215ti-de-camara-domo-ptz-turbohd-2-megapixel-1080p-15x-zoom-100-mts-ir-exir-exterior-ip66-wdr-120-db-rs-485-ultra-baja-iluminacin\/"]}]},{"@type":"BreadcrumbList","@id":"https:\/\/compuviper.mx\/tienda\/producto\/hikvision-ds-2ae4215ti-de-camara-domo-ptz-turbohd-2-megapixel-1080p-15x-zoom-100-mts-ir-exir-exterior-ip66-wdr-120-db-rs-485-ultra-baja-iluminacin\/#breadcrumb","itemListElement":[{"@type":"ListItem","position":1,"name":"Inicio","item":"https:\/\/compuviper.mx\/tienda\/"},{"@type":"ListItem","position":2,"name":"Productos","item":"https:\/\/compuviper.mx\/tienda\/productos\/"},{"@type":"ListItem","position":3,"name":"Camaras","item":"https:\/\/compuviper.mx\/tienda\/categoria-producto\/camaras-2\/"},{"@type":"ListItem","position":4,"name":"Camara De Videovigilancia","item":"https:\/\/compuviper.mx\/tienda\/categoria-producto\/camaras-2\/camara-de-videovigilancia\/"},{"@type":"ListItem","position":5,"name":"Hikvision Ds-2ae4215ti-d(e) Camara Domo Ptz Turbohd 2 Megapixel (1080p) \/ 15x Zoom \/ 100 Mts Ir Exir \/ Exterior Ip66 \/ Wdr 120 Db \/ Rs-485 \/ Ultra Baja Iluminaci?n"}]},{"@type":"WebSite","@id":"https:\/\/compuviper.mx\/tienda\/#website","url":"https:\/\/compuviper.mx\/tienda\/","name":"Compuviper","description":"Proveedor de Computadoras, Laptops, Servidores, Monitores, Puntos de Venta, Teclados,   Impresoras, T\u00f3ner, C\u00e1maras de Seguridad y m\u00e1s en tu tienda en l\u00ednea","publisher":{"@id":"https:\/\/compuviper.mx\/tienda\/#organization"},"potentialAction":[{"@type":"SearchAction","target":{"@type":"EntryPoint","urlTemplate":"https:\/\/compuviper.mx\/tienda\/?s={search_term_string}"},"query-input":"required name=search_term_string"}],"inLanguage":"es-MX"},{"@type":"Organization","@id":"https:\/\/compuviper.mx\/tienda\/#organization","name":"Compuviper","url":"https:\/\/compuviper.mx\/tienda\/","logo":{"@type":"ImageObject","inLanguage":"es-MX","@id":"https:\/\/compuviper.mx\/tienda\/#\/schema\/logo\/image\/","url":"https:\/\/compuviper.mx\/tienda\/wp-content\/uploads\/2021\/08\/Logo-Compuviper-10.png","contentUrl":"https:\/\/compuviper.mx\/tienda\/wp-content\/uploads\/2021\/08\/Logo-Compuviper-10.png","width":1000,"height":500,"caption":"Compuviper"},"image":{"@id":"https:\/\/compuviper.mx\/tienda\/#\/schema\/logo\/image\/"},"sameAs":["https:\/\/www.facebook.com\/compuviper","https:\/\/www.youtube.com\/channel\/UCf73dERp9Y3cfOq7q8BhLjA?view_as=subscriber"]}]},"product_brand":"HIKVISION","product_price_amount":"3896","product_price_currency":"MXN","og_availability":"backorder","product_availability":"available for order","product_retailer_item_id":"DS-2AE4215TI-D(E)","product_condition":"new"},"_links":{"self":[{"href":"https:\/\/compuviper.mx\/tienda\/wp-json\/wp\/v2\/product\/216998"}],"collection":[{"href":"https:\/\/compuviper.mx\/tienda\/wp-json\/wp\/v2\/product"}],"about":[{"href":"https:\/\/compuviper.mx\/tienda\/wp-json\/wp\/v2\/types\/product"}],"replies":[{"embeddable":true,"href":"https:\/\/compuviper.mx\/tienda\/wp-json\/wp\/v2\/comments?post=216998"}],"wp:featuredmedia":[{"embeddable":true,"href":"https:\/\/compuviper.mx\/tienda\/wp-json\/wp\/v2\/media\/242429"}],"wp:attachment":[{"href":"https:\/\/compuviper.mx\/tienda\/wp-json\/wp\/v2\/media?parent=216998"}],"wp:term":[{"taxonomy":"product_cat","embeddable":true,"href":"https:\/\/compuviper.mx\/tienda\/wp-json\/wp\/v2\/product_cat?post=216998"},{"taxonomy":"product_tag","embeddable":true,"href":"https:\/\/compuviper.mx\/tienda\/wp-json\/wp\/v2\/product_tag?post=216998"}],"curies":[{"name":"wp","href":"https:\/\/api.w.org\/{rel}","templated":true}]}}