{"id":216997,"date":"2026-04-23T00:11:54","date_gmt":"2026-04-23T06:11:54","guid":{"rendered":"https:\/\/compuviper.mx\/tienda\/producto\/hikvision-ds-2cd2143g2-i-camara-domo-ip-4-megapixel-lente-2-8-mm-30-mts-ir-exir-exterior-ip67-k10-wdr-120-db-poe-videoanaliticos-filtro-de-falsas-alarmas-onvif-microsd\/"},"modified":"2026-04-23T00:11:54","modified_gmt":"2026-04-23T06:11:54","slug":"hikvision-ds-2cd2143g2-i-camara-domo-ip-4-megapixel-lente-2-8-mm-30-mts-ir-exir-exterior-ip67-k10-wdr-120-db-poe-videoanaliticos-filtro-de-falsas-alarmas-onvif-microsd","status":"publish","type":"product","link":"https:\/\/compuviper.mx\/tienda\/producto\/hikvision-ds-2cd2143g2-i-camara-domo-ip-4-megapixel-lente-2-8-mm-30-mts-ir-exir-exterior-ip67-k10-wdr-120-db-poe-videoanaliticos-filtro-de-falsas-alarmas-onvif-microsd\/","title":{"rendered":"Hikvision Ds-2cd2143g2-i Camara Domo Ip   4 Megapixel \/ Lente 2.8 Mm \/ 30 Mts Ir Exir \/ Exterior Ip67 \/ K10 \/ Wdr 120 Db \/ Poe \/ Videoanaliticos (filtro De Falsas Alarmas) \/ Onvif \/ Microsd"},"content":{"rendered":"<table class=\"descripcion\">\n<tr>\n<td>Caracter\u00edsticas principales:<\/td>\n<\/tr>\n<tr>\n<td>    resoluci\u00f3n m\u00e1xima: 4 megapixel (2688 x 1520).<\/td>\n<\/tr>\n<tr>\n<td>    iluminaci\u00f3n m\u00ednima: color  0.005 lux @ (f1.6, agc on).<\/td>\n<\/tr>\n<tr>\n<td>    d\u00eda \/ noche real (filtro icr).<\/td>\n<\/tr>\n<tr>\n<td>    distancia focal: 2.8 mm (angulo de apertura 103\u00ba).<\/td>\n<\/tr>\n<tr>\n<td>    distancia de infrarrojo: 30 mts smart ir.<\/td>\n<\/tr>\n<tr>\n<td>    funciones normales: wdr 120db \/ roi \/ 3d dnr \/ blc \/ hlc.<\/td>\n<\/tr>\n<tr>\n<td>     and #8203;funciones avanzadas: detecci\u00f3n de rostros \/ intrusi\u00f3n de \u00e1rea \/ cruce de linea.<\/td>\n<\/tr>\n<tr>\n<td>    compresi\u00f3n: h.265+ \/ h.265 \/ h.264+ \/ h.264.<\/td>\n<\/tr>\n<tr>\n<td>    compatible con la plataforma de hik-connect (https:\/\/appstore.hikvision.com\/).<\/td>\n<\/tr>\n<tr>\n<td>Caracter\u00edsticas f\u00edsicas y el\u00e9ctricas:<\/td>\n<\/tr>\n<tr>\n<td>    alimentaci\u00f3n: 12 vcc \/ poe 802.3 af \/ 6.5 w.<\/td>\n<\/tr>\n<tr>\n<td>    temperatura de operaci\u00f3n: -30\u00b0c a 60\u00b0c \/ humedad al 95% m\u00e1ximo.<\/td>\n<\/tr>\n<tr>\n<td>    uso en exterior ip67.<\/td>\n<\/tr>\n<tr>\n<td>    antivandalica ik10.<\/td>\n<\/tr>\n<tr>\n<td>    dimensiones: 110.8 \u00d7 84.7 mm.<\/td>\n<\/tr>\n<tr>\n<td>     and #8203;peso: 530 gramos.<\/td>\n<\/tr>\n<tr>\n<td>    cuenta con 3 axis<\/td>\n<\/tr>\n<tr>\n<td>     and #8203;garant\u00eda: 2 a\u00f1os.<\/td>\n<\/tr>\n<tr>\n<td>Entradas y salidas de audio \/ alarmas \/ red:<\/td>\n<\/tr>\n<tr>\n<td>    entradas de alarma: n\/a.<\/td>\n<\/tr>\n<tr>\n<td>    salidas de alarma: n\/a.<\/td>\n<\/tr>\n<tr>\n<td>    entradas de audio: n\/a.<\/td>\n<\/tr>\n<tr>\n<td>    salidas de audio: n\/a.<\/td>\n<\/tr>\n<tr>\n<td>    puerto de red: 1 (10 \/ 100 mbps \/ poe 802.3af).<\/td>\n<\/tr>\n<tr>\n<td>    almacenamiento micro sd de hasta 512 gb \/ anr (automatic network recovery).<\/td>\n<\/tr>\n<tr>\n<td>    soporta onvif (profile s, profile g) \/ isapi \/ sdk.<\/td>\n<\/tr>\n<\/table>\n","protected":false},"excerpt":{"rendered":"<p>Soporta tecnolog\u00eda acusense para evitar esas falsas alarmas ocasionadas por los movimientos de pixeles como son las ramas de arboles, movimiento de cortinas, lluvias, etc. Con la tecnolog\u00eda acusense haremos de una detecci\u00f3n efectiva ya que solo se activara el evento cuando detecte cuerpos humanos o veh\u00edculos para poder evitar las faltas alarmas.<\/p>\n","protected":false},"featured_media":242428,"comment_status":"open","ping_status":"open","template":"","meta":[],"product_cat":[1608,1681],"product_tag":[1595],"acf":[],"yoast_head":"<!-- This site is optimized with the Yoast SEO plugin v21.7 - https:\/\/yoast.com\/wordpress\/plugins\/seo\/ -->\n<title>[ Hikvision ] &#129351; Ds-2cd2143g2-i Camara Domo Ip 4 Megapixel \/ Lente 2.8 Mm \/ 30 Mts Ir Exir \/ Exterior Ip67 \/ K10 \/ Wdr 120 Db \/ Poe \/ Videoanaliticos (filtro De Falsas Alarmas) \/ Onvif \/ Microsd<\/title>\n<meta name=\"description\" content=\"Compra Ds-2cd2143g2-i Camara Domo Ip 4 Megapixel \/ Lente 2.8 Mm \/ 30 Mts Ir Exir \/ Exterior Ip67 \/ K10 \/ Wdr 120 Db \/ Poe \/ Videoanaliticos (filtro De Falsas Alarmas) \/ Onvif \/ Microsd + Env\u00edo a domicilio + Pago seguro + Garant\u00eda\" \/>\n<meta name=\"robots\" content=\"index, follow, max-snippet:-1, max-image-preview:large, max-video-preview:-1\" \/>\n<link rel=\"canonical\" href=\"https:\/\/compuviper.mx\/tienda\/producto\/hikvision-ds-2cd2143g2-i-camara-domo-ip-4-megapixel-lente-2-8-mm-30-mts-ir-exir-exterior-ip67-k10-wdr-120-db-poe-videoanaliticos-filtro-de-falsas-alarmas-onvif-microsd\/\" \/>\n<meta property=\"og:locale\" content=\"es_MX\" \/>\n<meta property=\"og:type\" content=\"article\" \/>\n<meta property=\"og:title\" content=\"[ Hikvision ] &#129351; Ds-2cd2143g2-i Camara Domo Ip 4 Megapixel \/ Lente 2.8 Mm \/ 30 Mts Ir Exir \/ Exterior Ip67 \/ K10 \/ Wdr 120 Db \/ Poe \/ Videoanaliticos (filtro De Falsas Alarmas) \/ Onvif \/ Microsd\" \/>\n<meta property=\"og:description\" content=\"Compra Ds-2cd2143g2-i Camara Domo Ip 4 Megapixel \/ Lente 2.8 Mm \/ 30 Mts Ir Exir \/ Exterior Ip67 \/ K10 \/ Wdr 120 Db \/ Poe \/ Videoanaliticos (filtro De Falsas Alarmas) \/ Onvif \/ Microsd + Env\u00edo a domicilio + Pago seguro + Garant\u00eda\" \/>\n<meta property=\"og:url\" content=\"https:\/\/compuviper.mx\/tienda\/producto\/hikvision-ds-2cd2143g2-i-camara-domo-ip-4-megapixel-lente-2-8-mm-30-mts-ir-exir-exterior-ip67-k10-wdr-120-db-poe-videoanaliticos-filtro-de-falsas-alarmas-onvif-microsd\/\" \/>\n<meta property=\"og:site_name\" content=\"Compuviper\" \/>\n<meta property=\"article:publisher\" content=\"https:\/\/www.facebook.com\/compuviper\" \/>\n<meta property=\"og:image\" content=\"https:\/\/compuviper.mx\/tienda\/wp-content\/uploads\/2024\/09\/Camara-domo-ip-hikvision-ds-2cd2143g2-i-4-megapixel-lente-2.8-mm-30-mts-ir-exir-exterior-ip67-k10-wdr-120-db-poe-videoanaliticos-filtro-de-falsas-alarmas-onvif-microsd.jpg\" \/>\n\t<meta property=\"og:image:width\" content=\"200\" \/>\n\t<meta property=\"og:image:height\" content=\"200\" \/>\n\t<meta property=\"og:image:type\" content=\"image\/jpeg\" \/>\n<meta name=\"twitter:card\" content=\"summary_large_image\" \/>\n<meta name=\"twitter:label1\" content=\"Precio\" \/>\n\t<meta name=\"twitter:data1\" content=\"&#36;2,080 con IVA\" \/>\n\t<meta name=\"twitter:label2\" content=\"Availability\" \/>\n\t<meta name=\"twitter:data2\" content=\"On backorder\" \/>\n<script type=\"application\/ld+json\" class=\"yoast-schema-graph\">{\"@context\":\"https:\/\/schema.org\",\"@graph\":[{\"@type\":\"WebPage\",\"@id\":\"https:\/\/compuviper.mx\/tienda\/producto\/hikvision-ds-2cd2143g2-i-camara-domo-ip-4-megapixel-lente-2-8-mm-30-mts-ir-exir-exterior-ip67-k10-wdr-120-db-poe-videoanaliticos-filtro-de-falsas-alarmas-onvif-microsd\/\",\"url\":\"https:\/\/compuviper.mx\/tienda\/producto\/hikvision-ds-2cd2143g2-i-camara-domo-ip-4-megapixel-lente-2-8-mm-30-mts-ir-exir-exterior-ip67-k10-wdr-120-db-poe-videoanaliticos-filtro-de-falsas-alarmas-onvif-microsd\/\",\"name\":\"[ Hikvision ] &#129351; Ds-2cd2143g2-i Camara Domo Ip 4 Megapixel \/ Lente 2.8 Mm \/ 30 Mts Ir Exir \/ Exterior Ip67 \/ K10 \/ Wdr 120 Db \/ Poe \/ Videoanaliticos (filtro De Falsas Alarmas) \/ Onvif \/ Microsd\",\"isPartOf\":{\"@id\":\"https:\/\/compuviper.mx\/tienda\/#website\"},\"datePublished\":\"2026-04-23T06:11:54+00:00\",\"dateModified\":\"2026-04-23T06:11:54+00:00\",\"description\":\"Compra Ds-2cd2143g2-i Camara Domo Ip 4 Megapixel \/ Lente 2.8 Mm \/ 30 Mts Ir Exir \/ Exterior Ip67 \/ K10 \/ Wdr 120 Db \/ Poe \/ Videoanaliticos (filtro De Falsas Alarmas) \/ Onvif \/ Microsd + Env\u00edo a domicilio + Pago seguro + Garant\u00eda\",\"breadcrumb\":{\"@id\":\"https:\/\/compuviper.mx\/tienda\/producto\/hikvision-ds-2cd2143g2-i-camara-domo-ip-4-megapixel-lente-2-8-mm-30-mts-ir-exir-exterior-ip67-k10-wdr-120-db-poe-videoanaliticos-filtro-de-falsas-alarmas-onvif-microsd\/#breadcrumb\"},\"inLanguage\":\"es-MX\",\"potentialAction\":[{\"@type\":\"ReadAction\",\"target\":[\"https:\/\/compuviper.mx\/tienda\/producto\/hikvision-ds-2cd2143g2-i-camara-domo-ip-4-megapixel-lente-2-8-mm-30-mts-ir-exir-exterior-ip67-k10-wdr-120-db-poe-videoanaliticos-filtro-de-falsas-alarmas-onvif-microsd\/\"]}]},{\"@type\":\"BreadcrumbList\",\"@id\":\"https:\/\/compuviper.mx\/tienda\/producto\/hikvision-ds-2cd2143g2-i-camara-domo-ip-4-megapixel-lente-2-8-mm-30-mts-ir-exir-exterior-ip67-k10-wdr-120-db-poe-videoanaliticos-filtro-de-falsas-alarmas-onvif-microsd\/#breadcrumb\",\"itemListElement\":[{\"@type\":\"ListItem\",\"position\":1,\"name\":\"Inicio\",\"item\":\"https:\/\/compuviper.mx\/tienda\/\"},{\"@type\":\"ListItem\",\"position\":2,\"name\":\"Productos\",\"item\":\"https:\/\/compuviper.mx\/tienda\/productos\/\"},{\"@type\":\"ListItem\",\"position\":3,\"name\":\"Camaras\",\"item\":\"https:\/\/compuviper.mx\/tienda\/categoria-producto\/camaras-2\/\"},{\"@type\":\"ListItem\",\"position\":4,\"name\":\"Camara De Videovigilancia\",\"item\":\"https:\/\/compuviper.mx\/tienda\/categoria-producto\/camaras-2\/camara-de-videovigilancia\/\"},{\"@type\":\"ListItem\",\"position\":5,\"name\":\"Hikvision Ds-2cd2143g2-i Camara Domo Ip 4 Megapixel \/ Lente 2.8 Mm \/ 30 Mts Ir Exir \/ Exterior Ip67 \/ K10 \/ Wdr 120 Db \/ Poe \/ Videoanaliticos (filtro De Falsas Alarmas) \/ Onvif \/ Microsd\"}]},{\"@type\":\"WebSite\",\"@id\":\"https:\/\/compuviper.mx\/tienda\/#website\",\"url\":\"https:\/\/compuviper.mx\/tienda\/\",\"name\":\"Compuviper\",\"description\":\"Proveedor de Computadoras, Laptops, Servidores, Monitores, Puntos de Venta, Teclados,   Impresoras, T\u00f3ner, C\u00e1maras de Seguridad y m\u00e1s en tu tienda en l\u00ednea\",\"publisher\":{\"@id\":\"https:\/\/compuviper.mx\/tienda\/#organization\"},\"potentialAction\":[{\"@type\":\"SearchAction\",\"target\":{\"@type\":\"EntryPoint\",\"urlTemplate\":\"https:\/\/compuviper.mx\/tienda\/?s={search_term_string}\"},\"query-input\":\"required name=search_term_string\"}],\"inLanguage\":\"es-MX\"},{\"@type\":\"Organization\",\"@id\":\"https:\/\/compuviper.mx\/tienda\/#organization\",\"name\":\"Compuviper\",\"url\":\"https:\/\/compuviper.mx\/tienda\/\",\"logo\":{\"@type\":\"ImageObject\",\"inLanguage\":\"es-MX\",\"@id\":\"https:\/\/compuviper.mx\/tienda\/#\/schema\/logo\/image\/\",\"url\":\"https:\/\/compuviper.mx\/tienda\/wp-content\/uploads\/2021\/08\/Logo-Compuviper-10.png\",\"contentUrl\":\"https:\/\/compuviper.mx\/tienda\/wp-content\/uploads\/2021\/08\/Logo-Compuviper-10.png\",\"width\":1000,\"height\":500,\"caption\":\"Compuviper\"},\"image\":{\"@id\":\"https:\/\/compuviper.mx\/tienda\/#\/schema\/logo\/image\/\"},\"sameAs\":[\"https:\/\/www.facebook.com\/compuviper\",\"https:\/\/www.youtube.com\/channel\/UCf73dERp9Y3cfOq7q8BhLjA?view_as=subscriber\"]}]}<\/script>\n<meta property=\"product:brand\" content=\"HIKVISION\" \/>\n<meta property=\"product:price:amount\" content=\"2080\" \/>\n<meta property=\"product:price:currency\" content=\"MXN\" \/>\n<meta property=\"og:availability\" content=\"backorder\" \/>\n<meta property=\"product:availability\" content=\"available for order\" \/>\n<meta property=\"product:retailer_item_id\" content=\"DS-2CD2143G2-I\" \/>\n<meta property=\"product:condition\" content=\"new\" \/>\n<!-- \/ Yoast SEO plugin. -->","yoast_head_json":{"title":"[ Hikvision ] &#129351; Ds-2cd2143g2-i Camara Domo Ip 4 Megapixel \/ Lente 2.8 Mm \/ 30 Mts Ir Exir \/ Exterior Ip67 \/ K10 \/ Wdr 120 Db \/ Poe \/ Videoanaliticos (filtro De Falsas Alarmas) \/ Onvif \/ Microsd","description":"Compra Ds-2cd2143g2-i Camara Domo Ip 4 Megapixel \/ Lente 2.8 Mm \/ 30 Mts Ir Exir \/ Exterior Ip67 \/ K10 \/ Wdr 120 Db \/ Poe \/ Videoanaliticos (filtro De Falsas Alarmas) \/ Onvif \/ Microsd + Env\u00edo a domicilio + Pago seguro + Garant\u00eda","robots":{"index":"index","follow":"follow","max-snippet":"max-snippet:-1","max-image-preview":"max-image-preview:large","max-video-preview":"max-video-preview:-1"},"canonical":"https:\/\/compuviper.mx\/tienda\/producto\/hikvision-ds-2cd2143g2-i-camara-domo-ip-4-megapixel-lente-2-8-mm-30-mts-ir-exir-exterior-ip67-k10-wdr-120-db-poe-videoanaliticos-filtro-de-falsas-alarmas-onvif-microsd\/","og_locale":"es_MX","og_type":"article","og_title":"[ Hikvision ] &#129351; Ds-2cd2143g2-i Camara Domo Ip 4 Megapixel \/ Lente 2.8 Mm \/ 30 Mts Ir Exir \/ Exterior Ip67 \/ K10 \/ Wdr 120 Db \/ Poe \/ Videoanaliticos (filtro De Falsas Alarmas) \/ Onvif \/ Microsd","og_description":"Compra Ds-2cd2143g2-i Camara Domo Ip 4 Megapixel \/ Lente 2.8 Mm \/ 30 Mts Ir Exir \/ Exterior Ip67 \/ K10 \/ Wdr 120 Db \/ Poe \/ Videoanaliticos (filtro De Falsas Alarmas) \/ Onvif \/ Microsd + Env\u00edo a domicilio + Pago seguro + Garant\u00eda","og_url":"https:\/\/compuviper.mx\/tienda\/producto\/hikvision-ds-2cd2143g2-i-camara-domo-ip-4-megapixel-lente-2-8-mm-30-mts-ir-exir-exterior-ip67-k10-wdr-120-db-poe-videoanaliticos-filtro-de-falsas-alarmas-onvif-microsd\/","og_site_name":"Compuviper","article_publisher":"https:\/\/www.facebook.com\/compuviper","og_image":[{"width":200,"height":200,"url":"https:\/\/compuviper.mx\/tienda\/wp-content\/uploads\/2024\/09\/Camara-domo-ip-hikvision-ds-2cd2143g2-i-4-megapixel-lente-2.8-mm-30-mts-ir-exir-exterior-ip67-k10-wdr-120-db-poe-videoanaliticos-filtro-de-falsas-alarmas-onvif-microsd.jpg","type":"image\/jpeg"}],"twitter_card":"summary_large_image","twitter_misc":{"Precio":"&#36;2,080 con IVA","Availability":"On backorder"},"schema":{"@context":"https:\/\/schema.org","@graph":[{"@type":"WebPage","@id":"https:\/\/compuviper.mx\/tienda\/producto\/hikvision-ds-2cd2143g2-i-camara-domo-ip-4-megapixel-lente-2-8-mm-30-mts-ir-exir-exterior-ip67-k10-wdr-120-db-poe-videoanaliticos-filtro-de-falsas-alarmas-onvif-microsd\/","url":"https:\/\/compuviper.mx\/tienda\/producto\/hikvision-ds-2cd2143g2-i-camara-domo-ip-4-megapixel-lente-2-8-mm-30-mts-ir-exir-exterior-ip67-k10-wdr-120-db-poe-videoanaliticos-filtro-de-falsas-alarmas-onvif-microsd\/","name":"[ Hikvision ] &#129351; Ds-2cd2143g2-i Camara Domo Ip 4 Megapixel \/ Lente 2.8 Mm \/ 30 Mts Ir Exir \/ Exterior Ip67 \/ K10 \/ Wdr 120 Db \/ Poe \/ Videoanaliticos (filtro De Falsas Alarmas) \/ Onvif \/ Microsd","isPartOf":{"@id":"https:\/\/compuviper.mx\/tienda\/#website"},"datePublished":"2026-04-23T06:11:54+00:00","dateModified":"2026-04-23T06:11:54+00:00","description":"Compra Ds-2cd2143g2-i Camara Domo Ip 4 Megapixel \/ Lente 2.8 Mm \/ 30 Mts Ir Exir \/ Exterior Ip67 \/ K10 \/ Wdr 120 Db \/ Poe \/ Videoanaliticos (filtro De Falsas Alarmas) \/ Onvif \/ Microsd + Env\u00edo a domicilio + Pago seguro + Garant\u00eda","breadcrumb":{"@id":"https:\/\/compuviper.mx\/tienda\/producto\/hikvision-ds-2cd2143g2-i-camara-domo-ip-4-megapixel-lente-2-8-mm-30-mts-ir-exir-exterior-ip67-k10-wdr-120-db-poe-videoanaliticos-filtro-de-falsas-alarmas-onvif-microsd\/#breadcrumb"},"inLanguage":"es-MX","potentialAction":[{"@type":"ReadAction","target":["https:\/\/compuviper.mx\/tienda\/producto\/hikvision-ds-2cd2143g2-i-camara-domo-ip-4-megapixel-lente-2-8-mm-30-mts-ir-exir-exterior-ip67-k10-wdr-120-db-poe-videoanaliticos-filtro-de-falsas-alarmas-onvif-microsd\/"]}]},{"@type":"BreadcrumbList","@id":"https:\/\/compuviper.mx\/tienda\/producto\/hikvision-ds-2cd2143g2-i-camara-domo-ip-4-megapixel-lente-2-8-mm-30-mts-ir-exir-exterior-ip67-k10-wdr-120-db-poe-videoanaliticos-filtro-de-falsas-alarmas-onvif-microsd\/#breadcrumb","itemListElement":[{"@type":"ListItem","position":1,"name":"Inicio","item":"https:\/\/compuviper.mx\/tienda\/"},{"@type":"ListItem","position":2,"name":"Productos","item":"https:\/\/compuviper.mx\/tienda\/productos\/"},{"@type":"ListItem","position":3,"name":"Camaras","item":"https:\/\/compuviper.mx\/tienda\/categoria-producto\/camaras-2\/"},{"@type":"ListItem","position":4,"name":"Camara De Videovigilancia","item":"https:\/\/compuviper.mx\/tienda\/categoria-producto\/camaras-2\/camara-de-videovigilancia\/"},{"@type":"ListItem","position":5,"name":"Hikvision Ds-2cd2143g2-i Camara Domo Ip 4 Megapixel \/ Lente 2.8 Mm \/ 30 Mts Ir Exir \/ Exterior Ip67 \/ K10 \/ Wdr 120 Db \/ Poe \/ Videoanaliticos (filtro De Falsas Alarmas) \/ Onvif \/ Microsd"}]},{"@type":"WebSite","@id":"https:\/\/compuviper.mx\/tienda\/#website","url":"https:\/\/compuviper.mx\/tienda\/","name":"Compuviper","description":"Proveedor de Computadoras, Laptops, Servidores, Monitores, Puntos de Venta, Teclados,   Impresoras, T\u00f3ner, C\u00e1maras de Seguridad y m\u00e1s en tu tienda en l\u00ednea","publisher":{"@id":"https:\/\/compuviper.mx\/tienda\/#organization"},"potentialAction":[{"@type":"SearchAction","target":{"@type":"EntryPoint","urlTemplate":"https:\/\/compuviper.mx\/tienda\/?s={search_term_string}"},"query-input":"required name=search_term_string"}],"inLanguage":"es-MX"},{"@type":"Organization","@id":"https:\/\/compuviper.mx\/tienda\/#organization","name":"Compuviper","url":"https:\/\/compuviper.mx\/tienda\/","logo":{"@type":"ImageObject","inLanguage":"es-MX","@id":"https:\/\/compuviper.mx\/tienda\/#\/schema\/logo\/image\/","url":"https:\/\/compuviper.mx\/tienda\/wp-content\/uploads\/2021\/08\/Logo-Compuviper-10.png","contentUrl":"https:\/\/compuviper.mx\/tienda\/wp-content\/uploads\/2021\/08\/Logo-Compuviper-10.png","width":1000,"height":500,"caption":"Compuviper"},"image":{"@id":"https:\/\/compuviper.mx\/tienda\/#\/schema\/logo\/image\/"},"sameAs":["https:\/\/www.facebook.com\/compuviper","https:\/\/www.youtube.com\/channel\/UCf73dERp9Y3cfOq7q8BhLjA?view_as=subscriber"]}]},"product_brand":"HIKVISION","product_price_amount":"2080","product_price_currency":"MXN","og_availability":"backorder","product_availability":"available for order","product_retailer_item_id":"DS-2CD2143G2-I","product_condition":"new"},"_links":{"self":[{"href":"https:\/\/compuviper.mx\/tienda\/wp-json\/wp\/v2\/product\/216997"}],"collection":[{"href":"https:\/\/compuviper.mx\/tienda\/wp-json\/wp\/v2\/product"}],"about":[{"href":"https:\/\/compuviper.mx\/tienda\/wp-json\/wp\/v2\/types\/product"}],"replies":[{"embeddable":true,"href":"https:\/\/compuviper.mx\/tienda\/wp-json\/wp\/v2\/comments?post=216997"}],"wp:featuredmedia":[{"embeddable":true,"href":"https:\/\/compuviper.mx\/tienda\/wp-json\/wp\/v2\/media\/242428"}],"wp:attachment":[{"href":"https:\/\/compuviper.mx\/tienda\/wp-json\/wp\/v2\/media?parent=216997"}],"wp:term":[{"taxonomy":"product_cat","embeddable":true,"href":"https:\/\/compuviper.mx\/tienda\/wp-json\/wp\/v2\/product_cat?post=216997"},{"taxonomy":"product_tag","embeddable":true,"href":"https:\/\/compuviper.mx\/tienda\/wp-json\/wp\/v2\/product_tag?post=216997"}],"curies":[{"name":"wp","href":"https:\/\/api.w.org\/{rel}","templated":true}]}}