{"id":216993,"date":"2026-04-23T00:11:53","date_gmt":"2026-04-23T06:11:53","guid":{"rendered":"https:\/\/compuviper.mx\/tienda\/producto\/hikvision-ds-2de7a432iw-aebt5-camara-domo-ip-ptz-4-megapixel-32x-zoom-200-mts-ir-acusense-evita-falsas-alarmas-ip66-ik10-alerta-audible-y-luz-estroboscpica-autoseguimiento-2-0-h\/"},"modified":"2026-04-23T00:11:53","modified_gmt":"2026-04-23T06:11:53","slug":"hikvision-ds-2de7a432iw-aebt5-camara-domo-ip-ptz-4-megapixel-32x-zoom-200-mts-ir-acusense-evita-falsas-alarmas-ip66-ik10-alerta-audible-y-luz-estroboscpica-autoseguimiento-2-0-h","status":"publish","type":"product","link":"https:\/\/compuviper.mx\/tienda\/producto\/hikvision-ds-2de7a432iw-aebt5-camara-domo-ip-ptz-4-megapixel-32x-zoom-200-mts-ir-acusense-evita-falsas-alarmas-ip66-ik10-alerta-audible-y-luz-estroboscpica-autoseguimiento-2-0-h\/","title":{"rendered":"Hikvision Ds-2de7a432iw-aeb(t5) Camara Domo Ip Ptz   4 Megapixel \/ 32x Zoom \/ 200 Mts Ir \/ Acusense (evita Falsas Alarmas) \/ Ip66 \/ Ik10 \/ Alerta Audible Y Luz Estrobosc?pica \/ Autoseguimiento 2.0 \/ Hi"},"content":{"rendered":"<table class=\"descripcion\">\n<tr>\n<td>Caracter\u00edsticas principales:<\/td>\n<\/tr>\n<tr>\n<td>    resoluci\u00f3n maxima: 4 megapixel (2560 \u00d7 1440).<\/td>\n<\/tr>\n<tr>\n<td>    iluminaci\u00f3n m\u00ednima: color 0.005 lux @ (f1.2, agc on).<\/td>\n<\/tr>\n<tr>\n<td>    d\u00eda \/ noche real (filtro icr).<\/td>\n<\/tr>\n<tr>\n<td>    distancia focal: 5.9 a 188.8 mm (32x zoom \u00f3ptico \/ 16x zoom digital).<\/td>\n<\/tr>\n<tr>\n<td>    distancia de infrarrojo: 200 mts smart ir.<\/td>\n<\/tr>\n<tr>\n<td>    funciones normales: hlc \/ roi \/ wdr 120 db \/ blc \/ intrusion de area \/ cruece de linea \/ defog \/ eis.<\/td>\n<\/tr>\n<tr>\n<td>     and #8203;compresi\u00f3n: h.265+ \/ h.265 \/ h.264+ \/ h.264.<\/td>\n<\/tr>\n<tr>\n<td>     and #8203;compatible con la plataforma de hik-connect (https:\/\/appstore.hikvision.com\/).<\/td>\n<\/tr>\n<tr>\n<td>    alerta audible (bocina integrada).<\/td>\n<\/tr>\n<tr>\n<td>    luz estrobosc\u00f3pica (luz blanca).<\/td>\n<\/tr>\n<tr>\n<td>Caracter\u00edsticas f\u00edsicas y el\u00e9ctricas:<\/td>\n<\/tr>\n<tr>\n<td>    alimentaci\u00f3n: 24 vca \/ hi-poe \/ 42 w.<\/td>\n<\/tr>\n<tr>\n<td>    temperatura de operaci\u00f3n: -30\u00b0c a 65\u00b0c \/ humedad al 90% m\u00e1ximo.<\/td>\n<\/tr>\n<tr>\n<td>    uso en exterior ip66.<\/td>\n<\/tr>\n<tr>\n<td>    antivand\u00e1lico ik10.<\/td>\n<\/tr>\n<tr>\n<td>    el ptz incluye brazo de pared (ds-1602zj).<\/td>\n<\/tr>\n<tr>\n<td>     and #8203;protecci\u00f3n contra sobretensiones y protecci\u00f3n contra voltajes transistorios.<\/td>\n<\/tr>\n<tr>\n<td>    dimensiones: 220 x 363.3 mm.<\/td>\n<\/tr>\n<tr>\n<td>    peso: 5 kgs.<\/td>\n<\/tr>\n<tr>\n<td>     and #8203;garant\u00eda: 2 a\u00f1os.<\/td>\n<\/tr>\n<tr>\n<td>    se recomienda usar el modelo las-6057-cnrj45 en caso de que requieran alimentar el domo por medio de poe.<\/td>\n<\/tr>\n<tr>\n<td>    no incluye fuente de alimentaci\u00f3n.<\/td>\n<\/tr>\n<tr>\n<td>Funciones generales:<\/td>\n<\/tr>\n<tr>\n<td>    paneo: 360\u00b0.<\/td>\n<\/tr>\n<tr>\n<td>    tildeo: -15\u00b0 a 90\u00ba (auto flip).<\/td>\n<\/tr>\n<tr>\n<td>    preset \/ patrol \/ pattern: 300 \/ 8 \/ 4.<\/td>\n<\/tr>\n<tr>\n<td>    reduccion de falsas alarmas (acusense).<\/td>\n<\/tr>\n<tr>\n<td>    funci\u00f3n de park action (funci\u00f3n de casa).<\/td>\n<\/tr>\n<tr>\n<td>    soporta tareas calendarizadas.<\/td>\n<\/tr>\n<tr>\n<td>    soporta hasta 20 usuarios simult\u00e1neos.<\/td>\n<\/tr>\n<tr>\n<td>    entradas de alarma: 2.<\/td>\n<\/tr>\n<tr>\n<td>    salidas de alarma: 1.<\/td>\n<\/tr>\n<tr>\n<td>    entradas de audio: 1.<\/td>\n<\/tr>\n<tr>\n<td>    salidas de audio: 1.<\/td>\n<\/tr>\n<tr>\n<td>    puerto de red: 1 (10 \/ 100 mbps \/ hi-poe).<\/td>\n<\/tr>\n<tr>\n<td>    almacenamiento micro sd de hasta 256 gb \/ anr (automatic network recovery).<\/td>\n<\/tr>\n<tr>\n<td>    soporta onvif (profile s, profile g, profile t) \/ isup.<\/td>\n<\/tr>\n<\/table>\n","protected":false},"excerpt":{"rendered":"<p>Acusense: con la tecnolog\u00eda deep learning podremos evitar las falsas alarmas ocasionadas por los movimientos de pixeles como son el movimiento de las ramas de un \u00e1rbol, movimiento de cortinas, lluvias, animales, etc.     Con la tecnolog\u00eda acusense tendremos una detecci\u00f3n efectiva ya que solo se activara el evento o grabaci\u00f3n cuando detecte cuerpos humanos o veh\u00edculos para as\u00ed poder evitar falsas alarmas.     Al momento de detectar un humano o veh\u00edculo, podemos activar de manera autom\u00e1tica la alerta audible y tambi\u00e9n encender la luz estratosc\u00f3pica.     Se recomienda usar nvr\u00b4s ni-k \/ ni-i \/ nx-i.<\/p>\n","protected":false},"featured_media":216994,"comment_status":"open","ping_status":"open","template":"","meta":[],"product_cat":[1681,1608],"product_tag":[1595],"acf":[],"yoast_head":"<!-- This site is optimized with the Yoast SEO plugin v21.7 - https:\/\/yoast.com\/wordpress\/plugins\/seo\/ -->\n<title>[ Hikvision ] &#129351; Ds-2de7a432iw-aeb(t5) Camara Domo Ip Ptz 4 Megapixel \/ 32x Zoom \/ 200 Mts Ir \/ Acusense (evita Falsas Alarmas) \/ Ip66 \/ Ik10 \/ Alerta Audible Y Luz Estrobosc\u00f3pica \/ Autoseguimiento 2.0 \/ Hi<\/title>\n<meta name=\"description\" content=\"Compra Ds-2de7a432iw-aeb(t5) Camara Domo Ip Ptz 4 Megapixel \/ 32x Zoom \/ 200 Mts Ir \/ Acusense (evita Falsas Alarmas) \/ Ip66 \/ Ik10 \/ Alerta Audible Y Luz Estrobosc\u00f3pica \/ Autoseguimiento 2.0 \/ Hi + Env\u00edo a domicilio + Pago seguro + Garant\u00eda\" \/>\n<meta name=\"robots\" content=\"index, follow, max-snippet:-1, max-image-preview:large, max-video-preview:-1\" \/>\n<link rel=\"canonical\" href=\"https:\/\/compuviper.mx\/tienda\/producto\/hikvision-ds-2de7a432iw-aebt5-camara-domo-ip-ptz-4-megapixel-32x-zoom-200-mts-ir-acusense-evita-falsas-alarmas-ip66-ik10-alerta-audible-y-luz-estroboscpica-autoseguimiento-2-0-h\/\" \/>\n<meta property=\"og:locale\" content=\"es_MX\" \/>\n<meta property=\"og:type\" content=\"article\" \/>\n<meta property=\"og:title\" content=\"[ Hikvision ] &#129351; Ds-2de7a432iw-aeb(t5) Camara Domo Ip Ptz 4 Megapixel \/ 32x Zoom \/ 200 Mts Ir \/ Acusense (evita Falsas Alarmas) \/ Ip66 \/ Ik10 \/ Alerta Audible Y Luz Estrobosc\u00f3pica \/ Autoseguimiento 2.0 \/ Hi\" \/>\n<meta property=\"og:description\" content=\"Compra Ds-2de7a432iw-aeb(t5) Camara Domo Ip Ptz 4 Megapixel \/ 32x Zoom \/ 200 Mts Ir \/ Acusense (evita Falsas Alarmas) \/ Ip66 \/ Ik10 \/ Alerta Audible Y Luz Estrobosc\u00f3pica \/ Autoseguimiento 2.0 \/ Hi + Env\u00edo a domicilio + Pago seguro + Garant\u00eda\" \/>\n<meta property=\"og:url\" content=\"https:\/\/compuviper.mx\/tienda\/producto\/hikvision-ds-2de7a432iw-aebt5-camara-domo-ip-ptz-4-megapixel-32x-zoom-200-mts-ir-acusense-evita-falsas-alarmas-ip66-ik10-alerta-audible-y-luz-estroboscpica-autoseguimiento-2-0-h\/\" \/>\n<meta property=\"og:site_name\" content=\"Compuviper\" \/>\n<meta property=\"article:publisher\" content=\"https:\/\/www.facebook.com\/compuviper\" \/>\n<meta property=\"og:image\" content=\"https:\/\/compuviper.mx\/tienda\/wp-content\/uploads\/2023\/12\/Camara-domo-ip-ptz-hikvision-ds-2de7a432iw-aebt5-4-megapixel-32x-zoom-200-mts-ir-acusense-evita-falsas-alarmas-ip66-ik10-alerta-audible-y-luz-estroboscopica-autoseguimiento-2.0-hi.jpg\" \/>\n\t<meta property=\"og:image:width\" content=\"200\" \/>\n\t<meta property=\"og:image:height\" content=\"200\" \/>\n\t<meta property=\"og:image:type\" content=\"image\/jpeg\" \/>\n<meta name=\"twitter:card\" content=\"summary_large_image\" \/>\n<meta name=\"twitter:label1\" content=\"Precio\" \/>\n\t<meta name=\"twitter:data1\" content=\"&#36;12,353 con IVA\" \/>\n\t<meta name=\"twitter:label2\" content=\"Availability\" \/>\n\t<meta name=\"twitter:data2\" content=\"Out of stock\" \/>\n<script type=\"application\/ld+json\" class=\"yoast-schema-graph\">{\"@context\":\"https:\/\/schema.org\",\"@graph\":[{\"@type\":\"WebPage\",\"@id\":\"https:\/\/compuviper.mx\/tienda\/producto\/hikvision-ds-2de7a432iw-aebt5-camara-domo-ip-ptz-4-megapixel-32x-zoom-200-mts-ir-acusense-evita-falsas-alarmas-ip66-ik10-alerta-audible-y-luz-estroboscpica-autoseguimiento-2-0-h\/\",\"url\":\"https:\/\/compuviper.mx\/tienda\/producto\/hikvision-ds-2de7a432iw-aebt5-camara-domo-ip-ptz-4-megapixel-32x-zoom-200-mts-ir-acusense-evita-falsas-alarmas-ip66-ik10-alerta-audible-y-luz-estroboscpica-autoseguimiento-2-0-h\/\",\"name\":\"[ Hikvision ] &#129351; Ds-2de7a432iw-aeb(t5) Camara Domo Ip Ptz 4 Megapixel \/ 32x Zoom \/ 200 Mts Ir \/ Acusense (evita Falsas Alarmas) \/ Ip66 \/ Ik10 \/ Alerta Audible Y Luz Estrobosc\u00f3pica \/ Autoseguimiento 2.0 \/ Hi\",\"isPartOf\":{\"@id\":\"https:\/\/compuviper.mx\/tienda\/#website\"},\"datePublished\":\"2026-04-23T06:11:53+00:00\",\"dateModified\":\"2026-04-23T06:11:53+00:00\",\"description\":\"Compra Ds-2de7a432iw-aeb(t5) Camara Domo Ip Ptz 4 Megapixel \/ 32x Zoom \/ 200 Mts Ir \/ Acusense (evita Falsas Alarmas) \/ Ip66 \/ Ik10 \/ Alerta Audible Y Luz Estrobosc\u00f3pica \/ Autoseguimiento 2.0 \/ Hi + Env\u00edo a domicilio + Pago seguro + Garant\u00eda\",\"breadcrumb\":{\"@id\":\"https:\/\/compuviper.mx\/tienda\/producto\/hikvision-ds-2de7a432iw-aebt5-camara-domo-ip-ptz-4-megapixel-32x-zoom-200-mts-ir-acusense-evita-falsas-alarmas-ip66-ik10-alerta-audible-y-luz-estroboscpica-autoseguimiento-2-0-h\/#breadcrumb\"},\"inLanguage\":\"es-MX\",\"potentialAction\":[{\"@type\":\"ReadAction\",\"target\":[\"https:\/\/compuviper.mx\/tienda\/producto\/hikvision-ds-2de7a432iw-aebt5-camara-domo-ip-ptz-4-megapixel-32x-zoom-200-mts-ir-acusense-evita-falsas-alarmas-ip66-ik10-alerta-audible-y-luz-estroboscpica-autoseguimiento-2-0-h\/\"]}]},{\"@type\":\"BreadcrumbList\",\"@id\":\"https:\/\/compuviper.mx\/tienda\/producto\/hikvision-ds-2de7a432iw-aebt5-camara-domo-ip-ptz-4-megapixel-32x-zoom-200-mts-ir-acusense-evita-falsas-alarmas-ip66-ik10-alerta-audible-y-luz-estroboscpica-autoseguimiento-2-0-h\/#breadcrumb\",\"itemListElement\":[{\"@type\":\"ListItem\",\"position\":1,\"name\":\"Inicio\",\"item\":\"https:\/\/compuviper.mx\/tienda\/\"},{\"@type\":\"ListItem\",\"position\":2,\"name\":\"Productos\",\"item\":\"https:\/\/compuviper.mx\/tienda\/productos\/\"},{\"@type\":\"ListItem\",\"position\":3,\"name\":\"Camaras\",\"item\":\"https:\/\/compuviper.mx\/tienda\/categoria-producto\/camaras-2\/\"},{\"@type\":\"ListItem\",\"position\":4,\"name\":\"Camara De Videovigilancia\",\"item\":\"https:\/\/compuviper.mx\/tienda\/categoria-producto\/camaras-2\/camara-de-videovigilancia\/\"},{\"@type\":\"ListItem\",\"position\":5,\"name\":\"Hikvision Ds-2de7a432iw-aeb(t5) Camara Domo Ip Ptz 4 Megapixel \/ 32x Zoom \/ 200 Mts Ir \/ Acusense (evita Falsas Alarmas) \/ Ip66 \/ Ik10 \/ Alerta Audible Y Luz Estrobosc?pica \/ Autoseguimiento 2.0 \/ Hi\"}]},{\"@type\":\"WebSite\",\"@id\":\"https:\/\/compuviper.mx\/tienda\/#website\",\"url\":\"https:\/\/compuviper.mx\/tienda\/\",\"name\":\"Compuviper\",\"description\":\"Proveedor de Computadoras, Laptops, Servidores, Monitores, Puntos de Venta, Teclados,   Impresoras, T\u00f3ner, C\u00e1maras de Seguridad y m\u00e1s en tu tienda en l\u00ednea\",\"publisher\":{\"@id\":\"https:\/\/compuviper.mx\/tienda\/#organization\"},\"potentialAction\":[{\"@type\":\"SearchAction\",\"target\":{\"@type\":\"EntryPoint\",\"urlTemplate\":\"https:\/\/compuviper.mx\/tienda\/?s={search_term_string}\"},\"query-input\":\"required name=search_term_string\"}],\"inLanguage\":\"es-MX\"},{\"@type\":\"Organization\",\"@id\":\"https:\/\/compuviper.mx\/tienda\/#organization\",\"name\":\"Compuviper\",\"url\":\"https:\/\/compuviper.mx\/tienda\/\",\"logo\":{\"@type\":\"ImageObject\",\"inLanguage\":\"es-MX\",\"@id\":\"https:\/\/compuviper.mx\/tienda\/#\/schema\/logo\/image\/\",\"url\":\"https:\/\/compuviper.mx\/tienda\/wp-content\/uploads\/2021\/08\/Logo-Compuviper-10.png\",\"contentUrl\":\"https:\/\/compuviper.mx\/tienda\/wp-content\/uploads\/2021\/08\/Logo-Compuviper-10.png\",\"width\":1000,\"height\":500,\"caption\":\"Compuviper\"},\"image\":{\"@id\":\"https:\/\/compuviper.mx\/tienda\/#\/schema\/logo\/image\/\"},\"sameAs\":[\"https:\/\/www.facebook.com\/compuviper\",\"https:\/\/www.youtube.com\/channel\/UCf73dERp9Y3cfOq7q8BhLjA?view_as=subscriber\"]}]}<\/script>\n<meta property=\"product:brand\" content=\"HIKVISION\" \/>\n<meta property=\"product:price:amount\" content=\"12353\" \/>\n<meta property=\"product:price:currency\" content=\"MXN\" \/>\n<meta property=\"og:availability\" content=\"out of stock\" \/>\n<meta property=\"product:availability\" content=\"out of stock\" \/>\n<meta property=\"product:retailer_item_id\" content=\"DS-2DE7A432IW-AEB(T5)\" \/>\n<meta property=\"product:condition\" content=\"new\" \/>\n<!-- \/ Yoast SEO plugin. -->","yoast_head_json":{"title":"[ Hikvision ] &#129351; Ds-2de7a432iw-aeb(t5) Camara Domo Ip Ptz 4 Megapixel \/ 32x Zoom \/ 200 Mts Ir \/ Acusense (evita Falsas Alarmas) \/ Ip66 \/ Ik10 \/ Alerta Audible Y Luz Estrobosc\u00f3pica \/ Autoseguimiento 2.0 \/ Hi","description":"Compra Ds-2de7a432iw-aeb(t5) Camara Domo Ip Ptz 4 Megapixel \/ 32x Zoom \/ 200 Mts Ir \/ Acusense (evita Falsas Alarmas) \/ Ip66 \/ Ik10 \/ Alerta Audible Y Luz Estrobosc\u00f3pica \/ Autoseguimiento 2.0 \/ Hi + Env\u00edo a domicilio + Pago seguro + Garant\u00eda","robots":{"index":"index","follow":"follow","max-snippet":"max-snippet:-1","max-image-preview":"max-image-preview:large","max-video-preview":"max-video-preview:-1"},"canonical":"https:\/\/compuviper.mx\/tienda\/producto\/hikvision-ds-2de7a432iw-aebt5-camara-domo-ip-ptz-4-megapixel-32x-zoom-200-mts-ir-acusense-evita-falsas-alarmas-ip66-ik10-alerta-audible-y-luz-estroboscpica-autoseguimiento-2-0-h\/","og_locale":"es_MX","og_type":"article","og_title":"[ Hikvision ] &#129351; Ds-2de7a432iw-aeb(t5) Camara Domo Ip Ptz 4 Megapixel \/ 32x Zoom \/ 200 Mts Ir \/ Acusense (evita Falsas Alarmas) \/ Ip66 \/ Ik10 \/ Alerta Audible Y Luz Estrobosc\u00f3pica \/ Autoseguimiento 2.0 \/ Hi","og_description":"Compra Ds-2de7a432iw-aeb(t5) Camara Domo Ip Ptz 4 Megapixel \/ 32x Zoom \/ 200 Mts Ir \/ Acusense (evita Falsas Alarmas) \/ Ip66 \/ Ik10 \/ Alerta Audible Y Luz Estrobosc\u00f3pica \/ Autoseguimiento 2.0 \/ Hi + Env\u00edo a domicilio + Pago seguro + Garant\u00eda","og_url":"https:\/\/compuviper.mx\/tienda\/producto\/hikvision-ds-2de7a432iw-aebt5-camara-domo-ip-ptz-4-megapixel-32x-zoom-200-mts-ir-acusense-evita-falsas-alarmas-ip66-ik10-alerta-audible-y-luz-estroboscpica-autoseguimiento-2-0-h\/","og_site_name":"Compuviper","article_publisher":"https:\/\/www.facebook.com\/compuviper","og_image":[{"width":200,"height":200,"url":"https:\/\/compuviper.mx\/tienda\/wp-content\/uploads\/2023\/12\/Camara-domo-ip-ptz-hikvision-ds-2de7a432iw-aebt5-4-megapixel-32x-zoom-200-mts-ir-acusense-evita-falsas-alarmas-ip66-ik10-alerta-audible-y-luz-estroboscopica-autoseguimiento-2.0-hi.jpg","type":"image\/jpeg"}],"twitter_card":"summary_large_image","twitter_misc":{"Precio":"&#36;12,353 con IVA","Availability":"Out of stock"},"schema":{"@context":"https:\/\/schema.org","@graph":[{"@type":"WebPage","@id":"https:\/\/compuviper.mx\/tienda\/producto\/hikvision-ds-2de7a432iw-aebt5-camara-domo-ip-ptz-4-megapixel-32x-zoom-200-mts-ir-acusense-evita-falsas-alarmas-ip66-ik10-alerta-audible-y-luz-estroboscpica-autoseguimiento-2-0-h\/","url":"https:\/\/compuviper.mx\/tienda\/producto\/hikvision-ds-2de7a432iw-aebt5-camara-domo-ip-ptz-4-megapixel-32x-zoom-200-mts-ir-acusense-evita-falsas-alarmas-ip66-ik10-alerta-audible-y-luz-estroboscpica-autoseguimiento-2-0-h\/","name":"[ Hikvision ] &#129351; Ds-2de7a432iw-aeb(t5) Camara Domo Ip Ptz 4 Megapixel \/ 32x Zoom \/ 200 Mts Ir \/ Acusense (evita Falsas Alarmas) \/ Ip66 \/ Ik10 \/ Alerta Audible Y Luz Estrobosc\u00f3pica \/ Autoseguimiento 2.0 \/ Hi","isPartOf":{"@id":"https:\/\/compuviper.mx\/tienda\/#website"},"datePublished":"2026-04-23T06:11:53+00:00","dateModified":"2026-04-23T06:11:53+00:00","description":"Compra Ds-2de7a432iw-aeb(t5) Camara Domo Ip Ptz 4 Megapixel \/ 32x Zoom \/ 200 Mts Ir \/ Acusense (evita Falsas Alarmas) \/ Ip66 \/ Ik10 \/ Alerta Audible Y Luz Estrobosc\u00f3pica \/ Autoseguimiento 2.0 \/ Hi + Env\u00edo a domicilio + Pago seguro + Garant\u00eda","breadcrumb":{"@id":"https:\/\/compuviper.mx\/tienda\/producto\/hikvision-ds-2de7a432iw-aebt5-camara-domo-ip-ptz-4-megapixel-32x-zoom-200-mts-ir-acusense-evita-falsas-alarmas-ip66-ik10-alerta-audible-y-luz-estroboscpica-autoseguimiento-2-0-h\/#breadcrumb"},"inLanguage":"es-MX","potentialAction":[{"@type":"ReadAction","target":["https:\/\/compuviper.mx\/tienda\/producto\/hikvision-ds-2de7a432iw-aebt5-camara-domo-ip-ptz-4-megapixel-32x-zoom-200-mts-ir-acusense-evita-falsas-alarmas-ip66-ik10-alerta-audible-y-luz-estroboscpica-autoseguimiento-2-0-h\/"]}]},{"@type":"BreadcrumbList","@id":"https:\/\/compuviper.mx\/tienda\/producto\/hikvision-ds-2de7a432iw-aebt5-camara-domo-ip-ptz-4-megapixel-32x-zoom-200-mts-ir-acusense-evita-falsas-alarmas-ip66-ik10-alerta-audible-y-luz-estroboscpica-autoseguimiento-2-0-h\/#breadcrumb","itemListElement":[{"@type":"ListItem","position":1,"name":"Inicio","item":"https:\/\/compuviper.mx\/tienda\/"},{"@type":"ListItem","position":2,"name":"Productos","item":"https:\/\/compuviper.mx\/tienda\/productos\/"},{"@type":"ListItem","position":3,"name":"Camaras","item":"https:\/\/compuviper.mx\/tienda\/categoria-producto\/camaras-2\/"},{"@type":"ListItem","position":4,"name":"Camara De Videovigilancia","item":"https:\/\/compuviper.mx\/tienda\/categoria-producto\/camaras-2\/camara-de-videovigilancia\/"},{"@type":"ListItem","position":5,"name":"Hikvision Ds-2de7a432iw-aeb(t5) Camara Domo Ip Ptz 4 Megapixel \/ 32x Zoom \/ 200 Mts Ir \/ Acusense (evita Falsas Alarmas) \/ Ip66 \/ Ik10 \/ Alerta Audible Y Luz Estrobosc?pica \/ Autoseguimiento 2.0 \/ Hi"}]},{"@type":"WebSite","@id":"https:\/\/compuviper.mx\/tienda\/#website","url":"https:\/\/compuviper.mx\/tienda\/","name":"Compuviper","description":"Proveedor de Computadoras, Laptops, Servidores, Monitores, Puntos de Venta, Teclados,   Impresoras, T\u00f3ner, C\u00e1maras de Seguridad y m\u00e1s en tu tienda en l\u00ednea","publisher":{"@id":"https:\/\/compuviper.mx\/tienda\/#organization"},"potentialAction":[{"@type":"SearchAction","target":{"@type":"EntryPoint","urlTemplate":"https:\/\/compuviper.mx\/tienda\/?s={search_term_string}"},"query-input":"required name=search_term_string"}],"inLanguage":"es-MX"},{"@type":"Organization","@id":"https:\/\/compuviper.mx\/tienda\/#organization","name":"Compuviper","url":"https:\/\/compuviper.mx\/tienda\/","logo":{"@type":"ImageObject","inLanguage":"es-MX","@id":"https:\/\/compuviper.mx\/tienda\/#\/schema\/logo\/image\/","url":"https:\/\/compuviper.mx\/tienda\/wp-content\/uploads\/2021\/08\/Logo-Compuviper-10.png","contentUrl":"https:\/\/compuviper.mx\/tienda\/wp-content\/uploads\/2021\/08\/Logo-Compuviper-10.png","width":1000,"height":500,"caption":"Compuviper"},"image":{"@id":"https:\/\/compuviper.mx\/tienda\/#\/schema\/logo\/image\/"},"sameAs":["https:\/\/www.facebook.com\/compuviper","https:\/\/www.youtube.com\/channel\/UCf73dERp9Y3cfOq7q8BhLjA?view_as=subscriber"]}]},"product_brand":"HIKVISION","product_price_amount":"12353","product_price_currency":"MXN","og_availability":"out of stock","product_availability":"out of stock","product_retailer_item_id":"DS-2DE7A432IW-AEB(T5)","product_condition":"new"},"_links":{"self":[{"href":"https:\/\/compuviper.mx\/tienda\/wp-json\/wp\/v2\/product\/216993"}],"collection":[{"href":"https:\/\/compuviper.mx\/tienda\/wp-json\/wp\/v2\/product"}],"about":[{"href":"https:\/\/compuviper.mx\/tienda\/wp-json\/wp\/v2\/types\/product"}],"replies":[{"embeddable":true,"href":"https:\/\/compuviper.mx\/tienda\/wp-json\/wp\/v2\/comments?post=216993"}],"wp:featuredmedia":[{"embeddable":true,"href":"https:\/\/compuviper.mx\/tienda\/wp-json\/wp\/v2\/media\/216994"}],"wp:attachment":[{"href":"https:\/\/compuviper.mx\/tienda\/wp-json\/wp\/v2\/media?parent=216993"}],"wp:term":[{"taxonomy":"product_cat","embeddable":true,"href":"https:\/\/compuviper.mx\/tienda\/wp-json\/wp\/v2\/product_cat?post=216993"},{"taxonomy":"product_tag","embeddable":true,"href":"https:\/\/compuviper.mx\/tienda\/wp-json\/wp\/v2\/product_tag?post=216993"}],"curies":[{"name":"wp","href":"https:\/\/api.w.org\/{rel}","templated":true}]}}