{"id":216989,"date":"2026-04-23T00:11:52","date_gmt":"2026-04-23T06:11:52","guid":{"rendered":"https:\/\/compuviper.mx\/tienda\/producto\/hikvision-ids-2cd7546g0-izhs-domo-ip-4-megapixeles-ids-2cd7546g0-izhs-lente-mot-2-8-12-mm-30-mts-ir-exir-ik10-ip67-reconocimiento-facial-wdr-140-db-deepinview-bsqueda-por-atr\/"},"modified":"2026-04-23T00:11:52","modified_gmt":"2026-04-23T06:11:52","slug":"hikvision-ids-2cd7546g0-izhs-domo-ip-4-megapixeles-ids-2cd7546g0-izhs-lente-mot-2-8-12-mm-30-mts-ir-exir-ik10-ip67-reconocimiento-facial-wdr-140-db-deepinview-bsqueda-por-atr","status":"publish","type":"product","link":"https:\/\/compuviper.mx\/tienda\/producto\/hikvision-ids-2cd7546g0-izhs-domo-ip-4-megapixeles-ids-2cd7546g0-izhs-lente-mot-2-8-12-mm-30-mts-ir-exir-ik10-ip67-reconocimiento-facial-wdr-140-db-deepinview-bsqueda-por-atr\/","title":{"rendered":"Hikvision Ids-2cd7546g0-izhs\u00a9 Domo Ip 4 Megapixeles  Ids-2cd7546g0-izhs? Lente Mot. 2.8 &#8211; 12 Mm \/ 30 Mts Ir Exir \/ Ik10 \/ Ip67 \/ Reconocimiento Facial \/ Wdr 140 Db \/ Deepinview \/ B?squeda Por Atributos \/ Heat Map \/ Acuse"},"content":{"rendered":"<table class=\"descripcion\">\n<tr>\n<td>Caracter\u00edsticas principales:<\/td>\n<\/tr>\n<tr>\n<td>    compresi\u00f3n de video: h.265+ \/ h.265 \/ h.264+ \/ h.264.<\/td>\n<\/tr>\n<tr>\n<td>    lente motorizado: 2.8 a 12 mm (114.5\u00b0 a 41.8\u00b0).<\/td>\n<\/tr>\n<tr>\n<td>    velocidad del shutter: 1 s a 1\/100,000 s, soporta slow shutter.<\/td>\n<\/tr>\n<tr>\n<td>    iluminaci\u00f3n m\u00ednima darkfighter  and #9789; :0.001 lux @(f1.2,agc on).<\/td>\n<\/tr>\n<tr>\n<td>    distancia de ir: 30 mts ir exir.<\/td>\n<\/tr>\n<tr>\n<td>    1 puerto de red: 10 \/ 100 \/ 1000 mbps.<\/td>\n<\/tr>\n<tr>\n<td>    soporta micro sd de hasta 256 gb (no incluida).<\/td>\n<\/tr>\n<tr>\n<td>    resoluci\u00f3n m\u00e1xima: 60 hz: 30 fps (2680 \u00d7 1520, 2560 \u00d7 1440, 1920 \u00d7 1080, 1280 \u00d7 720).<\/td>\n<\/tr>\n<tr>\n<td>    funciones: wdr real 140 db \/ blc \/ hlc \/ 3d dnr \/ defog \/ eis.<\/td>\n<\/tr>\n<tr>\n<td>    protocolos: onvif (profile s, profile g, profile t) \/ isapi \/ sdk \/ isup<\/td>\n<\/tr>\n<tr>\n<td>Caracter\u00edsticas f\u00edsicas y el\u00e9ctricas:<\/td>\n<\/tr>\n<tr>\n<td>    dimensiones: 162 \u00d7 141.8 mm<\/td>\n<\/tr>\n<tr>\n<td>    consumo \/ alimentaci\u00f3n: 12 vcc \/ poe (802.3 at) \/ 12.5 watts.<\/td>\n<\/tr>\n<tr>\n<td>    protecci\u00f3n: ip67 ( interior \/ exterior).<\/td>\n<\/tr>\n<tr>\n<td>    antivandalico: ik10.<\/td>\n<\/tr>\n<tr>\n<td>    peso: 1480 gramos.<\/td>\n<\/tr>\n<tr>\n<td>    garant\u00eda: 5 a\u00f1os.<\/td>\n<\/tr>\n<tr>\n<td>Accesorios:<\/td>\n<\/tr>\n<tr>\n<td>    montaje de pared para domos hikvision: ds-1473zj-155<\/td>\n<\/tr>\n<tr>\n<td>    montaje de techo para domos hikvision: ds-1471zj-155<\/td>\n<\/tr>\n<tr>\n<td>    montaje de pared: ds-1473zj-155-y<\/td>\n<\/tr>\n<tr>\n<td>    montaje de esquina para c\u00e1maras ip: ds-1476zj-sus<\/td>\n<\/tr>\n<tr>\n<td>    montaje para poste de c\u00e1maras domo: ds-1475zj-sus<\/td>\n<\/tr>\n<tr>\n<td>    montaje de techo: ds-1471zj-155-y<\/td>\n<\/tr>\n<tr>\n<td>    montaje de pared para domos hikvision: ds-1473zj-155b<\/td>\n<\/tr>\n<\/table>\n","protected":false},"excerpt":{"rendered":"<p>Caracteristicas destacadas.     Reconocimiento facial. Con algoritmos integrados basados  and #8203; and #8203;en aprendizaje profundo, la c\u00e1mara puede dar la mejor toma de la cara de un objetivo a trav\u00e9s de la detecci\u00f3n,seguimiento, captura, calificaci\u00f3n y selecci\u00f3n. La c\u00e1mara captura la cara y emite las caracter\u00edsticas, como el sexo, la edad y expresi\u00f3n.     Proteccion perimetral. Con algoritmos integrados de detecci\u00f3n y clasificaci\u00f3n de objetivos basados  and #8203; and #8203;en aprendizaje profundo, la c\u00e1mara lleva a cabo el deber de protecci\u00f3n del per\u00edmetro, control de las acciones de cruce de l\u00ednea, intrusi\u00f3n, entrada y salida de la regi\u00f3n. Los algoritmos filtra en gran medida la alarma err\u00f3nea causada por la interferencia de hojas, luces, animales, banderas, etc.     Deteccion de atributos. Con los algoritmos de aprendizaje profundo incorporados, la c\u00e1mara detecta y captura la cara, el cuerpo humano, el veh\u00edculo en el regi\u00f3n especificada y genera las caracter\u00edsticas, como g\u00e9nero, edad, color superior y tipo de veh\u00edculo.<\/p>\n","protected":false},"featured_media":216990,"comment_status":"open","ping_status":"open","template":"","meta":[],"product_cat":[1608,1681],"product_tag":[1595],"acf":[],"yoast_head":"<!-- This site is optimized with the Yoast SEO plugin v21.7 - https:\/\/yoast.com\/wordpress\/plugins\/seo\/ -->\n<title>[ Hikvision ] &#129351; Ids-2cd7546g0-izhs\u00e2\u00a9 Domo Ip 4 Megapixeles Ids-2cd7546g0-izhs\u00a9 Lente Mot. 2.8 - 12 Mm \/ 30 Mts Ir Exir \/ Ik10 \/ Ip67 \/ Reconocimiento Facial \/ Wdr 140 Db \/ Deepinview \/ B\u00fasqueda Por Atributos \/ Heat Map \/ Acuse<\/title>\n<meta name=\"description\" content=\"Compra Ids-2cd7546g0-izhs\u00e2\u00a9 Domo Ip 4 Megapixeles Ids-2cd7546g0-izhs\u00a9 Lente Mot. 2.8 - 12 Mm \/ 30 Mts Ir Exir \/ Ik10 \/ Ip67 \/ Reconocimiento Facial \/ Wdr 140 Db \/ Deepinview \/ B\u00fasqueda Por Atributos \/ Heat Map \/ Acuse + Env\u00edo a domicilio + Pago seguro + Garant\u00eda\" \/>\n<meta name=\"robots\" content=\"index, follow, max-snippet:-1, max-image-preview:large, max-video-preview:-1\" \/>\n<link rel=\"canonical\" href=\"https:\/\/compuviper.mx\/tienda\/producto\/hikvision-ids-2cd7546g0-izhs-domo-ip-4-megapixeles-ids-2cd7546g0-izhs-lente-mot-2-8-12-mm-30-mts-ir-exir-ik10-ip67-reconocimiento-facial-wdr-140-db-deepinview-bsqueda-por-atr\/\" \/>\n<meta property=\"og:locale\" content=\"es_MX\" \/>\n<meta property=\"og:type\" content=\"article\" \/>\n<meta property=\"og:title\" content=\"[ Hikvision ] &#129351; Ids-2cd7546g0-izhs\u00e2\u00a9 Domo Ip 4 Megapixeles Ids-2cd7546g0-izhs\u00a9 Lente Mot. 2.8 - 12 Mm \/ 30 Mts Ir Exir \/ Ik10 \/ Ip67 \/ Reconocimiento Facial \/ Wdr 140 Db \/ Deepinview \/ B\u00fasqueda Por Atributos \/ Heat Map \/ Acuse\" \/>\n<meta property=\"og:description\" content=\"Compra Ids-2cd7546g0-izhs\u00e2\u00a9 Domo Ip 4 Megapixeles Ids-2cd7546g0-izhs\u00a9 Lente Mot. 2.8 - 12 Mm \/ 30 Mts Ir Exir \/ Ik10 \/ Ip67 \/ Reconocimiento Facial \/ Wdr 140 Db \/ Deepinview \/ B\u00fasqueda Por Atributos \/ Heat Map \/ Acuse + Env\u00edo a domicilio + Pago seguro + Garant\u00eda\" \/>\n<meta property=\"og:url\" content=\"https:\/\/compuviper.mx\/tienda\/producto\/hikvision-ids-2cd7546g0-izhs-domo-ip-4-megapixeles-ids-2cd7546g0-izhs-lente-mot-2-8-12-mm-30-mts-ir-exir-ik10-ip67-reconocimiento-facial-wdr-140-db-deepinview-bsqueda-por-atr\/\" \/>\n<meta property=\"og:site_name\" content=\"Compuviper\" \/>\n<meta property=\"article:publisher\" content=\"https:\/\/www.facebook.com\/compuviper\" \/>\n<meta property=\"og:image\" content=\"https:\/\/compuviper.mx\/tienda\/wp-content\/uploads\/2023\/12\/Domo-ip-4-megapixeles-hikvision-ids-2cd7546g0-izhs\u00a9-lente-mot.-2.8-12-mm-30-mts-ir-exir-ik10-ip67-reconocimiento-facial-wdr-140-db-deepinview-busqueda-por-atributos-heat-map-acuse.jpg\" \/>\n\t<meta property=\"og:image:width\" content=\"200\" \/>\n\t<meta property=\"og:image:height\" content=\"200\" \/>\n\t<meta property=\"og:image:type\" content=\"image\/jpeg\" \/>\n<meta name=\"twitter:card\" content=\"summary_large_image\" \/>\n<meta name=\"twitter:label1\" content=\"Precio\" \/>\n\t<meta name=\"twitter:data1\" content=\"&#36;14,693 con IVA\" \/>\n\t<meta name=\"twitter:label2\" content=\"Availability\" \/>\n\t<meta name=\"twitter:data2\" content=\"On backorder\" \/>\n<script type=\"application\/ld+json\" class=\"yoast-schema-graph\">{\"@context\":\"https:\/\/schema.org\",\"@graph\":[{\"@type\":\"WebPage\",\"@id\":\"https:\/\/compuviper.mx\/tienda\/producto\/hikvision-ids-2cd7546g0-izhs-domo-ip-4-megapixeles-ids-2cd7546g0-izhs-lente-mot-2-8-12-mm-30-mts-ir-exir-ik10-ip67-reconocimiento-facial-wdr-140-db-deepinview-bsqueda-por-atr\/\",\"url\":\"https:\/\/compuviper.mx\/tienda\/producto\/hikvision-ids-2cd7546g0-izhs-domo-ip-4-megapixeles-ids-2cd7546g0-izhs-lente-mot-2-8-12-mm-30-mts-ir-exir-ik10-ip67-reconocimiento-facial-wdr-140-db-deepinview-bsqueda-por-atr\/\",\"name\":\"[ Hikvision ] &#129351; Ids-2cd7546g0-izhs\u00e2\u00a9 Domo Ip 4 Megapixeles Ids-2cd7546g0-izhs\u00a9 Lente Mot. 2.8 - 12 Mm \/ 30 Mts Ir Exir \/ Ik10 \/ Ip67 \/ Reconocimiento Facial \/ Wdr 140 Db \/ Deepinview \/ B\u00fasqueda Por Atributos \/ Heat Map \/ Acuse\",\"isPartOf\":{\"@id\":\"https:\/\/compuviper.mx\/tienda\/#website\"},\"datePublished\":\"2026-04-23T06:11:52+00:00\",\"dateModified\":\"2026-04-23T06:11:52+00:00\",\"description\":\"Compra Ids-2cd7546g0-izhs\u00e2\u00a9 Domo Ip 4 Megapixeles Ids-2cd7546g0-izhs\u00a9 Lente Mot. 2.8 - 12 Mm \/ 30 Mts Ir Exir \/ Ik10 \/ Ip67 \/ Reconocimiento Facial \/ Wdr 140 Db \/ Deepinview \/ B\u00fasqueda Por Atributos \/ Heat Map \/ Acuse + Env\u00edo a domicilio + Pago seguro + Garant\u00eda\",\"breadcrumb\":{\"@id\":\"https:\/\/compuviper.mx\/tienda\/producto\/hikvision-ids-2cd7546g0-izhs-domo-ip-4-megapixeles-ids-2cd7546g0-izhs-lente-mot-2-8-12-mm-30-mts-ir-exir-ik10-ip67-reconocimiento-facial-wdr-140-db-deepinview-bsqueda-por-atr\/#breadcrumb\"},\"inLanguage\":\"es-MX\",\"potentialAction\":[{\"@type\":\"ReadAction\",\"target\":[\"https:\/\/compuviper.mx\/tienda\/producto\/hikvision-ids-2cd7546g0-izhs-domo-ip-4-megapixeles-ids-2cd7546g0-izhs-lente-mot-2-8-12-mm-30-mts-ir-exir-ik10-ip67-reconocimiento-facial-wdr-140-db-deepinview-bsqueda-por-atr\/\"]}]},{\"@type\":\"BreadcrumbList\",\"@id\":\"https:\/\/compuviper.mx\/tienda\/producto\/hikvision-ids-2cd7546g0-izhs-domo-ip-4-megapixeles-ids-2cd7546g0-izhs-lente-mot-2-8-12-mm-30-mts-ir-exir-ik10-ip67-reconocimiento-facial-wdr-140-db-deepinview-bsqueda-por-atr\/#breadcrumb\",\"itemListElement\":[{\"@type\":\"ListItem\",\"position\":1,\"name\":\"Inicio\",\"item\":\"https:\/\/compuviper.mx\/tienda\/\"},{\"@type\":\"ListItem\",\"position\":2,\"name\":\"Productos\",\"item\":\"https:\/\/compuviper.mx\/tienda\/productos\/\"},{\"@type\":\"ListItem\",\"position\":3,\"name\":\"Camaras\",\"item\":\"https:\/\/compuviper.mx\/tienda\/categoria-producto\/camaras-2\/\"},{\"@type\":\"ListItem\",\"position\":4,\"name\":\"Camara De Videovigilancia\",\"item\":\"https:\/\/compuviper.mx\/tienda\/categoria-producto\/camaras-2\/camara-de-videovigilancia\/\"},{\"@type\":\"ListItem\",\"position\":5,\"name\":\"Hikvision Ids-2cd7546g0-izhs\u00a9 Domo Ip 4 Megapixeles Ids-2cd7546g0-izhs? Lente Mot. 2.8 &#8211; 12 Mm \/ 30 Mts Ir Exir \/ Ik10 \/ Ip67 \/ Reconocimiento Facial \/ Wdr 140 Db \/ Deepinview \/ B?squeda Por Atributos \/ Heat Map \/ Acuse\"}]},{\"@type\":\"WebSite\",\"@id\":\"https:\/\/compuviper.mx\/tienda\/#website\",\"url\":\"https:\/\/compuviper.mx\/tienda\/\",\"name\":\"Compuviper\",\"description\":\"Proveedor de Computadoras, Laptops, Servidores, Monitores, Puntos de Venta, Teclados,   Impresoras, T\u00f3ner, C\u00e1maras de Seguridad y m\u00e1s en tu tienda en l\u00ednea\",\"publisher\":{\"@id\":\"https:\/\/compuviper.mx\/tienda\/#organization\"},\"potentialAction\":[{\"@type\":\"SearchAction\",\"target\":{\"@type\":\"EntryPoint\",\"urlTemplate\":\"https:\/\/compuviper.mx\/tienda\/?s={search_term_string}\"},\"query-input\":\"required name=search_term_string\"}],\"inLanguage\":\"es-MX\"},{\"@type\":\"Organization\",\"@id\":\"https:\/\/compuviper.mx\/tienda\/#organization\",\"name\":\"Compuviper\",\"url\":\"https:\/\/compuviper.mx\/tienda\/\",\"logo\":{\"@type\":\"ImageObject\",\"inLanguage\":\"es-MX\",\"@id\":\"https:\/\/compuviper.mx\/tienda\/#\/schema\/logo\/image\/\",\"url\":\"https:\/\/compuviper.mx\/tienda\/wp-content\/uploads\/2021\/08\/Logo-Compuviper-10.png\",\"contentUrl\":\"https:\/\/compuviper.mx\/tienda\/wp-content\/uploads\/2021\/08\/Logo-Compuviper-10.png\",\"width\":1000,\"height\":500,\"caption\":\"Compuviper\"},\"image\":{\"@id\":\"https:\/\/compuviper.mx\/tienda\/#\/schema\/logo\/image\/\"},\"sameAs\":[\"https:\/\/www.facebook.com\/compuviper\",\"https:\/\/www.youtube.com\/channel\/UCf73dERp9Y3cfOq7q8BhLjA?view_as=subscriber\"]}]}<\/script>\n<meta property=\"product:brand\" content=\"HIKVISION\" \/>\n<meta property=\"product:price:amount\" content=\"14693\" \/>\n<meta property=\"product:price:currency\" content=\"MXN\" \/>\n<meta property=\"og:availability\" content=\"backorder\" \/>\n<meta property=\"product:availability\" content=\"available for order\" \/>\n<meta property=\"product:retailer_item_id\" content=\"IDS-2CD7546G0-IZHS\u00c2\u00a9\" \/>\n<meta property=\"product:condition\" content=\"new\" \/>\n<!-- \/ Yoast SEO plugin. -->","yoast_head_json":{"title":"[ Hikvision ] &#129351; Ids-2cd7546g0-izhs\u00e2\u00a9 Domo Ip 4 Megapixeles Ids-2cd7546g0-izhs\u00a9 Lente Mot. 2.8 - 12 Mm \/ 30 Mts Ir Exir \/ Ik10 \/ Ip67 \/ Reconocimiento Facial \/ Wdr 140 Db \/ Deepinview \/ B\u00fasqueda Por Atributos \/ Heat Map \/ Acuse","description":"Compra Ids-2cd7546g0-izhs\u00e2\u00a9 Domo Ip 4 Megapixeles Ids-2cd7546g0-izhs\u00a9 Lente Mot. 2.8 - 12 Mm \/ 30 Mts Ir Exir \/ Ik10 \/ Ip67 \/ Reconocimiento Facial \/ Wdr 140 Db \/ Deepinview \/ B\u00fasqueda Por Atributos \/ Heat Map \/ Acuse + Env\u00edo a domicilio + Pago seguro + Garant\u00eda","robots":{"index":"index","follow":"follow","max-snippet":"max-snippet:-1","max-image-preview":"max-image-preview:large","max-video-preview":"max-video-preview:-1"},"canonical":"https:\/\/compuviper.mx\/tienda\/producto\/hikvision-ids-2cd7546g0-izhs-domo-ip-4-megapixeles-ids-2cd7546g0-izhs-lente-mot-2-8-12-mm-30-mts-ir-exir-ik10-ip67-reconocimiento-facial-wdr-140-db-deepinview-bsqueda-por-atr\/","og_locale":"es_MX","og_type":"article","og_title":"[ Hikvision ] &#129351; Ids-2cd7546g0-izhs\u00e2\u00a9 Domo Ip 4 Megapixeles Ids-2cd7546g0-izhs\u00a9 Lente Mot. 2.8 - 12 Mm \/ 30 Mts Ir Exir \/ Ik10 \/ Ip67 \/ Reconocimiento Facial \/ Wdr 140 Db \/ Deepinview \/ B\u00fasqueda Por Atributos \/ Heat Map \/ Acuse","og_description":"Compra Ids-2cd7546g0-izhs\u00e2\u00a9 Domo Ip 4 Megapixeles Ids-2cd7546g0-izhs\u00a9 Lente Mot. 2.8 - 12 Mm \/ 30 Mts Ir Exir \/ Ik10 \/ Ip67 \/ Reconocimiento Facial \/ Wdr 140 Db \/ Deepinview \/ B\u00fasqueda Por Atributos \/ Heat Map \/ Acuse + Env\u00edo a domicilio + Pago seguro + Garant\u00eda","og_url":"https:\/\/compuviper.mx\/tienda\/producto\/hikvision-ids-2cd7546g0-izhs-domo-ip-4-megapixeles-ids-2cd7546g0-izhs-lente-mot-2-8-12-mm-30-mts-ir-exir-ik10-ip67-reconocimiento-facial-wdr-140-db-deepinview-bsqueda-por-atr\/","og_site_name":"Compuviper","article_publisher":"https:\/\/www.facebook.com\/compuviper","og_image":[{"width":200,"height":200,"url":"https:\/\/compuviper.mx\/tienda\/wp-content\/uploads\/2023\/12\/Domo-ip-4-megapixeles-hikvision-ids-2cd7546g0-izhs\u00a9-lente-mot.-2.8-12-mm-30-mts-ir-exir-ik10-ip67-reconocimiento-facial-wdr-140-db-deepinview-busqueda-por-atributos-heat-map-acuse.jpg","type":"image\/jpeg"}],"twitter_card":"summary_large_image","twitter_misc":{"Precio":"&#36;14,693 con IVA","Availability":"On backorder"},"schema":{"@context":"https:\/\/schema.org","@graph":[{"@type":"WebPage","@id":"https:\/\/compuviper.mx\/tienda\/producto\/hikvision-ids-2cd7546g0-izhs-domo-ip-4-megapixeles-ids-2cd7546g0-izhs-lente-mot-2-8-12-mm-30-mts-ir-exir-ik10-ip67-reconocimiento-facial-wdr-140-db-deepinview-bsqueda-por-atr\/","url":"https:\/\/compuviper.mx\/tienda\/producto\/hikvision-ids-2cd7546g0-izhs-domo-ip-4-megapixeles-ids-2cd7546g0-izhs-lente-mot-2-8-12-mm-30-mts-ir-exir-ik10-ip67-reconocimiento-facial-wdr-140-db-deepinview-bsqueda-por-atr\/","name":"[ Hikvision ] &#129351; Ids-2cd7546g0-izhs\u00e2\u00a9 Domo Ip 4 Megapixeles Ids-2cd7546g0-izhs\u00a9 Lente Mot. 2.8 - 12 Mm \/ 30 Mts Ir Exir \/ Ik10 \/ Ip67 \/ Reconocimiento Facial \/ Wdr 140 Db \/ Deepinview \/ B\u00fasqueda Por Atributos \/ Heat Map \/ Acuse","isPartOf":{"@id":"https:\/\/compuviper.mx\/tienda\/#website"},"datePublished":"2026-04-23T06:11:52+00:00","dateModified":"2026-04-23T06:11:52+00:00","description":"Compra Ids-2cd7546g0-izhs\u00e2\u00a9 Domo Ip 4 Megapixeles Ids-2cd7546g0-izhs\u00a9 Lente Mot. 2.8 - 12 Mm \/ 30 Mts Ir Exir \/ Ik10 \/ Ip67 \/ Reconocimiento Facial \/ Wdr 140 Db \/ Deepinview \/ B\u00fasqueda Por Atributos \/ Heat Map \/ Acuse + Env\u00edo a domicilio + Pago seguro + Garant\u00eda","breadcrumb":{"@id":"https:\/\/compuviper.mx\/tienda\/producto\/hikvision-ids-2cd7546g0-izhs-domo-ip-4-megapixeles-ids-2cd7546g0-izhs-lente-mot-2-8-12-mm-30-mts-ir-exir-ik10-ip67-reconocimiento-facial-wdr-140-db-deepinview-bsqueda-por-atr\/#breadcrumb"},"inLanguage":"es-MX","potentialAction":[{"@type":"ReadAction","target":["https:\/\/compuviper.mx\/tienda\/producto\/hikvision-ids-2cd7546g0-izhs-domo-ip-4-megapixeles-ids-2cd7546g0-izhs-lente-mot-2-8-12-mm-30-mts-ir-exir-ik10-ip67-reconocimiento-facial-wdr-140-db-deepinview-bsqueda-por-atr\/"]}]},{"@type":"BreadcrumbList","@id":"https:\/\/compuviper.mx\/tienda\/producto\/hikvision-ids-2cd7546g0-izhs-domo-ip-4-megapixeles-ids-2cd7546g0-izhs-lente-mot-2-8-12-mm-30-mts-ir-exir-ik10-ip67-reconocimiento-facial-wdr-140-db-deepinview-bsqueda-por-atr\/#breadcrumb","itemListElement":[{"@type":"ListItem","position":1,"name":"Inicio","item":"https:\/\/compuviper.mx\/tienda\/"},{"@type":"ListItem","position":2,"name":"Productos","item":"https:\/\/compuviper.mx\/tienda\/productos\/"},{"@type":"ListItem","position":3,"name":"Camaras","item":"https:\/\/compuviper.mx\/tienda\/categoria-producto\/camaras-2\/"},{"@type":"ListItem","position":4,"name":"Camara De Videovigilancia","item":"https:\/\/compuviper.mx\/tienda\/categoria-producto\/camaras-2\/camara-de-videovigilancia\/"},{"@type":"ListItem","position":5,"name":"Hikvision Ids-2cd7546g0-izhs\u00a9 Domo Ip 4 Megapixeles Ids-2cd7546g0-izhs? Lente Mot. 2.8 &#8211; 12 Mm \/ 30 Mts Ir Exir \/ Ik10 \/ Ip67 \/ Reconocimiento Facial \/ Wdr 140 Db \/ Deepinview \/ B?squeda Por Atributos \/ Heat Map \/ Acuse"}]},{"@type":"WebSite","@id":"https:\/\/compuviper.mx\/tienda\/#website","url":"https:\/\/compuviper.mx\/tienda\/","name":"Compuviper","description":"Proveedor de Computadoras, Laptops, Servidores, Monitores, Puntos de Venta, Teclados,   Impresoras, T\u00f3ner, C\u00e1maras de Seguridad y m\u00e1s en tu tienda en l\u00ednea","publisher":{"@id":"https:\/\/compuviper.mx\/tienda\/#organization"},"potentialAction":[{"@type":"SearchAction","target":{"@type":"EntryPoint","urlTemplate":"https:\/\/compuviper.mx\/tienda\/?s={search_term_string}"},"query-input":"required name=search_term_string"}],"inLanguage":"es-MX"},{"@type":"Organization","@id":"https:\/\/compuviper.mx\/tienda\/#organization","name":"Compuviper","url":"https:\/\/compuviper.mx\/tienda\/","logo":{"@type":"ImageObject","inLanguage":"es-MX","@id":"https:\/\/compuviper.mx\/tienda\/#\/schema\/logo\/image\/","url":"https:\/\/compuviper.mx\/tienda\/wp-content\/uploads\/2021\/08\/Logo-Compuviper-10.png","contentUrl":"https:\/\/compuviper.mx\/tienda\/wp-content\/uploads\/2021\/08\/Logo-Compuviper-10.png","width":1000,"height":500,"caption":"Compuviper"},"image":{"@id":"https:\/\/compuviper.mx\/tienda\/#\/schema\/logo\/image\/"},"sameAs":["https:\/\/www.facebook.com\/compuviper","https:\/\/www.youtube.com\/channel\/UCf73dERp9Y3cfOq7q8BhLjA?view_as=subscriber"]}]},"product_brand":"HIKVISION","product_price_amount":"14693","product_price_currency":"MXN","og_availability":"backorder","product_availability":"available for order","product_retailer_item_id":"IDS-2CD7546G0-IZHS\u00c2\u00a9","product_condition":"new"},"_links":{"self":[{"href":"https:\/\/compuviper.mx\/tienda\/wp-json\/wp\/v2\/product\/216989"}],"collection":[{"href":"https:\/\/compuviper.mx\/tienda\/wp-json\/wp\/v2\/product"}],"about":[{"href":"https:\/\/compuviper.mx\/tienda\/wp-json\/wp\/v2\/types\/product"}],"replies":[{"embeddable":true,"href":"https:\/\/compuviper.mx\/tienda\/wp-json\/wp\/v2\/comments?post=216989"}],"wp:featuredmedia":[{"embeddable":true,"href":"https:\/\/compuviper.mx\/tienda\/wp-json\/wp\/v2\/media\/216990"}],"wp:attachment":[{"href":"https:\/\/compuviper.mx\/tienda\/wp-json\/wp\/v2\/media?parent=216989"}],"wp:term":[{"taxonomy":"product_cat","embeddable":true,"href":"https:\/\/compuviper.mx\/tienda\/wp-json\/wp\/v2\/product_cat?post=216989"},{"taxonomy":"product_tag","embeddable":true,"href":"https:\/\/compuviper.mx\/tienda\/wp-json\/wp\/v2\/product_tag?post=216989"}],"curies":[{"name":"wp","href":"https:\/\/api.w.org\/{rel}","templated":true}]}}