{"id":216987,"date":"2026-04-23T00:11:51","date_gmt":"2026-04-23T06:11:51","guid":{"rendered":"https:\/\/compuviper.mx\/tienda\/producto\/hikvision-ds-2dp1618zixs-de-440f0p4-domo-panovu-vista-panormica-180-4-lentes-de-4-megapixel-ptz-4-megapixel-de-40x-zoom-posicionamiento-3d-ip66-ik10-wdr-120-db-microsd\/"},"modified":"2026-04-23T00:11:51","modified_gmt":"2026-04-23T06:11:51","slug":"hikvision-ds-2dp1618zixs-de-440f0p4-domo-panovu-vista-panormica-180-4-lentes-de-4-megapixel-ptz-4-megapixel-de-40x-zoom-posicionamiento-3d-ip66-ik10-wdr-120-db-microsd","status":"publish","type":"product","link":"https:\/\/compuviper.mx\/tienda\/producto\/hikvision-ds-2dp1618zixs-de-440f0p4-domo-panovu-vista-panormica-180-4-lentes-de-4-megapixel-ptz-4-megapixel-de-40x-zoom-posicionamiento-3d-ip66-ik10-wdr-120-db-microsd\/","title":{"rendered":"Hikvision Ds-2dp1618zixs-de\/440(f0)(p4) Domo Panovu   Vista Panor?mica 180? \/ 4 Lentes De 4 Megapixel + Ptz 4 Megapixel De 40x Zoom \/ Posicionamiento 3d \/ Ip66 \/ Ik10 \/ Wdr 120 Db \/ Microsd"},"content":{"rendered":"<table class=\"descripcion\">\n<tr>\n<td>Caracter\u00edsticas c\u00e1mara panoramica:<\/td>\n<\/tr>\n<tr>\n<td>    cmos 1\/1.8 scan progresivo.<\/td>\n<\/tr>\n<tr>\n<td>    iluminaci\u00f3n m\u00ednima:<\/td>\n<\/tr>\n<tr>\n<td>        color: 0.0005 lux (f1.0, agc encendido)<\/td>\n<\/tr>\n<tr>\n<td>        b\/n: 0.0001 lux (f1.0, agc encendido)<\/td>\n<\/tr>\n<tr>\n<td>    d\u00eda \/ noche.<\/td>\n<\/tr>\n<tr>\n<td>    lente: 2.8 mm.<\/td>\n<\/tr>\n<tr>\n<td>    angulo de vision: 180\u00ba.<\/td>\n<\/tr>\n<tr>\n<td>    funciones: hlc \/ blc \/ eis \/ 3d dnr<\/td>\n<\/tr>\n<tr>\n<td>    funciones smart: detecci\u00f3n de intrusi\u00f3n \/ deteccion de cruce de l\u00ednea \/ deteccion de entrada y salida de region.<\/td>\n<\/tr>\n<tr>\n<td>Caracter\u00edsticas c\u00e1mara ptz:<\/td>\n<\/tr>\n<tr>\n<td>    cmos 1\/1.8 scan progresivo.<\/td>\n<\/tr>\n<tr>\n<td>    iluminaci\u00f3n m\u00ednima:<\/td>\n<\/tr>\n<tr>\n<td>        color: 0.0005 lux (f1.2, agc encendido)<\/td>\n<\/tr>\n<tr>\n<td>        b\/n: 0.0001 lux (f1.2, agc encendido)<\/td>\n<\/tr>\n<tr>\n<td>    d\u00eda \/ noche real (filtro icr).<\/td>\n<\/tr>\n<tr>\n<td>    longitud focal: 40x zoom \u00f3ptico (6.0 &#8211; 240 mm) \/ 16x digital.<\/td>\n<\/tr>\n<tr>\n<td>    smart ir 250 metros.<\/td>\n<\/tr>\n<tr>\n<td>    funciones: wdr real 120db \/ hlc \/ blc \/ eis \/ 3d dnr.<\/td>\n<\/tr>\n<tr>\n<td>    funciones smart: detecci\u00f3n de intrusi\u00f3n \/ detecci\u00f3n de cruce de linea \/ deteccion de entrada y salida de region \/ equipaje desatendido \/ objeto removido \/ detecci\u00f3n de rostro.<\/td>\n<\/tr>\n<tr>\n<td>.<\/td>\n<\/tr>\n<tr>\n<td>Caracter\u00edsticas f\u00edsicas y el\u00e9ctricas:<\/td>\n<\/tr>\n<tr>\n<td>    aplicaci\u00f3n: interior \/ exterior.<\/td>\n<\/tr>\n<tr>\n<td>    nivel de protecci\u00f3n: ip67.<\/td>\n<\/tr>\n<tr>\n<td>    antivandalica ik10.<\/td>\n<\/tr>\n<tr>\n<td>    temperatura de operaci\u00f3n: -40\u00b0c a 70\u00bac<\/td>\n<\/tr>\n<tr>\n<td>    alimentaci\u00f3n: 36 vcc \/ 135 w (fuente no incluida, modelo recomendado euv150s036stkw02).<\/td>\n<\/tr>\n<tr>\n<td>    dimensiones: \u00f8 433.5 mm x 430.4 mm<\/td>\n<\/tr>\n<tr>\n<td>    peso: 18kg.<\/td>\n<\/tr>\n<tr>\n<td>    garant\u00eda: 5 a\u00f1os.<\/td>\n<\/tr>\n<tr>\n<td>Accesorios:<\/td>\n<\/tr>\n<tr>\n<td>    montaje vertical de pared: ds-1603zj-p<\/td>\n<\/tr>\n<tr>\n<td>    montaje vertical con montaje de poste: ds-1603zj-pole-p<\/td>\n<\/tr>\n<tr>\n<td>Compresi\u00f3n y resoluci\u00f3n:<\/td>\n<\/tr>\n<tr>\n<td>    compresi\u00f3n de video: h.265+ \/ h.265 \/ h.264+ \/ h.264<\/td>\n<\/tr>\n<tr>\n<td>    resoluci\u00f3n m\u00e1xima:<\/td>\n<\/tr>\n<tr>\n<td>        c\u00e1mara panoramica: 4 x  (5520 \u00d7 2400).<\/td>\n<\/tr>\n<tr>\n<td>        c\u00e1mara ptz: 3 megapixel (2560 x 1440).<\/td>\n<\/tr>\n<tr>\n<td>    compresi\u00f3n de audio: g.711alaw \/ g.711ulaw \/ g.722.1 \/ g.726 \/ mp2l2 \/ pcm<\/td>\n<\/tr>\n<tr>\n<td>Pan \/ tilt:<\/td>\n<\/tr>\n<tr>\n<td>    pan: 360\u00b0<\/td>\n<\/tr>\n<tr>\n<td>    tilt: -15\u00b0~90\u00b0.<\/td>\n<\/tr>\n<tr>\n<td>    no. presets: 300<\/td>\n<\/tr>\n<tr>\n<td>    patrol: 8 patrols, hasta 32 presets por patrol<\/td>\n<\/tr>\n<tr>\n<td>    pattern: 4 patern (hasta 10 min. por pattern)<\/td>\n<\/tr>\n<tr>\n<td>    park action.<\/td>\n<\/tr>\n<tr>\n<td>    tareas calendarizadas<\/td>\n<\/tr>\n<tr>\n<td>Interfaces:<\/td>\n<\/tr>\n<tr>\n<td>    red: rj45 (10m \/ 100m \/ 1000m)<\/td>\n<\/tr>\n<tr>\n<td>    fibra optica:<\/td>\n<\/tr>\n<tr>\n<td>        interface: fc (1m \/ 1000m),<\/td>\n<\/tr>\n<tr>\n<td>        longitud de onda: tx1310 \/ rx1550 nm<\/td>\n<\/tr>\n<tr>\n<td>        distancia: 20 km.<\/td>\n<\/tr>\n<tr>\n<td>    entrada de audio: 1 puerto.<\/td>\n<\/tr>\n<tr>\n<td>    salida de audio: 1 puerto.<\/td>\n<\/tr>\n<tr>\n<td>    entrada de alarma: 7 puertos.<\/td>\n<\/tr>\n<tr>\n<td>    salida de alarma: 2 puertos.<\/td>\n<\/tr>\n<tr>\n<td>    serial: rs485 (hikvision, pelco d, pelco p)<\/td>\n<\/tr>\n<tr>\n<td>    tarjeta de memoria: micro sd\/sdhc\/sdxc hasta 256 gb (no incluida).<\/td>\n<\/tr>\n<\/table>\n","protected":false},"excerpt":{"rendered":"<p>Funciones especiales.     Auto seguimiento: con la imagen panor\u00e1mica creada con los cuatro lentes que tiene la c\u00e1mara se puede definir diferentes anal\u00edticas como; cruce de l\u00ednea, instrucci\u00f3n a un \u00e1rea, entrada y salida de un \u00e1rea entre otros. Con estas anal\u00edticas podemos activar un auto seguimiento con la ptz en la zona donde se activ\u00f3 la alerta.<\/p>\n","protected":false},"featured_media":216988,"comment_status":"open","ping_status":"open","template":"","meta":[],"product_cat":[1608,1681],"product_tag":[1595],"acf":[],"yoast_head":"<!-- This site is optimized with the Yoast SEO plugin v21.7 - https:\/\/yoast.com\/wordpress\/plugins\/seo\/ -->\n<title>[ Hikvision ] &#129351; Ds-2dp1618zixs-de\/440(f0)(p4) Domo Panovu Vista Panor\u00e1mica 180\u00b0 \/ 4 Lentes De 4 Megapixel + Ptz 4 Megapixel De 40x Zoom \/ Posicionamiento 3d \/ Ip66 \/ Ik10 \/ Wdr 120 Db \/ Microsd<\/title>\n<meta name=\"description\" content=\"Compra Ds-2dp1618zixs-de\/440(f0)(p4) Domo Panovu Vista Panor\u00e1mica 180\u00b0 \/ 4 Lentes De 4 Megapixel + Ptz 4 Megapixel De 40x Zoom \/ Posicionamiento 3d \/ Ip66 \/ Ik10 \/ Wdr 120 Db \/ Microsd + Env\u00edo a domicilio + Pago seguro + Garant\u00eda\" \/>\n<meta name=\"robots\" content=\"index, follow, max-snippet:-1, max-image-preview:large, max-video-preview:-1\" \/>\n<link rel=\"canonical\" href=\"https:\/\/compuviper.mx\/tienda\/producto\/hikvision-ds-2dp1618zixs-de-440f0p4-domo-panovu-vista-panormica-180-4-lentes-de-4-megapixel-ptz-4-megapixel-de-40x-zoom-posicionamiento-3d-ip66-ik10-wdr-120-db-microsd\/\" \/>\n<meta property=\"og:locale\" content=\"es_MX\" \/>\n<meta property=\"og:type\" content=\"article\" \/>\n<meta property=\"og:title\" content=\"[ Hikvision ] &#129351; Ds-2dp1618zixs-de\/440(f0)(p4) Domo Panovu Vista Panor\u00e1mica 180\u00b0 \/ 4 Lentes De 4 Megapixel + Ptz 4 Megapixel De 40x Zoom \/ Posicionamiento 3d \/ Ip66 \/ Ik10 \/ Wdr 120 Db \/ Microsd\" \/>\n<meta property=\"og:description\" content=\"Compra Ds-2dp1618zixs-de\/440(f0)(p4) Domo Panovu Vista Panor\u00e1mica 180\u00b0 \/ 4 Lentes De 4 Megapixel + Ptz 4 Megapixel De 40x Zoom \/ Posicionamiento 3d \/ Ip66 \/ Ik10 \/ Wdr 120 Db \/ Microsd + Env\u00edo a domicilio + Pago seguro + Garant\u00eda\" \/>\n<meta property=\"og:url\" content=\"https:\/\/compuviper.mx\/tienda\/producto\/hikvision-ds-2dp1618zixs-de-440f0p4-domo-panovu-vista-panormica-180-4-lentes-de-4-megapixel-ptz-4-megapixel-de-40x-zoom-posicionamiento-3d-ip66-ik10-wdr-120-db-microsd\/\" \/>\n<meta property=\"og:site_name\" content=\"Compuviper\" \/>\n<meta property=\"article:publisher\" content=\"https:\/\/www.facebook.com\/compuviper\" \/>\n<meta property=\"og:image\" content=\"https:\/\/compuviper.mx\/tienda\/wp-content\/uploads\/2023\/12\/Domo-panovu-hikvision-ds-2dp1618zixs-de440f0p4-vista-panoramica-180\u00b0-4-lentes-de-4-megapixel-ptz-4-megapixel-de-40x-zoom-posicionamiento-3d-ip66-ik10-wdr-120-db-microsd.jpg\" \/>\n\t<meta property=\"og:image:width\" content=\"200\" \/>\n\t<meta property=\"og:image:height\" content=\"200\" \/>\n\t<meta property=\"og:image:type\" content=\"image\/jpeg\" \/>\n<meta name=\"twitter:card\" content=\"summary_large_image\" \/>\n<meta name=\"twitter:label1\" content=\"Precio\" \/>\n\t<meta name=\"twitter:data1\" content=\"&#36;100,305 con IVA\" \/>\n\t<meta name=\"twitter:label2\" content=\"Availability\" \/>\n\t<meta name=\"twitter:data2\" content=\"On backorder\" \/>\n<script type=\"application\/ld+json\" class=\"yoast-schema-graph\">{\"@context\":\"https:\/\/schema.org\",\"@graph\":[{\"@type\":\"WebPage\",\"@id\":\"https:\/\/compuviper.mx\/tienda\/producto\/hikvision-ds-2dp1618zixs-de-440f0p4-domo-panovu-vista-panormica-180-4-lentes-de-4-megapixel-ptz-4-megapixel-de-40x-zoom-posicionamiento-3d-ip66-ik10-wdr-120-db-microsd\/\",\"url\":\"https:\/\/compuviper.mx\/tienda\/producto\/hikvision-ds-2dp1618zixs-de-440f0p4-domo-panovu-vista-panormica-180-4-lentes-de-4-megapixel-ptz-4-megapixel-de-40x-zoom-posicionamiento-3d-ip66-ik10-wdr-120-db-microsd\/\",\"name\":\"[ Hikvision ] &#129351; Ds-2dp1618zixs-de\/440(f0)(p4) Domo Panovu Vista Panor\u00e1mica 180\u00b0 \/ 4 Lentes De 4 Megapixel + Ptz 4 Megapixel De 40x Zoom \/ Posicionamiento 3d \/ Ip66 \/ Ik10 \/ Wdr 120 Db \/ Microsd\",\"isPartOf\":{\"@id\":\"https:\/\/compuviper.mx\/tienda\/#website\"},\"datePublished\":\"2026-04-23T06:11:51+00:00\",\"dateModified\":\"2026-04-23T06:11:51+00:00\",\"description\":\"Compra Ds-2dp1618zixs-de\/440(f0)(p4) Domo Panovu Vista Panor\u00e1mica 180\u00b0 \/ 4 Lentes De 4 Megapixel + Ptz 4 Megapixel De 40x Zoom \/ Posicionamiento 3d \/ Ip66 \/ Ik10 \/ Wdr 120 Db \/ Microsd + Env\u00edo a domicilio + Pago seguro + Garant\u00eda\",\"breadcrumb\":{\"@id\":\"https:\/\/compuviper.mx\/tienda\/producto\/hikvision-ds-2dp1618zixs-de-440f0p4-domo-panovu-vista-panormica-180-4-lentes-de-4-megapixel-ptz-4-megapixel-de-40x-zoom-posicionamiento-3d-ip66-ik10-wdr-120-db-microsd\/#breadcrumb\"},\"inLanguage\":\"es-MX\",\"potentialAction\":[{\"@type\":\"ReadAction\",\"target\":[\"https:\/\/compuviper.mx\/tienda\/producto\/hikvision-ds-2dp1618zixs-de-440f0p4-domo-panovu-vista-panormica-180-4-lentes-de-4-megapixel-ptz-4-megapixel-de-40x-zoom-posicionamiento-3d-ip66-ik10-wdr-120-db-microsd\/\"]}]},{\"@type\":\"BreadcrumbList\",\"@id\":\"https:\/\/compuviper.mx\/tienda\/producto\/hikvision-ds-2dp1618zixs-de-440f0p4-domo-panovu-vista-panormica-180-4-lentes-de-4-megapixel-ptz-4-megapixel-de-40x-zoom-posicionamiento-3d-ip66-ik10-wdr-120-db-microsd\/#breadcrumb\",\"itemListElement\":[{\"@type\":\"ListItem\",\"position\":1,\"name\":\"Inicio\",\"item\":\"https:\/\/compuviper.mx\/tienda\/\"},{\"@type\":\"ListItem\",\"position\":2,\"name\":\"Productos\",\"item\":\"https:\/\/compuviper.mx\/tienda\/productos\/\"},{\"@type\":\"ListItem\",\"position\":3,\"name\":\"Camaras\",\"item\":\"https:\/\/compuviper.mx\/tienda\/categoria-producto\/camaras-2\/\"},{\"@type\":\"ListItem\",\"position\":4,\"name\":\"Camara De Videovigilancia\",\"item\":\"https:\/\/compuviper.mx\/tienda\/categoria-producto\/camaras-2\/camara-de-videovigilancia\/\"},{\"@type\":\"ListItem\",\"position\":5,\"name\":\"Hikvision Ds-2dp1618zixs-de\/440(f0)(p4) Domo Panovu Vista Panor?mica 180? \/ 4 Lentes De 4 Megapixel + Ptz 4 Megapixel De 40x Zoom \/ Posicionamiento 3d \/ Ip66 \/ Ik10 \/ Wdr 120 Db \/ Microsd\"}]},{\"@type\":\"WebSite\",\"@id\":\"https:\/\/compuviper.mx\/tienda\/#website\",\"url\":\"https:\/\/compuviper.mx\/tienda\/\",\"name\":\"Compuviper\",\"description\":\"Proveedor de Computadoras, Laptops, Servidores, Monitores, Puntos de Venta, Teclados,   Impresoras, T\u00f3ner, C\u00e1maras de Seguridad y m\u00e1s en tu tienda en l\u00ednea\",\"publisher\":{\"@id\":\"https:\/\/compuviper.mx\/tienda\/#organization\"},\"potentialAction\":[{\"@type\":\"SearchAction\",\"target\":{\"@type\":\"EntryPoint\",\"urlTemplate\":\"https:\/\/compuviper.mx\/tienda\/?s={search_term_string}\"},\"query-input\":\"required name=search_term_string\"}],\"inLanguage\":\"es-MX\"},{\"@type\":\"Organization\",\"@id\":\"https:\/\/compuviper.mx\/tienda\/#organization\",\"name\":\"Compuviper\",\"url\":\"https:\/\/compuviper.mx\/tienda\/\",\"logo\":{\"@type\":\"ImageObject\",\"inLanguage\":\"es-MX\",\"@id\":\"https:\/\/compuviper.mx\/tienda\/#\/schema\/logo\/image\/\",\"url\":\"https:\/\/compuviper.mx\/tienda\/wp-content\/uploads\/2021\/08\/Logo-Compuviper-10.png\",\"contentUrl\":\"https:\/\/compuviper.mx\/tienda\/wp-content\/uploads\/2021\/08\/Logo-Compuviper-10.png\",\"width\":1000,\"height\":500,\"caption\":\"Compuviper\"},\"image\":{\"@id\":\"https:\/\/compuviper.mx\/tienda\/#\/schema\/logo\/image\/\"},\"sameAs\":[\"https:\/\/www.facebook.com\/compuviper\",\"https:\/\/www.youtube.com\/channel\/UCf73dERp9Y3cfOq7q8BhLjA?view_as=subscriber\"]}]}<\/script>\n<meta property=\"product:brand\" content=\"HIKVISION\" \/>\n<meta property=\"product:price:amount\" content=\"100305\" \/>\n<meta property=\"product:price:currency\" content=\"MXN\" \/>\n<meta property=\"og:availability\" content=\"backorder\" \/>\n<meta property=\"product:availability\" content=\"available for order\" \/>\n<meta property=\"product:retailer_item_id\" content=\"DS-2DP1618ZIXS-DE\/440(F0)(P4)\" \/>\n<meta property=\"product:condition\" content=\"new\" \/>\n<!-- \/ Yoast SEO plugin. -->","yoast_head_json":{"title":"[ Hikvision ] &#129351; Ds-2dp1618zixs-de\/440(f0)(p4) Domo Panovu Vista Panor\u00e1mica 180\u00b0 \/ 4 Lentes De 4 Megapixel + Ptz 4 Megapixel De 40x Zoom \/ Posicionamiento 3d \/ Ip66 \/ Ik10 \/ Wdr 120 Db \/ Microsd","description":"Compra Ds-2dp1618zixs-de\/440(f0)(p4) Domo Panovu Vista Panor\u00e1mica 180\u00b0 \/ 4 Lentes De 4 Megapixel + Ptz 4 Megapixel De 40x Zoom \/ Posicionamiento 3d \/ Ip66 \/ Ik10 \/ Wdr 120 Db \/ Microsd + Env\u00edo a domicilio + Pago seguro + Garant\u00eda","robots":{"index":"index","follow":"follow","max-snippet":"max-snippet:-1","max-image-preview":"max-image-preview:large","max-video-preview":"max-video-preview:-1"},"canonical":"https:\/\/compuviper.mx\/tienda\/producto\/hikvision-ds-2dp1618zixs-de-440f0p4-domo-panovu-vista-panormica-180-4-lentes-de-4-megapixel-ptz-4-megapixel-de-40x-zoom-posicionamiento-3d-ip66-ik10-wdr-120-db-microsd\/","og_locale":"es_MX","og_type":"article","og_title":"[ Hikvision ] &#129351; Ds-2dp1618zixs-de\/440(f0)(p4) Domo Panovu Vista Panor\u00e1mica 180\u00b0 \/ 4 Lentes De 4 Megapixel + Ptz 4 Megapixel De 40x Zoom \/ Posicionamiento 3d \/ Ip66 \/ Ik10 \/ Wdr 120 Db \/ Microsd","og_description":"Compra Ds-2dp1618zixs-de\/440(f0)(p4) Domo Panovu Vista Panor\u00e1mica 180\u00b0 \/ 4 Lentes De 4 Megapixel + Ptz 4 Megapixel De 40x Zoom \/ Posicionamiento 3d \/ Ip66 \/ Ik10 \/ Wdr 120 Db \/ Microsd + Env\u00edo a domicilio + Pago seguro + Garant\u00eda","og_url":"https:\/\/compuviper.mx\/tienda\/producto\/hikvision-ds-2dp1618zixs-de-440f0p4-domo-panovu-vista-panormica-180-4-lentes-de-4-megapixel-ptz-4-megapixel-de-40x-zoom-posicionamiento-3d-ip66-ik10-wdr-120-db-microsd\/","og_site_name":"Compuviper","article_publisher":"https:\/\/www.facebook.com\/compuviper","og_image":[{"width":200,"height":200,"url":"https:\/\/compuviper.mx\/tienda\/wp-content\/uploads\/2023\/12\/Domo-panovu-hikvision-ds-2dp1618zixs-de440f0p4-vista-panoramica-180\u00b0-4-lentes-de-4-megapixel-ptz-4-megapixel-de-40x-zoom-posicionamiento-3d-ip66-ik10-wdr-120-db-microsd.jpg","type":"image\/jpeg"}],"twitter_card":"summary_large_image","twitter_misc":{"Precio":"&#36;100,305 con IVA","Availability":"On backorder"},"schema":{"@context":"https:\/\/schema.org","@graph":[{"@type":"WebPage","@id":"https:\/\/compuviper.mx\/tienda\/producto\/hikvision-ds-2dp1618zixs-de-440f0p4-domo-panovu-vista-panormica-180-4-lentes-de-4-megapixel-ptz-4-megapixel-de-40x-zoom-posicionamiento-3d-ip66-ik10-wdr-120-db-microsd\/","url":"https:\/\/compuviper.mx\/tienda\/producto\/hikvision-ds-2dp1618zixs-de-440f0p4-domo-panovu-vista-panormica-180-4-lentes-de-4-megapixel-ptz-4-megapixel-de-40x-zoom-posicionamiento-3d-ip66-ik10-wdr-120-db-microsd\/","name":"[ Hikvision ] &#129351; Ds-2dp1618zixs-de\/440(f0)(p4) Domo Panovu Vista Panor\u00e1mica 180\u00b0 \/ 4 Lentes De 4 Megapixel + Ptz 4 Megapixel De 40x Zoom \/ Posicionamiento 3d \/ Ip66 \/ Ik10 \/ Wdr 120 Db \/ Microsd","isPartOf":{"@id":"https:\/\/compuviper.mx\/tienda\/#website"},"datePublished":"2026-04-23T06:11:51+00:00","dateModified":"2026-04-23T06:11:51+00:00","description":"Compra Ds-2dp1618zixs-de\/440(f0)(p4) Domo Panovu Vista Panor\u00e1mica 180\u00b0 \/ 4 Lentes De 4 Megapixel + Ptz 4 Megapixel De 40x Zoom \/ Posicionamiento 3d \/ Ip66 \/ Ik10 \/ Wdr 120 Db \/ Microsd + Env\u00edo a domicilio + Pago seguro + Garant\u00eda","breadcrumb":{"@id":"https:\/\/compuviper.mx\/tienda\/producto\/hikvision-ds-2dp1618zixs-de-440f0p4-domo-panovu-vista-panormica-180-4-lentes-de-4-megapixel-ptz-4-megapixel-de-40x-zoom-posicionamiento-3d-ip66-ik10-wdr-120-db-microsd\/#breadcrumb"},"inLanguage":"es-MX","potentialAction":[{"@type":"ReadAction","target":["https:\/\/compuviper.mx\/tienda\/producto\/hikvision-ds-2dp1618zixs-de-440f0p4-domo-panovu-vista-panormica-180-4-lentes-de-4-megapixel-ptz-4-megapixel-de-40x-zoom-posicionamiento-3d-ip66-ik10-wdr-120-db-microsd\/"]}]},{"@type":"BreadcrumbList","@id":"https:\/\/compuviper.mx\/tienda\/producto\/hikvision-ds-2dp1618zixs-de-440f0p4-domo-panovu-vista-panormica-180-4-lentes-de-4-megapixel-ptz-4-megapixel-de-40x-zoom-posicionamiento-3d-ip66-ik10-wdr-120-db-microsd\/#breadcrumb","itemListElement":[{"@type":"ListItem","position":1,"name":"Inicio","item":"https:\/\/compuviper.mx\/tienda\/"},{"@type":"ListItem","position":2,"name":"Productos","item":"https:\/\/compuviper.mx\/tienda\/productos\/"},{"@type":"ListItem","position":3,"name":"Camaras","item":"https:\/\/compuviper.mx\/tienda\/categoria-producto\/camaras-2\/"},{"@type":"ListItem","position":4,"name":"Camara De Videovigilancia","item":"https:\/\/compuviper.mx\/tienda\/categoria-producto\/camaras-2\/camara-de-videovigilancia\/"},{"@type":"ListItem","position":5,"name":"Hikvision Ds-2dp1618zixs-de\/440(f0)(p4) Domo Panovu Vista Panor?mica 180? \/ 4 Lentes De 4 Megapixel + Ptz 4 Megapixel De 40x Zoom \/ Posicionamiento 3d \/ Ip66 \/ Ik10 \/ Wdr 120 Db \/ Microsd"}]},{"@type":"WebSite","@id":"https:\/\/compuviper.mx\/tienda\/#website","url":"https:\/\/compuviper.mx\/tienda\/","name":"Compuviper","description":"Proveedor de Computadoras, Laptops, Servidores, Monitores, Puntos de Venta, Teclados,   Impresoras, T\u00f3ner, C\u00e1maras de Seguridad y m\u00e1s en tu tienda en l\u00ednea","publisher":{"@id":"https:\/\/compuviper.mx\/tienda\/#organization"},"potentialAction":[{"@type":"SearchAction","target":{"@type":"EntryPoint","urlTemplate":"https:\/\/compuviper.mx\/tienda\/?s={search_term_string}"},"query-input":"required name=search_term_string"}],"inLanguage":"es-MX"},{"@type":"Organization","@id":"https:\/\/compuviper.mx\/tienda\/#organization","name":"Compuviper","url":"https:\/\/compuviper.mx\/tienda\/","logo":{"@type":"ImageObject","inLanguage":"es-MX","@id":"https:\/\/compuviper.mx\/tienda\/#\/schema\/logo\/image\/","url":"https:\/\/compuviper.mx\/tienda\/wp-content\/uploads\/2021\/08\/Logo-Compuviper-10.png","contentUrl":"https:\/\/compuviper.mx\/tienda\/wp-content\/uploads\/2021\/08\/Logo-Compuviper-10.png","width":1000,"height":500,"caption":"Compuviper"},"image":{"@id":"https:\/\/compuviper.mx\/tienda\/#\/schema\/logo\/image\/"},"sameAs":["https:\/\/www.facebook.com\/compuviper","https:\/\/www.youtube.com\/channel\/UCf73dERp9Y3cfOq7q8BhLjA?view_as=subscriber"]}]},"product_brand":"HIKVISION","product_price_amount":"100305","product_price_currency":"MXN","og_availability":"backorder","product_availability":"available for order","product_retailer_item_id":"DS-2DP1618ZIXS-DE\/440(F0)(P4)","product_condition":"new"},"_links":{"self":[{"href":"https:\/\/compuviper.mx\/tienda\/wp-json\/wp\/v2\/product\/216987"}],"collection":[{"href":"https:\/\/compuviper.mx\/tienda\/wp-json\/wp\/v2\/product"}],"about":[{"href":"https:\/\/compuviper.mx\/tienda\/wp-json\/wp\/v2\/types\/product"}],"replies":[{"embeddable":true,"href":"https:\/\/compuviper.mx\/tienda\/wp-json\/wp\/v2\/comments?post=216987"}],"wp:featuredmedia":[{"embeddable":true,"href":"https:\/\/compuviper.mx\/tienda\/wp-json\/wp\/v2\/media\/216988"}],"wp:attachment":[{"href":"https:\/\/compuviper.mx\/tienda\/wp-json\/wp\/v2\/media?parent=216987"}],"wp:term":[{"taxonomy":"product_cat","embeddable":true,"href":"https:\/\/compuviper.mx\/tienda\/wp-json\/wp\/v2\/product_cat?post=216987"},{"taxonomy":"product_tag","embeddable":true,"href":"https:\/\/compuviper.mx\/tienda\/wp-json\/wp\/v2\/product_tag?post=216987"}],"curies":[{"name":"wp","href":"https:\/\/api.w.org\/{rel}","templated":true}]}}