{"id":216938,"date":"2026-04-23T00:11:46","date_gmt":"2026-04-23T06:11:46","guid":{"rendered":"https:\/\/compuviper.mx\/tienda\/producto\/synology-tc500-camara-ip-turret-5-mp-ir-30-m-lente-2-8mm-dia-y-noche-ip67-ik10-poe-h-265-ranura-microsd-incluye-licencia-vitalicia-para-surveillance-stationcompra-mnima-multiplos-de-10-piezas\/"},"modified":"2026-04-23T00:11:47","modified_gmt":"2026-04-23T06:11:47","slug":"synology-tc500-camara-ip-turret-5-mp-ir-30-m-lente-2-8mm-dia-y-noche-ip67-ik10-poe-h-265-ranura-microsd-incluye-licencia-vitalicia-para-surveillance-stationcompra-mnima-multiplos-de-10-piezas","status":"publish","type":"product","link":"https:\/\/compuviper.mx\/tienda\/producto\/synology-tc500-camara-ip-turret-5-mp-ir-30-m-lente-2-8mm-dia-y-noche-ip67-ik10-poe-h-265-ranura-microsd-incluye-licencia-vitalicia-para-surveillance-stationcompra-mnima-multiplos-de-10-piezas\/","title":{"rendered":"Synology Tc500 Camara Ip   Turret 5 Mp Ir 30 M Lente 2.8mm Dia Y Noche, Ip67 Ik10 Poe H.265, Ranura Microsd, Incluye Licencia Vitalicia Para Surveillance Stationcompra Mnima Multiplos De 10 Piezas"},"content":{"rendered":"<table class=\"descripcion\">\n<tr>\n<td>Descripcion tecnica<\/td>\n<\/tr>\n<tr>\n<td>Especificaciones de hardware tc500<\/td>\n<\/tr>\n<tr>\n<td>Optica<\/td>\n<\/tr>\n<tr>\n<td>Sensor de imagen 1\/2.7<\/td>\n<\/tr>\n<tr>\n<td>Longitud de onda de led ir 850 nm<\/td>\n<\/tr>\n<tr>\n<td>Distancia ir m\u00e1x. 30m (98.4ft) (0.001lux)<\/td>\n<\/tr>\n<tr>\n<td>Velocidad de obturaci\u00f3n 1\/16000 s a 1\/30 s<\/td>\n<\/tr>\n<tr>\n<td>D\u00eda y noche filtro de infrarrojos extra\u00edble autom\u00e1ticamente<\/td>\n<\/tr>\n<tr>\n<td>Objetivo<\/td>\n<\/tr>\n<tr>\n<td>Tipo de lente focal fijo<\/td>\n<\/tr>\n<tr>\n<td>Distancia de enfoque 2.8 mm<\/td>\n<\/tr>\n<tr>\n<td>Campo de visi\u00f3n 110\u00b0 h, 56\u00b0 v, 132\u00b0 d (ldc on)<\/td>\n<\/tr>\n<tr>\n<td>Apertura f1.8<\/td>\n<\/tr>\n<tr>\n<td>V\u00eddeo<\/td>\n<\/tr>\n<tr>\n<td>Resoluci\u00f3n de v\u00eddeo m\u00e1xima 2880&#215;1620 @ 30 fps<\/td>\n<\/tr>\n<tr>\n<td>Hdr multiexposici\u00f3n:       si<\/td>\n<\/tr>\n<tr>\n<td>Dnr<\/td>\n<\/tr>\n<tr>\n<td>\u0095 3dnr<\/td>\n<\/tr>\n<tr>\n<td>\u0095 2dnr<\/td>\n<\/tr>\n<tr>\n<td>Audio<\/td>\n<\/tr>\n<tr>\n<td>Micr\u00f3fono:       si<\/td>\n<\/tr>\n<tr>\n<td>E\/s ethernet<\/td>\n<\/tr>\n<tr>\n<td>1 puerto ethernet rj45 10m\/100m<\/td>\n<\/tr>\n<tr>\n<td>Restablecer:       si<\/td>\n<\/tr>\n<tr>\n<td>Almacenamiento integrado<\/td>\n<\/tr>\n<tr>\n<td>1 ranura para tarjeta micro sd<\/td>\n<\/tr>\n<tr>\n<td>Compatible con tarjetas micro sdhc\/sdxc de hasta 128 gb<\/td>\n<\/tr>\n<tr>\n<td>Formato de archivo compatible: exfat<\/td>\n<\/tr>\n<tr>\n<td>Observaci\u00f3n: tarjeta sd no incluida<\/td>\n<\/tr>\n<tr>\n<td>Fuente de alimentaci\u00f3n<\/td>\n<\/tr>\n<tr>\n<td>Ieee 802.3af type 1 class 3 or 12v dc<\/td>\n<\/tr>\n<tr>\n<td>Note<\/td>\n<\/tr>\n<tr>\n<td>Adaptador de alimentaci\u00f3n de cc compatible: 12 v\/1 a (\u00f8 2,1 mm)<\/td>\n<\/tr>\n<tr>\n<td>No se incluye el switch poe ni el adaptador de alimentaci\u00f3n cc de 12 v.<\/td>\n<\/tr>\n<tr>\n<td>General<\/td>\n<\/tr>\n<tr>\n<td>Factor de forma torre<\/td>\n<\/tr>\n<tr>\n<td>Dimensiones<\/td>\n<\/tr>\n<tr>\n<td>\u00f897 \u00d7 88 mm (\u00f83.82 \u00d7 3.46\u0094)<\/td>\n<\/tr>\n<tr>\n<td>Peso<\/td>\n<\/tr>\n<tr>\n<td>387 g (0.78 lbs)<\/td>\n<\/tr>\n<tr>\n<td>Temperatura<\/td>\n<\/tr>\n<tr>\n<td>Condiciones de funcionamiento<\/td>\n<\/tr>\n<tr>\n<td>Temperatura de arranque:-30\u00b0c a 50\u00b0c (-22\u00b0f a 122\u00b0f)<\/td>\n<\/tr>\n<tr>\n<td>Temperatura operativa:-30\u00b0c a 50\u00b0c (-22\u00b0f a 122\u00b0f) (ir off)<\/td>\n<\/tr>\n<tr>\n<td>Temperatura operativa:-30\u00b0c a 40 \u00b0c (-22\u00b0f a 104\u00b0f) (ir on)<\/td>\n<\/tr>\n<tr>\n<td>Humedad operativa:5%~95% (sin condensaci\u00f3n)<\/td>\n<\/tr>\n<tr>\n<td>Condici\u00f3n de almacenamiento<\/td>\n<\/tr>\n<tr>\n<td>Temperatura de almacenamiento:-40\u00b0c a 60\u00b0c (-40\u00b0f a 140\u00b0f)<\/td>\n<\/tr>\n<tr>\n<td>Humedad de almacenamiento:5%~95% (sin condensaci\u00f3n)<\/td>\n<\/tr>\n<tr>\n<td>Certificaci\u00f3n<\/td>\n<\/tr>\n<tr>\n<td>\u0095 fcc<\/td>\n<\/tr>\n<tr>\n<td>\u0095 cb<\/td>\n<\/tr>\n<tr>\n<td>\u0095 ic<\/td>\n<\/tr>\n<tr>\n<td>\u0095 ce<\/td>\n<\/tr>\n<tr>\n<td>\u0095 ukca<\/td>\n<\/tr>\n<tr>\n<td>\u0095 bsmi<\/td>\n<\/tr>\n<tr>\n<td>\u0095 vcci<\/td>\n<\/tr>\n<tr>\n<td>\u0095 rcm<\/td>\n<\/tr>\n<tr>\n<td>\u0095 kc<\/td>\n<\/tr>\n<tr>\n<td>\u0095 jate<\/td>\n<\/tr>\n<tr>\n<td>Entorno<\/td>\n<\/tr>\n<tr>\n<td>\u0095 reach compliant<\/td>\n<\/tr>\n<tr>\n<td>\u0095 weee compliant<\/td>\n<\/tr>\n<tr>\n<td>\u0095 rohs compliant<\/td>\n<\/tr>\n<tr>\n<td>Resistente al agua ip67<\/td>\n<\/tr>\n<tr>\n<td>Vandal &#8211; ik10<\/td>\n<\/tr>\n<tr>\n<td>Compatible con ndaa:       si<\/td>\n<\/tr>\n<tr>\n<td>Compatible con taa:     si<\/td>\n<\/tr>\n<tr>\n<td>Garantia  3-year<\/td>\n<\/tr>\n<tr>\n<td>Contenido del paquete<\/td>\n<\/tr>\n<tr>\n<td>\u0095 unidad principal x 1<\/td>\n<\/tr>\n<tr>\n<td>\u0095 1 gu\u00eda de instalaci\u00f3n<\/td>\n<\/tr>\n<tr>\n<td>\u0095 1 paquete de tornillos<\/td>\n<\/tr>\n<tr>\n<td>\u0095 1 cubierta de la tapa de rj45<\/td>\n<\/tr>\n<\/table>\n","protected":false},"excerpt":{"rendered":"<p>Descripcion comercial. La tc500 es una camara versatil con ia gran angular de 5 mp con clasificacion ip67 adecuada para uso en interiores y exteriores. Las camaras de synology estan diseniadas para emparejarse con surveillance station, lo que proporciona una facilidad de uso sin precedentes gracias a la configuracion rapida y sencilla, la configuracion por lotes y las actualizaciones de firmware sin problemas. Estas camaras estan repletas de funciones con visi\u00f3n nocturna ir de 30 m, detecci\u00f3n de fallas en los bordes, detecci\u00f3n de ia en la camara (personas y vehiculos) y b\u00fasqueda mejorada.<\/p>\n","protected":false},"featured_media":216939,"comment_status":"open","ping_status":"open","template":"","meta":[],"product_cat":[1608,1681],"product_tag":[1561],"acf":[],"yoast_head":"<!-- This site is optimized with the Yoast SEO plugin v21.7 - https:\/\/yoast.com\/wordpress\/plugins\/seo\/ -->\n<title>[ Synology ] &#129351; Tc500 Camara Ip Turret 5 Mp Ir 30 M Lente 2.8mm Dia Y Noche, Ip67 Ik10 Poe H.265, Ranura Microsd, Incluye Licencia Vitalicia Para Surveillance Stationcompra Mnima Multiplos De 10 Piezas<\/title>\n<meta name=\"description\" content=\"Compra Tc500 Camara Ip Turret 5 Mp Ir 30 M Lente 2.8mm Dia Y Noche, Ip67 Ik10 Poe H.265, Ranura Microsd, Incluye Licencia Vitalicia Para Surveillance Stationcompra Mnima Multiplos De 10 Piezas + Env\u00edo a domicilio + Pago seguro + Garant\u00eda\" \/>\n<meta name=\"robots\" content=\"index, follow, max-snippet:-1, max-image-preview:large, max-video-preview:-1\" \/>\n<link rel=\"canonical\" href=\"https:\/\/compuviper.mx\/tienda\/producto\/synology-tc500-camara-ip-turret-5-mp-ir-30-m-lente-2-8mm-dia-y-noche-ip67-ik10-poe-h-265-ranura-microsd-incluye-licencia-vitalicia-para-surveillance-stationcompra-mnima-multiplos-de-10-piezas\/\" \/>\n<meta property=\"og:locale\" content=\"es_MX\" \/>\n<meta property=\"og:type\" content=\"article\" \/>\n<meta property=\"og:title\" content=\"[ Synology ] &#129351; Tc500 Camara Ip Turret 5 Mp Ir 30 M Lente 2.8mm Dia Y Noche, Ip67 Ik10 Poe H.265, Ranura Microsd, Incluye Licencia Vitalicia Para Surveillance Stationcompra Mnima Multiplos De 10 Piezas\" \/>\n<meta property=\"og:description\" content=\"Compra Tc500 Camara Ip Turret 5 Mp Ir 30 M Lente 2.8mm Dia Y Noche, Ip67 Ik10 Poe H.265, Ranura Microsd, Incluye Licencia Vitalicia Para Surveillance Stationcompra Mnima Multiplos De 10 Piezas + Env\u00edo a domicilio + Pago seguro + Garant\u00eda\" \/>\n<meta property=\"og:url\" content=\"https:\/\/compuviper.mx\/tienda\/producto\/synology-tc500-camara-ip-turret-5-mp-ir-30-m-lente-2-8mm-dia-y-noche-ip67-ik10-poe-h-265-ranura-microsd-incluye-licencia-vitalicia-para-surveillance-stationcompra-mnima-multiplos-de-10-piezas\/\" \/>\n<meta property=\"og:site_name\" content=\"Compuviper\" \/>\n<meta property=\"article:publisher\" content=\"https:\/\/www.facebook.com\/compuviper\" \/>\n<meta property=\"article:modified_time\" content=\"2026-04-23T06:11:47+00:00\" \/>\n<meta property=\"og:image\" content=\"https:\/\/compuviper.mx\/tienda\/wp-content\/uploads\/2023\/12\/Camara-ip-synology-tc500-turret-5-mp-ir-30-m-lente-2.8mm-dia-y-noche-ip67-ik10-poe-h.265-ranura-microsd-incluye-licencia-vitalicia-para-surveillance-stationcompra-mnima-multiplos-de-10-piezas.jpg\" \/>\n\t<meta property=\"og:image:width\" content=\"200\" \/>\n\t<meta property=\"og:image:height\" content=\"200\" \/>\n\t<meta property=\"og:image:type\" content=\"image\/jpeg\" \/>\n<meta name=\"twitter:card\" content=\"summary_large_image\" \/>\n<meta name=\"twitter:label1\" content=\"Precio\" \/>\n\t<meta name=\"twitter:data1\" content=\"&#36;5,640 con IVA\" \/>\n\t<meta name=\"twitter:label2\" content=\"Availability\" \/>\n\t<meta name=\"twitter:data2\" content=\"On backorder\" \/>\n<script type=\"application\/ld+json\" class=\"yoast-schema-graph\">{\"@context\":\"https:\/\/schema.org\",\"@graph\":[{\"@type\":\"WebPage\",\"@id\":\"https:\/\/compuviper.mx\/tienda\/producto\/synology-tc500-camara-ip-turret-5-mp-ir-30-m-lente-2-8mm-dia-y-noche-ip67-ik10-poe-h-265-ranura-microsd-incluye-licencia-vitalicia-para-surveillance-stationcompra-mnima-multiplos-de-10-piezas\/\",\"url\":\"https:\/\/compuviper.mx\/tienda\/producto\/synology-tc500-camara-ip-turret-5-mp-ir-30-m-lente-2-8mm-dia-y-noche-ip67-ik10-poe-h-265-ranura-microsd-incluye-licencia-vitalicia-para-surveillance-stationcompra-mnima-multiplos-de-10-piezas\/\",\"name\":\"[ Synology ] &#129351; Tc500 Camara Ip Turret 5 Mp Ir 30 M Lente 2.8mm Dia Y Noche, Ip67 Ik10 Poe H.265, Ranura Microsd, Incluye Licencia Vitalicia Para Surveillance Stationcompra Mnima Multiplos De 10 Piezas\",\"isPartOf\":{\"@id\":\"https:\/\/compuviper.mx\/tienda\/#website\"},\"datePublished\":\"2026-04-23T06:11:46+00:00\",\"dateModified\":\"2026-04-23T06:11:47+00:00\",\"description\":\"Compra Tc500 Camara Ip Turret 5 Mp Ir 30 M Lente 2.8mm Dia Y Noche, Ip67 Ik10 Poe H.265, Ranura Microsd, Incluye Licencia Vitalicia Para Surveillance Stationcompra Mnima Multiplos De 10 Piezas + Env\u00edo a domicilio + Pago seguro + Garant\u00eda\",\"breadcrumb\":{\"@id\":\"https:\/\/compuviper.mx\/tienda\/producto\/synology-tc500-camara-ip-turret-5-mp-ir-30-m-lente-2-8mm-dia-y-noche-ip67-ik10-poe-h-265-ranura-microsd-incluye-licencia-vitalicia-para-surveillance-stationcompra-mnima-multiplos-de-10-piezas\/#breadcrumb\"},\"inLanguage\":\"es-MX\",\"potentialAction\":[{\"@type\":\"ReadAction\",\"target\":[\"https:\/\/compuviper.mx\/tienda\/producto\/synology-tc500-camara-ip-turret-5-mp-ir-30-m-lente-2-8mm-dia-y-noche-ip67-ik10-poe-h-265-ranura-microsd-incluye-licencia-vitalicia-para-surveillance-stationcompra-mnima-multiplos-de-10-piezas\/\"]}]},{\"@type\":\"BreadcrumbList\",\"@id\":\"https:\/\/compuviper.mx\/tienda\/producto\/synology-tc500-camara-ip-turret-5-mp-ir-30-m-lente-2-8mm-dia-y-noche-ip67-ik10-poe-h-265-ranura-microsd-incluye-licencia-vitalicia-para-surveillance-stationcompra-mnima-multiplos-de-10-piezas\/#breadcrumb\",\"itemListElement\":[{\"@type\":\"ListItem\",\"position\":1,\"name\":\"Inicio\",\"item\":\"https:\/\/compuviper.mx\/tienda\/\"},{\"@type\":\"ListItem\",\"position\":2,\"name\":\"Productos\",\"item\":\"https:\/\/compuviper.mx\/tienda\/productos\/\"},{\"@type\":\"ListItem\",\"position\":3,\"name\":\"Camaras\",\"item\":\"https:\/\/compuviper.mx\/tienda\/categoria-producto\/camaras-2\/\"},{\"@type\":\"ListItem\",\"position\":4,\"name\":\"Camara De Videovigilancia\",\"item\":\"https:\/\/compuviper.mx\/tienda\/categoria-producto\/camaras-2\/camara-de-videovigilancia\/\"},{\"@type\":\"ListItem\",\"position\":5,\"name\":\"Synology Tc500 Camara Ip Turret 5 Mp Ir 30 M Lente 2.8mm Dia Y Noche, Ip67 Ik10 Poe H.265, Ranura Microsd, Incluye Licencia Vitalicia Para Surveillance Stationcompra Mnima Multiplos De 10 Piezas\"}]},{\"@type\":\"WebSite\",\"@id\":\"https:\/\/compuviper.mx\/tienda\/#website\",\"url\":\"https:\/\/compuviper.mx\/tienda\/\",\"name\":\"Compuviper\",\"description\":\"Proveedor de Computadoras, Laptops, Servidores, Monitores, Puntos de Venta, Teclados,   Impresoras, T\u00f3ner, C\u00e1maras de Seguridad y m\u00e1s en tu tienda en l\u00ednea\",\"publisher\":{\"@id\":\"https:\/\/compuviper.mx\/tienda\/#organization\"},\"potentialAction\":[{\"@type\":\"SearchAction\",\"target\":{\"@type\":\"EntryPoint\",\"urlTemplate\":\"https:\/\/compuviper.mx\/tienda\/?s={search_term_string}\"},\"query-input\":\"required name=search_term_string\"}],\"inLanguage\":\"es-MX\"},{\"@type\":\"Organization\",\"@id\":\"https:\/\/compuviper.mx\/tienda\/#organization\",\"name\":\"Compuviper\",\"url\":\"https:\/\/compuviper.mx\/tienda\/\",\"logo\":{\"@type\":\"ImageObject\",\"inLanguage\":\"es-MX\",\"@id\":\"https:\/\/compuviper.mx\/tienda\/#\/schema\/logo\/image\/\",\"url\":\"https:\/\/compuviper.mx\/tienda\/wp-content\/uploads\/2021\/08\/Logo-Compuviper-10.png\",\"contentUrl\":\"https:\/\/compuviper.mx\/tienda\/wp-content\/uploads\/2021\/08\/Logo-Compuviper-10.png\",\"width\":1000,\"height\":500,\"caption\":\"Compuviper\"},\"image\":{\"@id\":\"https:\/\/compuviper.mx\/tienda\/#\/schema\/logo\/image\/\"},\"sameAs\":[\"https:\/\/www.facebook.com\/compuviper\",\"https:\/\/www.youtube.com\/channel\/UCf73dERp9Y3cfOq7q8BhLjA?view_as=subscriber\"]}]}<\/script>\n<meta property=\"product:brand\" content=\"SYNOLOGY\" \/>\n<meta property=\"product:price:amount\" content=\"5640\" \/>\n<meta property=\"product:price:currency\" content=\"MXN\" \/>\n<meta property=\"og:availability\" content=\"backorder\" \/>\n<meta property=\"product:availability\" content=\"available for order\" \/>\n<meta property=\"product:retailer_item_id\" content=\"TC500\" \/>\n<meta property=\"product:condition\" content=\"new\" \/>\n<!-- \/ Yoast SEO plugin. -->","yoast_head_json":{"title":"[ Synology ] &#129351; Tc500 Camara Ip Turret 5 Mp Ir 30 M Lente 2.8mm Dia Y Noche, Ip67 Ik10 Poe H.265, Ranura Microsd, Incluye Licencia Vitalicia Para Surveillance Stationcompra Mnima Multiplos De 10 Piezas","description":"Compra Tc500 Camara Ip Turret 5 Mp Ir 30 M Lente 2.8mm Dia Y Noche, Ip67 Ik10 Poe H.265, Ranura Microsd, Incluye Licencia Vitalicia Para Surveillance Stationcompra Mnima Multiplos De 10 Piezas + Env\u00edo a domicilio + Pago seguro + Garant\u00eda","robots":{"index":"index","follow":"follow","max-snippet":"max-snippet:-1","max-image-preview":"max-image-preview:large","max-video-preview":"max-video-preview:-1"},"canonical":"https:\/\/compuviper.mx\/tienda\/producto\/synology-tc500-camara-ip-turret-5-mp-ir-30-m-lente-2-8mm-dia-y-noche-ip67-ik10-poe-h-265-ranura-microsd-incluye-licencia-vitalicia-para-surveillance-stationcompra-mnima-multiplos-de-10-piezas\/","og_locale":"es_MX","og_type":"article","og_title":"[ Synology ] &#129351; Tc500 Camara Ip Turret 5 Mp Ir 30 M Lente 2.8mm Dia Y Noche, Ip67 Ik10 Poe H.265, Ranura Microsd, Incluye Licencia Vitalicia Para Surveillance Stationcompra Mnima Multiplos De 10 Piezas","og_description":"Compra Tc500 Camara Ip Turret 5 Mp Ir 30 M Lente 2.8mm Dia Y Noche, Ip67 Ik10 Poe H.265, Ranura Microsd, Incluye Licencia Vitalicia Para Surveillance Stationcompra Mnima Multiplos De 10 Piezas + Env\u00edo a domicilio + Pago seguro + Garant\u00eda","og_url":"https:\/\/compuviper.mx\/tienda\/producto\/synology-tc500-camara-ip-turret-5-mp-ir-30-m-lente-2-8mm-dia-y-noche-ip67-ik10-poe-h-265-ranura-microsd-incluye-licencia-vitalicia-para-surveillance-stationcompra-mnima-multiplos-de-10-piezas\/","og_site_name":"Compuviper","article_publisher":"https:\/\/www.facebook.com\/compuviper","article_modified_time":"2026-04-23T06:11:47+00:00","og_image":[{"width":200,"height":200,"url":"https:\/\/compuviper.mx\/tienda\/wp-content\/uploads\/2023\/12\/Camara-ip-synology-tc500-turret-5-mp-ir-30-m-lente-2.8mm-dia-y-noche-ip67-ik10-poe-h.265-ranura-microsd-incluye-licencia-vitalicia-para-surveillance-stationcompra-mnima-multiplos-de-10-piezas.jpg","type":"image\/jpeg"}],"twitter_card":"summary_large_image","twitter_misc":{"Precio":"&#36;5,640 con IVA","Availability":"On backorder"},"schema":{"@context":"https:\/\/schema.org","@graph":[{"@type":"WebPage","@id":"https:\/\/compuviper.mx\/tienda\/producto\/synology-tc500-camara-ip-turret-5-mp-ir-30-m-lente-2-8mm-dia-y-noche-ip67-ik10-poe-h-265-ranura-microsd-incluye-licencia-vitalicia-para-surveillance-stationcompra-mnima-multiplos-de-10-piezas\/","url":"https:\/\/compuviper.mx\/tienda\/producto\/synology-tc500-camara-ip-turret-5-mp-ir-30-m-lente-2-8mm-dia-y-noche-ip67-ik10-poe-h-265-ranura-microsd-incluye-licencia-vitalicia-para-surveillance-stationcompra-mnima-multiplos-de-10-piezas\/","name":"[ Synology ] &#129351; Tc500 Camara Ip Turret 5 Mp Ir 30 M Lente 2.8mm Dia Y Noche, Ip67 Ik10 Poe H.265, Ranura Microsd, Incluye Licencia Vitalicia Para Surveillance Stationcompra Mnima Multiplos De 10 Piezas","isPartOf":{"@id":"https:\/\/compuviper.mx\/tienda\/#website"},"datePublished":"2026-04-23T06:11:46+00:00","dateModified":"2026-04-23T06:11:47+00:00","description":"Compra Tc500 Camara Ip Turret 5 Mp Ir 30 M Lente 2.8mm Dia Y Noche, Ip67 Ik10 Poe H.265, Ranura Microsd, Incluye Licencia Vitalicia Para Surveillance Stationcompra Mnima Multiplos De 10 Piezas + Env\u00edo a domicilio + Pago seguro + Garant\u00eda","breadcrumb":{"@id":"https:\/\/compuviper.mx\/tienda\/producto\/synology-tc500-camara-ip-turret-5-mp-ir-30-m-lente-2-8mm-dia-y-noche-ip67-ik10-poe-h-265-ranura-microsd-incluye-licencia-vitalicia-para-surveillance-stationcompra-mnima-multiplos-de-10-piezas\/#breadcrumb"},"inLanguage":"es-MX","potentialAction":[{"@type":"ReadAction","target":["https:\/\/compuviper.mx\/tienda\/producto\/synology-tc500-camara-ip-turret-5-mp-ir-30-m-lente-2-8mm-dia-y-noche-ip67-ik10-poe-h-265-ranura-microsd-incluye-licencia-vitalicia-para-surveillance-stationcompra-mnima-multiplos-de-10-piezas\/"]}]},{"@type":"BreadcrumbList","@id":"https:\/\/compuviper.mx\/tienda\/producto\/synology-tc500-camara-ip-turret-5-mp-ir-30-m-lente-2-8mm-dia-y-noche-ip67-ik10-poe-h-265-ranura-microsd-incluye-licencia-vitalicia-para-surveillance-stationcompra-mnima-multiplos-de-10-piezas\/#breadcrumb","itemListElement":[{"@type":"ListItem","position":1,"name":"Inicio","item":"https:\/\/compuviper.mx\/tienda\/"},{"@type":"ListItem","position":2,"name":"Productos","item":"https:\/\/compuviper.mx\/tienda\/productos\/"},{"@type":"ListItem","position":3,"name":"Camaras","item":"https:\/\/compuviper.mx\/tienda\/categoria-producto\/camaras-2\/"},{"@type":"ListItem","position":4,"name":"Camara De Videovigilancia","item":"https:\/\/compuviper.mx\/tienda\/categoria-producto\/camaras-2\/camara-de-videovigilancia\/"},{"@type":"ListItem","position":5,"name":"Synology Tc500 Camara Ip Turret 5 Mp Ir 30 M Lente 2.8mm Dia Y Noche, Ip67 Ik10 Poe H.265, Ranura Microsd, Incluye Licencia Vitalicia Para Surveillance Stationcompra Mnima Multiplos De 10 Piezas"}]},{"@type":"WebSite","@id":"https:\/\/compuviper.mx\/tienda\/#website","url":"https:\/\/compuviper.mx\/tienda\/","name":"Compuviper","description":"Proveedor de Computadoras, Laptops, Servidores, Monitores, Puntos de Venta, Teclados,   Impresoras, T\u00f3ner, C\u00e1maras de Seguridad y m\u00e1s en tu tienda en l\u00ednea","publisher":{"@id":"https:\/\/compuviper.mx\/tienda\/#organization"},"potentialAction":[{"@type":"SearchAction","target":{"@type":"EntryPoint","urlTemplate":"https:\/\/compuviper.mx\/tienda\/?s={search_term_string}"},"query-input":"required name=search_term_string"}],"inLanguage":"es-MX"},{"@type":"Organization","@id":"https:\/\/compuviper.mx\/tienda\/#organization","name":"Compuviper","url":"https:\/\/compuviper.mx\/tienda\/","logo":{"@type":"ImageObject","inLanguage":"es-MX","@id":"https:\/\/compuviper.mx\/tienda\/#\/schema\/logo\/image\/","url":"https:\/\/compuviper.mx\/tienda\/wp-content\/uploads\/2021\/08\/Logo-Compuviper-10.png","contentUrl":"https:\/\/compuviper.mx\/tienda\/wp-content\/uploads\/2021\/08\/Logo-Compuviper-10.png","width":1000,"height":500,"caption":"Compuviper"},"image":{"@id":"https:\/\/compuviper.mx\/tienda\/#\/schema\/logo\/image\/"},"sameAs":["https:\/\/www.facebook.com\/compuviper","https:\/\/www.youtube.com\/channel\/UCf73dERp9Y3cfOq7q8BhLjA?view_as=subscriber"]}]},"product_brand":"SYNOLOGY","product_price_amount":"5640","product_price_currency":"MXN","og_availability":"backorder","product_availability":"available for order","product_retailer_item_id":"TC500","product_condition":"new"},"_links":{"self":[{"href":"https:\/\/compuviper.mx\/tienda\/wp-json\/wp\/v2\/product\/216938"}],"collection":[{"href":"https:\/\/compuviper.mx\/tienda\/wp-json\/wp\/v2\/product"}],"about":[{"href":"https:\/\/compuviper.mx\/tienda\/wp-json\/wp\/v2\/types\/product"}],"replies":[{"embeddable":true,"href":"https:\/\/compuviper.mx\/tienda\/wp-json\/wp\/v2\/comments?post=216938"}],"wp:featuredmedia":[{"embeddable":true,"href":"https:\/\/compuviper.mx\/tienda\/wp-json\/wp\/v2\/media\/216939"}],"wp:attachment":[{"href":"https:\/\/compuviper.mx\/tienda\/wp-json\/wp\/v2\/media?parent=216938"}],"wp:term":[{"taxonomy":"product_cat","embeddable":true,"href":"https:\/\/compuviper.mx\/tienda\/wp-json\/wp\/v2\/product_cat?post=216938"},{"taxonomy":"product_tag","embeddable":true,"href":"https:\/\/compuviper.mx\/tienda\/wp-json\/wp\/v2\/product_tag?post=216938"}],"curies":[{"name":"wp","href":"https:\/\/api.w.org\/{rel}","templated":true}]}}