{"id":216918,"date":"2026-04-23T00:11:44","date_gmt":"2026-04-23T06:11:44","guid":{"rendered":"https:\/\/compuviper.mx\/tienda\/producto\/hikvision-ds-pdpc12p-eg2-wb-camara-inalambrica-inalmbrica-pir-6-aos-de-batera-inmunidad-a-mascotas-rango-de-deteccin-de-12-mts-angulo-de-85-9-de-cobertura-1-kilmetro-de-cobertura\/"},"modified":"2026-04-23T00:11:44","modified_gmt":"2026-04-23T06:11:44","slug":"hikvision-ds-pdpc12p-eg2-wb-camara-inalambrica-inalmbrica-pir-6-aos-de-batera-inmunidad-a-mascotas-rango-de-deteccin-de-12-mts-angulo-de-85-9-de-cobertura-1-kilmetro-de-cobertura","status":"publish","type":"product","link":"https:\/\/compuviper.mx\/tienda\/producto\/hikvision-ds-pdpc12p-eg2-wb-camara-inalambrica-inalmbrica-pir-6-aos-de-batera-inmunidad-a-mascotas-rango-de-deteccin-de-12-mts-angulo-de-85-9-de-cobertura-1-kilmetro-de-cobertura\/","title":{"rendered":"Hikvision Ds-pdpc12p-eg2-wb Camara Inalambrica   Inal?mbrica + Pir \/ 6 A?os De Bater?a \/ Inmunidad A Mascotas \/ Rango De Detecci?n De 12 Mts \/ Angulo De 85.9? De Cobertura \/ 1 Kil?metro De Cobertura \/"},"content":{"rendered":"<table class=\"descripcion\">\n<tr>\n<td>Caracteristicas principales:<\/td>\n<\/tr>\n<tr>\n<td>    alarma de intrusion.<\/td>\n<\/tr>\n<tr>\n<td>    rango de deteccion: 12 m.<\/td>\n<\/tr>\n<tr>\n<td>    angulo de deteccion: 85.9\u00b0.<\/td>\n<\/tr>\n<tr>\n<td>    inmunidad contra mascotas: 30kg.<\/td>\n<\/tr>\n<tr>\n<td>    resolucion maxima de la camara: 640 x 480.<\/td>\n<\/tr>\n<tr>\n<td>    no incluye montaje (cotizar el modelo ds-pdb-in-w).<\/td>\n<\/tr>\n<tr>\n<td>Caracteristicas fisicas y electricas:<\/td>\n<\/tr>\n<tr>\n<td>    voltaje de operacion: baterias de 3v \/ 3 x cr123a (incluida).<\/td>\n<\/tr>\n<tr>\n<td>    tiempo util de la bater\u00eda: 6 a\u00f1os<\/td>\n<\/tr>\n<tr>\n<td>    tamper antisabotaje.<\/td>\n<\/tr>\n<tr>\n<td>    temperatura de operaci\u00f3n: -10\u00b0 &#8211; 55\u00b0c.<\/td>\n<\/tr>\n<tr>\n<td>    dimensiones: 72.2 x 120.5 x 56.7 mm.<\/td>\n<\/tr>\n<tr>\n<td>    garant\u00eda: 2 a\u00f1os.<\/td>\n<\/tr>\n<\/table>\n","protected":false},"excerpt":{"rendered":"<p>Caracteristicas destacadas. Detector inalambrico bidireccional totalmente supervisado con camara incorporada de alta calidad que puede proporcionar una solucion ideal para la verificacion de video a traves de imagenes en movimiento transmitidas a un arc o telefonos personales a traves de aplicaciones.<\/p>\n","protected":false},"featured_media":216919,"comment_status":"open","ping_status":"open","template":"","meta":[],"product_cat":[2199,1608],"product_tag":[1595],"acf":[],"yoast_head":"<!-- This site is optimized with the Yoast SEO plugin v21.7 - https:\/\/yoast.com\/wordpress\/plugins\/seo\/ -->\n<title>[ Hikvision ] &#129351; Ds-pdpc12p-eg2-wb Camara Inalambrica Inal\u00e1mbrica + Pir \/ 6 A\u00f1os De Bater\u00eda \/ Inmunidad A Mascotas \/ Rango De Detecci\u00f3n De 12 Mts \/ Angulo De 85.9\u00b0 De Cobertura \/ 1 Kil\u00f3metro De Cobertura \/<\/title>\n<meta name=\"description\" content=\"Compra Ds-pdpc12p-eg2-wb Camara Inalambrica Inal\u00e1mbrica + Pir \/ 6 A\u00f1os De Bater\u00eda \/ Inmunidad A Mascotas \/ Rango De Detecci\u00f3n De 12 Mts \/ Angulo De 85.9\u00b0 De Cobertura \/ 1 Kil\u00f3metro De Cobertura \/ + Env\u00edo a domicilio + Pago seguro + Garant\u00eda\" \/>\n<meta name=\"robots\" content=\"index, follow, max-snippet:-1, max-image-preview:large, max-video-preview:-1\" \/>\n<link rel=\"canonical\" href=\"https:\/\/compuviper.mx\/tienda\/producto\/hikvision-ds-pdpc12p-eg2-wb-camara-inalambrica-inalmbrica-pir-6-aos-de-batera-inmunidad-a-mascotas-rango-de-deteccin-de-12-mts-angulo-de-85-9-de-cobertura-1-kilmetro-de-cobertura\/\" \/>\n<meta property=\"og:locale\" content=\"es_MX\" \/>\n<meta property=\"og:type\" content=\"article\" \/>\n<meta property=\"og:title\" content=\"[ Hikvision ] &#129351; Ds-pdpc12p-eg2-wb Camara Inalambrica Inal\u00e1mbrica + Pir \/ 6 A\u00f1os De Bater\u00eda \/ Inmunidad A Mascotas \/ Rango De Detecci\u00f3n De 12 Mts \/ Angulo De 85.9\u00b0 De Cobertura \/ 1 Kil\u00f3metro De Cobertura \/\" \/>\n<meta property=\"og:description\" content=\"Compra Ds-pdpc12p-eg2-wb Camara Inalambrica Inal\u00e1mbrica + Pir \/ 6 A\u00f1os De Bater\u00eda \/ Inmunidad A Mascotas \/ Rango De Detecci\u00f3n De 12 Mts \/ Angulo De 85.9\u00b0 De Cobertura \/ 1 Kil\u00f3metro De Cobertura \/ + Env\u00edo a domicilio + Pago seguro + Garant\u00eda\" \/>\n<meta property=\"og:url\" content=\"https:\/\/compuviper.mx\/tienda\/producto\/hikvision-ds-pdpc12p-eg2-wb-camara-inalambrica-inalmbrica-pir-6-aos-de-batera-inmunidad-a-mascotas-rango-de-deteccin-de-12-mts-angulo-de-85-9-de-cobertura-1-kilmetro-de-cobertura\/\" \/>\n<meta property=\"og:site_name\" content=\"Compuviper\" \/>\n<meta property=\"article:publisher\" content=\"https:\/\/www.facebook.com\/compuviper\" \/>\n<meta property=\"og:image\" content=\"https:\/\/compuviper.mx\/tienda\/wp-content\/uploads\/2023\/12\/Camara-inalambrica-hikvision-ds-pdpc12p-eg2-wb-inalambrica-pir-6-anos-de-bateria-inmunidad-a-mascotas-rango-de-deteccion-de-12-mts-angulo-de-85.9\u00b0-de-cobertura-1-kilometro-de-cobertura.jpg\" \/>\n\t<meta property=\"og:image:width\" content=\"200\" \/>\n\t<meta property=\"og:image:height\" content=\"200\" \/>\n\t<meta property=\"og:image:type\" content=\"image\/jpeg\" \/>\n<meta name=\"twitter:card\" content=\"summary_large_image\" \/>\n<meta name=\"twitter:label1\" content=\"Precio\" \/>\n\t<meta name=\"twitter:data1\" content=\"&#36;1,130 con IVA\" \/>\n\t<meta name=\"twitter:label2\" content=\"Availability\" \/>\n\t<meta name=\"twitter:data2\" content=\"On backorder\" \/>\n<script type=\"application\/ld+json\" class=\"yoast-schema-graph\">{\"@context\":\"https:\/\/schema.org\",\"@graph\":[{\"@type\":\"WebPage\",\"@id\":\"https:\/\/compuviper.mx\/tienda\/producto\/hikvision-ds-pdpc12p-eg2-wb-camara-inalambrica-inalmbrica-pir-6-aos-de-batera-inmunidad-a-mascotas-rango-de-deteccin-de-12-mts-angulo-de-85-9-de-cobertura-1-kilmetro-de-cobertura\/\",\"url\":\"https:\/\/compuviper.mx\/tienda\/producto\/hikvision-ds-pdpc12p-eg2-wb-camara-inalambrica-inalmbrica-pir-6-aos-de-batera-inmunidad-a-mascotas-rango-de-deteccin-de-12-mts-angulo-de-85-9-de-cobertura-1-kilmetro-de-cobertura\/\",\"name\":\"[ Hikvision ] &#129351; Ds-pdpc12p-eg2-wb Camara Inalambrica Inal\u00e1mbrica + Pir \/ 6 A\u00f1os De Bater\u00eda \/ Inmunidad A Mascotas \/ Rango De Detecci\u00f3n De 12 Mts \/ Angulo De 85.9\u00b0 De Cobertura \/ 1 Kil\u00f3metro De Cobertura \/\",\"isPartOf\":{\"@id\":\"https:\/\/compuviper.mx\/tienda\/#website\"},\"datePublished\":\"2026-04-23T06:11:44+00:00\",\"dateModified\":\"2026-04-23T06:11:44+00:00\",\"description\":\"Compra Ds-pdpc12p-eg2-wb Camara Inalambrica Inal\u00e1mbrica + Pir \/ 6 A\u00f1os De Bater\u00eda \/ Inmunidad A Mascotas \/ Rango De Detecci\u00f3n De 12 Mts \/ Angulo De 85.9\u00b0 De Cobertura \/ 1 Kil\u00f3metro De Cobertura \/ + Env\u00edo a domicilio + Pago seguro + Garant\u00eda\",\"breadcrumb\":{\"@id\":\"https:\/\/compuviper.mx\/tienda\/producto\/hikvision-ds-pdpc12p-eg2-wb-camara-inalambrica-inalmbrica-pir-6-aos-de-batera-inmunidad-a-mascotas-rango-de-deteccin-de-12-mts-angulo-de-85-9-de-cobertura-1-kilmetro-de-cobertura\/#breadcrumb\"},\"inLanguage\":\"es-MX\",\"potentialAction\":[{\"@type\":\"ReadAction\",\"target\":[\"https:\/\/compuviper.mx\/tienda\/producto\/hikvision-ds-pdpc12p-eg2-wb-camara-inalambrica-inalmbrica-pir-6-aos-de-batera-inmunidad-a-mascotas-rango-de-deteccin-de-12-mts-angulo-de-85-9-de-cobertura-1-kilmetro-de-cobertura\/\"]}]},{\"@type\":\"BreadcrumbList\",\"@id\":\"https:\/\/compuviper.mx\/tienda\/producto\/hikvision-ds-pdpc12p-eg2-wb-camara-inalambrica-inalmbrica-pir-6-aos-de-batera-inmunidad-a-mascotas-rango-de-deteccin-de-12-mts-angulo-de-85-9-de-cobertura-1-kilmetro-de-cobertura\/#breadcrumb\",\"itemListElement\":[{\"@type\":\"ListItem\",\"position\":1,\"name\":\"Inicio\",\"item\":\"https:\/\/compuviper.mx\/tienda\/\"},{\"@type\":\"ListItem\",\"position\":2,\"name\":\"Productos\",\"item\":\"https:\/\/compuviper.mx\/tienda\/productos\/\"},{\"@type\":\"ListItem\",\"position\":3,\"name\":\"Camaras\",\"item\":\"https:\/\/compuviper.mx\/tienda\/categoria-producto\/camaras-2\/\"},{\"@type\":\"ListItem\",\"position\":4,\"name\":\"Camara De Monitoreo\",\"item\":\"https:\/\/compuviper.mx\/tienda\/categoria-producto\/camaras-2\/camara-de-monitoreo\/\"},{\"@type\":\"ListItem\",\"position\":5,\"name\":\"Hikvision Ds-pdpc12p-eg2-wb Camara Inalambrica Inal?mbrica + Pir \/ 6 A?os De Bater?a \/ Inmunidad A Mascotas \/ Rango De Detecci?n De 12 Mts \/ Angulo De 85.9? De Cobertura \/ 1 Kil?metro De Cobertura \/\"}]},{\"@type\":\"WebSite\",\"@id\":\"https:\/\/compuviper.mx\/tienda\/#website\",\"url\":\"https:\/\/compuviper.mx\/tienda\/\",\"name\":\"Compuviper\",\"description\":\"Proveedor de Computadoras, Laptops, Servidores, Monitores, Puntos de Venta, Teclados,   Impresoras, T\u00f3ner, C\u00e1maras de Seguridad y m\u00e1s en tu tienda en l\u00ednea\",\"publisher\":{\"@id\":\"https:\/\/compuviper.mx\/tienda\/#organization\"},\"potentialAction\":[{\"@type\":\"SearchAction\",\"target\":{\"@type\":\"EntryPoint\",\"urlTemplate\":\"https:\/\/compuviper.mx\/tienda\/?s={search_term_string}\"},\"query-input\":\"required name=search_term_string\"}],\"inLanguage\":\"es-MX\"},{\"@type\":\"Organization\",\"@id\":\"https:\/\/compuviper.mx\/tienda\/#organization\",\"name\":\"Compuviper\",\"url\":\"https:\/\/compuviper.mx\/tienda\/\",\"logo\":{\"@type\":\"ImageObject\",\"inLanguage\":\"es-MX\",\"@id\":\"https:\/\/compuviper.mx\/tienda\/#\/schema\/logo\/image\/\",\"url\":\"https:\/\/compuviper.mx\/tienda\/wp-content\/uploads\/2021\/08\/Logo-Compuviper-10.png\",\"contentUrl\":\"https:\/\/compuviper.mx\/tienda\/wp-content\/uploads\/2021\/08\/Logo-Compuviper-10.png\",\"width\":1000,\"height\":500,\"caption\":\"Compuviper\"},\"image\":{\"@id\":\"https:\/\/compuviper.mx\/tienda\/#\/schema\/logo\/image\/\"},\"sameAs\":[\"https:\/\/www.facebook.com\/compuviper\",\"https:\/\/www.youtube.com\/channel\/UCf73dERp9Y3cfOq7q8BhLjA?view_as=subscriber\"]}]}<\/script>\n<meta property=\"product:brand\" content=\"HIKVISION\" \/>\n<meta property=\"product:price:amount\" content=\"1130\" \/>\n<meta property=\"product:price:currency\" content=\"MXN\" \/>\n<meta property=\"og:availability\" content=\"backorder\" \/>\n<meta property=\"product:availability\" content=\"available for order\" \/>\n<meta property=\"product:retailer_item_id\" content=\"DS-PDPC12P-EG2-WB\" \/>\n<meta property=\"product:condition\" content=\"new\" \/>\n<!-- \/ Yoast SEO plugin. -->","yoast_head_json":{"title":"[ Hikvision ] &#129351; Ds-pdpc12p-eg2-wb Camara Inalambrica Inal\u00e1mbrica + Pir \/ 6 A\u00f1os De Bater\u00eda \/ Inmunidad A Mascotas \/ Rango De Detecci\u00f3n De 12 Mts \/ Angulo De 85.9\u00b0 De Cobertura \/ 1 Kil\u00f3metro De Cobertura \/","description":"Compra Ds-pdpc12p-eg2-wb Camara Inalambrica Inal\u00e1mbrica + Pir \/ 6 A\u00f1os De Bater\u00eda \/ Inmunidad A Mascotas \/ Rango De Detecci\u00f3n De 12 Mts \/ Angulo De 85.9\u00b0 De Cobertura \/ 1 Kil\u00f3metro De Cobertura \/ + Env\u00edo a domicilio + Pago seguro + Garant\u00eda","robots":{"index":"index","follow":"follow","max-snippet":"max-snippet:-1","max-image-preview":"max-image-preview:large","max-video-preview":"max-video-preview:-1"},"canonical":"https:\/\/compuviper.mx\/tienda\/producto\/hikvision-ds-pdpc12p-eg2-wb-camara-inalambrica-inalmbrica-pir-6-aos-de-batera-inmunidad-a-mascotas-rango-de-deteccin-de-12-mts-angulo-de-85-9-de-cobertura-1-kilmetro-de-cobertura\/","og_locale":"es_MX","og_type":"article","og_title":"[ Hikvision ] &#129351; Ds-pdpc12p-eg2-wb Camara Inalambrica Inal\u00e1mbrica + Pir \/ 6 A\u00f1os De Bater\u00eda \/ Inmunidad A Mascotas \/ Rango De Detecci\u00f3n De 12 Mts \/ Angulo De 85.9\u00b0 De Cobertura \/ 1 Kil\u00f3metro De Cobertura \/","og_description":"Compra Ds-pdpc12p-eg2-wb Camara Inalambrica Inal\u00e1mbrica + Pir \/ 6 A\u00f1os De Bater\u00eda \/ Inmunidad A Mascotas \/ Rango De Detecci\u00f3n De 12 Mts \/ Angulo De 85.9\u00b0 De Cobertura \/ 1 Kil\u00f3metro De Cobertura \/ + Env\u00edo a domicilio + Pago seguro + Garant\u00eda","og_url":"https:\/\/compuviper.mx\/tienda\/producto\/hikvision-ds-pdpc12p-eg2-wb-camara-inalambrica-inalmbrica-pir-6-aos-de-batera-inmunidad-a-mascotas-rango-de-deteccin-de-12-mts-angulo-de-85-9-de-cobertura-1-kilmetro-de-cobertura\/","og_site_name":"Compuviper","article_publisher":"https:\/\/www.facebook.com\/compuviper","og_image":[{"width":200,"height":200,"url":"https:\/\/compuviper.mx\/tienda\/wp-content\/uploads\/2023\/12\/Camara-inalambrica-hikvision-ds-pdpc12p-eg2-wb-inalambrica-pir-6-anos-de-bateria-inmunidad-a-mascotas-rango-de-deteccion-de-12-mts-angulo-de-85.9\u00b0-de-cobertura-1-kilometro-de-cobertura.jpg","type":"image\/jpeg"}],"twitter_card":"summary_large_image","twitter_misc":{"Precio":"&#36;1,130 con IVA","Availability":"On backorder"},"schema":{"@context":"https:\/\/schema.org","@graph":[{"@type":"WebPage","@id":"https:\/\/compuviper.mx\/tienda\/producto\/hikvision-ds-pdpc12p-eg2-wb-camara-inalambrica-inalmbrica-pir-6-aos-de-batera-inmunidad-a-mascotas-rango-de-deteccin-de-12-mts-angulo-de-85-9-de-cobertura-1-kilmetro-de-cobertura\/","url":"https:\/\/compuviper.mx\/tienda\/producto\/hikvision-ds-pdpc12p-eg2-wb-camara-inalambrica-inalmbrica-pir-6-aos-de-batera-inmunidad-a-mascotas-rango-de-deteccin-de-12-mts-angulo-de-85-9-de-cobertura-1-kilmetro-de-cobertura\/","name":"[ Hikvision ] &#129351; Ds-pdpc12p-eg2-wb Camara Inalambrica Inal\u00e1mbrica + Pir \/ 6 A\u00f1os De Bater\u00eda \/ Inmunidad A Mascotas \/ Rango De Detecci\u00f3n De 12 Mts \/ Angulo De 85.9\u00b0 De Cobertura \/ 1 Kil\u00f3metro De Cobertura \/","isPartOf":{"@id":"https:\/\/compuviper.mx\/tienda\/#website"},"datePublished":"2026-04-23T06:11:44+00:00","dateModified":"2026-04-23T06:11:44+00:00","description":"Compra Ds-pdpc12p-eg2-wb Camara Inalambrica Inal\u00e1mbrica + Pir \/ 6 A\u00f1os De Bater\u00eda \/ Inmunidad A Mascotas \/ Rango De Detecci\u00f3n De 12 Mts \/ Angulo De 85.9\u00b0 De Cobertura \/ 1 Kil\u00f3metro De Cobertura \/ + Env\u00edo a domicilio + Pago seguro + Garant\u00eda","breadcrumb":{"@id":"https:\/\/compuviper.mx\/tienda\/producto\/hikvision-ds-pdpc12p-eg2-wb-camara-inalambrica-inalmbrica-pir-6-aos-de-batera-inmunidad-a-mascotas-rango-de-deteccin-de-12-mts-angulo-de-85-9-de-cobertura-1-kilmetro-de-cobertura\/#breadcrumb"},"inLanguage":"es-MX","potentialAction":[{"@type":"ReadAction","target":["https:\/\/compuviper.mx\/tienda\/producto\/hikvision-ds-pdpc12p-eg2-wb-camara-inalambrica-inalmbrica-pir-6-aos-de-batera-inmunidad-a-mascotas-rango-de-deteccin-de-12-mts-angulo-de-85-9-de-cobertura-1-kilmetro-de-cobertura\/"]}]},{"@type":"BreadcrumbList","@id":"https:\/\/compuviper.mx\/tienda\/producto\/hikvision-ds-pdpc12p-eg2-wb-camara-inalambrica-inalmbrica-pir-6-aos-de-batera-inmunidad-a-mascotas-rango-de-deteccin-de-12-mts-angulo-de-85-9-de-cobertura-1-kilmetro-de-cobertura\/#breadcrumb","itemListElement":[{"@type":"ListItem","position":1,"name":"Inicio","item":"https:\/\/compuviper.mx\/tienda\/"},{"@type":"ListItem","position":2,"name":"Productos","item":"https:\/\/compuviper.mx\/tienda\/productos\/"},{"@type":"ListItem","position":3,"name":"Camaras","item":"https:\/\/compuviper.mx\/tienda\/categoria-producto\/camaras-2\/"},{"@type":"ListItem","position":4,"name":"Camara De Monitoreo","item":"https:\/\/compuviper.mx\/tienda\/categoria-producto\/camaras-2\/camara-de-monitoreo\/"},{"@type":"ListItem","position":5,"name":"Hikvision Ds-pdpc12p-eg2-wb Camara Inalambrica Inal?mbrica + Pir \/ 6 A?os De Bater?a \/ Inmunidad A Mascotas \/ Rango De Detecci?n De 12 Mts \/ Angulo De 85.9? De Cobertura \/ 1 Kil?metro De Cobertura \/"}]},{"@type":"WebSite","@id":"https:\/\/compuviper.mx\/tienda\/#website","url":"https:\/\/compuviper.mx\/tienda\/","name":"Compuviper","description":"Proveedor de Computadoras, Laptops, Servidores, Monitores, Puntos de Venta, Teclados,   Impresoras, T\u00f3ner, C\u00e1maras de Seguridad y m\u00e1s en tu tienda en l\u00ednea","publisher":{"@id":"https:\/\/compuviper.mx\/tienda\/#organization"},"potentialAction":[{"@type":"SearchAction","target":{"@type":"EntryPoint","urlTemplate":"https:\/\/compuviper.mx\/tienda\/?s={search_term_string}"},"query-input":"required name=search_term_string"}],"inLanguage":"es-MX"},{"@type":"Organization","@id":"https:\/\/compuviper.mx\/tienda\/#organization","name":"Compuviper","url":"https:\/\/compuviper.mx\/tienda\/","logo":{"@type":"ImageObject","inLanguage":"es-MX","@id":"https:\/\/compuviper.mx\/tienda\/#\/schema\/logo\/image\/","url":"https:\/\/compuviper.mx\/tienda\/wp-content\/uploads\/2021\/08\/Logo-Compuviper-10.png","contentUrl":"https:\/\/compuviper.mx\/tienda\/wp-content\/uploads\/2021\/08\/Logo-Compuviper-10.png","width":1000,"height":500,"caption":"Compuviper"},"image":{"@id":"https:\/\/compuviper.mx\/tienda\/#\/schema\/logo\/image\/"},"sameAs":["https:\/\/www.facebook.com\/compuviper","https:\/\/www.youtube.com\/channel\/UCf73dERp9Y3cfOq7q8BhLjA?view_as=subscriber"]}]},"product_brand":"HIKVISION","product_price_amount":"1130","product_price_currency":"MXN","og_availability":"backorder","product_availability":"available for order","product_retailer_item_id":"DS-PDPC12P-EG2-WB","product_condition":"new"},"_links":{"self":[{"href":"https:\/\/compuviper.mx\/tienda\/wp-json\/wp\/v2\/product\/216918"}],"collection":[{"href":"https:\/\/compuviper.mx\/tienda\/wp-json\/wp\/v2\/product"}],"about":[{"href":"https:\/\/compuviper.mx\/tienda\/wp-json\/wp\/v2\/types\/product"}],"replies":[{"embeddable":true,"href":"https:\/\/compuviper.mx\/tienda\/wp-json\/wp\/v2\/comments?post=216918"}],"wp:featuredmedia":[{"embeddable":true,"href":"https:\/\/compuviper.mx\/tienda\/wp-json\/wp\/v2\/media\/216919"}],"wp:attachment":[{"href":"https:\/\/compuviper.mx\/tienda\/wp-json\/wp\/v2\/media?parent=216918"}],"wp:term":[{"taxonomy":"product_cat","embeddable":true,"href":"https:\/\/compuviper.mx\/tienda\/wp-json\/wp\/v2\/product_cat?post=216918"},{"taxonomy":"product_tag","embeddable":true,"href":"https:\/\/compuviper.mx\/tienda\/wp-json\/wp\/v2\/product_tag?post=216918"}],"curies":[{"name":"wp","href":"https:\/\/api.w.org\/{rel}","templated":true}]}}