{"id":216910,"date":"2026-04-23T00:11:43","date_gmt":"2026-04-23T06:11:43","guid":{"rendered":"https:\/\/compuviper.mx\/tienda\/producto\/hikvision-ds-2cd1123g0e-ic-camara-domo-ip-2-megapixel-30-mts-ir-exir-exterior-ip67-ik10-lente-2-8-mm-dwdr-poe-onvif\/"},"modified":"2026-04-23T00:11:43","modified_gmt":"2026-04-23T06:11:43","slug":"hikvision-ds-2cd1123g0e-ic-camara-domo-ip-2-megapixel-30-mts-ir-exir-exterior-ip67-ik10-lente-2-8-mm-dwdr-poe-onvif","status":"publish","type":"product","link":"https:\/\/compuviper.mx\/tienda\/producto\/hikvision-ds-2cd1123g0e-ic-camara-domo-ip-2-megapixel-30-mts-ir-exir-exterior-ip67-ik10-lente-2-8-mm-dwdr-poe-onvif\/","title":{"rendered":"Hikvision Ds-2cd1123g0e-i(c) Camara Domo Ip   2 Megapixel \/ 30 Mts Ir Exir \/ Exterior Ip67 \/ Ik10 \/ Lente 2.8 Mm \/ Dwdr \/ Poe \/ Onvif"},"content":{"rendered":"<table class=\"descripcion\">\n<tr>\n<td>Caracter\u00edsticas principales:<\/td>\n<\/tr>\n<tr>\n<td>    resoluci\u00f3n m\u00e1xima: 2 megapixel (1920 x 1080).<\/td>\n<\/tr>\n<tr>\n<td>    iluminaci\u00f3n m\u00ednima: color 0.01 lux @ (f2.0, agc on).<\/td>\n<\/tr>\n<tr>\n<td>    iluminaci\u00f3n m\u00ednima: b\/n 0 lux con ir.<\/td>\n<\/tr>\n<tr>\n<td>    d\u00eda \/ noche real (filtro icr).<\/td>\n<\/tr>\n<tr>\n<td>    distancia focal: 2.8 mm (angulo de visi\u00f3n) 112.1\u00b0<\/td>\n<\/tr>\n<tr>\n<td>    distancia de infrarrojo: 30 mts smart ir.<\/td>\n<\/tr>\n<tr>\n<td>    funciones normales: dwdr \/ d3 dnr \/ blc.<\/td>\n<\/tr>\n<tr>\n<td>    compresi\u00f3n: h.265+ \/ h.265 \/ h.264+ \/ h.264.<\/td>\n<\/tr>\n<tr>\n<td>    compatible con la plataforma de hik-connect.<\/td>\n<\/tr>\n<tr>\n<td>Caracter\u00edsticas f\u00edsicas y el\u00e9ctricas:<\/td>\n<\/tr>\n<tr>\n<td>    alimentaci\u00f3n: 12 vcc \/ poe 802.3 af \/ 5 w.<\/td>\n<\/tr>\n<tr>\n<td>    temperatura de operaci\u00f3n: -30\u00b0c a 60\u00b0c \/ humedad al 95% m\u00e1ximo.<\/td>\n<\/tr>\n<tr>\n<td>    uso en exterior ip67.<\/td>\n<\/tr>\n<tr>\n<td>    antivandalica ik10<\/td>\n<\/tr>\n<tr>\n<td>     and #8203;protecci\u00f3n contra sobre tensiones y protecci\u00f3n contra voltajes transitorios.<\/td>\n<\/tr>\n<tr>\n<td>    dimensiones: 134 x 82.4 mm<\/td>\n<\/tr>\n<tr>\n<td>     and #8203;peso: 410 grs.<\/td>\n<\/tr>\n<tr>\n<td>     and #8203;garant\u00eda: 1 a\u00f1o.<\/td>\n<\/tr>\n<tr>\n<td>Accesorios:<\/td>\n<\/tr>\n<tr>\n<td>    montaje de poste vertical, modelo: ds-1275zj-sus<\/td>\n<\/tr>\n<tr>\n<td>    montaje de esquina, modelo: ds-1276zj-sus<\/td>\n<\/tr>\n<tr>\n<td>    caja de conexiones, modelo: ds-1280zj-dm18<\/td>\n<\/tr>\n<tr>\n<td>    montaje met\u00e1lico de pared para exterior, modelo: ds-1272zj-110b<\/td>\n<\/tr>\n<tr>\n<td>    montaje de techo para c\u00e1maras domo, modelo: ds-1271zj-110<\/td>\n<\/tr>\n<tr>\n<td>    montaje met\u00e1lico de pared para exterior, modelo: ds-1272zj-110<\/td>\n<\/tr>\n<tr>\n<td>    montaje inclinado para instalaciones en techo, modelo: ds-1259zj<\/td>\n<\/tr>\n<tr>\n<td>    protector de lluvia, modelo: ds-1250zj<\/td>\n<\/tr>\n<tr>\n<td>    montaje de pared para interior, modelo: ds-1258zj<\/td>\n<\/tr>\n<\/table>\n","protected":false},"excerpt":{"rendered":"<p>Caracter\u00edsticas generales.     Main stream: 30fps (1920 \u00d7 1080, 1280 \u00d7 960, 1280 \u00d7 720).      And #8203;sub steam:  30fps (640 \u00d7 480, 640 \u00d7 360, 320 \u00d7 240).     Soporta hasta 6 usuarios simult\u00e1neos. Entradas y salidas de audio \/ alarmas \/ red.     Entradas de alarma: na.     Salidas de alarma: na.     Entradas de audio: na.     Salidas de audio: na.     Puerto de red: 1 (10 \/ 100 mbps \/ poe 802.3af ).     Soporta onvif (profile s) \/ isapi.<\/p>\n","protected":false},"featured_media":216911,"comment_status":"open","ping_status":"open","template":"","meta":[],"product_cat":[1608,1681],"product_tag":[1595],"acf":[],"yoast_head":"<!-- This site is optimized with the Yoast SEO plugin v21.7 - https:\/\/yoast.com\/wordpress\/plugins\/seo\/ -->\n<title>[ Hikvision ] &#129351; Ds-2cd1123g0e-i(c) Camara Domo Ip 2 Megapixel \/ 30 Mts Ir Exir \/ Exterior Ip67 \/ Ik10 \/ Lente 2.8 Mm \/ Dwdr \/ Poe \/ Onvif<\/title>\n<meta name=\"description\" content=\"Compra Ds-2cd1123g0e-i(c) Camara Domo Ip 2 Megapixel \/ 30 Mts Ir Exir \/ Exterior Ip67 \/ Ik10 \/ Lente 2.8 Mm \/ Dwdr \/ Poe \/ Onvif + Env\u00edo a domicilio + Pago seguro + Garant\u00eda\" \/>\n<meta name=\"robots\" content=\"index, follow, max-snippet:-1, max-image-preview:large, max-video-preview:-1\" \/>\n<link rel=\"canonical\" href=\"https:\/\/compuviper.mx\/tienda\/producto\/hikvision-ds-2cd1123g0e-ic-camara-domo-ip-2-megapixel-30-mts-ir-exir-exterior-ip67-ik10-lente-2-8-mm-dwdr-poe-onvif\/\" \/>\n<meta property=\"og:locale\" content=\"es_MX\" \/>\n<meta property=\"og:type\" content=\"article\" \/>\n<meta property=\"og:title\" content=\"[ Hikvision ] &#129351; Ds-2cd1123g0e-i(c) Camara Domo Ip 2 Megapixel \/ 30 Mts Ir Exir \/ Exterior Ip67 \/ Ik10 \/ Lente 2.8 Mm \/ Dwdr \/ Poe \/ Onvif\" \/>\n<meta property=\"og:description\" content=\"Compra Ds-2cd1123g0e-i(c) Camara Domo Ip 2 Megapixel \/ 30 Mts Ir Exir \/ Exterior Ip67 \/ Ik10 \/ Lente 2.8 Mm \/ Dwdr \/ Poe \/ Onvif + Env\u00edo a domicilio + Pago seguro + Garant\u00eda\" \/>\n<meta property=\"og:url\" content=\"https:\/\/compuviper.mx\/tienda\/producto\/hikvision-ds-2cd1123g0e-ic-camara-domo-ip-2-megapixel-30-mts-ir-exir-exterior-ip67-ik10-lente-2-8-mm-dwdr-poe-onvif\/\" \/>\n<meta property=\"og:site_name\" content=\"Compuviper\" \/>\n<meta property=\"article:publisher\" content=\"https:\/\/www.facebook.com\/compuviper\" \/>\n<meta property=\"og:image\" content=\"https:\/\/compuviper.mx\/tienda\/wp-content\/uploads\/2023\/12\/Camara-domo-ip-hikvision-ds-2cd1123g0e-ic-2-megapixel-30-mts-ir-exir-exterior-ip67-ik10-lente-2.8-mm-dwdr-poe-onvif.jpg\" \/>\n\t<meta property=\"og:image:width\" content=\"200\" \/>\n\t<meta property=\"og:image:height\" content=\"200\" \/>\n\t<meta property=\"og:image:type\" content=\"image\/jpeg\" \/>\n<meta name=\"twitter:card\" content=\"summary_large_image\" \/>\n<meta name=\"twitter:label1\" content=\"Precio\" \/>\n\t<meta name=\"twitter:data1\" content=\"&#36;1,090 con IVA\" \/>\n\t<meta name=\"twitter:label2\" content=\"Availability\" \/>\n\t<meta name=\"twitter:data2\" content=\"On backorder\" \/>\n<script type=\"application\/ld+json\" class=\"yoast-schema-graph\">{\"@context\":\"https:\/\/schema.org\",\"@graph\":[{\"@type\":\"WebPage\",\"@id\":\"https:\/\/compuviper.mx\/tienda\/producto\/hikvision-ds-2cd1123g0e-ic-camara-domo-ip-2-megapixel-30-mts-ir-exir-exterior-ip67-ik10-lente-2-8-mm-dwdr-poe-onvif\/\",\"url\":\"https:\/\/compuviper.mx\/tienda\/producto\/hikvision-ds-2cd1123g0e-ic-camara-domo-ip-2-megapixel-30-mts-ir-exir-exterior-ip67-ik10-lente-2-8-mm-dwdr-poe-onvif\/\",\"name\":\"[ Hikvision ] &#129351; Ds-2cd1123g0e-i(c) Camara Domo Ip 2 Megapixel \/ 30 Mts Ir Exir \/ Exterior Ip67 \/ Ik10 \/ Lente 2.8 Mm \/ Dwdr \/ Poe \/ Onvif\",\"isPartOf\":{\"@id\":\"https:\/\/compuviper.mx\/tienda\/#website\"},\"datePublished\":\"2026-04-23T06:11:43+00:00\",\"dateModified\":\"2026-04-23T06:11:43+00:00\",\"description\":\"Compra Ds-2cd1123g0e-i(c) Camara Domo Ip 2 Megapixel \/ 30 Mts Ir Exir \/ Exterior Ip67 \/ Ik10 \/ Lente 2.8 Mm \/ Dwdr \/ Poe \/ Onvif + Env\u00edo a domicilio + Pago seguro + Garant\u00eda\",\"breadcrumb\":{\"@id\":\"https:\/\/compuviper.mx\/tienda\/producto\/hikvision-ds-2cd1123g0e-ic-camara-domo-ip-2-megapixel-30-mts-ir-exir-exterior-ip67-ik10-lente-2-8-mm-dwdr-poe-onvif\/#breadcrumb\"},\"inLanguage\":\"es-MX\",\"potentialAction\":[{\"@type\":\"ReadAction\",\"target\":[\"https:\/\/compuviper.mx\/tienda\/producto\/hikvision-ds-2cd1123g0e-ic-camara-domo-ip-2-megapixel-30-mts-ir-exir-exterior-ip67-ik10-lente-2-8-mm-dwdr-poe-onvif\/\"]}]},{\"@type\":\"BreadcrumbList\",\"@id\":\"https:\/\/compuviper.mx\/tienda\/producto\/hikvision-ds-2cd1123g0e-ic-camara-domo-ip-2-megapixel-30-mts-ir-exir-exterior-ip67-ik10-lente-2-8-mm-dwdr-poe-onvif\/#breadcrumb\",\"itemListElement\":[{\"@type\":\"ListItem\",\"position\":1,\"name\":\"Inicio\",\"item\":\"https:\/\/compuviper.mx\/tienda\/\"},{\"@type\":\"ListItem\",\"position\":2,\"name\":\"Productos\",\"item\":\"https:\/\/compuviper.mx\/tienda\/productos\/\"},{\"@type\":\"ListItem\",\"position\":3,\"name\":\"Camaras\",\"item\":\"https:\/\/compuviper.mx\/tienda\/categoria-producto\/camaras-2\/\"},{\"@type\":\"ListItem\",\"position\":4,\"name\":\"Camara De Videovigilancia\",\"item\":\"https:\/\/compuviper.mx\/tienda\/categoria-producto\/camaras-2\/camara-de-videovigilancia\/\"},{\"@type\":\"ListItem\",\"position\":5,\"name\":\"Hikvision Ds-2cd1123g0e-i(c) Camara Domo Ip 2 Megapixel \/ 30 Mts Ir Exir \/ Exterior Ip67 \/ Ik10 \/ Lente 2.8 Mm \/ Dwdr \/ Poe \/ Onvif\"}]},{\"@type\":\"WebSite\",\"@id\":\"https:\/\/compuviper.mx\/tienda\/#website\",\"url\":\"https:\/\/compuviper.mx\/tienda\/\",\"name\":\"Compuviper\",\"description\":\"Proveedor de Computadoras, Laptops, Servidores, Monitores, Puntos de Venta, Teclados,   Impresoras, T\u00f3ner, C\u00e1maras de Seguridad y m\u00e1s en tu tienda en l\u00ednea\",\"publisher\":{\"@id\":\"https:\/\/compuviper.mx\/tienda\/#organization\"},\"potentialAction\":[{\"@type\":\"SearchAction\",\"target\":{\"@type\":\"EntryPoint\",\"urlTemplate\":\"https:\/\/compuviper.mx\/tienda\/?s={search_term_string}\"},\"query-input\":\"required name=search_term_string\"}],\"inLanguage\":\"es-MX\"},{\"@type\":\"Organization\",\"@id\":\"https:\/\/compuviper.mx\/tienda\/#organization\",\"name\":\"Compuviper\",\"url\":\"https:\/\/compuviper.mx\/tienda\/\",\"logo\":{\"@type\":\"ImageObject\",\"inLanguage\":\"es-MX\",\"@id\":\"https:\/\/compuviper.mx\/tienda\/#\/schema\/logo\/image\/\",\"url\":\"https:\/\/compuviper.mx\/tienda\/wp-content\/uploads\/2021\/08\/Logo-Compuviper-10.png\",\"contentUrl\":\"https:\/\/compuviper.mx\/tienda\/wp-content\/uploads\/2021\/08\/Logo-Compuviper-10.png\",\"width\":1000,\"height\":500,\"caption\":\"Compuviper\"},\"image\":{\"@id\":\"https:\/\/compuviper.mx\/tienda\/#\/schema\/logo\/image\/\"},\"sameAs\":[\"https:\/\/www.facebook.com\/compuviper\",\"https:\/\/www.youtube.com\/channel\/UCf73dERp9Y3cfOq7q8BhLjA?view_as=subscriber\"]}]}<\/script>\n<meta property=\"product:brand\" content=\"HIKVISION\" \/>\n<meta property=\"product:price:amount\" content=\"1090\" \/>\n<meta property=\"product:price:currency\" content=\"MXN\" \/>\n<meta property=\"og:availability\" content=\"backorder\" \/>\n<meta property=\"product:availability\" content=\"available for order\" \/>\n<meta property=\"product:retailer_item_id\" content=\"DS-2CD1123G0E-I(C)\" \/>\n<meta property=\"product:condition\" content=\"new\" \/>\n<!-- \/ Yoast SEO plugin. -->","yoast_head_json":{"title":"[ Hikvision ] &#129351; Ds-2cd1123g0e-i(c) Camara Domo Ip 2 Megapixel \/ 30 Mts Ir Exir \/ Exterior Ip67 \/ Ik10 \/ Lente 2.8 Mm \/ Dwdr \/ Poe \/ Onvif","description":"Compra Ds-2cd1123g0e-i(c) Camara Domo Ip 2 Megapixel \/ 30 Mts Ir Exir \/ Exterior Ip67 \/ Ik10 \/ Lente 2.8 Mm \/ Dwdr \/ Poe \/ Onvif + Env\u00edo a domicilio + Pago seguro + Garant\u00eda","robots":{"index":"index","follow":"follow","max-snippet":"max-snippet:-1","max-image-preview":"max-image-preview:large","max-video-preview":"max-video-preview:-1"},"canonical":"https:\/\/compuviper.mx\/tienda\/producto\/hikvision-ds-2cd1123g0e-ic-camara-domo-ip-2-megapixel-30-mts-ir-exir-exterior-ip67-ik10-lente-2-8-mm-dwdr-poe-onvif\/","og_locale":"es_MX","og_type":"article","og_title":"[ Hikvision ] &#129351; Ds-2cd1123g0e-i(c) Camara Domo Ip 2 Megapixel \/ 30 Mts Ir Exir \/ Exterior Ip67 \/ Ik10 \/ Lente 2.8 Mm \/ Dwdr \/ Poe \/ Onvif","og_description":"Compra Ds-2cd1123g0e-i(c) Camara Domo Ip 2 Megapixel \/ 30 Mts Ir Exir \/ Exterior Ip67 \/ Ik10 \/ Lente 2.8 Mm \/ Dwdr \/ Poe \/ Onvif + Env\u00edo a domicilio + Pago seguro + Garant\u00eda","og_url":"https:\/\/compuviper.mx\/tienda\/producto\/hikvision-ds-2cd1123g0e-ic-camara-domo-ip-2-megapixel-30-mts-ir-exir-exterior-ip67-ik10-lente-2-8-mm-dwdr-poe-onvif\/","og_site_name":"Compuviper","article_publisher":"https:\/\/www.facebook.com\/compuviper","og_image":[{"width":200,"height":200,"url":"https:\/\/compuviper.mx\/tienda\/wp-content\/uploads\/2023\/12\/Camara-domo-ip-hikvision-ds-2cd1123g0e-ic-2-megapixel-30-mts-ir-exir-exterior-ip67-ik10-lente-2.8-mm-dwdr-poe-onvif.jpg","type":"image\/jpeg"}],"twitter_card":"summary_large_image","twitter_misc":{"Precio":"&#36;1,090 con IVA","Availability":"On backorder"},"schema":{"@context":"https:\/\/schema.org","@graph":[{"@type":"WebPage","@id":"https:\/\/compuviper.mx\/tienda\/producto\/hikvision-ds-2cd1123g0e-ic-camara-domo-ip-2-megapixel-30-mts-ir-exir-exterior-ip67-ik10-lente-2-8-mm-dwdr-poe-onvif\/","url":"https:\/\/compuviper.mx\/tienda\/producto\/hikvision-ds-2cd1123g0e-ic-camara-domo-ip-2-megapixel-30-mts-ir-exir-exterior-ip67-ik10-lente-2-8-mm-dwdr-poe-onvif\/","name":"[ Hikvision ] &#129351; Ds-2cd1123g0e-i(c) Camara Domo Ip 2 Megapixel \/ 30 Mts Ir Exir \/ Exterior Ip67 \/ Ik10 \/ Lente 2.8 Mm \/ Dwdr \/ Poe \/ Onvif","isPartOf":{"@id":"https:\/\/compuviper.mx\/tienda\/#website"},"datePublished":"2026-04-23T06:11:43+00:00","dateModified":"2026-04-23T06:11:43+00:00","description":"Compra Ds-2cd1123g0e-i(c) Camara Domo Ip 2 Megapixel \/ 30 Mts Ir Exir \/ Exterior Ip67 \/ Ik10 \/ Lente 2.8 Mm \/ Dwdr \/ Poe \/ Onvif + Env\u00edo a domicilio + Pago seguro + Garant\u00eda","breadcrumb":{"@id":"https:\/\/compuviper.mx\/tienda\/producto\/hikvision-ds-2cd1123g0e-ic-camara-domo-ip-2-megapixel-30-mts-ir-exir-exterior-ip67-ik10-lente-2-8-mm-dwdr-poe-onvif\/#breadcrumb"},"inLanguage":"es-MX","potentialAction":[{"@type":"ReadAction","target":["https:\/\/compuviper.mx\/tienda\/producto\/hikvision-ds-2cd1123g0e-ic-camara-domo-ip-2-megapixel-30-mts-ir-exir-exterior-ip67-ik10-lente-2-8-mm-dwdr-poe-onvif\/"]}]},{"@type":"BreadcrumbList","@id":"https:\/\/compuviper.mx\/tienda\/producto\/hikvision-ds-2cd1123g0e-ic-camara-domo-ip-2-megapixel-30-mts-ir-exir-exterior-ip67-ik10-lente-2-8-mm-dwdr-poe-onvif\/#breadcrumb","itemListElement":[{"@type":"ListItem","position":1,"name":"Inicio","item":"https:\/\/compuviper.mx\/tienda\/"},{"@type":"ListItem","position":2,"name":"Productos","item":"https:\/\/compuviper.mx\/tienda\/productos\/"},{"@type":"ListItem","position":3,"name":"Camaras","item":"https:\/\/compuviper.mx\/tienda\/categoria-producto\/camaras-2\/"},{"@type":"ListItem","position":4,"name":"Camara De Videovigilancia","item":"https:\/\/compuviper.mx\/tienda\/categoria-producto\/camaras-2\/camara-de-videovigilancia\/"},{"@type":"ListItem","position":5,"name":"Hikvision Ds-2cd1123g0e-i(c) Camara Domo Ip 2 Megapixel \/ 30 Mts Ir Exir \/ Exterior Ip67 \/ Ik10 \/ Lente 2.8 Mm \/ Dwdr \/ Poe \/ Onvif"}]},{"@type":"WebSite","@id":"https:\/\/compuviper.mx\/tienda\/#website","url":"https:\/\/compuviper.mx\/tienda\/","name":"Compuviper","description":"Proveedor de Computadoras, Laptops, Servidores, Monitores, Puntos de Venta, Teclados,   Impresoras, T\u00f3ner, C\u00e1maras de Seguridad y m\u00e1s en tu tienda en l\u00ednea","publisher":{"@id":"https:\/\/compuviper.mx\/tienda\/#organization"},"potentialAction":[{"@type":"SearchAction","target":{"@type":"EntryPoint","urlTemplate":"https:\/\/compuviper.mx\/tienda\/?s={search_term_string}"},"query-input":"required name=search_term_string"}],"inLanguage":"es-MX"},{"@type":"Organization","@id":"https:\/\/compuviper.mx\/tienda\/#organization","name":"Compuviper","url":"https:\/\/compuviper.mx\/tienda\/","logo":{"@type":"ImageObject","inLanguage":"es-MX","@id":"https:\/\/compuviper.mx\/tienda\/#\/schema\/logo\/image\/","url":"https:\/\/compuviper.mx\/tienda\/wp-content\/uploads\/2021\/08\/Logo-Compuviper-10.png","contentUrl":"https:\/\/compuviper.mx\/tienda\/wp-content\/uploads\/2021\/08\/Logo-Compuviper-10.png","width":1000,"height":500,"caption":"Compuviper"},"image":{"@id":"https:\/\/compuviper.mx\/tienda\/#\/schema\/logo\/image\/"},"sameAs":["https:\/\/www.facebook.com\/compuviper","https:\/\/www.youtube.com\/channel\/UCf73dERp9Y3cfOq7q8BhLjA?view_as=subscriber"]}]},"product_brand":"HIKVISION","product_price_amount":"1090","product_price_currency":"MXN","og_availability":"backorder","product_availability":"available for order","product_retailer_item_id":"DS-2CD1123G0E-I(C)","product_condition":"new"},"_links":{"self":[{"href":"https:\/\/compuviper.mx\/tienda\/wp-json\/wp\/v2\/product\/216910"}],"collection":[{"href":"https:\/\/compuviper.mx\/tienda\/wp-json\/wp\/v2\/product"}],"about":[{"href":"https:\/\/compuviper.mx\/tienda\/wp-json\/wp\/v2\/types\/product"}],"replies":[{"embeddable":true,"href":"https:\/\/compuviper.mx\/tienda\/wp-json\/wp\/v2\/comments?post=216910"}],"wp:featuredmedia":[{"embeddable":true,"href":"https:\/\/compuviper.mx\/tienda\/wp-json\/wp\/v2\/media\/216911"}],"wp:attachment":[{"href":"https:\/\/compuviper.mx\/tienda\/wp-json\/wp\/v2\/media?parent=216910"}],"wp:term":[{"taxonomy":"product_cat","embeddable":true,"href":"https:\/\/compuviper.mx\/tienda\/wp-json\/wp\/v2\/product_cat?post=216910"},{"taxonomy":"product_tag","embeddable":true,"href":"https:\/\/compuviper.mx\/tienda\/wp-json\/wp\/v2\/product_tag?post=216910"}],"curies":[{"name":"wp","href":"https:\/\/api.w.org\/{rel}","templated":true}]}}