{"id":216846,"date":"2026-04-16T00:14:53","date_gmt":"2026-04-16T06:14:53","guid":{"rendered":"https:\/\/compuviper.mx\/tienda\/producto\/ezviz-cs-h6c-mini-camara-ip-pt-2-megapixel-wi-fi-seguimiento-inteligente-audio-de-dos-vias-notificacion-push-ranura-para-memoria-uso-en-interior\/"},"modified":"2026-04-16T00:14:53","modified_gmt":"2026-04-16T06:14:53","slug":"ezviz-cs-h6c6941545614847-mini-camara-ip-pt-2-megapixel-cs-h6c-wi-fi-seguimiento-inteligente-audio-de-dos-vias-notificacion-push-ranura-para-memoria-uso-en-interior","status":"publish","type":"product","link":"https:\/\/compuviper.mx\/tienda\/producto\/ezviz-cs-h6c6941545614847-mini-camara-ip-pt-2-megapixel-cs-h6c-wi-fi-seguimiento-inteligente-audio-de-dos-vias-notificacion-push-ranura-para-memoria-uso-en-interior\/","title":{"rendered":"Ezviz Cs-h6c,6941545614847 Mini Camara Ip Pt 2 Megapixel  Cs-h6c \/ Wi-fi \/ Seguimiento Inteligente \/ Audio De Dos Vias \/ Notificacion Push \/ Ranura Para Memoria \/ Uso En Interior"},"content":{"rendered":"<table class=\"descripcion\">\n<tr>\n<td>Caractersticas principales:<\/td>\n<\/tr>\n<tr>\n<td>    resolucin: 2 megapixel  1920 x 1080.<\/td>\n<\/tr>\n<tr>\n<td>    lente: 4 mm angulo de visin 85\u00ba.<\/td>\n<\/tr>\n<tr>\n<td>    pan: 340\u00b0, tilt: 55\u00b0<\/td>\n<\/tr>\n<tr>\n<td>    micrfono y bocina interconstruida audio de dos vas.<\/td>\n<\/tr>\n<tr>\n<td>    dwdr \/ 3d-dnr.<\/td>\n<\/tr>\n<tr>\n<td>    deteccin de movimiento.<\/td>\n<\/tr>\n<tr>\n<td>    compresin: h.264.<\/td>\n<\/tr>\n<tr>\n<td>    ir 10 mts  visin nocturna.<\/td>\n<\/tr>\n<tr>\n<td>    tarjeta wifi integrado.<\/td>\n<\/tr>\n<tr>\n<td>    entrada microsd de 256 gb para grabacin local memoria no incluida.<\/td>\n<\/tr>\n<tr>\n<td>    seguimiento inteligente seguimiento de objetos.<\/td>\n<\/tr>\n<tr>\n<td>    uso en interior.<\/td>\n<\/tr>\n<tr>\n<td>Caractersticas fsicas y elctricas:<\/td>\n<\/tr>\n<tr>\n<td>    alimentacin: 5 vcc \/ 5 watts incluye con cable y transformador.<\/td>\n<\/tr>\n<tr>\n<td>    material de plstico.<\/td>\n<\/tr>\n<tr>\n<td>    dimensiones: 88 x 88.2 x 119 mm 3.46\u0094 x 3.47\u0094 x 4.69\u0094<\/td>\n<\/tr>\n<tr>\n<td>    temperatura de operacin: -10\u00b0c a 45\u00b0c<\/td>\n<\/tr>\n<tr>\n<td>    1 ao de garanta.<\/td>\n<\/tr>\n<\/table>\n","protected":false},"excerpt":{"rendered":"<p>Caractersticas destacadas.     Soporta grabacin en nube de ezviz el cobro se realiza directo en la aplicacin ezviz.     Compatible con alexa, google home y ifttt. Notas.     Configuracin nicamente mediante aplicacin ezviz.     No recomendado para dvr\/nvr<\/p>\n","protected":false},"featured_media":216847,"comment_status":"open","ping_status":"open","template":"","meta":[],"product_cat":[1608,1681],"product_tag":[2123],"acf":[],"yoast_head":"<!-- This site is optimized with the Yoast SEO plugin v21.7 - https:\/\/yoast.com\/wordpress\/plugins\/seo\/ -->\n<title>[ Ezviz ] &#129351; Cs-h6c,6941545614847 Mini Camara Ip Pt 2 Megapixel Cs-h6c \/ Wi-fi \/ Seguimiento Inteligente \/ Audio De Dos Vias \/ Notificacion Push \/ Ranura Para Memoria \/ Uso En Interior<\/title>\n<meta name=\"description\" content=\"Compra Cs-h6c,6941545614847 Mini Camara Ip Pt 2 Megapixel Cs-h6c \/ Wi-fi \/ Seguimiento Inteligente \/ Audio De Dos Vias \/ Notificacion Push \/ Ranura Para Memoria \/ Uso En Interior + Env\u00edo a domicilio + Pago seguro + Garant\u00eda\" \/>\n<meta name=\"robots\" content=\"index, follow, max-snippet:-1, max-image-preview:large, max-video-preview:-1\" \/>\n<link rel=\"canonical\" href=\"https:\/\/compuviper.mx\/tienda\/producto\/ezviz-cs-h6c6941545614847-mini-camara-ip-pt-2-megapixel-cs-h6c-wi-fi-seguimiento-inteligente-audio-de-dos-vias-notificacion-push-ranura-para-memoria-uso-en-interior\/\" \/>\n<meta property=\"og:locale\" content=\"es_MX\" \/>\n<meta property=\"og:type\" content=\"article\" \/>\n<meta property=\"og:title\" content=\"[ Ezviz ] &#129351; Cs-h6c,6941545614847 Mini Camara Ip Pt 2 Megapixel Cs-h6c \/ Wi-fi \/ Seguimiento Inteligente \/ Audio De Dos Vias \/ Notificacion Push \/ Ranura Para Memoria \/ Uso En Interior\" \/>\n<meta property=\"og:description\" content=\"Compra Cs-h6c,6941545614847 Mini Camara Ip Pt 2 Megapixel Cs-h6c \/ Wi-fi \/ Seguimiento Inteligente \/ Audio De Dos Vias \/ Notificacion Push \/ Ranura Para Memoria \/ Uso En Interior + Env\u00edo a domicilio + Pago seguro + Garant\u00eda\" \/>\n<meta property=\"og:url\" content=\"https:\/\/compuviper.mx\/tienda\/producto\/ezviz-cs-h6c6941545614847-mini-camara-ip-pt-2-megapixel-cs-h6c-wi-fi-seguimiento-inteligente-audio-de-dos-vias-notificacion-push-ranura-para-memoria-uso-en-interior\/\" \/>\n<meta property=\"og:site_name\" content=\"Compuviper\" \/>\n<meta property=\"article:publisher\" content=\"https:\/\/www.facebook.com\/compuviper\" \/>\n<meta property=\"og:image\" content=\"https:\/\/compuviper.mx\/tienda\/wp-content\/uploads\/2023\/12\/Mini-camara-ip-pt-2-megapixel-ezviz-cs-h6c-wi-fi-seguimiento-inteligente-audio-de-dos-vias-notificacion-push-ranura-para-memoria-uso-en-interior.jpg\" \/>\n\t<meta property=\"og:image:width\" content=\"200\" \/>\n\t<meta property=\"og:image:height\" content=\"200\" \/>\n\t<meta property=\"og:image:type\" content=\"image\/jpeg\" \/>\n<meta name=\"twitter:card\" content=\"summary_large_image\" \/>\n<meta name=\"twitter:label1\" content=\"Precio\" \/>\n\t<meta name=\"twitter:data1\" content=\"&#36;469 con IVA\" \/>\n\t<meta name=\"twitter:label2\" content=\"Availability\" \/>\n\t<meta name=\"twitter:data2\" content=\"Out of stock\" \/>\n<script type=\"application\/ld+json\" class=\"yoast-schema-graph\">{\"@context\":\"https:\/\/schema.org\",\"@graph\":[{\"@type\":\"WebPage\",\"@id\":\"https:\/\/compuviper.mx\/tienda\/producto\/ezviz-cs-h6c6941545614847-mini-camara-ip-pt-2-megapixel-cs-h6c-wi-fi-seguimiento-inteligente-audio-de-dos-vias-notificacion-push-ranura-para-memoria-uso-en-interior\/\",\"url\":\"https:\/\/compuviper.mx\/tienda\/producto\/ezviz-cs-h6c6941545614847-mini-camara-ip-pt-2-megapixel-cs-h6c-wi-fi-seguimiento-inteligente-audio-de-dos-vias-notificacion-push-ranura-para-memoria-uso-en-interior\/\",\"name\":\"[ Ezviz ] &#129351; Cs-h6c,6941545614847 Mini Camara Ip Pt 2 Megapixel Cs-h6c \/ Wi-fi \/ Seguimiento Inteligente \/ Audio De Dos Vias \/ Notificacion Push \/ Ranura Para Memoria \/ Uso En Interior\",\"isPartOf\":{\"@id\":\"https:\/\/compuviper.mx\/tienda\/#website\"},\"datePublished\":\"2026-04-16T06:14:53+00:00\",\"dateModified\":\"2026-04-16T06:14:53+00:00\",\"description\":\"Compra Cs-h6c,6941545614847 Mini Camara Ip Pt 2 Megapixel Cs-h6c \/ Wi-fi \/ Seguimiento Inteligente \/ Audio De Dos Vias \/ Notificacion Push \/ Ranura Para Memoria \/ Uso En Interior + Env\u00edo a domicilio + Pago seguro + Garant\u00eda\",\"breadcrumb\":{\"@id\":\"https:\/\/compuviper.mx\/tienda\/producto\/ezviz-cs-h6c6941545614847-mini-camara-ip-pt-2-megapixel-cs-h6c-wi-fi-seguimiento-inteligente-audio-de-dos-vias-notificacion-push-ranura-para-memoria-uso-en-interior\/#breadcrumb\"},\"inLanguage\":\"es-MX\",\"potentialAction\":[{\"@type\":\"ReadAction\",\"target\":[\"https:\/\/compuviper.mx\/tienda\/producto\/ezviz-cs-h6c6941545614847-mini-camara-ip-pt-2-megapixel-cs-h6c-wi-fi-seguimiento-inteligente-audio-de-dos-vias-notificacion-push-ranura-para-memoria-uso-en-interior\/\"]}]},{\"@type\":\"BreadcrumbList\",\"@id\":\"https:\/\/compuviper.mx\/tienda\/producto\/ezviz-cs-h6c6941545614847-mini-camara-ip-pt-2-megapixel-cs-h6c-wi-fi-seguimiento-inteligente-audio-de-dos-vias-notificacion-push-ranura-para-memoria-uso-en-interior\/#breadcrumb\",\"itemListElement\":[{\"@type\":\"ListItem\",\"position\":1,\"name\":\"Inicio\",\"item\":\"https:\/\/compuviper.mx\/tienda\/\"},{\"@type\":\"ListItem\",\"position\":2,\"name\":\"Productos\",\"item\":\"https:\/\/compuviper.mx\/tienda\/productos\/\"},{\"@type\":\"ListItem\",\"position\":3,\"name\":\"Camaras\",\"item\":\"https:\/\/compuviper.mx\/tienda\/categoria-producto\/camaras-2\/\"},{\"@type\":\"ListItem\",\"position\":4,\"name\":\"Camara De Videovigilancia\",\"item\":\"https:\/\/compuviper.mx\/tienda\/categoria-producto\/camaras-2\/camara-de-videovigilancia\/\"},{\"@type\":\"ListItem\",\"position\":5,\"name\":\"Ezviz Cs-h6c,6941545614847 Mini Camara Ip Pt 2 Megapixel Cs-h6c \/ Wi-fi \/ Seguimiento Inteligente \/ Audio De Dos Vias \/ Notificacion Push \/ Ranura Para Memoria \/ Uso En Interior\"}]},{\"@type\":\"WebSite\",\"@id\":\"https:\/\/compuviper.mx\/tienda\/#website\",\"url\":\"https:\/\/compuviper.mx\/tienda\/\",\"name\":\"Compuviper\",\"description\":\"Proveedor de Computadoras, Laptops, Servidores, Monitores, Puntos de Venta, Teclados,   Impresoras, T\u00f3ner, C\u00e1maras de Seguridad y m\u00e1s en tu tienda en l\u00ednea\",\"publisher\":{\"@id\":\"https:\/\/compuviper.mx\/tienda\/#organization\"},\"potentialAction\":[{\"@type\":\"SearchAction\",\"target\":{\"@type\":\"EntryPoint\",\"urlTemplate\":\"https:\/\/compuviper.mx\/tienda\/?s={search_term_string}\"},\"query-input\":\"required name=search_term_string\"}],\"inLanguage\":\"es-MX\"},{\"@type\":\"Organization\",\"@id\":\"https:\/\/compuviper.mx\/tienda\/#organization\",\"name\":\"Compuviper\",\"url\":\"https:\/\/compuviper.mx\/tienda\/\",\"logo\":{\"@type\":\"ImageObject\",\"inLanguage\":\"es-MX\",\"@id\":\"https:\/\/compuviper.mx\/tienda\/#\/schema\/logo\/image\/\",\"url\":\"https:\/\/compuviper.mx\/tienda\/wp-content\/uploads\/2021\/08\/Logo-Compuviper-10.png\",\"contentUrl\":\"https:\/\/compuviper.mx\/tienda\/wp-content\/uploads\/2021\/08\/Logo-Compuviper-10.png\",\"width\":1000,\"height\":500,\"caption\":\"Compuviper\"},\"image\":{\"@id\":\"https:\/\/compuviper.mx\/tienda\/#\/schema\/logo\/image\/\"},\"sameAs\":[\"https:\/\/www.facebook.com\/compuviper\",\"https:\/\/www.youtube.com\/channel\/UCf73dERp9Y3cfOq7q8BhLjA?view_as=subscriber\"]}]}<\/script>\n<meta property=\"product:brand\" content=\"Ezviz\" \/>\n<meta property=\"product:price:amount\" content=\"469\" \/>\n<meta property=\"product:price:currency\" content=\"MXN\" \/>\n<meta property=\"og:availability\" content=\"out of stock\" \/>\n<meta property=\"product:availability\" content=\"out of stock\" \/>\n<meta property=\"product:retailer_item_id\" content=\"CS-H6C,6941545614847\" \/>\n<meta property=\"product:condition\" content=\"new\" \/>\n<!-- \/ Yoast SEO plugin. -->","yoast_head_json":{"title":"[ Ezviz ] &#129351; Cs-h6c,6941545614847 Mini Camara Ip Pt 2 Megapixel Cs-h6c \/ Wi-fi \/ Seguimiento Inteligente \/ Audio De Dos Vias \/ Notificacion Push \/ Ranura Para Memoria \/ Uso En Interior","description":"Compra Cs-h6c,6941545614847 Mini Camara Ip Pt 2 Megapixel Cs-h6c \/ Wi-fi \/ Seguimiento Inteligente \/ Audio De Dos Vias \/ Notificacion Push \/ Ranura Para Memoria \/ Uso En Interior + Env\u00edo a domicilio + Pago seguro + Garant\u00eda","robots":{"index":"index","follow":"follow","max-snippet":"max-snippet:-1","max-image-preview":"max-image-preview:large","max-video-preview":"max-video-preview:-1"},"canonical":"https:\/\/compuviper.mx\/tienda\/producto\/ezviz-cs-h6c6941545614847-mini-camara-ip-pt-2-megapixel-cs-h6c-wi-fi-seguimiento-inteligente-audio-de-dos-vias-notificacion-push-ranura-para-memoria-uso-en-interior\/","og_locale":"es_MX","og_type":"article","og_title":"[ Ezviz ] &#129351; Cs-h6c,6941545614847 Mini Camara Ip Pt 2 Megapixel Cs-h6c \/ Wi-fi \/ Seguimiento Inteligente \/ Audio De Dos Vias \/ Notificacion Push \/ Ranura Para Memoria \/ Uso En Interior","og_description":"Compra Cs-h6c,6941545614847 Mini Camara Ip Pt 2 Megapixel Cs-h6c \/ Wi-fi \/ Seguimiento Inteligente \/ Audio De Dos Vias \/ Notificacion Push \/ Ranura Para Memoria \/ Uso En Interior + Env\u00edo a domicilio + Pago seguro + Garant\u00eda","og_url":"https:\/\/compuviper.mx\/tienda\/producto\/ezviz-cs-h6c6941545614847-mini-camara-ip-pt-2-megapixel-cs-h6c-wi-fi-seguimiento-inteligente-audio-de-dos-vias-notificacion-push-ranura-para-memoria-uso-en-interior\/","og_site_name":"Compuviper","article_publisher":"https:\/\/www.facebook.com\/compuviper","og_image":[{"width":200,"height":200,"url":"https:\/\/compuviper.mx\/tienda\/wp-content\/uploads\/2023\/12\/Mini-camara-ip-pt-2-megapixel-ezviz-cs-h6c-wi-fi-seguimiento-inteligente-audio-de-dos-vias-notificacion-push-ranura-para-memoria-uso-en-interior.jpg","type":"image\/jpeg"}],"twitter_card":"summary_large_image","twitter_misc":{"Precio":"&#36;469 con IVA","Availability":"Out of stock"},"schema":{"@context":"https:\/\/schema.org","@graph":[{"@type":"WebPage","@id":"https:\/\/compuviper.mx\/tienda\/producto\/ezviz-cs-h6c6941545614847-mini-camara-ip-pt-2-megapixel-cs-h6c-wi-fi-seguimiento-inteligente-audio-de-dos-vias-notificacion-push-ranura-para-memoria-uso-en-interior\/","url":"https:\/\/compuviper.mx\/tienda\/producto\/ezviz-cs-h6c6941545614847-mini-camara-ip-pt-2-megapixel-cs-h6c-wi-fi-seguimiento-inteligente-audio-de-dos-vias-notificacion-push-ranura-para-memoria-uso-en-interior\/","name":"[ Ezviz ] &#129351; Cs-h6c,6941545614847 Mini Camara Ip Pt 2 Megapixel Cs-h6c \/ Wi-fi \/ Seguimiento Inteligente \/ Audio De Dos Vias \/ Notificacion Push \/ Ranura Para Memoria \/ Uso En Interior","isPartOf":{"@id":"https:\/\/compuviper.mx\/tienda\/#website"},"datePublished":"2026-04-16T06:14:53+00:00","dateModified":"2026-04-16T06:14:53+00:00","description":"Compra Cs-h6c,6941545614847 Mini Camara Ip Pt 2 Megapixel Cs-h6c \/ Wi-fi \/ Seguimiento Inteligente \/ Audio De Dos Vias \/ Notificacion Push \/ Ranura Para Memoria \/ Uso En Interior + Env\u00edo a domicilio + Pago seguro + Garant\u00eda","breadcrumb":{"@id":"https:\/\/compuviper.mx\/tienda\/producto\/ezviz-cs-h6c6941545614847-mini-camara-ip-pt-2-megapixel-cs-h6c-wi-fi-seguimiento-inteligente-audio-de-dos-vias-notificacion-push-ranura-para-memoria-uso-en-interior\/#breadcrumb"},"inLanguage":"es-MX","potentialAction":[{"@type":"ReadAction","target":["https:\/\/compuviper.mx\/tienda\/producto\/ezviz-cs-h6c6941545614847-mini-camara-ip-pt-2-megapixel-cs-h6c-wi-fi-seguimiento-inteligente-audio-de-dos-vias-notificacion-push-ranura-para-memoria-uso-en-interior\/"]}]},{"@type":"BreadcrumbList","@id":"https:\/\/compuviper.mx\/tienda\/producto\/ezviz-cs-h6c6941545614847-mini-camara-ip-pt-2-megapixel-cs-h6c-wi-fi-seguimiento-inteligente-audio-de-dos-vias-notificacion-push-ranura-para-memoria-uso-en-interior\/#breadcrumb","itemListElement":[{"@type":"ListItem","position":1,"name":"Inicio","item":"https:\/\/compuviper.mx\/tienda\/"},{"@type":"ListItem","position":2,"name":"Productos","item":"https:\/\/compuviper.mx\/tienda\/productos\/"},{"@type":"ListItem","position":3,"name":"Camaras","item":"https:\/\/compuviper.mx\/tienda\/categoria-producto\/camaras-2\/"},{"@type":"ListItem","position":4,"name":"Camara De Videovigilancia","item":"https:\/\/compuviper.mx\/tienda\/categoria-producto\/camaras-2\/camara-de-videovigilancia\/"},{"@type":"ListItem","position":5,"name":"Ezviz Cs-h6c,6941545614847 Mini Camara Ip Pt 2 Megapixel Cs-h6c \/ Wi-fi \/ Seguimiento Inteligente \/ Audio De Dos Vias \/ Notificacion Push \/ Ranura Para Memoria \/ Uso En Interior"}]},{"@type":"WebSite","@id":"https:\/\/compuviper.mx\/tienda\/#website","url":"https:\/\/compuviper.mx\/tienda\/","name":"Compuviper","description":"Proveedor de Computadoras, Laptops, Servidores, Monitores, Puntos de Venta, Teclados,   Impresoras, T\u00f3ner, C\u00e1maras de Seguridad y m\u00e1s en tu tienda en l\u00ednea","publisher":{"@id":"https:\/\/compuviper.mx\/tienda\/#organization"},"potentialAction":[{"@type":"SearchAction","target":{"@type":"EntryPoint","urlTemplate":"https:\/\/compuviper.mx\/tienda\/?s={search_term_string}"},"query-input":"required name=search_term_string"}],"inLanguage":"es-MX"},{"@type":"Organization","@id":"https:\/\/compuviper.mx\/tienda\/#organization","name":"Compuviper","url":"https:\/\/compuviper.mx\/tienda\/","logo":{"@type":"ImageObject","inLanguage":"es-MX","@id":"https:\/\/compuviper.mx\/tienda\/#\/schema\/logo\/image\/","url":"https:\/\/compuviper.mx\/tienda\/wp-content\/uploads\/2021\/08\/Logo-Compuviper-10.png","contentUrl":"https:\/\/compuviper.mx\/tienda\/wp-content\/uploads\/2021\/08\/Logo-Compuviper-10.png","width":1000,"height":500,"caption":"Compuviper"},"image":{"@id":"https:\/\/compuviper.mx\/tienda\/#\/schema\/logo\/image\/"},"sameAs":["https:\/\/www.facebook.com\/compuviper","https:\/\/www.youtube.com\/channel\/UCf73dERp9Y3cfOq7q8BhLjA?view_as=subscriber"]}]},"product_brand":"Ezviz","product_price_amount":"469","product_price_currency":"MXN","og_availability":"out of stock","product_availability":"out of stock","product_retailer_item_id":"CS-H6C,6941545614847","product_condition":"new"},"_links":{"self":[{"href":"https:\/\/compuviper.mx\/tienda\/wp-json\/wp\/v2\/product\/216846"}],"collection":[{"href":"https:\/\/compuviper.mx\/tienda\/wp-json\/wp\/v2\/product"}],"about":[{"href":"https:\/\/compuviper.mx\/tienda\/wp-json\/wp\/v2\/types\/product"}],"replies":[{"embeddable":true,"href":"https:\/\/compuviper.mx\/tienda\/wp-json\/wp\/v2\/comments?post=216846"}],"wp:featuredmedia":[{"embeddable":true,"href":"https:\/\/compuviper.mx\/tienda\/wp-json\/wp\/v2\/media\/216847"}],"wp:attachment":[{"href":"https:\/\/compuviper.mx\/tienda\/wp-json\/wp\/v2\/media?parent=216846"}],"wp:term":[{"taxonomy":"product_cat","embeddable":true,"href":"https:\/\/compuviper.mx\/tienda\/wp-json\/wp\/v2\/product_cat?post=216846"},{"taxonomy":"product_tag","embeddable":true,"href":"https:\/\/compuviper.mx\/tienda\/wp-json\/wp\/v2\/product_tag?post=216846"}],"curies":[{"name":"wp","href":"https:\/\/api.w.org\/{rel}","templated":true}]}}