{"id":216844,"date":"2026-04-18T00:16:51","date_gmt":"2026-04-18T06:16:51","guid":{"rendered":"https:\/\/compuviper.mx\/tienda\/producto\/logitech-960-001440-webcam-brio-300-color-off-white-fhd-1080-a-30-fps-auto-enfoque-microfono-usb-c-3-1-win-mac-os\/"},"modified":"2026-04-18T00:16:51","modified_gmt":"2026-04-18T06:16:51","slug":"logitech-960-001440-webcam-brio-300-color-off-white-fhd-1080-a-30-fps-auto-enfoque-microfono-usb-c-3-1-win-mac-os","status":"publish","type":"product","link":"https:\/\/compuviper.mx\/tienda\/producto\/logitech-960-001440-webcam-brio-300-color-off-white-fhd-1080-a-30-fps-auto-enfoque-microfono-usb-c-3-1-win-mac-os\/","title":{"rendered":"Logitech 960-001440 Webcam  Brio 300 Color Off White Fhd 1080 A 30 Fps Auto Enfoque, Microfono Usb-c 3.1 Win\/mac Os"},"content":{"rendered":"<table class=\"descripcion\">\n<tr>\n<td>Dimensiones<\/td>\n<\/tr>\n<tr>\n<td>C\u00e1mara web<\/td>\n<\/tr>\n<tr>\n<td>Altura: 65,63 mm<\/td>\n<\/tr>\n<tr>\n<td>Ancho: 53,1 mm<\/td>\n<\/tr>\n<tr>\n<td>Profundidad: 45 mm<\/td>\n<\/tr>\n<tr>\n<td>Con clip de montaje<\/td>\n<\/tr>\n<tr>\n<td>Peso: 74,6 g, con clip de montaje y cable<\/td>\n<\/tr>\n<tr>\n<td>Longitud del cable fijo: 1,5 m<\/td>\n<\/tr>\n<tr>\n<td>Especificaciones t\u00e9cnicas<\/td>\n<\/tr>\n<tr>\n<td>M\u00faltiples resoluciones<\/td>\n<\/tr>\n<tr>\n<td>1080p\/30 fps (1920 x 1080 p\u00edxeles)<\/td>\n<\/tr>\n<tr>\n<td>720p\/30 fps (1280 x 720 p\u00edxeles)<\/td>\n<\/tr>\n<tr>\n<td>Megap\u00edxeles de c\u00e1mara: 2mp<\/td>\n<\/tr>\n<tr>\n<td>Campo visual diagonal (dfov): 70\u00b0<\/td>\n<\/tr>\n<tr>\n<td>Zoom de hardware: zoom digital 1x<\/td>\n<\/tr>\n<tr>\n<td>Tipo de enfoque: foco fijo<\/td>\n<\/tr>\n<tr>\n<td>Tipo de lente: custom logi 4 element lens with anti-reflective coating<\/td>\n<\/tr>\n<tr>\n<td>Tapa de privacidad integrada<\/td>\n<\/tr>\n<tr>\n<td>Conexi\u00f3n usb-c plug and play<\/td>\n<\/tr>\n<tr>\n<td>Admitido en logi tune<\/td>\n<\/tr>\n<tr>\n<td>Tipo de micr\u00f3fono integrado<\/td>\n<\/tr>\n<tr>\n<td>Micr\u00f3fono mono<\/td>\n<\/tr>\n<tr>\n<td>Radio de acci\u00f3n del micr\u00f3fono: hasta 1.22 m<\/td>\n<\/tr>\n<tr>\n<td>Rightlight 2 equilibra autom\u00e1ticamente el brillo, ajusta el contraste y compensa los entornos de iluminaci\u00f3n dif\u00edciles para ofrecer una presentaci\u00f3n natural.<\/td>\n<\/tr>\n<tr>\n<td>Informaci\u00f3n de garant\u00eda<\/td>\n<\/tr>\n<tr>\n<td>Un a\u00f1o de garant\u00eda de hardware limitada<\/td>\n<\/tr>\n<tr>\n<td>En la caja<\/td>\n<\/tr>\n<tr>\n<td>Brio 300 con cable usb-c fijo<\/td>\n<\/tr>\n<tr>\n<td>Clip de montaje fijo<\/td>\n<\/tr>\n<tr>\n<td>Documentaci\u00f3n del usuario<\/td>\n<\/tr>\n<\/table>\n","protected":false},"excerpt":{"rendered":"<p>Deja brillar a tu personalidad. Te damos la bienvenida a mejores videollamadas con brio 300, una c\u00e1mara web elegante y compacta de 1080p con correcci\u00f3n de iluminaci\u00f3n autom\u00e1tica para compensar los entornos con una iluminaci\u00f3n deficiente. Brio 300 est\u00e1 disponible en 3 colores que se adaptan a tu personalidad y presenta un dise\u00f1o sutilmente moteado, como resultado del uso de pl\u00e1stico reciclado3en un 62 % para el grafito y un 48 % para el rosa y el blanco crudo. Excluye componentes electr\u00f3nicos (ee), cables y empaque. Ahora puedes ser tu mejor versi\u00f3n en cada videollamada. Mu\u00e9strate con claridad. Mejora la colaboraci\u00f3n con alta resoluci\u00f3n y correcci\u00f3n de iluminaci\u00f3n autom\u00e1tica. Rightlight 2 realiza ajustes autom\u00e1ticamente para compensar las condiciones de iluminaci\u00f3n deficientes y que te vean claramente en las videollamadas. Suena como t?. El micr\u00f3fono mono con reducci\u00f3n de ruido captura y transmite tu voz a la vez que suprime el ruido de fondo para que te oigan claramente. Gira para privacidad al instante. Gira f\u00e1cilmente la tapa de privacidad integrada para bloquear por completo la c\u00e1mara cuando no est\u00e9 en uso. Cuando est\u00e9s listo para tu pr\u00f3xima reuni\u00f3n, simplemente abre la tapa para revelar la lente.<\/p>\n","protected":false},"featured_media":216845,"comment_status":"open","ping_status":"open","template":"","meta":[],"product_cat":[1608,1682],"product_tag":[1500],"acf":[],"yoast_head":"<!-- This site is optimized with the Yoast SEO plugin v21.7 - https:\/\/yoast.com\/wordpress\/plugins\/seo\/ -->\n<title>[ Logitech ] &#129351; 960-001440 Webcam Brio 300 Color Off White Fhd 1080 A 30 Fps Auto Enfoque, Microfono Usb-c 3.1 Win\/mac Os<\/title>\n<meta name=\"description\" content=\"Compra 960-001440 Webcam Brio 300 Color Off White Fhd 1080 A 30 Fps Auto Enfoque, Microfono Usb-c 3.1 Win\/mac Os + Env\u00edo a domicilio + Pago seguro + Garant\u00eda\" \/>\n<meta name=\"robots\" content=\"index, follow, max-snippet:-1, max-image-preview:large, max-video-preview:-1\" \/>\n<link rel=\"canonical\" href=\"https:\/\/compuviper.mx\/tienda\/producto\/logitech-960-001440-webcam-brio-300-color-off-white-fhd-1080-a-30-fps-auto-enfoque-microfono-usb-c-3-1-win-mac-os\/\" \/>\n<meta property=\"og:locale\" content=\"es_MX\" \/>\n<meta property=\"og:type\" content=\"article\" \/>\n<meta property=\"og:title\" content=\"[ Logitech ] &#129351; 960-001440 Webcam Brio 300 Color Off White Fhd 1080 A 30 Fps Auto Enfoque, Microfono Usb-c 3.1 Win\/mac Os\" \/>\n<meta property=\"og:description\" content=\"Compra 960-001440 Webcam Brio 300 Color Off White Fhd 1080 A 30 Fps Auto Enfoque, Microfono Usb-c 3.1 Win\/mac Os + Env\u00edo a domicilio + Pago seguro + Garant\u00eda\" \/>\n<meta property=\"og:url\" content=\"https:\/\/compuviper.mx\/tienda\/producto\/logitech-960-001440-webcam-brio-300-color-off-white-fhd-1080-a-30-fps-auto-enfoque-microfono-usb-c-3-1-win-mac-os\/\" \/>\n<meta property=\"og:site_name\" content=\"Compuviper\" \/>\n<meta property=\"article:publisher\" content=\"https:\/\/www.facebook.com\/compuviper\" \/>\n<meta property=\"og:image\" content=\"https:\/\/compuviper.mx\/tienda\/wp-content\/uploads\/2023\/12\/Webcam-logitech-brio-300-color-off-white-fhd-1080-a-30-fps-auto-enfoque-microfono-usb-c-3.1-winmac-os.jpg\" \/>\n\t<meta property=\"og:image:width\" content=\"200\" \/>\n\t<meta property=\"og:image:height\" content=\"200\" \/>\n\t<meta property=\"og:image:type\" content=\"image\/jpeg\" \/>\n<meta name=\"twitter:card\" content=\"summary_large_image\" \/>\n<meta name=\"twitter:label1\" content=\"Precio\" \/>\n\t<meta name=\"twitter:data1\" content=\"&#36;1,315 con IVA\" \/>\n\t<meta name=\"twitter:label2\" content=\"Availability\" \/>\n\t<meta name=\"twitter:data2\" content=\"Out of stock\" \/>\n<script type=\"application\/ld+json\" class=\"yoast-schema-graph\">{\"@context\":\"https:\/\/schema.org\",\"@graph\":[{\"@type\":\"WebPage\",\"@id\":\"https:\/\/compuviper.mx\/tienda\/producto\/logitech-960-001440-webcam-brio-300-color-off-white-fhd-1080-a-30-fps-auto-enfoque-microfono-usb-c-3-1-win-mac-os\/\",\"url\":\"https:\/\/compuviper.mx\/tienda\/producto\/logitech-960-001440-webcam-brio-300-color-off-white-fhd-1080-a-30-fps-auto-enfoque-microfono-usb-c-3-1-win-mac-os\/\",\"name\":\"[ Logitech ] &#129351; 960-001440 Webcam Brio 300 Color Off White Fhd 1080 A 30 Fps Auto Enfoque, Microfono Usb-c 3.1 Win\/mac Os\",\"isPartOf\":{\"@id\":\"https:\/\/compuviper.mx\/tienda\/#website\"},\"datePublished\":\"2026-04-18T06:16:51+00:00\",\"dateModified\":\"2026-04-18T06:16:51+00:00\",\"description\":\"Compra 960-001440 Webcam Brio 300 Color Off White Fhd 1080 A 30 Fps Auto Enfoque, Microfono Usb-c 3.1 Win\/mac Os + Env\u00edo a domicilio + Pago seguro + Garant\u00eda\",\"breadcrumb\":{\"@id\":\"https:\/\/compuviper.mx\/tienda\/producto\/logitech-960-001440-webcam-brio-300-color-off-white-fhd-1080-a-30-fps-auto-enfoque-microfono-usb-c-3-1-win-mac-os\/#breadcrumb\"},\"inLanguage\":\"es-MX\",\"potentialAction\":[{\"@type\":\"ReadAction\",\"target\":[\"https:\/\/compuviper.mx\/tienda\/producto\/logitech-960-001440-webcam-brio-300-color-off-white-fhd-1080-a-30-fps-auto-enfoque-microfono-usb-c-3-1-win-mac-os\/\"]}]},{\"@type\":\"BreadcrumbList\",\"@id\":\"https:\/\/compuviper.mx\/tienda\/producto\/logitech-960-001440-webcam-brio-300-color-off-white-fhd-1080-a-30-fps-auto-enfoque-microfono-usb-c-3-1-win-mac-os\/#breadcrumb\",\"itemListElement\":[{\"@type\":\"ListItem\",\"position\":1,\"name\":\"Inicio\",\"item\":\"https:\/\/compuviper.mx\/tienda\/\"},{\"@type\":\"ListItem\",\"position\":2,\"name\":\"Productos\",\"item\":\"https:\/\/compuviper.mx\/tienda\/productos\/\"},{\"@type\":\"ListItem\",\"position\":3,\"name\":\"Camaras\",\"item\":\"https:\/\/compuviper.mx\/tienda\/categoria-producto\/camaras-2\/\"},{\"@type\":\"ListItem\",\"position\":4,\"name\":\"Camara Web\",\"item\":\"https:\/\/compuviper.mx\/tienda\/categoria-producto\/camaras-2\/camara-web\/\"},{\"@type\":\"ListItem\",\"position\":5,\"name\":\"Logitech 960-001440 Webcam Brio 300 Color Off White Fhd 1080 A 30 Fps Auto Enfoque, Microfono Usb-c 3.1 Win\/mac Os\"}]},{\"@type\":\"WebSite\",\"@id\":\"https:\/\/compuviper.mx\/tienda\/#website\",\"url\":\"https:\/\/compuviper.mx\/tienda\/\",\"name\":\"Compuviper\",\"description\":\"Proveedor de Computadoras, Laptops, Servidores, Monitores, Puntos de Venta, Teclados,   Impresoras, T\u00f3ner, C\u00e1maras de Seguridad y m\u00e1s en tu tienda en l\u00ednea\",\"publisher\":{\"@id\":\"https:\/\/compuviper.mx\/tienda\/#organization\"},\"potentialAction\":[{\"@type\":\"SearchAction\",\"target\":{\"@type\":\"EntryPoint\",\"urlTemplate\":\"https:\/\/compuviper.mx\/tienda\/?s={search_term_string}\"},\"query-input\":\"required name=search_term_string\"}],\"inLanguage\":\"es-MX\"},{\"@type\":\"Organization\",\"@id\":\"https:\/\/compuviper.mx\/tienda\/#organization\",\"name\":\"Compuviper\",\"url\":\"https:\/\/compuviper.mx\/tienda\/\",\"logo\":{\"@type\":\"ImageObject\",\"inLanguage\":\"es-MX\",\"@id\":\"https:\/\/compuviper.mx\/tienda\/#\/schema\/logo\/image\/\",\"url\":\"https:\/\/compuviper.mx\/tienda\/wp-content\/uploads\/2021\/08\/Logo-Compuviper-10.png\",\"contentUrl\":\"https:\/\/compuviper.mx\/tienda\/wp-content\/uploads\/2021\/08\/Logo-Compuviper-10.png\",\"width\":1000,\"height\":500,\"caption\":\"Compuviper\"},\"image\":{\"@id\":\"https:\/\/compuviper.mx\/tienda\/#\/schema\/logo\/image\/\"},\"sameAs\":[\"https:\/\/www.facebook.com\/compuviper\",\"https:\/\/www.youtube.com\/channel\/UCf73dERp9Y3cfOq7q8BhLjA?view_as=subscriber\"]}]}<\/script>\n<meta property=\"product:brand\" content=\"LOGITECH\" \/>\n<meta property=\"product:price:amount\" content=\"1315\" \/>\n<meta property=\"product:price:currency\" content=\"MXN\" \/>\n<meta property=\"og:availability\" content=\"out of stock\" \/>\n<meta property=\"product:availability\" content=\"out of stock\" \/>\n<meta property=\"product:retailer_item_id\" content=\"960-001440\" \/>\n<meta property=\"product:condition\" content=\"new\" \/>\n<!-- \/ Yoast SEO plugin. -->","yoast_head_json":{"title":"[ Logitech ] &#129351; 960-001440 Webcam Brio 300 Color Off White Fhd 1080 A 30 Fps Auto Enfoque, Microfono Usb-c 3.1 Win\/mac Os","description":"Compra 960-001440 Webcam Brio 300 Color Off White Fhd 1080 A 30 Fps Auto Enfoque, Microfono Usb-c 3.1 Win\/mac Os + Env\u00edo a domicilio + Pago seguro + Garant\u00eda","robots":{"index":"index","follow":"follow","max-snippet":"max-snippet:-1","max-image-preview":"max-image-preview:large","max-video-preview":"max-video-preview:-1"},"canonical":"https:\/\/compuviper.mx\/tienda\/producto\/logitech-960-001440-webcam-brio-300-color-off-white-fhd-1080-a-30-fps-auto-enfoque-microfono-usb-c-3-1-win-mac-os\/","og_locale":"es_MX","og_type":"article","og_title":"[ Logitech ] &#129351; 960-001440 Webcam Brio 300 Color Off White Fhd 1080 A 30 Fps Auto Enfoque, Microfono Usb-c 3.1 Win\/mac Os","og_description":"Compra 960-001440 Webcam Brio 300 Color Off White Fhd 1080 A 30 Fps Auto Enfoque, Microfono Usb-c 3.1 Win\/mac Os + Env\u00edo a domicilio + Pago seguro + Garant\u00eda","og_url":"https:\/\/compuviper.mx\/tienda\/producto\/logitech-960-001440-webcam-brio-300-color-off-white-fhd-1080-a-30-fps-auto-enfoque-microfono-usb-c-3-1-win-mac-os\/","og_site_name":"Compuviper","article_publisher":"https:\/\/www.facebook.com\/compuviper","og_image":[{"width":200,"height":200,"url":"https:\/\/compuviper.mx\/tienda\/wp-content\/uploads\/2023\/12\/Webcam-logitech-brio-300-color-off-white-fhd-1080-a-30-fps-auto-enfoque-microfono-usb-c-3.1-winmac-os.jpg","type":"image\/jpeg"}],"twitter_card":"summary_large_image","twitter_misc":{"Precio":"&#36;1,315 con IVA","Availability":"Out of stock"},"schema":{"@context":"https:\/\/schema.org","@graph":[{"@type":"WebPage","@id":"https:\/\/compuviper.mx\/tienda\/producto\/logitech-960-001440-webcam-brio-300-color-off-white-fhd-1080-a-30-fps-auto-enfoque-microfono-usb-c-3-1-win-mac-os\/","url":"https:\/\/compuviper.mx\/tienda\/producto\/logitech-960-001440-webcam-brio-300-color-off-white-fhd-1080-a-30-fps-auto-enfoque-microfono-usb-c-3-1-win-mac-os\/","name":"[ Logitech ] &#129351; 960-001440 Webcam Brio 300 Color Off White Fhd 1080 A 30 Fps Auto Enfoque, Microfono Usb-c 3.1 Win\/mac Os","isPartOf":{"@id":"https:\/\/compuviper.mx\/tienda\/#website"},"datePublished":"2026-04-18T06:16:51+00:00","dateModified":"2026-04-18T06:16:51+00:00","description":"Compra 960-001440 Webcam Brio 300 Color Off White Fhd 1080 A 30 Fps Auto Enfoque, Microfono Usb-c 3.1 Win\/mac Os + Env\u00edo a domicilio + Pago seguro + Garant\u00eda","breadcrumb":{"@id":"https:\/\/compuviper.mx\/tienda\/producto\/logitech-960-001440-webcam-brio-300-color-off-white-fhd-1080-a-30-fps-auto-enfoque-microfono-usb-c-3-1-win-mac-os\/#breadcrumb"},"inLanguage":"es-MX","potentialAction":[{"@type":"ReadAction","target":["https:\/\/compuviper.mx\/tienda\/producto\/logitech-960-001440-webcam-brio-300-color-off-white-fhd-1080-a-30-fps-auto-enfoque-microfono-usb-c-3-1-win-mac-os\/"]}]},{"@type":"BreadcrumbList","@id":"https:\/\/compuviper.mx\/tienda\/producto\/logitech-960-001440-webcam-brio-300-color-off-white-fhd-1080-a-30-fps-auto-enfoque-microfono-usb-c-3-1-win-mac-os\/#breadcrumb","itemListElement":[{"@type":"ListItem","position":1,"name":"Inicio","item":"https:\/\/compuviper.mx\/tienda\/"},{"@type":"ListItem","position":2,"name":"Productos","item":"https:\/\/compuviper.mx\/tienda\/productos\/"},{"@type":"ListItem","position":3,"name":"Camaras","item":"https:\/\/compuviper.mx\/tienda\/categoria-producto\/camaras-2\/"},{"@type":"ListItem","position":4,"name":"Camara Web","item":"https:\/\/compuviper.mx\/tienda\/categoria-producto\/camaras-2\/camara-web\/"},{"@type":"ListItem","position":5,"name":"Logitech 960-001440 Webcam Brio 300 Color Off White Fhd 1080 A 30 Fps Auto Enfoque, Microfono Usb-c 3.1 Win\/mac Os"}]},{"@type":"WebSite","@id":"https:\/\/compuviper.mx\/tienda\/#website","url":"https:\/\/compuviper.mx\/tienda\/","name":"Compuviper","description":"Proveedor de Computadoras, Laptops, Servidores, Monitores, Puntos de Venta, Teclados,   Impresoras, T\u00f3ner, C\u00e1maras de Seguridad y m\u00e1s en tu tienda en l\u00ednea","publisher":{"@id":"https:\/\/compuviper.mx\/tienda\/#organization"},"potentialAction":[{"@type":"SearchAction","target":{"@type":"EntryPoint","urlTemplate":"https:\/\/compuviper.mx\/tienda\/?s={search_term_string}"},"query-input":"required name=search_term_string"}],"inLanguage":"es-MX"},{"@type":"Organization","@id":"https:\/\/compuviper.mx\/tienda\/#organization","name":"Compuviper","url":"https:\/\/compuviper.mx\/tienda\/","logo":{"@type":"ImageObject","inLanguage":"es-MX","@id":"https:\/\/compuviper.mx\/tienda\/#\/schema\/logo\/image\/","url":"https:\/\/compuviper.mx\/tienda\/wp-content\/uploads\/2021\/08\/Logo-Compuviper-10.png","contentUrl":"https:\/\/compuviper.mx\/tienda\/wp-content\/uploads\/2021\/08\/Logo-Compuviper-10.png","width":1000,"height":500,"caption":"Compuviper"},"image":{"@id":"https:\/\/compuviper.mx\/tienda\/#\/schema\/logo\/image\/"},"sameAs":["https:\/\/www.facebook.com\/compuviper","https:\/\/www.youtube.com\/channel\/UCf73dERp9Y3cfOq7q8BhLjA?view_as=subscriber"]}]},"product_brand":"LOGITECH","product_price_amount":"1315","product_price_currency":"MXN","og_availability":"out of stock","product_availability":"out of stock","product_retailer_item_id":"960-001440","product_condition":"new"},"_links":{"self":[{"href":"https:\/\/compuviper.mx\/tienda\/wp-json\/wp\/v2\/product\/216844"}],"collection":[{"href":"https:\/\/compuviper.mx\/tienda\/wp-json\/wp\/v2\/product"}],"about":[{"href":"https:\/\/compuviper.mx\/tienda\/wp-json\/wp\/v2\/types\/product"}],"replies":[{"embeddable":true,"href":"https:\/\/compuviper.mx\/tienda\/wp-json\/wp\/v2\/comments?post=216844"}],"wp:featuredmedia":[{"embeddable":true,"href":"https:\/\/compuviper.mx\/tienda\/wp-json\/wp\/v2\/media\/216845"}],"wp:attachment":[{"href":"https:\/\/compuviper.mx\/tienda\/wp-json\/wp\/v2\/media?parent=216844"}],"wp:term":[{"taxonomy":"product_cat","embeddable":true,"href":"https:\/\/compuviper.mx\/tienda\/wp-json\/wp\/v2\/product_cat?post=216844"},{"taxonomy":"product_tag","embeddable":true,"href":"https:\/\/compuviper.mx\/tienda\/wp-json\/wp\/v2\/product_tag?post=216844"}],"curies":[{"name":"wp","href":"https:\/\/api.w.org\/{rel}","templated":true}]}}