{"id":216761,"date":"2026-04-09T00:10:58","date_gmt":"2026-04-09T06:10:58","guid":{"rendered":"https:\/\/compuviper.mx\/tienda\/producto\/logitech-960-001412-webcam-brio-500-grafito-fhd-1080-a-30-fps-auto-enfoque-micrfono-ia-usb-c-win-mac-os\/"},"modified":"2026-04-09T00:10:58","modified_gmt":"2026-04-09T06:10:58","slug":"logitech-960-001412-webcam-brio-500-grafito-fhd-1080-a-30-fps-auto-enfoque-micrfono-ia-usb-c-win-mac-os","status":"publish","type":"product","link":"https:\/\/compuviper.mx\/tienda\/producto\/logitech-960-001412-webcam-brio-500-grafito-fhd-1080-a-30-fps-auto-enfoque-micrfono-ia-usb-c-win-mac-os\/","title":{"rendered":"Logitech 960-001412 Webcam  Brio 500 Grafito Fhd 1080 A 30 Fps Auto Enfoque, Micr?fono Ia Usb-c Win\/mac Os"},"content":{"rendered":"<table class=\"descripcion\">\n<tr>\n<td>S\u00f3lo c\u00e1mara web<\/td>\n<\/tr>\n<tr>\n<td>Peso: 31,5 mm<\/td>\n<\/tr>\n<tr>\n<td>Ancho: 110 mm<\/td>\n<\/tr>\n<tr>\n<td>Profundidad: 31,5 mm<\/td>\n<\/tr>\n<tr>\n<td>C\u00e1mara web + pieza de montaje<\/td>\n<\/tr>\n<tr>\n<td>Peso: 51,5 mm<\/td>\n<\/tr>\n<tr>\n<td>Ancho: 110 mm<\/td>\n<\/tr>\n<tr>\n<td>Profundidad: 45 mm, con clip de montaje<\/td>\n<\/tr>\n<tr>\n<td>Peso: 121 g, con clip de montaje y cable<\/td>\n<\/tr>\n<tr>\n<td>Longitud del cable fijo: 1,5 m<\/td>\n<\/tr>\n<tr>\n<td>Clip de montaje<\/td>\n<\/tr>\n<tr>\n<td>Peso: 25 mm<\/td>\n<\/tr>\n<tr>\n<td>Ancho: 45,8 mm<\/td>\n<\/tr>\n<tr>\n<td>Profundidad: 65,1 mm<\/td>\n<\/tr>\n<tr>\n<td>Peso: 40 g, con adaptador de montaje extra\u00edble<\/td>\n<\/tr>\n<tr>\n<td>Especificaciones t\u00e9cnicas<\/td>\n<\/tr>\n<tr>\n<td>M\u00faltiples resoluciones<\/td>\n<\/tr>\n<tr>\n<td>1080p\/30 fps (1920 x 1080 p\u00edxeles)<\/td>\n<\/tr>\n<tr>\n<td>720p\/60 fps (1280 x 720 p\u00edxeles)<\/td>\n<\/tr>\n<tr>\n<td>Megap\u00edxeles de c\u00e1mara: 4 mp<\/td>\n<\/tr>\n<tr>\n<td>Campo visual diagonal (dfov): 90\u00b0\/78\u00b0\/65\u00b0<\/td>\n<\/tr>\n<tr>\n<td>Zoom de hardware: digital 4x<\/td>\n<\/tr>\n<tr>\n<td>Tipo de enfoque: enfoque autom\u00e1tico<\/td>\n<\/tr>\n<tr>\n<td>Tipo de lente: cristal<\/td>\n<\/tr>\n<tr>\n<td>Tapa de privacidad integrada<\/td>\n<\/tr>\n<tr>\n<td>Conexi\u00f3n usb-c plug and play<\/td>\n<\/tr>\n<tr>\n<td>Admitido en logi tune<\/td>\n<\/tr>\n<tr>\n<td>Tipo de micr\u00f3fono integrado<\/td>\n<\/tr>\n<tr>\n<td>Micr\u00f3fono est\u00e9reo<\/td>\n<\/tr>\n<tr>\n<td>Radio de micr\u00f3fono: hasta 1.22 m<\/td>\n<\/tr>\n<tr>\n<td>Rightlight 4 con hdr para ofrecer im\u00e1genes n\u00edtidas en diversas condiciones de iluminaci\u00f3n, desde luz escasa a luz solar directa<\/td>\n<\/tr>\n<tr>\n<td>El clip universal extra\u00edble es apto para laptops, pantallas lcd o monitores<\/td>\n<\/tr>\n<tr>\n<td>Informaci\u00f3n de garant\u00eda<\/td>\n<\/tr>\n<tr>\n<td>Un a\u00f1o de garant\u00eda de hardware limitada<\/td>\n<\/tr>\n<\/table>\n","protected":false},"excerpt":{"rendered":"<p>Muestra lo mejor de ti. Si\u00e9ntete seguro en cada reuni\u00f3n h\u00edbrida con una c\u00e1mara web que aporta personalidad y facilidad a la configuraci\u00f3n de tu oficina. La correcci\u00f3n autom\u00e1tica de la iluminaci\u00f3n y los micr\u00f3fonos con reducci\u00f3n de ruido aseguran que te veas y suenes claro y natural en cada reuni\u00f3n a la que te incorpores. Brio 500 cuenta con rightlight 4, que se ajusta autom\u00e1ticamente a tu entorno para que est\u00e9s bien iluminado, incluso en condiciones de escasa iluminaci\u00f3n. La mayor\u00eda de las plataformas de reuniones de video pueden crear un fondo borroso en la imagen. La resoluci\u00f3n full hd 1080p y la correcci\u00f3n de la imagen facial basada en ia brindan una calidad de imagen excepcional para que los dem\u00e1s puedan verte con mayor claridad. El encuadre autom\u00e1tico de rightsight 42para utilizar esta funci\u00f3n, los usuarios deben descargar y usar logi tune. Logi tune no disponible para chrome os. Centra la c\u00e1mara en ti, para que puedas pararte y moverte durante las reuniones sin salirte del encuadre. Descarga logi tune de forma gratuita para habilitar experiencias de reuni\u00f3n avanzadas como el encuadre autom\u00e1tico rightsight3para utilizar esta funci\u00f3n, los usuarios deben descargar y usar logi tune. Logi tune no disponible para chrome os.. Hazte o\u00edr. Aseg\u00farate de que tus colegas escuchen lo que tienes que decir, incluso cuando no cuentes con auriculares ni aud\u00edfonos. Los micr\u00f3fonos con reducci\u00f3n de ruido filtran el sonido de fondo y mejoran tu voz para que te escuchen con claridad a ti y no al ruido que te rodea. Muestra tu trabajo. Utiliza el nuevo e innovador modo mostrar para inclinar la c\u00e1mara hacia abajo y presentar bocetos, trabajos en curso y otros objetos de tu escritorio. La pieza de montaje incluida cuenta con una microventosa que asegura la c\u00e1mara web a la parte posterior de tu monitor, lo que te permite realizar ajustes r\u00e1pidos con una sola mano. Descarga logi tune de forma gratuita para habilitar el modo mostrar. Dise\u00f1ada para las reuniones. \u00fanete f\u00e1cilmente a una reuni\u00f3n usando tu aplicaci\u00f3n de videoconferencia preferida. Brio 500 es compatible con la mayor\u00eda de las plataformas de reuniones y aplicaciones de llamadas y cuenta con certificaci\u00f3n para el uso con microsoft teams, google meet y zoom.<\/p>\n","protected":false},"featured_media":216762,"comment_status":"open","ping_status":"open","template":"","meta":[],"product_cat":[1608,1682],"product_tag":[1500],"acf":[],"yoast_head":"<!-- This site is optimized with the Yoast SEO plugin v21.7 - https:\/\/yoast.com\/wordpress\/plugins\/seo\/ -->\n<title>[ Logitech ] &#129351; 960-001412 Webcam Brio 500 Grafito Fhd 1080 A 30 Fps Auto Enfoque, Micr\u00f3fono Ia Usb-c Win\/mac Os<\/title>\n<meta name=\"description\" content=\"Compra 960-001412 Webcam Brio 500 Grafito Fhd 1080 A 30 Fps Auto Enfoque, Micr\u00f3fono Ia Usb-c Win\/mac Os + Env\u00edo a domicilio + Pago seguro + Garant\u00eda\" \/>\n<meta name=\"robots\" content=\"index, follow, max-snippet:-1, max-image-preview:large, max-video-preview:-1\" \/>\n<link rel=\"canonical\" href=\"https:\/\/compuviper.mx\/tienda\/producto\/logitech-960-001412-webcam-brio-500-grafito-fhd-1080-a-30-fps-auto-enfoque-micrfono-ia-usb-c-win-mac-os\/\" \/>\n<meta property=\"og:locale\" content=\"es_MX\" \/>\n<meta property=\"og:type\" content=\"article\" \/>\n<meta property=\"og:title\" content=\"[ Logitech ] &#129351; 960-001412 Webcam Brio 500 Grafito Fhd 1080 A 30 Fps Auto Enfoque, Micr\u00f3fono Ia Usb-c Win\/mac Os\" \/>\n<meta property=\"og:description\" content=\"Compra 960-001412 Webcam Brio 500 Grafito Fhd 1080 A 30 Fps Auto Enfoque, Micr\u00f3fono Ia Usb-c Win\/mac Os + Env\u00edo a domicilio + Pago seguro + Garant\u00eda\" \/>\n<meta property=\"og:url\" content=\"https:\/\/compuviper.mx\/tienda\/producto\/logitech-960-001412-webcam-brio-500-grafito-fhd-1080-a-30-fps-auto-enfoque-micrfono-ia-usb-c-win-mac-os\/\" \/>\n<meta property=\"og:site_name\" content=\"Compuviper\" \/>\n<meta property=\"article:publisher\" content=\"https:\/\/www.facebook.com\/compuviper\" \/>\n<meta property=\"og:image\" content=\"https:\/\/compuviper.mx\/tienda\/wp-content\/uploads\/2023\/12\/Webcam-logitech-brio-500-grafito-fhd-1080-a-30-fps-auto-enfoque-microfono-ia-usb-c-winmac-os.jpg\" \/>\n\t<meta property=\"og:image:width\" content=\"200\" \/>\n\t<meta property=\"og:image:height\" content=\"200\" \/>\n\t<meta property=\"og:image:type\" content=\"image\/jpeg\" \/>\n<meta name=\"twitter:card\" content=\"summary_large_image\" \/>\n<meta name=\"twitter:label1\" content=\"Precio\" \/>\n\t<meta name=\"twitter:data1\" content=\"&#36;2,359 con IVA\" \/>\n\t<meta name=\"twitter:label2\" content=\"Availability\" \/>\n\t<meta name=\"twitter:data2\" content=\"In stock\" \/>\n<script type=\"application\/ld+json\" class=\"yoast-schema-graph\">{\"@context\":\"https:\/\/schema.org\",\"@graph\":[{\"@type\":\"WebPage\",\"@id\":\"https:\/\/compuviper.mx\/tienda\/producto\/logitech-960-001412-webcam-brio-500-grafito-fhd-1080-a-30-fps-auto-enfoque-micrfono-ia-usb-c-win-mac-os\/\",\"url\":\"https:\/\/compuviper.mx\/tienda\/producto\/logitech-960-001412-webcam-brio-500-grafito-fhd-1080-a-30-fps-auto-enfoque-micrfono-ia-usb-c-win-mac-os\/\",\"name\":\"[ Logitech ] &#129351; 960-001412 Webcam Brio 500 Grafito Fhd 1080 A 30 Fps Auto Enfoque, Micr\u00f3fono Ia Usb-c Win\/mac Os\",\"isPartOf\":{\"@id\":\"https:\/\/compuviper.mx\/tienda\/#website\"},\"datePublished\":\"2026-04-09T06:10:58+00:00\",\"dateModified\":\"2026-04-09T06:10:58+00:00\",\"description\":\"Compra 960-001412 Webcam Brio 500 Grafito Fhd 1080 A 30 Fps Auto Enfoque, Micr\u00f3fono Ia Usb-c Win\/mac Os + Env\u00edo a domicilio + Pago seguro + Garant\u00eda\",\"breadcrumb\":{\"@id\":\"https:\/\/compuviper.mx\/tienda\/producto\/logitech-960-001412-webcam-brio-500-grafito-fhd-1080-a-30-fps-auto-enfoque-micrfono-ia-usb-c-win-mac-os\/#breadcrumb\"},\"inLanguage\":\"es-MX\",\"potentialAction\":[{\"@type\":\"ReadAction\",\"target\":[\"https:\/\/compuviper.mx\/tienda\/producto\/logitech-960-001412-webcam-brio-500-grafito-fhd-1080-a-30-fps-auto-enfoque-micrfono-ia-usb-c-win-mac-os\/\"]}]},{\"@type\":\"BreadcrumbList\",\"@id\":\"https:\/\/compuviper.mx\/tienda\/producto\/logitech-960-001412-webcam-brio-500-grafito-fhd-1080-a-30-fps-auto-enfoque-micrfono-ia-usb-c-win-mac-os\/#breadcrumb\",\"itemListElement\":[{\"@type\":\"ListItem\",\"position\":1,\"name\":\"Inicio\",\"item\":\"https:\/\/compuviper.mx\/tienda\/\"},{\"@type\":\"ListItem\",\"position\":2,\"name\":\"Productos\",\"item\":\"https:\/\/compuviper.mx\/tienda\/productos\/\"},{\"@type\":\"ListItem\",\"position\":3,\"name\":\"Camaras\",\"item\":\"https:\/\/compuviper.mx\/tienda\/categoria-producto\/camaras-2\/\"},{\"@type\":\"ListItem\",\"position\":4,\"name\":\"Camara Web\",\"item\":\"https:\/\/compuviper.mx\/tienda\/categoria-producto\/camaras-2\/camara-web\/\"},{\"@type\":\"ListItem\",\"position\":5,\"name\":\"Logitech 960-001412 Webcam Brio 500 Grafito Fhd 1080 A 30 Fps Auto Enfoque, Micr?fono Ia Usb-c Win\/mac Os\"}]},{\"@type\":\"WebSite\",\"@id\":\"https:\/\/compuviper.mx\/tienda\/#website\",\"url\":\"https:\/\/compuviper.mx\/tienda\/\",\"name\":\"Compuviper\",\"description\":\"Proveedor de Computadoras, Laptops, Servidores, Monitores, Puntos de Venta, Teclados,   Impresoras, T\u00f3ner, C\u00e1maras de Seguridad y m\u00e1s en tu tienda en l\u00ednea\",\"publisher\":{\"@id\":\"https:\/\/compuviper.mx\/tienda\/#organization\"},\"potentialAction\":[{\"@type\":\"SearchAction\",\"target\":{\"@type\":\"EntryPoint\",\"urlTemplate\":\"https:\/\/compuviper.mx\/tienda\/?s={search_term_string}\"},\"query-input\":\"required name=search_term_string\"}],\"inLanguage\":\"es-MX\"},{\"@type\":\"Organization\",\"@id\":\"https:\/\/compuviper.mx\/tienda\/#organization\",\"name\":\"Compuviper\",\"url\":\"https:\/\/compuviper.mx\/tienda\/\",\"logo\":{\"@type\":\"ImageObject\",\"inLanguage\":\"es-MX\",\"@id\":\"https:\/\/compuviper.mx\/tienda\/#\/schema\/logo\/image\/\",\"url\":\"https:\/\/compuviper.mx\/tienda\/wp-content\/uploads\/2021\/08\/Logo-Compuviper-10.png\",\"contentUrl\":\"https:\/\/compuviper.mx\/tienda\/wp-content\/uploads\/2021\/08\/Logo-Compuviper-10.png\",\"width\":1000,\"height\":500,\"caption\":\"Compuviper\"},\"image\":{\"@id\":\"https:\/\/compuviper.mx\/tienda\/#\/schema\/logo\/image\/\"},\"sameAs\":[\"https:\/\/www.facebook.com\/compuviper\",\"https:\/\/www.youtube.com\/channel\/UCf73dERp9Y3cfOq7q8BhLjA?view_as=subscriber\"]}]}<\/script>\n<meta property=\"product:brand\" content=\"LOGITECH\" \/>\n<meta property=\"product:price:amount\" content=\"2359\" \/>\n<meta property=\"product:price:currency\" content=\"MXN\" \/>\n<meta property=\"og:availability\" content=\"instock\" \/>\n<meta property=\"product:availability\" content=\"instock\" \/>\n<meta property=\"product:retailer_item_id\" content=\"960-001412\" \/>\n<meta property=\"product:condition\" content=\"new\" \/>\n<!-- \/ Yoast SEO plugin. -->","yoast_head_json":{"title":"[ Logitech ] &#129351; 960-001412 Webcam Brio 500 Grafito Fhd 1080 A 30 Fps Auto Enfoque, Micr\u00f3fono Ia Usb-c Win\/mac Os","description":"Compra 960-001412 Webcam Brio 500 Grafito Fhd 1080 A 30 Fps Auto Enfoque, Micr\u00f3fono Ia Usb-c Win\/mac Os + Env\u00edo a domicilio + Pago seguro + Garant\u00eda","robots":{"index":"index","follow":"follow","max-snippet":"max-snippet:-1","max-image-preview":"max-image-preview:large","max-video-preview":"max-video-preview:-1"},"canonical":"https:\/\/compuviper.mx\/tienda\/producto\/logitech-960-001412-webcam-brio-500-grafito-fhd-1080-a-30-fps-auto-enfoque-micrfono-ia-usb-c-win-mac-os\/","og_locale":"es_MX","og_type":"article","og_title":"[ Logitech ] &#129351; 960-001412 Webcam Brio 500 Grafito Fhd 1080 A 30 Fps Auto Enfoque, Micr\u00f3fono Ia Usb-c Win\/mac Os","og_description":"Compra 960-001412 Webcam Brio 500 Grafito Fhd 1080 A 30 Fps Auto Enfoque, Micr\u00f3fono Ia Usb-c Win\/mac Os + Env\u00edo a domicilio + Pago seguro + Garant\u00eda","og_url":"https:\/\/compuviper.mx\/tienda\/producto\/logitech-960-001412-webcam-brio-500-grafito-fhd-1080-a-30-fps-auto-enfoque-micrfono-ia-usb-c-win-mac-os\/","og_site_name":"Compuviper","article_publisher":"https:\/\/www.facebook.com\/compuviper","og_image":[{"width":200,"height":200,"url":"https:\/\/compuviper.mx\/tienda\/wp-content\/uploads\/2023\/12\/Webcam-logitech-brio-500-grafito-fhd-1080-a-30-fps-auto-enfoque-microfono-ia-usb-c-winmac-os.jpg","type":"image\/jpeg"}],"twitter_card":"summary_large_image","twitter_misc":{"Precio":"&#36;2,359 con IVA","Availability":"In stock"},"schema":{"@context":"https:\/\/schema.org","@graph":[{"@type":"WebPage","@id":"https:\/\/compuviper.mx\/tienda\/producto\/logitech-960-001412-webcam-brio-500-grafito-fhd-1080-a-30-fps-auto-enfoque-micrfono-ia-usb-c-win-mac-os\/","url":"https:\/\/compuviper.mx\/tienda\/producto\/logitech-960-001412-webcam-brio-500-grafito-fhd-1080-a-30-fps-auto-enfoque-micrfono-ia-usb-c-win-mac-os\/","name":"[ Logitech ] &#129351; 960-001412 Webcam Brio 500 Grafito Fhd 1080 A 30 Fps Auto Enfoque, Micr\u00f3fono Ia Usb-c Win\/mac Os","isPartOf":{"@id":"https:\/\/compuviper.mx\/tienda\/#website"},"datePublished":"2026-04-09T06:10:58+00:00","dateModified":"2026-04-09T06:10:58+00:00","description":"Compra 960-001412 Webcam Brio 500 Grafito Fhd 1080 A 30 Fps Auto Enfoque, Micr\u00f3fono Ia Usb-c Win\/mac Os + Env\u00edo a domicilio + Pago seguro + Garant\u00eda","breadcrumb":{"@id":"https:\/\/compuviper.mx\/tienda\/producto\/logitech-960-001412-webcam-brio-500-grafito-fhd-1080-a-30-fps-auto-enfoque-micrfono-ia-usb-c-win-mac-os\/#breadcrumb"},"inLanguage":"es-MX","potentialAction":[{"@type":"ReadAction","target":["https:\/\/compuviper.mx\/tienda\/producto\/logitech-960-001412-webcam-brio-500-grafito-fhd-1080-a-30-fps-auto-enfoque-micrfono-ia-usb-c-win-mac-os\/"]}]},{"@type":"BreadcrumbList","@id":"https:\/\/compuviper.mx\/tienda\/producto\/logitech-960-001412-webcam-brio-500-grafito-fhd-1080-a-30-fps-auto-enfoque-micrfono-ia-usb-c-win-mac-os\/#breadcrumb","itemListElement":[{"@type":"ListItem","position":1,"name":"Inicio","item":"https:\/\/compuviper.mx\/tienda\/"},{"@type":"ListItem","position":2,"name":"Productos","item":"https:\/\/compuviper.mx\/tienda\/productos\/"},{"@type":"ListItem","position":3,"name":"Camaras","item":"https:\/\/compuviper.mx\/tienda\/categoria-producto\/camaras-2\/"},{"@type":"ListItem","position":4,"name":"Camara Web","item":"https:\/\/compuviper.mx\/tienda\/categoria-producto\/camaras-2\/camara-web\/"},{"@type":"ListItem","position":5,"name":"Logitech 960-001412 Webcam Brio 500 Grafito Fhd 1080 A 30 Fps Auto Enfoque, Micr?fono Ia Usb-c Win\/mac Os"}]},{"@type":"WebSite","@id":"https:\/\/compuviper.mx\/tienda\/#website","url":"https:\/\/compuviper.mx\/tienda\/","name":"Compuviper","description":"Proveedor de Computadoras, Laptops, Servidores, Monitores, Puntos de Venta, Teclados,   Impresoras, T\u00f3ner, C\u00e1maras de Seguridad y m\u00e1s en tu tienda en l\u00ednea","publisher":{"@id":"https:\/\/compuviper.mx\/tienda\/#organization"},"potentialAction":[{"@type":"SearchAction","target":{"@type":"EntryPoint","urlTemplate":"https:\/\/compuviper.mx\/tienda\/?s={search_term_string}"},"query-input":"required name=search_term_string"}],"inLanguage":"es-MX"},{"@type":"Organization","@id":"https:\/\/compuviper.mx\/tienda\/#organization","name":"Compuviper","url":"https:\/\/compuviper.mx\/tienda\/","logo":{"@type":"ImageObject","inLanguage":"es-MX","@id":"https:\/\/compuviper.mx\/tienda\/#\/schema\/logo\/image\/","url":"https:\/\/compuviper.mx\/tienda\/wp-content\/uploads\/2021\/08\/Logo-Compuviper-10.png","contentUrl":"https:\/\/compuviper.mx\/tienda\/wp-content\/uploads\/2021\/08\/Logo-Compuviper-10.png","width":1000,"height":500,"caption":"Compuviper"},"image":{"@id":"https:\/\/compuviper.mx\/tienda\/#\/schema\/logo\/image\/"},"sameAs":["https:\/\/www.facebook.com\/compuviper","https:\/\/www.youtube.com\/channel\/UCf73dERp9Y3cfOq7q8BhLjA?view_as=subscriber"]}]},"product_brand":"LOGITECH","product_price_amount":"2359","product_price_currency":"MXN","og_availability":"instock","product_availability":"instock","product_retailer_item_id":"960-001412","product_condition":"new"},"_links":{"self":[{"href":"https:\/\/compuviper.mx\/tienda\/wp-json\/wp\/v2\/product\/216761"}],"collection":[{"href":"https:\/\/compuviper.mx\/tienda\/wp-json\/wp\/v2\/product"}],"about":[{"href":"https:\/\/compuviper.mx\/tienda\/wp-json\/wp\/v2\/types\/product"}],"replies":[{"embeddable":true,"href":"https:\/\/compuviper.mx\/tienda\/wp-json\/wp\/v2\/comments?post=216761"}],"wp:featuredmedia":[{"embeddable":true,"href":"https:\/\/compuviper.mx\/tienda\/wp-json\/wp\/v2\/media\/216762"}],"wp:attachment":[{"href":"https:\/\/compuviper.mx\/tienda\/wp-json\/wp\/v2\/media?parent=216761"}],"wp:term":[{"taxonomy":"product_cat","embeddable":true,"href":"https:\/\/compuviper.mx\/tienda\/wp-json\/wp\/v2\/product_cat?post=216761"},{"taxonomy":"product_tag","embeddable":true,"href":"https:\/\/compuviper.mx\/tienda\/wp-json\/wp\/v2\/product_tag?post=216761"}],"curies":[{"name":"wp","href":"https:\/\/api.w.org\/{rel}","templated":true}]}}