{"id":216743,"date":"2026-04-23T00:11:29","date_gmt":"2026-04-23T06:11:29","guid":{"rendered":"https:\/\/compuviper.mx\/tienda\/producto\/hikvision-ds-2df8c442ixs-aelwt5-domo-ptz-ip-4-megapixeles-42x-zoom-500-mts-ir-autoseguimiento-2-0-wdr-140-db-ois-deep-learning-exterior-ip67-rapid-focus-hi-poe-wiper\/"},"modified":"2026-04-23T00:11:30","modified_gmt":"2026-04-23T06:11:30","slug":"hikvision-ds-2df8c442ixs-aelwt5-domo-ptz-ip-4-megapixeles-42x-zoom-500-mts-ir-autoseguimiento-2-0-wdr-140-db-ois-deep-learning-exterior-ip67-rapid-focus-hi-poe-wiper","status":"publish","type":"product","link":"https:\/\/compuviper.mx\/tienda\/producto\/hikvision-ds-2df8c442ixs-aelwt5-domo-ptz-ip-4-megapixeles-42x-zoom-500-mts-ir-autoseguimiento-2-0-wdr-140-db-ois-deep-learning-exterior-ip67-rapid-focus-hi-poe-wiper\/","title":{"rendered":"Hikvision Ds-2df8c442ixs-aelw(t5) Domo Ptz Ip 4 Megapixeles   42x Zoom \/ 500 Mts Ir \/ Autoseguimiento 2.0 \/ Wdr 140 Db \/ Ois \/ Deep Learning \/ Exterior Ip67 \/ Rapid Focus \/ Hi-poe \/ Wiper"},"content":{"rendered":"<table class=\"descripcion\">\n<tr>\n<td>Sensor de imagen: 2\/3 cmos scan progresivo.<\/td>\n<\/tr>\n<tr>\n<td>    iluminacin mnima: color:0.005 lux @f1.5 agc,on b\/n:0.0005 lux @f1.5, agc on.<\/td>\n<\/tr>\n<tr>\n<td>    distancia focal: 7.5 a 315 mm 42x zoom ptico \/ 16x zoom digital.<\/td>\n<\/tr>\n<tr>\n<td>    distancia de ir: 500 m ir inteligente.<\/td>\n<\/tr>\n<tr>\n<td>    funciones: wdr 140db \/ 3d-dnr \/ ois \/ hlc \/ blc \/ auto-seguimiento 2.0 \/ defog \/ rapid focus.<\/td>\n<\/tr>\n<tr>\n<td>    autoseguimiento 2.0: nos permite seguir a una persona o un vehculo y no desperdiciar recursos al momento de que un animal pase por el lugar o se mueva una ramas de un rbol, seremos mas eficientes al activar el autoseguimiento y realmente seguir al objeto correcto personas o vehculos.<\/td>\n<\/tr>\n<tr>\n<td>    aplicacin: interior \/ exterior.<\/td>\n<\/tr>\n<tr>\n<td>    proteccin: ip67.<\/td>\n<\/tr>\n<tr>\n<td>    temperatura de operacin: -40\u00b0c a 70\u00b0c.<\/td>\n<\/tr>\n<tr>\n<td>    alimentacin \/ consumo: 24 vca \/ 60 w \/ hi-poe.<\/td>\n<\/tr>\n<tr>\n<td>    dimensiones: 266.6 x 410 mm.<\/td>\n<\/tr>\n<tr>\n<td>    peso: 8 kgs.<\/td>\n<\/tr>\n<tr>\n<td>    garanta: 5 aos.<\/td>\n<\/tr>\n<tr>\n<td>    el ptz no incluye brazo de pared.<\/td>\n<\/tr>\n<tr>\n<td>    no incluye fuente de alimentacin.<\/td>\n<\/tr>\n<tr>\n<td>    red: 1 puerto rj45 10 \/ 100 mbps.<\/td>\n<\/tr>\n<tr>\n<td>    7 entradas y 2 salidas de alarma.<\/td>\n<\/tr>\n<tr>\n<td>    1 entrada y 1 salida de audio.<\/td>\n<\/tr>\n<tr>\n<td>    1 salida en bnc, resolucin mxima de 4 cif.<\/td>\n<\/tr>\n<\/table>\n","protected":false},"excerpt":{"rendered":"<p>Protocolos: ipv4\/ipv6, http, https, 802.1x, qos, ftp, smtp, upnp, snmp, dns, ddns, ntp, rtsp, rtcp, rtp, tcp\/ip, dhcp, pppoe, udp, igmp, icmp, bonjour.     Soporta onvif profile s, profile g, profile t \/ isapi \/ sdk.     Soporta navegadores: ie 8 a 11, chrome 31.0, firefox 30, edge 16.16299, safari 11.     Soporta triple streaming.     Soporta 20 usuarios simultneos.     Soporta micro sd de hasta 256gb no incluida \/ nas nps, smb \/cips \/ anr.     Rango: pan:360\u00b0endless; tilt: -20\u00b0~90\u00b0auto flip.     Velocidad:pan manual speed: 0.1\u00b0~210\u00b0\/s, pan preset speed: 280\u00b0\/s. Tilt manual speed: 0.1\u00b0~150\u00b0\/s, tilt preset speed: 250\u00b0\/s.     Presets: 300.     Patrol: 8  hasta 32 presets por patrol.     Pattern: 4 hasta 10 minutos por pattern.     Park act: preset \/ patrol \/ pattern \/ auto scan \/ tilt scan \/ random scan \/ frame scan \/ panorama scan.<\/p>\n","protected":false},"featured_media":216744,"comment_status":"open","ping_status":"open","template":"","meta":[],"product_cat":[1608,1681],"product_tag":[1595],"acf":[],"yoast_head":"<!-- This site is optimized with the Yoast SEO plugin v21.7 - https:\/\/yoast.com\/wordpress\/plugins\/seo\/ -->\n<title>[ Hikvision ] &#129351; Ds-2df8c442ixs-aelw(t5) Domo Ptz Ip 4 Megapixeles 42x Zoom \/ 500 Mts Ir \/ Autoseguimiento 2.0 \/ Wdr 140 Db \/ Ois \/ Deep Learning \/ Exterior Ip67 \/ Rapid Focus \/ Hi-poe \/ Wiper<\/title>\n<meta name=\"description\" content=\"Compra Ds-2df8c442ixs-aelw(t5) Domo Ptz Ip 4 Megapixeles 42x Zoom \/ 500 Mts Ir \/ Autoseguimiento 2.0 \/ Wdr 140 Db \/ Ois \/ Deep Learning \/ Exterior Ip67 \/ Rapid Focus \/ Hi-poe \/ Wiper + Env\u00edo a domicilio + Pago seguro + Garant\u00eda\" \/>\n<meta name=\"robots\" content=\"index, follow, max-snippet:-1, max-image-preview:large, max-video-preview:-1\" \/>\n<link rel=\"canonical\" href=\"https:\/\/compuviper.mx\/tienda\/producto\/hikvision-ds-2df8c442ixs-aelwt5-domo-ptz-ip-4-megapixeles-42x-zoom-500-mts-ir-autoseguimiento-2-0-wdr-140-db-ois-deep-learning-exterior-ip67-rapid-focus-hi-poe-wiper\/\" \/>\n<meta property=\"og:locale\" content=\"es_MX\" \/>\n<meta property=\"og:type\" content=\"article\" \/>\n<meta property=\"og:title\" content=\"[ Hikvision ] &#129351; Ds-2df8c442ixs-aelw(t5) Domo Ptz Ip 4 Megapixeles 42x Zoom \/ 500 Mts Ir \/ Autoseguimiento 2.0 \/ Wdr 140 Db \/ Ois \/ Deep Learning \/ Exterior Ip67 \/ Rapid Focus \/ Hi-poe \/ Wiper\" \/>\n<meta property=\"og:description\" content=\"Compra Ds-2df8c442ixs-aelw(t5) Domo Ptz Ip 4 Megapixeles 42x Zoom \/ 500 Mts Ir \/ Autoseguimiento 2.0 \/ Wdr 140 Db \/ Ois \/ Deep Learning \/ Exterior Ip67 \/ Rapid Focus \/ Hi-poe \/ Wiper + Env\u00edo a domicilio + Pago seguro + Garant\u00eda\" \/>\n<meta property=\"og:url\" content=\"https:\/\/compuviper.mx\/tienda\/producto\/hikvision-ds-2df8c442ixs-aelwt5-domo-ptz-ip-4-megapixeles-42x-zoom-500-mts-ir-autoseguimiento-2-0-wdr-140-db-ois-deep-learning-exterior-ip67-rapid-focus-hi-poe-wiper\/\" \/>\n<meta property=\"og:site_name\" content=\"Compuviper\" \/>\n<meta property=\"article:publisher\" content=\"https:\/\/www.facebook.com\/compuviper\" \/>\n<meta property=\"article:modified_time\" content=\"2026-04-23T06:11:30+00:00\" \/>\n<meta property=\"og:image\" content=\"https:\/\/compuviper.mx\/tienda\/wp-content\/uploads\/2023\/12\/Domo-ptz-ip-4-megapixeles-hikvision-ds-2df8c442ixs-aelwt5-42x-zoom-500-mts-ir-autoseguimiento-2.0-wdr-140-db-ois-deep-learning-exterior-ip67-rapid-focus-hi-poe-wiper.jpg\" \/>\n\t<meta property=\"og:image:width\" content=\"200\" \/>\n\t<meta property=\"og:image:height\" content=\"200\" \/>\n\t<meta property=\"og:image:type\" content=\"image\/jpeg\" \/>\n<meta name=\"twitter:card\" content=\"summary_large_image\" \/>\n<meta name=\"twitter:label1\" content=\"Precio\" \/>\n\t<meta name=\"twitter:data1\" content=\"&#36;44,282 con IVA\" \/>\n\t<meta name=\"twitter:label2\" content=\"Availability\" \/>\n\t<meta name=\"twitter:data2\" content=\"On backorder\" \/>\n<script type=\"application\/ld+json\" class=\"yoast-schema-graph\">{\"@context\":\"https:\/\/schema.org\",\"@graph\":[{\"@type\":\"WebPage\",\"@id\":\"https:\/\/compuviper.mx\/tienda\/producto\/hikvision-ds-2df8c442ixs-aelwt5-domo-ptz-ip-4-megapixeles-42x-zoom-500-mts-ir-autoseguimiento-2-0-wdr-140-db-ois-deep-learning-exterior-ip67-rapid-focus-hi-poe-wiper\/\",\"url\":\"https:\/\/compuviper.mx\/tienda\/producto\/hikvision-ds-2df8c442ixs-aelwt5-domo-ptz-ip-4-megapixeles-42x-zoom-500-mts-ir-autoseguimiento-2-0-wdr-140-db-ois-deep-learning-exterior-ip67-rapid-focus-hi-poe-wiper\/\",\"name\":\"[ Hikvision ] &#129351; Ds-2df8c442ixs-aelw(t5) Domo Ptz Ip 4 Megapixeles 42x Zoom \/ 500 Mts Ir \/ Autoseguimiento 2.0 \/ Wdr 140 Db \/ Ois \/ Deep Learning \/ Exterior Ip67 \/ Rapid Focus \/ Hi-poe \/ Wiper\",\"isPartOf\":{\"@id\":\"https:\/\/compuviper.mx\/tienda\/#website\"},\"datePublished\":\"2026-04-23T06:11:29+00:00\",\"dateModified\":\"2026-04-23T06:11:30+00:00\",\"description\":\"Compra Ds-2df8c442ixs-aelw(t5) Domo Ptz Ip 4 Megapixeles 42x Zoom \/ 500 Mts Ir \/ Autoseguimiento 2.0 \/ Wdr 140 Db \/ Ois \/ Deep Learning \/ Exterior Ip67 \/ Rapid Focus \/ Hi-poe \/ Wiper + Env\u00edo a domicilio + Pago seguro + Garant\u00eda\",\"breadcrumb\":{\"@id\":\"https:\/\/compuviper.mx\/tienda\/producto\/hikvision-ds-2df8c442ixs-aelwt5-domo-ptz-ip-4-megapixeles-42x-zoom-500-mts-ir-autoseguimiento-2-0-wdr-140-db-ois-deep-learning-exterior-ip67-rapid-focus-hi-poe-wiper\/#breadcrumb\"},\"inLanguage\":\"es-MX\",\"potentialAction\":[{\"@type\":\"ReadAction\",\"target\":[\"https:\/\/compuviper.mx\/tienda\/producto\/hikvision-ds-2df8c442ixs-aelwt5-domo-ptz-ip-4-megapixeles-42x-zoom-500-mts-ir-autoseguimiento-2-0-wdr-140-db-ois-deep-learning-exterior-ip67-rapid-focus-hi-poe-wiper\/\"]}]},{\"@type\":\"BreadcrumbList\",\"@id\":\"https:\/\/compuviper.mx\/tienda\/producto\/hikvision-ds-2df8c442ixs-aelwt5-domo-ptz-ip-4-megapixeles-42x-zoom-500-mts-ir-autoseguimiento-2-0-wdr-140-db-ois-deep-learning-exterior-ip67-rapid-focus-hi-poe-wiper\/#breadcrumb\",\"itemListElement\":[{\"@type\":\"ListItem\",\"position\":1,\"name\":\"Inicio\",\"item\":\"https:\/\/compuviper.mx\/tienda\/\"},{\"@type\":\"ListItem\",\"position\":2,\"name\":\"Productos\",\"item\":\"https:\/\/compuviper.mx\/tienda\/productos\/\"},{\"@type\":\"ListItem\",\"position\":3,\"name\":\"Camaras\",\"item\":\"https:\/\/compuviper.mx\/tienda\/categoria-producto\/camaras-2\/\"},{\"@type\":\"ListItem\",\"position\":4,\"name\":\"Camara De Videovigilancia\",\"item\":\"https:\/\/compuviper.mx\/tienda\/categoria-producto\/camaras-2\/camara-de-videovigilancia\/\"},{\"@type\":\"ListItem\",\"position\":5,\"name\":\"Hikvision Ds-2df8c442ixs-aelw(t5) Domo Ptz Ip 4 Megapixeles 42x Zoom \/ 500 Mts Ir \/ Autoseguimiento 2.0 \/ Wdr 140 Db \/ Ois \/ Deep Learning \/ Exterior Ip67 \/ Rapid Focus \/ Hi-poe \/ Wiper\"}]},{\"@type\":\"WebSite\",\"@id\":\"https:\/\/compuviper.mx\/tienda\/#website\",\"url\":\"https:\/\/compuviper.mx\/tienda\/\",\"name\":\"Compuviper\",\"description\":\"Proveedor de Computadoras, Laptops, Servidores, Monitores, Puntos de Venta, Teclados,   Impresoras, T\u00f3ner, C\u00e1maras de Seguridad y m\u00e1s en tu tienda en l\u00ednea\",\"publisher\":{\"@id\":\"https:\/\/compuviper.mx\/tienda\/#organization\"},\"potentialAction\":[{\"@type\":\"SearchAction\",\"target\":{\"@type\":\"EntryPoint\",\"urlTemplate\":\"https:\/\/compuviper.mx\/tienda\/?s={search_term_string}\"},\"query-input\":\"required name=search_term_string\"}],\"inLanguage\":\"es-MX\"},{\"@type\":\"Organization\",\"@id\":\"https:\/\/compuviper.mx\/tienda\/#organization\",\"name\":\"Compuviper\",\"url\":\"https:\/\/compuviper.mx\/tienda\/\",\"logo\":{\"@type\":\"ImageObject\",\"inLanguage\":\"es-MX\",\"@id\":\"https:\/\/compuviper.mx\/tienda\/#\/schema\/logo\/image\/\",\"url\":\"https:\/\/compuviper.mx\/tienda\/wp-content\/uploads\/2021\/08\/Logo-Compuviper-10.png\",\"contentUrl\":\"https:\/\/compuviper.mx\/tienda\/wp-content\/uploads\/2021\/08\/Logo-Compuviper-10.png\",\"width\":1000,\"height\":500,\"caption\":\"Compuviper\"},\"image\":{\"@id\":\"https:\/\/compuviper.mx\/tienda\/#\/schema\/logo\/image\/\"},\"sameAs\":[\"https:\/\/www.facebook.com\/compuviper\",\"https:\/\/www.youtube.com\/channel\/UCf73dERp9Y3cfOq7q8BhLjA?view_as=subscriber\"]}]}<\/script>\n<meta property=\"product:brand\" content=\"HIKVISION\" \/>\n<meta property=\"product:price:amount\" content=\"44282\" \/>\n<meta property=\"product:price:currency\" content=\"MXN\" \/>\n<meta property=\"og:availability\" content=\"backorder\" \/>\n<meta property=\"product:availability\" content=\"available for order\" \/>\n<meta property=\"product:retailer_item_id\" content=\"DS-2DF8C442IXS-AELW(T5)\" \/>\n<meta property=\"product:condition\" content=\"new\" \/>\n<!-- \/ Yoast SEO plugin. -->","yoast_head_json":{"title":"[ Hikvision ] &#129351; Ds-2df8c442ixs-aelw(t5) Domo Ptz Ip 4 Megapixeles 42x Zoom \/ 500 Mts Ir \/ Autoseguimiento 2.0 \/ Wdr 140 Db \/ Ois \/ Deep Learning \/ Exterior Ip67 \/ Rapid Focus \/ Hi-poe \/ Wiper","description":"Compra Ds-2df8c442ixs-aelw(t5) Domo Ptz Ip 4 Megapixeles 42x Zoom \/ 500 Mts Ir \/ Autoseguimiento 2.0 \/ Wdr 140 Db \/ Ois \/ Deep Learning \/ Exterior Ip67 \/ Rapid Focus \/ Hi-poe \/ Wiper + Env\u00edo a domicilio + Pago seguro + Garant\u00eda","robots":{"index":"index","follow":"follow","max-snippet":"max-snippet:-1","max-image-preview":"max-image-preview:large","max-video-preview":"max-video-preview:-1"},"canonical":"https:\/\/compuviper.mx\/tienda\/producto\/hikvision-ds-2df8c442ixs-aelwt5-domo-ptz-ip-4-megapixeles-42x-zoom-500-mts-ir-autoseguimiento-2-0-wdr-140-db-ois-deep-learning-exterior-ip67-rapid-focus-hi-poe-wiper\/","og_locale":"es_MX","og_type":"article","og_title":"[ Hikvision ] &#129351; Ds-2df8c442ixs-aelw(t5) Domo Ptz Ip 4 Megapixeles 42x Zoom \/ 500 Mts Ir \/ Autoseguimiento 2.0 \/ Wdr 140 Db \/ Ois \/ Deep Learning \/ Exterior Ip67 \/ Rapid Focus \/ Hi-poe \/ Wiper","og_description":"Compra Ds-2df8c442ixs-aelw(t5) Domo Ptz Ip 4 Megapixeles 42x Zoom \/ 500 Mts Ir \/ Autoseguimiento 2.0 \/ Wdr 140 Db \/ Ois \/ Deep Learning \/ Exterior Ip67 \/ Rapid Focus \/ Hi-poe \/ Wiper + Env\u00edo a domicilio + Pago seguro + Garant\u00eda","og_url":"https:\/\/compuviper.mx\/tienda\/producto\/hikvision-ds-2df8c442ixs-aelwt5-domo-ptz-ip-4-megapixeles-42x-zoom-500-mts-ir-autoseguimiento-2-0-wdr-140-db-ois-deep-learning-exterior-ip67-rapid-focus-hi-poe-wiper\/","og_site_name":"Compuviper","article_publisher":"https:\/\/www.facebook.com\/compuviper","article_modified_time":"2026-04-23T06:11:30+00:00","og_image":[{"width":200,"height":200,"url":"https:\/\/compuviper.mx\/tienda\/wp-content\/uploads\/2023\/12\/Domo-ptz-ip-4-megapixeles-hikvision-ds-2df8c442ixs-aelwt5-42x-zoom-500-mts-ir-autoseguimiento-2.0-wdr-140-db-ois-deep-learning-exterior-ip67-rapid-focus-hi-poe-wiper.jpg","type":"image\/jpeg"}],"twitter_card":"summary_large_image","twitter_misc":{"Precio":"&#36;44,282 con IVA","Availability":"On backorder"},"schema":{"@context":"https:\/\/schema.org","@graph":[{"@type":"WebPage","@id":"https:\/\/compuviper.mx\/tienda\/producto\/hikvision-ds-2df8c442ixs-aelwt5-domo-ptz-ip-4-megapixeles-42x-zoom-500-mts-ir-autoseguimiento-2-0-wdr-140-db-ois-deep-learning-exterior-ip67-rapid-focus-hi-poe-wiper\/","url":"https:\/\/compuviper.mx\/tienda\/producto\/hikvision-ds-2df8c442ixs-aelwt5-domo-ptz-ip-4-megapixeles-42x-zoom-500-mts-ir-autoseguimiento-2-0-wdr-140-db-ois-deep-learning-exterior-ip67-rapid-focus-hi-poe-wiper\/","name":"[ Hikvision ] &#129351; Ds-2df8c442ixs-aelw(t5) Domo Ptz Ip 4 Megapixeles 42x Zoom \/ 500 Mts Ir \/ Autoseguimiento 2.0 \/ Wdr 140 Db \/ Ois \/ Deep Learning \/ Exterior Ip67 \/ Rapid Focus \/ Hi-poe \/ Wiper","isPartOf":{"@id":"https:\/\/compuviper.mx\/tienda\/#website"},"datePublished":"2026-04-23T06:11:29+00:00","dateModified":"2026-04-23T06:11:30+00:00","description":"Compra Ds-2df8c442ixs-aelw(t5) Domo Ptz Ip 4 Megapixeles 42x Zoom \/ 500 Mts Ir \/ Autoseguimiento 2.0 \/ Wdr 140 Db \/ Ois \/ Deep Learning \/ Exterior Ip67 \/ Rapid Focus \/ Hi-poe \/ Wiper + Env\u00edo a domicilio + Pago seguro + Garant\u00eda","breadcrumb":{"@id":"https:\/\/compuviper.mx\/tienda\/producto\/hikvision-ds-2df8c442ixs-aelwt5-domo-ptz-ip-4-megapixeles-42x-zoom-500-mts-ir-autoseguimiento-2-0-wdr-140-db-ois-deep-learning-exterior-ip67-rapid-focus-hi-poe-wiper\/#breadcrumb"},"inLanguage":"es-MX","potentialAction":[{"@type":"ReadAction","target":["https:\/\/compuviper.mx\/tienda\/producto\/hikvision-ds-2df8c442ixs-aelwt5-domo-ptz-ip-4-megapixeles-42x-zoom-500-mts-ir-autoseguimiento-2-0-wdr-140-db-ois-deep-learning-exterior-ip67-rapid-focus-hi-poe-wiper\/"]}]},{"@type":"BreadcrumbList","@id":"https:\/\/compuviper.mx\/tienda\/producto\/hikvision-ds-2df8c442ixs-aelwt5-domo-ptz-ip-4-megapixeles-42x-zoom-500-mts-ir-autoseguimiento-2-0-wdr-140-db-ois-deep-learning-exterior-ip67-rapid-focus-hi-poe-wiper\/#breadcrumb","itemListElement":[{"@type":"ListItem","position":1,"name":"Inicio","item":"https:\/\/compuviper.mx\/tienda\/"},{"@type":"ListItem","position":2,"name":"Productos","item":"https:\/\/compuviper.mx\/tienda\/productos\/"},{"@type":"ListItem","position":3,"name":"Camaras","item":"https:\/\/compuviper.mx\/tienda\/categoria-producto\/camaras-2\/"},{"@type":"ListItem","position":4,"name":"Camara De Videovigilancia","item":"https:\/\/compuviper.mx\/tienda\/categoria-producto\/camaras-2\/camara-de-videovigilancia\/"},{"@type":"ListItem","position":5,"name":"Hikvision Ds-2df8c442ixs-aelw(t5) Domo Ptz Ip 4 Megapixeles 42x Zoom \/ 500 Mts Ir \/ Autoseguimiento 2.0 \/ Wdr 140 Db \/ Ois \/ Deep Learning \/ Exterior Ip67 \/ Rapid Focus \/ Hi-poe \/ Wiper"}]},{"@type":"WebSite","@id":"https:\/\/compuviper.mx\/tienda\/#website","url":"https:\/\/compuviper.mx\/tienda\/","name":"Compuviper","description":"Proveedor de Computadoras, Laptops, Servidores, Monitores, Puntos de Venta, Teclados,   Impresoras, T\u00f3ner, C\u00e1maras de Seguridad y m\u00e1s en tu tienda en l\u00ednea","publisher":{"@id":"https:\/\/compuviper.mx\/tienda\/#organization"},"potentialAction":[{"@type":"SearchAction","target":{"@type":"EntryPoint","urlTemplate":"https:\/\/compuviper.mx\/tienda\/?s={search_term_string}"},"query-input":"required name=search_term_string"}],"inLanguage":"es-MX"},{"@type":"Organization","@id":"https:\/\/compuviper.mx\/tienda\/#organization","name":"Compuviper","url":"https:\/\/compuviper.mx\/tienda\/","logo":{"@type":"ImageObject","inLanguage":"es-MX","@id":"https:\/\/compuviper.mx\/tienda\/#\/schema\/logo\/image\/","url":"https:\/\/compuviper.mx\/tienda\/wp-content\/uploads\/2021\/08\/Logo-Compuviper-10.png","contentUrl":"https:\/\/compuviper.mx\/tienda\/wp-content\/uploads\/2021\/08\/Logo-Compuviper-10.png","width":1000,"height":500,"caption":"Compuviper"},"image":{"@id":"https:\/\/compuviper.mx\/tienda\/#\/schema\/logo\/image\/"},"sameAs":["https:\/\/www.facebook.com\/compuviper","https:\/\/www.youtube.com\/channel\/UCf73dERp9Y3cfOq7q8BhLjA?view_as=subscriber"]}]},"product_brand":"HIKVISION","product_price_amount":"44282","product_price_currency":"MXN","og_availability":"backorder","product_availability":"available for order","product_retailer_item_id":"DS-2DF8C442IXS-AELW(T5)","product_condition":"new"},"_links":{"self":[{"href":"https:\/\/compuviper.mx\/tienda\/wp-json\/wp\/v2\/product\/216743"}],"collection":[{"href":"https:\/\/compuviper.mx\/tienda\/wp-json\/wp\/v2\/product"}],"about":[{"href":"https:\/\/compuviper.mx\/tienda\/wp-json\/wp\/v2\/types\/product"}],"replies":[{"embeddable":true,"href":"https:\/\/compuviper.mx\/tienda\/wp-json\/wp\/v2\/comments?post=216743"}],"wp:featuredmedia":[{"embeddable":true,"href":"https:\/\/compuviper.mx\/tienda\/wp-json\/wp\/v2\/media\/216744"}],"wp:attachment":[{"href":"https:\/\/compuviper.mx\/tienda\/wp-json\/wp\/v2\/media?parent=216743"}],"wp:term":[{"taxonomy":"product_cat","embeddable":true,"href":"https:\/\/compuviper.mx\/tienda\/wp-json\/wp\/v2\/product_cat?post=216743"},{"taxonomy":"product_tag","embeddable":true,"href":"https:\/\/compuviper.mx\/tienda\/wp-json\/wp\/v2\/product_tag?post=216743"}],"curies":[{"name":"wp","href":"https:\/\/api.w.org\/{rel}","templated":true}]}}