{"id":216733,"date":"2026-04-23T00:11:28","date_gmt":"2026-04-23T06:11:28","guid":{"rendered":"https:\/\/compuviper.mx\/tienda\/producto\/hikvision-ptz-n2404i-de3f-camara-mini-domo-ptz-ip-4megapixeles-hilook-by-4x-zoom-h-265-20-mts-ir-exir-wdr-poe-ik10-exterior-ip66-ultra-baja-iluminacion\/"},"modified":"2026-04-23T00:11:28","modified_gmt":"2026-04-23T06:11:28","slug":"hikvision-ptz-n2404i-de3f-camara-mini-domo-ptz-ip-4megapixeles-hilook-by-4x-zoom-h-265-20-mts-ir-exir-wdr-poe-ik10-exterior-ip66-ultra-baja-iluminacion","status":"publish","type":"product","link":"https:\/\/compuviper.mx\/tienda\/producto\/hikvision-ptz-n2404i-de3f-camara-mini-domo-ptz-ip-4megapixeles-hilook-by-4x-zoom-h-265-20-mts-ir-exir-wdr-poe-ik10-exterior-ip66-ultra-baja-iluminacion\/","title":{"rendered":"Hikvision Ptz-n2404i-de3(f) Camara Mini Domo Ptz Ip 4megapixeles Hilook By   4x Zoom \/ H.265+ \/ 20 Mts Ir Exir \/ Wdr \/ Poe \/ Ik10 \/ Exterior Ip66 \/ Ultra Baja Iluminacion"},"content":{"rendered":"<table class=\"descripcion\">\n<tr>\n<td>Resoluci\u00f3n m\u00e1xima: 4 megapixel (2560 x 1440).<\/td>\n<\/tr>\n<tr>\n<td>    iluminaci\u00f3n m\u00ednima: color 0.005 lux @ (f1.6, agc on).<\/td>\n<\/tr>\n<tr>\n<td>    iluminaci\u00f3n m\u00ednima: b\/n 0.001 lux @ (f1.6, agc on).<\/td>\n<\/tr>\n<tr>\n<td>    d\u00eda \/ noche real (filtro icr).<\/td>\n<\/tr>\n<tr>\n<td>    distancia focal: 2.8 a 12 mm (4x zoom \u00f3ptico \/ 16x zoom digital).<\/td>\n<\/tr>\n<tr>\n<td>    distancia de infrarrojo: 20 mts smart ir exir.<\/td>\n<\/tr>\n<tr>\n<td>    funciones normales: roi \/ wdr real 120db \/ eis \/ 3d-dnr.<\/td>\n<\/tr>\n<tr>\n<td>    funciones especiales: detecci\u00f3n de rostro \/ intrusi\u00f3n de \u00e1rea \/ cruce de linea \/ entrada y salida de regi\u00f3n \/ objeto olvidado \/ objeto removido.<\/td>\n<\/tr>\n<tr>\n<td>    compresion: h.265+ \/ h.265 \/ h.264+ \/ h.264.<\/td>\n<\/tr>\n<tr>\n<td>    compatible con la plataforma de hik-connect (p2p).<\/td>\n<\/tr>\n<tr>\n<td>    alimentaci\u00f3n: 12 vcd \/ 11.2 w \/ poe(802.3 af).<\/td>\n<\/tr>\n<tr>\n<td>    temperatura de operaci\u00f3n: -20\u00b0c a 60\u00b0c \/ humedad al 90% m\u00e1ximo.<\/td>\n<\/tr>\n<tr>\n<td>    uso en exterior \/ ip66.<\/td>\n<\/tr>\n<tr>\n<td>    antivandalismo ik10.<\/td>\n<\/tr>\n<tr>\n<td>    protecci\u00f3n contra sobretensiones y protecci\u00f3n contra voltajes transitorios.<\/td>\n<\/tr>\n<tr>\n<td>    dimensiones: 130.7 x 101.7 mm<\/td>\n<\/tr>\n<tr>\n<td>    peso: 530 grs.<\/td>\n<\/tr>\n<tr>\n<td>    garant\u00eda: 1 a\u00f1o.<\/td>\n<\/tr>\n<\/table>\n","protected":false},"excerpt":{"rendered":"<p>Paneo: 0 a 355\u00b0.     Tildeo: 0\u00b0 a 90.     Presets : 300 (no soporta: patrol \/ pattern \/ park act).     Main stream: 60hz: 24fps (2560 \u00d7 1440) \/ 30fps (2048 \u00d7 1536, 1920 \u00d7 1080, 1280 \u00d7 960, 1280 \u00d7 720).     Sub steam: 60hz: 30fps (704 \u00d7 480, 640 \u00d7 480, 352 \u00d7 240).     Tercer stream: 60hz: 30fps (1280 \u00d7 720, 704 \u00d7 480, 640 \u00d7 480, 352 \u00d7 240).     Soporta hasta 20 usuarios simult\u00e1neos.     Entradas de alarma: n\/a.     Salidas de alarma: n\/a.     Entradas de audio: 1 (micr\u00f3fono interconstruido).     Salidas de audio: 1.     Puerto de red: 1 (10 \/ 100 mbps ).     Almacenamiento micro sd de hasta 256 gb \/ anr (automatic network recovery).     Soporta onvif (profile s, profile g, profile t) \/ isapi \/ sdk.<\/p>\n","protected":false},"featured_media":216734,"comment_status":"open","ping_status":"open","template":"","meta":[],"product_cat":[1608,1681],"product_tag":[1595],"acf":[],"yoast_head":"<!-- This site is optimized with the Yoast SEO plugin v21.7 - https:\/\/yoast.com\/wordpress\/plugins\/seo\/ -->\n<title>[ Hikvision ] &#129351; Ptz-n2404i-de3(f) Camara Mini Domo Ptz Ip 4megapixeles Hilook By 4x Zoom \/ H.265+ \/ 20 Mts Ir Exir \/ Wdr \/ Poe \/ Ik10 \/ Exterior Ip66 \/ Ultra Baja Iluminacion<\/title>\n<meta name=\"description\" content=\"Compra Ptz-n2404i-de3(f) Camara Mini Domo Ptz Ip 4megapixeles Hilook By 4x Zoom \/ H.265+ \/ 20 Mts Ir Exir \/ Wdr \/ Poe \/ Ik10 \/ Exterior Ip66 \/ Ultra Baja Iluminacion + Env\u00edo a domicilio + Pago seguro + Garant\u00eda\" \/>\n<meta name=\"robots\" content=\"index, follow, max-snippet:-1, max-image-preview:large, max-video-preview:-1\" \/>\n<link rel=\"canonical\" href=\"https:\/\/compuviper.mx\/tienda\/producto\/hikvision-ptz-n2404i-de3f-camara-mini-domo-ptz-ip-4megapixeles-hilook-by-4x-zoom-h-265-20-mts-ir-exir-wdr-poe-ik10-exterior-ip66-ultra-baja-iluminacion\/\" \/>\n<meta property=\"og:locale\" content=\"es_MX\" \/>\n<meta property=\"og:type\" content=\"article\" \/>\n<meta property=\"og:title\" content=\"[ Hikvision ] &#129351; Ptz-n2404i-de3(f) Camara Mini Domo Ptz Ip 4megapixeles Hilook By 4x Zoom \/ H.265+ \/ 20 Mts Ir Exir \/ Wdr \/ Poe \/ Ik10 \/ Exterior Ip66 \/ Ultra Baja Iluminacion\" \/>\n<meta property=\"og:description\" content=\"Compra Ptz-n2404i-de3(f) Camara Mini Domo Ptz Ip 4megapixeles Hilook By 4x Zoom \/ H.265+ \/ 20 Mts Ir Exir \/ Wdr \/ Poe \/ Ik10 \/ Exterior Ip66 \/ Ultra Baja Iluminacion + Env\u00edo a domicilio + Pago seguro + Garant\u00eda\" \/>\n<meta property=\"og:url\" content=\"https:\/\/compuviper.mx\/tienda\/producto\/hikvision-ptz-n2404i-de3f-camara-mini-domo-ptz-ip-4megapixeles-hilook-by-4x-zoom-h-265-20-mts-ir-exir-wdr-poe-ik10-exterior-ip66-ultra-baja-iluminacion\/\" \/>\n<meta property=\"og:site_name\" content=\"Compuviper\" \/>\n<meta property=\"article:publisher\" content=\"https:\/\/www.facebook.com\/compuviper\" \/>\n<meta property=\"og:image\" content=\"https:\/\/compuviper.mx\/tienda\/wp-content\/uploads\/2023\/12\/Camara-mini-domo-ptz-ip-4megapixeles-hilook-by-hikvision-ptz-n2404i-de3f-4x-zoom-h.265-20-mts-ir-exir-wdr-poe-ik10-exterior-ip66-ultra-baja-iluminacion.jpg\" \/>\n\t<meta property=\"og:image:width\" content=\"200\" \/>\n\t<meta property=\"og:image:height\" content=\"200\" \/>\n\t<meta property=\"og:image:type\" content=\"image\/jpeg\" \/>\n<meta name=\"twitter:card\" content=\"summary_large_image\" \/>\n<meta name=\"twitter:label1\" content=\"Precio\" \/>\n\t<meta name=\"twitter:data1\" content=\"&#36;2,691 con IVA\" \/>\n\t<meta name=\"twitter:label2\" content=\"Availability\" \/>\n\t<meta name=\"twitter:data2\" content=\"On backorder\" \/>\n<script type=\"application\/ld+json\" class=\"yoast-schema-graph\">{\"@context\":\"https:\/\/schema.org\",\"@graph\":[{\"@type\":\"WebPage\",\"@id\":\"https:\/\/compuviper.mx\/tienda\/producto\/hikvision-ptz-n2404i-de3f-camara-mini-domo-ptz-ip-4megapixeles-hilook-by-4x-zoom-h-265-20-mts-ir-exir-wdr-poe-ik10-exterior-ip66-ultra-baja-iluminacion\/\",\"url\":\"https:\/\/compuviper.mx\/tienda\/producto\/hikvision-ptz-n2404i-de3f-camara-mini-domo-ptz-ip-4megapixeles-hilook-by-4x-zoom-h-265-20-mts-ir-exir-wdr-poe-ik10-exterior-ip66-ultra-baja-iluminacion\/\",\"name\":\"[ Hikvision ] &#129351; Ptz-n2404i-de3(f) Camara Mini Domo Ptz Ip 4megapixeles Hilook By 4x Zoom \/ H.265+ \/ 20 Mts Ir Exir \/ Wdr \/ Poe \/ Ik10 \/ Exterior Ip66 \/ Ultra Baja Iluminacion\",\"isPartOf\":{\"@id\":\"https:\/\/compuviper.mx\/tienda\/#website\"},\"datePublished\":\"2026-04-23T06:11:28+00:00\",\"dateModified\":\"2026-04-23T06:11:28+00:00\",\"description\":\"Compra Ptz-n2404i-de3(f) Camara Mini Domo Ptz Ip 4megapixeles Hilook By 4x Zoom \/ H.265+ \/ 20 Mts Ir Exir \/ Wdr \/ Poe \/ Ik10 \/ Exterior Ip66 \/ Ultra Baja Iluminacion + Env\u00edo a domicilio + Pago seguro + Garant\u00eda\",\"breadcrumb\":{\"@id\":\"https:\/\/compuviper.mx\/tienda\/producto\/hikvision-ptz-n2404i-de3f-camara-mini-domo-ptz-ip-4megapixeles-hilook-by-4x-zoom-h-265-20-mts-ir-exir-wdr-poe-ik10-exterior-ip66-ultra-baja-iluminacion\/#breadcrumb\"},\"inLanguage\":\"es-MX\",\"potentialAction\":[{\"@type\":\"ReadAction\",\"target\":[\"https:\/\/compuviper.mx\/tienda\/producto\/hikvision-ptz-n2404i-de3f-camara-mini-domo-ptz-ip-4megapixeles-hilook-by-4x-zoom-h-265-20-mts-ir-exir-wdr-poe-ik10-exterior-ip66-ultra-baja-iluminacion\/\"]}]},{\"@type\":\"BreadcrumbList\",\"@id\":\"https:\/\/compuviper.mx\/tienda\/producto\/hikvision-ptz-n2404i-de3f-camara-mini-domo-ptz-ip-4megapixeles-hilook-by-4x-zoom-h-265-20-mts-ir-exir-wdr-poe-ik10-exterior-ip66-ultra-baja-iluminacion\/#breadcrumb\",\"itemListElement\":[{\"@type\":\"ListItem\",\"position\":1,\"name\":\"Inicio\",\"item\":\"https:\/\/compuviper.mx\/tienda\/\"},{\"@type\":\"ListItem\",\"position\":2,\"name\":\"Productos\",\"item\":\"https:\/\/compuviper.mx\/tienda\/productos\/\"},{\"@type\":\"ListItem\",\"position\":3,\"name\":\"Camaras\",\"item\":\"https:\/\/compuviper.mx\/tienda\/categoria-producto\/camaras-2\/\"},{\"@type\":\"ListItem\",\"position\":4,\"name\":\"Camara De Videovigilancia\",\"item\":\"https:\/\/compuviper.mx\/tienda\/categoria-producto\/camaras-2\/camara-de-videovigilancia\/\"},{\"@type\":\"ListItem\",\"position\":5,\"name\":\"Hikvision Ptz-n2404i-de3(f) Camara Mini Domo Ptz Ip 4megapixeles Hilook By 4x Zoom \/ H.265+ \/ 20 Mts Ir Exir \/ Wdr \/ Poe \/ Ik10 \/ Exterior Ip66 \/ Ultra Baja Iluminacion\"}]},{\"@type\":\"WebSite\",\"@id\":\"https:\/\/compuviper.mx\/tienda\/#website\",\"url\":\"https:\/\/compuviper.mx\/tienda\/\",\"name\":\"Compuviper\",\"description\":\"Proveedor de Computadoras, Laptops, Servidores, Monitores, Puntos de Venta, Teclados,   Impresoras, T\u00f3ner, C\u00e1maras de Seguridad y m\u00e1s en tu tienda en l\u00ednea\",\"publisher\":{\"@id\":\"https:\/\/compuviper.mx\/tienda\/#organization\"},\"potentialAction\":[{\"@type\":\"SearchAction\",\"target\":{\"@type\":\"EntryPoint\",\"urlTemplate\":\"https:\/\/compuviper.mx\/tienda\/?s={search_term_string}\"},\"query-input\":\"required name=search_term_string\"}],\"inLanguage\":\"es-MX\"},{\"@type\":\"Organization\",\"@id\":\"https:\/\/compuviper.mx\/tienda\/#organization\",\"name\":\"Compuviper\",\"url\":\"https:\/\/compuviper.mx\/tienda\/\",\"logo\":{\"@type\":\"ImageObject\",\"inLanguage\":\"es-MX\",\"@id\":\"https:\/\/compuviper.mx\/tienda\/#\/schema\/logo\/image\/\",\"url\":\"https:\/\/compuviper.mx\/tienda\/wp-content\/uploads\/2021\/08\/Logo-Compuviper-10.png\",\"contentUrl\":\"https:\/\/compuviper.mx\/tienda\/wp-content\/uploads\/2021\/08\/Logo-Compuviper-10.png\",\"width\":1000,\"height\":500,\"caption\":\"Compuviper\"},\"image\":{\"@id\":\"https:\/\/compuviper.mx\/tienda\/#\/schema\/logo\/image\/\"},\"sameAs\":[\"https:\/\/www.facebook.com\/compuviper\",\"https:\/\/www.youtube.com\/channel\/UCf73dERp9Y3cfOq7q8BhLjA?view_as=subscriber\"]}]}<\/script>\n<meta property=\"product:brand\" content=\"HIKVISION\" \/>\n<meta property=\"product:price:amount\" content=\"2691\" \/>\n<meta property=\"product:price:currency\" content=\"MXN\" \/>\n<meta property=\"og:availability\" content=\"backorder\" \/>\n<meta property=\"product:availability\" content=\"available for order\" \/>\n<meta property=\"product:retailer_item_id\" content=\"PTZ-N2404I-DE3(F)\" \/>\n<meta property=\"product:condition\" content=\"new\" \/>\n<!-- \/ Yoast SEO plugin. -->","yoast_head_json":{"title":"[ Hikvision ] &#129351; Ptz-n2404i-de3(f) Camara Mini Domo Ptz Ip 4megapixeles Hilook By 4x Zoom \/ H.265+ \/ 20 Mts Ir Exir \/ Wdr \/ Poe \/ Ik10 \/ Exterior Ip66 \/ Ultra Baja Iluminacion","description":"Compra Ptz-n2404i-de3(f) Camara Mini Domo Ptz Ip 4megapixeles Hilook By 4x Zoom \/ H.265+ \/ 20 Mts Ir Exir \/ Wdr \/ Poe \/ Ik10 \/ Exterior Ip66 \/ Ultra Baja Iluminacion + Env\u00edo a domicilio + Pago seguro + Garant\u00eda","robots":{"index":"index","follow":"follow","max-snippet":"max-snippet:-1","max-image-preview":"max-image-preview:large","max-video-preview":"max-video-preview:-1"},"canonical":"https:\/\/compuviper.mx\/tienda\/producto\/hikvision-ptz-n2404i-de3f-camara-mini-domo-ptz-ip-4megapixeles-hilook-by-4x-zoom-h-265-20-mts-ir-exir-wdr-poe-ik10-exterior-ip66-ultra-baja-iluminacion\/","og_locale":"es_MX","og_type":"article","og_title":"[ Hikvision ] &#129351; Ptz-n2404i-de3(f) Camara Mini Domo Ptz Ip 4megapixeles Hilook By 4x Zoom \/ H.265+ \/ 20 Mts Ir Exir \/ Wdr \/ Poe \/ Ik10 \/ Exterior Ip66 \/ Ultra Baja Iluminacion","og_description":"Compra Ptz-n2404i-de3(f) Camara Mini Domo Ptz Ip 4megapixeles Hilook By 4x Zoom \/ H.265+ \/ 20 Mts Ir Exir \/ Wdr \/ Poe \/ Ik10 \/ Exterior Ip66 \/ Ultra Baja Iluminacion + Env\u00edo a domicilio + Pago seguro + Garant\u00eda","og_url":"https:\/\/compuviper.mx\/tienda\/producto\/hikvision-ptz-n2404i-de3f-camara-mini-domo-ptz-ip-4megapixeles-hilook-by-4x-zoom-h-265-20-mts-ir-exir-wdr-poe-ik10-exterior-ip66-ultra-baja-iluminacion\/","og_site_name":"Compuviper","article_publisher":"https:\/\/www.facebook.com\/compuviper","og_image":[{"width":200,"height":200,"url":"https:\/\/compuviper.mx\/tienda\/wp-content\/uploads\/2023\/12\/Camara-mini-domo-ptz-ip-4megapixeles-hilook-by-hikvision-ptz-n2404i-de3f-4x-zoom-h.265-20-mts-ir-exir-wdr-poe-ik10-exterior-ip66-ultra-baja-iluminacion.jpg","type":"image\/jpeg"}],"twitter_card":"summary_large_image","twitter_misc":{"Precio":"&#36;2,691 con IVA","Availability":"On backorder"},"schema":{"@context":"https:\/\/schema.org","@graph":[{"@type":"WebPage","@id":"https:\/\/compuviper.mx\/tienda\/producto\/hikvision-ptz-n2404i-de3f-camara-mini-domo-ptz-ip-4megapixeles-hilook-by-4x-zoom-h-265-20-mts-ir-exir-wdr-poe-ik10-exterior-ip66-ultra-baja-iluminacion\/","url":"https:\/\/compuviper.mx\/tienda\/producto\/hikvision-ptz-n2404i-de3f-camara-mini-domo-ptz-ip-4megapixeles-hilook-by-4x-zoom-h-265-20-mts-ir-exir-wdr-poe-ik10-exterior-ip66-ultra-baja-iluminacion\/","name":"[ Hikvision ] &#129351; Ptz-n2404i-de3(f) Camara Mini Domo Ptz Ip 4megapixeles Hilook By 4x Zoom \/ H.265+ \/ 20 Mts Ir Exir \/ Wdr \/ Poe \/ Ik10 \/ Exterior Ip66 \/ Ultra Baja Iluminacion","isPartOf":{"@id":"https:\/\/compuviper.mx\/tienda\/#website"},"datePublished":"2026-04-23T06:11:28+00:00","dateModified":"2026-04-23T06:11:28+00:00","description":"Compra Ptz-n2404i-de3(f) Camara Mini Domo Ptz Ip 4megapixeles Hilook By 4x Zoom \/ H.265+ \/ 20 Mts Ir Exir \/ Wdr \/ Poe \/ Ik10 \/ Exterior Ip66 \/ Ultra Baja Iluminacion + Env\u00edo a domicilio + Pago seguro + Garant\u00eda","breadcrumb":{"@id":"https:\/\/compuviper.mx\/tienda\/producto\/hikvision-ptz-n2404i-de3f-camara-mini-domo-ptz-ip-4megapixeles-hilook-by-4x-zoom-h-265-20-mts-ir-exir-wdr-poe-ik10-exterior-ip66-ultra-baja-iluminacion\/#breadcrumb"},"inLanguage":"es-MX","potentialAction":[{"@type":"ReadAction","target":["https:\/\/compuviper.mx\/tienda\/producto\/hikvision-ptz-n2404i-de3f-camara-mini-domo-ptz-ip-4megapixeles-hilook-by-4x-zoom-h-265-20-mts-ir-exir-wdr-poe-ik10-exterior-ip66-ultra-baja-iluminacion\/"]}]},{"@type":"BreadcrumbList","@id":"https:\/\/compuviper.mx\/tienda\/producto\/hikvision-ptz-n2404i-de3f-camara-mini-domo-ptz-ip-4megapixeles-hilook-by-4x-zoom-h-265-20-mts-ir-exir-wdr-poe-ik10-exterior-ip66-ultra-baja-iluminacion\/#breadcrumb","itemListElement":[{"@type":"ListItem","position":1,"name":"Inicio","item":"https:\/\/compuviper.mx\/tienda\/"},{"@type":"ListItem","position":2,"name":"Productos","item":"https:\/\/compuviper.mx\/tienda\/productos\/"},{"@type":"ListItem","position":3,"name":"Camaras","item":"https:\/\/compuviper.mx\/tienda\/categoria-producto\/camaras-2\/"},{"@type":"ListItem","position":4,"name":"Camara De Videovigilancia","item":"https:\/\/compuviper.mx\/tienda\/categoria-producto\/camaras-2\/camara-de-videovigilancia\/"},{"@type":"ListItem","position":5,"name":"Hikvision Ptz-n2404i-de3(f) Camara Mini Domo Ptz Ip 4megapixeles Hilook By 4x Zoom \/ H.265+ \/ 20 Mts Ir Exir \/ Wdr \/ Poe \/ Ik10 \/ Exterior Ip66 \/ Ultra Baja Iluminacion"}]},{"@type":"WebSite","@id":"https:\/\/compuviper.mx\/tienda\/#website","url":"https:\/\/compuviper.mx\/tienda\/","name":"Compuviper","description":"Proveedor de Computadoras, Laptops, Servidores, Monitores, Puntos de Venta, Teclados,   Impresoras, T\u00f3ner, C\u00e1maras de Seguridad y m\u00e1s en tu tienda en l\u00ednea","publisher":{"@id":"https:\/\/compuviper.mx\/tienda\/#organization"},"potentialAction":[{"@type":"SearchAction","target":{"@type":"EntryPoint","urlTemplate":"https:\/\/compuviper.mx\/tienda\/?s={search_term_string}"},"query-input":"required name=search_term_string"}],"inLanguage":"es-MX"},{"@type":"Organization","@id":"https:\/\/compuviper.mx\/tienda\/#organization","name":"Compuviper","url":"https:\/\/compuviper.mx\/tienda\/","logo":{"@type":"ImageObject","inLanguage":"es-MX","@id":"https:\/\/compuviper.mx\/tienda\/#\/schema\/logo\/image\/","url":"https:\/\/compuviper.mx\/tienda\/wp-content\/uploads\/2021\/08\/Logo-Compuviper-10.png","contentUrl":"https:\/\/compuviper.mx\/tienda\/wp-content\/uploads\/2021\/08\/Logo-Compuviper-10.png","width":1000,"height":500,"caption":"Compuviper"},"image":{"@id":"https:\/\/compuviper.mx\/tienda\/#\/schema\/logo\/image\/"},"sameAs":["https:\/\/www.facebook.com\/compuviper","https:\/\/www.youtube.com\/channel\/UCf73dERp9Y3cfOq7q8BhLjA?view_as=subscriber"]}]},"product_brand":"HIKVISION","product_price_amount":"2691","product_price_currency":"MXN","og_availability":"backorder","product_availability":"available for order","product_retailer_item_id":"PTZ-N2404I-DE3(F)","product_condition":"new"},"_links":{"self":[{"href":"https:\/\/compuviper.mx\/tienda\/wp-json\/wp\/v2\/product\/216733"}],"collection":[{"href":"https:\/\/compuviper.mx\/tienda\/wp-json\/wp\/v2\/product"}],"about":[{"href":"https:\/\/compuviper.mx\/tienda\/wp-json\/wp\/v2\/types\/product"}],"replies":[{"embeddable":true,"href":"https:\/\/compuviper.mx\/tienda\/wp-json\/wp\/v2\/comments?post=216733"}],"wp:featuredmedia":[{"embeddable":true,"href":"https:\/\/compuviper.mx\/tienda\/wp-json\/wp\/v2\/media\/216734"}],"wp:attachment":[{"href":"https:\/\/compuviper.mx\/tienda\/wp-json\/wp\/v2\/media?parent=216733"}],"wp:term":[{"taxonomy":"product_cat","embeddable":true,"href":"https:\/\/compuviper.mx\/tienda\/wp-json\/wp\/v2\/product_cat?post=216733"},{"taxonomy":"product_tag","embeddable":true,"href":"https:\/\/compuviper.mx\/tienda\/wp-json\/wp\/v2\/product_tag?post=216733"}],"curies":[{"name":"wp","href":"https:\/\/api.w.org\/{rel}","templated":true}]}}