{"id":216705,"date":"2026-04-23T00:11:26","date_gmt":"2026-04-23T06:11:26","guid":{"rendered":"https:\/\/compuviper.mx\/tienda\/producto\/hikvision-ds-mh2311-32g-gle-camara-movil-body-cam-grabacion-a-1080p-ip67-h-265-32-gb-gps-wifi-3g-y-4g-fotos-de-30-megapixel\/"},"modified":"2026-04-23T00:11:26","modified_gmt":"2026-04-23T06:11:26","slug":"hikvision-ds-mh2311-32g-gle-camara-movil-body-cam-grabacion-a-1080p-ip67-h-265-32-gb-gps-wifi-3g-y-4g-fotos-de-30-megapixel","status":"publish","type":"product","link":"https:\/\/compuviper.mx\/tienda\/producto\/hikvision-ds-mh2311-32g-gle-camara-movil-body-cam-grabacion-a-1080p-ip67-h-265-32-gb-gps-wifi-3g-y-4g-fotos-de-30-megapixel\/","title":{"rendered":"Hikvision Ds-mh2311\/32g\/gle Camara Movil Body Cam   Grabacion A 1080p \/ Ip67 \/ H.265 \/ 32 Gb \/ Gps \/ Wifi \/ 3g Y 4g \/ Fotos De 30 Megapixel"},"content":{"rendered":"<table class=\"descripcion\">\n<tr>\n<td>Compresi\u00f3n: h.265 \/ h.264.<\/td>\n<\/tr>\n<tr>\n<td>    permite grabar v\u00eddeo hasta 1080p @ 30 ips.<\/td>\n<\/tr>\n<tr>\n<td>    angulo de apertura de 129\u00ba.<\/td>\n<\/tr>\n<tr>\n<td>    dise\u00f1o de bater\u00eda reemplazable.<\/td>\n<\/tr>\n<tr>\n<td>    tecnolog\u00eda de reducci\u00f3n de ruido y eco.<\/td>\n<\/tr>\n<tr>\n<td>    incluye modulo gps.<\/td>\n<\/tr>\n<tr>\n<td>    inlcuye modulo wifi.<\/td>\n<\/tr>\n<tr>\n<td>    incluye modulo 3g y 4g. (requiere sim de datos para transmisi\u00f3n de informaci\u00f3n remota y licencias del software ivms-5200).<\/td>\n<\/tr>\n<tr>\n<td>    cuenta con almacenamiento interno de hasta 32 gb (no extraible).<\/td>\n<\/tr>\n<tr>\n<td>    permite tomar fotograf\u00edas con resolucion de 30 megapixel.<\/td>\n<\/tr>\n<tr>\n<td>    cuenta con micr\u00f3fono integrada.<\/td>\n<\/tr>\n<tr>\n<td>Caracter\u00edsticas f\u00edsicas y el\u00e9ctricas:<\/td>\n<\/tr>\n<tr>\n<td>    pantalla 2.4 pulgadas tft lcd.<\/td>\n<\/tr>\n<tr>\n<td>    protecci\u00f3n ip67 para exterior.<\/td>\n<\/tr>\n<tr>\n<td>    dimensiones: 95 x 60 x 29 mm.<\/td>\n<\/tr>\n<tr>\n<td>    peso: 190 grs.<\/td>\n<\/tr>\n<tr>\n<td>    interfaz mini usb 2.0 para la extracci\u00f3n de los eventos.<\/td>\n<\/tr>\n<tr>\n<td>    alimentaci\u00f3n por medio de interfaz mini usb.<\/td>\n<\/tr>\n<tr>\n<td>    bater\u00eda de 3300 mah, permite grabar hasta 8 horas de v\u00eddeo.<\/td>\n<\/tr>\n<tr>\n<td>    garant\u00eda: 2 a\u00f1os.<\/td>\n<\/tr>\n<\/table>\n","protected":false},"excerpt":{"rendered":"<p>Se requiere un servidor (pc) dedicada para colocar las licencias del software ivms-5200 y dejas corriendo los servicios para poder consultar el v\u00eddeo en vivo de manera remota. Se recomienda un servidor como m\u00ednimo core i5 \/ 8 memoria ram.     Se requiere tener ip publica fija (dedicada) y el ancho de banda depender\u00e1 de la cantidad del numero dvr\u00b4s port\u00e1til a transmitir o visualizar. Licencias necesarias para transmisi\u00f3n remota del dvr.     Ivms-5200-ms-b: licencia base que incluye 11 licencias de canales de v\u00eddeo.     Ivms-5200-ms-c: licencia de 1 canal de v\u00eddeo adicional.     Ivms-5200-ms-bi: licencia para habilitar el modulo de bussines intelligence, permite obtener an\u00e1lisis de datos de trafico, estad\u00edsticas de kilometraje, trafico de red y duraci\u00f3n en linea del dvr.<\/p>\n","protected":false},"featured_media":216706,"comment_status":"open","ping_status":"open","template":"","meta":[],"product_cat":[1608,1681],"product_tag":[1595],"acf":[],"yoast_head":"<!-- This site is optimized with the Yoast SEO plugin v21.7 - https:\/\/yoast.com\/wordpress\/plugins\/seo\/ -->\n<title>[ Hikvision ] &#129351; Ds-mh2311\/32g\/gle Camara Movil Body Cam Grabacion A 1080p \/ Ip67 \/ H.265 \/ 32 Gb \/ Gps \/ Wifi \/ 3g Y 4g \/ Fotos De 30 Megapixel<\/title>\n<meta name=\"description\" content=\"Compra Ds-mh2311\/32g\/gle Camara Movil Body Cam Grabacion A 1080p \/ Ip67 \/ H.265 \/ 32 Gb \/ Gps \/ Wifi \/ 3g Y 4g \/ Fotos De 30 Megapixel + Env\u00edo a domicilio + Pago seguro + Garant\u00eda\" \/>\n<meta name=\"robots\" content=\"index, follow, max-snippet:-1, max-image-preview:large, max-video-preview:-1\" \/>\n<link rel=\"canonical\" href=\"https:\/\/compuviper.mx\/tienda\/producto\/hikvision-ds-mh2311-32g-gle-camara-movil-body-cam-grabacion-a-1080p-ip67-h-265-32-gb-gps-wifi-3g-y-4g-fotos-de-30-megapixel\/\" \/>\n<meta property=\"og:locale\" content=\"es_MX\" \/>\n<meta property=\"og:type\" content=\"article\" \/>\n<meta property=\"og:title\" content=\"[ Hikvision ] &#129351; Ds-mh2311\/32g\/gle Camara Movil Body Cam Grabacion A 1080p \/ Ip67 \/ H.265 \/ 32 Gb \/ Gps \/ Wifi \/ 3g Y 4g \/ Fotos De 30 Megapixel\" \/>\n<meta property=\"og:description\" content=\"Compra Ds-mh2311\/32g\/gle Camara Movil Body Cam Grabacion A 1080p \/ Ip67 \/ H.265 \/ 32 Gb \/ Gps \/ Wifi \/ 3g Y 4g \/ Fotos De 30 Megapixel + Env\u00edo a domicilio + Pago seguro + Garant\u00eda\" \/>\n<meta property=\"og:url\" content=\"https:\/\/compuviper.mx\/tienda\/producto\/hikvision-ds-mh2311-32g-gle-camara-movil-body-cam-grabacion-a-1080p-ip67-h-265-32-gb-gps-wifi-3g-y-4g-fotos-de-30-megapixel\/\" \/>\n<meta property=\"og:site_name\" content=\"Compuviper\" \/>\n<meta property=\"article:publisher\" content=\"https:\/\/www.facebook.com\/compuviper\" \/>\n<meta property=\"og:image\" content=\"https:\/\/compuviper.mx\/tienda\/wp-content\/uploads\/2023\/12\/Camara-movil-body-cam-hikvision-ds-mh231132ggle-grabacion-a-1080p-ip67-h.265-32-gb-gps-wifi-3g-y-4g-fotos-de-30-megapixel.jpg\" \/>\n\t<meta property=\"og:image:width\" content=\"200\" \/>\n\t<meta property=\"og:image:height\" content=\"200\" \/>\n\t<meta property=\"og:image:type\" content=\"image\/jpeg\" \/>\n<meta name=\"twitter:card\" content=\"summary_large_image\" \/>\n<meta name=\"twitter:label1\" content=\"Precio\" \/>\n\t<meta name=\"twitter:data1\" content=\"&#36;13,011 con IVA\" \/>\n\t<meta name=\"twitter:label2\" content=\"Availability\" \/>\n\t<meta name=\"twitter:data2\" content=\"On backorder\" \/>\n<script type=\"application\/ld+json\" class=\"yoast-schema-graph\">{\"@context\":\"https:\/\/schema.org\",\"@graph\":[{\"@type\":\"WebPage\",\"@id\":\"https:\/\/compuviper.mx\/tienda\/producto\/hikvision-ds-mh2311-32g-gle-camara-movil-body-cam-grabacion-a-1080p-ip67-h-265-32-gb-gps-wifi-3g-y-4g-fotos-de-30-megapixel\/\",\"url\":\"https:\/\/compuviper.mx\/tienda\/producto\/hikvision-ds-mh2311-32g-gle-camara-movil-body-cam-grabacion-a-1080p-ip67-h-265-32-gb-gps-wifi-3g-y-4g-fotos-de-30-megapixel\/\",\"name\":\"[ Hikvision ] &#129351; Ds-mh2311\/32g\/gle Camara Movil Body Cam Grabacion A 1080p \/ Ip67 \/ H.265 \/ 32 Gb \/ Gps \/ Wifi \/ 3g Y 4g \/ Fotos De 30 Megapixel\",\"isPartOf\":{\"@id\":\"https:\/\/compuviper.mx\/tienda\/#website\"},\"datePublished\":\"2026-04-23T06:11:26+00:00\",\"dateModified\":\"2026-04-23T06:11:26+00:00\",\"description\":\"Compra Ds-mh2311\/32g\/gle Camara Movil Body Cam Grabacion A 1080p \/ Ip67 \/ H.265 \/ 32 Gb \/ Gps \/ Wifi \/ 3g Y 4g \/ Fotos De 30 Megapixel + Env\u00edo a domicilio + Pago seguro + Garant\u00eda\",\"breadcrumb\":{\"@id\":\"https:\/\/compuviper.mx\/tienda\/producto\/hikvision-ds-mh2311-32g-gle-camara-movil-body-cam-grabacion-a-1080p-ip67-h-265-32-gb-gps-wifi-3g-y-4g-fotos-de-30-megapixel\/#breadcrumb\"},\"inLanguage\":\"es-MX\",\"potentialAction\":[{\"@type\":\"ReadAction\",\"target\":[\"https:\/\/compuviper.mx\/tienda\/producto\/hikvision-ds-mh2311-32g-gle-camara-movil-body-cam-grabacion-a-1080p-ip67-h-265-32-gb-gps-wifi-3g-y-4g-fotos-de-30-megapixel\/\"]}]},{\"@type\":\"BreadcrumbList\",\"@id\":\"https:\/\/compuviper.mx\/tienda\/producto\/hikvision-ds-mh2311-32g-gle-camara-movil-body-cam-grabacion-a-1080p-ip67-h-265-32-gb-gps-wifi-3g-y-4g-fotos-de-30-megapixel\/#breadcrumb\",\"itemListElement\":[{\"@type\":\"ListItem\",\"position\":1,\"name\":\"Inicio\",\"item\":\"https:\/\/compuviper.mx\/tienda\/\"},{\"@type\":\"ListItem\",\"position\":2,\"name\":\"Productos\",\"item\":\"https:\/\/compuviper.mx\/tienda\/productos\/\"},{\"@type\":\"ListItem\",\"position\":3,\"name\":\"Camaras\",\"item\":\"https:\/\/compuviper.mx\/tienda\/categoria-producto\/camaras-2\/\"},{\"@type\":\"ListItem\",\"position\":4,\"name\":\"Camara De Videovigilancia\",\"item\":\"https:\/\/compuviper.mx\/tienda\/categoria-producto\/camaras-2\/camara-de-videovigilancia\/\"},{\"@type\":\"ListItem\",\"position\":5,\"name\":\"Hikvision Ds-mh2311\/32g\/gle Camara Movil Body Cam Grabacion A 1080p \/ Ip67 \/ H.265 \/ 32 Gb \/ Gps \/ Wifi \/ 3g Y 4g \/ Fotos De 30 Megapixel\"}]},{\"@type\":\"WebSite\",\"@id\":\"https:\/\/compuviper.mx\/tienda\/#website\",\"url\":\"https:\/\/compuviper.mx\/tienda\/\",\"name\":\"Compuviper\",\"description\":\"Proveedor de Computadoras, Laptops, Servidores, Monitores, Puntos de Venta, Teclados,   Impresoras, T\u00f3ner, C\u00e1maras de Seguridad y m\u00e1s en tu tienda en l\u00ednea\",\"publisher\":{\"@id\":\"https:\/\/compuviper.mx\/tienda\/#organization\"},\"potentialAction\":[{\"@type\":\"SearchAction\",\"target\":{\"@type\":\"EntryPoint\",\"urlTemplate\":\"https:\/\/compuviper.mx\/tienda\/?s={search_term_string}\"},\"query-input\":\"required name=search_term_string\"}],\"inLanguage\":\"es-MX\"},{\"@type\":\"Organization\",\"@id\":\"https:\/\/compuviper.mx\/tienda\/#organization\",\"name\":\"Compuviper\",\"url\":\"https:\/\/compuviper.mx\/tienda\/\",\"logo\":{\"@type\":\"ImageObject\",\"inLanguage\":\"es-MX\",\"@id\":\"https:\/\/compuviper.mx\/tienda\/#\/schema\/logo\/image\/\",\"url\":\"https:\/\/compuviper.mx\/tienda\/wp-content\/uploads\/2021\/08\/Logo-Compuviper-10.png\",\"contentUrl\":\"https:\/\/compuviper.mx\/tienda\/wp-content\/uploads\/2021\/08\/Logo-Compuviper-10.png\",\"width\":1000,\"height\":500,\"caption\":\"Compuviper\"},\"image\":{\"@id\":\"https:\/\/compuviper.mx\/tienda\/#\/schema\/logo\/image\/\"},\"sameAs\":[\"https:\/\/www.facebook.com\/compuviper\",\"https:\/\/www.youtube.com\/channel\/UCf73dERp9Y3cfOq7q8BhLjA?view_as=subscriber\"]}]}<\/script>\n<meta property=\"product:brand\" content=\"HIKVISION\" \/>\n<meta property=\"product:price:amount\" content=\"13011\" \/>\n<meta property=\"product:price:currency\" content=\"MXN\" \/>\n<meta property=\"og:availability\" content=\"backorder\" \/>\n<meta property=\"product:availability\" content=\"available for order\" \/>\n<meta property=\"product:retailer_item_id\" content=\"DS-MH2311\/32G\/GLE\" \/>\n<meta property=\"product:condition\" content=\"new\" \/>\n<!-- \/ Yoast SEO plugin. -->","yoast_head_json":{"title":"[ Hikvision ] &#129351; Ds-mh2311\/32g\/gle Camara Movil Body Cam Grabacion A 1080p \/ Ip67 \/ H.265 \/ 32 Gb \/ Gps \/ Wifi \/ 3g Y 4g \/ Fotos De 30 Megapixel","description":"Compra Ds-mh2311\/32g\/gle Camara Movil Body Cam Grabacion A 1080p \/ Ip67 \/ H.265 \/ 32 Gb \/ Gps \/ Wifi \/ 3g Y 4g \/ Fotos De 30 Megapixel + Env\u00edo a domicilio + Pago seguro + Garant\u00eda","robots":{"index":"index","follow":"follow","max-snippet":"max-snippet:-1","max-image-preview":"max-image-preview:large","max-video-preview":"max-video-preview:-1"},"canonical":"https:\/\/compuviper.mx\/tienda\/producto\/hikvision-ds-mh2311-32g-gle-camara-movil-body-cam-grabacion-a-1080p-ip67-h-265-32-gb-gps-wifi-3g-y-4g-fotos-de-30-megapixel\/","og_locale":"es_MX","og_type":"article","og_title":"[ Hikvision ] &#129351; Ds-mh2311\/32g\/gle Camara Movil Body Cam Grabacion A 1080p \/ Ip67 \/ H.265 \/ 32 Gb \/ Gps \/ Wifi \/ 3g Y 4g \/ Fotos De 30 Megapixel","og_description":"Compra Ds-mh2311\/32g\/gle Camara Movil Body Cam Grabacion A 1080p \/ Ip67 \/ H.265 \/ 32 Gb \/ Gps \/ Wifi \/ 3g Y 4g \/ Fotos De 30 Megapixel + Env\u00edo a domicilio + Pago seguro + Garant\u00eda","og_url":"https:\/\/compuviper.mx\/tienda\/producto\/hikvision-ds-mh2311-32g-gle-camara-movil-body-cam-grabacion-a-1080p-ip67-h-265-32-gb-gps-wifi-3g-y-4g-fotos-de-30-megapixel\/","og_site_name":"Compuviper","article_publisher":"https:\/\/www.facebook.com\/compuviper","og_image":[{"width":200,"height":200,"url":"https:\/\/compuviper.mx\/tienda\/wp-content\/uploads\/2023\/12\/Camara-movil-body-cam-hikvision-ds-mh231132ggle-grabacion-a-1080p-ip67-h.265-32-gb-gps-wifi-3g-y-4g-fotos-de-30-megapixel.jpg","type":"image\/jpeg"}],"twitter_card":"summary_large_image","twitter_misc":{"Precio":"&#36;13,011 con IVA","Availability":"On backorder"},"schema":{"@context":"https:\/\/schema.org","@graph":[{"@type":"WebPage","@id":"https:\/\/compuviper.mx\/tienda\/producto\/hikvision-ds-mh2311-32g-gle-camara-movil-body-cam-grabacion-a-1080p-ip67-h-265-32-gb-gps-wifi-3g-y-4g-fotos-de-30-megapixel\/","url":"https:\/\/compuviper.mx\/tienda\/producto\/hikvision-ds-mh2311-32g-gle-camara-movil-body-cam-grabacion-a-1080p-ip67-h-265-32-gb-gps-wifi-3g-y-4g-fotos-de-30-megapixel\/","name":"[ Hikvision ] &#129351; Ds-mh2311\/32g\/gle Camara Movil Body Cam Grabacion A 1080p \/ Ip67 \/ H.265 \/ 32 Gb \/ Gps \/ Wifi \/ 3g Y 4g \/ Fotos De 30 Megapixel","isPartOf":{"@id":"https:\/\/compuviper.mx\/tienda\/#website"},"datePublished":"2026-04-23T06:11:26+00:00","dateModified":"2026-04-23T06:11:26+00:00","description":"Compra Ds-mh2311\/32g\/gle Camara Movil Body Cam Grabacion A 1080p \/ Ip67 \/ H.265 \/ 32 Gb \/ Gps \/ Wifi \/ 3g Y 4g \/ Fotos De 30 Megapixel + Env\u00edo a domicilio + Pago seguro + Garant\u00eda","breadcrumb":{"@id":"https:\/\/compuviper.mx\/tienda\/producto\/hikvision-ds-mh2311-32g-gle-camara-movil-body-cam-grabacion-a-1080p-ip67-h-265-32-gb-gps-wifi-3g-y-4g-fotos-de-30-megapixel\/#breadcrumb"},"inLanguage":"es-MX","potentialAction":[{"@type":"ReadAction","target":["https:\/\/compuviper.mx\/tienda\/producto\/hikvision-ds-mh2311-32g-gle-camara-movil-body-cam-grabacion-a-1080p-ip67-h-265-32-gb-gps-wifi-3g-y-4g-fotos-de-30-megapixel\/"]}]},{"@type":"BreadcrumbList","@id":"https:\/\/compuviper.mx\/tienda\/producto\/hikvision-ds-mh2311-32g-gle-camara-movil-body-cam-grabacion-a-1080p-ip67-h-265-32-gb-gps-wifi-3g-y-4g-fotos-de-30-megapixel\/#breadcrumb","itemListElement":[{"@type":"ListItem","position":1,"name":"Inicio","item":"https:\/\/compuviper.mx\/tienda\/"},{"@type":"ListItem","position":2,"name":"Productos","item":"https:\/\/compuviper.mx\/tienda\/productos\/"},{"@type":"ListItem","position":3,"name":"Camaras","item":"https:\/\/compuviper.mx\/tienda\/categoria-producto\/camaras-2\/"},{"@type":"ListItem","position":4,"name":"Camara De Videovigilancia","item":"https:\/\/compuviper.mx\/tienda\/categoria-producto\/camaras-2\/camara-de-videovigilancia\/"},{"@type":"ListItem","position":5,"name":"Hikvision Ds-mh2311\/32g\/gle Camara Movil Body Cam Grabacion A 1080p \/ Ip67 \/ H.265 \/ 32 Gb \/ Gps \/ Wifi \/ 3g Y 4g \/ Fotos De 30 Megapixel"}]},{"@type":"WebSite","@id":"https:\/\/compuviper.mx\/tienda\/#website","url":"https:\/\/compuviper.mx\/tienda\/","name":"Compuviper","description":"Proveedor de Computadoras, Laptops, Servidores, Monitores, Puntos de Venta, Teclados,   Impresoras, T\u00f3ner, C\u00e1maras de Seguridad y m\u00e1s en tu tienda en l\u00ednea","publisher":{"@id":"https:\/\/compuviper.mx\/tienda\/#organization"},"potentialAction":[{"@type":"SearchAction","target":{"@type":"EntryPoint","urlTemplate":"https:\/\/compuviper.mx\/tienda\/?s={search_term_string}"},"query-input":"required name=search_term_string"}],"inLanguage":"es-MX"},{"@type":"Organization","@id":"https:\/\/compuviper.mx\/tienda\/#organization","name":"Compuviper","url":"https:\/\/compuviper.mx\/tienda\/","logo":{"@type":"ImageObject","inLanguage":"es-MX","@id":"https:\/\/compuviper.mx\/tienda\/#\/schema\/logo\/image\/","url":"https:\/\/compuviper.mx\/tienda\/wp-content\/uploads\/2021\/08\/Logo-Compuviper-10.png","contentUrl":"https:\/\/compuviper.mx\/tienda\/wp-content\/uploads\/2021\/08\/Logo-Compuviper-10.png","width":1000,"height":500,"caption":"Compuviper"},"image":{"@id":"https:\/\/compuviper.mx\/tienda\/#\/schema\/logo\/image\/"},"sameAs":["https:\/\/www.facebook.com\/compuviper","https:\/\/www.youtube.com\/channel\/UCf73dERp9Y3cfOq7q8BhLjA?view_as=subscriber"]}]},"product_brand":"HIKVISION","product_price_amount":"13011","product_price_currency":"MXN","og_availability":"backorder","product_availability":"available for order","product_retailer_item_id":"DS-MH2311\/32G\/GLE","product_condition":"new"},"_links":{"self":[{"href":"https:\/\/compuviper.mx\/tienda\/wp-json\/wp\/v2\/product\/216705"}],"collection":[{"href":"https:\/\/compuviper.mx\/tienda\/wp-json\/wp\/v2\/product"}],"about":[{"href":"https:\/\/compuviper.mx\/tienda\/wp-json\/wp\/v2\/types\/product"}],"replies":[{"embeddable":true,"href":"https:\/\/compuviper.mx\/tienda\/wp-json\/wp\/v2\/comments?post=216705"}],"wp:featuredmedia":[{"embeddable":true,"href":"https:\/\/compuviper.mx\/tienda\/wp-json\/wp\/v2\/media\/216706"}],"wp:attachment":[{"href":"https:\/\/compuviper.mx\/tienda\/wp-json\/wp\/v2\/media?parent=216705"}],"wp:term":[{"taxonomy":"product_cat","embeddable":true,"href":"https:\/\/compuviper.mx\/tienda\/wp-json\/wp\/v2\/product_cat?post=216705"},{"taxonomy":"product_tag","embeddable":true,"href":"https:\/\/compuviper.mx\/tienda\/wp-json\/wp\/v2\/product_tag?post=216705"}],"curies":[{"name":"wp","href":"https:\/\/api.w.org\/{rel}","templated":true}]}}