{"id":216703,"date":"2026-04-23T00:11:26","date_gmt":"2026-04-23T06:11:26","guid":{"rendered":"https:\/\/compuviper.mx\/tienda\/producto\/hikvision-ds-2cd2945fwd-camara-fisheye-ip-4mp-panormica-180-360-exterior-ip67-ik10-poe-multiples-vistas-por-ivms-4200\/"},"modified":"2026-04-23T00:11:26","modified_gmt":"2026-04-23T06:11:26","slug":"hikvision-ds-2cd2945fwd-camara-fisheye-ip-4mp-panormica-180-360-exterior-ip67-ik10-poe-multiples-vistas-por-ivms-4200","status":"publish","type":"product","link":"https:\/\/compuviper.mx\/tienda\/producto\/hikvision-ds-2cd2945fwd-camara-fisheye-ip-4mp-panormica-180-360-exterior-ip67-ik10-poe-multiples-vistas-por-ivms-4200\/","title":{"rendered":"Hikvision Ds-2cd2945fwd Camara Fisheye Ip 4mp   Panor?mica 180? &#8211; 360? \/ Exterior Ip67 \/ Ik10 \/ Poe \/ Multiples Vistas Por Ivms-4200"},"content":{"rendered":"<table class=\"descripcion\">\n<tr>\n<td>Resoluci\u00f3n m\u00e1xima: 4 megapixel (1920 x 1920).<\/td>\n<\/tr>\n<tr>\n<td>    iluminaci\u00f3n m\u00ednima: color 0.01 lux @ (f1.2, agc on)..<\/td>\n<\/tr>\n<tr>\n<td>    distancia focal: 1.16 mm (angulo de visi\u00f3n 180\u00b0 horizontal y 180\u00b0 vertical).<\/td>\n<\/tr>\n<tr>\n<td>    funciones normales: wdr 120db \/ blc \/ hlc \/3d dnr \/ defog<\/td>\n<\/tr>\n<tr>\n<td>    funciones avanzadas: intrusi\u00f3n de \u00e1rea \/ cruce de linea.<\/td>\n<\/tr>\n<tr>\n<td>    compresi\u00f3n: h.265+ \/ h.265 \/ h.264+ \/ h.264.<\/td>\n<\/tr>\n<tr>\n<td>    compatible con la plataforma de hik-connect.<\/td>\n<\/tr>\n<tr>\n<td>    por ivms-4200 permite colocar multiples vistas.<\/td>\n<\/tr>\n<tr>\n<td>    alimentaci\u00f3n: 12 vcd \/ poe 802.3 af \/ 4 w.<\/td>\n<\/tr>\n<tr>\n<td>    temperatura de operaci\u00f3n: -10\u00b0c a 40\u00b0c \/ humedad al 95% m\u00e1ximo.<\/td>\n<\/tr>\n<tr>\n<td>    protecci\u00f3n ip67.<\/td>\n<\/tr>\n<tr>\n<td>    antivand\u00e1lica ik10<\/td>\n<\/tr>\n<tr>\n<td>    dimensiones: 100 x 46 mm<\/td>\n<\/tr>\n<tr>\n<td>    peso: 330 gramos.<\/td>\n<\/tr>\n<tr>\n<td>    garant\u00eda: 2 a\u00f1os.<\/td>\n<\/tr>\n<tr>\n<td>    instalacion directa en superficie (no tiene opcion de montajes).<\/td>\n<\/tr>\n<tr>\n<td>    soporta solo modo d\u00eda (no tiene filtro icr).<\/td>\n<\/tr>\n<\/table>\n","protected":false},"excerpt":{"rendered":"<p>Main stream: 25 fps (1920 \u00d7 1920).     Sub steam: 25 fps (640 \u00d7 480 and #65292;640 \u00d7 320 and #65292;320 \u00d7 240). Entradas y salidas de audio \/ alarmas \/ red.     Entradas de alarma: n\/a.     Salidas de alarma: n\/a.     Entradas de audio: n\/a.     Salidas de audio: n\/a.     Puerto de red: 1 rj45 (10 \/ 100 \/ 1000 mbps \/ poe 802.3 af).     Soporta onvif (profile s, profile g) \/ isapi \/ sdk<\/p>\n","protected":false},"featured_media":216704,"comment_status":"open","ping_status":"open","template":"","meta":[],"product_cat":[1608,1681],"product_tag":[1595],"acf":[],"yoast_head":"<!-- This site is optimized with the Yoast SEO plugin v21.7 - https:\/\/yoast.com\/wordpress\/plugins\/seo\/ -->\n<title>[ Hikvision ] &#129351; Ds-2cd2945fwd Camara Fisheye Ip 4mp Panor\u00e1mica 180\u00b0 - 360\u00b0 \/ Exterior Ip67 \/ Ik10 \/ Poe \/ Multiples Vistas Por Ivms-4200<\/title>\n<meta name=\"description\" content=\"Compra Ds-2cd2945fwd Camara Fisheye Ip 4mp Panor\u00e1mica 180\u00b0 - 360\u00b0 \/ Exterior Ip67 \/ Ik10 \/ Poe \/ Multiples Vistas Por Ivms-4200 + Env\u00edo a domicilio + Pago seguro + Garant\u00eda\" \/>\n<meta name=\"robots\" content=\"index, follow, max-snippet:-1, max-image-preview:large, max-video-preview:-1\" \/>\n<link rel=\"canonical\" href=\"https:\/\/compuviper.mx\/tienda\/producto\/hikvision-ds-2cd2945fwd-camara-fisheye-ip-4mp-panormica-180-360-exterior-ip67-ik10-poe-multiples-vistas-por-ivms-4200\/\" \/>\n<meta property=\"og:locale\" content=\"es_MX\" \/>\n<meta property=\"og:type\" content=\"article\" \/>\n<meta property=\"og:title\" content=\"[ Hikvision ] &#129351; Ds-2cd2945fwd Camara Fisheye Ip 4mp Panor\u00e1mica 180\u00b0 - 360\u00b0 \/ Exterior Ip67 \/ Ik10 \/ Poe \/ Multiples Vistas Por Ivms-4200\" \/>\n<meta property=\"og:description\" content=\"Compra Ds-2cd2945fwd Camara Fisheye Ip 4mp Panor\u00e1mica 180\u00b0 - 360\u00b0 \/ Exterior Ip67 \/ Ik10 \/ Poe \/ Multiples Vistas Por Ivms-4200 + Env\u00edo a domicilio + Pago seguro + Garant\u00eda\" \/>\n<meta property=\"og:url\" content=\"https:\/\/compuviper.mx\/tienda\/producto\/hikvision-ds-2cd2945fwd-camara-fisheye-ip-4mp-panormica-180-360-exterior-ip67-ik10-poe-multiples-vistas-por-ivms-4200\/\" \/>\n<meta property=\"og:site_name\" content=\"Compuviper\" \/>\n<meta property=\"article:publisher\" content=\"https:\/\/www.facebook.com\/compuviper\" \/>\n<meta property=\"og:image\" content=\"https:\/\/compuviper.mx\/tienda\/wp-content\/uploads\/2023\/12\/Camara-fisheye-ip-4mp-hikvision-ds-2cd2945fwd-panoramica-180\u00b0-360\u00b0-exterior-ip67-ik10-poe-multiples-vistas-por-ivms-4200.jpg\" \/>\n\t<meta property=\"og:image:width\" content=\"200\" \/>\n\t<meta property=\"og:image:height\" content=\"200\" \/>\n\t<meta property=\"og:image:type\" content=\"image\/jpeg\" \/>\n<meta name=\"twitter:card\" content=\"summary_large_image\" \/>\n<meta name=\"twitter:label1\" content=\"Precio\" \/>\n\t<meta name=\"twitter:data1\" content=\"&#36;4,190 con IVA\" \/>\n\t<meta name=\"twitter:label2\" content=\"Availability\" \/>\n\t<meta name=\"twitter:data2\" content=\"On backorder\" \/>\n<script type=\"application\/ld+json\" class=\"yoast-schema-graph\">{\"@context\":\"https:\/\/schema.org\",\"@graph\":[{\"@type\":\"WebPage\",\"@id\":\"https:\/\/compuviper.mx\/tienda\/producto\/hikvision-ds-2cd2945fwd-camara-fisheye-ip-4mp-panormica-180-360-exterior-ip67-ik10-poe-multiples-vistas-por-ivms-4200\/\",\"url\":\"https:\/\/compuviper.mx\/tienda\/producto\/hikvision-ds-2cd2945fwd-camara-fisheye-ip-4mp-panormica-180-360-exterior-ip67-ik10-poe-multiples-vistas-por-ivms-4200\/\",\"name\":\"[ Hikvision ] &#129351; Ds-2cd2945fwd Camara Fisheye Ip 4mp Panor\u00e1mica 180\u00b0 - 360\u00b0 \/ Exterior Ip67 \/ Ik10 \/ Poe \/ Multiples Vistas Por Ivms-4200\",\"isPartOf\":{\"@id\":\"https:\/\/compuviper.mx\/tienda\/#website\"},\"datePublished\":\"2026-04-23T06:11:26+00:00\",\"dateModified\":\"2026-04-23T06:11:26+00:00\",\"description\":\"Compra Ds-2cd2945fwd Camara Fisheye Ip 4mp Panor\u00e1mica 180\u00b0 - 360\u00b0 \/ Exterior Ip67 \/ Ik10 \/ Poe \/ Multiples Vistas Por Ivms-4200 + Env\u00edo a domicilio + Pago seguro + Garant\u00eda\",\"breadcrumb\":{\"@id\":\"https:\/\/compuviper.mx\/tienda\/producto\/hikvision-ds-2cd2945fwd-camara-fisheye-ip-4mp-panormica-180-360-exterior-ip67-ik10-poe-multiples-vistas-por-ivms-4200\/#breadcrumb\"},\"inLanguage\":\"es-MX\",\"potentialAction\":[{\"@type\":\"ReadAction\",\"target\":[\"https:\/\/compuviper.mx\/tienda\/producto\/hikvision-ds-2cd2945fwd-camara-fisheye-ip-4mp-panormica-180-360-exterior-ip67-ik10-poe-multiples-vistas-por-ivms-4200\/\"]}]},{\"@type\":\"BreadcrumbList\",\"@id\":\"https:\/\/compuviper.mx\/tienda\/producto\/hikvision-ds-2cd2945fwd-camara-fisheye-ip-4mp-panormica-180-360-exterior-ip67-ik10-poe-multiples-vistas-por-ivms-4200\/#breadcrumb\",\"itemListElement\":[{\"@type\":\"ListItem\",\"position\":1,\"name\":\"Inicio\",\"item\":\"https:\/\/compuviper.mx\/tienda\/\"},{\"@type\":\"ListItem\",\"position\":2,\"name\":\"Productos\",\"item\":\"https:\/\/compuviper.mx\/tienda\/productos\/\"},{\"@type\":\"ListItem\",\"position\":3,\"name\":\"Camaras\",\"item\":\"https:\/\/compuviper.mx\/tienda\/categoria-producto\/camaras-2\/\"},{\"@type\":\"ListItem\",\"position\":4,\"name\":\"Camara De Videovigilancia\",\"item\":\"https:\/\/compuviper.mx\/tienda\/categoria-producto\/camaras-2\/camara-de-videovigilancia\/\"},{\"@type\":\"ListItem\",\"position\":5,\"name\":\"Hikvision Ds-2cd2945fwd Camara Fisheye Ip 4mp Panor?mica 180? &#8211; 360? \/ Exterior Ip67 \/ Ik10 \/ Poe \/ Multiples Vistas Por Ivms-4200\"}]},{\"@type\":\"WebSite\",\"@id\":\"https:\/\/compuviper.mx\/tienda\/#website\",\"url\":\"https:\/\/compuviper.mx\/tienda\/\",\"name\":\"Compuviper\",\"description\":\"Proveedor de Computadoras, Laptops, Servidores, Monitores, Puntos de Venta, Teclados,   Impresoras, T\u00f3ner, C\u00e1maras de Seguridad y m\u00e1s en tu tienda en l\u00ednea\",\"publisher\":{\"@id\":\"https:\/\/compuviper.mx\/tienda\/#organization\"},\"potentialAction\":[{\"@type\":\"SearchAction\",\"target\":{\"@type\":\"EntryPoint\",\"urlTemplate\":\"https:\/\/compuviper.mx\/tienda\/?s={search_term_string}\"},\"query-input\":\"required name=search_term_string\"}],\"inLanguage\":\"es-MX\"},{\"@type\":\"Organization\",\"@id\":\"https:\/\/compuviper.mx\/tienda\/#organization\",\"name\":\"Compuviper\",\"url\":\"https:\/\/compuviper.mx\/tienda\/\",\"logo\":{\"@type\":\"ImageObject\",\"inLanguage\":\"es-MX\",\"@id\":\"https:\/\/compuviper.mx\/tienda\/#\/schema\/logo\/image\/\",\"url\":\"https:\/\/compuviper.mx\/tienda\/wp-content\/uploads\/2021\/08\/Logo-Compuviper-10.png\",\"contentUrl\":\"https:\/\/compuviper.mx\/tienda\/wp-content\/uploads\/2021\/08\/Logo-Compuviper-10.png\",\"width\":1000,\"height\":500,\"caption\":\"Compuviper\"},\"image\":{\"@id\":\"https:\/\/compuviper.mx\/tienda\/#\/schema\/logo\/image\/\"},\"sameAs\":[\"https:\/\/www.facebook.com\/compuviper\",\"https:\/\/www.youtube.com\/channel\/UCf73dERp9Y3cfOq7q8BhLjA?view_as=subscriber\"]}]}<\/script>\n<meta property=\"product:brand\" content=\"HIKVISION\" \/>\n<meta property=\"product:price:amount\" content=\"4190\" \/>\n<meta property=\"product:price:currency\" content=\"MXN\" \/>\n<meta property=\"og:availability\" content=\"backorder\" \/>\n<meta property=\"product:availability\" content=\"available for order\" \/>\n<meta property=\"product:retailer_item_id\" content=\"DS-2CD2945FWD\" \/>\n<meta property=\"product:condition\" content=\"new\" \/>\n<!-- \/ Yoast SEO plugin. -->","yoast_head_json":{"title":"[ Hikvision ] &#129351; Ds-2cd2945fwd Camara Fisheye Ip 4mp Panor\u00e1mica 180\u00b0 - 360\u00b0 \/ Exterior Ip67 \/ Ik10 \/ Poe \/ Multiples Vistas Por Ivms-4200","description":"Compra Ds-2cd2945fwd Camara Fisheye Ip 4mp Panor\u00e1mica 180\u00b0 - 360\u00b0 \/ Exterior Ip67 \/ Ik10 \/ Poe \/ Multiples Vistas Por Ivms-4200 + Env\u00edo a domicilio + Pago seguro + Garant\u00eda","robots":{"index":"index","follow":"follow","max-snippet":"max-snippet:-1","max-image-preview":"max-image-preview:large","max-video-preview":"max-video-preview:-1"},"canonical":"https:\/\/compuviper.mx\/tienda\/producto\/hikvision-ds-2cd2945fwd-camara-fisheye-ip-4mp-panormica-180-360-exterior-ip67-ik10-poe-multiples-vistas-por-ivms-4200\/","og_locale":"es_MX","og_type":"article","og_title":"[ Hikvision ] &#129351; Ds-2cd2945fwd Camara Fisheye Ip 4mp Panor\u00e1mica 180\u00b0 - 360\u00b0 \/ Exterior Ip67 \/ Ik10 \/ Poe \/ Multiples Vistas Por Ivms-4200","og_description":"Compra Ds-2cd2945fwd Camara Fisheye Ip 4mp Panor\u00e1mica 180\u00b0 - 360\u00b0 \/ Exterior Ip67 \/ Ik10 \/ Poe \/ Multiples Vistas Por Ivms-4200 + Env\u00edo a domicilio + Pago seguro + Garant\u00eda","og_url":"https:\/\/compuviper.mx\/tienda\/producto\/hikvision-ds-2cd2945fwd-camara-fisheye-ip-4mp-panormica-180-360-exterior-ip67-ik10-poe-multiples-vistas-por-ivms-4200\/","og_site_name":"Compuviper","article_publisher":"https:\/\/www.facebook.com\/compuviper","og_image":[{"width":200,"height":200,"url":"https:\/\/compuviper.mx\/tienda\/wp-content\/uploads\/2023\/12\/Camara-fisheye-ip-4mp-hikvision-ds-2cd2945fwd-panoramica-180\u00b0-360\u00b0-exterior-ip67-ik10-poe-multiples-vistas-por-ivms-4200.jpg","type":"image\/jpeg"}],"twitter_card":"summary_large_image","twitter_misc":{"Precio":"&#36;4,190 con IVA","Availability":"On backorder"},"schema":{"@context":"https:\/\/schema.org","@graph":[{"@type":"WebPage","@id":"https:\/\/compuviper.mx\/tienda\/producto\/hikvision-ds-2cd2945fwd-camara-fisheye-ip-4mp-panormica-180-360-exterior-ip67-ik10-poe-multiples-vistas-por-ivms-4200\/","url":"https:\/\/compuviper.mx\/tienda\/producto\/hikvision-ds-2cd2945fwd-camara-fisheye-ip-4mp-panormica-180-360-exterior-ip67-ik10-poe-multiples-vistas-por-ivms-4200\/","name":"[ Hikvision ] &#129351; Ds-2cd2945fwd Camara Fisheye Ip 4mp Panor\u00e1mica 180\u00b0 - 360\u00b0 \/ Exterior Ip67 \/ Ik10 \/ Poe \/ Multiples Vistas Por Ivms-4200","isPartOf":{"@id":"https:\/\/compuviper.mx\/tienda\/#website"},"datePublished":"2026-04-23T06:11:26+00:00","dateModified":"2026-04-23T06:11:26+00:00","description":"Compra Ds-2cd2945fwd Camara Fisheye Ip 4mp Panor\u00e1mica 180\u00b0 - 360\u00b0 \/ Exterior Ip67 \/ Ik10 \/ Poe \/ Multiples Vistas Por Ivms-4200 + Env\u00edo a domicilio + Pago seguro + Garant\u00eda","breadcrumb":{"@id":"https:\/\/compuviper.mx\/tienda\/producto\/hikvision-ds-2cd2945fwd-camara-fisheye-ip-4mp-panormica-180-360-exterior-ip67-ik10-poe-multiples-vistas-por-ivms-4200\/#breadcrumb"},"inLanguage":"es-MX","potentialAction":[{"@type":"ReadAction","target":["https:\/\/compuviper.mx\/tienda\/producto\/hikvision-ds-2cd2945fwd-camara-fisheye-ip-4mp-panormica-180-360-exterior-ip67-ik10-poe-multiples-vistas-por-ivms-4200\/"]}]},{"@type":"BreadcrumbList","@id":"https:\/\/compuviper.mx\/tienda\/producto\/hikvision-ds-2cd2945fwd-camara-fisheye-ip-4mp-panormica-180-360-exterior-ip67-ik10-poe-multiples-vistas-por-ivms-4200\/#breadcrumb","itemListElement":[{"@type":"ListItem","position":1,"name":"Inicio","item":"https:\/\/compuviper.mx\/tienda\/"},{"@type":"ListItem","position":2,"name":"Productos","item":"https:\/\/compuviper.mx\/tienda\/productos\/"},{"@type":"ListItem","position":3,"name":"Camaras","item":"https:\/\/compuviper.mx\/tienda\/categoria-producto\/camaras-2\/"},{"@type":"ListItem","position":4,"name":"Camara De Videovigilancia","item":"https:\/\/compuviper.mx\/tienda\/categoria-producto\/camaras-2\/camara-de-videovigilancia\/"},{"@type":"ListItem","position":5,"name":"Hikvision Ds-2cd2945fwd Camara Fisheye Ip 4mp Panor?mica 180? &#8211; 360? \/ Exterior Ip67 \/ Ik10 \/ Poe \/ Multiples Vistas Por Ivms-4200"}]},{"@type":"WebSite","@id":"https:\/\/compuviper.mx\/tienda\/#website","url":"https:\/\/compuviper.mx\/tienda\/","name":"Compuviper","description":"Proveedor de Computadoras, Laptops, Servidores, Monitores, Puntos de Venta, Teclados,   Impresoras, T\u00f3ner, C\u00e1maras de Seguridad y m\u00e1s en tu tienda en l\u00ednea","publisher":{"@id":"https:\/\/compuviper.mx\/tienda\/#organization"},"potentialAction":[{"@type":"SearchAction","target":{"@type":"EntryPoint","urlTemplate":"https:\/\/compuviper.mx\/tienda\/?s={search_term_string}"},"query-input":"required name=search_term_string"}],"inLanguage":"es-MX"},{"@type":"Organization","@id":"https:\/\/compuviper.mx\/tienda\/#organization","name":"Compuviper","url":"https:\/\/compuviper.mx\/tienda\/","logo":{"@type":"ImageObject","inLanguage":"es-MX","@id":"https:\/\/compuviper.mx\/tienda\/#\/schema\/logo\/image\/","url":"https:\/\/compuviper.mx\/tienda\/wp-content\/uploads\/2021\/08\/Logo-Compuviper-10.png","contentUrl":"https:\/\/compuviper.mx\/tienda\/wp-content\/uploads\/2021\/08\/Logo-Compuviper-10.png","width":1000,"height":500,"caption":"Compuviper"},"image":{"@id":"https:\/\/compuviper.mx\/tienda\/#\/schema\/logo\/image\/"},"sameAs":["https:\/\/www.facebook.com\/compuviper","https:\/\/www.youtube.com\/channel\/UCf73dERp9Y3cfOq7q8BhLjA?view_as=subscriber"]}]},"product_brand":"HIKVISION","product_price_amount":"4190","product_price_currency":"MXN","og_availability":"backorder","product_availability":"available for order","product_retailer_item_id":"DS-2CD2945FWD","product_condition":"new"},"_links":{"self":[{"href":"https:\/\/compuviper.mx\/tienda\/wp-json\/wp\/v2\/product\/216703"}],"collection":[{"href":"https:\/\/compuviper.mx\/tienda\/wp-json\/wp\/v2\/product"}],"about":[{"href":"https:\/\/compuviper.mx\/tienda\/wp-json\/wp\/v2\/types\/product"}],"replies":[{"embeddable":true,"href":"https:\/\/compuviper.mx\/tienda\/wp-json\/wp\/v2\/comments?post=216703"}],"wp:featuredmedia":[{"embeddable":true,"href":"https:\/\/compuviper.mx\/tienda\/wp-json\/wp\/v2\/media\/216704"}],"wp:attachment":[{"href":"https:\/\/compuviper.mx\/tienda\/wp-json\/wp\/v2\/media?parent=216703"}],"wp:term":[{"taxonomy":"product_cat","embeddable":true,"href":"https:\/\/compuviper.mx\/tienda\/wp-json\/wp\/v2\/product_cat?post=216703"},{"taxonomy":"product_tag","embeddable":true,"href":"https:\/\/compuviper.mx\/tienda\/wp-json\/wp\/v2\/product_tag?post=216703"}],"curies":[{"name":"wp","href":"https:\/\/api.w.org\/{rel}","templated":true}]}}