{"id":216661,"date":"2026-04-15T00:15:07","date_gmt":"2026-04-15T06:15:07","guid":{"rendered":"https:\/\/compuviper.mx\/tienda\/producto\/tp-link-tapo-c110-camara-ip-tp-link-wifi-3mp-microsd-256gb-vision-nocturna-audio-birideccional\/"},"modified":"2026-04-15T00:15:07","modified_gmt":"2026-04-15T06:15:07","slug":"tp-link-tapo-c110-camara-ip-tp-link-wifi-3mp-microsd-256gb-vision-nocturna-audio-birideccional","status":"publish","type":"product","link":"https:\/\/compuviper.mx\/tienda\/producto\/tp-link-tapo-c110-camara-ip-tp-link-wifi-3mp-microsd-256gb-vision-nocturna-audio-birideccional\/","title":{"rendered":"Tp Link Tapo C110 Camara Ip Tp-link  Wifi 3mp Microsd 256gb Vision Nocturna Audio Birideccional"},"content":{"rendered":"<table class=\"descripcion\">\n<tr>\n<td>Red<\/td>\n<\/tr>\n<tr>\n<td>Seguridadcifrado aes de 128 bits con ssl\/tls<\/td>\n<\/tr>\n<tr>\n<td>Wireless rate11 mbps 802.11 b<\/td>\n<\/tr>\n<tr>\n<td>54 mbps 802.11 g<\/td>\n<\/tr>\n<tr>\n<td>72.2mbps 802.11n<\/td>\n<\/tr>\n<tr>\n<td>Frequency2.4 ghz<\/td>\n<\/tr>\n<tr>\n<td>Wireless securitywpa, wpa2-psk<\/td>\n<\/tr>\n<tr>\n<td>Activity notifications<\/td>\n<\/tr>\n<tr>\n<td>Input triggerdeteccin de movimiento<\/td>\n<\/tr>\n<tr>\n<td>Output notificationenvo de notificacin<\/td>\n<\/tr>\n<tr>\n<td>Video<\/td>\n<\/tr>\n<tr>\n<td>Video compressionh.264<\/td>\n<\/tr>\n<tr>\n<td>Video streaming3mp<\/td>\n<\/tr>\n<tr>\n<td>System<\/td>\n<\/tr>\n<tr>\n<td>Regulatory certificationce, ncc<\/td>\n<\/tr>\n<tr>\n<td>System requirementsios 9, android 4.4<\/td>\n<\/tr>\n<tr>\n<td>Environment<\/td>\n<\/tr>\n<tr>\n<td>Operating temperature0-40 \u00b0c 32-104 \u00b0f<\/td>\n<\/tr>\n<tr>\n<td>Storage temperature-40-70 \u00b0c -40-158 \u00b0f<\/td>\n<\/tr>\n<tr>\n<td>Operating humidity10-90 rh sin condensacin<\/td>\n<\/tr>\n<tr>\n<td>Storage humidity5-90 rh sin condensacin<\/td>\n<\/tr>\n<tr>\n<td>Package contents<\/td>\n<\/tr>\n<tr>\n<td>Package contentstapo c110<\/td>\n<\/tr>\n<tr>\n<td>Adaptador de corriente cc<\/td>\n<\/tr>\n<tr>\n<td>Gua de inicio r\u00e1pido<\/td>\n<\/tr>\n<tr>\n<td>Tornillos de montaje<\/td>\n<\/tr>\n<tr>\n<td>Plantilla de montaje<\/td>\n<\/tr>\n<tr>\n<td>Hardware<\/td>\n<\/tr>\n<tr>\n<td>Buttonbotn a valores de f\u00e1brica<\/td>\n<\/tr>\n<tr>\n<td>Indicator ledled del sistema<\/td>\n<\/tr>\n<tr>\n<td>Adapter input100-240v, ac, 50\/60 hz, 0.3 a<\/td>\n<\/tr>\n<tr>\n<td>Adapter output9.0 v \/ 0.6 a<\/td>\n<\/tr>\n<tr>\n<td>Dimensions w x d x h2.7 x 2.1 x 3.9 in 67.6 x 54.8 x 98.9 mm<\/td>\n<\/tr>\n<tr>\n<td>C\u00e1mara<\/td>\n<\/tr>\n<tr>\n<td>Sensor de imagen1\/2.8\u0092\u0092<\/td>\n<\/tr>\n<tr>\n<td>Resolucin3mp and 65288;2304 x 1296 and 65289;<\/td>\n<\/tr>\n<tr>\n<td>Lentesf\/no: 2,0, longitud focal: 3,3 mm<\/td>\n<\/tr>\n<tr>\n<td>Night visionled ir de 850 nm hasta 30 pies<\/td>\n<\/tr>\n<tr>\n<td>Audio<\/td>\n<\/tr>\n<tr>\n<td>Comunicacin de audioaudio bidireccional<\/td>\n<\/tr>\n<tr>\n<td>Audio input  and  output:micrfono y altavoz<\/td>\n<\/tr>\n<\/table>\n","protected":false},"excerpt":{"rendered":"<p>C\u00e1mara tapo c110 wi-fi de seguridad para el hogar. \u0095video de ultra alta definicin: graba cada imagen en una definicin ultra alta de 3mp. \u0095visin nocturna avanzada: proporciona una distancia visual de hasta 30 pies. \u0095deteccin de movimiento y notificaciones: le notifica cuando la c\u00e1mara detecta movimiento. \u0095alarma de luz y sonido: active los efectos de luz y sonido para ahuyentar a los visitantes no deseados. \u0095audio bidireccional: permite la comunicacin a travs de un micrfono y un altavoz integrados. \u0095almacenamiento seguro: almacena localmente hasta 256 gb en una tarjeta microsd, lo que equivale a 512 horas 21 das de metraje segn las condiciones del laboratorio. \u0095f\u00e1cil configuracin y administracin: administre todo con la aplicacin tapo<\/p>\n","protected":false},"featured_media":216662,"comment_status":"open","ping_status":"open","template":"","meta":[],"product_cat":[2318,1811],"product_tag":[1562],"acf":[],"yoast_head":"<!-- This site is optimized with the Yoast SEO plugin v21.7 - https:\/\/yoast.com\/wordpress\/plugins\/seo\/ -->\n<title>[ Tp Link ] &#129351; Tapo C110 Camara Ip Tp-link Wifi 3mp Microsd 256gb Vision Nocturna Audio Birideccional<\/title>\n<meta name=\"description\" content=\"Compra Tapo C110 Camara Ip Tp-link Wifi 3mp Microsd 256gb Vision Nocturna Audio Birideccional + Env\u00edo a domicilio + Pago seguro + Garant\u00eda\" \/>\n<meta name=\"robots\" content=\"index, follow, max-snippet:-1, max-image-preview:large, max-video-preview:-1\" \/>\n<link rel=\"canonical\" href=\"https:\/\/compuviper.mx\/tienda\/producto\/tp-link-tapo-c110-camara-ip-tp-link-wifi-3mp-microsd-256gb-vision-nocturna-audio-birideccional\/\" \/>\n<meta property=\"og:locale\" content=\"es_MX\" \/>\n<meta property=\"og:type\" content=\"article\" \/>\n<meta property=\"og:title\" content=\"[ Tp Link ] &#129351; Tapo C110 Camara Ip Tp-link Wifi 3mp Microsd 256gb Vision Nocturna Audio Birideccional\" \/>\n<meta property=\"og:description\" content=\"Compra Tapo C110 Camara Ip Tp-link Wifi 3mp Microsd 256gb Vision Nocturna Audio Birideccional + Env\u00edo a domicilio + Pago seguro + Garant\u00eda\" \/>\n<meta property=\"og:url\" content=\"https:\/\/compuviper.mx\/tienda\/producto\/tp-link-tapo-c110-camara-ip-tp-link-wifi-3mp-microsd-256gb-vision-nocturna-audio-birideccional\/\" \/>\n<meta property=\"og:site_name\" content=\"Compuviper\" \/>\n<meta property=\"article:publisher\" content=\"https:\/\/www.facebook.com\/compuviper\" \/>\n<meta property=\"og:image\" content=\"https:\/\/compuviper.mx\/tienda\/wp-content\/uploads\/2023\/12\/Camara-ip-tp-link-tapo-c110-wifi-3mp-microsd-256gb-vision-nocturna-audio-birideccional.jpg\" \/>\n\t<meta property=\"og:image:width\" content=\"200\" \/>\n\t<meta property=\"og:image:height\" content=\"200\" \/>\n\t<meta property=\"og:image:type\" content=\"image\/jpeg\" \/>\n<meta name=\"twitter:card\" content=\"summary_large_image\" \/>\n<meta name=\"twitter:label1\" content=\"Precio\" \/>\n\t<meta name=\"twitter:data1\" content=\"&#36;324 con IVA\" \/>\n\t<meta name=\"twitter:label2\" content=\"Availability\" \/>\n\t<meta name=\"twitter:data2\" content=\"Out of stock\" \/>\n<script type=\"application\/ld+json\" class=\"yoast-schema-graph\">{\"@context\":\"https:\/\/schema.org\",\"@graph\":[{\"@type\":\"WebPage\",\"@id\":\"https:\/\/compuviper.mx\/tienda\/producto\/tp-link-tapo-c110-camara-ip-tp-link-wifi-3mp-microsd-256gb-vision-nocturna-audio-birideccional\/\",\"url\":\"https:\/\/compuviper.mx\/tienda\/producto\/tp-link-tapo-c110-camara-ip-tp-link-wifi-3mp-microsd-256gb-vision-nocturna-audio-birideccional\/\",\"name\":\"[ Tp Link ] &#129351; Tapo C110 Camara Ip Tp-link Wifi 3mp Microsd 256gb Vision Nocturna Audio Birideccional\",\"isPartOf\":{\"@id\":\"https:\/\/compuviper.mx\/tienda\/#website\"},\"datePublished\":\"2026-04-15T06:15:07+00:00\",\"dateModified\":\"2026-04-15T06:15:07+00:00\",\"description\":\"Compra Tapo C110 Camara Ip Tp-link Wifi 3mp Microsd 256gb Vision Nocturna Audio Birideccional + Env\u00edo a domicilio + Pago seguro + Garant\u00eda\",\"breadcrumb\":{\"@id\":\"https:\/\/compuviper.mx\/tienda\/producto\/tp-link-tapo-c110-camara-ip-tp-link-wifi-3mp-microsd-256gb-vision-nocturna-audio-birideccional\/#breadcrumb\"},\"inLanguage\":\"es-MX\",\"potentialAction\":[{\"@type\":\"ReadAction\",\"target\":[\"https:\/\/compuviper.mx\/tienda\/producto\/tp-link-tapo-c110-camara-ip-tp-link-wifi-3mp-microsd-256gb-vision-nocturna-audio-birideccional\/\"]}]},{\"@type\":\"BreadcrumbList\",\"@id\":\"https:\/\/compuviper.mx\/tienda\/producto\/tp-link-tapo-c110-camara-ip-tp-link-wifi-3mp-microsd-256gb-vision-nocturna-audio-birideccional\/#breadcrumb\",\"itemListElement\":[{\"@type\":\"ListItem\",\"position\":1,\"name\":\"Inicio\",\"item\":\"https:\/\/compuviper.mx\/tienda\/\"},{\"@type\":\"ListItem\",\"position\":2,\"name\":\"Productos\",\"item\":\"https:\/\/compuviper.mx\/tienda\/productos\/\"},{\"@type\":\"ListItem\",\"position\":3,\"name\":\"Smart Home\",\"item\":\"https:\/\/compuviper.mx\/tienda\/categoria-producto\/smart-home\/\"},{\"@type\":\"ListItem\",\"position\":4,\"name\":\"Wired Camera\",\"item\":\"https:\/\/compuviper.mx\/tienda\/categoria-producto\/smart-home\/wired-camera\/\"},{\"@type\":\"ListItem\",\"position\":5,\"name\":\"Tp Link Tapo C110 Camara Ip Tp-link Wifi 3mp Microsd 256gb Vision Nocturna Audio Birideccional\"}]},{\"@type\":\"WebSite\",\"@id\":\"https:\/\/compuviper.mx\/tienda\/#website\",\"url\":\"https:\/\/compuviper.mx\/tienda\/\",\"name\":\"Compuviper\",\"description\":\"Proveedor de Computadoras, Laptops, Servidores, Monitores, Puntos de Venta, Teclados,   Impresoras, T\u00f3ner, C\u00e1maras de Seguridad y m\u00e1s en tu tienda en l\u00ednea\",\"publisher\":{\"@id\":\"https:\/\/compuviper.mx\/tienda\/#organization\"},\"potentialAction\":[{\"@type\":\"SearchAction\",\"target\":{\"@type\":\"EntryPoint\",\"urlTemplate\":\"https:\/\/compuviper.mx\/tienda\/?s={search_term_string}\"},\"query-input\":\"required name=search_term_string\"}],\"inLanguage\":\"es-MX\"},{\"@type\":\"Organization\",\"@id\":\"https:\/\/compuviper.mx\/tienda\/#organization\",\"name\":\"Compuviper\",\"url\":\"https:\/\/compuviper.mx\/tienda\/\",\"logo\":{\"@type\":\"ImageObject\",\"inLanguage\":\"es-MX\",\"@id\":\"https:\/\/compuviper.mx\/tienda\/#\/schema\/logo\/image\/\",\"url\":\"https:\/\/compuviper.mx\/tienda\/wp-content\/uploads\/2021\/08\/Logo-Compuviper-10.png\",\"contentUrl\":\"https:\/\/compuviper.mx\/tienda\/wp-content\/uploads\/2021\/08\/Logo-Compuviper-10.png\",\"width\":1000,\"height\":500,\"caption\":\"Compuviper\"},\"image\":{\"@id\":\"https:\/\/compuviper.mx\/tienda\/#\/schema\/logo\/image\/\"},\"sameAs\":[\"https:\/\/www.facebook.com\/compuviper\",\"https:\/\/www.youtube.com\/channel\/UCf73dERp9Y3cfOq7q8BhLjA?view_as=subscriber\"]}]}<\/script>\n<meta property=\"product:brand\" content=\"TP LINK\" \/>\n<meta property=\"product:price:amount\" content=\"324\" \/>\n<meta property=\"product:price:currency\" content=\"MXN\" \/>\n<meta property=\"og:availability\" content=\"out of stock\" \/>\n<meta property=\"product:availability\" content=\"out of stock\" \/>\n<meta property=\"product:retailer_item_id\" content=\"TAPO C110\" \/>\n<meta property=\"product:condition\" content=\"new\" \/>\n<!-- \/ Yoast SEO plugin. -->","yoast_head_json":{"title":"[ Tp Link ] &#129351; Tapo C110 Camara Ip Tp-link Wifi 3mp Microsd 256gb Vision Nocturna Audio Birideccional","description":"Compra Tapo C110 Camara Ip Tp-link Wifi 3mp Microsd 256gb Vision Nocturna Audio Birideccional + Env\u00edo a domicilio + Pago seguro + Garant\u00eda","robots":{"index":"index","follow":"follow","max-snippet":"max-snippet:-1","max-image-preview":"max-image-preview:large","max-video-preview":"max-video-preview:-1"},"canonical":"https:\/\/compuviper.mx\/tienda\/producto\/tp-link-tapo-c110-camara-ip-tp-link-wifi-3mp-microsd-256gb-vision-nocturna-audio-birideccional\/","og_locale":"es_MX","og_type":"article","og_title":"[ Tp Link ] &#129351; Tapo C110 Camara Ip Tp-link Wifi 3mp Microsd 256gb Vision Nocturna Audio Birideccional","og_description":"Compra Tapo C110 Camara Ip Tp-link Wifi 3mp Microsd 256gb Vision Nocturna Audio Birideccional + Env\u00edo a domicilio + Pago seguro + Garant\u00eda","og_url":"https:\/\/compuviper.mx\/tienda\/producto\/tp-link-tapo-c110-camara-ip-tp-link-wifi-3mp-microsd-256gb-vision-nocturna-audio-birideccional\/","og_site_name":"Compuviper","article_publisher":"https:\/\/www.facebook.com\/compuviper","og_image":[{"width":200,"height":200,"url":"https:\/\/compuviper.mx\/tienda\/wp-content\/uploads\/2023\/12\/Camara-ip-tp-link-tapo-c110-wifi-3mp-microsd-256gb-vision-nocturna-audio-birideccional.jpg","type":"image\/jpeg"}],"twitter_card":"summary_large_image","twitter_misc":{"Precio":"&#36;324 con IVA","Availability":"Out of stock"},"schema":{"@context":"https:\/\/schema.org","@graph":[{"@type":"WebPage","@id":"https:\/\/compuviper.mx\/tienda\/producto\/tp-link-tapo-c110-camara-ip-tp-link-wifi-3mp-microsd-256gb-vision-nocturna-audio-birideccional\/","url":"https:\/\/compuviper.mx\/tienda\/producto\/tp-link-tapo-c110-camara-ip-tp-link-wifi-3mp-microsd-256gb-vision-nocturna-audio-birideccional\/","name":"[ Tp Link ] &#129351; Tapo C110 Camara Ip Tp-link Wifi 3mp Microsd 256gb Vision Nocturna Audio Birideccional","isPartOf":{"@id":"https:\/\/compuviper.mx\/tienda\/#website"},"datePublished":"2026-04-15T06:15:07+00:00","dateModified":"2026-04-15T06:15:07+00:00","description":"Compra Tapo C110 Camara Ip Tp-link Wifi 3mp Microsd 256gb Vision Nocturna Audio Birideccional + Env\u00edo a domicilio + Pago seguro + Garant\u00eda","breadcrumb":{"@id":"https:\/\/compuviper.mx\/tienda\/producto\/tp-link-tapo-c110-camara-ip-tp-link-wifi-3mp-microsd-256gb-vision-nocturna-audio-birideccional\/#breadcrumb"},"inLanguage":"es-MX","potentialAction":[{"@type":"ReadAction","target":["https:\/\/compuviper.mx\/tienda\/producto\/tp-link-tapo-c110-camara-ip-tp-link-wifi-3mp-microsd-256gb-vision-nocturna-audio-birideccional\/"]}]},{"@type":"BreadcrumbList","@id":"https:\/\/compuviper.mx\/tienda\/producto\/tp-link-tapo-c110-camara-ip-tp-link-wifi-3mp-microsd-256gb-vision-nocturna-audio-birideccional\/#breadcrumb","itemListElement":[{"@type":"ListItem","position":1,"name":"Inicio","item":"https:\/\/compuviper.mx\/tienda\/"},{"@type":"ListItem","position":2,"name":"Productos","item":"https:\/\/compuviper.mx\/tienda\/productos\/"},{"@type":"ListItem","position":3,"name":"Smart Home","item":"https:\/\/compuviper.mx\/tienda\/categoria-producto\/smart-home\/"},{"@type":"ListItem","position":4,"name":"Wired Camera","item":"https:\/\/compuviper.mx\/tienda\/categoria-producto\/smart-home\/wired-camera\/"},{"@type":"ListItem","position":5,"name":"Tp Link Tapo C110 Camara Ip Tp-link Wifi 3mp Microsd 256gb Vision Nocturna Audio Birideccional"}]},{"@type":"WebSite","@id":"https:\/\/compuviper.mx\/tienda\/#website","url":"https:\/\/compuviper.mx\/tienda\/","name":"Compuviper","description":"Proveedor de Computadoras, Laptops, Servidores, Monitores, Puntos de Venta, Teclados,   Impresoras, T\u00f3ner, C\u00e1maras de Seguridad y m\u00e1s en tu tienda en l\u00ednea","publisher":{"@id":"https:\/\/compuviper.mx\/tienda\/#organization"},"potentialAction":[{"@type":"SearchAction","target":{"@type":"EntryPoint","urlTemplate":"https:\/\/compuviper.mx\/tienda\/?s={search_term_string}"},"query-input":"required name=search_term_string"}],"inLanguage":"es-MX"},{"@type":"Organization","@id":"https:\/\/compuviper.mx\/tienda\/#organization","name":"Compuviper","url":"https:\/\/compuviper.mx\/tienda\/","logo":{"@type":"ImageObject","inLanguage":"es-MX","@id":"https:\/\/compuviper.mx\/tienda\/#\/schema\/logo\/image\/","url":"https:\/\/compuviper.mx\/tienda\/wp-content\/uploads\/2021\/08\/Logo-Compuviper-10.png","contentUrl":"https:\/\/compuviper.mx\/tienda\/wp-content\/uploads\/2021\/08\/Logo-Compuviper-10.png","width":1000,"height":500,"caption":"Compuviper"},"image":{"@id":"https:\/\/compuviper.mx\/tienda\/#\/schema\/logo\/image\/"},"sameAs":["https:\/\/www.facebook.com\/compuviper","https:\/\/www.youtube.com\/channel\/UCf73dERp9Y3cfOq7q8BhLjA?view_as=subscriber"]}]},"product_brand":"TP LINK","product_price_amount":"324","product_price_currency":"MXN","og_availability":"out of stock","product_availability":"out of stock","product_retailer_item_id":"TAPO C110","product_condition":"new"},"_links":{"self":[{"href":"https:\/\/compuviper.mx\/tienda\/wp-json\/wp\/v2\/product\/216661"}],"collection":[{"href":"https:\/\/compuviper.mx\/tienda\/wp-json\/wp\/v2\/product"}],"about":[{"href":"https:\/\/compuviper.mx\/tienda\/wp-json\/wp\/v2\/types\/product"}],"replies":[{"embeddable":true,"href":"https:\/\/compuviper.mx\/tienda\/wp-json\/wp\/v2\/comments?post=216661"}],"wp:featuredmedia":[{"embeddable":true,"href":"https:\/\/compuviper.mx\/tienda\/wp-json\/wp\/v2\/media\/216662"}],"wp:attachment":[{"href":"https:\/\/compuviper.mx\/tienda\/wp-json\/wp\/v2\/media?parent=216661"}],"wp:term":[{"taxonomy":"product_cat","embeddable":true,"href":"https:\/\/compuviper.mx\/tienda\/wp-json\/wp\/v2\/product_cat?post=216661"},{"taxonomy":"product_tag","embeddable":true,"href":"https:\/\/compuviper.mx\/tienda\/wp-json\/wp\/v2\/product_tag?post=216661"}],"curies":[{"name":"wp","href":"https:\/\/api.w.org\/{rel}","templated":true}]}}