{"id":216659,"date":"2026-04-10T00:08:41","date_gmt":"2026-04-10T06:08:41","guid":{"rendered":"https:\/\/compuviper.mx\/tienda\/producto\/tp-link-tapo-c210-camara-ip-tp-link-wifi-3-mp-microsd-256gb-360-horizontal-114-vertical-deteccion-de-movimiento-vision-nocturna-audio-birideccional-microfono-y-altavoz\/"},"modified":"2026-04-10T00:08:42","modified_gmt":"2026-04-10T06:08:42","slug":"tp-link-tapo-c210-camara-ip-tp-link-wifi-3-mp-microsd-256gb-360-horizontal-114-vertical-deteccion-de-movimiento-vision-nocturna-audio-birideccional-microfono-y-altavoz-no-incluye-microsd","status":"publish","type":"product","link":"https:\/\/compuviper.mx\/tienda\/producto\/tp-link-tapo-c210-camara-ip-tp-link-wifi-3-mp-microsd-256gb-360-horizontal-114-vertical-deteccion-de-movimiento-vision-nocturna-audio-birideccional-microfono-y-altavoz-no-incluye-microsd\/","title":{"rendered":"Tp Link Tapo C210 Camara Ip Tp-link  Wifi 3 Mp Microsd 256gb 360 Horizontal 114 Vertical Deteccion De Movimiento Vision Nocturna Audio Birideccional Microfono Y Altavoz No Incluye Microsd"},"content":{"rendered":"<table class=\"descripcion\">\n<tr>\n<td>\u0095red<\/td>\n<\/tr>\n<tr>\n<td>Seguridadcifrado aes de 128 bits con ssl\/tls<\/td>\n<\/tr>\n<tr>\n<td>Wireless rate11mbps802.11b<\/td>\n<\/tr>\n<tr>\n<td>54mbps802.11g<\/td>\n<\/tr>\n<tr>\n<td>72.2mbps802.11n<\/td>\n<\/tr>\n<tr>\n<td>Frequency2.4 ghz<\/td>\n<\/tr>\n<tr>\n<td>Wireless securitywpa\/wpa2-psk<\/td>\n<\/tr>\n<tr>\n<td>Activity notifications<\/td>\n<\/tr>\n<tr>\n<td>Input triggerdeteccin de movimiento<\/td>\n<\/tr>\n<tr>\n<td>Output notificationenvo de notificacin<\/td>\n<\/tr>\n<tr>\n<td>Video<\/td>\n<\/tr>\n<tr>\n<td>Video compressionh.264<\/td>\n<\/tr>\n<tr>\n<td>Frame rate15fps<\/td>\n<\/tr>\n<tr>\n<td>Video streaming3mp<\/td>\n<\/tr>\n<tr>\n<td>System<\/td>\n<\/tr>\n<tr>\n<td>Regulatory certificationce, ncc<\/td>\n<\/tr>\n<tr>\n<td>System requirementsios 9, android 4.4<\/td>\n<\/tr>\n<tr>\n<td>Environment<\/td>\n<\/tr>\n<tr>\n<td>Operating temperature0\u00b0c~40\u00b0c 32\u00b0f~104\u00b0f<\/td>\n<\/tr>\n<tr>\n<td>Storage temperature-40\u00b0c~70\u00b0c -40\u00b0f~158\u00b0f<\/td>\n<\/tr>\n<tr>\n<td>Operating humidity10 ~ 90 rh sin condensacin<\/td>\n<\/tr>\n<tr>\n<td>Storage humidity5 ~ 90 rh sin condensacin<\/td>\n<\/tr>\n<tr>\n<td>Package contents<\/td>\n<\/tr>\n<tr>\n<td>Package contentsc\u00e1mara wi-fi de seguridad para el hogar tapo pan \/ tilt<\/td>\n<\/tr>\n<tr>\n<td>Adaptador de corriente<\/td>\n<\/tr>\n<tr>\n<td>Gua de inicio r\u00e1pido<\/td>\n<\/tr>\n<tr>\n<td>Tornillos de montaje<\/td>\n<\/tr>\n<tr>\n<td>Placa de montaje<\/td>\n<\/tr>\n<tr>\n<td>Base de la c\u00e1mara<\/td>\n<\/tr>\n<tr>\n<td>Hardware<\/td>\n<\/tr>\n<tr>\n<td>Buttonbotn a valores de f\u00e1brica<\/td>\n<\/tr>\n<tr>\n<td>Indicator ledled del sistema<\/td>\n<\/tr>\n<tr>\n<td>Adapter input100-240vac, 50\/60hz, 0.3a<\/td>\n<\/tr>\n<tr>\n<td>Adapter output9.0v\/0.6a<\/td>\n<\/tr>\n<tr>\n<td>Dimensions w x d x h3.4 x 3.3 x 4.6 in. 86.6 x 85 x 117.7 mm<\/td>\n<\/tr>\n<tr>\n<td>C\u00e1mara<\/td>\n<\/tr>\n<tr>\n<td>Sensor de imagen1\/2.8\u0093<\/td>\n<\/tr>\n<tr>\n<td>Resolucin3mp and 65288;2304 x 1296 and 65289;<\/td>\n<\/tr>\n<tr>\n<td>Lentesf\/no: 2,4; longitud focal: 3,83 mm<\/td>\n<\/tr>\n<tr>\n<td>Night vision850 nm ir led up to 30 ft<\/td>\n<\/tr>\n<tr>\n<td>View range360\u00b0 horizontal, 114\u00b0 vertical<\/td>\n<\/tr>\n<tr>\n<td>Audio<\/td>\n<\/tr>\n<tr>\n<td>Comunicacin de audioaudio bidireccional<\/td>\n<\/tr>\n<tr>\n<td>Audio input  and  output:micrfono y altavoz integrados<\/td>\n<\/tr>\n<\/table>\n","protected":false},"excerpt":{"rendered":"<p>C\u00e1mara tapo c210 wi-fi de seguridad para el hogar con mov horizontal\/vertical. \u0095vdeo de ultra alta definicin: graba todas las im\u00e1genes con una definicin ntida de 3 mp. \u0095panor\u00e1mica e inclinacin: rango horizontal de 360 ?. \u0095visin nocturna avanzada: proporciona una distancia visual de hasta 30 pies. \u0095deteccin de movimiento y notificaciones: le notifica cuando la c\u00e1mara detecta movimiento. \u0095alarma de luz y sonido: active los efectos de luz y sonido para ahuyentar a los visitantes no deseados. \u0095audio bidireccional: permite la comunicacin a travs de un micrfono y un altavoz integrados. \u0095almacenamiento seguro: almacena localmente hasta 256 gb en una tarjeta microsd, lo que equivale a 512 horas 21 das de metraje. Basado en condiciones de laboratorio. \u0095control por voz: libere sus manos con el control por voz: funciona con el asistente de google y amazon alexa. Google assistant y amazon alexa no est\u00e1n disponibles en todos los idiomas y pases<\/p>\n","protected":false},"featured_media":216660,"comment_status":"open","ping_status":"open","template":"","meta":[],"product_cat":[1811,2318],"product_tag":[1562],"acf":[],"yoast_head":"<!-- This site is optimized with the Yoast SEO plugin v21.7 - https:\/\/yoast.com\/wordpress\/plugins\/seo\/ -->\n<title>[ Tp Link ] &#129351; Tapo C210 Camara Ip Tp-link Wifi 3 Mp Microsd 256gb 360 Horizontal 114 Vertical Deteccion De Movimiento Vision Nocturna Audio Birideccional Microfono Y Altavoz No Incluye Microsd<\/title>\n<meta name=\"description\" content=\"Compra Tapo C210 Camara Ip Tp-link Wifi 3 Mp Microsd 256gb 360 Horizontal 114 Vertical Deteccion De Movimiento Vision Nocturna Audio Birideccional Microfono Y Altavoz No Incluye Microsd + Env\u00edo a domicilio + Pago seguro + Garant\u00eda\" \/>\n<meta name=\"robots\" content=\"index, follow, max-snippet:-1, max-image-preview:large, max-video-preview:-1\" \/>\n<link rel=\"canonical\" href=\"https:\/\/compuviper.mx\/tienda\/producto\/tp-link-tapo-c210-camara-ip-tp-link-wifi-3-mp-microsd-256gb-360-horizontal-114-vertical-deteccion-de-movimiento-vision-nocturna-audio-birideccional-microfono-y-altavoz-no-incluye-microsd\/\" \/>\n<meta property=\"og:locale\" content=\"es_MX\" \/>\n<meta property=\"og:type\" content=\"article\" \/>\n<meta property=\"og:title\" content=\"[ Tp Link ] &#129351; Tapo C210 Camara Ip Tp-link Wifi 3 Mp Microsd 256gb 360 Horizontal 114 Vertical Deteccion De Movimiento Vision Nocturna Audio Birideccional Microfono Y Altavoz No Incluye Microsd\" \/>\n<meta property=\"og:description\" content=\"Compra Tapo C210 Camara Ip Tp-link Wifi 3 Mp Microsd 256gb 360 Horizontal 114 Vertical Deteccion De Movimiento Vision Nocturna Audio Birideccional Microfono Y Altavoz No Incluye Microsd + Env\u00edo a domicilio + Pago seguro + Garant\u00eda\" \/>\n<meta property=\"og:url\" content=\"https:\/\/compuviper.mx\/tienda\/producto\/tp-link-tapo-c210-camara-ip-tp-link-wifi-3-mp-microsd-256gb-360-horizontal-114-vertical-deteccion-de-movimiento-vision-nocturna-audio-birideccional-microfono-y-altavoz-no-incluye-microsd\/\" \/>\n<meta property=\"og:site_name\" content=\"Compuviper\" \/>\n<meta property=\"article:publisher\" content=\"https:\/\/www.facebook.com\/compuviper\" \/>\n<meta property=\"article:modified_time\" content=\"2026-04-10T06:08:42+00:00\" \/>\n<meta property=\"og:image\" content=\"https:\/\/compuviper.mx\/tienda\/wp-content\/uploads\/2023\/12\/Camara-ip-tp-link-tapo-c210-wifi-3-mp-microsd-256gb-360-horizontal-114-vertical-deteccion-de-movimiento-vision-nocturna-audio-birideccional-microfono-y-altavoz.jpg\" \/>\n\t<meta property=\"og:image:width\" content=\"200\" \/>\n\t<meta property=\"og:image:height\" content=\"200\" \/>\n\t<meta property=\"og:image:type\" content=\"image\/jpeg\" \/>\n<meta name=\"twitter:card\" content=\"summary_large_image\" \/>\n<meta name=\"twitter:label1\" content=\"Precio\" \/>\n\t<meta name=\"twitter:data1\" content=\"&#36;462 con IVA\" \/>\n\t<meta name=\"twitter:label2\" content=\"Availability\" \/>\n\t<meta name=\"twitter:data2\" content=\"In stock\" \/>\n<script type=\"application\/ld+json\" class=\"yoast-schema-graph\">{\"@context\":\"https:\/\/schema.org\",\"@graph\":[{\"@type\":\"WebPage\",\"@id\":\"https:\/\/compuviper.mx\/tienda\/producto\/tp-link-tapo-c210-camara-ip-tp-link-wifi-3-mp-microsd-256gb-360-horizontal-114-vertical-deteccion-de-movimiento-vision-nocturna-audio-birideccional-microfono-y-altavoz-no-incluye-microsd\/\",\"url\":\"https:\/\/compuviper.mx\/tienda\/producto\/tp-link-tapo-c210-camara-ip-tp-link-wifi-3-mp-microsd-256gb-360-horizontal-114-vertical-deteccion-de-movimiento-vision-nocturna-audio-birideccional-microfono-y-altavoz-no-incluye-microsd\/\",\"name\":\"[ Tp Link ] &#129351; Tapo C210 Camara Ip Tp-link Wifi 3 Mp Microsd 256gb 360 Horizontal 114 Vertical Deteccion De Movimiento Vision Nocturna Audio Birideccional Microfono Y Altavoz No Incluye Microsd\",\"isPartOf\":{\"@id\":\"https:\/\/compuviper.mx\/tienda\/#website\"},\"datePublished\":\"2026-04-10T06:08:41+00:00\",\"dateModified\":\"2026-04-10T06:08:42+00:00\",\"description\":\"Compra Tapo C210 Camara Ip Tp-link Wifi 3 Mp Microsd 256gb 360 Horizontal 114 Vertical Deteccion De Movimiento Vision Nocturna Audio Birideccional Microfono Y Altavoz No Incluye Microsd + Env\u00edo a domicilio + Pago seguro + Garant\u00eda\",\"breadcrumb\":{\"@id\":\"https:\/\/compuviper.mx\/tienda\/producto\/tp-link-tapo-c210-camara-ip-tp-link-wifi-3-mp-microsd-256gb-360-horizontal-114-vertical-deteccion-de-movimiento-vision-nocturna-audio-birideccional-microfono-y-altavoz-no-incluye-microsd\/#breadcrumb\"},\"inLanguage\":\"es-MX\",\"potentialAction\":[{\"@type\":\"ReadAction\",\"target\":[\"https:\/\/compuviper.mx\/tienda\/producto\/tp-link-tapo-c210-camara-ip-tp-link-wifi-3-mp-microsd-256gb-360-horizontal-114-vertical-deteccion-de-movimiento-vision-nocturna-audio-birideccional-microfono-y-altavoz-no-incluye-microsd\/\"]}]},{\"@type\":\"BreadcrumbList\",\"@id\":\"https:\/\/compuviper.mx\/tienda\/producto\/tp-link-tapo-c210-camara-ip-tp-link-wifi-3-mp-microsd-256gb-360-horizontal-114-vertical-deteccion-de-movimiento-vision-nocturna-audio-birideccional-microfono-y-altavoz-no-incluye-microsd\/#breadcrumb\",\"itemListElement\":[{\"@type\":\"ListItem\",\"position\":1,\"name\":\"Inicio\",\"item\":\"https:\/\/compuviper.mx\/tienda\/\"},{\"@type\":\"ListItem\",\"position\":2,\"name\":\"Productos\",\"item\":\"https:\/\/compuviper.mx\/tienda\/productos\/\"},{\"@type\":\"ListItem\",\"position\":3,\"name\":\"Smart Home\",\"item\":\"https:\/\/compuviper.mx\/tienda\/categoria-producto\/smart-home\/\"},{\"@type\":\"ListItem\",\"position\":4,\"name\":\"Wired Camera\",\"item\":\"https:\/\/compuviper.mx\/tienda\/categoria-producto\/smart-home\/wired-camera\/\"},{\"@type\":\"ListItem\",\"position\":5,\"name\":\"Tp Link Tapo C210 Camara Ip Tp-link Wifi 3 Mp Microsd 256gb 360 Horizontal 114 Vertical Deteccion De Movimiento Vision Nocturna Audio Birideccional Microfono Y Altavoz No Incluye Microsd\"}]},{\"@type\":\"WebSite\",\"@id\":\"https:\/\/compuviper.mx\/tienda\/#website\",\"url\":\"https:\/\/compuviper.mx\/tienda\/\",\"name\":\"Compuviper\",\"description\":\"Proveedor de Computadoras, Laptops, Servidores, Monitores, Puntos de Venta, Teclados,   Impresoras, T\u00f3ner, C\u00e1maras de Seguridad y m\u00e1s en tu tienda en l\u00ednea\",\"publisher\":{\"@id\":\"https:\/\/compuviper.mx\/tienda\/#organization\"},\"potentialAction\":[{\"@type\":\"SearchAction\",\"target\":{\"@type\":\"EntryPoint\",\"urlTemplate\":\"https:\/\/compuviper.mx\/tienda\/?s={search_term_string}\"},\"query-input\":\"required name=search_term_string\"}],\"inLanguage\":\"es-MX\"},{\"@type\":\"Organization\",\"@id\":\"https:\/\/compuviper.mx\/tienda\/#organization\",\"name\":\"Compuviper\",\"url\":\"https:\/\/compuviper.mx\/tienda\/\",\"logo\":{\"@type\":\"ImageObject\",\"inLanguage\":\"es-MX\",\"@id\":\"https:\/\/compuviper.mx\/tienda\/#\/schema\/logo\/image\/\",\"url\":\"https:\/\/compuviper.mx\/tienda\/wp-content\/uploads\/2021\/08\/Logo-Compuviper-10.png\",\"contentUrl\":\"https:\/\/compuviper.mx\/tienda\/wp-content\/uploads\/2021\/08\/Logo-Compuviper-10.png\",\"width\":1000,\"height\":500,\"caption\":\"Compuviper\"},\"image\":{\"@id\":\"https:\/\/compuviper.mx\/tienda\/#\/schema\/logo\/image\/\"},\"sameAs\":[\"https:\/\/www.facebook.com\/compuviper\",\"https:\/\/www.youtube.com\/channel\/UCf73dERp9Y3cfOq7q8BhLjA?view_as=subscriber\"]}]}<\/script>\n<meta property=\"product:brand\" content=\"TP LINK\" \/>\n<meta property=\"product:price:amount\" content=\"462\" \/>\n<meta property=\"product:price:currency\" content=\"MXN\" \/>\n<meta property=\"og:availability\" content=\"instock\" \/>\n<meta property=\"product:availability\" content=\"instock\" \/>\n<meta property=\"product:retailer_item_id\" content=\"TAPO C210\" \/>\n<meta property=\"product:condition\" content=\"new\" \/>\n<!-- \/ Yoast SEO plugin. -->","yoast_head_json":{"title":"[ Tp Link ] &#129351; Tapo C210 Camara Ip Tp-link Wifi 3 Mp Microsd 256gb 360 Horizontal 114 Vertical Deteccion De Movimiento Vision Nocturna Audio Birideccional Microfono Y Altavoz No Incluye Microsd","description":"Compra Tapo C210 Camara Ip Tp-link Wifi 3 Mp Microsd 256gb 360 Horizontal 114 Vertical Deteccion De Movimiento Vision Nocturna Audio Birideccional Microfono Y Altavoz No Incluye Microsd + Env\u00edo a domicilio + Pago seguro + Garant\u00eda","robots":{"index":"index","follow":"follow","max-snippet":"max-snippet:-1","max-image-preview":"max-image-preview:large","max-video-preview":"max-video-preview:-1"},"canonical":"https:\/\/compuviper.mx\/tienda\/producto\/tp-link-tapo-c210-camara-ip-tp-link-wifi-3-mp-microsd-256gb-360-horizontal-114-vertical-deteccion-de-movimiento-vision-nocturna-audio-birideccional-microfono-y-altavoz-no-incluye-microsd\/","og_locale":"es_MX","og_type":"article","og_title":"[ Tp Link ] &#129351; Tapo C210 Camara Ip Tp-link Wifi 3 Mp Microsd 256gb 360 Horizontal 114 Vertical Deteccion De Movimiento Vision Nocturna Audio Birideccional Microfono Y Altavoz No Incluye Microsd","og_description":"Compra Tapo C210 Camara Ip Tp-link Wifi 3 Mp Microsd 256gb 360 Horizontal 114 Vertical Deteccion De Movimiento Vision Nocturna Audio Birideccional Microfono Y Altavoz No Incluye Microsd + Env\u00edo a domicilio + Pago seguro + Garant\u00eda","og_url":"https:\/\/compuviper.mx\/tienda\/producto\/tp-link-tapo-c210-camara-ip-tp-link-wifi-3-mp-microsd-256gb-360-horizontal-114-vertical-deteccion-de-movimiento-vision-nocturna-audio-birideccional-microfono-y-altavoz-no-incluye-microsd\/","og_site_name":"Compuviper","article_publisher":"https:\/\/www.facebook.com\/compuviper","article_modified_time":"2026-04-10T06:08:42+00:00","og_image":[{"width":200,"height":200,"url":"https:\/\/compuviper.mx\/tienda\/wp-content\/uploads\/2023\/12\/Camara-ip-tp-link-tapo-c210-wifi-3-mp-microsd-256gb-360-horizontal-114-vertical-deteccion-de-movimiento-vision-nocturna-audio-birideccional-microfono-y-altavoz.jpg","type":"image\/jpeg"}],"twitter_card":"summary_large_image","twitter_misc":{"Precio":"&#36;462 con IVA","Availability":"In stock"},"schema":{"@context":"https:\/\/schema.org","@graph":[{"@type":"WebPage","@id":"https:\/\/compuviper.mx\/tienda\/producto\/tp-link-tapo-c210-camara-ip-tp-link-wifi-3-mp-microsd-256gb-360-horizontal-114-vertical-deteccion-de-movimiento-vision-nocturna-audio-birideccional-microfono-y-altavoz-no-incluye-microsd\/","url":"https:\/\/compuviper.mx\/tienda\/producto\/tp-link-tapo-c210-camara-ip-tp-link-wifi-3-mp-microsd-256gb-360-horizontal-114-vertical-deteccion-de-movimiento-vision-nocturna-audio-birideccional-microfono-y-altavoz-no-incluye-microsd\/","name":"[ Tp Link ] &#129351; Tapo C210 Camara Ip Tp-link Wifi 3 Mp Microsd 256gb 360 Horizontal 114 Vertical Deteccion De Movimiento Vision Nocturna Audio Birideccional Microfono Y Altavoz No Incluye Microsd","isPartOf":{"@id":"https:\/\/compuviper.mx\/tienda\/#website"},"datePublished":"2026-04-10T06:08:41+00:00","dateModified":"2026-04-10T06:08:42+00:00","description":"Compra Tapo C210 Camara Ip Tp-link Wifi 3 Mp Microsd 256gb 360 Horizontal 114 Vertical Deteccion De Movimiento Vision Nocturna Audio Birideccional Microfono Y Altavoz No Incluye Microsd + Env\u00edo a domicilio + Pago seguro + Garant\u00eda","breadcrumb":{"@id":"https:\/\/compuviper.mx\/tienda\/producto\/tp-link-tapo-c210-camara-ip-tp-link-wifi-3-mp-microsd-256gb-360-horizontal-114-vertical-deteccion-de-movimiento-vision-nocturna-audio-birideccional-microfono-y-altavoz-no-incluye-microsd\/#breadcrumb"},"inLanguage":"es-MX","potentialAction":[{"@type":"ReadAction","target":["https:\/\/compuviper.mx\/tienda\/producto\/tp-link-tapo-c210-camara-ip-tp-link-wifi-3-mp-microsd-256gb-360-horizontal-114-vertical-deteccion-de-movimiento-vision-nocturna-audio-birideccional-microfono-y-altavoz-no-incluye-microsd\/"]}]},{"@type":"BreadcrumbList","@id":"https:\/\/compuviper.mx\/tienda\/producto\/tp-link-tapo-c210-camara-ip-tp-link-wifi-3-mp-microsd-256gb-360-horizontal-114-vertical-deteccion-de-movimiento-vision-nocturna-audio-birideccional-microfono-y-altavoz-no-incluye-microsd\/#breadcrumb","itemListElement":[{"@type":"ListItem","position":1,"name":"Inicio","item":"https:\/\/compuviper.mx\/tienda\/"},{"@type":"ListItem","position":2,"name":"Productos","item":"https:\/\/compuviper.mx\/tienda\/productos\/"},{"@type":"ListItem","position":3,"name":"Smart Home","item":"https:\/\/compuviper.mx\/tienda\/categoria-producto\/smart-home\/"},{"@type":"ListItem","position":4,"name":"Wired Camera","item":"https:\/\/compuviper.mx\/tienda\/categoria-producto\/smart-home\/wired-camera\/"},{"@type":"ListItem","position":5,"name":"Tp Link Tapo C210 Camara Ip Tp-link Wifi 3 Mp Microsd 256gb 360 Horizontal 114 Vertical Deteccion De Movimiento Vision Nocturna Audio Birideccional Microfono Y Altavoz No Incluye Microsd"}]},{"@type":"WebSite","@id":"https:\/\/compuviper.mx\/tienda\/#website","url":"https:\/\/compuviper.mx\/tienda\/","name":"Compuviper","description":"Proveedor de Computadoras, Laptops, Servidores, Monitores, Puntos de Venta, Teclados,   Impresoras, T\u00f3ner, C\u00e1maras de Seguridad y m\u00e1s en tu tienda en l\u00ednea","publisher":{"@id":"https:\/\/compuviper.mx\/tienda\/#organization"},"potentialAction":[{"@type":"SearchAction","target":{"@type":"EntryPoint","urlTemplate":"https:\/\/compuviper.mx\/tienda\/?s={search_term_string}"},"query-input":"required name=search_term_string"}],"inLanguage":"es-MX"},{"@type":"Organization","@id":"https:\/\/compuviper.mx\/tienda\/#organization","name":"Compuviper","url":"https:\/\/compuviper.mx\/tienda\/","logo":{"@type":"ImageObject","inLanguage":"es-MX","@id":"https:\/\/compuviper.mx\/tienda\/#\/schema\/logo\/image\/","url":"https:\/\/compuviper.mx\/tienda\/wp-content\/uploads\/2021\/08\/Logo-Compuviper-10.png","contentUrl":"https:\/\/compuviper.mx\/tienda\/wp-content\/uploads\/2021\/08\/Logo-Compuviper-10.png","width":1000,"height":500,"caption":"Compuviper"},"image":{"@id":"https:\/\/compuviper.mx\/tienda\/#\/schema\/logo\/image\/"},"sameAs":["https:\/\/www.facebook.com\/compuviper","https:\/\/www.youtube.com\/channel\/UCf73dERp9Y3cfOq7q8BhLjA?view_as=subscriber"]}]},"product_brand":"TP LINK","product_price_amount":"462","product_price_currency":"MXN","og_availability":"instock","product_availability":"instock","product_retailer_item_id":"TAPO C210","product_condition":"new"},"_links":{"self":[{"href":"https:\/\/compuviper.mx\/tienda\/wp-json\/wp\/v2\/product\/216659"}],"collection":[{"href":"https:\/\/compuviper.mx\/tienda\/wp-json\/wp\/v2\/product"}],"about":[{"href":"https:\/\/compuviper.mx\/tienda\/wp-json\/wp\/v2\/types\/product"}],"replies":[{"embeddable":true,"href":"https:\/\/compuviper.mx\/tienda\/wp-json\/wp\/v2\/comments?post=216659"}],"wp:featuredmedia":[{"embeddable":true,"href":"https:\/\/compuviper.mx\/tienda\/wp-json\/wp\/v2\/media\/216660"}],"wp:attachment":[{"href":"https:\/\/compuviper.mx\/tienda\/wp-json\/wp\/v2\/media?parent=216659"}],"wp:term":[{"taxonomy":"product_cat","embeddable":true,"href":"https:\/\/compuviper.mx\/tienda\/wp-json\/wp\/v2\/product_cat?post=216659"},{"taxonomy":"product_tag","embeddable":true,"href":"https:\/\/compuviper.mx\/tienda\/wp-json\/wp\/v2\/product_tag?post=216659"}],"curies":[{"name":"wp","href":"https:\/\/api.w.org\/{rel}","templated":true}]}}