{"id":216649,"date":"2026-04-11T00:13:00","date_gmt":"2026-04-11T06:13:00","guid":{"rendered":"https:\/\/compuviper.mx\/tienda\/producto\/motorola-security-mtabm042611-camara-analogica-motorola-bullet-metal-varifocal-2-mp-full-hd-de-1080p-icr-dia-noche-ip66-d-wdr-ahd-tvi-cvi-cvbs-osd-coc-digital-nr-ir-40m-c\/"},"modified":"2026-04-11T00:13:01","modified_gmt":"2026-04-11T06:13:01","slug":"motorola-security-mtabm042611-camara-analogica-motorola-bullet-metal-varifocal-2-mp-full-hd-de-1080p-icr-dia-noche-ip66-d-wdr-ahd-tvi-cvi-cvbs-osd-coc-digital-nr-ir-40m-c","status":"publish","type":"product","link":"https:\/\/compuviper.mx\/tienda\/producto\/motorola-security-mtabm042611-camara-analogica-motorola-bullet-metal-varifocal-2-mp-full-hd-de-1080p-icr-dia-noche-ip66-d-wdr-ahd-tvi-cvi-cvbs-osd-coc-digital-nr-ir-40m-c\/","title":{"rendered":"Motorola Security Mtabm042611 Camara Analogica Motorola  \/ Bullet Metal \/ Varifocal \/ 2 Mp Full Hd De 1080p \/ Icr, Dia-noche \/ Ip66 \/ D-wdr \/ Ahd \/ Tvi \/ Cvi \/ Cvbs \/ Osd-coc \/ Digital Nr \/ Ir 40m \/ Cyberseguridad Gdrp"},"content":{"rendered":"<table class=\"descripcion\">\n<tr>\n<td>Tipo<\/td>\n<\/tr>\n<tr>\n<td>Bala<\/td>\n<\/tr>\n<tr>\n<td>Material de la carcasa<\/td>\n<\/tr>\n<tr>\n<td>Metal<\/td>\n<\/tr>\n<tr>\n<td>Tecnologa<\/td>\n<\/tr>\n<tr>\n<td>Cosa anloga<\/td>\n<\/tr>\n<tr>\n<td>Resolucin<\/td>\n<\/tr>\n<tr>\n<td>2mp<\/td>\n<\/tr>\n<tr>\n<td>Tipo de lente<\/td>\n<\/tr>\n<tr>\n<td>Varifocal<\/td>\n<\/tr>\n<tr>\n<td>Tamao de la lente<\/td>\n<\/tr>\n<tr>\n<td>2.8 mm-12 mm<\/td>\n<\/tr>\n<tr>\n<td>Distancia ir<\/td>\n<\/tr>\n<tr>\n<td>40m<\/td>\n<\/tr>\n<tr>\n<td>Entrada de audio<\/td>\n<\/tr>\n<tr>\n<td>0<\/td>\n<\/tr>\n<tr>\n<td>Salida de audio<\/td>\n<\/tr>\n<tr>\n<td>0<\/td>\n<\/tr>\n<tr>\n<td>Micrfono incorporado<\/td>\n<\/tr>\n<tr>\n<td>No<\/td>\n<\/tr>\n<tr>\n<td>Ranuras micro sd<\/td>\n<\/tr>\n<tr>\n<td>No<\/td>\n<\/tr>\n<tr>\n<td>Deteccin de rostro<\/td>\n<\/tr>\n<tr>\n<td>No<\/td>\n<\/tr>\n<tr>\n<td>Reconocimiento facial<\/td>\n<\/tr>\n<tr>\n<td>No<\/td>\n<\/tr>\n<tr>\n<td>Luz de las estrellas<\/td>\n<\/tr>\n<tr>\n<td>No<\/td>\n<\/tr>\n<tr>\n<td>Proteccin de ingreso<\/td>\n<\/tr>\n<tr>\n<td>Ip66<\/td>\n<\/tr>\n<\/table>\n","protected":false},"excerpt":{"rendered":"<p>Caractersticas generales:protocolo onvif. Sensor cmos de 1 \/ 2.9  and 8243;. Imagen en tiempo real de colores verdaderos de 1080p. Lente varifocal de 2,8 mm a 12 mm manual. Funciona con 4 formatos de video: ahd \/ tvi \/ cvi \/ cvbs. Escaneo progresivo cmos que captura objetos en movimiento. Soporta men osd. Cambio automatico de imagen en color a blanco \/ negro con poca iluminacion. Reduccion de ruido digital. Distancia de vision nocturna infrarroja de 40 metros. Proteccion de ingreso ip66. Apoya el control de coc. Amplio rango dinamico digital d-wdr. Compensacion de luz de fondo. Calidad motorola segurity<\/p>\n","protected":false},"featured_media":216650,"comment_status":"open","ping_status":"open","template":"","meta":[],"product_cat":[1681,1608],"product_tag":[2106],"acf":[],"yoast_head":"<!-- This site is optimized with the Yoast SEO plugin v21.7 - https:\/\/yoast.com\/wordpress\/plugins\/seo\/ -->\n<title>[ Motorola Security ] &#129351; Mtabm042611 Camara Analogica Motorola \/ Bullet Metal \/ Varifocal \/ 2 Mp Full Hd De 1080p \/ Icr, Dia-noche \/ Ip66 \/ D-wdr \/ Ahd \/ Tvi \/ Cvi \/ Cvbs \/ Osd-coc \/ Digital Nr \/ Ir 40m \/ Cyberseguridad Gdrp<\/title>\n<meta name=\"description\" content=\"Compra Mtabm042611 Camara Analogica Motorola \/ Bullet Metal \/ Varifocal \/ 2 Mp Full Hd De 1080p \/ Icr, Dia-noche \/ Ip66 \/ D-wdr \/ Ahd \/ Tvi \/ Cvi \/ Cvbs \/ Osd-coc \/ Digital Nr \/ Ir 40m \/ Cyberseguridad Gdrp + Env\u00edo a domicilio + Pago seguro + Garant\u00eda\" \/>\n<meta name=\"robots\" content=\"index, follow, max-snippet:-1, max-image-preview:large, max-video-preview:-1\" \/>\n<link rel=\"canonical\" href=\"https:\/\/compuviper.mx\/tienda\/producto\/motorola-security-mtabm042611-camara-analogica-motorola-bullet-metal-varifocal-2-mp-full-hd-de-1080p-icr-dia-noche-ip66-d-wdr-ahd-tvi-cvi-cvbs-osd-coc-digital-nr-ir-40m-c\/\" \/>\n<meta property=\"og:locale\" content=\"es_MX\" \/>\n<meta property=\"og:type\" content=\"article\" \/>\n<meta property=\"og:title\" content=\"[ Motorola Security ] &#129351; Mtabm042611 Camara Analogica Motorola \/ Bullet Metal \/ Varifocal \/ 2 Mp Full Hd De 1080p \/ Icr, Dia-noche \/ Ip66 \/ D-wdr \/ Ahd \/ Tvi \/ Cvi \/ Cvbs \/ Osd-coc \/ Digital Nr \/ Ir 40m \/ Cyberseguridad Gdrp\" \/>\n<meta property=\"og:description\" content=\"Compra Mtabm042611 Camara Analogica Motorola \/ Bullet Metal \/ Varifocal \/ 2 Mp Full Hd De 1080p \/ Icr, Dia-noche \/ Ip66 \/ D-wdr \/ Ahd \/ Tvi \/ Cvi \/ Cvbs \/ Osd-coc \/ Digital Nr \/ Ir 40m \/ Cyberseguridad Gdrp + Env\u00edo a domicilio + Pago seguro + Garant\u00eda\" \/>\n<meta property=\"og:url\" content=\"https:\/\/compuviper.mx\/tienda\/producto\/motorola-security-mtabm042611-camara-analogica-motorola-bullet-metal-varifocal-2-mp-full-hd-de-1080p-icr-dia-noche-ip66-d-wdr-ahd-tvi-cvi-cvbs-osd-coc-digital-nr-ir-40m-c\/\" \/>\n<meta property=\"og:site_name\" content=\"Compuviper\" \/>\n<meta property=\"article:publisher\" content=\"https:\/\/www.facebook.com\/compuviper\" \/>\n<meta property=\"article:modified_time\" content=\"2026-04-11T06:13:01+00:00\" \/>\n<meta property=\"og:image\" content=\"https:\/\/compuviper.mx\/tienda\/wp-content\/uploads\/2023\/12\/Camara-analogica-motorola-mtabm042611-bullet-metal-varifocal-2-mp-full-hd-de-1080p-icr-dia-noche-ip66-d-wdr-ahd-tvi-cvi-cvbs-osd-coc-digital-nr-ir-40m-cyberseguridad-gdrp.jpg\" \/>\n\t<meta property=\"og:image:width\" content=\"200\" \/>\n\t<meta property=\"og:image:height\" content=\"200\" \/>\n\t<meta property=\"og:image:type\" content=\"image\/jpeg\" \/>\n<meta name=\"twitter:card\" content=\"summary_large_image\" \/>\n<meta name=\"twitter:label1\" content=\"Precio\" \/>\n\t<meta name=\"twitter:data1\" content=\"&#36;953 &#36;857 con IVA\" \/>\n\t<meta name=\"twitter:label2\" content=\"Availability\" \/>\n\t<meta name=\"twitter:data2\" content=\"In stock\" \/>\n<script type=\"application\/ld+json\" class=\"yoast-schema-graph\">{\"@context\":\"https:\/\/schema.org\",\"@graph\":[{\"@type\":\"WebPage\",\"@id\":\"https:\/\/compuviper.mx\/tienda\/producto\/motorola-security-mtabm042611-camara-analogica-motorola-bullet-metal-varifocal-2-mp-full-hd-de-1080p-icr-dia-noche-ip66-d-wdr-ahd-tvi-cvi-cvbs-osd-coc-digital-nr-ir-40m-c\/\",\"url\":\"https:\/\/compuviper.mx\/tienda\/producto\/motorola-security-mtabm042611-camara-analogica-motorola-bullet-metal-varifocal-2-mp-full-hd-de-1080p-icr-dia-noche-ip66-d-wdr-ahd-tvi-cvi-cvbs-osd-coc-digital-nr-ir-40m-c\/\",\"name\":\"[ Motorola Security ] &#129351; Mtabm042611 Camara Analogica Motorola \/ Bullet Metal \/ Varifocal \/ 2 Mp Full Hd De 1080p \/ Icr, Dia-noche \/ Ip66 \/ D-wdr \/ Ahd \/ Tvi \/ Cvi \/ Cvbs \/ Osd-coc \/ Digital Nr \/ Ir 40m \/ Cyberseguridad Gdrp\",\"isPartOf\":{\"@id\":\"https:\/\/compuviper.mx\/tienda\/#website\"},\"datePublished\":\"2026-04-11T06:13:00+00:00\",\"dateModified\":\"2026-04-11T06:13:01+00:00\",\"description\":\"Compra Mtabm042611 Camara Analogica Motorola \/ Bullet Metal \/ Varifocal \/ 2 Mp Full Hd De 1080p \/ Icr, Dia-noche \/ Ip66 \/ D-wdr \/ Ahd \/ Tvi \/ Cvi \/ Cvbs \/ Osd-coc \/ Digital Nr \/ Ir 40m \/ Cyberseguridad Gdrp + Env\u00edo a domicilio + Pago seguro + Garant\u00eda\",\"breadcrumb\":{\"@id\":\"https:\/\/compuviper.mx\/tienda\/producto\/motorola-security-mtabm042611-camara-analogica-motorola-bullet-metal-varifocal-2-mp-full-hd-de-1080p-icr-dia-noche-ip66-d-wdr-ahd-tvi-cvi-cvbs-osd-coc-digital-nr-ir-40m-c\/#breadcrumb\"},\"inLanguage\":\"es-MX\",\"potentialAction\":[{\"@type\":\"ReadAction\",\"target\":[\"https:\/\/compuviper.mx\/tienda\/producto\/motorola-security-mtabm042611-camara-analogica-motorola-bullet-metal-varifocal-2-mp-full-hd-de-1080p-icr-dia-noche-ip66-d-wdr-ahd-tvi-cvi-cvbs-osd-coc-digital-nr-ir-40m-c\/\"]}]},{\"@type\":\"BreadcrumbList\",\"@id\":\"https:\/\/compuviper.mx\/tienda\/producto\/motorola-security-mtabm042611-camara-analogica-motorola-bullet-metal-varifocal-2-mp-full-hd-de-1080p-icr-dia-noche-ip66-d-wdr-ahd-tvi-cvi-cvbs-osd-coc-digital-nr-ir-40m-c\/#breadcrumb\",\"itemListElement\":[{\"@type\":\"ListItem\",\"position\":1,\"name\":\"Inicio\",\"item\":\"https:\/\/compuviper.mx\/tienda\/\"},{\"@type\":\"ListItem\",\"position\":2,\"name\":\"Productos\",\"item\":\"https:\/\/compuviper.mx\/tienda\/productos\/\"},{\"@type\":\"ListItem\",\"position\":3,\"name\":\"Camaras\",\"item\":\"https:\/\/compuviper.mx\/tienda\/categoria-producto\/camaras-2\/\"},{\"@type\":\"ListItem\",\"position\":4,\"name\":\"Camara De Videovigilancia\",\"item\":\"https:\/\/compuviper.mx\/tienda\/categoria-producto\/camaras-2\/camara-de-videovigilancia\/\"},{\"@type\":\"ListItem\",\"position\":5,\"name\":\"Motorola Security Mtabm042611 Camara Analogica Motorola \/ Bullet Metal \/ Varifocal \/ 2 Mp Full Hd De 1080p \/ Icr, Dia-noche \/ Ip66 \/ D-wdr \/ Ahd \/ Tvi \/ Cvi \/ Cvbs \/ Osd-coc \/ Digital Nr \/ Ir 40m \/ Cyberseguridad Gdrp\"}]},{\"@type\":\"WebSite\",\"@id\":\"https:\/\/compuviper.mx\/tienda\/#website\",\"url\":\"https:\/\/compuviper.mx\/tienda\/\",\"name\":\"Compuviper\",\"description\":\"Proveedor de Computadoras, Laptops, Servidores, Monitores, Puntos de Venta, Teclados,   Impresoras, T\u00f3ner, C\u00e1maras de Seguridad y m\u00e1s en tu tienda en l\u00ednea\",\"publisher\":{\"@id\":\"https:\/\/compuviper.mx\/tienda\/#organization\"},\"potentialAction\":[{\"@type\":\"SearchAction\",\"target\":{\"@type\":\"EntryPoint\",\"urlTemplate\":\"https:\/\/compuviper.mx\/tienda\/?s={search_term_string}\"},\"query-input\":\"required name=search_term_string\"}],\"inLanguage\":\"es-MX\"},{\"@type\":\"Organization\",\"@id\":\"https:\/\/compuviper.mx\/tienda\/#organization\",\"name\":\"Compuviper\",\"url\":\"https:\/\/compuviper.mx\/tienda\/\",\"logo\":{\"@type\":\"ImageObject\",\"inLanguage\":\"es-MX\",\"@id\":\"https:\/\/compuviper.mx\/tienda\/#\/schema\/logo\/image\/\",\"url\":\"https:\/\/compuviper.mx\/tienda\/wp-content\/uploads\/2021\/08\/Logo-Compuviper-10.png\",\"contentUrl\":\"https:\/\/compuviper.mx\/tienda\/wp-content\/uploads\/2021\/08\/Logo-Compuviper-10.png\",\"width\":1000,\"height\":500,\"caption\":\"Compuviper\"},\"image\":{\"@id\":\"https:\/\/compuviper.mx\/tienda\/#\/schema\/logo\/image\/\"},\"sameAs\":[\"https:\/\/www.facebook.com\/compuviper\",\"https:\/\/www.youtube.com\/channel\/UCf73dERp9Y3cfOq7q8BhLjA?view_as=subscriber\"]}]}<\/script>\n<meta property=\"product:brand\" content=\"Motorola Security\" \/>\n<meta property=\"product:price:amount\" content=\"857\" \/>\n<meta property=\"product:price:currency\" content=\"MXN\" \/>\n<meta property=\"og:availability\" content=\"instock\" \/>\n<meta property=\"product:availability\" content=\"instock\" \/>\n<meta property=\"product:retailer_item_id\" content=\"MTABM042611\" \/>\n<meta property=\"product:condition\" content=\"new\" \/>\n<!-- \/ Yoast SEO plugin. -->","yoast_head_json":{"title":"[ Motorola Security ] &#129351; Mtabm042611 Camara Analogica Motorola \/ Bullet Metal \/ Varifocal \/ 2 Mp Full Hd De 1080p \/ Icr, Dia-noche \/ Ip66 \/ D-wdr \/ Ahd \/ Tvi \/ Cvi \/ Cvbs \/ Osd-coc \/ Digital Nr \/ Ir 40m \/ Cyberseguridad Gdrp","description":"Compra Mtabm042611 Camara Analogica Motorola \/ Bullet Metal \/ Varifocal \/ 2 Mp Full Hd De 1080p \/ Icr, Dia-noche \/ Ip66 \/ D-wdr \/ Ahd \/ Tvi \/ Cvi \/ Cvbs \/ Osd-coc \/ Digital Nr \/ Ir 40m \/ Cyberseguridad Gdrp + Env\u00edo a domicilio + Pago seguro + Garant\u00eda","robots":{"index":"index","follow":"follow","max-snippet":"max-snippet:-1","max-image-preview":"max-image-preview:large","max-video-preview":"max-video-preview:-1"},"canonical":"https:\/\/compuviper.mx\/tienda\/producto\/motorola-security-mtabm042611-camara-analogica-motorola-bullet-metal-varifocal-2-mp-full-hd-de-1080p-icr-dia-noche-ip66-d-wdr-ahd-tvi-cvi-cvbs-osd-coc-digital-nr-ir-40m-c\/","og_locale":"es_MX","og_type":"article","og_title":"[ Motorola Security ] &#129351; Mtabm042611 Camara Analogica Motorola \/ Bullet Metal \/ Varifocal \/ 2 Mp Full Hd De 1080p \/ Icr, Dia-noche \/ Ip66 \/ D-wdr \/ Ahd \/ Tvi \/ Cvi \/ Cvbs \/ Osd-coc \/ Digital Nr \/ Ir 40m \/ Cyberseguridad Gdrp","og_description":"Compra Mtabm042611 Camara Analogica Motorola \/ Bullet Metal \/ Varifocal \/ 2 Mp Full Hd De 1080p \/ Icr, Dia-noche \/ Ip66 \/ D-wdr \/ Ahd \/ Tvi \/ Cvi \/ Cvbs \/ Osd-coc \/ Digital Nr \/ Ir 40m \/ Cyberseguridad Gdrp + Env\u00edo a domicilio + Pago seguro + Garant\u00eda","og_url":"https:\/\/compuviper.mx\/tienda\/producto\/motorola-security-mtabm042611-camara-analogica-motorola-bullet-metal-varifocal-2-mp-full-hd-de-1080p-icr-dia-noche-ip66-d-wdr-ahd-tvi-cvi-cvbs-osd-coc-digital-nr-ir-40m-c\/","og_site_name":"Compuviper","article_publisher":"https:\/\/www.facebook.com\/compuviper","article_modified_time":"2026-04-11T06:13:01+00:00","og_image":[{"width":200,"height":200,"url":"https:\/\/compuviper.mx\/tienda\/wp-content\/uploads\/2023\/12\/Camara-analogica-motorola-mtabm042611-bullet-metal-varifocal-2-mp-full-hd-de-1080p-icr-dia-noche-ip66-d-wdr-ahd-tvi-cvi-cvbs-osd-coc-digital-nr-ir-40m-cyberseguridad-gdrp.jpg","type":"image\/jpeg"}],"twitter_card":"summary_large_image","twitter_misc":{"Precio":"&#36;953 &#36;857 con IVA","Availability":"In stock"},"schema":{"@context":"https:\/\/schema.org","@graph":[{"@type":"WebPage","@id":"https:\/\/compuviper.mx\/tienda\/producto\/motorola-security-mtabm042611-camara-analogica-motorola-bullet-metal-varifocal-2-mp-full-hd-de-1080p-icr-dia-noche-ip66-d-wdr-ahd-tvi-cvi-cvbs-osd-coc-digital-nr-ir-40m-c\/","url":"https:\/\/compuviper.mx\/tienda\/producto\/motorola-security-mtabm042611-camara-analogica-motorola-bullet-metal-varifocal-2-mp-full-hd-de-1080p-icr-dia-noche-ip66-d-wdr-ahd-tvi-cvi-cvbs-osd-coc-digital-nr-ir-40m-c\/","name":"[ Motorola Security ] &#129351; Mtabm042611 Camara Analogica Motorola \/ Bullet Metal \/ Varifocal \/ 2 Mp Full Hd De 1080p \/ Icr, Dia-noche \/ Ip66 \/ D-wdr \/ Ahd \/ Tvi \/ Cvi \/ Cvbs \/ Osd-coc \/ Digital Nr \/ Ir 40m \/ Cyberseguridad Gdrp","isPartOf":{"@id":"https:\/\/compuviper.mx\/tienda\/#website"},"datePublished":"2026-04-11T06:13:00+00:00","dateModified":"2026-04-11T06:13:01+00:00","description":"Compra Mtabm042611 Camara Analogica Motorola \/ Bullet Metal \/ Varifocal \/ 2 Mp Full Hd De 1080p \/ Icr, Dia-noche \/ Ip66 \/ D-wdr \/ Ahd \/ Tvi \/ Cvi \/ Cvbs \/ Osd-coc \/ Digital Nr \/ Ir 40m \/ Cyberseguridad Gdrp + Env\u00edo a domicilio + Pago seguro + Garant\u00eda","breadcrumb":{"@id":"https:\/\/compuviper.mx\/tienda\/producto\/motorola-security-mtabm042611-camara-analogica-motorola-bullet-metal-varifocal-2-mp-full-hd-de-1080p-icr-dia-noche-ip66-d-wdr-ahd-tvi-cvi-cvbs-osd-coc-digital-nr-ir-40m-c\/#breadcrumb"},"inLanguage":"es-MX","potentialAction":[{"@type":"ReadAction","target":["https:\/\/compuviper.mx\/tienda\/producto\/motorola-security-mtabm042611-camara-analogica-motorola-bullet-metal-varifocal-2-mp-full-hd-de-1080p-icr-dia-noche-ip66-d-wdr-ahd-tvi-cvi-cvbs-osd-coc-digital-nr-ir-40m-c\/"]}]},{"@type":"BreadcrumbList","@id":"https:\/\/compuviper.mx\/tienda\/producto\/motorola-security-mtabm042611-camara-analogica-motorola-bullet-metal-varifocal-2-mp-full-hd-de-1080p-icr-dia-noche-ip66-d-wdr-ahd-tvi-cvi-cvbs-osd-coc-digital-nr-ir-40m-c\/#breadcrumb","itemListElement":[{"@type":"ListItem","position":1,"name":"Inicio","item":"https:\/\/compuviper.mx\/tienda\/"},{"@type":"ListItem","position":2,"name":"Productos","item":"https:\/\/compuviper.mx\/tienda\/productos\/"},{"@type":"ListItem","position":3,"name":"Camaras","item":"https:\/\/compuviper.mx\/tienda\/categoria-producto\/camaras-2\/"},{"@type":"ListItem","position":4,"name":"Camara De Videovigilancia","item":"https:\/\/compuviper.mx\/tienda\/categoria-producto\/camaras-2\/camara-de-videovigilancia\/"},{"@type":"ListItem","position":5,"name":"Motorola Security Mtabm042611 Camara Analogica Motorola \/ Bullet Metal \/ Varifocal \/ 2 Mp Full Hd De 1080p \/ Icr, Dia-noche \/ Ip66 \/ D-wdr \/ Ahd \/ Tvi \/ Cvi \/ Cvbs \/ Osd-coc \/ Digital Nr \/ Ir 40m \/ Cyberseguridad Gdrp"}]},{"@type":"WebSite","@id":"https:\/\/compuviper.mx\/tienda\/#website","url":"https:\/\/compuviper.mx\/tienda\/","name":"Compuviper","description":"Proveedor de Computadoras, Laptops, Servidores, Monitores, Puntos de Venta, Teclados,   Impresoras, T\u00f3ner, C\u00e1maras de Seguridad y m\u00e1s en tu tienda en l\u00ednea","publisher":{"@id":"https:\/\/compuviper.mx\/tienda\/#organization"},"potentialAction":[{"@type":"SearchAction","target":{"@type":"EntryPoint","urlTemplate":"https:\/\/compuviper.mx\/tienda\/?s={search_term_string}"},"query-input":"required name=search_term_string"}],"inLanguage":"es-MX"},{"@type":"Organization","@id":"https:\/\/compuviper.mx\/tienda\/#organization","name":"Compuviper","url":"https:\/\/compuviper.mx\/tienda\/","logo":{"@type":"ImageObject","inLanguage":"es-MX","@id":"https:\/\/compuviper.mx\/tienda\/#\/schema\/logo\/image\/","url":"https:\/\/compuviper.mx\/tienda\/wp-content\/uploads\/2021\/08\/Logo-Compuviper-10.png","contentUrl":"https:\/\/compuviper.mx\/tienda\/wp-content\/uploads\/2021\/08\/Logo-Compuviper-10.png","width":1000,"height":500,"caption":"Compuviper"},"image":{"@id":"https:\/\/compuviper.mx\/tienda\/#\/schema\/logo\/image\/"},"sameAs":["https:\/\/www.facebook.com\/compuviper","https:\/\/www.youtube.com\/channel\/UCf73dERp9Y3cfOq7q8BhLjA?view_as=subscriber"]}]},"product_brand":"Motorola Security","product_price_amount":"857","product_price_currency":"MXN","og_availability":"instock","product_availability":"instock","product_retailer_item_id":"MTABM042611","product_condition":"new"},"_links":{"self":[{"href":"https:\/\/compuviper.mx\/tienda\/wp-json\/wp\/v2\/product\/216649"}],"collection":[{"href":"https:\/\/compuviper.mx\/tienda\/wp-json\/wp\/v2\/product"}],"about":[{"href":"https:\/\/compuviper.mx\/tienda\/wp-json\/wp\/v2\/types\/product"}],"replies":[{"embeddable":true,"href":"https:\/\/compuviper.mx\/tienda\/wp-json\/wp\/v2\/comments?post=216649"}],"wp:featuredmedia":[{"embeddable":true,"href":"https:\/\/compuviper.mx\/tienda\/wp-json\/wp\/v2\/media\/216650"}],"wp:attachment":[{"href":"https:\/\/compuviper.mx\/tienda\/wp-json\/wp\/v2\/media?parent=216649"}],"wp:term":[{"taxonomy":"product_cat","embeddable":true,"href":"https:\/\/compuviper.mx\/tienda\/wp-json\/wp\/v2\/product_cat?post=216649"},{"taxonomy":"product_tag","embeddable":true,"href":"https:\/\/compuviper.mx\/tienda\/wp-json\/wp\/v2\/product_tag?post=216649"}],"curies":[{"name":"wp","href":"https:\/\/api.w.org\/{rel}","templated":true}]}}