{"id":216629,"date":"2026-04-21T00:14:29","date_gmt":"2026-04-21T06:14:29","guid":{"rendered":"https:\/\/compuviper.mx\/tienda\/producto\/motorola-security-mtibm045701-camara-ip-motorola-bullet-metal-lente-fijo-5mp-icr-dia-noche-ik10-ip67-onvif-poe-dnr-3d-wdr-digital-hlc-ble-desempaador-ir-40-m-cybersegu\/"},"modified":"2026-04-21T00:14:29","modified_gmt":"2026-04-21T06:14:29","slug":"motorola-security-mtibm045701-camara-ip-motorola-bullet-metal-lente-fijo-5mp-icr-dia-noche-ik10-ip67-onvif-poe-dnr-3d-wdr-digital-hlc-ble-desempaador-ir-40-m-cybersegu","status":"publish","type":"product","link":"https:\/\/compuviper.mx\/tienda\/producto\/motorola-security-mtibm045701-camara-ip-motorola-bullet-metal-lente-fijo-5mp-icr-dia-noche-ik10-ip67-onvif-poe-dnr-3d-wdr-digital-hlc-ble-desempaador-ir-40-m-cybersegu\/","title":{"rendered":"Motorola Security Mtibm045701 Camara Ip Motorola  \/ Bullet Metal \/ Lente Fijo \/ 5mp \/ Icr, Dia -noche \/ Ik10 \/ Ip67 \/onvif \/ Poe \/ Dnr 3d , Wdr Digital , Hlc , Ble , Desempa?ador \/ Ir 40 M \/ Cyberseguridad Gdrp"},"content":{"rendered":"<table class=\"descripcion\">\n<tr>\n<td>Tipo<\/td>\n<\/tr>\n<tr>\n<td>Bala<\/td>\n<\/tr>\n<tr>\n<td>Material de la carcasa<\/td>\n<\/tr>\n<tr>\n<td>Metal<\/td>\n<\/tr>\n<tr>\n<td>Tecnolog\u00eda<\/td>\n<\/tr>\n<tr>\n<td>Ip<\/td>\n<\/tr>\n<tr>\n<td>Resoluci\u00f3n<\/td>\n<\/tr>\n<tr>\n<td>5mp<\/td>\n<\/tr>\n<tr>\n<td>Tipo de lente<\/td>\n<\/tr>\n<tr>\n<td>Fijo<\/td>\n<\/tr>\n<tr>\n<td>Tama\u00f1o de la lente<\/td>\n<\/tr>\n<tr>\n<td>3,6 mm<\/td>\n<\/tr>\n<tr>\n<td>Distancia ir<\/td>\n<\/tr>\n<tr>\n<td>40m<\/td>\n<\/tr>\n<tr>\n<td>Formato de compresi\u00f3n<\/td>\n<\/tr>\n<tr>\n<td>H.265 \/ h.264 \/ mjpeg<\/td>\n<\/tr>\n<tr>\n<td>Entrada de audio<\/td>\n<\/tr>\n<tr>\n<td>0<\/td>\n<\/tr>\n<tr>\n<td>Salida de audio<\/td>\n<\/tr>\n<tr>\n<td>0<\/td>\n<\/tr>\n<tr>\n<td>Micr\u00f3fono incorporado<\/td>\n<\/tr>\n<tr>\n<td>No<\/td>\n<\/tr>\n<tr>\n<td>Ranuras micro sd<\/td>\n<\/tr>\n<tr>\n<td>No<\/td>\n<\/tr>\n<tr>\n<td>Detecci\u00f3n de rostro<\/td>\n<\/tr>\n<tr>\n<td>No<\/td>\n<\/tr>\n<tr>\n<td>Reconocimiento facial<\/td>\n<\/tr>\n<tr>\n<td>No<\/td>\n<\/tr>\n<tr>\n<td>Luz de las estrellas<\/td>\n<\/tr>\n<tr>\n<td>No<\/td>\n<\/tr>\n<tr>\n<td>Protecci\u00f3n de ingreso<\/td>\n<\/tr>\n<tr>\n<td>Ip67<\/td>\n<\/tr>\n<tr>\n<td>Protecci\u00f3n contra vandalismo<\/td>\n<\/tr>\n<tr>\n<td>Vivienda ik10<\/td>\n<\/tr>\n<\/table>\n","protected":false},"excerpt":{"rendered":"<p>Caracter\u00edsticas generales:sensor cmos de 1 \/ 2,7  and #8243;. Resoluci\u00f3n de 5mp (2592 \u00d7 1944). Codificaci\u00f3n h.265\/h.264\/mjpeg. Detector autom\u00e1tico icr, d\u00eda \/ noche verdadero. Protecci\u00f3n de la carcasa ik10. Codificaci\u00f3n de roi. Dnr 3d, wdr digital, hlc, blc, desempa\u00f1ado. Distancia de visi\u00f3n nocturna por infrarrojos de 40 m. Admite tel\u00e9fonos inteligentes, ipad, monitoreo remoto. Dc12v \/ poe alimentado. Protecci\u00f3n de ingreso ip67. Soporta tres corrientes. An\u00e1lisis inteligente: detecci\u00f3n de cruce de l\u00ednea, detecci\u00f3n de intrusi\u00f3n, detecci\u00f3n de objetos eliminados \/ abandonados, detecci\u00f3n de excepciones. Compatible con onvif profile s. Resolucion captura de video ntsc \/ pal  1080p ,protocolo tcp\/ip, udp ,dhcp, ntp, rtsp, pppoe, ddns, smtp ,ftp, https, snmp, 802.1x. Qos. Calidad motorola security<\/p>\n","protected":false},"featured_media":216630,"comment_status":"open","ping_status":"open","template":"","meta":[],"product_cat":[1608,1681],"product_tag":[2106],"acf":[],"yoast_head":"<!-- This site is optimized with the Yoast SEO plugin v21.7 - https:\/\/yoast.com\/wordpress\/plugins\/seo\/ -->\n<title>[ Motorola Security ] &#129351; Mtibm045701 Camara Ip Motorola \/ Bullet Metal \/ Lente Fijo \/ 5mp \/ Icr, Dia -noche \/ Ik10 \/ Ip67 \/onvif \/ Poe \/ Dnr 3d , Wdr Digital , Hlc , Ble , Desempa\u00f1ador \/ Ir 40 M \/ Cyberseguridad Gdrp<\/title>\n<meta name=\"description\" content=\"Compra Mtibm045701 Camara Ip Motorola \/ Bullet Metal \/ Lente Fijo \/ 5mp \/ Icr, Dia -noche \/ Ik10 \/ Ip67 \/onvif \/ Poe \/ Dnr 3d , Wdr Digital , Hlc , Ble , Desempa\u00f1ador \/ Ir 40 M \/ Cyberseguridad Gdrp + Env\u00edo a domicilio + Pago seguro + Garant\u00eda\" \/>\n<meta name=\"robots\" content=\"index, follow, max-snippet:-1, max-image-preview:large, max-video-preview:-1\" \/>\n<link rel=\"canonical\" href=\"https:\/\/compuviper.mx\/tienda\/producto\/motorola-security-mtibm045701-camara-ip-motorola-bullet-metal-lente-fijo-5mp-icr-dia-noche-ik10-ip67-onvif-poe-dnr-3d-wdr-digital-hlc-ble-desempaador-ir-40-m-cybersegu\/\" \/>\n<meta property=\"og:locale\" content=\"es_MX\" \/>\n<meta property=\"og:type\" content=\"article\" \/>\n<meta property=\"og:title\" content=\"[ Motorola Security ] &#129351; Mtibm045701 Camara Ip Motorola \/ Bullet Metal \/ Lente Fijo \/ 5mp \/ Icr, Dia -noche \/ Ik10 \/ Ip67 \/onvif \/ Poe \/ Dnr 3d , Wdr Digital , Hlc , Ble , Desempa\u00f1ador \/ Ir 40 M \/ Cyberseguridad Gdrp\" \/>\n<meta property=\"og:description\" content=\"Compra Mtibm045701 Camara Ip Motorola \/ Bullet Metal \/ Lente Fijo \/ 5mp \/ Icr, Dia -noche \/ Ik10 \/ Ip67 \/onvif \/ Poe \/ Dnr 3d , Wdr Digital , Hlc , Ble , Desempa\u00f1ador \/ Ir 40 M \/ Cyberseguridad Gdrp + Env\u00edo a domicilio + Pago seguro + Garant\u00eda\" \/>\n<meta property=\"og:url\" content=\"https:\/\/compuviper.mx\/tienda\/producto\/motorola-security-mtibm045701-camara-ip-motorola-bullet-metal-lente-fijo-5mp-icr-dia-noche-ik10-ip67-onvif-poe-dnr-3d-wdr-digital-hlc-ble-desempaador-ir-40-m-cybersegu\/\" \/>\n<meta property=\"og:site_name\" content=\"Compuviper\" \/>\n<meta property=\"article:publisher\" content=\"https:\/\/www.facebook.com\/compuviper\" \/>\n<meta property=\"og:image\" content=\"https:\/\/compuviper.mx\/tienda\/wp-content\/uploads\/2023\/12\/Camara-ip-motorola-mtibm045701-bullet-metal-lente-fijo-5mp-icr-dia-noche-ik10-ip67-onvif-poe-dnr-3d-wdr-digital-hlc-ble-desempanador-ir-40-m-cyberseguridad-gdrp.jpg\" \/>\n\t<meta property=\"og:image:width\" content=\"200\" \/>\n\t<meta property=\"og:image:height\" content=\"200\" \/>\n\t<meta property=\"og:image:type\" content=\"image\/jpeg\" \/>\n<meta name=\"twitter:card\" content=\"summary_large_image\" \/>\n<meta name=\"twitter:label1\" content=\"Precio\" \/>\n\t<meta name=\"twitter:data1\" content=\"&#36;1,631 &#36;1,468 con IVA\" \/>\n\t<meta name=\"twitter:label2\" content=\"Availability\" \/>\n\t<meta name=\"twitter:data2\" content=\"In stock\" \/>\n<script type=\"application\/ld+json\" class=\"yoast-schema-graph\">{\"@context\":\"https:\/\/schema.org\",\"@graph\":[{\"@type\":\"WebPage\",\"@id\":\"https:\/\/compuviper.mx\/tienda\/producto\/motorola-security-mtibm045701-camara-ip-motorola-bullet-metal-lente-fijo-5mp-icr-dia-noche-ik10-ip67-onvif-poe-dnr-3d-wdr-digital-hlc-ble-desempaador-ir-40-m-cybersegu\/\",\"url\":\"https:\/\/compuviper.mx\/tienda\/producto\/motorola-security-mtibm045701-camara-ip-motorola-bullet-metal-lente-fijo-5mp-icr-dia-noche-ik10-ip67-onvif-poe-dnr-3d-wdr-digital-hlc-ble-desempaador-ir-40-m-cybersegu\/\",\"name\":\"[ Motorola Security ] &#129351; Mtibm045701 Camara Ip Motorola \/ Bullet Metal \/ Lente Fijo \/ 5mp \/ Icr, Dia -noche \/ Ik10 \/ Ip67 \/onvif \/ Poe \/ Dnr 3d , Wdr Digital , Hlc , Ble , Desempa\u00f1ador \/ Ir 40 M \/ Cyberseguridad Gdrp\",\"isPartOf\":{\"@id\":\"https:\/\/compuviper.mx\/tienda\/#website\"},\"datePublished\":\"2026-04-21T06:14:29+00:00\",\"dateModified\":\"2026-04-21T06:14:29+00:00\",\"description\":\"Compra Mtibm045701 Camara Ip Motorola \/ Bullet Metal \/ Lente Fijo \/ 5mp \/ Icr, Dia -noche \/ Ik10 \/ Ip67 \/onvif \/ Poe \/ Dnr 3d , Wdr Digital , Hlc , Ble , Desempa\u00f1ador \/ Ir 40 M \/ Cyberseguridad Gdrp + Env\u00edo a domicilio + Pago seguro + Garant\u00eda\",\"breadcrumb\":{\"@id\":\"https:\/\/compuviper.mx\/tienda\/producto\/motorola-security-mtibm045701-camara-ip-motorola-bullet-metal-lente-fijo-5mp-icr-dia-noche-ik10-ip67-onvif-poe-dnr-3d-wdr-digital-hlc-ble-desempaador-ir-40-m-cybersegu\/#breadcrumb\"},\"inLanguage\":\"es-MX\",\"potentialAction\":[{\"@type\":\"ReadAction\",\"target\":[\"https:\/\/compuviper.mx\/tienda\/producto\/motorola-security-mtibm045701-camara-ip-motorola-bullet-metal-lente-fijo-5mp-icr-dia-noche-ik10-ip67-onvif-poe-dnr-3d-wdr-digital-hlc-ble-desempaador-ir-40-m-cybersegu\/\"]}]},{\"@type\":\"BreadcrumbList\",\"@id\":\"https:\/\/compuviper.mx\/tienda\/producto\/motorola-security-mtibm045701-camara-ip-motorola-bullet-metal-lente-fijo-5mp-icr-dia-noche-ik10-ip67-onvif-poe-dnr-3d-wdr-digital-hlc-ble-desempaador-ir-40-m-cybersegu\/#breadcrumb\",\"itemListElement\":[{\"@type\":\"ListItem\",\"position\":1,\"name\":\"Inicio\",\"item\":\"https:\/\/compuviper.mx\/tienda\/\"},{\"@type\":\"ListItem\",\"position\":2,\"name\":\"Productos\",\"item\":\"https:\/\/compuviper.mx\/tienda\/productos\/\"},{\"@type\":\"ListItem\",\"position\":3,\"name\":\"Camaras\",\"item\":\"https:\/\/compuviper.mx\/tienda\/categoria-producto\/camaras-2\/\"},{\"@type\":\"ListItem\",\"position\":4,\"name\":\"Camara De Videovigilancia\",\"item\":\"https:\/\/compuviper.mx\/tienda\/categoria-producto\/camaras-2\/camara-de-videovigilancia\/\"},{\"@type\":\"ListItem\",\"position\":5,\"name\":\"Motorola Security Mtibm045701 Camara Ip Motorola \/ Bullet Metal \/ Lente Fijo \/ 5mp \/ Icr, Dia -noche \/ Ik10 \/ Ip67 \/onvif \/ Poe \/ Dnr 3d , Wdr Digital , Hlc , Ble , Desempa?ador \/ Ir 40 M \/ Cyberseguridad Gdrp\"}]},{\"@type\":\"WebSite\",\"@id\":\"https:\/\/compuviper.mx\/tienda\/#website\",\"url\":\"https:\/\/compuviper.mx\/tienda\/\",\"name\":\"Compuviper\",\"description\":\"Proveedor de Computadoras, Laptops, Servidores, Monitores, Puntos de Venta, Teclados,   Impresoras, T\u00f3ner, C\u00e1maras de Seguridad y m\u00e1s en tu tienda en l\u00ednea\",\"publisher\":{\"@id\":\"https:\/\/compuviper.mx\/tienda\/#organization\"},\"potentialAction\":[{\"@type\":\"SearchAction\",\"target\":{\"@type\":\"EntryPoint\",\"urlTemplate\":\"https:\/\/compuviper.mx\/tienda\/?s={search_term_string}\"},\"query-input\":\"required name=search_term_string\"}],\"inLanguage\":\"es-MX\"},{\"@type\":\"Organization\",\"@id\":\"https:\/\/compuviper.mx\/tienda\/#organization\",\"name\":\"Compuviper\",\"url\":\"https:\/\/compuviper.mx\/tienda\/\",\"logo\":{\"@type\":\"ImageObject\",\"inLanguage\":\"es-MX\",\"@id\":\"https:\/\/compuviper.mx\/tienda\/#\/schema\/logo\/image\/\",\"url\":\"https:\/\/compuviper.mx\/tienda\/wp-content\/uploads\/2021\/08\/Logo-Compuviper-10.png\",\"contentUrl\":\"https:\/\/compuviper.mx\/tienda\/wp-content\/uploads\/2021\/08\/Logo-Compuviper-10.png\",\"width\":1000,\"height\":500,\"caption\":\"Compuviper\"},\"image\":{\"@id\":\"https:\/\/compuviper.mx\/tienda\/#\/schema\/logo\/image\/\"},\"sameAs\":[\"https:\/\/www.facebook.com\/compuviper\",\"https:\/\/www.youtube.com\/channel\/UCf73dERp9Y3cfOq7q8BhLjA?view_as=subscriber\"]}]}<\/script>\n<meta property=\"product:brand\" content=\"Motorola Security\" \/>\n<meta property=\"product:price:amount\" content=\"1468\" \/>\n<meta property=\"product:price:currency\" content=\"MXN\" \/>\n<meta property=\"og:availability\" content=\"instock\" \/>\n<meta property=\"product:availability\" content=\"instock\" \/>\n<meta property=\"product:retailer_item_id\" content=\"MTIBM045701\" \/>\n<meta property=\"product:condition\" content=\"new\" \/>\n<!-- \/ Yoast SEO plugin. -->","yoast_head_json":{"title":"[ Motorola Security ] &#129351; Mtibm045701 Camara Ip Motorola \/ Bullet Metal \/ Lente Fijo \/ 5mp \/ Icr, Dia -noche \/ Ik10 \/ Ip67 \/onvif \/ Poe \/ Dnr 3d , Wdr Digital , Hlc , Ble , Desempa\u00f1ador \/ Ir 40 M \/ Cyberseguridad Gdrp","description":"Compra Mtibm045701 Camara Ip Motorola \/ Bullet Metal \/ Lente Fijo \/ 5mp \/ Icr, Dia -noche \/ Ik10 \/ Ip67 \/onvif \/ Poe \/ Dnr 3d , Wdr Digital , Hlc , Ble , Desempa\u00f1ador \/ Ir 40 M \/ Cyberseguridad Gdrp + Env\u00edo a domicilio + Pago seguro + Garant\u00eda","robots":{"index":"index","follow":"follow","max-snippet":"max-snippet:-1","max-image-preview":"max-image-preview:large","max-video-preview":"max-video-preview:-1"},"canonical":"https:\/\/compuviper.mx\/tienda\/producto\/motorola-security-mtibm045701-camara-ip-motorola-bullet-metal-lente-fijo-5mp-icr-dia-noche-ik10-ip67-onvif-poe-dnr-3d-wdr-digital-hlc-ble-desempaador-ir-40-m-cybersegu\/","og_locale":"es_MX","og_type":"article","og_title":"[ Motorola Security ] &#129351; Mtibm045701 Camara Ip Motorola \/ Bullet Metal \/ Lente Fijo \/ 5mp \/ Icr, Dia -noche \/ Ik10 \/ Ip67 \/onvif \/ Poe \/ Dnr 3d , Wdr Digital , Hlc , Ble , Desempa\u00f1ador \/ Ir 40 M \/ Cyberseguridad Gdrp","og_description":"Compra Mtibm045701 Camara Ip Motorola \/ Bullet Metal \/ Lente Fijo \/ 5mp \/ Icr, Dia -noche \/ Ik10 \/ Ip67 \/onvif \/ Poe \/ Dnr 3d , Wdr Digital , Hlc , Ble , Desempa\u00f1ador \/ Ir 40 M \/ Cyberseguridad Gdrp + Env\u00edo a domicilio + Pago seguro + Garant\u00eda","og_url":"https:\/\/compuviper.mx\/tienda\/producto\/motorola-security-mtibm045701-camara-ip-motorola-bullet-metal-lente-fijo-5mp-icr-dia-noche-ik10-ip67-onvif-poe-dnr-3d-wdr-digital-hlc-ble-desempaador-ir-40-m-cybersegu\/","og_site_name":"Compuviper","article_publisher":"https:\/\/www.facebook.com\/compuviper","og_image":[{"width":200,"height":200,"url":"https:\/\/compuviper.mx\/tienda\/wp-content\/uploads\/2023\/12\/Camara-ip-motorola-mtibm045701-bullet-metal-lente-fijo-5mp-icr-dia-noche-ik10-ip67-onvif-poe-dnr-3d-wdr-digital-hlc-ble-desempanador-ir-40-m-cyberseguridad-gdrp.jpg","type":"image\/jpeg"}],"twitter_card":"summary_large_image","twitter_misc":{"Precio":"&#36;1,631 &#36;1,468 con IVA","Availability":"In stock"},"schema":{"@context":"https:\/\/schema.org","@graph":[{"@type":"WebPage","@id":"https:\/\/compuviper.mx\/tienda\/producto\/motorola-security-mtibm045701-camara-ip-motorola-bullet-metal-lente-fijo-5mp-icr-dia-noche-ik10-ip67-onvif-poe-dnr-3d-wdr-digital-hlc-ble-desempaador-ir-40-m-cybersegu\/","url":"https:\/\/compuviper.mx\/tienda\/producto\/motorola-security-mtibm045701-camara-ip-motorola-bullet-metal-lente-fijo-5mp-icr-dia-noche-ik10-ip67-onvif-poe-dnr-3d-wdr-digital-hlc-ble-desempaador-ir-40-m-cybersegu\/","name":"[ Motorola Security ] &#129351; Mtibm045701 Camara Ip Motorola \/ Bullet Metal \/ Lente Fijo \/ 5mp \/ Icr, Dia -noche \/ Ik10 \/ Ip67 \/onvif \/ Poe \/ Dnr 3d , Wdr Digital , Hlc , Ble , Desempa\u00f1ador \/ Ir 40 M \/ Cyberseguridad Gdrp","isPartOf":{"@id":"https:\/\/compuviper.mx\/tienda\/#website"},"datePublished":"2026-04-21T06:14:29+00:00","dateModified":"2026-04-21T06:14:29+00:00","description":"Compra Mtibm045701 Camara Ip Motorola \/ Bullet Metal \/ Lente Fijo \/ 5mp \/ Icr, Dia -noche \/ Ik10 \/ Ip67 \/onvif \/ Poe \/ Dnr 3d , Wdr Digital , Hlc , Ble , Desempa\u00f1ador \/ Ir 40 M \/ Cyberseguridad Gdrp + Env\u00edo a domicilio + Pago seguro + Garant\u00eda","breadcrumb":{"@id":"https:\/\/compuviper.mx\/tienda\/producto\/motorola-security-mtibm045701-camara-ip-motorola-bullet-metal-lente-fijo-5mp-icr-dia-noche-ik10-ip67-onvif-poe-dnr-3d-wdr-digital-hlc-ble-desempaador-ir-40-m-cybersegu\/#breadcrumb"},"inLanguage":"es-MX","potentialAction":[{"@type":"ReadAction","target":["https:\/\/compuviper.mx\/tienda\/producto\/motorola-security-mtibm045701-camara-ip-motorola-bullet-metal-lente-fijo-5mp-icr-dia-noche-ik10-ip67-onvif-poe-dnr-3d-wdr-digital-hlc-ble-desempaador-ir-40-m-cybersegu\/"]}]},{"@type":"BreadcrumbList","@id":"https:\/\/compuviper.mx\/tienda\/producto\/motorola-security-mtibm045701-camara-ip-motorola-bullet-metal-lente-fijo-5mp-icr-dia-noche-ik10-ip67-onvif-poe-dnr-3d-wdr-digital-hlc-ble-desempaador-ir-40-m-cybersegu\/#breadcrumb","itemListElement":[{"@type":"ListItem","position":1,"name":"Inicio","item":"https:\/\/compuviper.mx\/tienda\/"},{"@type":"ListItem","position":2,"name":"Productos","item":"https:\/\/compuviper.mx\/tienda\/productos\/"},{"@type":"ListItem","position":3,"name":"Camaras","item":"https:\/\/compuviper.mx\/tienda\/categoria-producto\/camaras-2\/"},{"@type":"ListItem","position":4,"name":"Camara De Videovigilancia","item":"https:\/\/compuviper.mx\/tienda\/categoria-producto\/camaras-2\/camara-de-videovigilancia\/"},{"@type":"ListItem","position":5,"name":"Motorola Security Mtibm045701 Camara Ip Motorola \/ Bullet Metal \/ Lente Fijo \/ 5mp \/ Icr, Dia -noche \/ Ik10 \/ Ip67 \/onvif \/ Poe \/ Dnr 3d , Wdr Digital , Hlc , Ble , Desempa?ador \/ Ir 40 M \/ Cyberseguridad Gdrp"}]},{"@type":"WebSite","@id":"https:\/\/compuviper.mx\/tienda\/#website","url":"https:\/\/compuviper.mx\/tienda\/","name":"Compuviper","description":"Proveedor de Computadoras, Laptops, Servidores, Monitores, Puntos de Venta, Teclados,   Impresoras, T\u00f3ner, C\u00e1maras de Seguridad y m\u00e1s en tu tienda en l\u00ednea","publisher":{"@id":"https:\/\/compuviper.mx\/tienda\/#organization"},"potentialAction":[{"@type":"SearchAction","target":{"@type":"EntryPoint","urlTemplate":"https:\/\/compuviper.mx\/tienda\/?s={search_term_string}"},"query-input":"required name=search_term_string"}],"inLanguage":"es-MX"},{"@type":"Organization","@id":"https:\/\/compuviper.mx\/tienda\/#organization","name":"Compuviper","url":"https:\/\/compuviper.mx\/tienda\/","logo":{"@type":"ImageObject","inLanguage":"es-MX","@id":"https:\/\/compuviper.mx\/tienda\/#\/schema\/logo\/image\/","url":"https:\/\/compuviper.mx\/tienda\/wp-content\/uploads\/2021\/08\/Logo-Compuviper-10.png","contentUrl":"https:\/\/compuviper.mx\/tienda\/wp-content\/uploads\/2021\/08\/Logo-Compuviper-10.png","width":1000,"height":500,"caption":"Compuviper"},"image":{"@id":"https:\/\/compuviper.mx\/tienda\/#\/schema\/logo\/image\/"},"sameAs":["https:\/\/www.facebook.com\/compuviper","https:\/\/www.youtube.com\/channel\/UCf73dERp9Y3cfOq7q8BhLjA?view_as=subscriber"]}]},"product_brand":"Motorola Security","product_price_amount":"1468","product_price_currency":"MXN","og_availability":"instock","product_availability":"instock","product_retailer_item_id":"MTIBM045701","product_condition":"new"},"_links":{"self":[{"href":"https:\/\/compuviper.mx\/tienda\/wp-json\/wp\/v2\/product\/216629"}],"collection":[{"href":"https:\/\/compuviper.mx\/tienda\/wp-json\/wp\/v2\/product"}],"about":[{"href":"https:\/\/compuviper.mx\/tienda\/wp-json\/wp\/v2\/types\/product"}],"replies":[{"embeddable":true,"href":"https:\/\/compuviper.mx\/tienda\/wp-json\/wp\/v2\/comments?post=216629"}],"wp:featuredmedia":[{"embeddable":true,"href":"https:\/\/compuviper.mx\/tienda\/wp-json\/wp\/v2\/media\/216630"}],"wp:attachment":[{"href":"https:\/\/compuviper.mx\/tienda\/wp-json\/wp\/v2\/media?parent=216629"}],"wp:term":[{"taxonomy":"product_cat","embeddable":true,"href":"https:\/\/compuviper.mx\/tienda\/wp-json\/wp\/v2\/product_cat?post=216629"},{"taxonomy":"product_tag","embeddable":true,"href":"https:\/\/compuviper.mx\/tienda\/wp-json\/wp\/v2\/product_tag?post=216629"}],"curies":[{"name":"wp","href":"https:\/\/api.w.org\/{rel}","templated":true}]}}