{"id":216581,"date":"2026-04-21T00:14:25","date_gmt":"2026-04-21T06:14:25","guid":{"rendered":"https:\/\/compuviper.mx\/tienda\/producto\/dahua-dh-hac-hfw1500tln-a-0280b-s2-camara-bullet-5-mp-microfono-integrado-lente-de-2-8mm-ir-de-80-mts-ip67-starlight-cvi-cvbs-ahd-tvi\/"},"modified":"2026-04-21T00:14:25","modified_gmt":"2026-04-21T06:14:25","slug":"dahua-dh-hac-hfw1500tln-a-0280b-s26939554983986-camara-bullet-5-mp-microfono-integrado-lente-de-2-8mm-ir-de-80-mts-ip67-starlight-cvi-cvbs-ahd-tvi","status":"publish","type":"product","link":"https:\/\/compuviper.mx\/tienda\/producto\/dahua-dh-hac-hfw1500tln-a-0280b-s26939554983986-camara-bullet-5-mp-microfono-integrado-lente-de-2-8mm-ir-de-80-mts-ip67-starlight-cvi-cvbs-ahd-tvi\/","title":{"rendered":"Dahua Dh-hac-hfw1500tln-a-0280b-s2,6939554983986 Camara  Bullet 5 Mp \/ Microfono Integrado \/ Lente De 2.8mm \/ Ir De 80 Mts \/ Ip67 \/ Starlight \/ Cvi \/ Cvbs \/ Ahd \/ Tvi"},"content":{"rendered":"<table class=\"descripcion\">\n<tr>\n<td>Sensor de imagen cmos de 1 \/ 2,7 pulgadas<\/td>\n<\/tr>\n<tr>\n<td>Max. resoluci\u00f3n 2880 (h) \u00d7 1620 (v)<\/td>\n<\/tr>\n<tr>\n<td>Resoluci\u00f3n 5 m (2880 \u00d7 1620); 4 m (2560 \u00d7 1440); 1080p (1920 \u00d7 1080); 960 h (960 \u00d7 576\/960 \u00d7 480)<\/td>\n<\/tr>\n<tr>\n<td>Sistema de escaneo progresivo<\/td>\n<\/tr>\n<tr>\n<td>Distancia ir 80m<\/td>\n<\/tr>\n<tr>\n<td>N\u00famero de ir 2<\/td>\n<\/tr>\n<tr>\n<td>Longitud focal 2.8mm<\/td>\n<\/tr>\n<tr>\n<td>Interfaz de audio micr\u00f3fono integrado de un canal<\/td>\n<\/tr>\n<tr>\n<td>Opciones de salida de video de cvi \/ tvi \/ ahd \/ cvbs por un puerto bnc<\/td>\n<\/tr>\n<tr>\n<td>Blc \/ hlc \/ dwdr<\/td>\n<\/tr>\n<tr>\n<td>Fuente de alimentaci\u00f3n el consumo de energ\u00eda 12v \u00b1 30%<\/td>\n<\/tr>\n<tr>\n<td>M\u00e1x.5,2 w (12 v dc, ir encendido)<\/td>\n<\/tr>\n<tr>\n<td>Grado de protecci\u00f3n ip67<\/td>\n<\/tr>\n<tr>\n<td>Caja cubierta frontal mental + cuerpo principal de pl\u00e1stico + soporte de pl\u00e1stico<\/td>\n<\/tr>\n<tr>\n<td>Dimensiones de la c\u00e1mara 198,9 mm \u00d7 80,2 mm \u00d7 76,2 mm<\/td>\n<\/tr>\n<tr>\n<td>Peso neto 0,27 kg<\/td>\n<\/tr>\n<tr>\n<td>Peso bruto 0,46 kg<\/td>\n<\/tr>\n<\/table>\n","protected":false},"excerpt":{"rendered":"<p>La c\u00e1mara hac-hfw1500tl-a-28 cuenta con una resoluci\u00f3n de video de 5mp full hd, adem\u00e1s cuenta con la simplicidad de usar la infraestructura de cableado existente con hdcvi. La c\u00e1mara hdcvi de 5 mp de la serie lite presenta un dise\u00f1o compacto y ofrece una imagen de alta calidad a un precio asequible. Ofrece varios modelos de lentes motorizados \/ fijos con osd en varios idiomas y salida conmutable hd \/ sd. Su flexibilidad estructural y su alto costo-rendimiento hacen que la c\u00e1mara sea una opci\u00f3n ideal para soluciones smb. Micr\u00f3fono incluido. Cuenta con un micr\u00f3fono integrado de esta manera se puede transmitir la se\u00f1al de v\u00eddeo y audio utilizando un solo cable (coaxial o utp) hacia un dvr hdcvi dahua. El audio de esta c\u00e1mara se puede escuchar desde la app m\u00f3vil (dmss). Smart ir. La c\u00e1mara est\u00e1 dise\u00f1ada con iluminaci\u00f3n led ir para un mejor rendimiento con poca luz. Smart ir es una tecnolog\u00eda que garantiza la uniformidad del brillo en im\u00e1genes en blanco y negro con poca iluminaci\u00f3n. El exclusivo smart ir de dahua se ajusta a la intensidad de los led infrarrojos de la c\u00e1mara para compensar la distancia de un objeto y evita que los led de infrarrojos sobreexpongan las im\u00e1genes a medida que el objeto se acerca a la c\u00e1mara.<\/p>\n","protected":false},"featured_media":216582,"comment_status":"open","ping_status":"open","template":"","meta":[],"product_cat":[1608,1681],"product_tag":[1555],"acf":[],"yoast_head":"<!-- This site is optimized with the Yoast SEO plugin v21.7 - https:\/\/yoast.com\/wordpress\/plugins\/seo\/ -->\n<title>[ Dahua ] &#129351; Dh-hac-hfw1500tln-a-0280b-s2,6939554983986 Camara Bullet 5 Mp \/ Microfono Integrado \/ Lente De 2.8mm \/ Ir De 80 Mts \/ Ip67 \/ Starlight \/ Cvi \/ Cvbs \/ Ahd \/ Tvi<\/title>\n<meta name=\"description\" content=\"Compra Dh-hac-hfw1500tln-a-0280b-s2,6939554983986 Camara Bullet 5 Mp \/ Microfono Integrado \/ Lente De 2.8mm \/ Ir De 80 Mts \/ Ip67 \/ Starlight \/ Cvi \/ Cvbs \/ Ahd \/ Tvi + Env\u00edo a domicilio + Pago seguro + Garant\u00eda\" \/>\n<meta name=\"robots\" content=\"index, follow, max-snippet:-1, max-image-preview:large, max-video-preview:-1\" \/>\n<link rel=\"canonical\" href=\"https:\/\/compuviper.mx\/tienda\/producto\/dahua-dh-hac-hfw1500tln-a-0280b-s26939554983986-camara-bullet-5-mp-microfono-integrado-lente-de-2-8mm-ir-de-80-mts-ip67-starlight-cvi-cvbs-ahd-tvi\/\" \/>\n<meta property=\"og:locale\" content=\"es_MX\" \/>\n<meta property=\"og:type\" content=\"article\" \/>\n<meta property=\"og:title\" content=\"[ Dahua ] &#129351; Dh-hac-hfw1500tln-a-0280b-s2,6939554983986 Camara Bullet 5 Mp \/ Microfono Integrado \/ Lente De 2.8mm \/ Ir De 80 Mts \/ Ip67 \/ Starlight \/ Cvi \/ Cvbs \/ Ahd \/ Tvi\" \/>\n<meta property=\"og:description\" content=\"Compra Dh-hac-hfw1500tln-a-0280b-s2,6939554983986 Camara Bullet 5 Mp \/ Microfono Integrado \/ Lente De 2.8mm \/ Ir De 80 Mts \/ Ip67 \/ Starlight \/ Cvi \/ Cvbs \/ Ahd \/ Tvi + Env\u00edo a domicilio + Pago seguro + Garant\u00eda\" \/>\n<meta property=\"og:url\" content=\"https:\/\/compuviper.mx\/tienda\/producto\/dahua-dh-hac-hfw1500tln-a-0280b-s26939554983986-camara-bullet-5-mp-microfono-integrado-lente-de-2-8mm-ir-de-80-mts-ip67-starlight-cvi-cvbs-ahd-tvi\/\" \/>\n<meta property=\"og:site_name\" content=\"Compuviper\" \/>\n<meta property=\"article:publisher\" content=\"https:\/\/www.facebook.com\/compuviper\" \/>\n<meta property=\"og:image\" content=\"https:\/\/compuviper.mx\/tienda\/wp-content\/uploads\/2023\/12\/Camara-dahua-bullet-5-mp-microfono-integrado-lente-de-2.8mm-ir-de-80-mts-ip67-starlight-cvi-cvbs-ahd-tvi.jpg\" \/>\n\t<meta property=\"og:image:width\" content=\"200\" \/>\n\t<meta property=\"og:image:height\" content=\"200\" \/>\n\t<meta property=\"og:image:type\" content=\"image\/jpeg\" \/>\n<meta name=\"twitter:card\" content=\"summary_large_image\" \/>\n<meta name=\"twitter:label1\" content=\"Precio\" \/>\n\t<meta name=\"twitter:data1\" content=\"&#36;677 &#36;634 con IVA\" \/>\n\t<meta name=\"twitter:label2\" content=\"Availability\" \/>\n\t<meta name=\"twitter:data2\" content=\"In stock\" \/>\n<script type=\"application\/ld+json\" class=\"yoast-schema-graph\">{\"@context\":\"https:\/\/schema.org\",\"@graph\":[{\"@type\":\"WebPage\",\"@id\":\"https:\/\/compuviper.mx\/tienda\/producto\/dahua-dh-hac-hfw1500tln-a-0280b-s26939554983986-camara-bullet-5-mp-microfono-integrado-lente-de-2-8mm-ir-de-80-mts-ip67-starlight-cvi-cvbs-ahd-tvi\/\",\"url\":\"https:\/\/compuviper.mx\/tienda\/producto\/dahua-dh-hac-hfw1500tln-a-0280b-s26939554983986-camara-bullet-5-mp-microfono-integrado-lente-de-2-8mm-ir-de-80-mts-ip67-starlight-cvi-cvbs-ahd-tvi\/\",\"name\":\"[ Dahua ] &#129351; Dh-hac-hfw1500tln-a-0280b-s2,6939554983986 Camara Bullet 5 Mp \/ Microfono Integrado \/ Lente De 2.8mm \/ Ir De 80 Mts \/ Ip67 \/ Starlight \/ Cvi \/ Cvbs \/ Ahd \/ Tvi\",\"isPartOf\":{\"@id\":\"https:\/\/compuviper.mx\/tienda\/#website\"},\"datePublished\":\"2026-04-21T06:14:25+00:00\",\"dateModified\":\"2026-04-21T06:14:25+00:00\",\"description\":\"Compra Dh-hac-hfw1500tln-a-0280b-s2,6939554983986 Camara Bullet 5 Mp \/ Microfono Integrado \/ Lente De 2.8mm \/ Ir De 80 Mts \/ Ip67 \/ Starlight \/ Cvi \/ Cvbs \/ Ahd \/ Tvi + Env\u00edo a domicilio + Pago seguro + Garant\u00eda\",\"breadcrumb\":{\"@id\":\"https:\/\/compuviper.mx\/tienda\/producto\/dahua-dh-hac-hfw1500tln-a-0280b-s26939554983986-camara-bullet-5-mp-microfono-integrado-lente-de-2-8mm-ir-de-80-mts-ip67-starlight-cvi-cvbs-ahd-tvi\/#breadcrumb\"},\"inLanguage\":\"es-MX\",\"potentialAction\":[{\"@type\":\"ReadAction\",\"target\":[\"https:\/\/compuviper.mx\/tienda\/producto\/dahua-dh-hac-hfw1500tln-a-0280b-s26939554983986-camara-bullet-5-mp-microfono-integrado-lente-de-2-8mm-ir-de-80-mts-ip67-starlight-cvi-cvbs-ahd-tvi\/\"]}]},{\"@type\":\"BreadcrumbList\",\"@id\":\"https:\/\/compuviper.mx\/tienda\/producto\/dahua-dh-hac-hfw1500tln-a-0280b-s26939554983986-camara-bullet-5-mp-microfono-integrado-lente-de-2-8mm-ir-de-80-mts-ip67-starlight-cvi-cvbs-ahd-tvi\/#breadcrumb\",\"itemListElement\":[{\"@type\":\"ListItem\",\"position\":1,\"name\":\"Inicio\",\"item\":\"https:\/\/compuviper.mx\/tienda\/\"},{\"@type\":\"ListItem\",\"position\":2,\"name\":\"Productos\",\"item\":\"https:\/\/compuviper.mx\/tienda\/productos\/\"},{\"@type\":\"ListItem\",\"position\":3,\"name\":\"Camaras\",\"item\":\"https:\/\/compuviper.mx\/tienda\/categoria-producto\/camaras-2\/\"},{\"@type\":\"ListItem\",\"position\":4,\"name\":\"Camara De Videovigilancia\",\"item\":\"https:\/\/compuviper.mx\/tienda\/categoria-producto\/camaras-2\/camara-de-videovigilancia\/\"},{\"@type\":\"ListItem\",\"position\":5,\"name\":\"Dahua Dh-hac-hfw1500tln-a-0280b-s2,6939554983986 Camara Bullet 5 Mp \/ Microfono Integrado \/ Lente De 2.8mm \/ Ir De 80 Mts \/ Ip67 \/ Starlight \/ Cvi \/ Cvbs \/ Ahd \/ Tvi\"}]},{\"@type\":\"WebSite\",\"@id\":\"https:\/\/compuviper.mx\/tienda\/#website\",\"url\":\"https:\/\/compuviper.mx\/tienda\/\",\"name\":\"Compuviper\",\"description\":\"Proveedor de Computadoras, Laptops, Servidores, Monitores, Puntos de Venta, Teclados,   Impresoras, T\u00f3ner, C\u00e1maras de Seguridad y m\u00e1s en tu tienda en l\u00ednea\",\"publisher\":{\"@id\":\"https:\/\/compuviper.mx\/tienda\/#organization\"},\"potentialAction\":[{\"@type\":\"SearchAction\",\"target\":{\"@type\":\"EntryPoint\",\"urlTemplate\":\"https:\/\/compuviper.mx\/tienda\/?s={search_term_string}\"},\"query-input\":\"required name=search_term_string\"}],\"inLanguage\":\"es-MX\"},{\"@type\":\"Organization\",\"@id\":\"https:\/\/compuviper.mx\/tienda\/#organization\",\"name\":\"Compuviper\",\"url\":\"https:\/\/compuviper.mx\/tienda\/\",\"logo\":{\"@type\":\"ImageObject\",\"inLanguage\":\"es-MX\",\"@id\":\"https:\/\/compuviper.mx\/tienda\/#\/schema\/logo\/image\/\",\"url\":\"https:\/\/compuviper.mx\/tienda\/wp-content\/uploads\/2021\/08\/Logo-Compuviper-10.png\",\"contentUrl\":\"https:\/\/compuviper.mx\/tienda\/wp-content\/uploads\/2021\/08\/Logo-Compuviper-10.png\",\"width\":1000,\"height\":500,\"caption\":\"Compuviper\"},\"image\":{\"@id\":\"https:\/\/compuviper.mx\/tienda\/#\/schema\/logo\/image\/\"},\"sameAs\":[\"https:\/\/www.facebook.com\/compuviper\",\"https:\/\/www.youtube.com\/channel\/UCf73dERp9Y3cfOq7q8BhLjA?view_as=subscriber\"]}]}<\/script>\n<meta property=\"product:brand\" content=\"DAHUA\" \/>\n<meta property=\"product:price:amount\" content=\"634\" \/>\n<meta property=\"product:price:currency\" content=\"MXN\" \/>\n<meta property=\"og:availability\" content=\"instock\" \/>\n<meta property=\"product:availability\" content=\"instock\" \/>\n<meta property=\"product:retailer_item_id\" content=\"DH-HAC-HFW1500TLN-A-0280B-S2,6939554983986\" \/>\n<meta property=\"product:condition\" content=\"new\" \/>\n<!-- \/ Yoast SEO plugin. -->","yoast_head_json":{"title":"[ Dahua ] &#129351; Dh-hac-hfw1500tln-a-0280b-s2,6939554983986 Camara Bullet 5 Mp \/ Microfono Integrado \/ Lente De 2.8mm \/ Ir De 80 Mts \/ Ip67 \/ Starlight \/ Cvi \/ Cvbs \/ Ahd \/ Tvi","description":"Compra Dh-hac-hfw1500tln-a-0280b-s2,6939554983986 Camara Bullet 5 Mp \/ Microfono Integrado \/ Lente De 2.8mm \/ Ir De 80 Mts \/ Ip67 \/ Starlight \/ Cvi \/ Cvbs \/ Ahd \/ Tvi + Env\u00edo a domicilio + Pago seguro + Garant\u00eda","robots":{"index":"index","follow":"follow","max-snippet":"max-snippet:-1","max-image-preview":"max-image-preview:large","max-video-preview":"max-video-preview:-1"},"canonical":"https:\/\/compuviper.mx\/tienda\/producto\/dahua-dh-hac-hfw1500tln-a-0280b-s26939554983986-camara-bullet-5-mp-microfono-integrado-lente-de-2-8mm-ir-de-80-mts-ip67-starlight-cvi-cvbs-ahd-tvi\/","og_locale":"es_MX","og_type":"article","og_title":"[ Dahua ] &#129351; Dh-hac-hfw1500tln-a-0280b-s2,6939554983986 Camara Bullet 5 Mp \/ Microfono Integrado \/ Lente De 2.8mm \/ Ir De 80 Mts \/ Ip67 \/ Starlight \/ Cvi \/ Cvbs \/ Ahd \/ Tvi","og_description":"Compra Dh-hac-hfw1500tln-a-0280b-s2,6939554983986 Camara Bullet 5 Mp \/ Microfono Integrado \/ Lente De 2.8mm \/ Ir De 80 Mts \/ Ip67 \/ Starlight \/ Cvi \/ Cvbs \/ Ahd \/ Tvi + Env\u00edo a domicilio + Pago seguro + Garant\u00eda","og_url":"https:\/\/compuviper.mx\/tienda\/producto\/dahua-dh-hac-hfw1500tln-a-0280b-s26939554983986-camara-bullet-5-mp-microfono-integrado-lente-de-2-8mm-ir-de-80-mts-ip67-starlight-cvi-cvbs-ahd-tvi\/","og_site_name":"Compuviper","article_publisher":"https:\/\/www.facebook.com\/compuviper","og_image":[{"width":200,"height":200,"url":"https:\/\/compuviper.mx\/tienda\/wp-content\/uploads\/2023\/12\/Camara-dahua-bullet-5-mp-microfono-integrado-lente-de-2.8mm-ir-de-80-mts-ip67-starlight-cvi-cvbs-ahd-tvi.jpg","type":"image\/jpeg"}],"twitter_card":"summary_large_image","twitter_misc":{"Precio":"&#36;677 &#36;634 con IVA","Availability":"In stock"},"schema":{"@context":"https:\/\/schema.org","@graph":[{"@type":"WebPage","@id":"https:\/\/compuviper.mx\/tienda\/producto\/dahua-dh-hac-hfw1500tln-a-0280b-s26939554983986-camara-bullet-5-mp-microfono-integrado-lente-de-2-8mm-ir-de-80-mts-ip67-starlight-cvi-cvbs-ahd-tvi\/","url":"https:\/\/compuviper.mx\/tienda\/producto\/dahua-dh-hac-hfw1500tln-a-0280b-s26939554983986-camara-bullet-5-mp-microfono-integrado-lente-de-2-8mm-ir-de-80-mts-ip67-starlight-cvi-cvbs-ahd-tvi\/","name":"[ Dahua ] &#129351; Dh-hac-hfw1500tln-a-0280b-s2,6939554983986 Camara Bullet 5 Mp \/ Microfono Integrado \/ Lente De 2.8mm \/ Ir De 80 Mts \/ Ip67 \/ Starlight \/ Cvi \/ Cvbs \/ Ahd \/ Tvi","isPartOf":{"@id":"https:\/\/compuviper.mx\/tienda\/#website"},"datePublished":"2026-04-21T06:14:25+00:00","dateModified":"2026-04-21T06:14:25+00:00","description":"Compra Dh-hac-hfw1500tln-a-0280b-s2,6939554983986 Camara Bullet 5 Mp \/ Microfono Integrado \/ Lente De 2.8mm \/ Ir De 80 Mts \/ Ip67 \/ Starlight \/ Cvi \/ Cvbs \/ Ahd \/ Tvi + Env\u00edo a domicilio + Pago seguro + Garant\u00eda","breadcrumb":{"@id":"https:\/\/compuviper.mx\/tienda\/producto\/dahua-dh-hac-hfw1500tln-a-0280b-s26939554983986-camara-bullet-5-mp-microfono-integrado-lente-de-2-8mm-ir-de-80-mts-ip67-starlight-cvi-cvbs-ahd-tvi\/#breadcrumb"},"inLanguage":"es-MX","potentialAction":[{"@type":"ReadAction","target":["https:\/\/compuviper.mx\/tienda\/producto\/dahua-dh-hac-hfw1500tln-a-0280b-s26939554983986-camara-bullet-5-mp-microfono-integrado-lente-de-2-8mm-ir-de-80-mts-ip67-starlight-cvi-cvbs-ahd-tvi\/"]}]},{"@type":"BreadcrumbList","@id":"https:\/\/compuviper.mx\/tienda\/producto\/dahua-dh-hac-hfw1500tln-a-0280b-s26939554983986-camara-bullet-5-mp-microfono-integrado-lente-de-2-8mm-ir-de-80-mts-ip67-starlight-cvi-cvbs-ahd-tvi\/#breadcrumb","itemListElement":[{"@type":"ListItem","position":1,"name":"Inicio","item":"https:\/\/compuviper.mx\/tienda\/"},{"@type":"ListItem","position":2,"name":"Productos","item":"https:\/\/compuviper.mx\/tienda\/productos\/"},{"@type":"ListItem","position":3,"name":"Camaras","item":"https:\/\/compuviper.mx\/tienda\/categoria-producto\/camaras-2\/"},{"@type":"ListItem","position":4,"name":"Camara De Videovigilancia","item":"https:\/\/compuviper.mx\/tienda\/categoria-producto\/camaras-2\/camara-de-videovigilancia\/"},{"@type":"ListItem","position":5,"name":"Dahua Dh-hac-hfw1500tln-a-0280b-s2,6939554983986 Camara Bullet 5 Mp \/ Microfono Integrado \/ Lente De 2.8mm \/ Ir De 80 Mts \/ Ip67 \/ Starlight \/ Cvi \/ Cvbs \/ Ahd \/ Tvi"}]},{"@type":"WebSite","@id":"https:\/\/compuviper.mx\/tienda\/#website","url":"https:\/\/compuviper.mx\/tienda\/","name":"Compuviper","description":"Proveedor de Computadoras, Laptops, Servidores, Monitores, Puntos de Venta, Teclados,   Impresoras, T\u00f3ner, C\u00e1maras de Seguridad y m\u00e1s en tu tienda en l\u00ednea","publisher":{"@id":"https:\/\/compuviper.mx\/tienda\/#organization"},"potentialAction":[{"@type":"SearchAction","target":{"@type":"EntryPoint","urlTemplate":"https:\/\/compuviper.mx\/tienda\/?s={search_term_string}"},"query-input":"required name=search_term_string"}],"inLanguage":"es-MX"},{"@type":"Organization","@id":"https:\/\/compuviper.mx\/tienda\/#organization","name":"Compuviper","url":"https:\/\/compuviper.mx\/tienda\/","logo":{"@type":"ImageObject","inLanguage":"es-MX","@id":"https:\/\/compuviper.mx\/tienda\/#\/schema\/logo\/image\/","url":"https:\/\/compuviper.mx\/tienda\/wp-content\/uploads\/2021\/08\/Logo-Compuviper-10.png","contentUrl":"https:\/\/compuviper.mx\/tienda\/wp-content\/uploads\/2021\/08\/Logo-Compuviper-10.png","width":1000,"height":500,"caption":"Compuviper"},"image":{"@id":"https:\/\/compuviper.mx\/tienda\/#\/schema\/logo\/image\/"},"sameAs":["https:\/\/www.facebook.com\/compuviper","https:\/\/www.youtube.com\/channel\/UCf73dERp9Y3cfOq7q8BhLjA?view_as=subscriber"]}]},"product_brand":"DAHUA","product_price_amount":"634","product_price_currency":"MXN","og_availability":"instock","product_availability":"instock","product_retailer_item_id":"DH-HAC-HFW1500TLN-A-0280B-S2,6939554983986","product_condition":"new"},"_links":{"self":[{"href":"https:\/\/compuviper.mx\/tienda\/wp-json\/wp\/v2\/product\/216581"}],"collection":[{"href":"https:\/\/compuviper.mx\/tienda\/wp-json\/wp\/v2\/product"}],"about":[{"href":"https:\/\/compuviper.mx\/tienda\/wp-json\/wp\/v2\/types\/product"}],"replies":[{"embeddable":true,"href":"https:\/\/compuviper.mx\/tienda\/wp-json\/wp\/v2\/comments?post=216581"}],"wp:featuredmedia":[{"embeddable":true,"href":"https:\/\/compuviper.mx\/tienda\/wp-json\/wp\/v2\/media\/216582"}],"wp:attachment":[{"href":"https:\/\/compuviper.mx\/tienda\/wp-json\/wp\/v2\/media?parent=216581"}],"wp:term":[{"taxonomy":"product_cat","embeddable":true,"href":"https:\/\/compuviper.mx\/tienda\/wp-json\/wp\/v2\/product_cat?post=216581"},{"taxonomy":"product_tag","embeddable":true,"href":"https:\/\/compuviper.mx\/tienda\/wp-json\/wp\/v2\/product_tag?post=216581"}],"curies":[{"name":"wp","href":"https:\/\/api.w.org\/{rel}","templated":true}]}}