{"id":216579,"date":"2026-04-07T00:11:57","date_gmt":"2026-04-07T06:11:57","guid":{"rendered":"https:\/\/compuviper.mx\/tienda\/producto\/dahua-dh-hac-hfw1200cn-a-0280b-s5-camara-bullet-2mp-microfono-integrado-lente-de-2-8mm-30-mts-de-ir-ip67-policarbonato-cvi-cvbs-ahd-tvi-blc-hlc-dwdr\/"},"modified":"2026-04-07T00:11:57","modified_gmt":"2026-04-07T06:11:57","slug":"dahua-dh-hac-hfw1200cn-a-0280b-s56923172592842-camara-bullet-2mp-microfono-integrado-lente-de-2-8mm-30-mts-de-ir-ip67-policarbonato-cvi-cvbs-ahd-tvi-blc-hlc-dwdr","status":"publish","type":"product","link":"https:\/\/compuviper.mx\/tienda\/producto\/dahua-dh-hac-hfw1200cn-a-0280b-s56923172592842-camara-bullet-2mp-microfono-integrado-lente-de-2-8mm-30-mts-de-ir-ip67-policarbonato-cvi-cvbs-ahd-tvi-blc-hlc-dwdr\/","title":{"rendered":"Dahua Dh-hac-hfw1200cn-a-0280b-s5,6923172592842 Camara  Bullet 2mp\/ Microfono Integrado\/ Lente De 2.8mm\/ 30 Mts De Ir\/ Ip67\/ Policarbonato\/ Cvi\/cvbs\/ahd\/tvi\/ Blc\/hlc\/dwdr\/"},"content":{"rendered":"<table class=\"descripcion\">\n<tr>\n<td>1 \/ 2.7  cmos.<\/td>\n<\/tr>\n<tr>\n<td>Lente 2.8mm.<\/td>\n<\/tr>\n<tr>\n<td>M\u00e1x distancia ir leds 30mts.<\/td>\n<\/tr>\n<tr>\n<td>Iluminaci\u00f3n m\u00ednima 0.02 lux.<\/td>\n<\/tr>\n<tr>\n<td>Dwdr \/ hlc \/ blc.<\/td>\n<\/tr>\n<tr>\n<td>\u00e1ngulo de visi\u00f3n 119\u00b0 x 101\u00b0 x 54\u00b0  (horizontal \u00d7 vertical \u00d7 diagonal)<\/td>\n<\/tr>\n<tr>\n<td>Micr\u00f3fono integrado.<\/td>\n<\/tr>\n<tr>\n<td>Fuente de alimentaci\u00f3n 12v dc.<\/td>\n<\/tr>\n<tr>\n<td>Consumo de energ\u00eda  2.7 w (ir encendido).<\/td>\n<\/tr>\n<tr>\n<td>Condiciones de trabajo -40\u00b0 c ~ +60\u00b0 c \/ menos de 95% rh<\/td>\n<\/tr>\n<tr>\n<td>\u00edndice de protecci\u00f3n ip67.<\/td>\n<\/tr>\n<tr>\n<td>Peso 0.19kg.<\/td>\n<\/tr>\n<tr>\n<td>Material policarbonato.<\/td>\n<\/tr>\n<tr>\n<td>Dimensiones 161.3mm\u00d769.7mm\u00d770.0mm.<\/td>\n<\/tr>\n<\/table>\n","protected":false},"excerpt":{"rendered":"<p>El modelo hfw1200cn-a es una c\u00e1mara bullet hdcvi de 1080p de resoluci\u00f3n, con la cual podemos apreciar una imagen con mayor nitidez, brillo y claridad. Este modelo incorpora un lente de 2.8 mm y micr\u00f3fono integrado.Otra caracter\u00edstica es a prueba de agua con \u00edndice de protecci\u00f3n ip67 lo que le permite ser utilizada para el exterior, ya que esta dise\u00f1ada para que no ingrese polvo y agua. La c\u00e1mara admite m\u00faltiples formatos de video, incluidos hdcvi, cvbs y otros dos formatos anal\u00f3gicos hd comunes en el mercado. Los cuatro formatos se pueden cambiar a trav\u00e9s del men\u00fa osd o mediante pfm820 (controlador utc). Esta caracter\u00edstica hace que la c\u00e1mara sea compatible con la mayor\u00eda de los dvr hd \/ sd existentes de los usuarios finales. La tecnolog\u00eda hdcvi garantiza la transmisi\u00f3n en tiempo real a larga distancia sin ninguna perdida. Admite transmisiones de hasta 800 m (1080p) \/ 1200 m (720p) a trav\u00e9s de un cable coaxial y hasta 300 m (1080p) \/ 450 m (720p) a trav\u00e9s de un cable utp. La excelente confiabilidad de la c\u00e1mara es insuperable debido a su dise\u00f1o resistente. La c\u00e1mara est\u00e1 protegida contra el agua y el polvo con clasificaci\u00f3n ip67, lo que la hace adecuada para entornos interiores o exteriores. Con un rango de temperatura de trabajo de -40 \u00b0 c a +60 \u00b0 c, la c\u00e1mara est\u00e1 dise\u00f1ada para entornos de temperaturas extremas.Con una tolerancia de voltaje de entrada de \u00b1 30%, esta c\u00e1mara se adapta incluso a condiciones de suministro de energ\u00eda m\u00e1s inestables. Su clasificaci\u00f3n de rayos 4kv brinda protecci\u00f3n contra la c\u00e1mara y su estructura contra los efectos de los rayos.<\/p>\n","protected":false},"featured_media":216580,"comment_status":"open","ping_status":"open","template":"","meta":[],"product_cat":[1608,1681],"product_tag":[1555],"acf":[],"yoast_head":"<!-- This site is optimized with the Yoast SEO plugin v21.7 - https:\/\/yoast.com\/wordpress\/plugins\/seo\/ -->\n<title>[ Dahua ] &#129351; Dh-hac-hfw1200cn-a-0280b-s5,6923172592842 Camara Bullet 2mp\/ Microfono Integrado\/ Lente De 2.8mm\/ 30 Mts De Ir\/ Ip67\/ Policarbonato\/ Cvi\/cvbs\/ahd\/tvi\/ Blc\/hlc\/dwdr\/<\/title>\n<meta name=\"description\" content=\"Compra Dh-hac-hfw1200cn-a-0280b-s5,6923172592842 Camara Bullet 2mp\/ Microfono Integrado\/ Lente De 2.8mm\/ 30 Mts De Ir\/ Ip67\/ Policarbonato\/ Cvi\/cvbs\/ahd\/tvi\/ Blc\/hlc\/dwdr\/ + Env\u00edo a domicilio + Pago seguro + Garant\u00eda\" \/>\n<meta name=\"robots\" content=\"index, follow, max-snippet:-1, max-image-preview:large, max-video-preview:-1\" \/>\n<link rel=\"canonical\" href=\"https:\/\/compuviper.mx\/tienda\/producto\/dahua-dh-hac-hfw1200cn-a-0280b-s56923172592842-camara-bullet-2mp-microfono-integrado-lente-de-2-8mm-30-mts-de-ir-ip67-policarbonato-cvi-cvbs-ahd-tvi-blc-hlc-dwdr\/\" \/>\n<meta property=\"og:locale\" content=\"es_MX\" \/>\n<meta property=\"og:type\" content=\"article\" \/>\n<meta property=\"og:title\" content=\"[ Dahua ] &#129351; Dh-hac-hfw1200cn-a-0280b-s5,6923172592842 Camara Bullet 2mp\/ Microfono Integrado\/ Lente De 2.8mm\/ 30 Mts De Ir\/ Ip67\/ Policarbonato\/ Cvi\/cvbs\/ahd\/tvi\/ Blc\/hlc\/dwdr\/\" \/>\n<meta property=\"og:description\" content=\"Compra Dh-hac-hfw1200cn-a-0280b-s5,6923172592842 Camara Bullet 2mp\/ Microfono Integrado\/ Lente De 2.8mm\/ 30 Mts De Ir\/ Ip67\/ Policarbonato\/ Cvi\/cvbs\/ahd\/tvi\/ Blc\/hlc\/dwdr\/ + Env\u00edo a domicilio + Pago seguro + Garant\u00eda\" \/>\n<meta property=\"og:url\" content=\"https:\/\/compuviper.mx\/tienda\/producto\/dahua-dh-hac-hfw1200cn-a-0280b-s56923172592842-camara-bullet-2mp-microfono-integrado-lente-de-2-8mm-30-mts-de-ir-ip67-policarbonato-cvi-cvbs-ahd-tvi-blc-hlc-dwdr\/\" \/>\n<meta property=\"og:site_name\" content=\"Compuviper\" \/>\n<meta property=\"article:publisher\" content=\"https:\/\/www.facebook.com\/compuviper\" \/>\n<meta property=\"og:image\" content=\"https:\/\/compuviper.mx\/tienda\/wp-content\/uploads\/2023\/12\/Camara-dahua-bullet-2mp-microfono-integrado-lente-de-2.8mm-30-mts-de-ir-ip67-policarbonato-cvicvbsahdtvi-blchlcdwdr.jpg\" \/>\n\t<meta property=\"og:image:width\" content=\"200\" \/>\n\t<meta property=\"og:image:height\" content=\"200\" \/>\n\t<meta property=\"og:image:type\" content=\"image\/jpeg\" \/>\n<meta name=\"twitter:card\" content=\"summary_large_image\" \/>\n<meta name=\"twitter:label1\" content=\"Precio\" \/>\n\t<meta name=\"twitter:data1\" content=\"&#36;363 con IVA\" \/>\n\t<meta name=\"twitter:label2\" content=\"Availability\" \/>\n\t<meta name=\"twitter:data2\" content=\"In stock\" \/>\n<script type=\"application\/ld+json\" class=\"yoast-schema-graph\">{\"@context\":\"https:\/\/schema.org\",\"@graph\":[{\"@type\":\"WebPage\",\"@id\":\"https:\/\/compuviper.mx\/tienda\/producto\/dahua-dh-hac-hfw1200cn-a-0280b-s56923172592842-camara-bullet-2mp-microfono-integrado-lente-de-2-8mm-30-mts-de-ir-ip67-policarbonato-cvi-cvbs-ahd-tvi-blc-hlc-dwdr\/\",\"url\":\"https:\/\/compuviper.mx\/tienda\/producto\/dahua-dh-hac-hfw1200cn-a-0280b-s56923172592842-camara-bullet-2mp-microfono-integrado-lente-de-2-8mm-30-mts-de-ir-ip67-policarbonato-cvi-cvbs-ahd-tvi-blc-hlc-dwdr\/\",\"name\":\"[ Dahua ] &#129351; Dh-hac-hfw1200cn-a-0280b-s5,6923172592842 Camara Bullet 2mp\/ Microfono Integrado\/ Lente De 2.8mm\/ 30 Mts De Ir\/ Ip67\/ Policarbonato\/ Cvi\/cvbs\/ahd\/tvi\/ Blc\/hlc\/dwdr\/\",\"isPartOf\":{\"@id\":\"https:\/\/compuviper.mx\/tienda\/#website\"},\"datePublished\":\"2026-04-07T06:11:57+00:00\",\"dateModified\":\"2026-04-07T06:11:57+00:00\",\"description\":\"Compra Dh-hac-hfw1200cn-a-0280b-s5,6923172592842 Camara Bullet 2mp\/ Microfono Integrado\/ Lente De 2.8mm\/ 30 Mts De Ir\/ Ip67\/ Policarbonato\/ Cvi\/cvbs\/ahd\/tvi\/ Blc\/hlc\/dwdr\/ + Env\u00edo a domicilio + Pago seguro + Garant\u00eda\",\"breadcrumb\":{\"@id\":\"https:\/\/compuviper.mx\/tienda\/producto\/dahua-dh-hac-hfw1200cn-a-0280b-s56923172592842-camara-bullet-2mp-microfono-integrado-lente-de-2-8mm-30-mts-de-ir-ip67-policarbonato-cvi-cvbs-ahd-tvi-blc-hlc-dwdr\/#breadcrumb\"},\"inLanguage\":\"es-MX\",\"potentialAction\":[{\"@type\":\"ReadAction\",\"target\":[\"https:\/\/compuviper.mx\/tienda\/producto\/dahua-dh-hac-hfw1200cn-a-0280b-s56923172592842-camara-bullet-2mp-microfono-integrado-lente-de-2-8mm-30-mts-de-ir-ip67-policarbonato-cvi-cvbs-ahd-tvi-blc-hlc-dwdr\/\"]}]},{\"@type\":\"BreadcrumbList\",\"@id\":\"https:\/\/compuviper.mx\/tienda\/producto\/dahua-dh-hac-hfw1200cn-a-0280b-s56923172592842-camara-bullet-2mp-microfono-integrado-lente-de-2-8mm-30-mts-de-ir-ip67-policarbonato-cvi-cvbs-ahd-tvi-blc-hlc-dwdr\/#breadcrumb\",\"itemListElement\":[{\"@type\":\"ListItem\",\"position\":1,\"name\":\"Inicio\",\"item\":\"https:\/\/compuviper.mx\/tienda\/\"},{\"@type\":\"ListItem\",\"position\":2,\"name\":\"Productos\",\"item\":\"https:\/\/compuviper.mx\/tienda\/productos\/\"},{\"@type\":\"ListItem\",\"position\":3,\"name\":\"Camaras\",\"item\":\"https:\/\/compuviper.mx\/tienda\/categoria-producto\/camaras-2\/\"},{\"@type\":\"ListItem\",\"position\":4,\"name\":\"Camara De Videovigilancia\",\"item\":\"https:\/\/compuviper.mx\/tienda\/categoria-producto\/camaras-2\/camara-de-videovigilancia\/\"},{\"@type\":\"ListItem\",\"position\":5,\"name\":\"Dahua Dh-hac-hfw1200cn-a-0280b-s5,6923172592842 Camara Bullet 2mp\/ Microfono Integrado\/ Lente De 2.8mm\/ 30 Mts De Ir\/ Ip67\/ Policarbonato\/ Cvi\/cvbs\/ahd\/tvi\/ Blc\/hlc\/dwdr\/\"}]},{\"@type\":\"WebSite\",\"@id\":\"https:\/\/compuviper.mx\/tienda\/#website\",\"url\":\"https:\/\/compuviper.mx\/tienda\/\",\"name\":\"Compuviper\",\"description\":\"Proveedor de Computadoras, Laptops, Servidores, Monitores, Puntos de Venta, Teclados,   Impresoras, T\u00f3ner, C\u00e1maras de Seguridad y m\u00e1s en tu tienda en l\u00ednea\",\"publisher\":{\"@id\":\"https:\/\/compuviper.mx\/tienda\/#organization\"},\"potentialAction\":[{\"@type\":\"SearchAction\",\"target\":{\"@type\":\"EntryPoint\",\"urlTemplate\":\"https:\/\/compuviper.mx\/tienda\/?s={search_term_string}\"},\"query-input\":\"required name=search_term_string\"}],\"inLanguage\":\"es-MX\"},{\"@type\":\"Organization\",\"@id\":\"https:\/\/compuviper.mx\/tienda\/#organization\",\"name\":\"Compuviper\",\"url\":\"https:\/\/compuviper.mx\/tienda\/\",\"logo\":{\"@type\":\"ImageObject\",\"inLanguage\":\"es-MX\",\"@id\":\"https:\/\/compuviper.mx\/tienda\/#\/schema\/logo\/image\/\",\"url\":\"https:\/\/compuviper.mx\/tienda\/wp-content\/uploads\/2021\/08\/Logo-Compuviper-10.png\",\"contentUrl\":\"https:\/\/compuviper.mx\/tienda\/wp-content\/uploads\/2021\/08\/Logo-Compuviper-10.png\",\"width\":1000,\"height\":500,\"caption\":\"Compuviper\"},\"image\":{\"@id\":\"https:\/\/compuviper.mx\/tienda\/#\/schema\/logo\/image\/\"},\"sameAs\":[\"https:\/\/www.facebook.com\/compuviper\",\"https:\/\/www.youtube.com\/channel\/UCf73dERp9Y3cfOq7q8BhLjA?view_as=subscriber\"]}]}<\/script>\n<meta property=\"product:brand\" content=\"DAHUA\" \/>\n<meta property=\"product:price:amount\" content=\"363\" \/>\n<meta property=\"product:price:currency\" content=\"MXN\" \/>\n<meta property=\"og:availability\" content=\"instock\" \/>\n<meta property=\"product:availability\" content=\"instock\" \/>\n<meta property=\"product:retailer_item_id\" content=\"DH-HAC-HFW1200CN-A-0280B-S5,6923172592842\" \/>\n<meta property=\"product:condition\" content=\"new\" \/>\n<!-- \/ Yoast SEO plugin. -->","yoast_head_json":{"title":"[ Dahua ] &#129351; Dh-hac-hfw1200cn-a-0280b-s5,6923172592842 Camara Bullet 2mp\/ Microfono Integrado\/ Lente De 2.8mm\/ 30 Mts De Ir\/ Ip67\/ Policarbonato\/ Cvi\/cvbs\/ahd\/tvi\/ Blc\/hlc\/dwdr\/","description":"Compra Dh-hac-hfw1200cn-a-0280b-s5,6923172592842 Camara Bullet 2mp\/ Microfono Integrado\/ Lente De 2.8mm\/ 30 Mts De Ir\/ Ip67\/ Policarbonato\/ Cvi\/cvbs\/ahd\/tvi\/ Blc\/hlc\/dwdr\/ + Env\u00edo a domicilio + Pago seguro + Garant\u00eda","robots":{"index":"index","follow":"follow","max-snippet":"max-snippet:-1","max-image-preview":"max-image-preview:large","max-video-preview":"max-video-preview:-1"},"canonical":"https:\/\/compuviper.mx\/tienda\/producto\/dahua-dh-hac-hfw1200cn-a-0280b-s56923172592842-camara-bullet-2mp-microfono-integrado-lente-de-2-8mm-30-mts-de-ir-ip67-policarbonato-cvi-cvbs-ahd-tvi-blc-hlc-dwdr\/","og_locale":"es_MX","og_type":"article","og_title":"[ Dahua ] &#129351; Dh-hac-hfw1200cn-a-0280b-s5,6923172592842 Camara Bullet 2mp\/ Microfono Integrado\/ Lente De 2.8mm\/ 30 Mts De Ir\/ Ip67\/ Policarbonato\/ Cvi\/cvbs\/ahd\/tvi\/ Blc\/hlc\/dwdr\/","og_description":"Compra Dh-hac-hfw1200cn-a-0280b-s5,6923172592842 Camara Bullet 2mp\/ Microfono Integrado\/ Lente De 2.8mm\/ 30 Mts De Ir\/ Ip67\/ Policarbonato\/ Cvi\/cvbs\/ahd\/tvi\/ Blc\/hlc\/dwdr\/ + Env\u00edo a domicilio + Pago seguro + Garant\u00eda","og_url":"https:\/\/compuviper.mx\/tienda\/producto\/dahua-dh-hac-hfw1200cn-a-0280b-s56923172592842-camara-bullet-2mp-microfono-integrado-lente-de-2-8mm-30-mts-de-ir-ip67-policarbonato-cvi-cvbs-ahd-tvi-blc-hlc-dwdr\/","og_site_name":"Compuviper","article_publisher":"https:\/\/www.facebook.com\/compuviper","og_image":[{"width":200,"height":200,"url":"https:\/\/compuviper.mx\/tienda\/wp-content\/uploads\/2023\/12\/Camara-dahua-bullet-2mp-microfono-integrado-lente-de-2.8mm-30-mts-de-ir-ip67-policarbonato-cvicvbsahdtvi-blchlcdwdr.jpg","type":"image\/jpeg"}],"twitter_card":"summary_large_image","twitter_misc":{"Precio":"&#36;363 con IVA","Availability":"In stock"},"schema":{"@context":"https:\/\/schema.org","@graph":[{"@type":"WebPage","@id":"https:\/\/compuviper.mx\/tienda\/producto\/dahua-dh-hac-hfw1200cn-a-0280b-s56923172592842-camara-bullet-2mp-microfono-integrado-lente-de-2-8mm-30-mts-de-ir-ip67-policarbonato-cvi-cvbs-ahd-tvi-blc-hlc-dwdr\/","url":"https:\/\/compuviper.mx\/tienda\/producto\/dahua-dh-hac-hfw1200cn-a-0280b-s56923172592842-camara-bullet-2mp-microfono-integrado-lente-de-2-8mm-30-mts-de-ir-ip67-policarbonato-cvi-cvbs-ahd-tvi-blc-hlc-dwdr\/","name":"[ Dahua ] &#129351; Dh-hac-hfw1200cn-a-0280b-s5,6923172592842 Camara Bullet 2mp\/ Microfono Integrado\/ Lente De 2.8mm\/ 30 Mts De Ir\/ Ip67\/ Policarbonato\/ Cvi\/cvbs\/ahd\/tvi\/ Blc\/hlc\/dwdr\/","isPartOf":{"@id":"https:\/\/compuviper.mx\/tienda\/#website"},"datePublished":"2026-04-07T06:11:57+00:00","dateModified":"2026-04-07T06:11:57+00:00","description":"Compra Dh-hac-hfw1200cn-a-0280b-s5,6923172592842 Camara Bullet 2mp\/ Microfono Integrado\/ Lente De 2.8mm\/ 30 Mts De Ir\/ Ip67\/ Policarbonato\/ Cvi\/cvbs\/ahd\/tvi\/ Blc\/hlc\/dwdr\/ + Env\u00edo a domicilio + Pago seguro + Garant\u00eda","breadcrumb":{"@id":"https:\/\/compuviper.mx\/tienda\/producto\/dahua-dh-hac-hfw1200cn-a-0280b-s56923172592842-camara-bullet-2mp-microfono-integrado-lente-de-2-8mm-30-mts-de-ir-ip67-policarbonato-cvi-cvbs-ahd-tvi-blc-hlc-dwdr\/#breadcrumb"},"inLanguage":"es-MX","potentialAction":[{"@type":"ReadAction","target":["https:\/\/compuviper.mx\/tienda\/producto\/dahua-dh-hac-hfw1200cn-a-0280b-s56923172592842-camara-bullet-2mp-microfono-integrado-lente-de-2-8mm-30-mts-de-ir-ip67-policarbonato-cvi-cvbs-ahd-tvi-blc-hlc-dwdr\/"]}]},{"@type":"BreadcrumbList","@id":"https:\/\/compuviper.mx\/tienda\/producto\/dahua-dh-hac-hfw1200cn-a-0280b-s56923172592842-camara-bullet-2mp-microfono-integrado-lente-de-2-8mm-30-mts-de-ir-ip67-policarbonato-cvi-cvbs-ahd-tvi-blc-hlc-dwdr\/#breadcrumb","itemListElement":[{"@type":"ListItem","position":1,"name":"Inicio","item":"https:\/\/compuviper.mx\/tienda\/"},{"@type":"ListItem","position":2,"name":"Productos","item":"https:\/\/compuviper.mx\/tienda\/productos\/"},{"@type":"ListItem","position":3,"name":"Camaras","item":"https:\/\/compuviper.mx\/tienda\/categoria-producto\/camaras-2\/"},{"@type":"ListItem","position":4,"name":"Camara De Videovigilancia","item":"https:\/\/compuviper.mx\/tienda\/categoria-producto\/camaras-2\/camara-de-videovigilancia\/"},{"@type":"ListItem","position":5,"name":"Dahua Dh-hac-hfw1200cn-a-0280b-s5,6923172592842 Camara Bullet 2mp\/ Microfono Integrado\/ Lente De 2.8mm\/ 30 Mts De Ir\/ Ip67\/ Policarbonato\/ Cvi\/cvbs\/ahd\/tvi\/ Blc\/hlc\/dwdr\/"}]},{"@type":"WebSite","@id":"https:\/\/compuviper.mx\/tienda\/#website","url":"https:\/\/compuviper.mx\/tienda\/","name":"Compuviper","description":"Proveedor de Computadoras, Laptops, Servidores, Monitores, Puntos de Venta, Teclados,   Impresoras, T\u00f3ner, C\u00e1maras de Seguridad y m\u00e1s en tu tienda en l\u00ednea","publisher":{"@id":"https:\/\/compuviper.mx\/tienda\/#organization"},"potentialAction":[{"@type":"SearchAction","target":{"@type":"EntryPoint","urlTemplate":"https:\/\/compuviper.mx\/tienda\/?s={search_term_string}"},"query-input":"required name=search_term_string"}],"inLanguage":"es-MX"},{"@type":"Organization","@id":"https:\/\/compuviper.mx\/tienda\/#organization","name":"Compuviper","url":"https:\/\/compuviper.mx\/tienda\/","logo":{"@type":"ImageObject","inLanguage":"es-MX","@id":"https:\/\/compuviper.mx\/tienda\/#\/schema\/logo\/image\/","url":"https:\/\/compuviper.mx\/tienda\/wp-content\/uploads\/2021\/08\/Logo-Compuviper-10.png","contentUrl":"https:\/\/compuviper.mx\/tienda\/wp-content\/uploads\/2021\/08\/Logo-Compuviper-10.png","width":1000,"height":500,"caption":"Compuviper"},"image":{"@id":"https:\/\/compuviper.mx\/tienda\/#\/schema\/logo\/image\/"},"sameAs":["https:\/\/www.facebook.com\/compuviper","https:\/\/www.youtube.com\/channel\/UCf73dERp9Y3cfOq7q8BhLjA?view_as=subscriber"]}]},"product_brand":"DAHUA","product_price_amount":"363","product_price_currency":"MXN","og_availability":"instock","product_availability":"instock","product_retailer_item_id":"DH-HAC-HFW1200CN-A-0280B-S5,6923172592842","product_condition":"new"},"_links":{"self":[{"href":"https:\/\/compuviper.mx\/tienda\/wp-json\/wp\/v2\/product\/216579"}],"collection":[{"href":"https:\/\/compuviper.mx\/tienda\/wp-json\/wp\/v2\/product"}],"about":[{"href":"https:\/\/compuviper.mx\/tienda\/wp-json\/wp\/v2\/types\/product"}],"replies":[{"embeddable":true,"href":"https:\/\/compuviper.mx\/tienda\/wp-json\/wp\/v2\/comments?post=216579"}],"wp:featuredmedia":[{"embeddable":true,"href":"https:\/\/compuviper.mx\/tienda\/wp-json\/wp\/v2\/media\/216580"}],"wp:attachment":[{"href":"https:\/\/compuviper.mx\/tienda\/wp-json\/wp\/v2\/media?parent=216579"}],"wp:term":[{"taxonomy":"product_cat","embeddable":true,"href":"https:\/\/compuviper.mx\/tienda\/wp-json\/wp\/v2\/product_cat?post=216579"},{"taxonomy":"product_tag","embeddable":true,"href":"https:\/\/compuviper.mx\/tienda\/wp-json\/wp\/v2\/product_tag?post=216579"}],"curies":[{"name":"wp","href":"https:\/\/api.w.org\/{rel}","templated":true}]}}