{"id":216569,"date":"2026-04-11T00:12:49","date_gmt":"2026-04-11T06:12:49","guid":{"rendered":"https:\/\/compuviper.mx\/tienda\/producto\/dahua-dh-ipc-hdpw1431r1n-0280b-s4-camara-ip-domo-de-4-megapixeles-lente-de-2-8mm-ir-de-30-mts-h-265-wdr-real-ip67-poe-3d-dnr-hlc\/"},"modified":"2026-04-11T00:12:50","modified_gmt":"2026-04-11T06:12:50","slug":"dahua-dh-ipc-hdpw1431r1n-0280b-s4-camara-ip-domo-de-4-megapixeles-lente-de-2-8mm-ir-de-30-mts-h-265-wdr-real-ip67-poe-3d-dnr-hlc","status":"publish","type":"product","link":"https:\/\/compuviper.mx\/tienda\/producto\/dahua-dh-ipc-hdpw1431r1n-0280b-s4-camara-ip-domo-de-4-megapixeles-lente-de-2-8mm-ir-de-30-mts-h-265-wdr-real-ip67-poe-3d-dnr-hlc\/","title":{"rendered":"Dahua Dh-ipc-hdpw1431r1n-0280b-s4 Camara Ip  Domo De 4 Megapixeles\/ Lente De 2.8mm\/ Ir De 30 Mts\/ H.265\/ Wdr Real\/ Ip67\/ Poe\/ 3d Dnr\/ Hlc\/"},"content":{"rendered":"<table class=\"descripcion\">\n<tr>\n<td>Alimentaci\u00f3n 12v dc \/ poe(802.3af).<\/td>\n<\/tr>\n<tr>\n<td>Consumo energ\u00e9tico  6.4w.<\/td>\n<\/tr>\n<tr>\n<td>Pixeles efectivos 2688(h) x 1520(v).<\/td>\n<\/tr>\n<tr>\n<td>Distancia ir 40m.<\/td>\n<\/tr>\n<tr>\n<td>2 led ir.<\/td>\n<\/tr>\n<tr>\n<td>Lente fijo 2.8mm.<\/td>\n<\/tr>\n<tr>\n<td>Compresi\u00f3n de video h.265; h.264; h.264b; mjpeg.<\/td>\n<\/tr>\n<tr>\n<td>Wdr 120db.<\/td>\n<\/tr>\n<tr>\n<td>3d dnr.<\/td>\n<\/tr>\n<tr>\n<td>Onvif (profile s\/profile g\/profile t); cgi; milestone; genetec.<\/td>\n<\/tr>\n<tr>\n<td>Condiciones de operaci\u00f3n 30\u00b0c to +55\u00b0c.<\/td>\n<\/tr>\n<tr>\n<td>Ip67.<\/td>\n<\/tr>\n<tr>\n<td>Material de construcci\u00f3n policarbonato.<\/td>\n<\/tr>\n<\/table>\n","protected":false},"excerpt":{"rendered":"<p>El modelo hdbw1431r1n-0280b-s4 cuenta con un dise\u00f1o que facilita su instalaci\u00f3n, al utilizar los accesorios de instalaci\u00f3n dahua, se adapta a casi cualquier escenario. El sensor de 4mp que soporta resoluciones 3,688 x 1,520 @ 20fps y 2,560 x 1,440 @25\/30fps y, su \u00edndice de protecci\u00f3n ip67 le permiten ser utilizada en escenarios tanto de interior como de exterior brindando una gran versatilidad en cuanto a usos.<\/p>\n","protected":false},"featured_media":216570,"comment_status":"open","ping_status":"open","template":"","meta":[],"product_cat":[1681,1608],"product_tag":[1555],"acf":[],"yoast_head":"<!-- This site is optimized with the Yoast SEO plugin v21.7 - https:\/\/yoast.com\/wordpress\/plugins\/seo\/ -->\n<title>[ Dahua ] &#129351; Dh-ipc-hdpw1431r1n-0280b-s4 Camara Ip Domo De 4 Megapixeles\/ Lente De 2.8mm\/ Ir De 30 Mts\/ H.265\/ Wdr Real\/ Ip67\/ Poe\/ 3d Dnr\/ Hlc\/<\/title>\n<meta name=\"description\" content=\"Compra Dh-ipc-hdpw1431r1n-0280b-s4 Camara Ip Domo De 4 Megapixeles\/ Lente De 2.8mm\/ Ir De 30 Mts\/ H.265\/ Wdr Real\/ Ip67\/ Poe\/ 3d Dnr\/ Hlc\/ + Env\u00edo a domicilio + Pago seguro + Garant\u00eda\" \/>\n<meta name=\"robots\" content=\"index, follow, max-snippet:-1, max-image-preview:large, max-video-preview:-1\" \/>\n<link rel=\"canonical\" href=\"https:\/\/compuviper.mx\/tienda\/producto\/dahua-dh-ipc-hdpw1431r1n-0280b-s4-camara-ip-domo-de-4-megapixeles-lente-de-2-8mm-ir-de-30-mts-h-265-wdr-real-ip67-poe-3d-dnr-hlc\/\" \/>\n<meta property=\"og:locale\" content=\"es_MX\" \/>\n<meta property=\"og:type\" content=\"article\" \/>\n<meta property=\"og:title\" content=\"[ Dahua ] &#129351; Dh-ipc-hdpw1431r1n-0280b-s4 Camara Ip Domo De 4 Megapixeles\/ Lente De 2.8mm\/ Ir De 30 Mts\/ H.265\/ Wdr Real\/ Ip67\/ Poe\/ 3d Dnr\/ Hlc\/\" \/>\n<meta property=\"og:description\" content=\"Compra Dh-ipc-hdpw1431r1n-0280b-s4 Camara Ip Domo De 4 Megapixeles\/ Lente De 2.8mm\/ Ir De 30 Mts\/ H.265\/ Wdr Real\/ Ip67\/ Poe\/ 3d Dnr\/ Hlc\/ + Env\u00edo a domicilio + Pago seguro + Garant\u00eda\" \/>\n<meta property=\"og:url\" content=\"https:\/\/compuviper.mx\/tienda\/producto\/dahua-dh-ipc-hdpw1431r1n-0280b-s4-camara-ip-domo-de-4-megapixeles-lente-de-2-8mm-ir-de-30-mts-h-265-wdr-real-ip67-poe-3d-dnr-hlc\/\" \/>\n<meta property=\"og:site_name\" content=\"Compuviper\" \/>\n<meta property=\"article:publisher\" content=\"https:\/\/www.facebook.com\/compuviper\" \/>\n<meta property=\"article:modified_time\" content=\"2026-04-11T06:12:50+00:00\" \/>\n<meta property=\"og:image\" content=\"https:\/\/compuviper.mx\/tienda\/wp-content\/uploads\/2023\/12\/Camara-ip-dahua-domo-de-4-megapixeles-lente-de-2.8mm-ir-de-30-mts-h.265-wdr-real-ip67-poe-3d-dnr-hlc.jpg\" \/>\n\t<meta property=\"og:image:width\" content=\"200\" \/>\n\t<meta property=\"og:image:height\" content=\"200\" \/>\n\t<meta property=\"og:image:type\" content=\"image\/jpeg\" \/>\n<meta name=\"twitter:card\" content=\"summary_large_image\" \/>\n<meta name=\"twitter:label1\" content=\"Precio\" \/>\n\t<meta name=\"twitter:data1\" content=\"&#36;1,140 con IVA\" \/>\n\t<meta name=\"twitter:label2\" content=\"Availability\" \/>\n\t<meta name=\"twitter:data2\" content=\"In stock\" \/>\n<script type=\"application\/ld+json\" class=\"yoast-schema-graph\">{\"@context\":\"https:\/\/schema.org\",\"@graph\":[{\"@type\":\"WebPage\",\"@id\":\"https:\/\/compuviper.mx\/tienda\/producto\/dahua-dh-ipc-hdpw1431r1n-0280b-s4-camara-ip-domo-de-4-megapixeles-lente-de-2-8mm-ir-de-30-mts-h-265-wdr-real-ip67-poe-3d-dnr-hlc\/\",\"url\":\"https:\/\/compuviper.mx\/tienda\/producto\/dahua-dh-ipc-hdpw1431r1n-0280b-s4-camara-ip-domo-de-4-megapixeles-lente-de-2-8mm-ir-de-30-mts-h-265-wdr-real-ip67-poe-3d-dnr-hlc\/\",\"name\":\"[ Dahua ] &#129351; Dh-ipc-hdpw1431r1n-0280b-s4 Camara Ip Domo De 4 Megapixeles\/ Lente De 2.8mm\/ Ir De 30 Mts\/ H.265\/ Wdr Real\/ Ip67\/ Poe\/ 3d Dnr\/ Hlc\/\",\"isPartOf\":{\"@id\":\"https:\/\/compuviper.mx\/tienda\/#website\"},\"datePublished\":\"2026-04-11T06:12:49+00:00\",\"dateModified\":\"2026-04-11T06:12:50+00:00\",\"description\":\"Compra Dh-ipc-hdpw1431r1n-0280b-s4 Camara Ip Domo De 4 Megapixeles\/ Lente De 2.8mm\/ Ir De 30 Mts\/ H.265\/ Wdr Real\/ Ip67\/ Poe\/ 3d Dnr\/ Hlc\/ + Env\u00edo a domicilio + Pago seguro + Garant\u00eda\",\"breadcrumb\":{\"@id\":\"https:\/\/compuviper.mx\/tienda\/producto\/dahua-dh-ipc-hdpw1431r1n-0280b-s4-camara-ip-domo-de-4-megapixeles-lente-de-2-8mm-ir-de-30-mts-h-265-wdr-real-ip67-poe-3d-dnr-hlc\/#breadcrumb\"},\"inLanguage\":\"es-MX\",\"potentialAction\":[{\"@type\":\"ReadAction\",\"target\":[\"https:\/\/compuviper.mx\/tienda\/producto\/dahua-dh-ipc-hdpw1431r1n-0280b-s4-camara-ip-domo-de-4-megapixeles-lente-de-2-8mm-ir-de-30-mts-h-265-wdr-real-ip67-poe-3d-dnr-hlc\/\"]}]},{\"@type\":\"BreadcrumbList\",\"@id\":\"https:\/\/compuviper.mx\/tienda\/producto\/dahua-dh-ipc-hdpw1431r1n-0280b-s4-camara-ip-domo-de-4-megapixeles-lente-de-2-8mm-ir-de-30-mts-h-265-wdr-real-ip67-poe-3d-dnr-hlc\/#breadcrumb\",\"itemListElement\":[{\"@type\":\"ListItem\",\"position\":1,\"name\":\"Inicio\",\"item\":\"https:\/\/compuviper.mx\/tienda\/\"},{\"@type\":\"ListItem\",\"position\":2,\"name\":\"Productos\",\"item\":\"https:\/\/compuviper.mx\/tienda\/productos\/\"},{\"@type\":\"ListItem\",\"position\":3,\"name\":\"Camaras\",\"item\":\"https:\/\/compuviper.mx\/tienda\/categoria-producto\/camaras-2\/\"},{\"@type\":\"ListItem\",\"position\":4,\"name\":\"Camara De Videovigilancia\",\"item\":\"https:\/\/compuviper.mx\/tienda\/categoria-producto\/camaras-2\/camara-de-videovigilancia\/\"},{\"@type\":\"ListItem\",\"position\":5,\"name\":\"Dahua Dh-ipc-hdpw1431r1n-0280b-s4 Camara Ip Domo De 4 Megapixeles\/ Lente De 2.8mm\/ Ir De 30 Mts\/ H.265\/ Wdr Real\/ Ip67\/ Poe\/ 3d Dnr\/ Hlc\/\"}]},{\"@type\":\"WebSite\",\"@id\":\"https:\/\/compuviper.mx\/tienda\/#website\",\"url\":\"https:\/\/compuviper.mx\/tienda\/\",\"name\":\"Compuviper\",\"description\":\"Proveedor de Computadoras, Laptops, Servidores, Monitores, Puntos de Venta, Teclados,   Impresoras, T\u00f3ner, C\u00e1maras de Seguridad y m\u00e1s en tu tienda en l\u00ednea\",\"publisher\":{\"@id\":\"https:\/\/compuviper.mx\/tienda\/#organization\"},\"potentialAction\":[{\"@type\":\"SearchAction\",\"target\":{\"@type\":\"EntryPoint\",\"urlTemplate\":\"https:\/\/compuviper.mx\/tienda\/?s={search_term_string}\"},\"query-input\":\"required name=search_term_string\"}],\"inLanguage\":\"es-MX\"},{\"@type\":\"Organization\",\"@id\":\"https:\/\/compuviper.mx\/tienda\/#organization\",\"name\":\"Compuviper\",\"url\":\"https:\/\/compuviper.mx\/tienda\/\",\"logo\":{\"@type\":\"ImageObject\",\"inLanguage\":\"es-MX\",\"@id\":\"https:\/\/compuviper.mx\/tienda\/#\/schema\/logo\/image\/\",\"url\":\"https:\/\/compuviper.mx\/tienda\/wp-content\/uploads\/2021\/08\/Logo-Compuviper-10.png\",\"contentUrl\":\"https:\/\/compuviper.mx\/tienda\/wp-content\/uploads\/2021\/08\/Logo-Compuviper-10.png\",\"width\":1000,\"height\":500,\"caption\":\"Compuviper\"},\"image\":{\"@id\":\"https:\/\/compuviper.mx\/tienda\/#\/schema\/logo\/image\/\"},\"sameAs\":[\"https:\/\/www.facebook.com\/compuviper\",\"https:\/\/www.youtube.com\/channel\/UCf73dERp9Y3cfOq7q8BhLjA?view_as=subscriber\"]}]}<\/script>\n<meta property=\"product:brand\" content=\"DAHUA\" \/>\n<meta property=\"product:price:amount\" content=\"1140\" \/>\n<meta property=\"product:price:currency\" content=\"MXN\" \/>\n<meta property=\"og:availability\" content=\"instock\" \/>\n<meta property=\"product:availability\" content=\"instock\" \/>\n<meta property=\"product:retailer_item_id\" content=\"DH-IPC-HDPW1431R1N-0280B-S4\" \/>\n<meta property=\"product:condition\" content=\"new\" \/>\n<!-- \/ Yoast SEO plugin. -->","yoast_head_json":{"title":"[ Dahua ] &#129351; Dh-ipc-hdpw1431r1n-0280b-s4 Camara Ip Domo De 4 Megapixeles\/ Lente De 2.8mm\/ Ir De 30 Mts\/ H.265\/ Wdr Real\/ Ip67\/ Poe\/ 3d Dnr\/ Hlc\/","description":"Compra Dh-ipc-hdpw1431r1n-0280b-s4 Camara Ip Domo De 4 Megapixeles\/ Lente De 2.8mm\/ Ir De 30 Mts\/ H.265\/ Wdr Real\/ Ip67\/ Poe\/ 3d Dnr\/ Hlc\/ + Env\u00edo a domicilio + Pago seguro + Garant\u00eda","robots":{"index":"index","follow":"follow","max-snippet":"max-snippet:-1","max-image-preview":"max-image-preview:large","max-video-preview":"max-video-preview:-1"},"canonical":"https:\/\/compuviper.mx\/tienda\/producto\/dahua-dh-ipc-hdpw1431r1n-0280b-s4-camara-ip-domo-de-4-megapixeles-lente-de-2-8mm-ir-de-30-mts-h-265-wdr-real-ip67-poe-3d-dnr-hlc\/","og_locale":"es_MX","og_type":"article","og_title":"[ Dahua ] &#129351; Dh-ipc-hdpw1431r1n-0280b-s4 Camara Ip Domo De 4 Megapixeles\/ Lente De 2.8mm\/ Ir De 30 Mts\/ H.265\/ Wdr Real\/ Ip67\/ Poe\/ 3d Dnr\/ Hlc\/","og_description":"Compra Dh-ipc-hdpw1431r1n-0280b-s4 Camara Ip Domo De 4 Megapixeles\/ Lente De 2.8mm\/ Ir De 30 Mts\/ H.265\/ Wdr Real\/ Ip67\/ Poe\/ 3d Dnr\/ Hlc\/ + Env\u00edo a domicilio + Pago seguro + Garant\u00eda","og_url":"https:\/\/compuviper.mx\/tienda\/producto\/dahua-dh-ipc-hdpw1431r1n-0280b-s4-camara-ip-domo-de-4-megapixeles-lente-de-2-8mm-ir-de-30-mts-h-265-wdr-real-ip67-poe-3d-dnr-hlc\/","og_site_name":"Compuviper","article_publisher":"https:\/\/www.facebook.com\/compuviper","article_modified_time":"2026-04-11T06:12:50+00:00","og_image":[{"width":200,"height":200,"url":"https:\/\/compuviper.mx\/tienda\/wp-content\/uploads\/2023\/12\/Camara-ip-dahua-domo-de-4-megapixeles-lente-de-2.8mm-ir-de-30-mts-h.265-wdr-real-ip67-poe-3d-dnr-hlc.jpg","type":"image\/jpeg"}],"twitter_card":"summary_large_image","twitter_misc":{"Precio":"&#36;1,140 con IVA","Availability":"In stock"},"schema":{"@context":"https:\/\/schema.org","@graph":[{"@type":"WebPage","@id":"https:\/\/compuviper.mx\/tienda\/producto\/dahua-dh-ipc-hdpw1431r1n-0280b-s4-camara-ip-domo-de-4-megapixeles-lente-de-2-8mm-ir-de-30-mts-h-265-wdr-real-ip67-poe-3d-dnr-hlc\/","url":"https:\/\/compuviper.mx\/tienda\/producto\/dahua-dh-ipc-hdpw1431r1n-0280b-s4-camara-ip-domo-de-4-megapixeles-lente-de-2-8mm-ir-de-30-mts-h-265-wdr-real-ip67-poe-3d-dnr-hlc\/","name":"[ Dahua ] &#129351; Dh-ipc-hdpw1431r1n-0280b-s4 Camara Ip Domo De 4 Megapixeles\/ Lente De 2.8mm\/ Ir De 30 Mts\/ H.265\/ Wdr Real\/ Ip67\/ Poe\/ 3d Dnr\/ Hlc\/","isPartOf":{"@id":"https:\/\/compuviper.mx\/tienda\/#website"},"datePublished":"2026-04-11T06:12:49+00:00","dateModified":"2026-04-11T06:12:50+00:00","description":"Compra Dh-ipc-hdpw1431r1n-0280b-s4 Camara Ip Domo De 4 Megapixeles\/ Lente De 2.8mm\/ Ir De 30 Mts\/ H.265\/ Wdr Real\/ Ip67\/ Poe\/ 3d Dnr\/ Hlc\/ + Env\u00edo a domicilio + Pago seguro + Garant\u00eda","breadcrumb":{"@id":"https:\/\/compuviper.mx\/tienda\/producto\/dahua-dh-ipc-hdpw1431r1n-0280b-s4-camara-ip-domo-de-4-megapixeles-lente-de-2-8mm-ir-de-30-mts-h-265-wdr-real-ip67-poe-3d-dnr-hlc\/#breadcrumb"},"inLanguage":"es-MX","potentialAction":[{"@type":"ReadAction","target":["https:\/\/compuviper.mx\/tienda\/producto\/dahua-dh-ipc-hdpw1431r1n-0280b-s4-camara-ip-domo-de-4-megapixeles-lente-de-2-8mm-ir-de-30-mts-h-265-wdr-real-ip67-poe-3d-dnr-hlc\/"]}]},{"@type":"BreadcrumbList","@id":"https:\/\/compuviper.mx\/tienda\/producto\/dahua-dh-ipc-hdpw1431r1n-0280b-s4-camara-ip-domo-de-4-megapixeles-lente-de-2-8mm-ir-de-30-mts-h-265-wdr-real-ip67-poe-3d-dnr-hlc\/#breadcrumb","itemListElement":[{"@type":"ListItem","position":1,"name":"Inicio","item":"https:\/\/compuviper.mx\/tienda\/"},{"@type":"ListItem","position":2,"name":"Productos","item":"https:\/\/compuviper.mx\/tienda\/productos\/"},{"@type":"ListItem","position":3,"name":"Camaras","item":"https:\/\/compuviper.mx\/tienda\/categoria-producto\/camaras-2\/"},{"@type":"ListItem","position":4,"name":"Camara De Videovigilancia","item":"https:\/\/compuviper.mx\/tienda\/categoria-producto\/camaras-2\/camara-de-videovigilancia\/"},{"@type":"ListItem","position":5,"name":"Dahua Dh-ipc-hdpw1431r1n-0280b-s4 Camara Ip Domo De 4 Megapixeles\/ Lente De 2.8mm\/ Ir De 30 Mts\/ H.265\/ Wdr Real\/ Ip67\/ Poe\/ 3d Dnr\/ Hlc\/"}]},{"@type":"WebSite","@id":"https:\/\/compuviper.mx\/tienda\/#website","url":"https:\/\/compuviper.mx\/tienda\/","name":"Compuviper","description":"Proveedor de Computadoras, Laptops, Servidores, Monitores, Puntos de Venta, Teclados,   Impresoras, T\u00f3ner, C\u00e1maras de Seguridad y m\u00e1s en tu tienda en l\u00ednea","publisher":{"@id":"https:\/\/compuviper.mx\/tienda\/#organization"},"potentialAction":[{"@type":"SearchAction","target":{"@type":"EntryPoint","urlTemplate":"https:\/\/compuviper.mx\/tienda\/?s={search_term_string}"},"query-input":"required name=search_term_string"}],"inLanguage":"es-MX"},{"@type":"Organization","@id":"https:\/\/compuviper.mx\/tienda\/#organization","name":"Compuviper","url":"https:\/\/compuviper.mx\/tienda\/","logo":{"@type":"ImageObject","inLanguage":"es-MX","@id":"https:\/\/compuviper.mx\/tienda\/#\/schema\/logo\/image\/","url":"https:\/\/compuviper.mx\/tienda\/wp-content\/uploads\/2021\/08\/Logo-Compuviper-10.png","contentUrl":"https:\/\/compuviper.mx\/tienda\/wp-content\/uploads\/2021\/08\/Logo-Compuviper-10.png","width":1000,"height":500,"caption":"Compuviper"},"image":{"@id":"https:\/\/compuviper.mx\/tienda\/#\/schema\/logo\/image\/"},"sameAs":["https:\/\/www.facebook.com\/compuviper","https:\/\/www.youtube.com\/channel\/UCf73dERp9Y3cfOq7q8BhLjA?view_as=subscriber"]}]},"product_brand":"DAHUA","product_price_amount":"1140","product_price_currency":"MXN","og_availability":"instock","product_availability":"instock","product_retailer_item_id":"DH-IPC-HDPW1431R1N-0280B-S4","product_condition":"new"},"_links":{"self":[{"href":"https:\/\/compuviper.mx\/tienda\/wp-json\/wp\/v2\/product\/216569"}],"collection":[{"href":"https:\/\/compuviper.mx\/tienda\/wp-json\/wp\/v2\/product"}],"about":[{"href":"https:\/\/compuviper.mx\/tienda\/wp-json\/wp\/v2\/types\/product"}],"replies":[{"embeddable":true,"href":"https:\/\/compuviper.mx\/tienda\/wp-json\/wp\/v2\/comments?post=216569"}],"wp:featuredmedia":[{"embeddable":true,"href":"https:\/\/compuviper.mx\/tienda\/wp-json\/wp\/v2\/media\/216570"}],"wp:attachment":[{"href":"https:\/\/compuviper.mx\/tienda\/wp-json\/wp\/v2\/media?parent=216569"}],"wp:term":[{"taxonomy":"product_cat","embeddable":true,"href":"https:\/\/compuviper.mx\/tienda\/wp-json\/wp\/v2\/product_cat?post=216569"},{"taxonomy":"product_tag","embeddable":true,"href":"https:\/\/compuviper.mx\/tienda\/wp-json\/wp\/v2\/product_tag?post=216569"}],"curies":[{"name":"wp","href":"https:\/\/api.w.org\/{rel}","templated":true}]}}