{"id":216565,"date":"2026-04-11T00:12:49","date_gmt":"2026-04-11T06:12:49","guid":{"rendered":"https:\/\/compuviper.mx\/tienda\/producto\/dahua-dh-sd40215n-hc-la-camara-mini-ptz-hdcvi-de-2-megapixeles-15x-de-zoom-optico-wdr-real-de-120-db-3d-dnr-starlight-ip66-ik10-soporta-tvi-ahd-cvbs\/"},"modified":"2026-04-12T00:00:05","modified_gmt":"2026-04-12T06:00:05","slug":"dahua-dh-sd40215n-hc-la-camara-mini-ptz-hdcvi-de-2-megapixeles-15x-de-zoom-optico-wdr-real-de-120-db-3d-dnr-starlight-ip66-ik10-soporta-tvi-ahd-cvbs","status":"publish","type":"product","link":"https:\/\/compuviper.mx\/tienda\/producto\/dahua-dh-sd40215n-hc-la-camara-mini-ptz-hdcvi-de-2-megapixeles-15x-de-zoom-optico-wdr-real-de-120-db-3d-dnr-starlight-ip66-ik10-soporta-tvi-ahd-cvbs\/","title":{"rendered":"Dahua Dh-sd40215n-hc-la Camara  Mini Ptz Hdcvi De 2 Megapixeles\/ 15x De Zoom Optico\/ Wdr Real De 120 Db\/ 3d Dnr\/ Starlight\/ Ip66\/ Ik10 \/ Soporta Tvi\/ahd\/cvbs"},"content":{"rendered":"<table class=\"descripcion\">\n<tr>\n<td>Sensor: 1\/2.8  starvis cmos<\/td>\n<\/tr>\n<tr>\n<td>Resoluci\u00f3n: 2 megap\u00edxeles<\/td>\n<\/tr>\n<tr>\n<td>Tecnolog\u00eda: starlight<\/td>\n<\/tr>\n<tr>\n<td>Lente: 5 mm \u0096 75 mm<\/td>\n<\/tr>\n<tr>\n<td>\u00e1ngulo de visi\u00f3n: h: 58.9\u00965.1; v: 34.1\u00962.9; d: 66.6\u00965.8<\/td>\n<\/tr>\n<tr>\n<td>Zoom \u00f3ptico: 15x<\/td>\n<\/tr>\n<tr>\n<td>Iluminaci\u00f3n m\u00edn. color: 0.005 lux @ f1.6<\/td>\n<\/tr>\n<tr>\n<td>Iluminaci\u00f3n min. b\/w: 0.0005 lux @ f1.6<\/td>\n<\/tr>\n<tr>\n<td>D\u00eda y noche: auto (icr) \/ color\/ b\/ w<\/td>\n<\/tr>\n<tr>\n<td>Compensaci\u00f3n de contraluz: blc, hlc, wdr 120db<\/td>\n<\/tr>\n<tr>\n<td>Reducci\u00f3n de ruido: ultra dnr 2d \/ 3d<\/td>\n<\/tr>\n<tr>\n<td>Fuente de alimentaci\u00f3n: 12v dc \/ 5a (\u00b1 10%)<\/td>\n<\/tr>\n<tr>\n<td>Consumo de energ\u00eda m\u00e1x: 9.6w, 12w (m\u00f3dulo de zoom, operaciones ptz)<\/td>\n<\/tr>\n<tr>\n<td>Condiciones de operaci\u00f3n: -40\u00bac a 60\u00bac<\/td>\n<\/tr>\n<tr>\n<td>\u00edndice de protecci\u00f3n: ip66\/ ik10<\/td>\n<\/tr>\n<tr>\n<td>Material: metal<\/td>\n<\/tr>\n<tr>\n<td>Dimensiones: 234 mm \u00d7  and #934;186 mm (9.21 \u00d7  and #934;7.32)<\/td>\n<\/tr>\n<tr>\n<td>Peso neto: 2.3kg<\/td>\n<\/tr>\n<tr>\n<td>Peso bruto: 4.3kg<\/td>\n<\/tr>\n<tr>\n<td>Incluye fuente de alimentaci\u00f3n, brazo y adaptador para montaje<\/td>\n<\/tr>\n<\/table>\n","protected":false},"excerpt":{"rendered":"<p>El modelo sd40215n-hc-la es una c\u00e1mara ptz starlight con un sensor de 0.005 lux el cual nos permite seguir viendo a color en ambientes con poca luz, la c\u00e1mara cuenta con tecnolog\u00eda hdcvi proporcionando video en alta resoluci\u00f3n a 2 megap\u00edxeles y adem\u00e1s puede realizar zoom \u00f3ptico de hasta 15x por lo que obtendremos im\u00e1genes detalladas a grandes distancias, tambi\u00e9n gracias a que cuenta con wdr real (120 db) podremos compensar y ajustar la luz en la imagen captada. La c\u00e1mara puede ser utilizada en ambientes exteriores debido a su \u00edndice de protecci\u00f3n ip66 y su \u00edndice de protecci\u00f3n ik10 que nos proporciona seguridad contra ataques vand\u00e1licos.<\/p>\n","protected":false},"featured_media":216566,"comment_status":"open","ping_status":"open","template":"","meta":[],"product_cat":[1608,1681],"product_tag":[1555],"acf":[],"yoast_head":"<!-- This site is optimized with the Yoast SEO plugin v21.7 - https:\/\/yoast.com\/wordpress\/plugins\/seo\/ -->\n<title>[ Dahua ] &#129351; Dh-sd40215n-hc-la Camara Mini Ptz Hdcvi De 2 Megapixeles\/ 15x De Zoom Optico\/ Wdr Real De 120 Db\/ 3d Dnr\/ Starlight\/ Ip66\/ Ik10 \/ Soporta Tvi\/ahd\/cvbs<\/title>\n<meta name=\"description\" content=\"Compra Dh-sd40215n-hc-la Camara Mini Ptz Hdcvi De 2 Megapixeles\/ 15x De Zoom Optico\/ Wdr Real De 120 Db\/ 3d Dnr\/ Starlight\/ Ip66\/ Ik10 \/ Soporta Tvi\/ahd\/cvbs + Env\u00edo a domicilio + Pago seguro + Garant\u00eda\" \/>\n<meta name=\"robots\" content=\"index, follow, max-snippet:-1, max-image-preview:large, max-video-preview:-1\" \/>\n<link rel=\"canonical\" href=\"https:\/\/compuviper.mx\/tienda\/producto\/dahua-dh-sd40215n-hc-la-camara-mini-ptz-hdcvi-de-2-megapixeles-15x-de-zoom-optico-wdr-real-de-120-db-3d-dnr-starlight-ip66-ik10-soporta-tvi-ahd-cvbs\/\" \/>\n<meta property=\"og:locale\" content=\"es_MX\" \/>\n<meta property=\"og:type\" content=\"article\" \/>\n<meta property=\"og:title\" content=\"[ Dahua ] &#129351; Dh-sd40215n-hc-la Camara Mini Ptz Hdcvi De 2 Megapixeles\/ 15x De Zoom Optico\/ Wdr Real De 120 Db\/ 3d Dnr\/ Starlight\/ Ip66\/ Ik10 \/ Soporta Tvi\/ahd\/cvbs\" \/>\n<meta property=\"og:description\" content=\"Compra Dh-sd40215n-hc-la Camara Mini Ptz Hdcvi De 2 Megapixeles\/ 15x De Zoom Optico\/ Wdr Real De 120 Db\/ 3d Dnr\/ Starlight\/ Ip66\/ Ik10 \/ Soporta Tvi\/ahd\/cvbs + Env\u00edo a domicilio + Pago seguro + Garant\u00eda\" \/>\n<meta property=\"og:url\" content=\"https:\/\/compuviper.mx\/tienda\/producto\/dahua-dh-sd40215n-hc-la-camara-mini-ptz-hdcvi-de-2-megapixeles-15x-de-zoom-optico-wdr-real-de-120-db-3d-dnr-starlight-ip66-ik10-soporta-tvi-ahd-cvbs\/\" \/>\n<meta property=\"og:site_name\" content=\"Compuviper\" \/>\n<meta property=\"article:publisher\" content=\"https:\/\/www.facebook.com\/compuviper\" \/>\n<meta property=\"article:modified_time\" content=\"2026-04-12T06:00:05+00:00\" \/>\n<meta property=\"og:image\" content=\"https:\/\/compuviper.mx\/tienda\/wp-content\/uploads\/2023\/12\/Camara-dahua-mini-ptz-hdcvi-de-2-megapixeles-15x-de-zoom-optico-wdr-real-de-120-db-3d-dnr-starlight-ip66-ik10-soporta-tviahdcvbs.jpg\" \/>\n\t<meta property=\"og:image:width\" content=\"200\" \/>\n\t<meta property=\"og:image:height\" content=\"200\" \/>\n\t<meta property=\"og:image:type\" content=\"image\/jpeg\" \/>\n<meta name=\"twitter:card\" content=\"summary_large_image\" \/>\n<meta name=\"twitter:label1\" content=\"Precio\" \/>\n\t<meta name=\"twitter:data1\" content=\"&#36;3,918 con IVA\" \/>\n\t<meta name=\"twitter:label2\" content=\"Availability\" \/>\n\t<meta name=\"twitter:data2\" content=\"In stock\" \/>\n<script type=\"application\/ld+json\" class=\"yoast-schema-graph\">{\"@context\":\"https:\/\/schema.org\",\"@graph\":[{\"@type\":\"WebPage\",\"@id\":\"https:\/\/compuviper.mx\/tienda\/producto\/dahua-dh-sd40215n-hc-la-camara-mini-ptz-hdcvi-de-2-megapixeles-15x-de-zoom-optico-wdr-real-de-120-db-3d-dnr-starlight-ip66-ik10-soporta-tvi-ahd-cvbs\/\",\"url\":\"https:\/\/compuviper.mx\/tienda\/producto\/dahua-dh-sd40215n-hc-la-camara-mini-ptz-hdcvi-de-2-megapixeles-15x-de-zoom-optico-wdr-real-de-120-db-3d-dnr-starlight-ip66-ik10-soporta-tvi-ahd-cvbs\/\",\"name\":\"[ Dahua ] &#129351; Dh-sd40215n-hc-la Camara Mini Ptz Hdcvi De 2 Megapixeles\/ 15x De Zoom Optico\/ Wdr Real De 120 Db\/ 3d Dnr\/ Starlight\/ Ip66\/ Ik10 \/ Soporta Tvi\/ahd\/cvbs\",\"isPartOf\":{\"@id\":\"https:\/\/compuviper.mx\/tienda\/#website\"},\"datePublished\":\"2026-04-11T06:12:49+00:00\",\"dateModified\":\"2026-04-12T06:00:05+00:00\",\"description\":\"Compra Dh-sd40215n-hc-la Camara Mini Ptz Hdcvi De 2 Megapixeles\/ 15x De Zoom Optico\/ Wdr Real De 120 Db\/ 3d Dnr\/ Starlight\/ Ip66\/ Ik10 \/ Soporta Tvi\/ahd\/cvbs + Env\u00edo a domicilio + Pago seguro + Garant\u00eda\",\"breadcrumb\":{\"@id\":\"https:\/\/compuviper.mx\/tienda\/producto\/dahua-dh-sd40215n-hc-la-camara-mini-ptz-hdcvi-de-2-megapixeles-15x-de-zoom-optico-wdr-real-de-120-db-3d-dnr-starlight-ip66-ik10-soporta-tvi-ahd-cvbs\/#breadcrumb\"},\"inLanguage\":\"es-MX\",\"potentialAction\":[{\"@type\":\"ReadAction\",\"target\":[\"https:\/\/compuviper.mx\/tienda\/producto\/dahua-dh-sd40215n-hc-la-camara-mini-ptz-hdcvi-de-2-megapixeles-15x-de-zoom-optico-wdr-real-de-120-db-3d-dnr-starlight-ip66-ik10-soporta-tvi-ahd-cvbs\/\"]}]},{\"@type\":\"BreadcrumbList\",\"@id\":\"https:\/\/compuviper.mx\/tienda\/producto\/dahua-dh-sd40215n-hc-la-camara-mini-ptz-hdcvi-de-2-megapixeles-15x-de-zoom-optico-wdr-real-de-120-db-3d-dnr-starlight-ip66-ik10-soporta-tvi-ahd-cvbs\/#breadcrumb\",\"itemListElement\":[{\"@type\":\"ListItem\",\"position\":1,\"name\":\"Inicio\",\"item\":\"https:\/\/compuviper.mx\/tienda\/\"},{\"@type\":\"ListItem\",\"position\":2,\"name\":\"Productos\",\"item\":\"https:\/\/compuviper.mx\/tienda\/productos\/\"},{\"@type\":\"ListItem\",\"position\":3,\"name\":\"Camaras\",\"item\":\"https:\/\/compuviper.mx\/tienda\/categoria-producto\/camaras-2\/\"},{\"@type\":\"ListItem\",\"position\":4,\"name\":\"Camara De Videovigilancia\",\"item\":\"https:\/\/compuviper.mx\/tienda\/categoria-producto\/camaras-2\/camara-de-videovigilancia\/\"},{\"@type\":\"ListItem\",\"position\":5,\"name\":\"Dahua Dh-sd40215n-hc-la Camara Mini Ptz Hdcvi De 2 Megapixeles\/ 15x De Zoom Optico\/ Wdr Real De 120 Db\/ 3d Dnr\/ Starlight\/ Ip66\/ Ik10 \/ Soporta Tvi\/ahd\/cvbs\"}]},{\"@type\":\"WebSite\",\"@id\":\"https:\/\/compuviper.mx\/tienda\/#website\",\"url\":\"https:\/\/compuviper.mx\/tienda\/\",\"name\":\"Compuviper\",\"description\":\"Proveedor de Computadoras, Laptops, Servidores, Monitores, Puntos de Venta, Teclados,   Impresoras, T\u00f3ner, C\u00e1maras de Seguridad y m\u00e1s en tu tienda en l\u00ednea\",\"publisher\":{\"@id\":\"https:\/\/compuviper.mx\/tienda\/#organization\"},\"potentialAction\":[{\"@type\":\"SearchAction\",\"target\":{\"@type\":\"EntryPoint\",\"urlTemplate\":\"https:\/\/compuviper.mx\/tienda\/?s={search_term_string}\"},\"query-input\":\"required name=search_term_string\"}],\"inLanguage\":\"es-MX\"},{\"@type\":\"Organization\",\"@id\":\"https:\/\/compuviper.mx\/tienda\/#organization\",\"name\":\"Compuviper\",\"url\":\"https:\/\/compuviper.mx\/tienda\/\",\"logo\":{\"@type\":\"ImageObject\",\"inLanguage\":\"es-MX\",\"@id\":\"https:\/\/compuviper.mx\/tienda\/#\/schema\/logo\/image\/\",\"url\":\"https:\/\/compuviper.mx\/tienda\/wp-content\/uploads\/2021\/08\/Logo-Compuviper-10.png\",\"contentUrl\":\"https:\/\/compuviper.mx\/tienda\/wp-content\/uploads\/2021\/08\/Logo-Compuviper-10.png\",\"width\":1000,\"height\":500,\"caption\":\"Compuviper\"},\"image\":{\"@id\":\"https:\/\/compuviper.mx\/tienda\/#\/schema\/logo\/image\/\"},\"sameAs\":[\"https:\/\/www.facebook.com\/compuviper\",\"https:\/\/www.youtube.com\/channel\/UCf73dERp9Y3cfOq7q8BhLjA?view_as=subscriber\"]}]}<\/script>\n<meta property=\"product:brand\" content=\"DAHUA\" \/>\n<meta property=\"product:price:amount\" content=\"3918\" \/>\n<meta property=\"product:price:currency\" content=\"MXN\" \/>\n<meta property=\"og:availability\" content=\"instock\" \/>\n<meta property=\"product:availability\" content=\"instock\" \/>\n<meta property=\"product:retailer_item_id\" content=\"DH-SD40215N-HC-LA\" \/>\n<meta property=\"product:condition\" content=\"new\" \/>\n<!-- \/ Yoast SEO plugin. -->","yoast_head_json":{"title":"[ Dahua ] &#129351; Dh-sd40215n-hc-la Camara Mini Ptz Hdcvi De 2 Megapixeles\/ 15x De Zoom Optico\/ Wdr Real De 120 Db\/ 3d Dnr\/ Starlight\/ Ip66\/ Ik10 \/ Soporta Tvi\/ahd\/cvbs","description":"Compra Dh-sd40215n-hc-la Camara Mini Ptz Hdcvi De 2 Megapixeles\/ 15x De Zoom Optico\/ Wdr Real De 120 Db\/ 3d Dnr\/ Starlight\/ Ip66\/ Ik10 \/ Soporta Tvi\/ahd\/cvbs + Env\u00edo a domicilio + Pago seguro + Garant\u00eda","robots":{"index":"index","follow":"follow","max-snippet":"max-snippet:-1","max-image-preview":"max-image-preview:large","max-video-preview":"max-video-preview:-1"},"canonical":"https:\/\/compuviper.mx\/tienda\/producto\/dahua-dh-sd40215n-hc-la-camara-mini-ptz-hdcvi-de-2-megapixeles-15x-de-zoom-optico-wdr-real-de-120-db-3d-dnr-starlight-ip66-ik10-soporta-tvi-ahd-cvbs\/","og_locale":"es_MX","og_type":"article","og_title":"[ Dahua ] &#129351; Dh-sd40215n-hc-la Camara Mini Ptz Hdcvi De 2 Megapixeles\/ 15x De Zoom Optico\/ Wdr Real De 120 Db\/ 3d Dnr\/ Starlight\/ Ip66\/ Ik10 \/ Soporta Tvi\/ahd\/cvbs","og_description":"Compra Dh-sd40215n-hc-la Camara Mini Ptz Hdcvi De 2 Megapixeles\/ 15x De Zoom Optico\/ Wdr Real De 120 Db\/ 3d Dnr\/ Starlight\/ Ip66\/ Ik10 \/ Soporta Tvi\/ahd\/cvbs + Env\u00edo a domicilio + Pago seguro + Garant\u00eda","og_url":"https:\/\/compuviper.mx\/tienda\/producto\/dahua-dh-sd40215n-hc-la-camara-mini-ptz-hdcvi-de-2-megapixeles-15x-de-zoom-optico-wdr-real-de-120-db-3d-dnr-starlight-ip66-ik10-soporta-tvi-ahd-cvbs\/","og_site_name":"Compuviper","article_publisher":"https:\/\/www.facebook.com\/compuviper","article_modified_time":"2026-04-12T06:00:05+00:00","og_image":[{"width":200,"height":200,"url":"https:\/\/compuviper.mx\/tienda\/wp-content\/uploads\/2023\/12\/Camara-dahua-mini-ptz-hdcvi-de-2-megapixeles-15x-de-zoom-optico-wdr-real-de-120-db-3d-dnr-starlight-ip66-ik10-soporta-tviahdcvbs.jpg","type":"image\/jpeg"}],"twitter_card":"summary_large_image","twitter_misc":{"Precio":"&#36;3,918 con IVA","Availability":"In stock"},"schema":{"@context":"https:\/\/schema.org","@graph":[{"@type":"WebPage","@id":"https:\/\/compuviper.mx\/tienda\/producto\/dahua-dh-sd40215n-hc-la-camara-mini-ptz-hdcvi-de-2-megapixeles-15x-de-zoom-optico-wdr-real-de-120-db-3d-dnr-starlight-ip66-ik10-soporta-tvi-ahd-cvbs\/","url":"https:\/\/compuviper.mx\/tienda\/producto\/dahua-dh-sd40215n-hc-la-camara-mini-ptz-hdcvi-de-2-megapixeles-15x-de-zoom-optico-wdr-real-de-120-db-3d-dnr-starlight-ip66-ik10-soporta-tvi-ahd-cvbs\/","name":"[ Dahua ] &#129351; Dh-sd40215n-hc-la Camara Mini Ptz Hdcvi De 2 Megapixeles\/ 15x De Zoom Optico\/ Wdr Real De 120 Db\/ 3d Dnr\/ Starlight\/ Ip66\/ Ik10 \/ Soporta Tvi\/ahd\/cvbs","isPartOf":{"@id":"https:\/\/compuviper.mx\/tienda\/#website"},"datePublished":"2026-04-11T06:12:49+00:00","dateModified":"2026-04-12T06:00:05+00:00","description":"Compra Dh-sd40215n-hc-la Camara Mini Ptz Hdcvi De 2 Megapixeles\/ 15x De Zoom Optico\/ Wdr Real De 120 Db\/ 3d Dnr\/ Starlight\/ Ip66\/ Ik10 \/ Soporta Tvi\/ahd\/cvbs + Env\u00edo a domicilio + Pago seguro + Garant\u00eda","breadcrumb":{"@id":"https:\/\/compuviper.mx\/tienda\/producto\/dahua-dh-sd40215n-hc-la-camara-mini-ptz-hdcvi-de-2-megapixeles-15x-de-zoom-optico-wdr-real-de-120-db-3d-dnr-starlight-ip66-ik10-soporta-tvi-ahd-cvbs\/#breadcrumb"},"inLanguage":"es-MX","potentialAction":[{"@type":"ReadAction","target":["https:\/\/compuviper.mx\/tienda\/producto\/dahua-dh-sd40215n-hc-la-camara-mini-ptz-hdcvi-de-2-megapixeles-15x-de-zoom-optico-wdr-real-de-120-db-3d-dnr-starlight-ip66-ik10-soporta-tvi-ahd-cvbs\/"]}]},{"@type":"BreadcrumbList","@id":"https:\/\/compuviper.mx\/tienda\/producto\/dahua-dh-sd40215n-hc-la-camara-mini-ptz-hdcvi-de-2-megapixeles-15x-de-zoom-optico-wdr-real-de-120-db-3d-dnr-starlight-ip66-ik10-soporta-tvi-ahd-cvbs\/#breadcrumb","itemListElement":[{"@type":"ListItem","position":1,"name":"Inicio","item":"https:\/\/compuviper.mx\/tienda\/"},{"@type":"ListItem","position":2,"name":"Productos","item":"https:\/\/compuviper.mx\/tienda\/productos\/"},{"@type":"ListItem","position":3,"name":"Camaras","item":"https:\/\/compuviper.mx\/tienda\/categoria-producto\/camaras-2\/"},{"@type":"ListItem","position":4,"name":"Camara De Videovigilancia","item":"https:\/\/compuviper.mx\/tienda\/categoria-producto\/camaras-2\/camara-de-videovigilancia\/"},{"@type":"ListItem","position":5,"name":"Dahua Dh-sd40215n-hc-la Camara Mini Ptz Hdcvi De 2 Megapixeles\/ 15x De Zoom Optico\/ Wdr Real De 120 Db\/ 3d Dnr\/ Starlight\/ Ip66\/ Ik10 \/ Soporta Tvi\/ahd\/cvbs"}]},{"@type":"WebSite","@id":"https:\/\/compuviper.mx\/tienda\/#website","url":"https:\/\/compuviper.mx\/tienda\/","name":"Compuviper","description":"Proveedor de Computadoras, Laptops, Servidores, Monitores, Puntos de Venta, Teclados,   Impresoras, T\u00f3ner, C\u00e1maras de Seguridad y m\u00e1s en tu tienda en l\u00ednea","publisher":{"@id":"https:\/\/compuviper.mx\/tienda\/#organization"},"potentialAction":[{"@type":"SearchAction","target":{"@type":"EntryPoint","urlTemplate":"https:\/\/compuviper.mx\/tienda\/?s={search_term_string}"},"query-input":"required name=search_term_string"}],"inLanguage":"es-MX"},{"@type":"Organization","@id":"https:\/\/compuviper.mx\/tienda\/#organization","name":"Compuviper","url":"https:\/\/compuviper.mx\/tienda\/","logo":{"@type":"ImageObject","inLanguage":"es-MX","@id":"https:\/\/compuviper.mx\/tienda\/#\/schema\/logo\/image\/","url":"https:\/\/compuviper.mx\/tienda\/wp-content\/uploads\/2021\/08\/Logo-Compuviper-10.png","contentUrl":"https:\/\/compuviper.mx\/tienda\/wp-content\/uploads\/2021\/08\/Logo-Compuviper-10.png","width":1000,"height":500,"caption":"Compuviper"},"image":{"@id":"https:\/\/compuviper.mx\/tienda\/#\/schema\/logo\/image\/"},"sameAs":["https:\/\/www.facebook.com\/compuviper","https:\/\/www.youtube.com\/channel\/UCf73dERp9Y3cfOq7q8BhLjA?view_as=subscriber"]}]},"product_brand":"DAHUA","product_price_amount":"3918","product_price_currency":"MXN","og_availability":"instock","product_availability":"instock","product_retailer_item_id":"DH-SD40215N-HC-LA","product_condition":"new"},"_links":{"self":[{"href":"https:\/\/compuviper.mx\/tienda\/wp-json\/wp\/v2\/product\/216565"}],"collection":[{"href":"https:\/\/compuviper.mx\/tienda\/wp-json\/wp\/v2\/product"}],"about":[{"href":"https:\/\/compuviper.mx\/tienda\/wp-json\/wp\/v2\/types\/product"}],"replies":[{"embeddable":true,"href":"https:\/\/compuviper.mx\/tienda\/wp-json\/wp\/v2\/comments?post=216565"}],"wp:featuredmedia":[{"embeddable":true,"href":"https:\/\/compuviper.mx\/tienda\/wp-json\/wp\/v2\/media\/216566"}],"wp:attachment":[{"href":"https:\/\/compuviper.mx\/tienda\/wp-json\/wp\/v2\/media?parent=216565"}],"wp:term":[{"taxonomy":"product_cat","embeddable":true,"href":"https:\/\/compuviper.mx\/tienda\/wp-json\/wp\/v2\/product_cat?post=216565"},{"taxonomy":"product_tag","embeddable":true,"href":"https:\/\/compuviper.mx\/tienda\/wp-json\/wp\/v2\/product_tag?post=216565"}],"curies":[{"name":"wp","href":"https:\/\/api.w.org\/{rel}","templated":true}]}}