{"id":216525,"date":"2026-04-18T00:16:27","date_gmt":"2026-04-18T06:16:27","guid":{"rendered":"https:\/\/compuviper.mx\/tienda\/producto\/tp-link-tapo-c310-camara-ip-tp-link-wifi-pt-exterior-3mp-deteccion-de-movimiento-vision-nocturna-microsd-128gb-audio-birideccional-alarma-15-fps\/"},"modified":"2026-04-18T00:16:27","modified_gmt":"2026-04-18T06:16:27","slug":"tp-link-tapo-c310-camara-ip-tp-link-wifi-pt-exterior-3mp-deteccion-de-movimiento-vision-nocturna-microsd-128gb-audio-birideccional-alarma-15-fps","status":"publish","type":"product","link":"https:\/\/compuviper.mx\/tienda\/producto\/tp-link-tapo-c310-camara-ip-tp-link-wifi-pt-exterior-3mp-deteccion-de-movimiento-vision-nocturna-microsd-128gb-audio-birideccional-alarma-15-fps\/","title":{"rendered":"Tp Link Tapo C310 Camara Ip Tp-link  Wifi Pt Exterior 3mp Deteccion De Movimiento Vision Nocturna Microsd 128gb Audio Birideccional Alarma 15 Fps"},"content":{"rendered":"<table class=\"descripcion\">\n<tr>\n<td>Red<\/td>\n<\/tr>\n<tr>\n<td>Seguridad cifrado aes de 128 bits con ssl \/ tls<\/td>\n<\/tr>\n<tr>\n<td>Tarifa inal\u00e1mbrica 11 mbps (802.11b) 54 mbps (<\/td>\n<\/tr>\n<tr>\n<td>802.11g) 150 mbps<\/td>\n<\/tr>\n<tr>\n<td>(802.11n)<\/td>\n<\/tr>\n<tr>\n<td>Frecuencia 2.4 ghz<\/td>\n<\/tr>\n<tr>\n<td>Seguridad inal\u00e1mbrica wpa \/ wpa2-psk<\/td>\n<\/tr>\n<tr>\n<td>Notificaciones de actividad<\/td>\n<\/tr>\n<tr>\n<td>Disparador de entrada detecci\u00f3n de movimiento<\/td>\n<\/tr>\n<tr>\n<td>Notificaci\u00f3n de salida notificaci\u00f3n de inserci\u00f3n<\/td>\n<\/tr>\n<tr>\n<td>V\u00eddeo<\/td>\n<\/tr>\n<tr>\n<td>Compresi\u00f3n de video h.264<\/td>\n<\/tr>\n<tr>\n<td>Cuadros por segundo 15 fps<\/td>\n<\/tr>\n<tr>\n<td>V\u00eddeo transmitido en vivo 3mp<\/td>\n<\/tr>\n<tr>\n<td>Sistema<\/td>\n<\/tr>\n<tr>\n<td>Certificaci\u00f3n regulatoria ce, ncc<\/td>\n<\/tr>\n<tr>\n<td>Requisitos del sistema ios 9+, android 4.4+<\/td>\n<\/tr>\n<tr>\n<td>Ambiente<\/td>\n<\/tr>\n<tr>\n<td>Temperatura en funcionamiento -20 \u00b0 c ~ 45 \u00b0 c (-4 \u00b0 f ~ 113 \u00b0 f)<\/td>\n<\/tr>\n<tr>\n<td>Temperatura en almacenamiento -20 \u00b0 c ~ 70 \u00b0 c (-4 \u00b0 f ~ 158 \u00b0 f)<\/td>\n<\/tr>\n<tr>\n<td>Humedad en funcionamiento 10% ~ 90% rh sin condensaci\u00f3n<\/td>\n<\/tr>\n<tr>\n<td>Humedad en almacenamiento 5% ~ 90% rh sin condensaci\u00f3n<\/td>\n<\/tr>\n<tr>\n<td>Contenidos del paquete<\/td>\n<\/tr>\n<tr>\n<td>Contenido del paquete tapo c310<\/td>\n<\/tr>\n<tr>\n<td>Adaptador de corriente<\/td>\n<\/tr>\n<tr>\n<td>Plantilla de montaje<\/td>\n<\/tr>\n<tr>\n<td>Anclajes y tornillos<\/td>\n<\/tr>\n<tr>\n<td>Sello<\/td>\n<\/tr>\n<tr>\n<td>Impermeable accesorios de cable a prueba de agua<\/td>\n<\/tr>\n<tr>\n<td>Gu\u00eda de inicio r\u00e1pido<\/td>\n<\/tr>\n<tr>\n<td>Hardware<\/td>\n<\/tr>\n<tr>\n<td>Bot\u00f3n bot\u00f3n de reinicio<\/td>\n<\/tr>\n<tr>\n<td>Led indicador led del sistema<\/td>\n<\/tr>\n<tr>\n<td>Entrada del adaptador 100-240 vca, 50\/60 hz, 0,3 a<\/td>\n<\/tr>\n<tr>\n<td>Salida del adaptador 9.0v \/ 0.6a (alimentaci\u00f3n cc)<\/td>\n<\/tr>\n<tr>\n<td>Dimensiones (ancho x fondo x alto) 142,3 x 103,4 x 64,3 mm (5,6 x 4,1 x 2,5 pulg.)<\/td>\n<\/tr>\n<tr>\n<td>Camara<\/td>\n<\/tr>\n<tr>\n<td>Sensor de imagen 1\/2.7\u0093<\/td>\n<\/tr>\n<tr>\n<td>Resoluci\u00f3n 3 mp (2304 \u00d7 1296)<\/td>\n<\/tr>\n<tr>\n<td>Lente f \/ no: 2,2; longitud focal: 3,89 mm<\/td>\n<\/tr>\n<tr>\n<td>Vision nocturna led ir de 850 nm hasta 30 m (98 pies)<\/td>\n<\/tr>\n<tr>\n<td>Audio<\/td>\n<\/tr>\n<tr>\n<td>Comunicaci\u00f3n de audio audio bidireccional<\/td>\n<\/tr>\n<tr>\n<td>Entrada y salida de audio: micr\u00f3fono y altavoz integrados<\/td>\n<\/tr>\n<\/table>\n","protected":false},"excerpt":{"rendered":"<p>Tapo c310. C\u00e1mara wi-fi de seguridad para exteriores. * v\u00eddeo de ultra alta definici\u00f3n: graba todas las im\u00e1genes con una definici\u00f3n n\u00edtida de 3 mp. * redes cableadas o inal\u00e1mbricas: conecte su c\u00e1mara a la red a trav\u00e9s de ethernet o wifi para una instalaci\u00f3n m\u00e1s flexible. * visi\u00f3n nocturna avanzada: proporciona una distancia visual de hasta 30 m (98 pies) incluso en la oscuridad total. * detecci\u00f3n de movimiento y notificaciones: le notifica cuando la c\u00e1mara detecta movimiento. * alarma de luz y sonido: active los efectos de luz y sonido para ahuyentar a los visitantes no deseados. * audio bidireccional: permite la comunicaci\u00f3n a trav\u00e9s de un micr\u00f3fono y un altavoz integrados. * almacenamiento seguro: almacena localmente hasta 128 gb de video de 3mp en una tarjeta microsd, lo que ofrece un acceso conveniente a sus secuencias de video. * control por voz: libere sus manos con control por voz: funciona con el asistente de google y amazon alexa. (google assistant y amazon alexa no est\u00e1n disponibles en todos los idiomas y pa\u00edses).<\/p>\n","protected":false},"featured_media":216526,"comment_status":"open","ping_status":"open","template":"","meta":[],"product_cat":[1608,1681],"product_tag":[1562],"acf":[],"yoast_head":"<!-- This site is optimized with the Yoast SEO plugin v21.7 - https:\/\/yoast.com\/wordpress\/plugins\/seo\/ -->\n<title>[ Tp Link ] &#129351; Tapo C310 Camara Ip Tp-link Wifi Pt Exterior 3mp Deteccion De Movimiento Vision Nocturna Microsd 128gb Audio Birideccional Alarma 15 Fps<\/title>\n<meta name=\"description\" content=\"Compra Tapo C310 Camara Ip Tp-link Wifi Pt Exterior 3mp Deteccion De Movimiento Vision Nocturna Microsd 128gb Audio Birideccional Alarma 15 Fps + Env\u00edo a domicilio + Pago seguro + Garant\u00eda\" \/>\n<meta name=\"robots\" content=\"index, follow, max-snippet:-1, max-image-preview:large, max-video-preview:-1\" \/>\n<link rel=\"canonical\" href=\"https:\/\/compuviper.mx\/tienda\/producto\/tp-link-tapo-c310-camara-ip-tp-link-wifi-pt-exterior-3mp-deteccion-de-movimiento-vision-nocturna-microsd-128gb-audio-birideccional-alarma-15-fps\/\" \/>\n<meta property=\"og:locale\" content=\"es_MX\" \/>\n<meta property=\"og:type\" content=\"article\" \/>\n<meta property=\"og:title\" content=\"[ Tp Link ] &#129351; Tapo C310 Camara Ip Tp-link Wifi Pt Exterior 3mp Deteccion De Movimiento Vision Nocturna Microsd 128gb Audio Birideccional Alarma 15 Fps\" \/>\n<meta property=\"og:description\" content=\"Compra Tapo C310 Camara Ip Tp-link Wifi Pt Exterior 3mp Deteccion De Movimiento Vision Nocturna Microsd 128gb Audio Birideccional Alarma 15 Fps + Env\u00edo a domicilio + Pago seguro + Garant\u00eda\" \/>\n<meta property=\"og:url\" content=\"https:\/\/compuviper.mx\/tienda\/producto\/tp-link-tapo-c310-camara-ip-tp-link-wifi-pt-exterior-3mp-deteccion-de-movimiento-vision-nocturna-microsd-128gb-audio-birideccional-alarma-15-fps\/\" \/>\n<meta property=\"og:site_name\" content=\"Compuviper\" \/>\n<meta property=\"article:publisher\" content=\"https:\/\/www.facebook.com\/compuviper\" \/>\n<meta property=\"og:image\" content=\"https:\/\/compuviper.mx\/tienda\/wp-content\/uploads\/2023\/12\/Camara-ip-tp-link-tapo-c310-wifi-pt-exterior-3mp-deteccion-de-movimiento-vision-nocturna-microsd-128gb-audio-birideccional-alarma-15-fps.jpg\" \/>\n\t<meta property=\"og:image:width\" content=\"200\" \/>\n\t<meta property=\"og:image:height\" content=\"200\" \/>\n\t<meta property=\"og:image:type\" content=\"image\/jpeg\" \/>\n<meta name=\"twitter:card\" content=\"summary_large_image\" \/>\n<meta name=\"twitter:label1\" content=\"Precio\" \/>\n\t<meta name=\"twitter:data1\" content=\"&#36;621 con IVA\" \/>\n\t<meta name=\"twitter:label2\" content=\"Availability\" \/>\n\t<meta name=\"twitter:data2\" content=\"In stock\" \/>\n<script type=\"application\/ld+json\" class=\"yoast-schema-graph\">{\"@context\":\"https:\/\/schema.org\",\"@graph\":[{\"@type\":\"WebPage\",\"@id\":\"https:\/\/compuviper.mx\/tienda\/producto\/tp-link-tapo-c310-camara-ip-tp-link-wifi-pt-exterior-3mp-deteccion-de-movimiento-vision-nocturna-microsd-128gb-audio-birideccional-alarma-15-fps\/\",\"url\":\"https:\/\/compuviper.mx\/tienda\/producto\/tp-link-tapo-c310-camara-ip-tp-link-wifi-pt-exterior-3mp-deteccion-de-movimiento-vision-nocturna-microsd-128gb-audio-birideccional-alarma-15-fps\/\",\"name\":\"[ Tp Link ] &#129351; Tapo C310 Camara Ip Tp-link Wifi Pt Exterior 3mp Deteccion De Movimiento Vision Nocturna Microsd 128gb Audio Birideccional Alarma 15 Fps\",\"isPartOf\":{\"@id\":\"https:\/\/compuviper.mx\/tienda\/#website\"},\"datePublished\":\"2026-04-18T06:16:27+00:00\",\"dateModified\":\"2026-04-18T06:16:27+00:00\",\"description\":\"Compra Tapo C310 Camara Ip Tp-link Wifi Pt Exterior 3mp Deteccion De Movimiento Vision Nocturna Microsd 128gb Audio Birideccional Alarma 15 Fps + Env\u00edo a domicilio + Pago seguro + Garant\u00eda\",\"breadcrumb\":{\"@id\":\"https:\/\/compuviper.mx\/tienda\/producto\/tp-link-tapo-c310-camara-ip-tp-link-wifi-pt-exterior-3mp-deteccion-de-movimiento-vision-nocturna-microsd-128gb-audio-birideccional-alarma-15-fps\/#breadcrumb\"},\"inLanguage\":\"es-MX\",\"potentialAction\":[{\"@type\":\"ReadAction\",\"target\":[\"https:\/\/compuviper.mx\/tienda\/producto\/tp-link-tapo-c310-camara-ip-tp-link-wifi-pt-exterior-3mp-deteccion-de-movimiento-vision-nocturna-microsd-128gb-audio-birideccional-alarma-15-fps\/\"]}]},{\"@type\":\"BreadcrumbList\",\"@id\":\"https:\/\/compuviper.mx\/tienda\/producto\/tp-link-tapo-c310-camara-ip-tp-link-wifi-pt-exterior-3mp-deteccion-de-movimiento-vision-nocturna-microsd-128gb-audio-birideccional-alarma-15-fps\/#breadcrumb\",\"itemListElement\":[{\"@type\":\"ListItem\",\"position\":1,\"name\":\"Inicio\",\"item\":\"https:\/\/compuviper.mx\/tienda\/\"},{\"@type\":\"ListItem\",\"position\":2,\"name\":\"Productos\",\"item\":\"https:\/\/compuviper.mx\/tienda\/productos\/\"},{\"@type\":\"ListItem\",\"position\":3,\"name\":\"Camaras\",\"item\":\"https:\/\/compuviper.mx\/tienda\/categoria-producto\/camaras-2\/\"},{\"@type\":\"ListItem\",\"position\":4,\"name\":\"Camara De Videovigilancia\",\"item\":\"https:\/\/compuviper.mx\/tienda\/categoria-producto\/camaras-2\/camara-de-videovigilancia\/\"},{\"@type\":\"ListItem\",\"position\":5,\"name\":\"Tp Link Tapo C310 Camara Ip Tp-link Wifi Pt Exterior 3mp Deteccion De Movimiento Vision Nocturna Microsd 128gb Audio Birideccional Alarma 15 Fps\"}]},{\"@type\":\"WebSite\",\"@id\":\"https:\/\/compuviper.mx\/tienda\/#website\",\"url\":\"https:\/\/compuviper.mx\/tienda\/\",\"name\":\"Compuviper\",\"description\":\"Proveedor de Computadoras, Laptops, Servidores, Monitores, Puntos de Venta, Teclados,   Impresoras, T\u00f3ner, C\u00e1maras de Seguridad y m\u00e1s en tu tienda en l\u00ednea\",\"publisher\":{\"@id\":\"https:\/\/compuviper.mx\/tienda\/#organization\"},\"potentialAction\":[{\"@type\":\"SearchAction\",\"target\":{\"@type\":\"EntryPoint\",\"urlTemplate\":\"https:\/\/compuviper.mx\/tienda\/?s={search_term_string}\"},\"query-input\":\"required name=search_term_string\"}],\"inLanguage\":\"es-MX\"},{\"@type\":\"Organization\",\"@id\":\"https:\/\/compuviper.mx\/tienda\/#organization\",\"name\":\"Compuviper\",\"url\":\"https:\/\/compuviper.mx\/tienda\/\",\"logo\":{\"@type\":\"ImageObject\",\"inLanguage\":\"es-MX\",\"@id\":\"https:\/\/compuviper.mx\/tienda\/#\/schema\/logo\/image\/\",\"url\":\"https:\/\/compuviper.mx\/tienda\/wp-content\/uploads\/2021\/08\/Logo-Compuviper-10.png\",\"contentUrl\":\"https:\/\/compuviper.mx\/tienda\/wp-content\/uploads\/2021\/08\/Logo-Compuviper-10.png\",\"width\":1000,\"height\":500,\"caption\":\"Compuviper\"},\"image\":{\"@id\":\"https:\/\/compuviper.mx\/tienda\/#\/schema\/logo\/image\/\"},\"sameAs\":[\"https:\/\/www.facebook.com\/compuviper\",\"https:\/\/www.youtube.com\/channel\/UCf73dERp9Y3cfOq7q8BhLjA?view_as=subscriber\"]}]}<\/script>\n<meta property=\"product:brand\" content=\"TP LINK\" \/>\n<meta property=\"product:price:amount\" content=\"621\" \/>\n<meta property=\"product:price:currency\" content=\"MXN\" \/>\n<meta property=\"og:availability\" content=\"instock\" \/>\n<meta property=\"product:availability\" content=\"instock\" \/>\n<meta property=\"product:retailer_item_id\" content=\"TAPO C310\" \/>\n<meta property=\"product:condition\" content=\"new\" \/>\n<!-- \/ Yoast SEO plugin. -->","yoast_head_json":{"title":"[ Tp Link ] &#129351; Tapo C310 Camara Ip Tp-link Wifi Pt Exterior 3mp Deteccion De Movimiento Vision Nocturna Microsd 128gb Audio Birideccional Alarma 15 Fps","description":"Compra Tapo C310 Camara Ip Tp-link Wifi Pt Exterior 3mp Deteccion De Movimiento Vision Nocturna Microsd 128gb Audio Birideccional Alarma 15 Fps + Env\u00edo a domicilio + Pago seguro + Garant\u00eda","robots":{"index":"index","follow":"follow","max-snippet":"max-snippet:-1","max-image-preview":"max-image-preview:large","max-video-preview":"max-video-preview:-1"},"canonical":"https:\/\/compuviper.mx\/tienda\/producto\/tp-link-tapo-c310-camara-ip-tp-link-wifi-pt-exterior-3mp-deteccion-de-movimiento-vision-nocturna-microsd-128gb-audio-birideccional-alarma-15-fps\/","og_locale":"es_MX","og_type":"article","og_title":"[ Tp Link ] &#129351; Tapo C310 Camara Ip Tp-link Wifi Pt Exterior 3mp Deteccion De Movimiento Vision Nocturna Microsd 128gb Audio Birideccional Alarma 15 Fps","og_description":"Compra Tapo C310 Camara Ip Tp-link Wifi Pt Exterior 3mp Deteccion De Movimiento Vision Nocturna Microsd 128gb Audio Birideccional Alarma 15 Fps + Env\u00edo a domicilio + Pago seguro + Garant\u00eda","og_url":"https:\/\/compuviper.mx\/tienda\/producto\/tp-link-tapo-c310-camara-ip-tp-link-wifi-pt-exterior-3mp-deteccion-de-movimiento-vision-nocturna-microsd-128gb-audio-birideccional-alarma-15-fps\/","og_site_name":"Compuviper","article_publisher":"https:\/\/www.facebook.com\/compuviper","og_image":[{"width":200,"height":200,"url":"https:\/\/compuviper.mx\/tienda\/wp-content\/uploads\/2023\/12\/Camara-ip-tp-link-tapo-c310-wifi-pt-exterior-3mp-deteccion-de-movimiento-vision-nocturna-microsd-128gb-audio-birideccional-alarma-15-fps.jpg","type":"image\/jpeg"}],"twitter_card":"summary_large_image","twitter_misc":{"Precio":"&#36;621 con IVA","Availability":"In stock"},"schema":{"@context":"https:\/\/schema.org","@graph":[{"@type":"WebPage","@id":"https:\/\/compuviper.mx\/tienda\/producto\/tp-link-tapo-c310-camara-ip-tp-link-wifi-pt-exterior-3mp-deteccion-de-movimiento-vision-nocturna-microsd-128gb-audio-birideccional-alarma-15-fps\/","url":"https:\/\/compuviper.mx\/tienda\/producto\/tp-link-tapo-c310-camara-ip-tp-link-wifi-pt-exterior-3mp-deteccion-de-movimiento-vision-nocturna-microsd-128gb-audio-birideccional-alarma-15-fps\/","name":"[ Tp Link ] &#129351; Tapo C310 Camara Ip Tp-link Wifi Pt Exterior 3mp Deteccion De Movimiento Vision Nocturna Microsd 128gb Audio Birideccional Alarma 15 Fps","isPartOf":{"@id":"https:\/\/compuviper.mx\/tienda\/#website"},"datePublished":"2026-04-18T06:16:27+00:00","dateModified":"2026-04-18T06:16:27+00:00","description":"Compra Tapo C310 Camara Ip Tp-link Wifi Pt Exterior 3mp Deteccion De Movimiento Vision Nocturna Microsd 128gb Audio Birideccional Alarma 15 Fps + Env\u00edo a domicilio + Pago seguro + Garant\u00eda","breadcrumb":{"@id":"https:\/\/compuviper.mx\/tienda\/producto\/tp-link-tapo-c310-camara-ip-tp-link-wifi-pt-exterior-3mp-deteccion-de-movimiento-vision-nocturna-microsd-128gb-audio-birideccional-alarma-15-fps\/#breadcrumb"},"inLanguage":"es-MX","potentialAction":[{"@type":"ReadAction","target":["https:\/\/compuviper.mx\/tienda\/producto\/tp-link-tapo-c310-camara-ip-tp-link-wifi-pt-exterior-3mp-deteccion-de-movimiento-vision-nocturna-microsd-128gb-audio-birideccional-alarma-15-fps\/"]}]},{"@type":"BreadcrumbList","@id":"https:\/\/compuviper.mx\/tienda\/producto\/tp-link-tapo-c310-camara-ip-tp-link-wifi-pt-exterior-3mp-deteccion-de-movimiento-vision-nocturna-microsd-128gb-audio-birideccional-alarma-15-fps\/#breadcrumb","itemListElement":[{"@type":"ListItem","position":1,"name":"Inicio","item":"https:\/\/compuviper.mx\/tienda\/"},{"@type":"ListItem","position":2,"name":"Productos","item":"https:\/\/compuviper.mx\/tienda\/productos\/"},{"@type":"ListItem","position":3,"name":"Camaras","item":"https:\/\/compuviper.mx\/tienda\/categoria-producto\/camaras-2\/"},{"@type":"ListItem","position":4,"name":"Camara De Videovigilancia","item":"https:\/\/compuviper.mx\/tienda\/categoria-producto\/camaras-2\/camara-de-videovigilancia\/"},{"@type":"ListItem","position":5,"name":"Tp Link Tapo C310 Camara Ip Tp-link Wifi Pt Exterior 3mp Deteccion De Movimiento Vision Nocturna Microsd 128gb Audio Birideccional Alarma 15 Fps"}]},{"@type":"WebSite","@id":"https:\/\/compuviper.mx\/tienda\/#website","url":"https:\/\/compuviper.mx\/tienda\/","name":"Compuviper","description":"Proveedor de Computadoras, Laptops, Servidores, Monitores, Puntos de Venta, Teclados,   Impresoras, T\u00f3ner, C\u00e1maras de Seguridad y m\u00e1s en tu tienda en l\u00ednea","publisher":{"@id":"https:\/\/compuviper.mx\/tienda\/#organization"},"potentialAction":[{"@type":"SearchAction","target":{"@type":"EntryPoint","urlTemplate":"https:\/\/compuviper.mx\/tienda\/?s={search_term_string}"},"query-input":"required name=search_term_string"}],"inLanguage":"es-MX"},{"@type":"Organization","@id":"https:\/\/compuviper.mx\/tienda\/#organization","name":"Compuviper","url":"https:\/\/compuviper.mx\/tienda\/","logo":{"@type":"ImageObject","inLanguage":"es-MX","@id":"https:\/\/compuviper.mx\/tienda\/#\/schema\/logo\/image\/","url":"https:\/\/compuviper.mx\/tienda\/wp-content\/uploads\/2021\/08\/Logo-Compuviper-10.png","contentUrl":"https:\/\/compuviper.mx\/tienda\/wp-content\/uploads\/2021\/08\/Logo-Compuviper-10.png","width":1000,"height":500,"caption":"Compuviper"},"image":{"@id":"https:\/\/compuviper.mx\/tienda\/#\/schema\/logo\/image\/"},"sameAs":["https:\/\/www.facebook.com\/compuviper","https:\/\/www.youtube.com\/channel\/UCf73dERp9Y3cfOq7q8BhLjA?view_as=subscriber"]}]},"product_brand":"TP LINK","product_price_amount":"621","product_price_currency":"MXN","og_availability":"instock","product_availability":"instock","product_retailer_item_id":"TAPO C310","product_condition":"new"},"_links":{"self":[{"href":"https:\/\/compuviper.mx\/tienda\/wp-json\/wp\/v2\/product\/216525"}],"collection":[{"href":"https:\/\/compuviper.mx\/tienda\/wp-json\/wp\/v2\/product"}],"about":[{"href":"https:\/\/compuviper.mx\/tienda\/wp-json\/wp\/v2\/types\/product"}],"replies":[{"embeddable":true,"href":"https:\/\/compuviper.mx\/tienda\/wp-json\/wp\/v2\/comments?post=216525"}],"wp:featuredmedia":[{"embeddable":true,"href":"https:\/\/compuviper.mx\/tienda\/wp-json\/wp\/v2\/media\/216526"}],"wp:attachment":[{"href":"https:\/\/compuviper.mx\/tienda\/wp-json\/wp\/v2\/media?parent=216525"}],"wp:term":[{"taxonomy":"product_cat","embeddable":true,"href":"https:\/\/compuviper.mx\/tienda\/wp-json\/wp\/v2\/product_cat?post=216525"},{"taxonomy":"product_tag","embeddable":true,"href":"https:\/\/compuviper.mx\/tienda\/wp-json\/wp\/v2\/product_tag?post=216525"}],"curies":[{"name":"wp","href":"https:\/\/api.w.org\/{rel}","templated":true}]}}