{"id":216505,"date":"2026-04-02T00:11:28","date_gmt":"2026-04-02T06:11:28","guid":{"rendered":"https:\/\/compuviper.mx\/tienda\/producto\/logitech-960-000694-webcam-c270-hd-720-microfono-win-mac-os-chrome-os-android\/"},"modified":"2026-04-02T00:11:28","modified_gmt":"2026-04-02T06:11:28","slug":"logitech-960-000694-webcam-c270-hd-720-microfono-win-mac-os-chrome-os-android","status":"publish","type":"product","link":"https:\/\/compuviper.mx\/tienda\/producto\/logitech-960-000694-webcam-c270-hd-720-microfono-win-mac-os-chrome-os-android\/","title":{"rendered":"Logitech 960-000694 Webcam  C270 Hd 720 Microfono Win\/mac Os\/chrome Os\/ Android"},"content":{"rendered":"<table class=\"descripcion\">\n<tr>\n<td>Requisitos del sistema<\/td>\n<\/tr>\n<tr>\n<td>Compatible con:<\/td>\n<\/tr>\n<tr>\n<td>Windows\u00ae 10 o posterior, windows 8, windows 7<\/td>\n<\/tr>\n<tr>\n<td>Funciona en modo usb video device class (uvc) con clientes de videoconferencia compatibles:<\/td>\n<\/tr>\n<tr>\n<td>Macos 10.10 o posterior<\/td>\n<\/tr>\n<tr>\n<td>Chrome os\u0099<\/td>\n<\/tr>\n<tr>\n<td>Android\u0099 v 5.0 o posterior<\/td>\n<\/tr>\n<tr>\n<td>Puerto usb<\/td>\n<\/tr>\n<tr>\n<td>Acceso a internet<\/td>\n<\/tr>\n<tr>\n<td>Visita el sitio web de tu proveedor de soluciones para videoconferencias para obtener informaci\u00f3n detallada sobre los requisitos del sistema y desempe\u00f1o.<\/td>\n<\/tr>\n<tr>\n<td>Funciona con skype\u0099, google hangouts\u0099, facetime para mac<\/td>\n<\/tr>\n<tr>\n<td>Especificaciones<\/td>\n<\/tr>\n<tr>\n<td>Resoluci\u00f3n m\u00e1x.: 720p\/30 fps<\/td>\n<\/tr>\n<tr>\n<td>Tipo de enfoque: foco fijo<\/td>\n<\/tr>\n<tr>\n<td>Tecnolog\u00eda de lente: est\u00e1ndar<\/td>\n<\/tr>\n<tr>\n<td>Micr\u00f3fono integrado: mono<\/td>\n<\/tr>\n<tr>\n<td>Campo visual: 60\u00b0<\/td>\n<\/tr>\n<tr>\n<td>Clip universal para monitores, pantallas lcd o laptops<\/td>\n<\/tr>\n<tr>\n<td>Longitud de cable:<\/td>\n<\/tr>\n<tr>\n<td>1,5 m<\/td>\n<\/tr>\n<tr>\n<td>Esta caja contiene<\/td>\n<\/tr>\n<tr>\n<td>C270 con cable de 1,5 m<\/td>\n<\/tr>\n<tr>\n<td>Documentaci\u00f3n del usuario<\/td>\n<\/tr>\n<tr>\n<td>Informaci\u00f3n de garant\u00eda<\/td>\n<\/tr>\n<tr>\n<td>Dos a\u00f1os de garant\u00eda de hardware limitada<\/td>\n<\/tr>\n<tr>\n<td>N\u00famero de referencia<\/td>\n<\/tr>\n<tr>\n<td>N\u00ba de referencia: 960-000947<\/td>\n<\/tr>\n<\/table>\n","protected":false},"excerpt":{"rendered":"<p>Videoconferencias hd simplemente buenas. Consigue videoconferencias n\u00edtidas y fluidas (720p\/30 fps) en pantalla panor\u00e1mica con c270 hd webcam. La correcci\u00f3n de luz autom\u00e1tica produce colores vibrantes y naturales. Funciones. Widescreen hd 720p video calls. Videoconferencias hd 720p en pantalla panor\u00e1mica. Mant\u00e9n videoconferencias de alta definici\u00f3n en tus plataformas favoritas, como skype\u0099. A 30 cuadros por segundo, el video es fluido y las im\u00e1genes n\u00edtidas, coloridas y contrastadas. Your voice is heard. Tu voz se oye. El micr\u00f3fono reductor de ruido incorporado hace que se te oiga claramente, incluso en entornos bulliciosos. Look your best. Tu mejor imagen. Aunque la grabaci\u00f3n o la videoconferencia se haga en un entorno oscuro, la c270 se ajusta a las condiciones de iluminaci\u00f3n para producir im\u00e1genes m\u00e1s brillantes y contrastadas. Firmly fixed. Sujeci\u00f3n segura. La c\u00e1mara web se suministra con un clip universal. Puedes acoplarla a la pantalla o colocarla sobre otra superficie. Flexibility that goes beyond built-in. Flexibilidad superior a la de c\u00e1maras integradas. Peque\u00f1a, \u00e1gil y ajustable, la c270 da una nueva perspectiva a las videoconferencias.<\/p>\n","protected":false},"featured_media":216506,"comment_status":"open","ping_status":"open","template":"","meta":[],"product_cat":[1608,1682],"product_tag":[1500],"acf":[],"yoast_head":"<!-- This site is optimized with the Yoast SEO plugin v21.7 - https:\/\/yoast.com\/wordpress\/plugins\/seo\/ -->\n<title>[ Logitech ] &#129351; 960-000694 Webcam C270 Hd 720 Microfono Win\/mac Os\/chrome Os\/ Android<\/title>\n<meta name=\"description\" content=\"Compra 960-000694 Webcam C270 Hd 720 Microfono Win\/mac Os\/chrome Os\/ Android + Env\u00edo a domicilio + Pago seguro + Garant\u00eda\" \/>\n<meta name=\"robots\" content=\"index, follow, max-snippet:-1, max-image-preview:large, max-video-preview:-1\" \/>\n<link rel=\"canonical\" href=\"https:\/\/compuviper.mx\/tienda\/producto\/logitech-960-000694-webcam-c270-hd-720-microfono-win-mac-os-chrome-os-android\/\" \/>\n<meta property=\"og:locale\" content=\"es_MX\" \/>\n<meta property=\"og:type\" content=\"article\" \/>\n<meta property=\"og:title\" content=\"[ Logitech ] &#129351; 960-000694 Webcam C270 Hd 720 Microfono Win\/mac Os\/chrome Os\/ Android\" \/>\n<meta property=\"og:description\" content=\"Compra 960-000694 Webcam C270 Hd 720 Microfono Win\/mac Os\/chrome Os\/ Android + Env\u00edo a domicilio + Pago seguro + Garant\u00eda\" \/>\n<meta property=\"og:url\" content=\"https:\/\/compuviper.mx\/tienda\/producto\/logitech-960-000694-webcam-c270-hd-720-microfono-win-mac-os-chrome-os-android\/\" \/>\n<meta property=\"og:site_name\" content=\"Compuviper\" \/>\n<meta property=\"article:publisher\" content=\"https:\/\/www.facebook.com\/compuviper\" \/>\n<meta property=\"og:image\" content=\"https:\/\/compuviper.mx\/tienda\/wp-content\/uploads\/2023\/12\/Webcam-logitech-c270-hd-720-microfono-winmac-oschrome-os-android.jpg\" \/>\n\t<meta property=\"og:image:width\" content=\"200\" \/>\n\t<meta property=\"og:image:height\" content=\"200\" \/>\n\t<meta property=\"og:image:type\" content=\"image\/jpeg\" \/>\n<meta name=\"twitter:card\" content=\"summary_large_image\" \/>\n<meta name=\"twitter:label1\" content=\"Precio\" \/>\n\t<meta name=\"twitter:data1\" content=\"&#36;806 con IVA\" \/>\n\t<meta name=\"twitter:label2\" content=\"Availability\" \/>\n\t<meta name=\"twitter:data2\" content=\"Out of stock\" \/>\n<script type=\"application\/ld+json\" class=\"yoast-schema-graph\">{\"@context\":\"https:\/\/schema.org\",\"@graph\":[{\"@type\":\"WebPage\",\"@id\":\"https:\/\/compuviper.mx\/tienda\/producto\/logitech-960-000694-webcam-c270-hd-720-microfono-win-mac-os-chrome-os-android\/\",\"url\":\"https:\/\/compuviper.mx\/tienda\/producto\/logitech-960-000694-webcam-c270-hd-720-microfono-win-mac-os-chrome-os-android\/\",\"name\":\"[ Logitech ] &#129351; 960-000694 Webcam C270 Hd 720 Microfono Win\/mac Os\/chrome Os\/ Android\",\"isPartOf\":{\"@id\":\"https:\/\/compuviper.mx\/tienda\/#website\"},\"datePublished\":\"2026-04-02T06:11:28+00:00\",\"dateModified\":\"2026-04-02T06:11:28+00:00\",\"description\":\"Compra 960-000694 Webcam C270 Hd 720 Microfono Win\/mac Os\/chrome Os\/ Android + Env\u00edo a domicilio + Pago seguro + Garant\u00eda\",\"breadcrumb\":{\"@id\":\"https:\/\/compuviper.mx\/tienda\/producto\/logitech-960-000694-webcam-c270-hd-720-microfono-win-mac-os-chrome-os-android\/#breadcrumb\"},\"inLanguage\":\"es-MX\",\"potentialAction\":[{\"@type\":\"ReadAction\",\"target\":[\"https:\/\/compuviper.mx\/tienda\/producto\/logitech-960-000694-webcam-c270-hd-720-microfono-win-mac-os-chrome-os-android\/\"]}]},{\"@type\":\"BreadcrumbList\",\"@id\":\"https:\/\/compuviper.mx\/tienda\/producto\/logitech-960-000694-webcam-c270-hd-720-microfono-win-mac-os-chrome-os-android\/#breadcrumb\",\"itemListElement\":[{\"@type\":\"ListItem\",\"position\":1,\"name\":\"Inicio\",\"item\":\"https:\/\/compuviper.mx\/tienda\/\"},{\"@type\":\"ListItem\",\"position\":2,\"name\":\"Productos\",\"item\":\"https:\/\/compuviper.mx\/tienda\/productos\/\"},{\"@type\":\"ListItem\",\"position\":3,\"name\":\"Camaras\",\"item\":\"https:\/\/compuviper.mx\/tienda\/categoria-producto\/camaras-2\/\"},{\"@type\":\"ListItem\",\"position\":4,\"name\":\"Camara Web\",\"item\":\"https:\/\/compuviper.mx\/tienda\/categoria-producto\/camaras-2\/camara-web\/\"},{\"@type\":\"ListItem\",\"position\":5,\"name\":\"Logitech 960-000694 Webcam C270 Hd 720 Microfono Win\/mac Os\/chrome Os\/ Android\"}]},{\"@type\":\"WebSite\",\"@id\":\"https:\/\/compuviper.mx\/tienda\/#website\",\"url\":\"https:\/\/compuviper.mx\/tienda\/\",\"name\":\"Compuviper\",\"description\":\"Proveedor de Computadoras, Laptops, Servidores, Monitores, Puntos de Venta, Teclados,   Impresoras, T\u00f3ner, C\u00e1maras de Seguridad y m\u00e1s en tu tienda en l\u00ednea\",\"publisher\":{\"@id\":\"https:\/\/compuviper.mx\/tienda\/#organization\"},\"potentialAction\":[{\"@type\":\"SearchAction\",\"target\":{\"@type\":\"EntryPoint\",\"urlTemplate\":\"https:\/\/compuviper.mx\/tienda\/?s={search_term_string}\"},\"query-input\":\"required name=search_term_string\"}],\"inLanguage\":\"es-MX\"},{\"@type\":\"Organization\",\"@id\":\"https:\/\/compuviper.mx\/tienda\/#organization\",\"name\":\"Compuviper\",\"url\":\"https:\/\/compuviper.mx\/tienda\/\",\"logo\":{\"@type\":\"ImageObject\",\"inLanguage\":\"es-MX\",\"@id\":\"https:\/\/compuviper.mx\/tienda\/#\/schema\/logo\/image\/\",\"url\":\"https:\/\/compuviper.mx\/tienda\/wp-content\/uploads\/2021\/08\/Logo-Compuviper-10.png\",\"contentUrl\":\"https:\/\/compuviper.mx\/tienda\/wp-content\/uploads\/2021\/08\/Logo-Compuviper-10.png\",\"width\":1000,\"height\":500,\"caption\":\"Compuviper\"},\"image\":{\"@id\":\"https:\/\/compuviper.mx\/tienda\/#\/schema\/logo\/image\/\"},\"sameAs\":[\"https:\/\/www.facebook.com\/compuviper\",\"https:\/\/www.youtube.com\/channel\/UCf73dERp9Y3cfOq7q8BhLjA?view_as=subscriber\"]}]}<\/script>\n<meta property=\"product:brand\" content=\"LOGITECH\" \/>\n<meta property=\"product:price:amount\" content=\"806\" \/>\n<meta property=\"product:price:currency\" content=\"MXN\" \/>\n<meta property=\"og:availability\" content=\"out of stock\" \/>\n<meta property=\"product:availability\" content=\"out of stock\" \/>\n<meta property=\"product:retailer_item_id\" content=\"960-000694\" \/>\n<meta property=\"product:condition\" content=\"new\" \/>\n<!-- \/ Yoast SEO plugin. -->","yoast_head_json":{"title":"[ Logitech ] &#129351; 960-000694 Webcam C270 Hd 720 Microfono Win\/mac Os\/chrome Os\/ Android","description":"Compra 960-000694 Webcam C270 Hd 720 Microfono Win\/mac Os\/chrome Os\/ Android + Env\u00edo a domicilio + Pago seguro + Garant\u00eda","robots":{"index":"index","follow":"follow","max-snippet":"max-snippet:-1","max-image-preview":"max-image-preview:large","max-video-preview":"max-video-preview:-1"},"canonical":"https:\/\/compuviper.mx\/tienda\/producto\/logitech-960-000694-webcam-c270-hd-720-microfono-win-mac-os-chrome-os-android\/","og_locale":"es_MX","og_type":"article","og_title":"[ Logitech ] &#129351; 960-000694 Webcam C270 Hd 720 Microfono Win\/mac Os\/chrome Os\/ Android","og_description":"Compra 960-000694 Webcam C270 Hd 720 Microfono Win\/mac Os\/chrome Os\/ Android + Env\u00edo a domicilio + Pago seguro + Garant\u00eda","og_url":"https:\/\/compuviper.mx\/tienda\/producto\/logitech-960-000694-webcam-c270-hd-720-microfono-win-mac-os-chrome-os-android\/","og_site_name":"Compuviper","article_publisher":"https:\/\/www.facebook.com\/compuviper","og_image":[{"width":200,"height":200,"url":"https:\/\/compuviper.mx\/tienda\/wp-content\/uploads\/2023\/12\/Webcam-logitech-c270-hd-720-microfono-winmac-oschrome-os-android.jpg","type":"image\/jpeg"}],"twitter_card":"summary_large_image","twitter_misc":{"Precio":"&#36;806 con IVA","Availability":"Out of stock"},"schema":{"@context":"https:\/\/schema.org","@graph":[{"@type":"WebPage","@id":"https:\/\/compuviper.mx\/tienda\/producto\/logitech-960-000694-webcam-c270-hd-720-microfono-win-mac-os-chrome-os-android\/","url":"https:\/\/compuviper.mx\/tienda\/producto\/logitech-960-000694-webcam-c270-hd-720-microfono-win-mac-os-chrome-os-android\/","name":"[ Logitech ] &#129351; 960-000694 Webcam C270 Hd 720 Microfono Win\/mac Os\/chrome Os\/ Android","isPartOf":{"@id":"https:\/\/compuviper.mx\/tienda\/#website"},"datePublished":"2026-04-02T06:11:28+00:00","dateModified":"2026-04-02T06:11:28+00:00","description":"Compra 960-000694 Webcam C270 Hd 720 Microfono Win\/mac Os\/chrome Os\/ Android + Env\u00edo a domicilio + Pago seguro + Garant\u00eda","breadcrumb":{"@id":"https:\/\/compuviper.mx\/tienda\/producto\/logitech-960-000694-webcam-c270-hd-720-microfono-win-mac-os-chrome-os-android\/#breadcrumb"},"inLanguage":"es-MX","potentialAction":[{"@type":"ReadAction","target":["https:\/\/compuviper.mx\/tienda\/producto\/logitech-960-000694-webcam-c270-hd-720-microfono-win-mac-os-chrome-os-android\/"]}]},{"@type":"BreadcrumbList","@id":"https:\/\/compuviper.mx\/tienda\/producto\/logitech-960-000694-webcam-c270-hd-720-microfono-win-mac-os-chrome-os-android\/#breadcrumb","itemListElement":[{"@type":"ListItem","position":1,"name":"Inicio","item":"https:\/\/compuviper.mx\/tienda\/"},{"@type":"ListItem","position":2,"name":"Productos","item":"https:\/\/compuviper.mx\/tienda\/productos\/"},{"@type":"ListItem","position":3,"name":"Camaras","item":"https:\/\/compuviper.mx\/tienda\/categoria-producto\/camaras-2\/"},{"@type":"ListItem","position":4,"name":"Camara Web","item":"https:\/\/compuviper.mx\/tienda\/categoria-producto\/camaras-2\/camara-web\/"},{"@type":"ListItem","position":5,"name":"Logitech 960-000694 Webcam C270 Hd 720 Microfono Win\/mac Os\/chrome Os\/ Android"}]},{"@type":"WebSite","@id":"https:\/\/compuviper.mx\/tienda\/#website","url":"https:\/\/compuviper.mx\/tienda\/","name":"Compuviper","description":"Proveedor de Computadoras, Laptops, Servidores, Monitores, Puntos de Venta, Teclados,   Impresoras, T\u00f3ner, C\u00e1maras de Seguridad y m\u00e1s en tu tienda en l\u00ednea","publisher":{"@id":"https:\/\/compuviper.mx\/tienda\/#organization"},"potentialAction":[{"@type":"SearchAction","target":{"@type":"EntryPoint","urlTemplate":"https:\/\/compuviper.mx\/tienda\/?s={search_term_string}"},"query-input":"required name=search_term_string"}],"inLanguage":"es-MX"},{"@type":"Organization","@id":"https:\/\/compuviper.mx\/tienda\/#organization","name":"Compuviper","url":"https:\/\/compuviper.mx\/tienda\/","logo":{"@type":"ImageObject","inLanguage":"es-MX","@id":"https:\/\/compuviper.mx\/tienda\/#\/schema\/logo\/image\/","url":"https:\/\/compuviper.mx\/tienda\/wp-content\/uploads\/2021\/08\/Logo-Compuviper-10.png","contentUrl":"https:\/\/compuviper.mx\/tienda\/wp-content\/uploads\/2021\/08\/Logo-Compuviper-10.png","width":1000,"height":500,"caption":"Compuviper"},"image":{"@id":"https:\/\/compuviper.mx\/tienda\/#\/schema\/logo\/image\/"},"sameAs":["https:\/\/www.facebook.com\/compuviper","https:\/\/www.youtube.com\/channel\/UCf73dERp9Y3cfOq7q8BhLjA?view_as=subscriber"]}]},"product_brand":"LOGITECH","product_price_amount":"806","product_price_currency":"MXN","og_availability":"out of stock","product_availability":"out of stock","product_retailer_item_id":"960-000694","product_condition":"new"},"_links":{"self":[{"href":"https:\/\/compuviper.mx\/tienda\/wp-json\/wp\/v2\/product\/216505"}],"collection":[{"href":"https:\/\/compuviper.mx\/tienda\/wp-json\/wp\/v2\/product"}],"about":[{"href":"https:\/\/compuviper.mx\/tienda\/wp-json\/wp\/v2\/types\/product"}],"replies":[{"embeddable":true,"href":"https:\/\/compuviper.mx\/tienda\/wp-json\/wp\/v2\/comments?post=216505"}],"wp:featuredmedia":[{"embeddable":true,"href":"https:\/\/compuviper.mx\/tienda\/wp-json\/wp\/v2\/media\/216506"}],"wp:attachment":[{"href":"https:\/\/compuviper.mx\/tienda\/wp-json\/wp\/v2\/media?parent=216505"}],"wp:term":[{"taxonomy":"product_cat","embeddable":true,"href":"https:\/\/compuviper.mx\/tienda\/wp-json\/wp\/v2\/product_cat?post=216505"},{"taxonomy":"product_tag","embeddable":true,"href":"https:\/\/compuviper.mx\/tienda\/wp-json\/wp\/v2\/product_tag?post=216505"}],"curies":[{"name":"wp","href":"https:\/\/api.w.org\/{rel}","templated":true}]}}