{"id":216483,"date":"2026-04-23T00:11:10","date_gmt":"2026-04-23T06:11:10","guid":{"rendered":"https:\/\/compuviper.mx\/tienda\/producto\/dahua-dh-hac-hdw2802tn-a-camara-domo-eyeball-4k-8-megapixeles-lente-2-8-mm-ir-50-mts-starlight-wdr-120-db-audio-integrado-ip67\/"},"modified":"2026-04-23T00:11:10","modified_gmt":"2026-04-23T06:11:10","slug":"dahua-dh-hac-hdw2802tn-a-camara-domo-eyeball-4k-8-megapixeles-lente-2-8-mm-ir-50-mts-starlight-wdr-120-db-audio-integrado-ip67","status":"publish","type":"product","link":"https:\/\/compuviper.mx\/tienda\/producto\/dahua-dh-hac-hdw2802tn-a-camara-domo-eyeball-4k-8-megapixeles-lente-2-8-mm-ir-50-mts-starlight-wdr-120-db-audio-integrado-ip67\/","title":{"rendered":"Dahua Dh-hac-hdw2802tn-a Camara  Domo Eyeball 4k \/ 8 Megapixeles \/ Lente 2.8 Mm \/ Ir 50 Mts \/ Starlight Wdr 120 Db \/ Audio Integrado \/ Ip67"},"content":{"rendered":"<table class=\"descripcion\">\n<tr>\n<td>Sensor de imagen 1\/1.8 cmos<\/td>\n<\/tr>\n<tr>\n<td>Pixeles efectivos 3840(h) x 2160(v), 8mp<\/td>\n<\/tr>\n<tr>\n<td>Sistema de escaneo progresivo<\/td>\n<\/tr>\n<tr>\n<td>Velocidad de obturaci\u00f3n electr\u00f3nica<\/td>\n<\/tr>\n<tr>\n<td>Pal: 1\/4s~1\/100000s<\/td>\n<\/tr>\n<tr>\n<td>Ntsc: 1\/3s~1\/100000s<\/td>\n<\/tr>\n<tr>\n<td>M\u00ednimo de iluminaci\u00f3n 0.005lux\/f1.6, 0lux ir encendido<\/td>\n<\/tr>\n<tr>\n<td>Distancia de ir hasta 50m<\/td>\n<\/tr>\n<tr>\n<td>Control de ir on\/off auto \/ manual<\/td>\n<\/tr>\n<tr>\n<td>Leds ir 2<\/td>\n<\/tr>\n<tr>\n<td>Lente<\/td>\n<\/tr>\n<tr>\n<td>Tipo de lente lente fijo \/ iris fijo<\/td>\n<\/tr>\n<tr>\n<td>Tipo de montaje en tarjeta<\/td>\n<\/tr>\n<tr>\n<td>Longitud focal 2.8mm<\/td>\n<\/tr>\n<tr>\n<td>Max apertura f1.6<\/td>\n<\/tr>\n<tr>\n<td>Angulo de vista 87\u00b0 control focal manual<\/td>\n<\/tr>\n<tr>\n<td>Distancia de enfoque cercano<\/td>\n<\/tr>\n<tr>\n<td>2500mm<\/td>\n<\/tr>\n<tr>\n<td>98.43 pan \/ tilt \/ rotaci\u00f3n<\/td>\n<\/tr>\n<tr>\n<td>Pan\/tilt\/rotaci\u00f3n<\/td>\n<\/tr>\n<tr>\n<td>Pan: 0\u00b0 ~ 360\u00b0 tilt: 0\u00b0 ~ 70\u00b0 rotaci\u00f3n: 0\u00b0 ~ 360\u00b0 video<\/td>\n<\/tr>\n<tr>\n<td>Resoluci\u00f3n 8mp (3840 x 2160)<\/td>\n<\/tr>\n<tr>\n<td>Cuadros por segundo 15fps@4k, 20fps@6mp, 30fps@4mp<\/td>\n<\/tr>\n<tr>\n<td>Salida de video<\/td>\n<\/tr>\n<tr>\n<td>1-canal bnc salida de video en alta definici\u00f3n \/ salida devideo cvbs(cambia con<\/td>\n<\/tr>\n<tr>\n<td>Control o men\u00fa osd)<\/td>\n<\/tr>\n<tr>\n<td>D\u00eda\/noche auto (icr) \/ manual<\/td>\n<\/tr>\n<tr>\n<td>Men\u00fa osd multi &#8211; lenguaje<\/td>\n<\/tr>\n<tr>\n<td>Modo blc blc \/ hlc \/ dwdr<\/td>\n<\/tr>\n<tr>\n<td>Wdr 120db<\/td>\n<\/tr>\n<tr>\n<td>Control de ganancia agc<\/td>\n<\/tr>\n<tr>\n<td>Reducci\u00f3n de ruido 2d\/3d<\/td>\n<\/tr>\n<tr>\n<td>White balance auto \/ manual<\/td>\n<\/tr>\n<tr>\n<td>Smart ir auto \/ manual<\/td>\n<\/tr>\n<tr>\n<td>Certificaciones<\/td>\n<\/tr>\n<tr>\n<td>Certificaciones<\/td>\n<\/tr>\n<tr>\n<td>Ce (en55032, en55024, en50130-4)<\/td>\n<\/tr>\n<tr>\n<td>Fcc (cfr 47 fcc part 15 subpartb, ansi c63.4-2014)<\/td>\n<\/tr>\n<tr>\n<td>Ul (ul60950-1+can\/csa c22.2 no.60950-1)<\/td>\n<\/tr>\n<tr>\n<td>Interfase<\/td>\n<\/tr>\n<tr>\n<td>Interfase de audio 1 canal de entrada  and  micr\u00f3fono incorporado<\/td>\n<\/tr>\n<tr>\n<td>El\u00e9ctrico<\/td>\n<\/tr>\n<tr>\n<td>Fuente de alimentaci\u00f3n 12v dc \u00b130%<\/td>\n<\/tr>\n<tr>\n<td>Consumo de energ\u00eda max 8w ir endendido<\/td>\n<\/tr>\n<tr>\n<td>Ambiental<\/td>\n<\/tr>\n<tr>\n<td>Condiciones de operaci\u00f3n<\/td>\n<\/tr>\n<tr>\n<td>-30\u00b0c ~ +60\u00b0c menos que 90% de rh<\/td>\n<\/tr>\n<tr>\n<td>* el inicio debe hacerse en la parte superior -30\u00b0c<\/td>\n<\/tr>\n<tr>\n<td>Condiciones de almacenaje -30\u00b0c ~ +60\u00b0c menos que 90% de rh<\/td>\n<\/tr>\n<tr>\n<td>Indice de protecci\u00f3n y anti-vandalismo ip67<\/td>\n<\/tr>\n<tr>\n<td>Construcci\u00f3n<\/td>\n<\/tr>\n<tr>\n<td>Estructura met\u00e1lica<\/td>\n<\/tr>\n<tr>\n<td>Dimensiones  and #934;106mm\u00d799.2mm<\/td>\n<\/tr>\n<tr>\n<td>Peso neto 0.5 kg<\/td>\n<\/tr>\n<tr>\n<td>Peso bruto 0.62 kg<\/td>\n<\/tr>\n<\/table>\n","protected":false},"excerpt":{"rendered":"<p>La c\u00e1mara modelo hdw2802ta es una c\u00e1mara hdcvi 8mp (4k), con la cual podemos apreciar una imagen con mayor nitidez, brillo y claridad que cualquier otra c\u00e1mara de videovigilancia adem\u00e1s incorpora audio en su electr\u00f3nica. Cuenta con lente fijo de 2.8mm, potentes ir con alcance de hasta 50m para la visi\u00f3n nocturna y tambi\u00e9n dispone de la tecnolog\u00eda wdr real 120db que ofrece im\u00e1genes m\u00e1s nitidas incluso en las condiciones de contraste de luz intensas y adem\u00e1s cuenta con \u00edndice de protecci\u00f3n ip67 por lo que ofrece protecci\u00f3n contra polvo y agua, ideal para instalarse en exterior.<\/p>\n","protected":false},"featured_media":216484,"comment_status":"open","ping_status":"open","template":"","meta":[],"product_cat":[1681,1608],"product_tag":[1555],"acf":[],"yoast_head":"<!-- This site is optimized with the Yoast SEO plugin v21.7 - https:\/\/yoast.com\/wordpress\/plugins\/seo\/ -->\n<title>[ Dahua ] &#129351; Dh-hac-hdw2802tn-a Camara Domo Eyeball 4k \/ 8 Megapixeles \/ Lente 2.8 Mm \/ Ir 50 Mts \/ Starlight Wdr 120 Db \/ Audio Integrado \/ Ip67<\/title>\n<meta name=\"description\" content=\"Compra Dh-hac-hdw2802tn-a Camara Domo Eyeball 4k \/ 8 Megapixeles \/ Lente 2.8 Mm \/ Ir 50 Mts \/ Starlight Wdr 120 Db \/ Audio Integrado \/ Ip67 + Env\u00edo a domicilio + Pago seguro + Garant\u00eda\" \/>\n<meta name=\"robots\" content=\"index, follow, max-snippet:-1, max-image-preview:large, max-video-preview:-1\" \/>\n<link rel=\"canonical\" href=\"https:\/\/compuviper.mx\/tienda\/producto\/dahua-dh-hac-hdw2802tn-a-camara-domo-eyeball-4k-8-megapixeles-lente-2-8-mm-ir-50-mts-starlight-wdr-120-db-audio-integrado-ip67\/\" \/>\n<meta property=\"og:locale\" content=\"es_MX\" \/>\n<meta property=\"og:type\" content=\"article\" \/>\n<meta property=\"og:title\" content=\"[ Dahua ] &#129351; Dh-hac-hdw2802tn-a Camara Domo Eyeball 4k \/ 8 Megapixeles \/ Lente 2.8 Mm \/ Ir 50 Mts \/ Starlight Wdr 120 Db \/ Audio Integrado \/ Ip67\" \/>\n<meta property=\"og:description\" content=\"Compra Dh-hac-hdw2802tn-a Camara Domo Eyeball 4k \/ 8 Megapixeles \/ Lente 2.8 Mm \/ Ir 50 Mts \/ Starlight Wdr 120 Db \/ Audio Integrado \/ Ip67 + Env\u00edo a domicilio + Pago seguro + Garant\u00eda\" \/>\n<meta property=\"og:url\" content=\"https:\/\/compuviper.mx\/tienda\/producto\/dahua-dh-hac-hdw2802tn-a-camara-domo-eyeball-4k-8-megapixeles-lente-2-8-mm-ir-50-mts-starlight-wdr-120-db-audio-integrado-ip67\/\" \/>\n<meta property=\"og:site_name\" content=\"Compuviper\" \/>\n<meta property=\"article:publisher\" content=\"https:\/\/www.facebook.com\/compuviper\" \/>\n<meta property=\"og:image\" content=\"https:\/\/compuviper.mx\/tienda\/wp-content\/uploads\/2023\/12\/Camara-dahua-domo-eyeball-4k-8-megapixeles-lente-2.8-mm-ir-50-mts-starlight-wdr-120-db-audio-integrado-ip67.jpg\" \/>\n\t<meta property=\"og:image:width\" content=\"200\" \/>\n\t<meta property=\"og:image:height\" content=\"200\" \/>\n\t<meta property=\"og:image:type\" content=\"image\/jpeg\" \/>\n<meta name=\"twitter:card\" content=\"summary_large_image\" \/>\n<meta name=\"twitter:label1\" content=\"Precio\" \/>\n\t<meta name=\"twitter:data1\" content=\"&#36;1,184 con IVA\" \/>\n\t<meta name=\"twitter:label2\" content=\"Availability\" \/>\n\t<meta name=\"twitter:data2\" content=\"Out of stock\" \/>\n<script type=\"application\/ld+json\" class=\"yoast-schema-graph\">{\"@context\":\"https:\/\/schema.org\",\"@graph\":[{\"@type\":\"WebPage\",\"@id\":\"https:\/\/compuviper.mx\/tienda\/producto\/dahua-dh-hac-hdw2802tn-a-camara-domo-eyeball-4k-8-megapixeles-lente-2-8-mm-ir-50-mts-starlight-wdr-120-db-audio-integrado-ip67\/\",\"url\":\"https:\/\/compuviper.mx\/tienda\/producto\/dahua-dh-hac-hdw2802tn-a-camara-domo-eyeball-4k-8-megapixeles-lente-2-8-mm-ir-50-mts-starlight-wdr-120-db-audio-integrado-ip67\/\",\"name\":\"[ Dahua ] &#129351; Dh-hac-hdw2802tn-a Camara Domo Eyeball 4k \/ 8 Megapixeles \/ Lente 2.8 Mm \/ Ir 50 Mts \/ Starlight Wdr 120 Db \/ Audio Integrado \/ Ip67\",\"isPartOf\":{\"@id\":\"https:\/\/compuviper.mx\/tienda\/#website\"},\"datePublished\":\"2026-04-23T06:11:10+00:00\",\"dateModified\":\"2026-04-23T06:11:10+00:00\",\"description\":\"Compra Dh-hac-hdw2802tn-a Camara Domo Eyeball 4k \/ 8 Megapixeles \/ Lente 2.8 Mm \/ Ir 50 Mts \/ Starlight Wdr 120 Db \/ Audio Integrado \/ Ip67 + Env\u00edo a domicilio + Pago seguro + Garant\u00eda\",\"breadcrumb\":{\"@id\":\"https:\/\/compuviper.mx\/tienda\/producto\/dahua-dh-hac-hdw2802tn-a-camara-domo-eyeball-4k-8-megapixeles-lente-2-8-mm-ir-50-mts-starlight-wdr-120-db-audio-integrado-ip67\/#breadcrumb\"},\"inLanguage\":\"es-MX\",\"potentialAction\":[{\"@type\":\"ReadAction\",\"target\":[\"https:\/\/compuviper.mx\/tienda\/producto\/dahua-dh-hac-hdw2802tn-a-camara-domo-eyeball-4k-8-megapixeles-lente-2-8-mm-ir-50-mts-starlight-wdr-120-db-audio-integrado-ip67\/\"]}]},{\"@type\":\"BreadcrumbList\",\"@id\":\"https:\/\/compuviper.mx\/tienda\/producto\/dahua-dh-hac-hdw2802tn-a-camara-domo-eyeball-4k-8-megapixeles-lente-2-8-mm-ir-50-mts-starlight-wdr-120-db-audio-integrado-ip67\/#breadcrumb\",\"itemListElement\":[{\"@type\":\"ListItem\",\"position\":1,\"name\":\"Inicio\",\"item\":\"https:\/\/compuviper.mx\/tienda\/\"},{\"@type\":\"ListItem\",\"position\":2,\"name\":\"Productos\",\"item\":\"https:\/\/compuviper.mx\/tienda\/productos\/\"},{\"@type\":\"ListItem\",\"position\":3,\"name\":\"Camaras\",\"item\":\"https:\/\/compuviper.mx\/tienda\/categoria-producto\/camaras-2\/\"},{\"@type\":\"ListItem\",\"position\":4,\"name\":\"Camara De Videovigilancia\",\"item\":\"https:\/\/compuviper.mx\/tienda\/categoria-producto\/camaras-2\/camara-de-videovigilancia\/\"},{\"@type\":\"ListItem\",\"position\":5,\"name\":\"Dahua Dh-hac-hdw2802tn-a Camara Domo Eyeball 4k \/ 8 Megapixeles \/ Lente 2.8 Mm \/ Ir 50 Mts \/ Starlight Wdr 120 Db \/ Audio Integrado \/ Ip67\"}]},{\"@type\":\"WebSite\",\"@id\":\"https:\/\/compuviper.mx\/tienda\/#website\",\"url\":\"https:\/\/compuviper.mx\/tienda\/\",\"name\":\"Compuviper\",\"description\":\"Proveedor de Computadoras, Laptops, Servidores, Monitores, Puntos de Venta, Teclados,   Impresoras, T\u00f3ner, C\u00e1maras de Seguridad y m\u00e1s en tu tienda en l\u00ednea\",\"publisher\":{\"@id\":\"https:\/\/compuviper.mx\/tienda\/#organization\"},\"potentialAction\":[{\"@type\":\"SearchAction\",\"target\":{\"@type\":\"EntryPoint\",\"urlTemplate\":\"https:\/\/compuviper.mx\/tienda\/?s={search_term_string}\"},\"query-input\":\"required name=search_term_string\"}],\"inLanguage\":\"es-MX\"},{\"@type\":\"Organization\",\"@id\":\"https:\/\/compuviper.mx\/tienda\/#organization\",\"name\":\"Compuviper\",\"url\":\"https:\/\/compuviper.mx\/tienda\/\",\"logo\":{\"@type\":\"ImageObject\",\"inLanguage\":\"es-MX\",\"@id\":\"https:\/\/compuviper.mx\/tienda\/#\/schema\/logo\/image\/\",\"url\":\"https:\/\/compuviper.mx\/tienda\/wp-content\/uploads\/2021\/08\/Logo-Compuviper-10.png\",\"contentUrl\":\"https:\/\/compuviper.mx\/tienda\/wp-content\/uploads\/2021\/08\/Logo-Compuviper-10.png\",\"width\":1000,\"height\":500,\"caption\":\"Compuviper\"},\"image\":{\"@id\":\"https:\/\/compuviper.mx\/tienda\/#\/schema\/logo\/image\/\"},\"sameAs\":[\"https:\/\/www.facebook.com\/compuviper\",\"https:\/\/www.youtube.com\/channel\/UCf73dERp9Y3cfOq7q8BhLjA?view_as=subscriber\"]}]}<\/script>\n<meta property=\"product:brand\" content=\"DAHUA\" \/>\n<meta property=\"product:price:amount\" content=\"1184\" \/>\n<meta property=\"product:price:currency\" content=\"MXN\" \/>\n<meta property=\"og:availability\" content=\"out of stock\" \/>\n<meta property=\"product:availability\" content=\"out of stock\" \/>\n<meta property=\"product:retailer_item_id\" content=\"DH-HAC-HDW2802TN-A\" \/>\n<meta property=\"product:condition\" content=\"new\" \/>\n<!-- \/ Yoast SEO plugin. -->","yoast_head_json":{"title":"[ Dahua ] &#129351; Dh-hac-hdw2802tn-a Camara Domo Eyeball 4k \/ 8 Megapixeles \/ Lente 2.8 Mm \/ Ir 50 Mts \/ Starlight Wdr 120 Db \/ Audio Integrado \/ Ip67","description":"Compra Dh-hac-hdw2802tn-a Camara Domo Eyeball 4k \/ 8 Megapixeles \/ Lente 2.8 Mm \/ Ir 50 Mts \/ Starlight Wdr 120 Db \/ Audio Integrado \/ Ip67 + Env\u00edo a domicilio + Pago seguro + Garant\u00eda","robots":{"index":"index","follow":"follow","max-snippet":"max-snippet:-1","max-image-preview":"max-image-preview:large","max-video-preview":"max-video-preview:-1"},"canonical":"https:\/\/compuviper.mx\/tienda\/producto\/dahua-dh-hac-hdw2802tn-a-camara-domo-eyeball-4k-8-megapixeles-lente-2-8-mm-ir-50-mts-starlight-wdr-120-db-audio-integrado-ip67\/","og_locale":"es_MX","og_type":"article","og_title":"[ Dahua ] &#129351; Dh-hac-hdw2802tn-a Camara Domo Eyeball 4k \/ 8 Megapixeles \/ Lente 2.8 Mm \/ Ir 50 Mts \/ Starlight Wdr 120 Db \/ Audio Integrado \/ Ip67","og_description":"Compra Dh-hac-hdw2802tn-a Camara Domo Eyeball 4k \/ 8 Megapixeles \/ Lente 2.8 Mm \/ Ir 50 Mts \/ Starlight Wdr 120 Db \/ Audio Integrado \/ Ip67 + Env\u00edo a domicilio + Pago seguro + Garant\u00eda","og_url":"https:\/\/compuviper.mx\/tienda\/producto\/dahua-dh-hac-hdw2802tn-a-camara-domo-eyeball-4k-8-megapixeles-lente-2-8-mm-ir-50-mts-starlight-wdr-120-db-audio-integrado-ip67\/","og_site_name":"Compuviper","article_publisher":"https:\/\/www.facebook.com\/compuviper","og_image":[{"width":200,"height":200,"url":"https:\/\/compuviper.mx\/tienda\/wp-content\/uploads\/2023\/12\/Camara-dahua-domo-eyeball-4k-8-megapixeles-lente-2.8-mm-ir-50-mts-starlight-wdr-120-db-audio-integrado-ip67.jpg","type":"image\/jpeg"}],"twitter_card":"summary_large_image","twitter_misc":{"Precio":"&#36;1,184 con IVA","Availability":"Out of stock"},"schema":{"@context":"https:\/\/schema.org","@graph":[{"@type":"WebPage","@id":"https:\/\/compuviper.mx\/tienda\/producto\/dahua-dh-hac-hdw2802tn-a-camara-domo-eyeball-4k-8-megapixeles-lente-2-8-mm-ir-50-mts-starlight-wdr-120-db-audio-integrado-ip67\/","url":"https:\/\/compuviper.mx\/tienda\/producto\/dahua-dh-hac-hdw2802tn-a-camara-domo-eyeball-4k-8-megapixeles-lente-2-8-mm-ir-50-mts-starlight-wdr-120-db-audio-integrado-ip67\/","name":"[ Dahua ] &#129351; Dh-hac-hdw2802tn-a Camara Domo Eyeball 4k \/ 8 Megapixeles \/ Lente 2.8 Mm \/ Ir 50 Mts \/ Starlight Wdr 120 Db \/ Audio Integrado \/ Ip67","isPartOf":{"@id":"https:\/\/compuviper.mx\/tienda\/#website"},"datePublished":"2026-04-23T06:11:10+00:00","dateModified":"2026-04-23T06:11:10+00:00","description":"Compra Dh-hac-hdw2802tn-a Camara Domo Eyeball 4k \/ 8 Megapixeles \/ Lente 2.8 Mm \/ Ir 50 Mts \/ Starlight Wdr 120 Db \/ Audio Integrado \/ Ip67 + Env\u00edo a domicilio + Pago seguro + Garant\u00eda","breadcrumb":{"@id":"https:\/\/compuviper.mx\/tienda\/producto\/dahua-dh-hac-hdw2802tn-a-camara-domo-eyeball-4k-8-megapixeles-lente-2-8-mm-ir-50-mts-starlight-wdr-120-db-audio-integrado-ip67\/#breadcrumb"},"inLanguage":"es-MX","potentialAction":[{"@type":"ReadAction","target":["https:\/\/compuviper.mx\/tienda\/producto\/dahua-dh-hac-hdw2802tn-a-camara-domo-eyeball-4k-8-megapixeles-lente-2-8-mm-ir-50-mts-starlight-wdr-120-db-audio-integrado-ip67\/"]}]},{"@type":"BreadcrumbList","@id":"https:\/\/compuviper.mx\/tienda\/producto\/dahua-dh-hac-hdw2802tn-a-camara-domo-eyeball-4k-8-megapixeles-lente-2-8-mm-ir-50-mts-starlight-wdr-120-db-audio-integrado-ip67\/#breadcrumb","itemListElement":[{"@type":"ListItem","position":1,"name":"Inicio","item":"https:\/\/compuviper.mx\/tienda\/"},{"@type":"ListItem","position":2,"name":"Productos","item":"https:\/\/compuviper.mx\/tienda\/productos\/"},{"@type":"ListItem","position":3,"name":"Camaras","item":"https:\/\/compuviper.mx\/tienda\/categoria-producto\/camaras-2\/"},{"@type":"ListItem","position":4,"name":"Camara De Videovigilancia","item":"https:\/\/compuviper.mx\/tienda\/categoria-producto\/camaras-2\/camara-de-videovigilancia\/"},{"@type":"ListItem","position":5,"name":"Dahua Dh-hac-hdw2802tn-a Camara Domo Eyeball 4k \/ 8 Megapixeles \/ Lente 2.8 Mm \/ Ir 50 Mts \/ Starlight Wdr 120 Db \/ Audio Integrado \/ Ip67"}]},{"@type":"WebSite","@id":"https:\/\/compuviper.mx\/tienda\/#website","url":"https:\/\/compuviper.mx\/tienda\/","name":"Compuviper","description":"Proveedor de Computadoras, Laptops, Servidores, Monitores, Puntos de Venta, Teclados,   Impresoras, T\u00f3ner, C\u00e1maras de Seguridad y m\u00e1s en tu tienda en l\u00ednea","publisher":{"@id":"https:\/\/compuviper.mx\/tienda\/#organization"},"potentialAction":[{"@type":"SearchAction","target":{"@type":"EntryPoint","urlTemplate":"https:\/\/compuviper.mx\/tienda\/?s={search_term_string}"},"query-input":"required name=search_term_string"}],"inLanguage":"es-MX"},{"@type":"Organization","@id":"https:\/\/compuviper.mx\/tienda\/#organization","name":"Compuviper","url":"https:\/\/compuviper.mx\/tienda\/","logo":{"@type":"ImageObject","inLanguage":"es-MX","@id":"https:\/\/compuviper.mx\/tienda\/#\/schema\/logo\/image\/","url":"https:\/\/compuviper.mx\/tienda\/wp-content\/uploads\/2021\/08\/Logo-Compuviper-10.png","contentUrl":"https:\/\/compuviper.mx\/tienda\/wp-content\/uploads\/2021\/08\/Logo-Compuviper-10.png","width":1000,"height":500,"caption":"Compuviper"},"image":{"@id":"https:\/\/compuviper.mx\/tienda\/#\/schema\/logo\/image\/"},"sameAs":["https:\/\/www.facebook.com\/compuviper","https:\/\/www.youtube.com\/channel\/UCf73dERp9Y3cfOq7q8BhLjA?view_as=subscriber"]}]},"product_brand":"DAHUA","product_price_amount":"1184","product_price_currency":"MXN","og_availability":"out of stock","product_availability":"out of stock","product_retailer_item_id":"DH-HAC-HDW2802TN-A","product_condition":"new"},"_links":{"self":[{"href":"https:\/\/compuviper.mx\/tienda\/wp-json\/wp\/v2\/product\/216483"}],"collection":[{"href":"https:\/\/compuviper.mx\/tienda\/wp-json\/wp\/v2\/product"}],"about":[{"href":"https:\/\/compuviper.mx\/tienda\/wp-json\/wp\/v2\/types\/product"}],"replies":[{"embeddable":true,"href":"https:\/\/compuviper.mx\/tienda\/wp-json\/wp\/v2\/comments?post=216483"}],"wp:featuredmedia":[{"embeddable":true,"href":"https:\/\/compuviper.mx\/tienda\/wp-json\/wp\/v2\/media\/216484"}],"wp:attachment":[{"href":"https:\/\/compuviper.mx\/tienda\/wp-json\/wp\/v2\/media?parent=216483"}],"wp:term":[{"taxonomy":"product_cat","embeddable":true,"href":"https:\/\/compuviper.mx\/tienda\/wp-json\/wp\/v2\/product_cat?post=216483"},{"taxonomy":"product_tag","embeddable":true,"href":"https:\/\/compuviper.mx\/tienda\/wp-json\/wp\/v2\/product_tag?post=216483"}],"curies":[{"name":"wp","href":"https:\/\/api.w.org\/{rel}","templated":true}]}}