{"id":216475,"date":"2026-04-09T00:10:36","date_gmt":"2026-04-09T06:10:36","guid":{"rendered":"https:\/\/compuviper.mx\/tienda\/producto\/mirati-mcip3-camara-ip-inalambrica-2mp-wifi-ptz-pan-tilt-1080p-full-hd-lente-3-6mm-p2p-audio-2-vias-vision-nocturna-almacenamiento-micro-sd-smart-home\/"},"modified":"2026-04-09T00:10:36","modified_gmt":"2026-04-09T06:10:36","slug":"mirati-mcip3-camara-ip-inalambrica-2mp-wifi-ptz-pan-tilt-1080p-full-hd-lente-3-6mm-p2p-audio-2-vias-vision-nocturna-almacenamiento-micro-sd-smart-home","status":"publish","type":"product","link":"https:\/\/compuviper.mx\/tienda\/producto\/mirati-mcip3-camara-ip-inalambrica-2mp-wifi-ptz-pan-tilt-1080p-full-hd-lente-3-6mm-p2p-audio-2-vias-vision-nocturna-almacenamiento-micro-sd-smart-home\/","title":{"rendered":"Mirati Mcip3 Camara  Ip Inalambrica 2mp\/ Wifi \/ Ptz Pan-tilt \/1080p Full Hd \/ Lente 3.6mm \/ P2p \/ Audio 2 Vias \/ Vision Nocturna \/ Almacenamiento Micro Sd \/ Smart Home"},"content":{"rendered":"<table class=\"descripcion\">\n<tr>\n<td>Facil configuracion p2p<\/td>\n<\/tr>\n<tr>\n<td>Resolucion 2mp 1920 x 1080<\/td>\n<\/tr>\n<tr>\n<td>C\u00e1mara policarbonato de alta resistencia<\/td>\n<\/tr>\n<tr>\n<td>Cuenta con soporte pan  and  til<\/td>\n<\/tr>\n<tr>\n<td>Sensor 1\/4 \u00a8 cmos escaneo progresivo<\/td>\n<\/tr>\n<tr>\n<td>Lente de 3,6mm<\/td>\n<\/tr>\n<tr>\n<td>Almacenamiento micro sd hasta 128gb<\/td>\n<\/tr>\n<tr>\n<td>Almacenamiento en la nube mediante aplicacion<\/td>\n<\/tr>\n<tr>\n<td>Audfono y bocinas integrados audio 2 vias<\/td>\n<\/tr>\n<tr>\n<td>Conexion wi-fi<\/td>\n<\/tr>\n<tr>\n<td>App para android e ios<\/td>\n<\/tr>\n<tr>\n<td>Comparte el control con otro usuario<\/td>\n<\/tr>\n<tr>\n<td>App: mirati home<\/td>\n<\/tr>\n<tr>\n<td>Compresion de video h264\/mjpeg<\/td>\n<\/tr>\n<tr>\n<td>Vision nocturna 6 leds ir rango de vision hasta 5 &#8211; 10 metros<\/td>\n<\/tr>\n<tr>\n<td>Angulo de vision 100\u00b0<\/td>\n<\/tr>\n<tr>\n<td>Fuente de poder 5v micro usb<\/td>\n<\/tr>\n<tr>\n<td>Conector de ethernet rj45 cat 5e<\/td>\n<\/tr>\n<tr>\n<td>Uso interior<\/td>\n<\/tr>\n<tr>\n<td>Wifi: ieee 802.11 b\/g\/n<\/td>\n<\/tr>\n<tr>\n<td>Frecuencia wifi: 2.4ghz<\/td>\n<\/tr>\n<\/table>\n","protected":false},"excerpt":{"rendered":"<p>* resoluci\u00f3n full hd 1080p, pan\/tilt desde tu smartphone, gira 355\u00b0 horizontal y 120\u00b0 vertical, rastreo autom\u00e1tico de movimiento, audio seleccionable de una o dos v\u00edas, visi\u00f3n nocturna (hasta 10m) y \u00e1ngulo de visi\u00f3n de 100?. * se controla y visualiza desde tu smartphone. * m\u00faltiples opciones para grabar: 1) smartphone: tomar fotos y grabar video en tiempo real; 2) tarjeta de memoria (no incluida): graba de forma continua o al detectar movimiento (permite establecer m\u00faltiples horarios para habilitar y deshabilitar el grabado); 3) nube (requiere suscripci\u00f3n no incluida): al detectar movimiento. * puedes extraer segmentos de video de la tarjeta de memoria, almacenarlos en tu smartphone y compartirlos f\u00e1cilmente. Tambi\u00e9n, al detectar movimiento, puedes recibir notificaciones en tu smartphone o desencadenar alguna rutina programada, como encender nuestro foco inteligente en color rojo (mod. Sh-4 y sh-5). Se puede controlar y monitorear por m\u00faltiples usuarios. * este producto cuenta con 1 a\u00f1o de garant\u00eda a partir de la fecha de compra<\/p>\n","protected":false},"featured_media":216476,"comment_status":"open","ping_status":"open","template":"","meta":[],"product_cat":[1681,1608],"product_tag":[1684],"acf":[],"yoast_head":"<!-- This site is optimized with the Yoast SEO plugin v21.7 - https:\/\/yoast.com\/wordpress\/plugins\/seo\/ -->\n<title>[ Mirati ] &#129351; Mcip3 Camara Ip Inalambrica 2mp\/ Wifi \/ Ptz Pan-tilt \/1080p Full Hd \/ Lente 3.6mm \/ P2p \/ Audio 2 Vias \/ Vision Nocturna \/ Almacenamiento Micro Sd \/ Smart Home<\/title>\n<meta name=\"description\" content=\"Compra Mcip3 Camara Ip Inalambrica 2mp\/ Wifi \/ Ptz Pan-tilt \/1080p Full Hd \/ Lente 3.6mm \/ P2p \/ Audio 2 Vias \/ Vision Nocturna \/ Almacenamiento Micro Sd \/ Smart Home + Env\u00edo a domicilio + Pago seguro + Garant\u00eda\" \/>\n<meta name=\"robots\" content=\"index, follow, max-snippet:-1, max-image-preview:large, max-video-preview:-1\" \/>\n<link rel=\"canonical\" href=\"https:\/\/compuviper.mx\/tienda\/producto\/mirati-mcip3-camara-ip-inalambrica-2mp-wifi-ptz-pan-tilt-1080p-full-hd-lente-3-6mm-p2p-audio-2-vias-vision-nocturna-almacenamiento-micro-sd-smart-home\/\" \/>\n<meta property=\"og:locale\" content=\"es_MX\" \/>\n<meta property=\"og:type\" content=\"article\" \/>\n<meta property=\"og:title\" content=\"[ Mirati ] &#129351; Mcip3 Camara Ip Inalambrica 2mp\/ Wifi \/ Ptz Pan-tilt \/1080p Full Hd \/ Lente 3.6mm \/ P2p \/ Audio 2 Vias \/ Vision Nocturna \/ Almacenamiento Micro Sd \/ Smart Home\" \/>\n<meta property=\"og:description\" content=\"Compra Mcip3 Camara Ip Inalambrica 2mp\/ Wifi \/ Ptz Pan-tilt \/1080p Full Hd \/ Lente 3.6mm \/ P2p \/ Audio 2 Vias \/ Vision Nocturna \/ Almacenamiento Micro Sd \/ Smart Home + Env\u00edo a domicilio + Pago seguro + Garant\u00eda\" \/>\n<meta property=\"og:url\" content=\"https:\/\/compuviper.mx\/tienda\/producto\/mirati-mcip3-camara-ip-inalambrica-2mp-wifi-ptz-pan-tilt-1080p-full-hd-lente-3-6mm-p2p-audio-2-vias-vision-nocturna-almacenamiento-micro-sd-smart-home\/\" \/>\n<meta property=\"og:site_name\" content=\"Compuviper\" \/>\n<meta property=\"article:publisher\" content=\"https:\/\/www.facebook.com\/compuviper\" \/>\n<meta property=\"og:image\" content=\"https:\/\/compuviper.mx\/tienda\/wp-content\/uploads\/2023\/12\/Camara-mirati-ip-inalambrica-2mp-wifi-ptz-pan-tilt-1080p-full-hd-lente-3.6mm-p2p-audio-2-vias-vision-nocturna-almacenamiento-micro-sd-smart-home.jpg\" \/>\n\t<meta property=\"og:image:width\" content=\"200\" \/>\n\t<meta property=\"og:image:height\" content=\"200\" \/>\n\t<meta property=\"og:image:type\" content=\"image\/jpeg\" \/>\n<meta name=\"twitter:card\" content=\"summary_large_image\" \/>\n<meta name=\"twitter:label1\" content=\"Precio\" \/>\n\t<meta name=\"twitter:data1\" content=\"&#36;353 con IVA\" \/>\n\t<meta name=\"twitter:label2\" content=\"Availability\" \/>\n\t<meta name=\"twitter:data2\" content=\"In stock\" \/>\n<script type=\"application\/ld+json\" class=\"yoast-schema-graph\">{\"@context\":\"https:\/\/schema.org\",\"@graph\":[{\"@type\":\"WebPage\",\"@id\":\"https:\/\/compuviper.mx\/tienda\/producto\/mirati-mcip3-camara-ip-inalambrica-2mp-wifi-ptz-pan-tilt-1080p-full-hd-lente-3-6mm-p2p-audio-2-vias-vision-nocturna-almacenamiento-micro-sd-smart-home\/\",\"url\":\"https:\/\/compuviper.mx\/tienda\/producto\/mirati-mcip3-camara-ip-inalambrica-2mp-wifi-ptz-pan-tilt-1080p-full-hd-lente-3-6mm-p2p-audio-2-vias-vision-nocturna-almacenamiento-micro-sd-smart-home\/\",\"name\":\"[ Mirati ] &#129351; Mcip3 Camara Ip Inalambrica 2mp\/ Wifi \/ Ptz Pan-tilt \/1080p Full Hd \/ Lente 3.6mm \/ P2p \/ Audio 2 Vias \/ Vision Nocturna \/ Almacenamiento Micro Sd \/ Smart Home\",\"isPartOf\":{\"@id\":\"https:\/\/compuviper.mx\/tienda\/#website\"},\"datePublished\":\"2026-04-09T06:10:36+00:00\",\"dateModified\":\"2026-04-09T06:10:36+00:00\",\"description\":\"Compra Mcip3 Camara Ip Inalambrica 2mp\/ Wifi \/ Ptz Pan-tilt \/1080p Full Hd \/ Lente 3.6mm \/ P2p \/ Audio 2 Vias \/ Vision Nocturna \/ Almacenamiento Micro Sd \/ Smart Home + Env\u00edo a domicilio + Pago seguro + Garant\u00eda\",\"breadcrumb\":{\"@id\":\"https:\/\/compuviper.mx\/tienda\/producto\/mirati-mcip3-camara-ip-inalambrica-2mp-wifi-ptz-pan-tilt-1080p-full-hd-lente-3-6mm-p2p-audio-2-vias-vision-nocturna-almacenamiento-micro-sd-smart-home\/#breadcrumb\"},\"inLanguage\":\"es-MX\",\"potentialAction\":[{\"@type\":\"ReadAction\",\"target\":[\"https:\/\/compuviper.mx\/tienda\/producto\/mirati-mcip3-camara-ip-inalambrica-2mp-wifi-ptz-pan-tilt-1080p-full-hd-lente-3-6mm-p2p-audio-2-vias-vision-nocturna-almacenamiento-micro-sd-smart-home\/\"]}]},{\"@type\":\"BreadcrumbList\",\"@id\":\"https:\/\/compuviper.mx\/tienda\/producto\/mirati-mcip3-camara-ip-inalambrica-2mp-wifi-ptz-pan-tilt-1080p-full-hd-lente-3-6mm-p2p-audio-2-vias-vision-nocturna-almacenamiento-micro-sd-smart-home\/#breadcrumb\",\"itemListElement\":[{\"@type\":\"ListItem\",\"position\":1,\"name\":\"Inicio\",\"item\":\"https:\/\/compuviper.mx\/tienda\/\"},{\"@type\":\"ListItem\",\"position\":2,\"name\":\"Productos\",\"item\":\"https:\/\/compuviper.mx\/tienda\/productos\/\"},{\"@type\":\"ListItem\",\"position\":3,\"name\":\"Camaras\",\"item\":\"https:\/\/compuviper.mx\/tienda\/categoria-producto\/camaras-2\/\"},{\"@type\":\"ListItem\",\"position\":4,\"name\":\"Camara De Videovigilancia\",\"item\":\"https:\/\/compuviper.mx\/tienda\/categoria-producto\/camaras-2\/camara-de-videovigilancia\/\"},{\"@type\":\"ListItem\",\"position\":5,\"name\":\"Mirati Mcip3 Camara Ip Inalambrica 2mp\/ Wifi \/ Ptz Pan-tilt \/1080p Full Hd \/ Lente 3.6mm \/ P2p \/ Audio 2 Vias \/ Vision Nocturna \/ Almacenamiento Micro Sd \/ Smart Home\"}]},{\"@type\":\"WebSite\",\"@id\":\"https:\/\/compuviper.mx\/tienda\/#website\",\"url\":\"https:\/\/compuviper.mx\/tienda\/\",\"name\":\"Compuviper\",\"description\":\"Proveedor de Computadoras, Laptops, Servidores, Monitores, Puntos de Venta, Teclados,   Impresoras, T\u00f3ner, C\u00e1maras de Seguridad y m\u00e1s en tu tienda en l\u00ednea\",\"publisher\":{\"@id\":\"https:\/\/compuviper.mx\/tienda\/#organization\"},\"potentialAction\":[{\"@type\":\"SearchAction\",\"target\":{\"@type\":\"EntryPoint\",\"urlTemplate\":\"https:\/\/compuviper.mx\/tienda\/?s={search_term_string}\"},\"query-input\":\"required name=search_term_string\"}],\"inLanguage\":\"es-MX\"},{\"@type\":\"Organization\",\"@id\":\"https:\/\/compuviper.mx\/tienda\/#organization\",\"name\":\"Compuviper\",\"url\":\"https:\/\/compuviper.mx\/tienda\/\",\"logo\":{\"@type\":\"ImageObject\",\"inLanguage\":\"es-MX\",\"@id\":\"https:\/\/compuviper.mx\/tienda\/#\/schema\/logo\/image\/\",\"url\":\"https:\/\/compuviper.mx\/tienda\/wp-content\/uploads\/2021\/08\/Logo-Compuviper-10.png\",\"contentUrl\":\"https:\/\/compuviper.mx\/tienda\/wp-content\/uploads\/2021\/08\/Logo-Compuviper-10.png\",\"width\":1000,\"height\":500,\"caption\":\"Compuviper\"},\"image\":{\"@id\":\"https:\/\/compuviper.mx\/tienda\/#\/schema\/logo\/image\/\"},\"sameAs\":[\"https:\/\/www.facebook.com\/compuviper\",\"https:\/\/www.youtube.com\/channel\/UCf73dERp9Y3cfOq7q8BhLjA?view_as=subscriber\"]}]}<\/script>\n<meta property=\"product:brand\" content=\"MIRATI\" \/>\n<meta property=\"product:price:amount\" content=\"353\" \/>\n<meta property=\"product:price:currency\" content=\"MXN\" \/>\n<meta property=\"og:availability\" content=\"instock\" \/>\n<meta property=\"product:availability\" content=\"instock\" \/>\n<meta property=\"product:retailer_item_id\" content=\"MCIP3\" \/>\n<meta property=\"product:condition\" content=\"new\" \/>\n<!-- \/ Yoast SEO plugin. -->","yoast_head_json":{"title":"[ Mirati ] &#129351; Mcip3 Camara Ip Inalambrica 2mp\/ Wifi \/ Ptz Pan-tilt \/1080p Full Hd \/ Lente 3.6mm \/ P2p \/ Audio 2 Vias \/ Vision Nocturna \/ Almacenamiento Micro Sd \/ Smart Home","description":"Compra Mcip3 Camara Ip Inalambrica 2mp\/ Wifi \/ Ptz Pan-tilt \/1080p Full Hd \/ Lente 3.6mm \/ P2p \/ Audio 2 Vias \/ Vision Nocturna \/ Almacenamiento Micro Sd \/ Smart Home + Env\u00edo a domicilio + Pago seguro + Garant\u00eda","robots":{"index":"index","follow":"follow","max-snippet":"max-snippet:-1","max-image-preview":"max-image-preview:large","max-video-preview":"max-video-preview:-1"},"canonical":"https:\/\/compuviper.mx\/tienda\/producto\/mirati-mcip3-camara-ip-inalambrica-2mp-wifi-ptz-pan-tilt-1080p-full-hd-lente-3-6mm-p2p-audio-2-vias-vision-nocturna-almacenamiento-micro-sd-smart-home\/","og_locale":"es_MX","og_type":"article","og_title":"[ Mirati ] &#129351; Mcip3 Camara Ip Inalambrica 2mp\/ Wifi \/ Ptz Pan-tilt \/1080p Full Hd \/ Lente 3.6mm \/ P2p \/ Audio 2 Vias \/ Vision Nocturna \/ Almacenamiento Micro Sd \/ Smart Home","og_description":"Compra Mcip3 Camara Ip Inalambrica 2mp\/ Wifi \/ Ptz Pan-tilt \/1080p Full Hd \/ Lente 3.6mm \/ P2p \/ Audio 2 Vias \/ Vision Nocturna \/ Almacenamiento Micro Sd \/ Smart Home + Env\u00edo a domicilio + Pago seguro + Garant\u00eda","og_url":"https:\/\/compuviper.mx\/tienda\/producto\/mirati-mcip3-camara-ip-inalambrica-2mp-wifi-ptz-pan-tilt-1080p-full-hd-lente-3-6mm-p2p-audio-2-vias-vision-nocturna-almacenamiento-micro-sd-smart-home\/","og_site_name":"Compuviper","article_publisher":"https:\/\/www.facebook.com\/compuviper","og_image":[{"width":200,"height":200,"url":"https:\/\/compuviper.mx\/tienda\/wp-content\/uploads\/2023\/12\/Camara-mirati-ip-inalambrica-2mp-wifi-ptz-pan-tilt-1080p-full-hd-lente-3.6mm-p2p-audio-2-vias-vision-nocturna-almacenamiento-micro-sd-smart-home.jpg","type":"image\/jpeg"}],"twitter_card":"summary_large_image","twitter_misc":{"Precio":"&#36;353 con IVA","Availability":"In stock"},"schema":{"@context":"https:\/\/schema.org","@graph":[{"@type":"WebPage","@id":"https:\/\/compuviper.mx\/tienda\/producto\/mirati-mcip3-camara-ip-inalambrica-2mp-wifi-ptz-pan-tilt-1080p-full-hd-lente-3-6mm-p2p-audio-2-vias-vision-nocturna-almacenamiento-micro-sd-smart-home\/","url":"https:\/\/compuviper.mx\/tienda\/producto\/mirati-mcip3-camara-ip-inalambrica-2mp-wifi-ptz-pan-tilt-1080p-full-hd-lente-3-6mm-p2p-audio-2-vias-vision-nocturna-almacenamiento-micro-sd-smart-home\/","name":"[ Mirati ] &#129351; Mcip3 Camara Ip Inalambrica 2mp\/ Wifi \/ Ptz Pan-tilt \/1080p Full Hd \/ Lente 3.6mm \/ P2p \/ Audio 2 Vias \/ Vision Nocturna \/ Almacenamiento Micro Sd \/ Smart Home","isPartOf":{"@id":"https:\/\/compuviper.mx\/tienda\/#website"},"datePublished":"2026-04-09T06:10:36+00:00","dateModified":"2026-04-09T06:10:36+00:00","description":"Compra Mcip3 Camara Ip Inalambrica 2mp\/ Wifi \/ Ptz Pan-tilt \/1080p Full Hd \/ Lente 3.6mm \/ P2p \/ Audio 2 Vias \/ Vision Nocturna \/ Almacenamiento Micro Sd \/ Smart Home + Env\u00edo a domicilio + Pago seguro + Garant\u00eda","breadcrumb":{"@id":"https:\/\/compuviper.mx\/tienda\/producto\/mirati-mcip3-camara-ip-inalambrica-2mp-wifi-ptz-pan-tilt-1080p-full-hd-lente-3-6mm-p2p-audio-2-vias-vision-nocturna-almacenamiento-micro-sd-smart-home\/#breadcrumb"},"inLanguage":"es-MX","potentialAction":[{"@type":"ReadAction","target":["https:\/\/compuviper.mx\/tienda\/producto\/mirati-mcip3-camara-ip-inalambrica-2mp-wifi-ptz-pan-tilt-1080p-full-hd-lente-3-6mm-p2p-audio-2-vias-vision-nocturna-almacenamiento-micro-sd-smart-home\/"]}]},{"@type":"BreadcrumbList","@id":"https:\/\/compuviper.mx\/tienda\/producto\/mirati-mcip3-camara-ip-inalambrica-2mp-wifi-ptz-pan-tilt-1080p-full-hd-lente-3-6mm-p2p-audio-2-vias-vision-nocturna-almacenamiento-micro-sd-smart-home\/#breadcrumb","itemListElement":[{"@type":"ListItem","position":1,"name":"Inicio","item":"https:\/\/compuviper.mx\/tienda\/"},{"@type":"ListItem","position":2,"name":"Productos","item":"https:\/\/compuviper.mx\/tienda\/productos\/"},{"@type":"ListItem","position":3,"name":"Camaras","item":"https:\/\/compuviper.mx\/tienda\/categoria-producto\/camaras-2\/"},{"@type":"ListItem","position":4,"name":"Camara De Videovigilancia","item":"https:\/\/compuviper.mx\/tienda\/categoria-producto\/camaras-2\/camara-de-videovigilancia\/"},{"@type":"ListItem","position":5,"name":"Mirati Mcip3 Camara Ip Inalambrica 2mp\/ Wifi \/ Ptz Pan-tilt \/1080p Full Hd \/ Lente 3.6mm \/ P2p \/ Audio 2 Vias \/ Vision Nocturna \/ Almacenamiento Micro Sd \/ Smart Home"}]},{"@type":"WebSite","@id":"https:\/\/compuviper.mx\/tienda\/#website","url":"https:\/\/compuviper.mx\/tienda\/","name":"Compuviper","description":"Proveedor de Computadoras, Laptops, Servidores, Monitores, Puntos de Venta, Teclados,   Impresoras, T\u00f3ner, C\u00e1maras de Seguridad y m\u00e1s en tu tienda en l\u00ednea","publisher":{"@id":"https:\/\/compuviper.mx\/tienda\/#organization"},"potentialAction":[{"@type":"SearchAction","target":{"@type":"EntryPoint","urlTemplate":"https:\/\/compuviper.mx\/tienda\/?s={search_term_string}"},"query-input":"required name=search_term_string"}],"inLanguage":"es-MX"},{"@type":"Organization","@id":"https:\/\/compuviper.mx\/tienda\/#organization","name":"Compuviper","url":"https:\/\/compuviper.mx\/tienda\/","logo":{"@type":"ImageObject","inLanguage":"es-MX","@id":"https:\/\/compuviper.mx\/tienda\/#\/schema\/logo\/image\/","url":"https:\/\/compuviper.mx\/tienda\/wp-content\/uploads\/2021\/08\/Logo-Compuviper-10.png","contentUrl":"https:\/\/compuviper.mx\/tienda\/wp-content\/uploads\/2021\/08\/Logo-Compuviper-10.png","width":1000,"height":500,"caption":"Compuviper"},"image":{"@id":"https:\/\/compuviper.mx\/tienda\/#\/schema\/logo\/image\/"},"sameAs":["https:\/\/www.facebook.com\/compuviper","https:\/\/www.youtube.com\/channel\/UCf73dERp9Y3cfOq7q8BhLjA?view_as=subscriber"]}]},"product_brand":"MIRATI","product_price_amount":"353","product_price_currency":"MXN","og_availability":"instock","product_availability":"instock","product_retailer_item_id":"MCIP3","product_condition":"new"},"_links":{"self":[{"href":"https:\/\/compuviper.mx\/tienda\/wp-json\/wp\/v2\/product\/216475"}],"collection":[{"href":"https:\/\/compuviper.mx\/tienda\/wp-json\/wp\/v2\/product"}],"about":[{"href":"https:\/\/compuviper.mx\/tienda\/wp-json\/wp\/v2\/types\/product"}],"replies":[{"embeddable":true,"href":"https:\/\/compuviper.mx\/tienda\/wp-json\/wp\/v2\/comments?post=216475"}],"wp:featuredmedia":[{"embeddable":true,"href":"https:\/\/compuviper.mx\/tienda\/wp-json\/wp\/v2\/media\/216476"}],"wp:attachment":[{"href":"https:\/\/compuviper.mx\/tienda\/wp-json\/wp\/v2\/media?parent=216475"}],"wp:term":[{"taxonomy":"product_cat","embeddable":true,"href":"https:\/\/compuviper.mx\/tienda\/wp-json\/wp\/v2\/product_cat?post=216475"},{"taxonomy":"product_tag","embeddable":true,"href":"https:\/\/compuviper.mx\/tienda\/wp-json\/wp\/v2\/product_tag?post=216475"}],"curies":[{"name":"wp","href":"https:\/\/api.w.org\/{rel}","templated":true}]}}