{"id":216471,"date":"2026-04-10T00:08:24","date_gmt":"2026-04-10T06:08:24","guid":{"rendered":"https:\/\/compuviper.mx\/tienda\/producto\/tp-link-tapo-c100-camara-ip-tp-link-wifi-2mp-1080p-capacidad-para-microsd-128gb-vision-nocturna-deteccion-de-movimiento-audio-bidireccional\/"},"modified":"2026-04-10T00:08:25","modified_gmt":"2026-04-10T06:08:25","slug":"tp-link-tapo-c100-camara-ip-tp-link-wifi-2mp-1080p-capacidad-para-microsd-128gb-vision-nocturna-deteccion-de-movimiento-audio-bidireccional","status":"publish","type":"product","link":"https:\/\/compuviper.mx\/tienda\/producto\/tp-link-tapo-c100-camara-ip-tp-link-wifi-2mp-1080p-capacidad-para-microsd-128gb-vision-nocturna-deteccion-de-movimiento-audio-bidireccional\/","title":{"rendered":"Tp Link Tapo C100 Camara Ip Tp-link  Wifi 2mp 1080p Capacidad Para Microsd 128gb Vision Nocturna Deteccion De Movimiento Audio Bidireccional"},"content":{"rendered":"<table class=\"descripcion\">\n<tr>\n<td>Notificaciones de actividad<\/td>\n<\/tr>\n<tr>\n<td>Disparador de entrada detecci\u00f3n de movimiento<\/td>\n<\/tr>\n<tr>\n<td>Notificaci\u00f3n de salida env\u00edo de notificaciones<\/td>\n<\/tr>\n<tr>\n<td>V\u00eddeo<\/td>\n<\/tr>\n<tr>\n<td>Compresi\u00f3n de video h.264<\/td>\n<\/tr>\n<tr>\n<td>V\u00eddeo transmitido en vivo 1080p<\/td>\n<\/tr>\n<tr>\n<td>Sistema<\/td>\n<\/tr>\n<tr>\n<td>Certificacion reguladora fcc, ic, ce, ncc<\/td>\n<\/tr>\n<tr>\n<td>Requisitos del sistema ios 9+, android 4.4+<\/td>\n<\/tr>\n<tr>\n<td>Ambiente<\/td>\n<\/tr>\n<tr>\n<td>Temperatura de funcionamiento 0-40 \u00b0 c (32-104 \u00b0 f)<\/td>\n<\/tr>\n<tr>\n<td>Temperatura de almacenamiento -40-70 \u00b0 c (-40-158 \u00b0 f)<\/td>\n<\/tr>\n<tr>\n<td>Humedad de funcionamiento 10-90% hr sin condensaci\u00f3n<\/td>\n<\/tr>\n<tr>\n<td>Humedad de almacenamiento 5-90% hr sin condensaci\u00f3n<\/td>\n<\/tr>\n<tr>\n<td>Contenidos del paquete<\/td>\n<\/tr>\n<tr>\n<td>C\u00e1mara tapo c100<\/td>\n<\/tr>\n<tr>\n<td>Adaptador de corriente<\/td>\n<\/tr>\n<tr>\n<td>Gu\u00eda de inicio r\u00e1pido<\/td>\n<\/tr>\n<tr>\n<td>Tornillos de montaje<\/td>\n<\/tr>\n<tr>\n<td>Plantilla de montaje<\/td>\n<\/tr>\n<tr>\n<td>Hardware<\/td>\n<\/tr>\n<tr>\n<td>Bot\u00f3n bot\u00f3n restablecer<\/td>\n<\/tr>\n<tr>\n<td>Led indicador sistema led<\/td>\n<\/tr>\n<tr>\n<td>Entrada del adaptador 100-240 v, ca, 50\/60 hz, 0,3 a<\/td>\n<\/tr>\n<tr>\n<td>Adaptador de salida 9.0 v \/ 0.6 a<\/td>\n<\/tr>\n<tr>\n<td>Dimensiones (ancho x profundidad x altura) 67,6 x 54,8 x 98,9 mm (2,7 x 2,1 x 3,9 pulgadas)<\/td>\n<\/tr>\n<tr>\n<td>C\u00e1mara<\/td>\n<\/tr>\n<tr>\n<td>Sensor de imagen 1 \/ 3.2<\/td>\n<\/tr>\n<tr>\n<td>Resoluci\u00f3n 1080p full hd<\/td>\n<\/tr>\n<tr>\n<td>Lentes f \/ no: 2.0, longitud focal: 3.3 mm<\/td>\n<\/tr>\n<tr>\n<td>Vision nocturna led ir de 850 nm (hasta 30 pies)<\/td>\n<\/tr>\n<tr>\n<td>Audio<\/td>\n<\/tr>\n<tr>\n<td>Comunicaci\u00f3n de audio audio doble sentido<\/td>\n<\/tr>\n<tr>\n<td>Entrada y salida de audio: micr\u00f3fono y altavoz<\/td>\n<\/tr>\n<tr>\n<td>Red<\/td>\n<\/tr>\n<tr>\n<td>Seguridad cifrado aes de 128 bits con ssl \/ tls<\/td>\n<\/tr>\n<tr>\n<td>Tarifa inal\u00e1mbrica 11 mbps (802.11 b)<\/td>\n<\/tr>\n<tr>\n<td>54 mbps (802.11 g)<\/td>\n<\/tr>\n<tr>\n<td>150 mbps (802.11 n)<\/td>\n<\/tr>\n<tr>\n<td>Frecuencia 2,4 ghz<\/td>\n<\/tr>\n<tr>\n<td>Seguridad inal\u00e1mbrica wep, wpa, wpa2-psk<\/td>\n<\/tr>\n<\/table>\n","protected":false},"excerpt":{"rendered":"<p>C\u00e1mara wi-fi de seguridad para casa. Tapo c100. * v\u00eddeo de alta definici\u00f3n: captura todos los detalles con una definici\u00f3n de 1080p. * visualizaci\u00f3n nocturna avanzada: tambi\u00e9n de noche, esta c\u00e1mara propociona una distancia visual de hasta 9 metros. * notificaciones y detecci\u00f3n de movimiento: recibe una notificaci\u00f3n si algo sospechoso es detectado. * alarma de luz y sonido: efectos activos de luz y sonido, ahuyentando a cualquier visita no deseada. * audio de doble v\u00eda: comun\u00edcate con los dem\u00e1s gracias al micr\u00f3fono y altavoz incorporado. * almacenamiento seguro: tarjeta microsd soporta tarjeta (hasta 128 gb). * gesti\u00f3n y configuraci\u00f3n sencilla &#8211; gestiona todo con la app tapo. Detecci\u00f3n de movimiento. Recibe una notificaci\u00f3n siempre que la c\u00e1mara detecta un movimiento y visualiza un clip de video de ese movimiento para una inspecci\u00f3n m\u00e1s detallada. Tambi\u00e9n puedes personalizar tu experiencia ajustando las zonas a detectar movimiento, asegurando la captura en las zonas que realemnte interesan. Visi\u00f3n nocturma. No despiertes a los peque\u00f1os al abrir un poco la puerta donde duermen. M\u00edralos desde tu tel\u00e9fono gracias a la visi\u00f3n nocturna de hasta 9,1 metros. Podr\u00e1s relajarte, y ellos una buena noche de sue\u00f1o. Hv\u00eddeo de alta definici\u00f3n. Definici\u00f3n de v\u00eddeo de 1080p proporciona una mayor claridad y detalle gracias a un mayor n\u00famero de p\u00edxeles. La identificaci\u00f3n y reconocimiento a larga distancia es as\u00ed m\u00e1s f\u00e1cil. Audio de dos v\u00edas. Comun\u00edcate con los que quieras gracias al micr\u00f3fono y altavoz incorporado. Protege tu privacidad. Tu privacidad est\u00e1 asegurada gracias a modo privacidad y a la tarjeta de almacenamiento local. Modo privacidad: cierra la vigilancia para proteger tu privacidad cuando te convenga. Almacenamiento local: una tarjeta microsd con almacenamiento de hasta 128 gb, equivalente a 384 hotas (16 d\u00edas) de im\u00e1genes. (en base a condiciones de laboratorio. Sistema de alarma. La c\u00e1mara no solo te env\u00eda notificaciones cuando se detecta un movimiento, tambi\u00e9n acciona luces y sonidos como alarma. Comparte momentos memorables. Guarda esos momentos inolvidables y comparte con tus seres quieridos. Las c\u00e1maras tapo siempre est\u00e1n disponibles para grabar cada momento inovidable. Un toque conduce a lo que m\u00e1s importa. La aplicaci\u00f3n gratuita tapo pone todo lo que necesitas al alcance de tu mano. 1. Marque la casilla de video para reproducir registros anteriores. Elija una c\u00e1mara espec\u00edfica y localice lo que desee seg\u00fan la fecha. 2. Establezca un horario para ver videos peri\u00f3dicos. 3. La c\u00e1mara grabar\u00e1 autom\u00e1ticamente videos seg\u00fan su horario, sin importar si detecta movimiento o no. 4. Verifica varias vistas al mismo tiempo. F\u00e1cil configuraci\u00f3n con la aplicaci\u00f3n tapo. 1. Descargue la aplicaci\u00f3n tapo. 2. Encienda su c\u00e1mara y con\u00e9ctela. 3. Sigue la gu\u00eda en la aplicaci\u00f3n<\/p>\n","protected":false},"featured_media":216472,"comment_status":"open","ping_status":"open","template":"","meta":[],"product_cat":[1811,2318],"product_tag":[1562],"acf":[],"yoast_head":"<!-- This site is optimized with the Yoast SEO plugin v21.7 - https:\/\/yoast.com\/wordpress\/plugins\/seo\/ -->\n<title>[ Tp Link ] &#129351; Tapo C100 Camara Ip Tp-link Wifi 2mp 1080p Capacidad Para Microsd 128gb Vision Nocturna Deteccion De Movimiento Audio Bidireccional<\/title>\n<meta name=\"description\" content=\"Compra Tapo C100 Camara Ip Tp-link Wifi 2mp 1080p Capacidad Para Microsd 128gb Vision Nocturna Deteccion De Movimiento Audio Bidireccional + Env\u00edo a domicilio + Pago seguro + Garant\u00eda\" \/>\n<meta name=\"robots\" content=\"index, follow, max-snippet:-1, max-image-preview:large, max-video-preview:-1\" \/>\n<link rel=\"canonical\" href=\"https:\/\/compuviper.mx\/tienda\/producto\/tp-link-tapo-c100-camara-ip-tp-link-wifi-2mp-1080p-capacidad-para-microsd-128gb-vision-nocturna-deteccion-de-movimiento-audio-bidireccional\/\" \/>\n<meta property=\"og:locale\" content=\"es_MX\" \/>\n<meta property=\"og:type\" content=\"article\" \/>\n<meta property=\"og:title\" content=\"[ Tp Link ] &#129351; Tapo C100 Camara Ip Tp-link Wifi 2mp 1080p Capacidad Para Microsd 128gb Vision Nocturna Deteccion De Movimiento Audio Bidireccional\" \/>\n<meta property=\"og:description\" content=\"Compra Tapo C100 Camara Ip Tp-link Wifi 2mp 1080p Capacidad Para Microsd 128gb Vision Nocturna Deteccion De Movimiento Audio Bidireccional + Env\u00edo a domicilio + Pago seguro + Garant\u00eda\" \/>\n<meta property=\"og:url\" content=\"https:\/\/compuviper.mx\/tienda\/producto\/tp-link-tapo-c100-camara-ip-tp-link-wifi-2mp-1080p-capacidad-para-microsd-128gb-vision-nocturna-deteccion-de-movimiento-audio-bidireccional\/\" \/>\n<meta property=\"og:site_name\" content=\"Compuviper\" \/>\n<meta property=\"article:publisher\" content=\"https:\/\/www.facebook.com\/compuviper\" \/>\n<meta property=\"article:modified_time\" content=\"2026-04-10T06:08:25+00:00\" \/>\n<meta property=\"og:image\" content=\"https:\/\/compuviper.mx\/tienda\/wp-content\/uploads\/2023\/12\/Camara-ip-tp-link-tapo-c100-wifi-2mp-1080p-capacidad-para-microsd-128gb-vision-nocturna-deteccion-de-movimiento-audio-bidireccional.jpg\" \/>\n\t<meta property=\"og:image:width\" content=\"200\" \/>\n\t<meta property=\"og:image:height\" content=\"200\" \/>\n\t<meta property=\"og:image:type\" content=\"image\/jpeg\" \/>\n<meta name=\"twitter:card\" content=\"summary_large_image\" \/>\n<meta name=\"twitter:label1\" content=\"Precio\" \/>\n\t<meta name=\"twitter:data1\" content=\"&#36;326 con IVA\" \/>\n\t<meta name=\"twitter:label2\" content=\"Availability\" \/>\n\t<meta name=\"twitter:data2\" content=\"In stock\" \/>\n<script type=\"application\/ld+json\" class=\"yoast-schema-graph\">{\"@context\":\"https:\/\/schema.org\",\"@graph\":[{\"@type\":\"WebPage\",\"@id\":\"https:\/\/compuviper.mx\/tienda\/producto\/tp-link-tapo-c100-camara-ip-tp-link-wifi-2mp-1080p-capacidad-para-microsd-128gb-vision-nocturna-deteccion-de-movimiento-audio-bidireccional\/\",\"url\":\"https:\/\/compuviper.mx\/tienda\/producto\/tp-link-tapo-c100-camara-ip-tp-link-wifi-2mp-1080p-capacidad-para-microsd-128gb-vision-nocturna-deteccion-de-movimiento-audio-bidireccional\/\",\"name\":\"[ Tp Link ] &#129351; Tapo C100 Camara Ip Tp-link Wifi 2mp 1080p Capacidad Para Microsd 128gb Vision Nocturna Deteccion De Movimiento Audio Bidireccional\",\"isPartOf\":{\"@id\":\"https:\/\/compuviper.mx\/tienda\/#website\"},\"datePublished\":\"2026-04-10T06:08:24+00:00\",\"dateModified\":\"2026-04-10T06:08:25+00:00\",\"description\":\"Compra Tapo C100 Camara Ip Tp-link Wifi 2mp 1080p Capacidad Para Microsd 128gb Vision Nocturna Deteccion De Movimiento Audio Bidireccional + Env\u00edo a domicilio + Pago seguro + Garant\u00eda\",\"breadcrumb\":{\"@id\":\"https:\/\/compuviper.mx\/tienda\/producto\/tp-link-tapo-c100-camara-ip-tp-link-wifi-2mp-1080p-capacidad-para-microsd-128gb-vision-nocturna-deteccion-de-movimiento-audio-bidireccional\/#breadcrumb\"},\"inLanguage\":\"es-MX\",\"potentialAction\":[{\"@type\":\"ReadAction\",\"target\":[\"https:\/\/compuviper.mx\/tienda\/producto\/tp-link-tapo-c100-camara-ip-tp-link-wifi-2mp-1080p-capacidad-para-microsd-128gb-vision-nocturna-deteccion-de-movimiento-audio-bidireccional\/\"]}]},{\"@type\":\"BreadcrumbList\",\"@id\":\"https:\/\/compuviper.mx\/tienda\/producto\/tp-link-tapo-c100-camara-ip-tp-link-wifi-2mp-1080p-capacidad-para-microsd-128gb-vision-nocturna-deteccion-de-movimiento-audio-bidireccional\/#breadcrumb\",\"itemListElement\":[{\"@type\":\"ListItem\",\"position\":1,\"name\":\"Inicio\",\"item\":\"https:\/\/compuviper.mx\/tienda\/\"},{\"@type\":\"ListItem\",\"position\":2,\"name\":\"Productos\",\"item\":\"https:\/\/compuviper.mx\/tienda\/productos\/\"},{\"@type\":\"ListItem\",\"position\":3,\"name\":\"Smart Home\",\"item\":\"https:\/\/compuviper.mx\/tienda\/categoria-producto\/smart-home\/\"},{\"@type\":\"ListItem\",\"position\":4,\"name\":\"Wired Camera\",\"item\":\"https:\/\/compuviper.mx\/tienda\/categoria-producto\/smart-home\/wired-camera\/\"},{\"@type\":\"ListItem\",\"position\":5,\"name\":\"Tp Link Tapo C100 Camara Ip Tp-link Wifi 2mp 1080p Capacidad Para Microsd 128gb Vision Nocturna Deteccion De Movimiento Audio Bidireccional\"}]},{\"@type\":\"WebSite\",\"@id\":\"https:\/\/compuviper.mx\/tienda\/#website\",\"url\":\"https:\/\/compuviper.mx\/tienda\/\",\"name\":\"Compuviper\",\"description\":\"Proveedor de Computadoras, Laptops, Servidores, Monitores, Puntos de Venta, Teclados,   Impresoras, T\u00f3ner, C\u00e1maras de Seguridad y m\u00e1s en tu tienda en l\u00ednea\",\"publisher\":{\"@id\":\"https:\/\/compuviper.mx\/tienda\/#organization\"},\"potentialAction\":[{\"@type\":\"SearchAction\",\"target\":{\"@type\":\"EntryPoint\",\"urlTemplate\":\"https:\/\/compuviper.mx\/tienda\/?s={search_term_string}\"},\"query-input\":\"required name=search_term_string\"}],\"inLanguage\":\"es-MX\"},{\"@type\":\"Organization\",\"@id\":\"https:\/\/compuviper.mx\/tienda\/#organization\",\"name\":\"Compuviper\",\"url\":\"https:\/\/compuviper.mx\/tienda\/\",\"logo\":{\"@type\":\"ImageObject\",\"inLanguage\":\"es-MX\",\"@id\":\"https:\/\/compuviper.mx\/tienda\/#\/schema\/logo\/image\/\",\"url\":\"https:\/\/compuviper.mx\/tienda\/wp-content\/uploads\/2021\/08\/Logo-Compuviper-10.png\",\"contentUrl\":\"https:\/\/compuviper.mx\/tienda\/wp-content\/uploads\/2021\/08\/Logo-Compuviper-10.png\",\"width\":1000,\"height\":500,\"caption\":\"Compuviper\"},\"image\":{\"@id\":\"https:\/\/compuviper.mx\/tienda\/#\/schema\/logo\/image\/\"},\"sameAs\":[\"https:\/\/www.facebook.com\/compuviper\",\"https:\/\/www.youtube.com\/channel\/UCf73dERp9Y3cfOq7q8BhLjA?view_as=subscriber\"]}]}<\/script>\n<meta property=\"product:brand\" content=\"TP LINK\" \/>\n<meta property=\"product:price:amount\" content=\"326\" \/>\n<meta property=\"product:price:currency\" content=\"MXN\" \/>\n<meta property=\"og:availability\" content=\"instock\" \/>\n<meta property=\"product:availability\" content=\"instock\" \/>\n<meta property=\"product:retailer_item_id\" content=\"TAPO C100\" \/>\n<meta property=\"product:condition\" content=\"new\" \/>\n<!-- \/ Yoast SEO plugin. -->","yoast_head_json":{"title":"[ Tp Link ] &#129351; Tapo C100 Camara Ip Tp-link Wifi 2mp 1080p Capacidad Para Microsd 128gb Vision Nocturna Deteccion De Movimiento Audio Bidireccional","description":"Compra Tapo C100 Camara Ip Tp-link Wifi 2mp 1080p Capacidad Para Microsd 128gb Vision Nocturna Deteccion De Movimiento Audio Bidireccional + Env\u00edo a domicilio + Pago seguro + Garant\u00eda","robots":{"index":"index","follow":"follow","max-snippet":"max-snippet:-1","max-image-preview":"max-image-preview:large","max-video-preview":"max-video-preview:-1"},"canonical":"https:\/\/compuviper.mx\/tienda\/producto\/tp-link-tapo-c100-camara-ip-tp-link-wifi-2mp-1080p-capacidad-para-microsd-128gb-vision-nocturna-deteccion-de-movimiento-audio-bidireccional\/","og_locale":"es_MX","og_type":"article","og_title":"[ Tp Link ] &#129351; Tapo C100 Camara Ip Tp-link Wifi 2mp 1080p Capacidad Para Microsd 128gb Vision Nocturna Deteccion De Movimiento Audio Bidireccional","og_description":"Compra Tapo C100 Camara Ip Tp-link Wifi 2mp 1080p Capacidad Para Microsd 128gb Vision Nocturna Deteccion De Movimiento Audio Bidireccional + Env\u00edo a domicilio + Pago seguro + Garant\u00eda","og_url":"https:\/\/compuviper.mx\/tienda\/producto\/tp-link-tapo-c100-camara-ip-tp-link-wifi-2mp-1080p-capacidad-para-microsd-128gb-vision-nocturna-deteccion-de-movimiento-audio-bidireccional\/","og_site_name":"Compuviper","article_publisher":"https:\/\/www.facebook.com\/compuviper","article_modified_time":"2026-04-10T06:08:25+00:00","og_image":[{"width":200,"height":200,"url":"https:\/\/compuviper.mx\/tienda\/wp-content\/uploads\/2023\/12\/Camara-ip-tp-link-tapo-c100-wifi-2mp-1080p-capacidad-para-microsd-128gb-vision-nocturna-deteccion-de-movimiento-audio-bidireccional.jpg","type":"image\/jpeg"}],"twitter_card":"summary_large_image","twitter_misc":{"Precio":"&#36;326 con IVA","Availability":"In stock"},"schema":{"@context":"https:\/\/schema.org","@graph":[{"@type":"WebPage","@id":"https:\/\/compuviper.mx\/tienda\/producto\/tp-link-tapo-c100-camara-ip-tp-link-wifi-2mp-1080p-capacidad-para-microsd-128gb-vision-nocturna-deteccion-de-movimiento-audio-bidireccional\/","url":"https:\/\/compuviper.mx\/tienda\/producto\/tp-link-tapo-c100-camara-ip-tp-link-wifi-2mp-1080p-capacidad-para-microsd-128gb-vision-nocturna-deteccion-de-movimiento-audio-bidireccional\/","name":"[ Tp Link ] &#129351; Tapo C100 Camara Ip Tp-link Wifi 2mp 1080p Capacidad Para Microsd 128gb Vision Nocturna Deteccion De Movimiento Audio Bidireccional","isPartOf":{"@id":"https:\/\/compuviper.mx\/tienda\/#website"},"datePublished":"2026-04-10T06:08:24+00:00","dateModified":"2026-04-10T06:08:25+00:00","description":"Compra Tapo C100 Camara Ip Tp-link Wifi 2mp 1080p Capacidad Para Microsd 128gb Vision Nocturna Deteccion De Movimiento Audio Bidireccional + Env\u00edo a domicilio + Pago seguro + Garant\u00eda","breadcrumb":{"@id":"https:\/\/compuviper.mx\/tienda\/producto\/tp-link-tapo-c100-camara-ip-tp-link-wifi-2mp-1080p-capacidad-para-microsd-128gb-vision-nocturna-deteccion-de-movimiento-audio-bidireccional\/#breadcrumb"},"inLanguage":"es-MX","potentialAction":[{"@type":"ReadAction","target":["https:\/\/compuviper.mx\/tienda\/producto\/tp-link-tapo-c100-camara-ip-tp-link-wifi-2mp-1080p-capacidad-para-microsd-128gb-vision-nocturna-deteccion-de-movimiento-audio-bidireccional\/"]}]},{"@type":"BreadcrumbList","@id":"https:\/\/compuviper.mx\/tienda\/producto\/tp-link-tapo-c100-camara-ip-tp-link-wifi-2mp-1080p-capacidad-para-microsd-128gb-vision-nocturna-deteccion-de-movimiento-audio-bidireccional\/#breadcrumb","itemListElement":[{"@type":"ListItem","position":1,"name":"Inicio","item":"https:\/\/compuviper.mx\/tienda\/"},{"@type":"ListItem","position":2,"name":"Productos","item":"https:\/\/compuviper.mx\/tienda\/productos\/"},{"@type":"ListItem","position":3,"name":"Smart Home","item":"https:\/\/compuviper.mx\/tienda\/categoria-producto\/smart-home\/"},{"@type":"ListItem","position":4,"name":"Wired Camera","item":"https:\/\/compuviper.mx\/tienda\/categoria-producto\/smart-home\/wired-camera\/"},{"@type":"ListItem","position":5,"name":"Tp Link Tapo C100 Camara Ip Tp-link Wifi 2mp 1080p Capacidad Para Microsd 128gb Vision Nocturna Deteccion De Movimiento Audio Bidireccional"}]},{"@type":"WebSite","@id":"https:\/\/compuviper.mx\/tienda\/#website","url":"https:\/\/compuviper.mx\/tienda\/","name":"Compuviper","description":"Proveedor de Computadoras, Laptops, Servidores, Monitores, Puntos de Venta, Teclados,   Impresoras, T\u00f3ner, C\u00e1maras de Seguridad y m\u00e1s en tu tienda en l\u00ednea","publisher":{"@id":"https:\/\/compuviper.mx\/tienda\/#organization"},"potentialAction":[{"@type":"SearchAction","target":{"@type":"EntryPoint","urlTemplate":"https:\/\/compuviper.mx\/tienda\/?s={search_term_string}"},"query-input":"required name=search_term_string"}],"inLanguage":"es-MX"},{"@type":"Organization","@id":"https:\/\/compuviper.mx\/tienda\/#organization","name":"Compuviper","url":"https:\/\/compuviper.mx\/tienda\/","logo":{"@type":"ImageObject","inLanguage":"es-MX","@id":"https:\/\/compuviper.mx\/tienda\/#\/schema\/logo\/image\/","url":"https:\/\/compuviper.mx\/tienda\/wp-content\/uploads\/2021\/08\/Logo-Compuviper-10.png","contentUrl":"https:\/\/compuviper.mx\/tienda\/wp-content\/uploads\/2021\/08\/Logo-Compuviper-10.png","width":1000,"height":500,"caption":"Compuviper"},"image":{"@id":"https:\/\/compuviper.mx\/tienda\/#\/schema\/logo\/image\/"},"sameAs":["https:\/\/www.facebook.com\/compuviper","https:\/\/www.youtube.com\/channel\/UCf73dERp9Y3cfOq7q8BhLjA?view_as=subscriber"]}]},"product_brand":"TP LINK","product_price_amount":"326","product_price_currency":"MXN","og_availability":"instock","product_availability":"instock","product_retailer_item_id":"TAPO C100","product_condition":"new"},"_links":{"self":[{"href":"https:\/\/compuviper.mx\/tienda\/wp-json\/wp\/v2\/product\/216471"}],"collection":[{"href":"https:\/\/compuviper.mx\/tienda\/wp-json\/wp\/v2\/product"}],"about":[{"href":"https:\/\/compuviper.mx\/tienda\/wp-json\/wp\/v2\/types\/product"}],"replies":[{"embeddable":true,"href":"https:\/\/compuviper.mx\/tienda\/wp-json\/wp\/v2\/comments?post=216471"}],"wp:featuredmedia":[{"embeddable":true,"href":"https:\/\/compuviper.mx\/tienda\/wp-json\/wp\/v2\/media\/216472"}],"wp:attachment":[{"href":"https:\/\/compuviper.mx\/tienda\/wp-json\/wp\/v2\/media?parent=216471"}],"wp:term":[{"taxonomy":"product_cat","embeddable":true,"href":"https:\/\/compuviper.mx\/tienda\/wp-json\/wp\/v2\/product_cat?post=216471"},{"taxonomy":"product_tag","embeddable":true,"href":"https:\/\/compuviper.mx\/tienda\/wp-json\/wp\/v2\/product_tag?post=216471"}],"curies":[{"name":"wp","href":"https:\/\/api.w.org\/{rel}","templated":true}]}}