{"id":216463,"date":"2026-04-23T00:11:07","date_gmt":"2026-04-23T06:11:07","guid":{"rendered":"https:\/\/compuviper.mx\/tienda\/producto\/logitech-960-001257-webcam-c920s-color-negro-full-hd-1080p-a-30-fps-tapa-para-la-lente-campo-visual-78o-2-microfonos-integrados-enfoque-automatico-para-pc-windows-mac\/"},"modified":"2026-04-23T00:11:07","modified_gmt":"2026-04-23T06:11:07","slug":"logitech-960-001257-webcam-c920s-full-hd-1080p-a-30-fps-zoom-1-2x-3mp-enfoque-automatico-tapa-para-la-lente-negro","status":"publish","type":"product","link":"https:\/\/compuviper.mx\/tienda\/producto\/logitech-960-001257-webcam-c920s-full-hd-1080p-a-30-fps-zoom-1-2x-3mp-enfoque-automatico-tapa-para-la-lente-negro\/","title":{"rendered":"Logitech 960-001257 Webcam  C920s Full Hd 1080p A 30 Fps Zoom 1.2x 3mp Enfoque Automatico Tapa Para La Lente Negro"},"content":{"rendered":"<table class=\"descripcion\">\n<tr>\n<td>Elija el ambiente, c920s ajusta la iluminaci\u00f3n<\/td>\n<\/tr>\n<tr>\n<td>Grabe con luz tenue o con plena luz directa. el enfoque autom\u00e1tico y la correcci\u00f3n de iluminaci\u00f3n hd integrados ajustan el v\u00eddeo a todas las condiciones. siempre se obtiene una imagen nitid\u00edsima y de alta definici\u00f3n.<\/td>\n<\/tr>\n<tr>\n<td>Grabaci\u00f3n full hd 1080p<\/td>\n<\/tr>\n<tr>\n<td>Haga chat y grabe v\u00eddeos naturales y reales. la lente de cristal y el v\u00eddeo full hd 1080p a 30 fps capturan todos los detalles y colores brillantes y naturales. el campo visual de 78 grados puede enmarcar hasta a dos personas al mismo tiempo. use el software logitech capture para aplicar zoom y panor\u00e1mica.<\/td>\n<\/tr>\n<tr>\n<td>Creaci\u00f3n de contenidos integrada con capture<\/td>\n<\/tr>\n<tr>\n<td>Con logitech capture, puede empezar a grabar contenido de v\u00eddeo de alta calidad en cuanto conecte su nueva c\u00e1mara web. le permite personalizar grabaciones, ajustar la configuraci\u00f3n de la c\u00e1mara e incluso crear v\u00eddeo vertical con una interfaz intuitiva.<\/td>\n<\/tr>\n<tr>\n<td>Chat en est\u00e9reo pleno<\/td>\n<\/tr>\n<tr>\n<td>Dos micr\u00f3fonos integrados capturan el audio desde todos los \u00e1ngulos, para que su voz siempre suene natural y clara.<\/td>\n<\/tr>\n<tr>\n<td>Mantenga su privacidad<\/td>\n<\/tr>\n<tr>\n<td>Una pr\u00e1ctica tapa de obturador protege la lente y su privacidad.<\/td>\n<\/tr>\n<tr>\n<td>Dimensiones<\/td>\n<\/tr>\n<tr>\n<td>Sin clip<\/td>\n<\/tr>\n<tr>\n<td>Altura x anchura x profundidad:<\/td>\n<\/tr>\n<tr>\n<td>29 mm x 94 mm x 24 mm<\/td>\n<\/tr>\n<tr>\n<td>Longitud del cable: 1,5 m<\/td>\n<\/tr>\n<tr>\n<td>Con clip<\/td>\n<\/tr>\n<tr>\n<td>Altura x anchura x profundidad:<\/td>\n<\/tr>\n<tr>\n<td>43,3 mm x 94 mm x 71 mm<\/td>\n<\/tr>\n<tr>\n<td>Requisitos del sistema<\/td>\n<\/tr>\n<tr>\n<td>Compatible con:<\/td>\n<\/tr>\n<tr>\n<td>Windows\u00ae 10 o posterior, windows 8, windows 7<\/td>\n<\/tr>\n<tr>\n<td>Funciona en modo usb video device class (uvc) con clientes de videoconferencia compatibles:<\/td>\n<\/tr>\n<tr>\n<td>Macos 10.10 o posterior<\/td>\n<\/tr>\n<tr>\n<td>Xbox one<\/td>\n<\/tr>\n<tr>\n<td>Chrome os<\/td>\n<\/tr>\n<tr>\n<td>Android v 5.0 o posterior<\/td>\n<\/tr>\n<tr>\n<td>Puerto usb<\/td>\n<\/tr>\n<tr>\n<td>Conexi\u00f3n a internet 1<\/td>\n<\/tr>\n<tr>\n<td>Compatibilidad con plataformas:<\/td>\n<\/tr>\n<tr>\n<td>Skype<\/td>\n<\/tr>\n<tr>\n<td>Google hangouts<\/td>\n<\/tr>\n<tr>\n<td>Facetime para mac<\/td>\n<\/tr>\n<tr>\n<td>Especificaciones<\/td>\n<\/tr>\n<tr>\n<td>Resoluci\u00f3n m\u00e1x.:<\/td>\n<\/tr>\n<tr>\n<td>1080p\/30 fps &#8211; 720p\/30 fps<\/td>\n<\/tr>\n<tr>\n<td>Tipo de enfoque:<\/td>\n<\/tr>\n<tr>\n<td>Autom\u00e1tico<\/td>\n<\/tr>\n<tr>\n<td>Micr\u00f3fono integrado:<\/td>\n<\/tr>\n<tr>\n<td>Est\u00e9reo<\/td>\n<\/tr>\n<tr>\n<td>Clip universal compatible con tr\u00edpodes para monitores, pantallas lcd o port\u00e1tiles<\/td>\n<\/tr>\n<tr>\n<td>Longitud de cable:<\/td>\n<\/tr>\n<tr>\n<td>1,5 m<\/td>\n<\/tr>\n<tr>\n<td>Contenido de la caja<\/td>\n<\/tr>\n<tr>\n<td>C920s con cable de 1,5 m<\/td>\n<\/tr>\n<tr>\n<td>Tapa de obturador<\/td>\n<\/tr>\n<tr>\n<td>Documentaci\u00f3n del usuario<\/td>\n<\/tr>\n<tr>\n<td>Informaci\u00f3n de garant\u00eda<\/td>\n<\/tr>\n<tr>\n<td>Dos a\u00f1os de garant\u00eda de hardware limitada<\/td>\n<\/tr>\n<tr>\n<td>N\u00famero de referencia<\/td>\n<\/tr>\n<tr>\n<td>N\u00ba de referencia: 960-001257<\/td>\n<\/tr>\n<\/table>\n","protected":false},"excerpt":{"rendered":"<p>La m\u00e1s alta calidad de videoconferencias disponible en full hd 1080p con tapa de obturador. Llame y grabe con total claridad hd. Ofrezca su mejor imagen en videoconferencias y grabe sofisticados v\u00eddeos con la c\u00e1mara web c920s. Ofrece v\u00eddeo full hd (1080p a 30 fps) y n\u00edtido sonido est\u00e9reo con todas las aplicaciones de v\u00eddeo m\u00e1s populares.<\/p>\n","protected":false},"featured_media":216464,"comment_status":"open","ping_status":"open","template":"","meta":[],"product_cat":[1608,1682],"product_tag":[1500],"acf":[],"yoast_head":"<!-- This site is optimized with the Yoast SEO plugin v21.7 - https:\/\/yoast.com\/wordpress\/plugins\/seo\/ -->\n<title>[ Logitech ] &#129351; 960-001257 Webcam C920s Full Hd 1080p A 30 Fps Zoom 1.2x 3mp Enfoque Automatico Tapa Para La Lente Negro<\/title>\n<meta name=\"description\" content=\"Compra 960-001257 Webcam C920s Full Hd 1080p A 30 Fps Zoom 1.2x 3mp Enfoque Automatico Tapa Para La Lente Negro + Env\u00edo a domicilio + Pago seguro + Garant\u00eda\" \/>\n<meta name=\"robots\" content=\"index, follow, max-snippet:-1, max-image-preview:large, max-video-preview:-1\" \/>\n<link rel=\"canonical\" href=\"https:\/\/compuviper.mx\/tienda\/producto\/logitech-960-001257-webcam-c920s-full-hd-1080p-a-30-fps-zoom-1-2x-3mp-enfoque-automatico-tapa-para-la-lente-negro\/\" \/>\n<meta property=\"og:locale\" content=\"es_MX\" \/>\n<meta property=\"og:type\" content=\"article\" \/>\n<meta property=\"og:title\" content=\"[ Logitech ] &#129351; 960-001257 Webcam C920s Full Hd 1080p A 30 Fps Zoom 1.2x 3mp Enfoque Automatico Tapa Para La Lente Negro\" \/>\n<meta property=\"og:description\" content=\"Compra 960-001257 Webcam C920s Full Hd 1080p A 30 Fps Zoom 1.2x 3mp Enfoque Automatico Tapa Para La Lente Negro + Env\u00edo a domicilio + Pago seguro + Garant\u00eda\" \/>\n<meta property=\"og:url\" content=\"https:\/\/compuviper.mx\/tienda\/producto\/logitech-960-001257-webcam-c920s-full-hd-1080p-a-30-fps-zoom-1-2x-3mp-enfoque-automatico-tapa-para-la-lente-negro\/\" \/>\n<meta property=\"og:site_name\" content=\"Compuviper\" \/>\n<meta property=\"article:publisher\" content=\"https:\/\/www.facebook.com\/compuviper\" \/>\n<meta property=\"og:image\" content=\"https:\/\/compuviper.mx\/tienda\/wp-content\/uploads\/2023\/12\/Webcam-logitech-c920s-color-negro-full-hd-1080p-a-30-fps-tapa-para-la-lente-campo-visual-78o-2-microfonos-integrados-enfoque-automatico-para-pcwindowsmac.jpg\" \/>\n\t<meta property=\"og:image:width\" content=\"200\" \/>\n\t<meta property=\"og:image:height\" content=\"200\" \/>\n\t<meta property=\"og:image:type\" content=\"image\/jpeg\" \/>\n<meta name=\"twitter:card\" content=\"summary_large_image\" \/>\n<meta name=\"twitter:label1\" content=\"Precio\" \/>\n\t<meta name=\"twitter:data1\" content=\"&#36;1,967 con IVA\" \/>\n\t<meta name=\"twitter:label2\" content=\"Availability\" \/>\n\t<meta name=\"twitter:data2\" content=\"In stock\" \/>\n<script type=\"application\/ld+json\" class=\"yoast-schema-graph\">{\"@context\":\"https:\/\/schema.org\",\"@graph\":[{\"@type\":\"WebPage\",\"@id\":\"https:\/\/compuviper.mx\/tienda\/producto\/logitech-960-001257-webcam-c920s-full-hd-1080p-a-30-fps-zoom-1-2x-3mp-enfoque-automatico-tapa-para-la-lente-negro\/\",\"url\":\"https:\/\/compuviper.mx\/tienda\/producto\/logitech-960-001257-webcam-c920s-full-hd-1080p-a-30-fps-zoom-1-2x-3mp-enfoque-automatico-tapa-para-la-lente-negro\/\",\"name\":\"[ Logitech ] &#129351; 960-001257 Webcam C920s Full Hd 1080p A 30 Fps Zoom 1.2x 3mp Enfoque Automatico Tapa Para La Lente Negro\",\"isPartOf\":{\"@id\":\"https:\/\/compuviper.mx\/tienda\/#website\"},\"datePublished\":\"2026-04-23T06:11:07+00:00\",\"dateModified\":\"2026-04-23T06:11:07+00:00\",\"description\":\"Compra 960-001257 Webcam C920s Full Hd 1080p A 30 Fps Zoom 1.2x 3mp Enfoque Automatico Tapa Para La Lente Negro + Env\u00edo a domicilio + Pago seguro + Garant\u00eda\",\"breadcrumb\":{\"@id\":\"https:\/\/compuviper.mx\/tienda\/producto\/logitech-960-001257-webcam-c920s-full-hd-1080p-a-30-fps-zoom-1-2x-3mp-enfoque-automatico-tapa-para-la-lente-negro\/#breadcrumb\"},\"inLanguage\":\"es-MX\",\"potentialAction\":[{\"@type\":\"ReadAction\",\"target\":[\"https:\/\/compuviper.mx\/tienda\/producto\/logitech-960-001257-webcam-c920s-full-hd-1080p-a-30-fps-zoom-1-2x-3mp-enfoque-automatico-tapa-para-la-lente-negro\/\"]}]},{\"@type\":\"BreadcrumbList\",\"@id\":\"https:\/\/compuviper.mx\/tienda\/producto\/logitech-960-001257-webcam-c920s-full-hd-1080p-a-30-fps-zoom-1-2x-3mp-enfoque-automatico-tapa-para-la-lente-negro\/#breadcrumb\",\"itemListElement\":[{\"@type\":\"ListItem\",\"position\":1,\"name\":\"Inicio\",\"item\":\"https:\/\/compuviper.mx\/tienda\/\"},{\"@type\":\"ListItem\",\"position\":2,\"name\":\"Productos\",\"item\":\"https:\/\/compuviper.mx\/tienda\/productos\/\"},{\"@type\":\"ListItem\",\"position\":3,\"name\":\"Camaras\",\"item\":\"https:\/\/compuviper.mx\/tienda\/categoria-producto\/camaras-2\/\"},{\"@type\":\"ListItem\",\"position\":4,\"name\":\"Camara Web\",\"item\":\"https:\/\/compuviper.mx\/tienda\/categoria-producto\/camaras-2\/camara-web\/\"},{\"@type\":\"ListItem\",\"position\":5,\"name\":\"Logitech 960-001257 Webcam C920s Full Hd 1080p A 30 Fps Zoom 1.2x 3mp Enfoque Automatico Tapa Para La Lente Negro\"}]},{\"@type\":\"WebSite\",\"@id\":\"https:\/\/compuviper.mx\/tienda\/#website\",\"url\":\"https:\/\/compuviper.mx\/tienda\/\",\"name\":\"Compuviper\",\"description\":\"Proveedor de Computadoras, Laptops, Servidores, Monitores, Puntos de Venta, Teclados,   Impresoras, T\u00f3ner, C\u00e1maras de Seguridad y m\u00e1s en tu tienda en l\u00ednea\",\"publisher\":{\"@id\":\"https:\/\/compuviper.mx\/tienda\/#organization\"},\"potentialAction\":[{\"@type\":\"SearchAction\",\"target\":{\"@type\":\"EntryPoint\",\"urlTemplate\":\"https:\/\/compuviper.mx\/tienda\/?s={search_term_string}\"},\"query-input\":\"required name=search_term_string\"}],\"inLanguage\":\"es-MX\"},{\"@type\":\"Organization\",\"@id\":\"https:\/\/compuviper.mx\/tienda\/#organization\",\"name\":\"Compuviper\",\"url\":\"https:\/\/compuviper.mx\/tienda\/\",\"logo\":{\"@type\":\"ImageObject\",\"inLanguage\":\"es-MX\",\"@id\":\"https:\/\/compuviper.mx\/tienda\/#\/schema\/logo\/image\/\",\"url\":\"https:\/\/compuviper.mx\/tienda\/wp-content\/uploads\/2021\/08\/Logo-Compuviper-10.png\",\"contentUrl\":\"https:\/\/compuviper.mx\/tienda\/wp-content\/uploads\/2021\/08\/Logo-Compuviper-10.png\",\"width\":1000,\"height\":500,\"caption\":\"Compuviper\"},\"image\":{\"@id\":\"https:\/\/compuviper.mx\/tienda\/#\/schema\/logo\/image\/\"},\"sameAs\":[\"https:\/\/www.facebook.com\/compuviper\",\"https:\/\/www.youtube.com\/channel\/UCf73dERp9Y3cfOq7q8BhLjA?view_as=subscriber\"]}]}<\/script>\n<meta property=\"product:brand\" content=\"LOGITECH\" \/>\n<meta property=\"product:price:amount\" content=\"1967\" \/>\n<meta property=\"product:price:currency\" content=\"MXN\" \/>\n<meta property=\"og:availability\" content=\"instock\" \/>\n<meta property=\"product:availability\" content=\"instock\" \/>\n<meta property=\"product:retailer_item_id\" content=\"960-001257\" \/>\n<meta property=\"product:condition\" content=\"new\" \/>\n<!-- \/ Yoast SEO plugin. -->","yoast_head_json":{"title":"[ Logitech ] &#129351; 960-001257 Webcam C920s Full Hd 1080p A 30 Fps Zoom 1.2x 3mp Enfoque Automatico Tapa Para La Lente Negro","description":"Compra 960-001257 Webcam C920s Full Hd 1080p A 30 Fps Zoom 1.2x 3mp Enfoque Automatico Tapa Para La Lente Negro + Env\u00edo a domicilio + Pago seguro + Garant\u00eda","robots":{"index":"index","follow":"follow","max-snippet":"max-snippet:-1","max-image-preview":"max-image-preview:large","max-video-preview":"max-video-preview:-1"},"canonical":"https:\/\/compuviper.mx\/tienda\/producto\/logitech-960-001257-webcam-c920s-full-hd-1080p-a-30-fps-zoom-1-2x-3mp-enfoque-automatico-tapa-para-la-lente-negro\/","og_locale":"es_MX","og_type":"article","og_title":"[ Logitech ] &#129351; 960-001257 Webcam C920s Full Hd 1080p A 30 Fps Zoom 1.2x 3mp Enfoque Automatico Tapa Para La Lente Negro","og_description":"Compra 960-001257 Webcam C920s Full Hd 1080p A 30 Fps Zoom 1.2x 3mp Enfoque Automatico Tapa Para La Lente Negro + Env\u00edo a domicilio + Pago seguro + Garant\u00eda","og_url":"https:\/\/compuviper.mx\/tienda\/producto\/logitech-960-001257-webcam-c920s-full-hd-1080p-a-30-fps-zoom-1-2x-3mp-enfoque-automatico-tapa-para-la-lente-negro\/","og_site_name":"Compuviper","article_publisher":"https:\/\/www.facebook.com\/compuviper","og_image":[{"width":200,"height":200,"url":"https:\/\/compuviper.mx\/tienda\/wp-content\/uploads\/2023\/12\/Webcam-logitech-c920s-color-negro-full-hd-1080p-a-30-fps-tapa-para-la-lente-campo-visual-78o-2-microfonos-integrados-enfoque-automatico-para-pcwindowsmac.jpg","type":"image\/jpeg"}],"twitter_card":"summary_large_image","twitter_misc":{"Precio":"&#36;1,967 con IVA","Availability":"In stock"},"schema":{"@context":"https:\/\/schema.org","@graph":[{"@type":"WebPage","@id":"https:\/\/compuviper.mx\/tienda\/producto\/logitech-960-001257-webcam-c920s-full-hd-1080p-a-30-fps-zoom-1-2x-3mp-enfoque-automatico-tapa-para-la-lente-negro\/","url":"https:\/\/compuviper.mx\/tienda\/producto\/logitech-960-001257-webcam-c920s-full-hd-1080p-a-30-fps-zoom-1-2x-3mp-enfoque-automatico-tapa-para-la-lente-negro\/","name":"[ Logitech ] &#129351; 960-001257 Webcam C920s Full Hd 1080p A 30 Fps Zoom 1.2x 3mp Enfoque Automatico Tapa Para La Lente Negro","isPartOf":{"@id":"https:\/\/compuviper.mx\/tienda\/#website"},"datePublished":"2026-04-23T06:11:07+00:00","dateModified":"2026-04-23T06:11:07+00:00","description":"Compra 960-001257 Webcam C920s Full Hd 1080p A 30 Fps Zoom 1.2x 3mp Enfoque Automatico Tapa Para La Lente Negro + Env\u00edo a domicilio + Pago seguro + Garant\u00eda","breadcrumb":{"@id":"https:\/\/compuviper.mx\/tienda\/producto\/logitech-960-001257-webcam-c920s-full-hd-1080p-a-30-fps-zoom-1-2x-3mp-enfoque-automatico-tapa-para-la-lente-negro\/#breadcrumb"},"inLanguage":"es-MX","potentialAction":[{"@type":"ReadAction","target":["https:\/\/compuviper.mx\/tienda\/producto\/logitech-960-001257-webcam-c920s-full-hd-1080p-a-30-fps-zoom-1-2x-3mp-enfoque-automatico-tapa-para-la-lente-negro\/"]}]},{"@type":"BreadcrumbList","@id":"https:\/\/compuviper.mx\/tienda\/producto\/logitech-960-001257-webcam-c920s-full-hd-1080p-a-30-fps-zoom-1-2x-3mp-enfoque-automatico-tapa-para-la-lente-negro\/#breadcrumb","itemListElement":[{"@type":"ListItem","position":1,"name":"Inicio","item":"https:\/\/compuviper.mx\/tienda\/"},{"@type":"ListItem","position":2,"name":"Productos","item":"https:\/\/compuviper.mx\/tienda\/productos\/"},{"@type":"ListItem","position":3,"name":"Camaras","item":"https:\/\/compuviper.mx\/tienda\/categoria-producto\/camaras-2\/"},{"@type":"ListItem","position":4,"name":"Camara Web","item":"https:\/\/compuviper.mx\/tienda\/categoria-producto\/camaras-2\/camara-web\/"},{"@type":"ListItem","position":5,"name":"Logitech 960-001257 Webcam C920s Full Hd 1080p A 30 Fps Zoom 1.2x 3mp Enfoque Automatico Tapa Para La Lente Negro"}]},{"@type":"WebSite","@id":"https:\/\/compuviper.mx\/tienda\/#website","url":"https:\/\/compuviper.mx\/tienda\/","name":"Compuviper","description":"Proveedor de Computadoras, Laptops, Servidores, Monitores, Puntos de Venta, Teclados,   Impresoras, T\u00f3ner, C\u00e1maras de Seguridad y m\u00e1s en tu tienda en l\u00ednea","publisher":{"@id":"https:\/\/compuviper.mx\/tienda\/#organization"},"potentialAction":[{"@type":"SearchAction","target":{"@type":"EntryPoint","urlTemplate":"https:\/\/compuviper.mx\/tienda\/?s={search_term_string}"},"query-input":"required name=search_term_string"}],"inLanguage":"es-MX"},{"@type":"Organization","@id":"https:\/\/compuviper.mx\/tienda\/#organization","name":"Compuviper","url":"https:\/\/compuviper.mx\/tienda\/","logo":{"@type":"ImageObject","inLanguage":"es-MX","@id":"https:\/\/compuviper.mx\/tienda\/#\/schema\/logo\/image\/","url":"https:\/\/compuviper.mx\/tienda\/wp-content\/uploads\/2021\/08\/Logo-Compuviper-10.png","contentUrl":"https:\/\/compuviper.mx\/tienda\/wp-content\/uploads\/2021\/08\/Logo-Compuviper-10.png","width":1000,"height":500,"caption":"Compuviper"},"image":{"@id":"https:\/\/compuviper.mx\/tienda\/#\/schema\/logo\/image\/"},"sameAs":["https:\/\/www.facebook.com\/compuviper","https:\/\/www.youtube.com\/channel\/UCf73dERp9Y3cfOq7q8BhLjA?view_as=subscriber"]}]},"product_brand":"LOGITECH","product_price_amount":"1967","product_price_currency":"MXN","og_availability":"instock","product_availability":"instock","product_retailer_item_id":"960-001257","product_condition":"new"},"_links":{"self":[{"href":"https:\/\/compuviper.mx\/tienda\/wp-json\/wp\/v2\/product\/216463"}],"collection":[{"href":"https:\/\/compuviper.mx\/tienda\/wp-json\/wp\/v2\/product"}],"about":[{"href":"https:\/\/compuviper.mx\/tienda\/wp-json\/wp\/v2\/types\/product"}],"replies":[{"embeddable":true,"href":"https:\/\/compuviper.mx\/tienda\/wp-json\/wp\/v2\/comments?post=216463"}],"wp:featuredmedia":[{"embeddable":true,"href":"https:\/\/compuviper.mx\/tienda\/wp-json\/wp\/v2\/media\/216464"}],"wp:attachment":[{"href":"https:\/\/compuviper.mx\/tienda\/wp-json\/wp\/v2\/media?parent=216463"}],"wp:term":[{"taxonomy":"product_cat","embeddable":true,"href":"https:\/\/compuviper.mx\/tienda\/wp-json\/wp\/v2\/product_cat?post=216463"},{"taxonomy":"product_tag","embeddable":true,"href":"https:\/\/compuviper.mx\/tienda\/wp-json\/wp\/v2\/product_tag?post=216463"}],"curies":[{"name":"wp","href":"https:\/\/api.w.org\/{rel}","templated":true}]}}