{"id":216457,"date":"2026-04-11T00:12:43","date_gmt":"2026-04-11T06:12:43","guid":{"rendered":"https:\/\/compuviper.mx\/tienda\/producto\/dahua-dh-hac-hfw1200tn-a-0280b-s4-camara-bullet-hdcvi-2mp-tvi-ahd-cvbs-lente-2-8mm-angulo-de-vision-103-grados-audio-integrado-smart-ir-30m-ip67-metalica\/"},"modified":"2026-04-11T00:12:43","modified_gmt":"2026-04-11T06:12:43","slug":"dahua-dh-hac-hfw1200tn-a-0280b-s46923172593115-camara-bullet-hdcvi-2mp-tvi-ahd-cvbs-lente-2-8mm-angulo-de-vision-103-grados-audio-integrado-smart-ir-30m-ip67-metalica","status":"publish","type":"product","link":"https:\/\/compuviper.mx\/tienda\/producto\/dahua-dh-hac-hfw1200tn-a-0280b-s46923172593115-camara-bullet-hdcvi-2mp-tvi-ahd-cvbs-lente-2-8mm-angulo-de-vision-103-grados-audio-integrado-smart-ir-30m-ip67-metalica\/","title":{"rendered":"Dahua Dh-hac-hfw1200tn-a-0280b-s4,6923172593115 Camara  Bullet Hdcvi 2mp \/ Tvi\/ Ahd\/ Cvbs\/lente 2.8mm\/ Angulo De Vision 103 Grados\/ Audio Integrado\/ Smart Ir 30m\/ Ip67\/ Metalica"},"content":{"rendered":"<table class=\"descripcion\">\n<tr>\n<td>Sensor de imagen 1\/2.7 pulgadascmos de escaneo progresivo de 2 megapixeles<\/td>\n<\/tr>\n<tr>\n<td>P\u00edxeles efectivos 1920(h) x1080(v)<\/td>\n<\/tr>\n<tr>\n<td>Sistema de escaneo progresivo<\/td>\n<\/tr>\n<tr>\n<td>Iluminaci\u00f3n m\u00ednima<\/td>\n<\/tr>\n<tr>\n<td>0.02lux\/f1.85, 30ire, 0lux ir encendido<\/td>\n<\/tr>\n<tr>\n<td>Relaci\u00f3n s \/ n m\u00e1s de 65 db<\/td>\n<\/tr>\n<tr>\n<td>Distancia ir hasta 30m<\/td>\n<\/tr>\n<tr>\n<td>Lente<\/td>\n<\/tr>\n<tr>\n<td>Tipo de lente fijo<\/td>\n<\/tr>\n<tr>\n<td>Longitud focal 2.8mm<\/td>\n<\/tr>\n<tr>\n<td>M\u00e1xima apertura f1.85<\/td>\n<\/tr>\n<tr>\n<td>\u00e1ngulo de visi\u00f3n h:103\u00b0 control de enfoque fijo<\/td>\n<\/tr>\n<tr>\n<td>Distancia focal nd<\/td>\n<\/tr>\n<tr>\n<td>Distancia dori lente detectar observar reconocer identificar<\/td>\n<\/tr>\n<tr>\n<td>2.8 mm<\/td>\n<\/tr>\n<tr>\n<td>37m (122ft) 15m(49ft) 8m(25ft) 4m(12ft)<\/td>\n<\/tr>\n<tr>\n<td>Control ptz<\/td>\n<\/tr>\n<tr>\n<td>Salida de video 1 canal de salida de video bnc hdcvi \/ cvbs puede ser<\/td>\n<\/tr>\n<tr>\n<td>Cambiado<\/td>\n<\/tr>\n<tr>\n<td>Frame rate 25fps@1080p, 25\/30\/50\/6fps0@720p<\/td>\n<\/tr>\n<tr>\n<td>D\u00eda \/ noche autom\u00e1tico \/ manual<\/td>\n<\/tr>\n<tr>\n<td>Men\u00fa osd<\/td>\n<\/tr>\n<tr>\n<td>Multi lenguaje<\/td>\n<\/tr>\n<tr>\n<td>Modo blc blc \/ hlc \/ dwdr<\/td>\n<\/tr>\n<tr>\n<td>Wdr dwdr<\/td>\n<\/tr>\n<tr>\n<td>Control de ganancia agc<\/td>\n<\/tr>\n<tr>\n<td>Balance de blancos autom\u00e1tico \/ manual<\/td>\n<\/tr>\n<tr>\n<td>Ir inteligente autom\u00e1tico \/ manual<\/td>\n<\/tr>\n<tr>\n<td>Audio<\/td>\n<\/tr>\n<tr>\n<td>Interfaz de audio micr\u00f3fono incorporado<\/td>\n<\/tr>\n<tr>\n<td>Energ\u00eda<\/td>\n<\/tr>\n<tr>\n<td>Fuente de alimentaci\u00f3n cd12v \u00b130%<\/td>\n<\/tr>\n<tr>\n<td>Consumo de energ\u00eda m\u00e1ximo 3.6w ( 12v cd, ir encendido )<\/td>\n<\/tr>\n<tr>\n<td>Entorno ambiental<\/td>\n<\/tr>\n<tr>\n<td>Condiciones de operaci\u00f3n -40\u00b0c ~ + 60\u00b0c\/menos del 95% de hr<\/td>\n<\/tr>\n<tr>\n<td>Condiciones de almacenamiento -40  grados c ~ + 60\u00b0c\/menos del 95% de hr<\/td>\n<\/tr>\n<tr>\n<td>Indice de protecci\u00f3n ip67<\/td>\n<\/tr>\n<tr>\n<td>Construcci\u00f3n<\/td>\n<\/tr>\n<tr>\n<td>Estructura met\u00e1lica<\/td>\n<\/tr>\n<tr>\n<td>Dimensiones 176mm\u00d772.4mm\u00d772.5mm<\/td>\n<\/tr>\n<\/table>\n","protected":false},"excerpt":{"rendered":"<p>El modelo hfw1200ta28 es una camara de resoluci\u00f3n 1080p (1920&#215;1080). Que cuenta con un potente chipset que incorpora un sensor avanzado para proporcionar una excelente calidad en la imagen con colores vivos y abundantes detalles, tambi\u00e9n obtendremos un \u00e1ngulo de visi\u00f3n m\u00e1s amplio. Una de las ventajas que nos proporciona este modelo es que tendremos una visi\u00f3n de 103 grados con su lente de 2.8 mm. Otra caracter\u00edsticas es a pueba de agua con \u00edndice de protecci\u00f3n ip67 lo que le permite ser utilizada para el exterior, ya que esta dise\u00f1ada para que no ingrese polvo y agua. Otra caracter\u00edstica primordial de esta c\u00e1mara es que cuenta con audio integrado de calidad sin igual.<\/p>\n","protected":false},"featured_media":216458,"comment_status":"open","ping_status":"open","template":"","meta":[],"product_cat":[1608,1681],"product_tag":[1555],"acf":[],"yoast_head":"<!-- This site is optimized with the Yoast SEO plugin v21.7 - https:\/\/yoast.com\/wordpress\/plugins\/seo\/ -->\n<title>[ Dahua ] &#129351; Dh-hac-hfw1200tn-a-0280b-s4,6923172593115 Camara Bullet Hdcvi 2mp \/ Tvi\/ Ahd\/ Cvbs\/lente 2.8mm\/ Angulo De Vision 103 Grados\/ Audio Integrado\/ Smart Ir 30m\/ Ip67\/ Metalica<\/title>\n<meta name=\"description\" content=\"Compra Dh-hac-hfw1200tn-a-0280b-s4,6923172593115 Camara Bullet Hdcvi 2mp \/ Tvi\/ Ahd\/ Cvbs\/lente 2.8mm\/ Angulo De Vision 103 Grados\/ Audio Integrado\/ Smart Ir 30m\/ Ip67\/ Metalica + Env\u00edo a domicilio + Pago seguro + Garant\u00eda\" \/>\n<meta name=\"robots\" content=\"index, follow, max-snippet:-1, max-image-preview:large, max-video-preview:-1\" \/>\n<link rel=\"canonical\" href=\"https:\/\/compuviper.mx\/tienda\/producto\/dahua-dh-hac-hfw1200tn-a-0280b-s46923172593115-camara-bullet-hdcvi-2mp-tvi-ahd-cvbs-lente-2-8mm-angulo-de-vision-103-grados-audio-integrado-smart-ir-30m-ip67-metalica\/\" \/>\n<meta property=\"og:locale\" content=\"es_MX\" \/>\n<meta property=\"og:type\" content=\"article\" \/>\n<meta property=\"og:title\" content=\"[ Dahua ] &#129351; Dh-hac-hfw1200tn-a-0280b-s4,6923172593115 Camara Bullet Hdcvi 2mp \/ Tvi\/ Ahd\/ Cvbs\/lente 2.8mm\/ Angulo De Vision 103 Grados\/ Audio Integrado\/ Smart Ir 30m\/ Ip67\/ Metalica\" \/>\n<meta property=\"og:description\" content=\"Compra Dh-hac-hfw1200tn-a-0280b-s4,6923172593115 Camara Bullet Hdcvi 2mp \/ Tvi\/ Ahd\/ Cvbs\/lente 2.8mm\/ Angulo De Vision 103 Grados\/ Audio Integrado\/ Smart Ir 30m\/ Ip67\/ Metalica + Env\u00edo a domicilio + Pago seguro + Garant\u00eda\" \/>\n<meta property=\"og:url\" content=\"https:\/\/compuviper.mx\/tienda\/producto\/dahua-dh-hac-hfw1200tn-a-0280b-s46923172593115-camara-bullet-hdcvi-2mp-tvi-ahd-cvbs-lente-2-8mm-angulo-de-vision-103-grados-audio-integrado-smart-ir-30m-ip67-metalica\/\" \/>\n<meta property=\"og:site_name\" content=\"Compuviper\" \/>\n<meta property=\"article:publisher\" content=\"https:\/\/www.facebook.com\/compuviper\" \/>\n<meta property=\"og:image\" content=\"https:\/\/compuviper.mx\/tienda\/wp-content\/uploads\/2023\/12\/Camara-dahua-bullet-hdcvi-2mp-tvi-ahd-cvbslente-2.8mm-angulo-de-vision-103-grados-audio-integrado-smart-ir-30m-ip67-metalica.jpg\" \/>\n\t<meta property=\"og:image:width\" content=\"200\" \/>\n\t<meta property=\"og:image:height\" content=\"200\" \/>\n\t<meta property=\"og:image:type\" content=\"image\/jpeg\" \/>\n<meta name=\"twitter:card\" content=\"summary_large_image\" \/>\n<meta name=\"twitter:label1\" content=\"Precio\" \/>\n\t<meta name=\"twitter:data1\" content=\"&#36;386 &#36;372 con IVA\" \/>\n\t<meta name=\"twitter:label2\" content=\"Availability\" \/>\n\t<meta name=\"twitter:data2\" content=\"In stock\" \/>\n<script type=\"application\/ld+json\" class=\"yoast-schema-graph\">{\"@context\":\"https:\/\/schema.org\",\"@graph\":[{\"@type\":\"WebPage\",\"@id\":\"https:\/\/compuviper.mx\/tienda\/producto\/dahua-dh-hac-hfw1200tn-a-0280b-s46923172593115-camara-bullet-hdcvi-2mp-tvi-ahd-cvbs-lente-2-8mm-angulo-de-vision-103-grados-audio-integrado-smart-ir-30m-ip67-metalica\/\",\"url\":\"https:\/\/compuviper.mx\/tienda\/producto\/dahua-dh-hac-hfw1200tn-a-0280b-s46923172593115-camara-bullet-hdcvi-2mp-tvi-ahd-cvbs-lente-2-8mm-angulo-de-vision-103-grados-audio-integrado-smart-ir-30m-ip67-metalica\/\",\"name\":\"[ Dahua ] &#129351; Dh-hac-hfw1200tn-a-0280b-s4,6923172593115 Camara Bullet Hdcvi 2mp \/ Tvi\/ Ahd\/ Cvbs\/lente 2.8mm\/ Angulo De Vision 103 Grados\/ Audio Integrado\/ Smart Ir 30m\/ Ip67\/ Metalica\",\"isPartOf\":{\"@id\":\"https:\/\/compuviper.mx\/tienda\/#website\"},\"datePublished\":\"2026-04-11T06:12:43+00:00\",\"dateModified\":\"2026-04-11T06:12:43+00:00\",\"description\":\"Compra Dh-hac-hfw1200tn-a-0280b-s4,6923172593115 Camara Bullet Hdcvi 2mp \/ Tvi\/ Ahd\/ Cvbs\/lente 2.8mm\/ Angulo De Vision 103 Grados\/ Audio Integrado\/ Smart Ir 30m\/ Ip67\/ Metalica + Env\u00edo a domicilio + Pago seguro + Garant\u00eda\",\"breadcrumb\":{\"@id\":\"https:\/\/compuviper.mx\/tienda\/producto\/dahua-dh-hac-hfw1200tn-a-0280b-s46923172593115-camara-bullet-hdcvi-2mp-tvi-ahd-cvbs-lente-2-8mm-angulo-de-vision-103-grados-audio-integrado-smart-ir-30m-ip67-metalica\/#breadcrumb\"},\"inLanguage\":\"es-MX\",\"potentialAction\":[{\"@type\":\"ReadAction\",\"target\":[\"https:\/\/compuviper.mx\/tienda\/producto\/dahua-dh-hac-hfw1200tn-a-0280b-s46923172593115-camara-bullet-hdcvi-2mp-tvi-ahd-cvbs-lente-2-8mm-angulo-de-vision-103-grados-audio-integrado-smart-ir-30m-ip67-metalica\/\"]}]},{\"@type\":\"BreadcrumbList\",\"@id\":\"https:\/\/compuviper.mx\/tienda\/producto\/dahua-dh-hac-hfw1200tn-a-0280b-s46923172593115-camara-bullet-hdcvi-2mp-tvi-ahd-cvbs-lente-2-8mm-angulo-de-vision-103-grados-audio-integrado-smart-ir-30m-ip67-metalica\/#breadcrumb\",\"itemListElement\":[{\"@type\":\"ListItem\",\"position\":1,\"name\":\"Inicio\",\"item\":\"https:\/\/compuviper.mx\/tienda\/\"},{\"@type\":\"ListItem\",\"position\":2,\"name\":\"Productos\",\"item\":\"https:\/\/compuviper.mx\/tienda\/productos\/\"},{\"@type\":\"ListItem\",\"position\":3,\"name\":\"Camaras\",\"item\":\"https:\/\/compuviper.mx\/tienda\/categoria-producto\/camaras-2\/\"},{\"@type\":\"ListItem\",\"position\":4,\"name\":\"Camara De Videovigilancia\",\"item\":\"https:\/\/compuviper.mx\/tienda\/categoria-producto\/camaras-2\/camara-de-videovigilancia\/\"},{\"@type\":\"ListItem\",\"position\":5,\"name\":\"Dahua Dh-hac-hfw1200tn-a-0280b-s4,6923172593115 Camara Bullet Hdcvi 2mp \/ Tvi\/ Ahd\/ Cvbs\/lente 2.8mm\/ Angulo De Vision 103 Grados\/ Audio Integrado\/ Smart Ir 30m\/ Ip67\/ Metalica\"}]},{\"@type\":\"WebSite\",\"@id\":\"https:\/\/compuviper.mx\/tienda\/#website\",\"url\":\"https:\/\/compuviper.mx\/tienda\/\",\"name\":\"Compuviper\",\"description\":\"Proveedor de Computadoras, Laptops, Servidores, Monitores, Puntos de Venta, Teclados,   Impresoras, T\u00f3ner, C\u00e1maras de Seguridad y m\u00e1s en tu tienda en l\u00ednea\",\"publisher\":{\"@id\":\"https:\/\/compuviper.mx\/tienda\/#organization\"},\"potentialAction\":[{\"@type\":\"SearchAction\",\"target\":{\"@type\":\"EntryPoint\",\"urlTemplate\":\"https:\/\/compuviper.mx\/tienda\/?s={search_term_string}\"},\"query-input\":\"required name=search_term_string\"}],\"inLanguage\":\"es-MX\"},{\"@type\":\"Organization\",\"@id\":\"https:\/\/compuviper.mx\/tienda\/#organization\",\"name\":\"Compuviper\",\"url\":\"https:\/\/compuviper.mx\/tienda\/\",\"logo\":{\"@type\":\"ImageObject\",\"inLanguage\":\"es-MX\",\"@id\":\"https:\/\/compuviper.mx\/tienda\/#\/schema\/logo\/image\/\",\"url\":\"https:\/\/compuviper.mx\/tienda\/wp-content\/uploads\/2021\/08\/Logo-Compuviper-10.png\",\"contentUrl\":\"https:\/\/compuviper.mx\/tienda\/wp-content\/uploads\/2021\/08\/Logo-Compuviper-10.png\",\"width\":1000,\"height\":500,\"caption\":\"Compuviper\"},\"image\":{\"@id\":\"https:\/\/compuviper.mx\/tienda\/#\/schema\/logo\/image\/\"},\"sameAs\":[\"https:\/\/www.facebook.com\/compuviper\",\"https:\/\/www.youtube.com\/channel\/UCf73dERp9Y3cfOq7q8BhLjA?view_as=subscriber\"]}]}<\/script>\n<meta property=\"product:brand\" content=\"DAHUA\" \/>\n<meta property=\"product:price:amount\" content=\"372\" \/>\n<meta property=\"product:price:currency\" content=\"MXN\" \/>\n<meta property=\"og:availability\" content=\"instock\" \/>\n<meta property=\"product:availability\" content=\"instock\" \/>\n<meta property=\"product:retailer_item_id\" content=\"DH-HAC-HFW1200TN-A-0280B-S4,6923172593115\" \/>\n<meta property=\"product:condition\" content=\"new\" \/>\n<!-- \/ Yoast SEO plugin. -->","yoast_head_json":{"title":"[ Dahua ] &#129351; Dh-hac-hfw1200tn-a-0280b-s4,6923172593115 Camara Bullet Hdcvi 2mp \/ Tvi\/ Ahd\/ Cvbs\/lente 2.8mm\/ Angulo De Vision 103 Grados\/ Audio Integrado\/ Smart Ir 30m\/ Ip67\/ Metalica","description":"Compra Dh-hac-hfw1200tn-a-0280b-s4,6923172593115 Camara Bullet Hdcvi 2mp \/ Tvi\/ Ahd\/ Cvbs\/lente 2.8mm\/ Angulo De Vision 103 Grados\/ Audio Integrado\/ Smart Ir 30m\/ Ip67\/ Metalica + Env\u00edo a domicilio + Pago seguro + Garant\u00eda","robots":{"index":"index","follow":"follow","max-snippet":"max-snippet:-1","max-image-preview":"max-image-preview:large","max-video-preview":"max-video-preview:-1"},"canonical":"https:\/\/compuviper.mx\/tienda\/producto\/dahua-dh-hac-hfw1200tn-a-0280b-s46923172593115-camara-bullet-hdcvi-2mp-tvi-ahd-cvbs-lente-2-8mm-angulo-de-vision-103-grados-audio-integrado-smart-ir-30m-ip67-metalica\/","og_locale":"es_MX","og_type":"article","og_title":"[ Dahua ] &#129351; Dh-hac-hfw1200tn-a-0280b-s4,6923172593115 Camara Bullet Hdcvi 2mp \/ Tvi\/ Ahd\/ Cvbs\/lente 2.8mm\/ Angulo De Vision 103 Grados\/ Audio Integrado\/ Smart Ir 30m\/ Ip67\/ Metalica","og_description":"Compra Dh-hac-hfw1200tn-a-0280b-s4,6923172593115 Camara Bullet Hdcvi 2mp \/ Tvi\/ Ahd\/ Cvbs\/lente 2.8mm\/ Angulo De Vision 103 Grados\/ Audio Integrado\/ Smart Ir 30m\/ Ip67\/ Metalica + Env\u00edo a domicilio + Pago seguro + Garant\u00eda","og_url":"https:\/\/compuviper.mx\/tienda\/producto\/dahua-dh-hac-hfw1200tn-a-0280b-s46923172593115-camara-bullet-hdcvi-2mp-tvi-ahd-cvbs-lente-2-8mm-angulo-de-vision-103-grados-audio-integrado-smart-ir-30m-ip67-metalica\/","og_site_name":"Compuviper","article_publisher":"https:\/\/www.facebook.com\/compuviper","og_image":[{"width":200,"height":200,"url":"https:\/\/compuviper.mx\/tienda\/wp-content\/uploads\/2023\/12\/Camara-dahua-bullet-hdcvi-2mp-tvi-ahd-cvbslente-2.8mm-angulo-de-vision-103-grados-audio-integrado-smart-ir-30m-ip67-metalica.jpg","type":"image\/jpeg"}],"twitter_card":"summary_large_image","twitter_misc":{"Precio":"&#36;386 &#36;372 con IVA","Availability":"In stock"},"schema":{"@context":"https:\/\/schema.org","@graph":[{"@type":"WebPage","@id":"https:\/\/compuviper.mx\/tienda\/producto\/dahua-dh-hac-hfw1200tn-a-0280b-s46923172593115-camara-bullet-hdcvi-2mp-tvi-ahd-cvbs-lente-2-8mm-angulo-de-vision-103-grados-audio-integrado-smart-ir-30m-ip67-metalica\/","url":"https:\/\/compuviper.mx\/tienda\/producto\/dahua-dh-hac-hfw1200tn-a-0280b-s46923172593115-camara-bullet-hdcvi-2mp-tvi-ahd-cvbs-lente-2-8mm-angulo-de-vision-103-grados-audio-integrado-smart-ir-30m-ip67-metalica\/","name":"[ Dahua ] &#129351; Dh-hac-hfw1200tn-a-0280b-s4,6923172593115 Camara Bullet Hdcvi 2mp \/ Tvi\/ Ahd\/ Cvbs\/lente 2.8mm\/ Angulo De Vision 103 Grados\/ Audio Integrado\/ Smart Ir 30m\/ Ip67\/ Metalica","isPartOf":{"@id":"https:\/\/compuviper.mx\/tienda\/#website"},"datePublished":"2026-04-11T06:12:43+00:00","dateModified":"2026-04-11T06:12:43+00:00","description":"Compra Dh-hac-hfw1200tn-a-0280b-s4,6923172593115 Camara Bullet Hdcvi 2mp \/ Tvi\/ Ahd\/ Cvbs\/lente 2.8mm\/ Angulo De Vision 103 Grados\/ Audio Integrado\/ Smart Ir 30m\/ Ip67\/ Metalica + Env\u00edo a domicilio + Pago seguro + Garant\u00eda","breadcrumb":{"@id":"https:\/\/compuviper.mx\/tienda\/producto\/dahua-dh-hac-hfw1200tn-a-0280b-s46923172593115-camara-bullet-hdcvi-2mp-tvi-ahd-cvbs-lente-2-8mm-angulo-de-vision-103-grados-audio-integrado-smart-ir-30m-ip67-metalica\/#breadcrumb"},"inLanguage":"es-MX","potentialAction":[{"@type":"ReadAction","target":["https:\/\/compuviper.mx\/tienda\/producto\/dahua-dh-hac-hfw1200tn-a-0280b-s46923172593115-camara-bullet-hdcvi-2mp-tvi-ahd-cvbs-lente-2-8mm-angulo-de-vision-103-grados-audio-integrado-smart-ir-30m-ip67-metalica\/"]}]},{"@type":"BreadcrumbList","@id":"https:\/\/compuviper.mx\/tienda\/producto\/dahua-dh-hac-hfw1200tn-a-0280b-s46923172593115-camara-bullet-hdcvi-2mp-tvi-ahd-cvbs-lente-2-8mm-angulo-de-vision-103-grados-audio-integrado-smart-ir-30m-ip67-metalica\/#breadcrumb","itemListElement":[{"@type":"ListItem","position":1,"name":"Inicio","item":"https:\/\/compuviper.mx\/tienda\/"},{"@type":"ListItem","position":2,"name":"Productos","item":"https:\/\/compuviper.mx\/tienda\/productos\/"},{"@type":"ListItem","position":3,"name":"Camaras","item":"https:\/\/compuviper.mx\/tienda\/categoria-producto\/camaras-2\/"},{"@type":"ListItem","position":4,"name":"Camara De Videovigilancia","item":"https:\/\/compuviper.mx\/tienda\/categoria-producto\/camaras-2\/camara-de-videovigilancia\/"},{"@type":"ListItem","position":5,"name":"Dahua Dh-hac-hfw1200tn-a-0280b-s4,6923172593115 Camara Bullet Hdcvi 2mp \/ Tvi\/ Ahd\/ Cvbs\/lente 2.8mm\/ Angulo De Vision 103 Grados\/ Audio Integrado\/ Smart Ir 30m\/ Ip67\/ Metalica"}]},{"@type":"WebSite","@id":"https:\/\/compuviper.mx\/tienda\/#website","url":"https:\/\/compuviper.mx\/tienda\/","name":"Compuviper","description":"Proveedor de Computadoras, Laptops, Servidores, Monitores, Puntos de Venta, Teclados,   Impresoras, T\u00f3ner, C\u00e1maras de Seguridad y m\u00e1s en tu tienda en l\u00ednea","publisher":{"@id":"https:\/\/compuviper.mx\/tienda\/#organization"},"potentialAction":[{"@type":"SearchAction","target":{"@type":"EntryPoint","urlTemplate":"https:\/\/compuviper.mx\/tienda\/?s={search_term_string}"},"query-input":"required name=search_term_string"}],"inLanguage":"es-MX"},{"@type":"Organization","@id":"https:\/\/compuviper.mx\/tienda\/#organization","name":"Compuviper","url":"https:\/\/compuviper.mx\/tienda\/","logo":{"@type":"ImageObject","inLanguage":"es-MX","@id":"https:\/\/compuviper.mx\/tienda\/#\/schema\/logo\/image\/","url":"https:\/\/compuviper.mx\/tienda\/wp-content\/uploads\/2021\/08\/Logo-Compuviper-10.png","contentUrl":"https:\/\/compuviper.mx\/tienda\/wp-content\/uploads\/2021\/08\/Logo-Compuviper-10.png","width":1000,"height":500,"caption":"Compuviper"},"image":{"@id":"https:\/\/compuviper.mx\/tienda\/#\/schema\/logo\/image\/"},"sameAs":["https:\/\/www.facebook.com\/compuviper","https:\/\/www.youtube.com\/channel\/UCf73dERp9Y3cfOq7q8BhLjA?view_as=subscriber"]}]},"product_brand":"DAHUA","product_price_amount":"372","product_price_currency":"MXN","og_availability":"instock","product_availability":"instock","product_retailer_item_id":"DH-HAC-HFW1200TN-A-0280B-S4,6923172593115","product_condition":"new"},"_links":{"self":[{"href":"https:\/\/compuviper.mx\/tienda\/wp-json\/wp\/v2\/product\/216457"}],"collection":[{"href":"https:\/\/compuviper.mx\/tienda\/wp-json\/wp\/v2\/product"}],"about":[{"href":"https:\/\/compuviper.mx\/tienda\/wp-json\/wp\/v2\/types\/product"}],"replies":[{"embeddable":true,"href":"https:\/\/compuviper.mx\/tienda\/wp-json\/wp\/v2\/comments?post=216457"}],"wp:featuredmedia":[{"embeddable":true,"href":"https:\/\/compuviper.mx\/tienda\/wp-json\/wp\/v2\/media\/216458"}],"wp:attachment":[{"href":"https:\/\/compuviper.mx\/tienda\/wp-json\/wp\/v2\/media?parent=216457"}],"wp:term":[{"taxonomy":"product_cat","embeddable":true,"href":"https:\/\/compuviper.mx\/tienda\/wp-json\/wp\/v2\/product_cat?post=216457"},{"taxonomy":"product_tag","embeddable":true,"href":"https:\/\/compuviper.mx\/tienda\/wp-json\/wp\/v2\/product_tag?post=216457"}],"curies":[{"name":"wp","href":"https:\/\/api.w.org\/{rel}","templated":true}]}}