{"id":216449,"date":"2026-04-23T00:11:06","date_gmt":"2026-04-23T06:11:06","guid":{"rendered":"https:\/\/compuviper.mx\/tienda\/producto\/dahua-dh-hac-hfw1200dn-0360b-s5-camara-bullet-hdcvi-1080p-tvi-ahd-cvbs-lente-3-6mm-smart-ir-80-mts-ip67-12vcd-apertura-lente-87-5-grados\/"},"modified":"2026-04-23T00:11:06","modified_gmt":"2026-04-23T06:11:06","slug":"dahua-dh-hac-hfw1200dn-0360b-s5-camara-bullet-hdcvi-1080p-tvi-ahd-cvbs-lente-3-6mm-smart-ir-80-mts-ip67-12vcd-apertura-lente-87-5-grados","status":"publish","type":"product","link":"https:\/\/compuviper.mx\/tienda\/producto\/dahua-dh-hac-hfw1200dn-0360b-s5-camara-bullet-hdcvi-1080p-tvi-ahd-cvbs-lente-3-6mm-smart-ir-80-mts-ip67-12vcd-apertura-lente-87-5-grados\/","title":{"rendered":"Dahua Dh-hac-hfw1200dn-0360b-s5 Camara  Bullet Hdcvi \/1080p\/tvi \/ahd \/cvbs \/ Lente 3.6mm\/ Smart Ir 80 Mts\/ Ip67\/ 12vcd\/ Apertura Lente 87.5 Grados"},"content":{"rendered":"<table class=\"descripcion\">\n<tr>\n<td>1\/2.7cmos  2megapixeles .<\/td>\n<\/tr>\n<tr>\n<td>25\/30fps@1080p, 25\/30\/50\/60fps@720p.<\/td>\n<\/tr>\n<tr>\n<td>Menu osd, control a traves del cable coaxial.<\/td>\n<\/tr>\n<tr>\n<td>Dwdr,  agc, blc, 2d-dnr.<\/td>\n<\/tr>\n<tr>\n<td>Lente fijo 3.6mm.<\/td>\n<\/tr>\n<tr>\n<td>Angulo de visi\u00f3n 87.5 grados<\/td>\n<\/tr>\n<tr>\n<td>Max. distancia leds ir 80m, smart ir.<\/td>\n<\/tr>\n<tr>\n<td>Temperatura de operacion: -40 grados c  +60grados c.<\/td>\n<\/tr>\n<tr>\n<td>Indice de proteccion ip67.<\/td>\n<\/tr>\n<tr>\n<td>Fuente de alimentacion dc12v +\/- 3 porciento.<\/td>\n<\/tr>\n<tr>\n<td>Consumo de energ\u00eda max 5.4w.<\/td>\n<\/tr>\n<tr>\n<td>Dimensiones 241.8mm por 90.4mm por 90.4mm.<\/td>\n<\/tr>\n<tr>\n<td>Peso 0.45kg.<\/td>\n<\/tr>\n<tr>\n<td>Material aluminio.<\/td>\n<\/tr>\n<\/table>\n","protected":false},"excerpt":{"rendered":"<p>El modelo hfw1200d36-s4 cuenta con la tecnologia desarrollada por dahua llamada hdcvi, en la cual se transmite video de alta definicion mediante cable coaxial, en el caso de esta c\u00e1mara a 1080p (1920&#215;1080). Este modelo est\u00e1 dise\u00f1ado con un potente chipset que incorpora un sensor avanzado para proporcionar una excelente calidad en la imagen con colores vivos y abundantes detalles, tambi\u00e9n obtendremos un \u00e1ngulo de vision mas amplio. Una de las ventajas que nos proporciona este modelo es que tendremos una vision de 87.5 grados con su lente de 3.6 mm. Adem\u00e1s la camara es a pueba de agua con \u00edndice de proteccion ip67 lo que le permite ser utilizada para el exterior, ya que esta dise\u00f1ada para que no ingrese polvo y agua.<\/p>\n","protected":false},"featured_media":216450,"comment_status":"open","ping_status":"open","template":"","meta":[],"product_cat":[1681,1608],"product_tag":[1555],"acf":[],"yoast_head":"<!-- This site is optimized with the Yoast SEO plugin v21.7 - https:\/\/yoast.com\/wordpress\/plugins\/seo\/ -->\n<title>[ Dahua ] &#129351; Dh-hac-hfw1200dn-0360b-s5 Camara Bullet Hdcvi \/1080p\/tvi \/ahd \/cvbs \/ Lente 3.6mm\/ Smart Ir 80 Mts\/ Ip67\/ 12vcd\/ Apertura Lente 87.5 Grados<\/title>\n<meta name=\"description\" content=\"Compra Dh-hac-hfw1200dn-0360b-s5 Camara Bullet Hdcvi \/1080p\/tvi \/ahd \/cvbs \/ Lente 3.6mm\/ Smart Ir 80 Mts\/ Ip67\/ 12vcd\/ Apertura Lente 87.5 Grados + Env\u00edo a domicilio + Pago seguro + Garant\u00eda\" \/>\n<meta name=\"robots\" content=\"index, follow, max-snippet:-1, max-image-preview:large, max-video-preview:-1\" \/>\n<link rel=\"canonical\" href=\"https:\/\/compuviper.mx\/tienda\/producto\/dahua-dh-hac-hfw1200dn-0360b-s5-camara-bullet-hdcvi-1080p-tvi-ahd-cvbs-lente-3-6mm-smart-ir-80-mts-ip67-12vcd-apertura-lente-87-5-grados\/\" \/>\n<meta property=\"og:locale\" content=\"es_MX\" \/>\n<meta property=\"og:type\" content=\"article\" \/>\n<meta property=\"og:title\" content=\"[ Dahua ] &#129351; Dh-hac-hfw1200dn-0360b-s5 Camara Bullet Hdcvi \/1080p\/tvi \/ahd \/cvbs \/ Lente 3.6mm\/ Smart Ir 80 Mts\/ Ip67\/ 12vcd\/ Apertura Lente 87.5 Grados\" \/>\n<meta property=\"og:description\" content=\"Compra Dh-hac-hfw1200dn-0360b-s5 Camara Bullet Hdcvi \/1080p\/tvi \/ahd \/cvbs \/ Lente 3.6mm\/ Smart Ir 80 Mts\/ Ip67\/ 12vcd\/ Apertura Lente 87.5 Grados + Env\u00edo a domicilio + Pago seguro + Garant\u00eda\" \/>\n<meta property=\"og:url\" content=\"https:\/\/compuviper.mx\/tienda\/producto\/dahua-dh-hac-hfw1200dn-0360b-s5-camara-bullet-hdcvi-1080p-tvi-ahd-cvbs-lente-3-6mm-smart-ir-80-mts-ip67-12vcd-apertura-lente-87-5-grados\/\" \/>\n<meta property=\"og:site_name\" content=\"Compuviper\" \/>\n<meta property=\"article:publisher\" content=\"https:\/\/www.facebook.com\/compuviper\" \/>\n<meta property=\"og:image\" content=\"https:\/\/compuviper.mx\/tienda\/wp-content\/uploads\/2023\/12\/Camara-dahua-bullet-hdcvi-1080ptvi-ahd-cvbs-lente-3.6mm-smart-ir-80-mts-ip67-12vcd-apertura-lente-87.5-grados.jpg\" \/>\n\t<meta property=\"og:image:width\" content=\"200\" \/>\n\t<meta property=\"og:image:height\" content=\"200\" \/>\n\t<meta property=\"og:image:type\" content=\"image\/jpeg\" \/>\n<meta name=\"twitter:card\" content=\"summary_large_image\" \/>\n<meta name=\"twitter:label1\" content=\"Precio\" \/>\n\t<meta name=\"twitter:data1\" content=\"&#36;514 con IVA\" \/>\n\t<meta name=\"twitter:label2\" content=\"Availability\" \/>\n\t<meta name=\"twitter:data2\" content=\"Out of stock\" \/>\n<script type=\"application\/ld+json\" class=\"yoast-schema-graph\">{\"@context\":\"https:\/\/schema.org\",\"@graph\":[{\"@type\":\"WebPage\",\"@id\":\"https:\/\/compuviper.mx\/tienda\/producto\/dahua-dh-hac-hfw1200dn-0360b-s5-camara-bullet-hdcvi-1080p-tvi-ahd-cvbs-lente-3-6mm-smart-ir-80-mts-ip67-12vcd-apertura-lente-87-5-grados\/\",\"url\":\"https:\/\/compuviper.mx\/tienda\/producto\/dahua-dh-hac-hfw1200dn-0360b-s5-camara-bullet-hdcvi-1080p-tvi-ahd-cvbs-lente-3-6mm-smart-ir-80-mts-ip67-12vcd-apertura-lente-87-5-grados\/\",\"name\":\"[ Dahua ] &#129351; Dh-hac-hfw1200dn-0360b-s5 Camara Bullet Hdcvi \/1080p\/tvi \/ahd \/cvbs \/ Lente 3.6mm\/ Smart Ir 80 Mts\/ Ip67\/ 12vcd\/ Apertura Lente 87.5 Grados\",\"isPartOf\":{\"@id\":\"https:\/\/compuviper.mx\/tienda\/#website\"},\"datePublished\":\"2026-04-23T06:11:06+00:00\",\"dateModified\":\"2026-04-23T06:11:06+00:00\",\"description\":\"Compra Dh-hac-hfw1200dn-0360b-s5 Camara Bullet Hdcvi \/1080p\/tvi \/ahd \/cvbs \/ Lente 3.6mm\/ Smart Ir 80 Mts\/ Ip67\/ 12vcd\/ Apertura Lente 87.5 Grados + Env\u00edo a domicilio + Pago seguro + Garant\u00eda\",\"breadcrumb\":{\"@id\":\"https:\/\/compuviper.mx\/tienda\/producto\/dahua-dh-hac-hfw1200dn-0360b-s5-camara-bullet-hdcvi-1080p-tvi-ahd-cvbs-lente-3-6mm-smart-ir-80-mts-ip67-12vcd-apertura-lente-87-5-grados\/#breadcrumb\"},\"inLanguage\":\"es-MX\",\"potentialAction\":[{\"@type\":\"ReadAction\",\"target\":[\"https:\/\/compuviper.mx\/tienda\/producto\/dahua-dh-hac-hfw1200dn-0360b-s5-camara-bullet-hdcvi-1080p-tvi-ahd-cvbs-lente-3-6mm-smart-ir-80-mts-ip67-12vcd-apertura-lente-87-5-grados\/\"]}]},{\"@type\":\"BreadcrumbList\",\"@id\":\"https:\/\/compuviper.mx\/tienda\/producto\/dahua-dh-hac-hfw1200dn-0360b-s5-camara-bullet-hdcvi-1080p-tvi-ahd-cvbs-lente-3-6mm-smart-ir-80-mts-ip67-12vcd-apertura-lente-87-5-grados\/#breadcrumb\",\"itemListElement\":[{\"@type\":\"ListItem\",\"position\":1,\"name\":\"Inicio\",\"item\":\"https:\/\/compuviper.mx\/tienda\/\"},{\"@type\":\"ListItem\",\"position\":2,\"name\":\"Productos\",\"item\":\"https:\/\/compuviper.mx\/tienda\/productos\/\"},{\"@type\":\"ListItem\",\"position\":3,\"name\":\"Camaras\",\"item\":\"https:\/\/compuviper.mx\/tienda\/categoria-producto\/camaras-2\/\"},{\"@type\":\"ListItem\",\"position\":4,\"name\":\"Camara De Videovigilancia\",\"item\":\"https:\/\/compuviper.mx\/tienda\/categoria-producto\/camaras-2\/camara-de-videovigilancia\/\"},{\"@type\":\"ListItem\",\"position\":5,\"name\":\"Dahua Dh-hac-hfw1200dn-0360b-s5 Camara Bullet Hdcvi \/1080p\/tvi \/ahd \/cvbs \/ Lente 3.6mm\/ Smart Ir 80 Mts\/ Ip67\/ 12vcd\/ Apertura Lente 87.5 Grados\"}]},{\"@type\":\"WebSite\",\"@id\":\"https:\/\/compuviper.mx\/tienda\/#website\",\"url\":\"https:\/\/compuviper.mx\/tienda\/\",\"name\":\"Compuviper\",\"description\":\"Proveedor de Computadoras, Laptops, Servidores, Monitores, Puntos de Venta, Teclados,   Impresoras, T\u00f3ner, C\u00e1maras de Seguridad y m\u00e1s en tu tienda en l\u00ednea\",\"publisher\":{\"@id\":\"https:\/\/compuviper.mx\/tienda\/#organization\"},\"potentialAction\":[{\"@type\":\"SearchAction\",\"target\":{\"@type\":\"EntryPoint\",\"urlTemplate\":\"https:\/\/compuviper.mx\/tienda\/?s={search_term_string}\"},\"query-input\":\"required name=search_term_string\"}],\"inLanguage\":\"es-MX\"},{\"@type\":\"Organization\",\"@id\":\"https:\/\/compuviper.mx\/tienda\/#organization\",\"name\":\"Compuviper\",\"url\":\"https:\/\/compuviper.mx\/tienda\/\",\"logo\":{\"@type\":\"ImageObject\",\"inLanguage\":\"es-MX\",\"@id\":\"https:\/\/compuviper.mx\/tienda\/#\/schema\/logo\/image\/\",\"url\":\"https:\/\/compuviper.mx\/tienda\/wp-content\/uploads\/2021\/08\/Logo-Compuviper-10.png\",\"contentUrl\":\"https:\/\/compuviper.mx\/tienda\/wp-content\/uploads\/2021\/08\/Logo-Compuviper-10.png\",\"width\":1000,\"height\":500,\"caption\":\"Compuviper\"},\"image\":{\"@id\":\"https:\/\/compuviper.mx\/tienda\/#\/schema\/logo\/image\/\"},\"sameAs\":[\"https:\/\/www.facebook.com\/compuviper\",\"https:\/\/www.youtube.com\/channel\/UCf73dERp9Y3cfOq7q8BhLjA?view_as=subscriber\"]}]}<\/script>\n<meta property=\"product:brand\" content=\"DAHUA\" \/>\n<meta property=\"product:price:amount\" content=\"514\" \/>\n<meta property=\"product:price:currency\" content=\"MXN\" \/>\n<meta property=\"og:availability\" content=\"out of stock\" \/>\n<meta property=\"product:availability\" content=\"out of stock\" \/>\n<meta property=\"product:retailer_item_id\" content=\"DH-HAC-HFW1200DN-0360B-S5\" \/>\n<meta property=\"product:condition\" content=\"new\" \/>\n<!-- \/ Yoast SEO plugin. -->","yoast_head_json":{"title":"[ Dahua ] &#129351; Dh-hac-hfw1200dn-0360b-s5 Camara Bullet Hdcvi \/1080p\/tvi \/ahd \/cvbs \/ Lente 3.6mm\/ Smart Ir 80 Mts\/ Ip67\/ 12vcd\/ Apertura Lente 87.5 Grados","description":"Compra Dh-hac-hfw1200dn-0360b-s5 Camara Bullet Hdcvi \/1080p\/tvi \/ahd \/cvbs \/ Lente 3.6mm\/ Smart Ir 80 Mts\/ Ip67\/ 12vcd\/ Apertura Lente 87.5 Grados + Env\u00edo a domicilio + Pago seguro + Garant\u00eda","robots":{"index":"index","follow":"follow","max-snippet":"max-snippet:-1","max-image-preview":"max-image-preview:large","max-video-preview":"max-video-preview:-1"},"canonical":"https:\/\/compuviper.mx\/tienda\/producto\/dahua-dh-hac-hfw1200dn-0360b-s5-camara-bullet-hdcvi-1080p-tvi-ahd-cvbs-lente-3-6mm-smart-ir-80-mts-ip67-12vcd-apertura-lente-87-5-grados\/","og_locale":"es_MX","og_type":"article","og_title":"[ Dahua ] &#129351; Dh-hac-hfw1200dn-0360b-s5 Camara Bullet Hdcvi \/1080p\/tvi \/ahd \/cvbs \/ Lente 3.6mm\/ Smart Ir 80 Mts\/ Ip67\/ 12vcd\/ Apertura Lente 87.5 Grados","og_description":"Compra Dh-hac-hfw1200dn-0360b-s5 Camara Bullet Hdcvi \/1080p\/tvi \/ahd \/cvbs \/ Lente 3.6mm\/ Smart Ir 80 Mts\/ Ip67\/ 12vcd\/ Apertura Lente 87.5 Grados + Env\u00edo a domicilio + Pago seguro + Garant\u00eda","og_url":"https:\/\/compuviper.mx\/tienda\/producto\/dahua-dh-hac-hfw1200dn-0360b-s5-camara-bullet-hdcvi-1080p-tvi-ahd-cvbs-lente-3-6mm-smart-ir-80-mts-ip67-12vcd-apertura-lente-87-5-grados\/","og_site_name":"Compuviper","article_publisher":"https:\/\/www.facebook.com\/compuviper","og_image":[{"width":200,"height":200,"url":"https:\/\/compuviper.mx\/tienda\/wp-content\/uploads\/2023\/12\/Camara-dahua-bullet-hdcvi-1080ptvi-ahd-cvbs-lente-3.6mm-smart-ir-80-mts-ip67-12vcd-apertura-lente-87.5-grados.jpg","type":"image\/jpeg"}],"twitter_card":"summary_large_image","twitter_misc":{"Precio":"&#36;514 con IVA","Availability":"Out of stock"},"schema":{"@context":"https:\/\/schema.org","@graph":[{"@type":"WebPage","@id":"https:\/\/compuviper.mx\/tienda\/producto\/dahua-dh-hac-hfw1200dn-0360b-s5-camara-bullet-hdcvi-1080p-tvi-ahd-cvbs-lente-3-6mm-smart-ir-80-mts-ip67-12vcd-apertura-lente-87-5-grados\/","url":"https:\/\/compuviper.mx\/tienda\/producto\/dahua-dh-hac-hfw1200dn-0360b-s5-camara-bullet-hdcvi-1080p-tvi-ahd-cvbs-lente-3-6mm-smart-ir-80-mts-ip67-12vcd-apertura-lente-87-5-grados\/","name":"[ Dahua ] &#129351; Dh-hac-hfw1200dn-0360b-s5 Camara Bullet Hdcvi \/1080p\/tvi \/ahd \/cvbs \/ Lente 3.6mm\/ Smart Ir 80 Mts\/ Ip67\/ 12vcd\/ Apertura Lente 87.5 Grados","isPartOf":{"@id":"https:\/\/compuviper.mx\/tienda\/#website"},"datePublished":"2026-04-23T06:11:06+00:00","dateModified":"2026-04-23T06:11:06+00:00","description":"Compra Dh-hac-hfw1200dn-0360b-s5 Camara Bullet Hdcvi \/1080p\/tvi \/ahd \/cvbs \/ Lente 3.6mm\/ Smart Ir 80 Mts\/ Ip67\/ 12vcd\/ Apertura Lente 87.5 Grados + Env\u00edo a domicilio + Pago seguro + Garant\u00eda","breadcrumb":{"@id":"https:\/\/compuviper.mx\/tienda\/producto\/dahua-dh-hac-hfw1200dn-0360b-s5-camara-bullet-hdcvi-1080p-tvi-ahd-cvbs-lente-3-6mm-smart-ir-80-mts-ip67-12vcd-apertura-lente-87-5-grados\/#breadcrumb"},"inLanguage":"es-MX","potentialAction":[{"@type":"ReadAction","target":["https:\/\/compuviper.mx\/tienda\/producto\/dahua-dh-hac-hfw1200dn-0360b-s5-camara-bullet-hdcvi-1080p-tvi-ahd-cvbs-lente-3-6mm-smart-ir-80-mts-ip67-12vcd-apertura-lente-87-5-grados\/"]}]},{"@type":"BreadcrumbList","@id":"https:\/\/compuviper.mx\/tienda\/producto\/dahua-dh-hac-hfw1200dn-0360b-s5-camara-bullet-hdcvi-1080p-tvi-ahd-cvbs-lente-3-6mm-smart-ir-80-mts-ip67-12vcd-apertura-lente-87-5-grados\/#breadcrumb","itemListElement":[{"@type":"ListItem","position":1,"name":"Inicio","item":"https:\/\/compuviper.mx\/tienda\/"},{"@type":"ListItem","position":2,"name":"Productos","item":"https:\/\/compuviper.mx\/tienda\/productos\/"},{"@type":"ListItem","position":3,"name":"Camaras","item":"https:\/\/compuviper.mx\/tienda\/categoria-producto\/camaras-2\/"},{"@type":"ListItem","position":4,"name":"Camara De Videovigilancia","item":"https:\/\/compuviper.mx\/tienda\/categoria-producto\/camaras-2\/camara-de-videovigilancia\/"},{"@type":"ListItem","position":5,"name":"Dahua Dh-hac-hfw1200dn-0360b-s5 Camara Bullet Hdcvi \/1080p\/tvi \/ahd \/cvbs \/ Lente 3.6mm\/ Smart Ir 80 Mts\/ Ip67\/ 12vcd\/ Apertura Lente 87.5 Grados"}]},{"@type":"WebSite","@id":"https:\/\/compuviper.mx\/tienda\/#website","url":"https:\/\/compuviper.mx\/tienda\/","name":"Compuviper","description":"Proveedor de Computadoras, Laptops, Servidores, Monitores, Puntos de Venta, Teclados,   Impresoras, T\u00f3ner, C\u00e1maras de Seguridad y m\u00e1s en tu tienda en l\u00ednea","publisher":{"@id":"https:\/\/compuviper.mx\/tienda\/#organization"},"potentialAction":[{"@type":"SearchAction","target":{"@type":"EntryPoint","urlTemplate":"https:\/\/compuviper.mx\/tienda\/?s={search_term_string}"},"query-input":"required name=search_term_string"}],"inLanguage":"es-MX"},{"@type":"Organization","@id":"https:\/\/compuviper.mx\/tienda\/#organization","name":"Compuviper","url":"https:\/\/compuviper.mx\/tienda\/","logo":{"@type":"ImageObject","inLanguage":"es-MX","@id":"https:\/\/compuviper.mx\/tienda\/#\/schema\/logo\/image\/","url":"https:\/\/compuviper.mx\/tienda\/wp-content\/uploads\/2021\/08\/Logo-Compuviper-10.png","contentUrl":"https:\/\/compuviper.mx\/tienda\/wp-content\/uploads\/2021\/08\/Logo-Compuviper-10.png","width":1000,"height":500,"caption":"Compuviper"},"image":{"@id":"https:\/\/compuviper.mx\/tienda\/#\/schema\/logo\/image\/"},"sameAs":["https:\/\/www.facebook.com\/compuviper","https:\/\/www.youtube.com\/channel\/UCf73dERp9Y3cfOq7q8BhLjA?view_as=subscriber"]}]},"product_brand":"DAHUA","product_price_amount":"514","product_price_currency":"MXN","og_availability":"out of stock","product_availability":"out of stock","product_retailer_item_id":"DH-HAC-HFW1200DN-0360B-S5","product_condition":"new"},"_links":{"self":[{"href":"https:\/\/compuviper.mx\/tienda\/wp-json\/wp\/v2\/product\/216449"}],"collection":[{"href":"https:\/\/compuviper.mx\/tienda\/wp-json\/wp\/v2\/product"}],"about":[{"href":"https:\/\/compuviper.mx\/tienda\/wp-json\/wp\/v2\/types\/product"}],"replies":[{"embeddable":true,"href":"https:\/\/compuviper.mx\/tienda\/wp-json\/wp\/v2\/comments?post=216449"}],"wp:featuredmedia":[{"embeddable":true,"href":"https:\/\/compuviper.mx\/tienda\/wp-json\/wp\/v2\/media\/216450"}],"wp:attachment":[{"href":"https:\/\/compuviper.mx\/tienda\/wp-json\/wp\/v2\/media?parent=216449"}],"wp:term":[{"taxonomy":"product_cat","embeddable":true,"href":"https:\/\/compuviper.mx\/tienda\/wp-json\/wp\/v2\/product_cat?post=216449"},{"taxonomy":"product_tag","embeddable":true,"href":"https:\/\/compuviper.mx\/tienda\/wp-json\/wp\/v2\/product_tag?post=216449"}],"curies":[{"name":"wp","href":"https:\/\/api.w.org\/{rel}","templated":true}]}}