{"id":216441,"date":"2026-04-18T00:16:21","date_gmt":"2026-04-18T06:16:21","guid":{"rendered":"https:\/\/compuviper.mx\/tienda\/producto\/logitech-960-001101-meetup-camara-todo-en-uno-componentes-opticos-4k-y-angulo-de-vision-120-para-salas-pequeas\/"},"modified":"2026-04-18T00:16:22","modified_gmt":"2026-04-18T06:16:22","slug":"logitech-960-001101-camara-de-videoconferencia-meetup-all-in-one-4k-uhd-30-fps-zoom-5x-hd-campo-de-vision-120-ideal-para-salas-pequeas","status":"publish","type":"product","link":"https:\/\/compuviper.mx\/tienda\/producto\/logitech-960-001101-camara-de-videoconferencia-meetup-all-in-one-4k-uhd-30-fps-zoom-5x-hd-campo-de-vision-120-ideal-para-salas-pequeas\/","title":{"rendered":"Logitech 960-001101 Camara De Videoconferencia  Meetup All In One 4k Uhd 30 Fps Zoom 5x Hd Campo De Vision 120 Ideal Para Salas Peque?as."},"content":{"rendered":"<table class=\"descripcion\">\n<tr>\n<td>La conferencecam perfecta para salas peque\u00f1as<\/td>\n<\/tr>\n<tr>\n<td>Meetup es la mejor c\u00e1mara conferencecam de logitech dise\u00f1ada para salas de conferencias peque\u00f1as y para espacios de reuni\u00f3n reducidos. ya no hace falta api\u00f1arse en torno al port\u00e1til. con componentes \u00f3pticos 4k y un campo visual superancho de 120 grados, meetup hace perfectamente visibles todos los asientos en torno a la mesa. adem\u00e1s tiene audio integrado optimizado para la ac\u00fastica de espacios de reuni\u00f3n reducidos, para que todos los asistentes sean audibles adem\u00e1s de visibles.<\/td>\n<\/tr>\n<tr>\n<td>Campo visual superancho para espacios reducidos<\/td>\n<\/tr>\n<tr>\n<td>Logitech\u00ae meetup ofrece una calidad de v\u00eddeo excelente en salas de conferencias peque\u00f1as. el campo visual de 120 grados es apto para espacios de reuni\u00f3n reducidos con hasta ochos personas reunidas. el sensor 4k ultra hd y la lente logitech consiguen una nitidez superior, y las funciones de panor\u00e1mica, inclinaci\u00f3n y zoom facilitan los cambios de enfoque.<\/td>\n<\/tr>\n<tr>\n<td>Dise\u00f1o de sonido con ingenier\u00eda exclusiva<\/td>\n<\/tr>\n<tr>\n<td>El audio integrado de meetup se ha optimizado para la ac\u00fastica de los espacios de reuni\u00f3n reducidos y ofrece una experiencia de sonido excepcional en salas peque\u00f1as. tres micr\u00f3fonos con formaci\u00f3n de haces y un altavoz optimizado hacen el sonido de cada reuni\u00f3n tan perfecto como el aspecto visual. a\u00f1ada un micr\u00f3fono de expansi\u00f3n a meetup para ampliar el radio de acci\u00f3n de audio 4,2 metros.<\/td>\n<\/tr>\n<tr>\n<td>Plug and play<\/td>\n<\/tr>\n<tr>\n<td>Es posible iniciar la colaboraci\u00f3n con v\u00eddeo nada m\u00e1s llegar a un espacio de reuni\u00f3n. meetup empieza a funcionar en cuanto se conecta a un puerto usb. se puede utilizar con cualquier software de videoconferencia y servicio en la nube, incluidos los que ya est\u00e1n en uso.<\/td>\n<\/tr>\n<tr>\n<td>Dise\u00f1o pensado para las tendencias actuales<\/td>\n<\/tr>\n<tr>\n<td>Las salas de conferencias peque\u00f1as son cada vez m\u00e1s populares, y meetup lo tiene en cuenta. ofrece resoluci\u00f3n, equilibrio de color, grado de detalle y audio excelentes en espacios reducidos. con una pieza de montaje en pared y un dise\u00f1o compacto que minimiza la presencia de cables, meetup optimiza la experiencia en el espacio de reuni\u00f3n reducido.<\/td>\n<\/tr>\n<tr>\n<td>Elementos extra para mayor conveniencia<\/td>\n<\/tr>\n<tr>\n<td>Nuestra aplicaci\u00f3n m\u00f3vil gratuita (disponible en google play y itunes) convierte smartphones o tablets en mando a distancia para meetup. agregue accesorios como el micr\u00f3fono de expansi\u00f3n y la pieza de montaje en tv logitech para disponer de distintas configuraciones seg\u00fan el tama\u00f1o del espacio. puede adquirir piezas de repuesto.<\/td>\n<\/tr>\n<tr>\n<td>Dimensiones<\/td>\n<\/tr>\n<tr>\n<td>Unidad principal<\/td>\n<\/tr>\n<tr>\n<td>Altura x anchura x profundidad:<\/td>\n<\/tr>\n<tr>\n<td>104 mm x 400 mm x 85 mm<\/td>\n<\/tr>\n<tr>\n<td>Peso: 1,04kg<\/td>\n<\/tr>\n<tr>\n<td>Mando a distancia<\/td>\n<\/tr>\n<tr>\n<td>Altura x anchura x profundidad:<\/td>\n<\/tr>\n<tr>\n<td>10 mm x 83 mm x 83 mm<\/td>\n<\/tr>\n<tr>\n<td>Requisitos del sistema<\/td>\n<\/tr>\n<tr>\n<td>Windows\u00ae7, windows 8.1 o windows 10<\/td>\n<\/tr>\n<tr>\n<td>Macos 10.10 o posterior<\/td>\n<\/tr>\n<tr>\n<td>Google chromebook versi\u00f3n 29.0.1547.70, plataforma 4319.79.0 con:<\/td>\n<\/tr>\n<tr>\n<td>Procesador intel\u00ae core 2 duo a 2,4 ghz<\/td>\n<\/tr>\n<tr>\n<td>2 gb de ram o m\u00e1s<\/td>\n<\/tr>\n<tr>\n<td>Puerto usb 2.0 (se requiere usb 3.0 para v\u00eddeo 4k)<\/td>\n<\/tr>\n<tr>\n<td>Especificaciones<\/td>\n<\/tr>\n<tr>\n<td>General<\/td>\n<\/tr>\n<tr>\n<td>Campo visual superancho de 120 grados<\/td>\n<\/tr>\n<tr>\n<td>Sistema manos libres con tres micr\u00f3fonos<\/td>\n<\/tr>\n<tr>\n<td>Preparada para micr\u00f3fono de expansi\u00f3n opcional<\/td>\n<\/tr>\n<tr>\n<td>Videoconferencias 4k ultra hd (hasta 3840 x 2160 px a 30 fps); videoconferencias 1080p full hd (hasta 1920 x 1080 px a 30 fps); videoconferencias 720p hd (hasta 1280 x 720 px a 30 fps); con clientes compatibles<\/td>\n<\/tr>\n<tr>\n<td>Dise\u00f1o todo en uno<\/td>\n<\/tr>\n<tr>\n<td>Panor\u00e1mica\/inclinaci\u00f3n motorizada<\/td>\n<\/tr>\n<tr>\n<td>Lente logitech<\/td>\n<\/tr>\n<tr>\n<td>Tres opciones de c\u00e1mara predefinidas<\/td>\n<\/tr>\n<tr>\n<td>Tecnolog\u00eda bluetooth\u00ae inal\u00e1mbrica<\/td>\n<\/tr>\n<tr>\n<td>Mando a distancia rf<\/td>\n<\/tr>\n<tr>\n<td>Conexi\u00f3n usb plug and play<\/td>\n<\/tr>\n<tr>\n<td>Funciona con la mayor\u00eda de aplicaciones de videoconferencia<\/td>\n<\/tr>\n<tr>\n<td>Certificaciones empresariales, entre ellas skype\u00ae for business y compatible con cisco jabber\u00ae. integraci\u00f3n mejorada con bluejeans, broadsoft, lifesize cloud, vidyo y zoom<\/td>\n<\/tr>\n<tr>\n<td>Varias opciones de montaje, entre ellas para mesa y pared; disponible pieza de montaje en tv opcional<\/td>\n<\/tr>\n<tr>\n<td>Kensington security slot<\/td>\n<\/tr>\n<tr>\n<td>Micr\u00f3fono<\/td>\n<\/tr>\n<tr>\n<td>Sensibilidad: -27 db<\/td>\n<\/tr>\n<tr>\n<td>Respuesta de frecuencia de micr\u00f3fono: 90 hz &#8211; 16 khz para reproducci\u00f3n de voz completa y alta inteligibilidad sin ruido<\/td>\n<\/tr>\n<tr>\n<td>Con emparejamiento de f\u00e1brica, el algoritmo de formaci\u00f3n de haces de radiaci\u00f3n transversal de muy baja distorsi\u00f3n dirige los micr\u00f3fonos directamente a la persona que habla para ofrecer la mejor captaci\u00f3n de voz y reducci\u00f3n de ruido<\/td>\n<\/tr>\n<tr>\n<td>Altavoz<\/td>\n<\/tr>\n<tr>\n<td>Potente im\u00e1n de tierras raras<\/td>\n<\/tr>\n<tr>\n<td>C\u00e1mara de micr\u00f3fono con suspensi\u00f3n ac\u00fastica<\/td>\n<\/tr>\n<tr>\n<td>Volumen ajustable a 95 db spl a 0,5 metros de pico<\/td>\n<\/tr>\n<tr>\n<td>Sensibilidad de altavoz de 86,5+\/-3db spl a 0,5 metros<\/td>\n<\/tr>\n<tr>\n<td>Distorsi\u00f3n: 200 hz \u00bf 300 hz   3%, 3000 hz \u00bf 10 khz   1%<\/td>\n<\/tr>\n<tr>\n<td>Algoritmo de limitaci\u00f3n de pico que impide incluso el clipping de altavoz moment\u00e1neo sin distorsi\u00f3n<\/td>\n<\/tr>\n<tr>\n<td>Cancelaci\u00f3n de eco ac\u00fastico<\/td>\n<\/tr>\n<tr>\n<td>Vad (voice activity detector)<\/td>\n<\/tr>\n<tr>\n<td>Supresi\u00f3n de ruido de fondo de micr\u00f3fono<\/td>\n<\/tr>\n<tr>\n<td>Frecuencia de muestreo de audio profesional de 32 khz<\/td>\n<\/tr>\n<tr>\n<td>Contenido de la caja<\/td>\n<\/tr>\n<tr>\n<td>Conferencecam meetup<\/td>\n<\/tr>\n<tr>\n<td>Mando a distancia<\/td>\n<\/tr>\n<tr>\n<td>Cable usb : 5 m<\/td>\n<\/tr>\n<tr>\n<td>Fuente de alimentaci\u00f3n<\/td>\n<\/tr>\n<tr>\n<td>Pieza de montaje en pared y accesorios<\/td>\n<\/tr>\n<tr>\n<td>Documentaci\u00f3n del usuario<\/td>\n<\/tr>\n<tr>\n<td>Informaci\u00f3n de garant\u00eda<\/td>\n<\/tr>\n<tr>\n<td>Dos a\u00f1os de garant\u00eda de hardware limitada<\/td>\n<\/tr>\n<tr>\n<td>N\u00famero de referencia<\/td>\n<\/tr>\n<tr>\n<td>960-001101<\/td>\n<\/tr>\n<\/table>\n","protected":false},"excerpt":{"rendered":"<p>C\u00e1mara para video conferencias meetup es la mejor c\u00e1mara conferencecam de logitech dise\u00f1ada para salas de conferencias peque\u00f1as y para espacios de reuni\u00f3n reducidos. Ya no hace falta api\u00f1arse en torno al port\u00e1til. Con componentes \u00f3pticos 4k y un campo visual superancho de 120 grados, meetup hace perfectamente visibles todos los asientos en torno a la mesa. Adem\u00e1s tiene audio integrado optimizado para la ac\u00fastica de espacios de reuni\u00f3n reducidos, para que todos los asistentes sean audibles adem\u00e1s de visibles.<\/p>\n","protected":false},"featured_media":216442,"comment_status":"open","ping_status":"open","template":"","meta":[],"product_cat":[2188,1608],"product_tag":[1500],"acf":[],"yoast_head":"<!-- This site is optimized with the Yoast SEO plugin v21.7 - https:\/\/yoast.com\/wordpress\/plugins\/seo\/ -->\n<title>[ Logitech ] &#129351; 960-001101 Camara De Videoconferencia Meetup All In One 4k Uhd 30 Fps Zoom 5x Hd Campo De Vision 120 Ideal Para Salas Peque\u00f1as.<\/title>\n<meta name=\"description\" content=\"Compra 960-001101 Camara De Videoconferencia Meetup All In One 4k Uhd 30 Fps Zoom 5x Hd Campo De Vision 120 Ideal Para Salas Peque\u00f1as. + Env\u00edo a domicilio + Pago seguro + Garant\u00eda\" \/>\n<meta name=\"robots\" content=\"index, follow, max-snippet:-1, max-image-preview:large, max-video-preview:-1\" \/>\n<link rel=\"canonical\" href=\"https:\/\/compuviper.mx\/tienda\/producto\/logitech-960-001101-camara-de-videoconferencia-meetup-all-in-one-4k-uhd-30-fps-zoom-5x-hd-campo-de-vision-120-ideal-para-salas-pequeas\/\" \/>\n<meta property=\"og:locale\" content=\"es_MX\" \/>\n<meta property=\"og:type\" content=\"article\" \/>\n<meta property=\"og:title\" content=\"[ Logitech ] &#129351; 960-001101 Camara De Videoconferencia Meetup All In One 4k Uhd 30 Fps Zoom 5x Hd Campo De Vision 120 Ideal Para Salas Peque\u00f1as.\" \/>\n<meta property=\"og:description\" content=\"Compra 960-001101 Camara De Videoconferencia Meetup All In One 4k Uhd 30 Fps Zoom 5x Hd Campo De Vision 120 Ideal Para Salas Peque\u00f1as. + Env\u00edo a domicilio + Pago seguro + Garant\u00eda\" \/>\n<meta property=\"og:url\" content=\"https:\/\/compuviper.mx\/tienda\/producto\/logitech-960-001101-camara-de-videoconferencia-meetup-all-in-one-4k-uhd-30-fps-zoom-5x-hd-campo-de-vision-120-ideal-para-salas-pequeas\/\" \/>\n<meta property=\"og:site_name\" content=\"Compuviper\" \/>\n<meta property=\"article:publisher\" content=\"https:\/\/www.facebook.com\/compuviper\" \/>\n<meta property=\"article:modified_time\" content=\"2026-04-18T06:16:22+00:00\" \/>\n<meta property=\"og:image\" content=\"https:\/\/compuviper.mx\/tienda\/wp-content\/uploads\/2023\/12\/Logitech-meetup-camara-todo-en-uno-componentes-opticos-4k-y-angulo-de-vision-120\u00b0-para-salas-pequenas.jpg\" \/>\n\t<meta property=\"og:image:width\" content=\"200\" \/>\n\t<meta property=\"og:image:height\" content=\"200\" \/>\n\t<meta property=\"og:image:type\" content=\"image\/jpeg\" \/>\n<meta name=\"twitter:card\" content=\"summary_large_image\" \/>\n<meta name=\"twitter:label1\" content=\"Precio\" \/>\n\t<meta name=\"twitter:data1\" content=\"&#36;15,555 con IVA\" \/>\n\t<meta name=\"twitter:label2\" content=\"Availability\" \/>\n\t<meta name=\"twitter:data2\" content=\"In stock\" \/>\n<script type=\"application\/ld+json\" class=\"yoast-schema-graph\">{\"@context\":\"https:\/\/schema.org\",\"@graph\":[{\"@type\":\"WebPage\",\"@id\":\"https:\/\/compuviper.mx\/tienda\/producto\/logitech-960-001101-camara-de-videoconferencia-meetup-all-in-one-4k-uhd-30-fps-zoom-5x-hd-campo-de-vision-120-ideal-para-salas-pequeas\/\",\"url\":\"https:\/\/compuviper.mx\/tienda\/producto\/logitech-960-001101-camara-de-videoconferencia-meetup-all-in-one-4k-uhd-30-fps-zoom-5x-hd-campo-de-vision-120-ideal-para-salas-pequeas\/\",\"name\":\"[ Logitech ] &#129351; 960-001101 Camara De Videoconferencia Meetup All In One 4k Uhd 30 Fps Zoom 5x Hd Campo De Vision 120 Ideal Para Salas Peque\u00f1as.\",\"isPartOf\":{\"@id\":\"https:\/\/compuviper.mx\/tienda\/#website\"},\"datePublished\":\"2026-04-18T06:16:21+00:00\",\"dateModified\":\"2026-04-18T06:16:22+00:00\",\"description\":\"Compra 960-001101 Camara De Videoconferencia Meetup All In One 4k Uhd 30 Fps Zoom 5x Hd Campo De Vision 120 Ideal Para Salas Peque\u00f1as. + Env\u00edo a domicilio + Pago seguro + Garant\u00eda\",\"breadcrumb\":{\"@id\":\"https:\/\/compuviper.mx\/tienda\/producto\/logitech-960-001101-camara-de-videoconferencia-meetup-all-in-one-4k-uhd-30-fps-zoom-5x-hd-campo-de-vision-120-ideal-para-salas-pequeas\/#breadcrumb\"},\"inLanguage\":\"es-MX\",\"potentialAction\":[{\"@type\":\"ReadAction\",\"target\":[\"https:\/\/compuviper.mx\/tienda\/producto\/logitech-960-001101-camara-de-videoconferencia-meetup-all-in-one-4k-uhd-30-fps-zoom-5x-hd-campo-de-vision-120-ideal-para-salas-pequeas\/\"]}]},{\"@type\":\"BreadcrumbList\",\"@id\":\"https:\/\/compuviper.mx\/tienda\/producto\/logitech-960-001101-camara-de-videoconferencia-meetup-all-in-one-4k-uhd-30-fps-zoom-5x-hd-campo-de-vision-120-ideal-para-salas-pequeas\/#breadcrumb\",\"itemListElement\":[{\"@type\":\"ListItem\",\"position\":1,\"name\":\"Inicio\",\"item\":\"https:\/\/compuviper.mx\/tienda\/\"},{\"@type\":\"ListItem\",\"position\":2,\"name\":\"Productos\",\"item\":\"https:\/\/compuviper.mx\/tienda\/productos\/\"},{\"@type\":\"ListItem\",\"position\":3,\"name\":\"Camaras\",\"item\":\"https:\/\/compuviper.mx\/tienda\/categoria-producto\/camaras-2\/\"},{\"@type\":\"ListItem\",\"position\":4,\"name\":\"Camara Para Videoconferencia\",\"item\":\"https:\/\/compuviper.mx\/tienda\/categoria-producto\/camaras-2\/camara-para-videoconferencia\/\"},{\"@type\":\"ListItem\",\"position\":5,\"name\":\"Logitech 960-001101 Camara De Videoconferencia Meetup All In One 4k Uhd 30 Fps Zoom 5x Hd Campo De Vision 120 Ideal Para Salas Peque?as.\"}]},{\"@type\":\"WebSite\",\"@id\":\"https:\/\/compuviper.mx\/tienda\/#website\",\"url\":\"https:\/\/compuviper.mx\/tienda\/\",\"name\":\"Compuviper\",\"description\":\"Proveedor de Computadoras, Laptops, Servidores, Monitores, Puntos de Venta, Teclados,   Impresoras, T\u00f3ner, C\u00e1maras de Seguridad y m\u00e1s en tu tienda en l\u00ednea\",\"publisher\":{\"@id\":\"https:\/\/compuviper.mx\/tienda\/#organization\"},\"potentialAction\":[{\"@type\":\"SearchAction\",\"target\":{\"@type\":\"EntryPoint\",\"urlTemplate\":\"https:\/\/compuviper.mx\/tienda\/?s={search_term_string}\"},\"query-input\":\"required name=search_term_string\"}],\"inLanguage\":\"es-MX\"},{\"@type\":\"Organization\",\"@id\":\"https:\/\/compuviper.mx\/tienda\/#organization\",\"name\":\"Compuviper\",\"url\":\"https:\/\/compuviper.mx\/tienda\/\",\"logo\":{\"@type\":\"ImageObject\",\"inLanguage\":\"es-MX\",\"@id\":\"https:\/\/compuviper.mx\/tienda\/#\/schema\/logo\/image\/\",\"url\":\"https:\/\/compuviper.mx\/tienda\/wp-content\/uploads\/2021\/08\/Logo-Compuviper-10.png\",\"contentUrl\":\"https:\/\/compuviper.mx\/tienda\/wp-content\/uploads\/2021\/08\/Logo-Compuviper-10.png\",\"width\":1000,\"height\":500,\"caption\":\"Compuviper\"},\"image\":{\"@id\":\"https:\/\/compuviper.mx\/tienda\/#\/schema\/logo\/image\/\"},\"sameAs\":[\"https:\/\/www.facebook.com\/compuviper\",\"https:\/\/www.youtube.com\/channel\/UCf73dERp9Y3cfOq7q8BhLjA?view_as=subscriber\"]}]}<\/script>\n<meta property=\"product:brand\" content=\"LOGITECH\" \/>\n<meta property=\"product:price:amount\" content=\"15555\" \/>\n<meta property=\"product:price:currency\" content=\"MXN\" \/>\n<meta property=\"og:availability\" content=\"instock\" \/>\n<meta property=\"product:availability\" content=\"instock\" \/>\n<meta property=\"product:retailer_item_id\" content=\"960-001101\" \/>\n<meta property=\"product:condition\" content=\"new\" \/>\n<!-- \/ Yoast SEO plugin. -->","yoast_head_json":{"title":"[ Logitech ] &#129351; 960-001101 Camara De Videoconferencia Meetup All In One 4k Uhd 30 Fps Zoom 5x Hd Campo De Vision 120 Ideal Para Salas Peque\u00f1as.","description":"Compra 960-001101 Camara De Videoconferencia Meetup All In One 4k Uhd 30 Fps Zoom 5x Hd Campo De Vision 120 Ideal Para Salas Peque\u00f1as. + Env\u00edo a domicilio + Pago seguro + Garant\u00eda","robots":{"index":"index","follow":"follow","max-snippet":"max-snippet:-1","max-image-preview":"max-image-preview:large","max-video-preview":"max-video-preview:-1"},"canonical":"https:\/\/compuviper.mx\/tienda\/producto\/logitech-960-001101-camara-de-videoconferencia-meetup-all-in-one-4k-uhd-30-fps-zoom-5x-hd-campo-de-vision-120-ideal-para-salas-pequeas\/","og_locale":"es_MX","og_type":"article","og_title":"[ Logitech ] &#129351; 960-001101 Camara De Videoconferencia Meetup All In One 4k Uhd 30 Fps Zoom 5x Hd Campo De Vision 120 Ideal Para Salas Peque\u00f1as.","og_description":"Compra 960-001101 Camara De Videoconferencia Meetup All In One 4k Uhd 30 Fps Zoom 5x Hd Campo De Vision 120 Ideal Para Salas Peque\u00f1as. + Env\u00edo a domicilio + Pago seguro + Garant\u00eda","og_url":"https:\/\/compuviper.mx\/tienda\/producto\/logitech-960-001101-camara-de-videoconferencia-meetup-all-in-one-4k-uhd-30-fps-zoom-5x-hd-campo-de-vision-120-ideal-para-salas-pequeas\/","og_site_name":"Compuviper","article_publisher":"https:\/\/www.facebook.com\/compuviper","article_modified_time":"2026-04-18T06:16:22+00:00","og_image":[{"width":200,"height":200,"url":"https:\/\/compuviper.mx\/tienda\/wp-content\/uploads\/2023\/12\/Logitech-meetup-camara-todo-en-uno-componentes-opticos-4k-y-angulo-de-vision-120\u00b0-para-salas-pequenas.jpg","type":"image\/jpeg"}],"twitter_card":"summary_large_image","twitter_misc":{"Precio":"&#36;15,555 con IVA","Availability":"In stock"},"schema":{"@context":"https:\/\/schema.org","@graph":[{"@type":"WebPage","@id":"https:\/\/compuviper.mx\/tienda\/producto\/logitech-960-001101-camara-de-videoconferencia-meetup-all-in-one-4k-uhd-30-fps-zoom-5x-hd-campo-de-vision-120-ideal-para-salas-pequeas\/","url":"https:\/\/compuviper.mx\/tienda\/producto\/logitech-960-001101-camara-de-videoconferencia-meetup-all-in-one-4k-uhd-30-fps-zoom-5x-hd-campo-de-vision-120-ideal-para-salas-pequeas\/","name":"[ Logitech ] &#129351; 960-001101 Camara De Videoconferencia Meetup All In One 4k Uhd 30 Fps Zoom 5x Hd Campo De Vision 120 Ideal Para Salas Peque\u00f1as.","isPartOf":{"@id":"https:\/\/compuviper.mx\/tienda\/#website"},"datePublished":"2026-04-18T06:16:21+00:00","dateModified":"2026-04-18T06:16:22+00:00","description":"Compra 960-001101 Camara De Videoconferencia Meetup All In One 4k Uhd 30 Fps Zoom 5x Hd Campo De Vision 120 Ideal Para Salas Peque\u00f1as. + Env\u00edo a domicilio + Pago seguro + Garant\u00eda","breadcrumb":{"@id":"https:\/\/compuviper.mx\/tienda\/producto\/logitech-960-001101-camara-de-videoconferencia-meetup-all-in-one-4k-uhd-30-fps-zoom-5x-hd-campo-de-vision-120-ideal-para-salas-pequeas\/#breadcrumb"},"inLanguage":"es-MX","potentialAction":[{"@type":"ReadAction","target":["https:\/\/compuviper.mx\/tienda\/producto\/logitech-960-001101-camara-de-videoconferencia-meetup-all-in-one-4k-uhd-30-fps-zoom-5x-hd-campo-de-vision-120-ideal-para-salas-pequeas\/"]}]},{"@type":"BreadcrumbList","@id":"https:\/\/compuviper.mx\/tienda\/producto\/logitech-960-001101-camara-de-videoconferencia-meetup-all-in-one-4k-uhd-30-fps-zoom-5x-hd-campo-de-vision-120-ideal-para-salas-pequeas\/#breadcrumb","itemListElement":[{"@type":"ListItem","position":1,"name":"Inicio","item":"https:\/\/compuviper.mx\/tienda\/"},{"@type":"ListItem","position":2,"name":"Productos","item":"https:\/\/compuviper.mx\/tienda\/productos\/"},{"@type":"ListItem","position":3,"name":"Camaras","item":"https:\/\/compuviper.mx\/tienda\/categoria-producto\/camaras-2\/"},{"@type":"ListItem","position":4,"name":"Camara Para Videoconferencia","item":"https:\/\/compuviper.mx\/tienda\/categoria-producto\/camaras-2\/camara-para-videoconferencia\/"},{"@type":"ListItem","position":5,"name":"Logitech 960-001101 Camara De Videoconferencia Meetup All In One 4k Uhd 30 Fps Zoom 5x Hd Campo De Vision 120 Ideal Para Salas Peque?as."}]},{"@type":"WebSite","@id":"https:\/\/compuviper.mx\/tienda\/#website","url":"https:\/\/compuviper.mx\/tienda\/","name":"Compuviper","description":"Proveedor de Computadoras, Laptops, Servidores, Monitores, Puntos de Venta, Teclados,   Impresoras, T\u00f3ner, C\u00e1maras de Seguridad y m\u00e1s en tu tienda en l\u00ednea","publisher":{"@id":"https:\/\/compuviper.mx\/tienda\/#organization"},"potentialAction":[{"@type":"SearchAction","target":{"@type":"EntryPoint","urlTemplate":"https:\/\/compuviper.mx\/tienda\/?s={search_term_string}"},"query-input":"required name=search_term_string"}],"inLanguage":"es-MX"},{"@type":"Organization","@id":"https:\/\/compuviper.mx\/tienda\/#organization","name":"Compuviper","url":"https:\/\/compuviper.mx\/tienda\/","logo":{"@type":"ImageObject","inLanguage":"es-MX","@id":"https:\/\/compuviper.mx\/tienda\/#\/schema\/logo\/image\/","url":"https:\/\/compuviper.mx\/tienda\/wp-content\/uploads\/2021\/08\/Logo-Compuviper-10.png","contentUrl":"https:\/\/compuviper.mx\/tienda\/wp-content\/uploads\/2021\/08\/Logo-Compuviper-10.png","width":1000,"height":500,"caption":"Compuviper"},"image":{"@id":"https:\/\/compuviper.mx\/tienda\/#\/schema\/logo\/image\/"},"sameAs":["https:\/\/www.facebook.com\/compuviper","https:\/\/www.youtube.com\/channel\/UCf73dERp9Y3cfOq7q8BhLjA?view_as=subscriber"]}]},"product_brand":"LOGITECH","product_price_amount":"15555","product_price_currency":"MXN","og_availability":"instock","product_availability":"instock","product_retailer_item_id":"960-001101","product_condition":"new"},"_links":{"self":[{"href":"https:\/\/compuviper.mx\/tienda\/wp-json\/wp\/v2\/product\/216441"}],"collection":[{"href":"https:\/\/compuviper.mx\/tienda\/wp-json\/wp\/v2\/product"}],"about":[{"href":"https:\/\/compuviper.mx\/tienda\/wp-json\/wp\/v2\/types\/product"}],"replies":[{"embeddable":true,"href":"https:\/\/compuviper.mx\/tienda\/wp-json\/wp\/v2\/comments?post=216441"}],"wp:featuredmedia":[{"embeddable":true,"href":"https:\/\/compuviper.mx\/tienda\/wp-json\/wp\/v2\/media\/216442"}],"wp:attachment":[{"href":"https:\/\/compuviper.mx\/tienda\/wp-json\/wp\/v2\/media?parent=216441"}],"wp:term":[{"taxonomy":"product_cat","embeddable":true,"href":"https:\/\/compuviper.mx\/tienda\/wp-json\/wp\/v2\/product_cat?post=216441"},{"taxonomy":"product_tag","embeddable":true,"href":"https:\/\/compuviper.mx\/tienda\/wp-json\/wp\/v2\/product_tag?post=216441"}],"curies":[{"name":"wp","href":"https:\/\/api.w.org\/{rel}","templated":true}]}}