{"id":216426,"date":"2026-04-21T00:14:10","date_gmt":"2026-04-21T06:14:10","guid":{"rendered":"https:\/\/compuviper.mx\/tienda\/producto\/balam-rush-br-935654-gabinete-gamer-eris-specialgm985-media-torre-atx-micro-atx-mini-itx-iluminacion-led-panel-cristal-templado-metal-negro-gris\/"},"modified":"2026-04-21T00:14:10","modified_gmt":"2026-04-21T06:14:10","slug":"balam-rush-br-935654-gabinete-gamer-eris-specialgm985-media-torre-atx-micro-atx-mini-itx-iluminacion-led-panel-cristal-templado-metal-negro-gris","status":"publish","type":"product","link":"https:\/\/compuviper.mx\/tienda\/producto\/balam-rush-br-935654-gabinete-gamer-eris-specialgm985-media-torre-atx-micro-atx-mini-itx-iluminacion-led-panel-cristal-templado-metal-negro-gris\/","title":{"rendered":"Balam Rush Br-935654 Gabinete Gamer  Eris Specialgm985 \/ Media Torre \/ Atx, Micro Atx, Mini Itx \/ Iluminacion Led \/ Panel Cristal Templado, Metal \/ Negro &#8211; Gris \/"},"content":{"rendered":"<table class=\"descripcion\">\n<tr>\n<td>Especificaciones<\/td>\n<\/tr>\n<tr>\n<td>\u0095 producto: gabinete media torre<\/td>\n<\/tr>\n<tr>\n<td>\u0095 modelo: br-935654<\/td>\n<\/tr>\n<tr>\n<td>\u0095 factor de forma: media torre<\/td>\n<\/tr>\n<tr>\n<td>\u0095 tarjetas madres compatibles: atx, microatx, mini-itx<\/td>\n<\/tr>\n<tr>\n<td>\u0095 fuente de poder<\/td>\n<\/tr>\n<tr>\n<td>      o compatible: atx<\/td>\n<\/tr>\n<tr>\n<td>      o incluida: no<\/td>\n<\/tr>\n<tr>\n<td>      o ubicaci\u00f3n: superior<\/td>\n<\/tr>\n<tr>\n<td>\u0095 medidas max.<\/td>\n<\/tr>\n<tr>\n<td>      o longitud de gpu: 355 mm<\/td>\n<\/tr>\n<tr>\n<td>      o altura de disipador: 168 mm<\/td>\n<\/tr>\n<tr>\n<td>\u0095 enfriamiento l\u00edquido<\/td>\n<\/tr>\n<tr>\n<td>      o arriba: 240 mm<\/td>\n<\/tr>\n<tr>\n<td>      o atr\u00e1s: 240 mm<\/td>\n<\/tr>\n<tr>\n<td>\u0095 soporte ventilador<\/td>\n<\/tr>\n<tr>\n<td>      o trasero: 120 mm (no inclu\u00eddo)<\/td>\n<\/tr>\n<tr>\n<td>      o superior: 2 * 120 mm \/ 2 * 140 mm (no incluidos)<\/td>\n<\/tr>\n<tr>\n<td>\u0095 filtro de polvo<\/td>\n<\/tr>\n<tr>\n<td>      o superior: si<\/td>\n<\/tr>\n<tr>\n<td>      o inferior: si<\/td>\n<\/tr>\n<tr>\n<td>\u0095 ranuras<\/td>\n<\/tr>\n<tr>\n<td>      o pci: 4<\/td>\n<\/tr>\n<tr>\n<td>\u0095 bah\u00edas<\/td>\n<\/tr>\n<tr>\n<td>      o 3.5\u0094 hdd: 1<\/td>\n<\/tr>\n<tr>\n<td>      o 2.5 sdd: 3<\/td>\n<\/tr>\n<tr>\n<td>\u0095 e\/s panel<\/td>\n<\/tr>\n<tr>\n<td>      o puertos usb: 1 * usb 3.0 1 * usb-c<\/td>\n<\/tr>\n<tr>\n<td>      o puertos de audio: 1 * dual 3.5 mm audio + micr\u00f3fono<\/td>\n<\/tr>\n<tr>\n<td>      o lector de tarjetas: n\/a<\/td>\n<\/tr>\n<tr>\n<td>\u0095 iluminaci\u00f3n<\/td>\n<\/tr>\n<tr>\n<td>      o tipo: led (color est\u00e1tico)<\/td>\n<\/tr>\n<tr>\n<td>\u0095 materiales<\/td>\n<\/tr>\n<tr>\n<td>      o estructura: 0.6 mm<\/td>\n<\/tr>\n<tr>\n<td>      o panel izquierdo: cristal templado<\/td>\n<\/tr>\n<tr>\n<td>      o panel derecho: cristal templado<\/td>\n<\/tr>\n<tr>\n<td>      o panel frontal: metal<\/td>\n<\/tr>\n<tr>\n<td>\u0095 color: gris<\/td>\n<\/tr>\n<tr>\n<td>\u0095 dimensiones: 41.3 cm * 20.4 cm * 39.8 cm<\/td>\n<\/tr>\n<\/table>\n","protected":false},"excerpt":{"rendered":"<p>Gabinete gamer balam rush eris specialgm985 \/ media torre \/ atx, micro atx, mini itx \/ iluminacion led \/ panel cristal templado, metal \/ negro &#8211; gris \/ br-935654<\/p>\n","protected":false},"featured_media":242398,"comment_status":"open","ping_status":"open","template":"","meta":[],"product_cat":[1674,1676],"product_tag":[2097],"acf":[],"yoast_head":"<!-- This site is optimized with the Yoast SEO plugin v21.7 - https:\/\/yoast.com\/wordpress\/plugins\/seo\/ -->\n<title>[ Balam Rush ] &#129351; Br-935654 Gabinete Gamer Eris Specialgm985 \/ Media Torre \/ Atx, Micro Atx, Mini Itx \/ Iluminacion Led \/ Panel Cristal Templado, Metal \/ Negro - Gris \/<\/title>\n<meta name=\"description\" content=\"Compra Br-935654 Gabinete Gamer Eris Specialgm985 \/ Media Torre \/ Atx, Micro Atx, Mini Itx \/ Iluminacion Led \/ Panel Cristal Templado, Metal \/ Negro - Gris \/ + Env\u00edo a domicilio + Pago seguro + Garant\u00eda\" \/>\n<meta name=\"robots\" content=\"index, follow, max-snippet:-1, max-image-preview:large, max-video-preview:-1\" \/>\n<link rel=\"canonical\" href=\"https:\/\/compuviper.mx\/tienda\/producto\/balam-rush-br-935654-gabinete-gamer-eris-specialgm985-media-torre-atx-micro-atx-mini-itx-iluminacion-led-panel-cristal-templado-metal-negro-gris\/\" \/>\n<meta property=\"og:locale\" content=\"es_MX\" \/>\n<meta property=\"og:type\" content=\"article\" \/>\n<meta property=\"og:title\" content=\"[ Balam Rush ] &#129351; Br-935654 Gabinete Gamer Eris Specialgm985 \/ Media Torre \/ Atx, Micro Atx, Mini Itx \/ Iluminacion Led \/ Panel Cristal Templado, Metal \/ Negro - Gris \/\" \/>\n<meta property=\"og:description\" content=\"Compra Br-935654 Gabinete Gamer Eris Specialgm985 \/ Media Torre \/ Atx, Micro Atx, Mini Itx \/ Iluminacion Led \/ Panel Cristal Templado, Metal \/ Negro - Gris \/ + Env\u00edo a domicilio + Pago seguro + Garant\u00eda\" \/>\n<meta property=\"og:url\" content=\"https:\/\/compuviper.mx\/tienda\/producto\/balam-rush-br-935654-gabinete-gamer-eris-specialgm985-media-torre-atx-micro-atx-mini-itx-iluminacion-led-panel-cristal-templado-metal-negro-gris\/\" \/>\n<meta property=\"og:site_name\" content=\"Compuviper\" \/>\n<meta property=\"article:publisher\" content=\"https:\/\/www.facebook.com\/compuviper\" \/>\n<meta property=\"og:image\" content=\"https:\/\/compuviper.mx\/tienda\/wp-content\/uploads\/2024\/09\/Gabinete-gamer-balam-rush-eris-specialgm985-media-torre-atx-micro-atx-mini-itx-iluminacion-led-panel-cristal-templado-metal-negro-gris-br-935654.jpg\" \/>\n\t<meta property=\"og:image:width\" content=\"200\" \/>\n\t<meta property=\"og:image:height\" content=\"200\" \/>\n\t<meta property=\"og:image:type\" content=\"image\/jpeg\" \/>\n<meta name=\"twitter:card\" content=\"summary_large_image\" \/>\n<meta name=\"twitter:label1\" content=\"Precio\" \/>\n\t<meta name=\"twitter:data1\" content=\"&#36;1,195 &#36;1,149 con IVA\" \/>\n\t<meta name=\"twitter:label2\" content=\"Availability\" \/>\n\t<meta name=\"twitter:data2\" content=\"In stock\" \/>\n<script type=\"application\/ld+json\" class=\"yoast-schema-graph\">{\"@context\":\"https:\/\/schema.org\",\"@graph\":[{\"@type\":\"WebPage\",\"@id\":\"https:\/\/compuviper.mx\/tienda\/producto\/balam-rush-br-935654-gabinete-gamer-eris-specialgm985-media-torre-atx-micro-atx-mini-itx-iluminacion-led-panel-cristal-templado-metal-negro-gris\/\",\"url\":\"https:\/\/compuviper.mx\/tienda\/producto\/balam-rush-br-935654-gabinete-gamer-eris-specialgm985-media-torre-atx-micro-atx-mini-itx-iluminacion-led-panel-cristal-templado-metal-negro-gris\/\",\"name\":\"[ Balam Rush ] &#129351; Br-935654 Gabinete Gamer Eris Specialgm985 \/ Media Torre \/ Atx, Micro Atx, Mini Itx \/ Iluminacion Led \/ Panel Cristal Templado, Metal \/ Negro - Gris \/\",\"isPartOf\":{\"@id\":\"https:\/\/compuviper.mx\/tienda\/#website\"},\"datePublished\":\"2026-04-21T06:14:10+00:00\",\"dateModified\":\"2026-04-21T06:14:10+00:00\",\"description\":\"Compra Br-935654 Gabinete Gamer Eris Specialgm985 \/ Media Torre \/ Atx, Micro Atx, Mini Itx \/ Iluminacion Led \/ Panel Cristal Templado, Metal \/ Negro - Gris \/ + Env\u00edo a domicilio + Pago seguro + Garant\u00eda\",\"breadcrumb\":{\"@id\":\"https:\/\/compuviper.mx\/tienda\/producto\/balam-rush-br-935654-gabinete-gamer-eris-specialgm985-media-torre-atx-micro-atx-mini-itx-iluminacion-led-panel-cristal-templado-metal-negro-gris\/#breadcrumb\"},\"inLanguage\":\"es-MX\",\"potentialAction\":[{\"@type\":\"ReadAction\",\"target\":[\"https:\/\/compuviper.mx\/tienda\/producto\/balam-rush-br-935654-gabinete-gamer-eris-specialgm985-media-torre-atx-micro-atx-mini-itx-iluminacion-led-panel-cristal-templado-metal-negro-gris\/\"]}]},{\"@type\":\"BreadcrumbList\",\"@id\":\"https:\/\/compuviper.mx\/tienda\/producto\/balam-rush-br-935654-gabinete-gamer-eris-specialgm985-media-torre-atx-micro-atx-mini-itx-iluminacion-led-panel-cristal-templado-metal-negro-gris\/#breadcrumb\",\"itemListElement\":[{\"@type\":\"ListItem\",\"position\":1,\"name\":\"Inicio\",\"item\":\"https:\/\/compuviper.mx\/tienda\/\"},{\"@type\":\"ListItem\",\"position\":2,\"name\":\"Productos\",\"item\":\"https:\/\/compuviper.mx\/tienda\/productos\/\"},{\"@type\":\"ListItem\",\"position\":3,\"name\":\"Gabinetes\",\"item\":\"https:\/\/compuviper.mx\/tienda\/categoria-producto\/gabinetes\/\"},{\"@type\":\"ListItem\",\"position\":4,\"name\":\"Media Torre\",\"item\":\"https:\/\/compuviper.mx\/tienda\/categoria-producto\/gabinetes\/media-torre\/\"},{\"@type\":\"ListItem\",\"position\":5,\"name\":\"Balam Rush Br-935654 Gabinete Gamer Eris Specialgm985 \/ Media Torre \/ Atx, Micro Atx, Mini Itx \/ Iluminacion Led \/ Panel Cristal Templado, Metal \/ Negro &#8211; Gris \/\"}]},{\"@type\":\"WebSite\",\"@id\":\"https:\/\/compuviper.mx\/tienda\/#website\",\"url\":\"https:\/\/compuviper.mx\/tienda\/\",\"name\":\"Compuviper\",\"description\":\"Proveedor de Computadoras, Laptops, Servidores, Monitores, Puntos de Venta, Teclados,   Impresoras, T\u00f3ner, C\u00e1maras de Seguridad y m\u00e1s en tu tienda en l\u00ednea\",\"publisher\":{\"@id\":\"https:\/\/compuviper.mx\/tienda\/#organization\"},\"potentialAction\":[{\"@type\":\"SearchAction\",\"target\":{\"@type\":\"EntryPoint\",\"urlTemplate\":\"https:\/\/compuviper.mx\/tienda\/?s={search_term_string}\"},\"query-input\":\"required name=search_term_string\"}],\"inLanguage\":\"es-MX\"},{\"@type\":\"Organization\",\"@id\":\"https:\/\/compuviper.mx\/tienda\/#organization\",\"name\":\"Compuviper\",\"url\":\"https:\/\/compuviper.mx\/tienda\/\",\"logo\":{\"@type\":\"ImageObject\",\"inLanguage\":\"es-MX\",\"@id\":\"https:\/\/compuviper.mx\/tienda\/#\/schema\/logo\/image\/\",\"url\":\"https:\/\/compuviper.mx\/tienda\/wp-content\/uploads\/2021\/08\/Logo-Compuviper-10.png\",\"contentUrl\":\"https:\/\/compuviper.mx\/tienda\/wp-content\/uploads\/2021\/08\/Logo-Compuviper-10.png\",\"width\":1000,\"height\":500,\"caption\":\"Compuviper\"},\"image\":{\"@id\":\"https:\/\/compuviper.mx\/tienda\/#\/schema\/logo\/image\/\"},\"sameAs\":[\"https:\/\/www.facebook.com\/compuviper\",\"https:\/\/www.youtube.com\/channel\/UCf73dERp9Y3cfOq7q8BhLjA?view_as=subscriber\"]}]}<\/script>\n<meta property=\"product:brand\" content=\"Balam Rush\" \/>\n<meta property=\"product:price:amount\" content=\"1149\" \/>\n<meta property=\"product:price:currency\" content=\"MXN\" \/>\n<meta property=\"og:availability\" content=\"instock\" \/>\n<meta property=\"product:availability\" content=\"instock\" \/>\n<meta property=\"product:retailer_item_id\" content=\"BR-935654\" \/>\n<meta property=\"product:condition\" content=\"new\" \/>\n<!-- \/ Yoast SEO plugin. -->","yoast_head_json":{"title":"[ Balam Rush ] &#129351; Br-935654 Gabinete Gamer Eris Specialgm985 \/ Media Torre \/ Atx, Micro Atx, Mini Itx \/ Iluminacion Led \/ Panel Cristal Templado, Metal \/ Negro - Gris \/","description":"Compra Br-935654 Gabinete Gamer Eris Specialgm985 \/ Media Torre \/ Atx, Micro Atx, Mini Itx \/ Iluminacion Led \/ Panel Cristal Templado, Metal \/ Negro - Gris \/ + Env\u00edo a domicilio + Pago seguro + Garant\u00eda","robots":{"index":"index","follow":"follow","max-snippet":"max-snippet:-1","max-image-preview":"max-image-preview:large","max-video-preview":"max-video-preview:-1"},"canonical":"https:\/\/compuviper.mx\/tienda\/producto\/balam-rush-br-935654-gabinete-gamer-eris-specialgm985-media-torre-atx-micro-atx-mini-itx-iluminacion-led-panel-cristal-templado-metal-negro-gris\/","og_locale":"es_MX","og_type":"article","og_title":"[ Balam Rush ] &#129351; Br-935654 Gabinete Gamer Eris Specialgm985 \/ Media Torre \/ Atx, Micro Atx, Mini Itx \/ Iluminacion Led \/ Panel Cristal Templado, Metal \/ Negro - Gris \/","og_description":"Compra Br-935654 Gabinete Gamer Eris Specialgm985 \/ Media Torre \/ Atx, Micro Atx, Mini Itx \/ Iluminacion Led \/ Panel Cristal Templado, Metal \/ Negro - Gris \/ + Env\u00edo a domicilio + Pago seguro + Garant\u00eda","og_url":"https:\/\/compuviper.mx\/tienda\/producto\/balam-rush-br-935654-gabinete-gamer-eris-specialgm985-media-torre-atx-micro-atx-mini-itx-iluminacion-led-panel-cristal-templado-metal-negro-gris\/","og_site_name":"Compuviper","article_publisher":"https:\/\/www.facebook.com\/compuviper","og_image":[{"width":200,"height":200,"url":"https:\/\/compuviper.mx\/tienda\/wp-content\/uploads\/2024\/09\/Gabinete-gamer-balam-rush-eris-specialgm985-media-torre-atx-micro-atx-mini-itx-iluminacion-led-panel-cristal-templado-metal-negro-gris-br-935654.jpg","type":"image\/jpeg"}],"twitter_card":"summary_large_image","twitter_misc":{"Precio":"&#36;1,195 &#36;1,149 con IVA","Availability":"In stock"},"schema":{"@context":"https:\/\/schema.org","@graph":[{"@type":"WebPage","@id":"https:\/\/compuviper.mx\/tienda\/producto\/balam-rush-br-935654-gabinete-gamer-eris-specialgm985-media-torre-atx-micro-atx-mini-itx-iluminacion-led-panel-cristal-templado-metal-negro-gris\/","url":"https:\/\/compuviper.mx\/tienda\/producto\/balam-rush-br-935654-gabinete-gamer-eris-specialgm985-media-torre-atx-micro-atx-mini-itx-iluminacion-led-panel-cristal-templado-metal-negro-gris\/","name":"[ Balam Rush ] &#129351; Br-935654 Gabinete Gamer Eris Specialgm985 \/ Media Torre \/ Atx, Micro Atx, Mini Itx \/ Iluminacion Led \/ Panel Cristal Templado, Metal \/ Negro - Gris \/","isPartOf":{"@id":"https:\/\/compuviper.mx\/tienda\/#website"},"datePublished":"2026-04-21T06:14:10+00:00","dateModified":"2026-04-21T06:14:10+00:00","description":"Compra Br-935654 Gabinete Gamer Eris Specialgm985 \/ Media Torre \/ Atx, Micro Atx, Mini Itx \/ Iluminacion Led \/ Panel Cristal Templado, Metal \/ Negro - Gris \/ + Env\u00edo a domicilio + Pago seguro + Garant\u00eda","breadcrumb":{"@id":"https:\/\/compuviper.mx\/tienda\/producto\/balam-rush-br-935654-gabinete-gamer-eris-specialgm985-media-torre-atx-micro-atx-mini-itx-iluminacion-led-panel-cristal-templado-metal-negro-gris\/#breadcrumb"},"inLanguage":"es-MX","potentialAction":[{"@type":"ReadAction","target":["https:\/\/compuviper.mx\/tienda\/producto\/balam-rush-br-935654-gabinete-gamer-eris-specialgm985-media-torre-atx-micro-atx-mini-itx-iluminacion-led-panel-cristal-templado-metal-negro-gris\/"]}]},{"@type":"BreadcrumbList","@id":"https:\/\/compuviper.mx\/tienda\/producto\/balam-rush-br-935654-gabinete-gamer-eris-specialgm985-media-torre-atx-micro-atx-mini-itx-iluminacion-led-panel-cristal-templado-metal-negro-gris\/#breadcrumb","itemListElement":[{"@type":"ListItem","position":1,"name":"Inicio","item":"https:\/\/compuviper.mx\/tienda\/"},{"@type":"ListItem","position":2,"name":"Productos","item":"https:\/\/compuviper.mx\/tienda\/productos\/"},{"@type":"ListItem","position":3,"name":"Gabinetes","item":"https:\/\/compuviper.mx\/tienda\/categoria-producto\/gabinetes\/"},{"@type":"ListItem","position":4,"name":"Media Torre","item":"https:\/\/compuviper.mx\/tienda\/categoria-producto\/gabinetes\/media-torre\/"},{"@type":"ListItem","position":5,"name":"Balam Rush Br-935654 Gabinete Gamer Eris Specialgm985 \/ Media Torre \/ Atx, Micro Atx, Mini Itx \/ Iluminacion Led \/ Panel Cristal Templado, Metal \/ Negro &#8211; Gris \/"}]},{"@type":"WebSite","@id":"https:\/\/compuviper.mx\/tienda\/#website","url":"https:\/\/compuviper.mx\/tienda\/","name":"Compuviper","description":"Proveedor de Computadoras, Laptops, Servidores, Monitores, Puntos de Venta, Teclados,   Impresoras, T\u00f3ner, C\u00e1maras de Seguridad y m\u00e1s en tu tienda en l\u00ednea","publisher":{"@id":"https:\/\/compuviper.mx\/tienda\/#organization"},"potentialAction":[{"@type":"SearchAction","target":{"@type":"EntryPoint","urlTemplate":"https:\/\/compuviper.mx\/tienda\/?s={search_term_string}"},"query-input":"required name=search_term_string"}],"inLanguage":"es-MX"},{"@type":"Organization","@id":"https:\/\/compuviper.mx\/tienda\/#organization","name":"Compuviper","url":"https:\/\/compuviper.mx\/tienda\/","logo":{"@type":"ImageObject","inLanguage":"es-MX","@id":"https:\/\/compuviper.mx\/tienda\/#\/schema\/logo\/image\/","url":"https:\/\/compuviper.mx\/tienda\/wp-content\/uploads\/2021\/08\/Logo-Compuviper-10.png","contentUrl":"https:\/\/compuviper.mx\/tienda\/wp-content\/uploads\/2021\/08\/Logo-Compuviper-10.png","width":1000,"height":500,"caption":"Compuviper"},"image":{"@id":"https:\/\/compuviper.mx\/tienda\/#\/schema\/logo\/image\/"},"sameAs":["https:\/\/www.facebook.com\/compuviper","https:\/\/www.youtube.com\/channel\/UCf73dERp9Y3cfOq7q8BhLjA?view_as=subscriber"]}]},"product_brand":"Balam Rush","product_price_amount":"1149","product_price_currency":"MXN","og_availability":"instock","product_availability":"instock","product_retailer_item_id":"BR-935654","product_condition":"new"},"_links":{"self":[{"href":"https:\/\/compuviper.mx\/tienda\/wp-json\/wp\/v2\/product\/216426"}],"collection":[{"href":"https:\/\/compuviper.mx\/tienda\/wp-json\/wp\/v2\/product"}],"about":[{"href":"https:\/\/compuviper.mx\/tienda\/wp-json\/wp\/v2\/types\/product"}],"replies":[{"embeddable":true,"href":"https:\/\/compuviper.mx\/tienda\/wp-json\/wp\/v2\/comments?post=216426"}],"wp:featuredmedia":[{"embeddable":true,"href":"https:\/\/compuviper.mx\/tienda\/wp-json\/wp\/v2\/media\/242398"}],"wp:attachment":[{"href":"https:\/\/compuviper.mx\/tienda\/wp-json\/wp\/v2\/media?parent=216426"}],"wp:term":[{"taxonomy":"product_cat","embeddable":true,"href":"https:\/\/compuviper.mx\/tienda\/wp-json\/wp\/v2\/product_cat?post=216426"},{"taxonomy":"product_tag","embeddable":true,"href":"https:\/\/compuviper.mx\/tienda\/wp-json\/wp\/v2\/product_tag?post=216426"}],"curies":[{"name":"wp","href":"https:\/\/api.w.org\/{rel}","templated":true}]}}