{"id":216416,"date":"2026-04-07T00:11:37","date_gmt":"2026-04-07T06:11:37","guid":{"rendered":"https:\/\/compuviper.mx\/tienda\/producto\/balam-rush-br-935975-gabinete-dragonfly-crystal-gm745-mini-torre-atx-micro-atx-mini-itx-panel-cristal-templado-ilumuminacion-rgb-metal-blanco\/"},"modified":"2026-04-07T00:11:38","modified_gmt":"2026-04-07T06:11:38","slug":"balam-rush-br-935975-gabinete-gamer-dragonfly-perform-crystal-gm590cw-media-torre-atx-micro-atx-mini-itx-incluye-ventilador-argb-panel-cristal-templado-metal-blanco","status":"publish","type":"product","link":"https:\/\/compuviper.mx\/tienda\/producto\/balam-rush-br-935975-gabinete-gamer-dragonfly-perform-crystal-gm590cw-media-torre-atx-micro-atx-mini-itx-incluye-ventilador-argb-panel-cristal-templado-metal-blanco\/","title":{"rendered":"Balam Rush Br-935975 Gabinete Gamer  Dragonfly Perform Crystal Gm590cw \/ Media Torre \/ Atx, Micro Atx, Mini Itx \/ Incluye Ventilador Argb \/ Panel Cristal Templado \/ Metal \/ Blanco \/"},"content":{"rendered":"<table class=\"descripcion\">\n<tr>\n<td>Producto: gabinete  gamer<\/td>\n<\/tr>\n<tr>\n<td>Modelo: br-935975<\/td>\n<\/tr>\n<tr>\n<td>Factor de forma: media torre<\/td>\n<\/tr>\n<tr>\n<td>Color exterior: blanco<\/td>\n<\/tr>\n<tr>\n<td>Materiales: exterior: metal \/ plastico \/ cristal templado<\/td>\n<\/tr>\n<tr>\n<td>                         panel izquierdo: cristal templado<\/td>\n<\/tr>\n<tr>\n<td>                         panel derecho: metal<\/td>\n<\/tr>\n<tr>\n<td>                         panel frontal: cristal templado<\/td>\n<\/tr>\n<tr>\n<td>                         tipo de acero y grosor (mm): spcc 0.45 mm<\/td>\n<\/tr>\n<tr>\n<td>Dimensiones (l x w x h): 33 x 19.5 x 44 mm<\/td>\n<\/tr>\n<tr>\n<td>Peso: 3.95 kg<\/td>\n<\/tr>\n<tr>\n<td>Soporte tarjeta madre: atx \/ micro-atx \/ mini itx<\/td>\n<\/tr>\n<tr>\n<td>Slots expandible: 7<\/td>\n<\/tr>\n<tr>\n<td>Bahias para unidades: 3.5 pulgadas hdd;:1<\/td>\n<\/tr>\n<tr>\n<td>                                             3.5 pulgadas \/ 2.5 pulgadas combo: 1<\/td>\n<\/tr>\n<tr>\n<td>                                              2.5 pulgadas ssd: 1<\/td>\n<\/tr>\n<tr>\n<td>Panel i\/o: puertos usb: 1x usb 3.0 + 2.0 usb 2.0<\/td>\n<\/tr>\n<tr>\n<td>                    audio: audio + mic<\/td>\n<\/tr>\n<tr>\n<td>Ventiladores: superior: 2x 120mm<\/td>\n<\/tr>\n<tr>\n<td>                              frontal: 3x 120 mm<\/td>\n<\/tr>\n<tr>\n<td>                              trasero: 1x 120 mm<\/td>\n<\/tr>\n<tr>\n<td>                              inferior: 2x 120 mm sobre el psu<\/td>\n<\/tr>\n<tr>\n<td>Ventiladores pre instalados: frontal: 3x 120 mm<\/td>\n<\/tr>\n<tr>\n<td>                                                           trasero: 1x 120 mm (argb maestro-esclavo)<\/td>\n<\/tr>\n<tr>\n<td>Informacion de ventiladores pre instalados:<\/td>\n<\/tr>\n<tr>\n<td>Velocidad: 1100 + 10 porciento<\/td>\n<\/tr>\n<tr>\n<td>Flujo de aire: 35 cfm<\/td>\n<\/tr>\n<tr>\n<td>Presion de aire: 1.3 mmh2o<\/td>\n<\/tr>\n<tr>\n<td>Ruido: 25 db<\/td>\n<\/tr>\n<tr>\n<td>Tipo de iluminacion: argb<\/td>\n<\/tr>\n<tr>\n<td>Alimentacion: sata<\/td>\n<\/tr>\n<tr>\n<td>Tipo de control: boton reset o m\/b<\/td>\n<\/tr>\n<tr>\n<td>Radiador: frontal: 240 mm (no incluido)<\/td>\n<\/tr>\n<tr>\n<td>                     trasero: 120 mm (no incluido)<\/td>\n<\/tr>\n<tr>\n<td>Tolerancia: enfriamiento cpu torre: 158 mm<\/td>\n<\/tr>\n<tr>\n<td>                         tarjetas graficas: 275 mm<\/td>\n<\/tr>\n<tr>\n<td>Cableado: detras de mb: 19 mm<\/td>\n<\/tr>\n<tr>\n<td>Filtros de polvo: si<\/td>\n<\/tr>\n<tr>\n<td>Fuente de poder: tipo: atx (no incluido)<\/td>\n<\/tr>\n<tr>\n<td>                                     ubciacion: inferior trasero<\/td>\n<\/tr>\n<tr>\n<td>Accesorios: si<\/td>\n<\/tr>\n<tr>\n<td>Boton reset: si<\/td>\n<\/tr>\n<tr>\n<td>Boton de encendido: si<\/td>\n<\/tr>\n<tr>\n<td>Led hdd: si<\/td>\n<\/tr>\n<\/table>\n","protected":false},"excerpt":{"rendered":"<p>Preprado para cualquier estrategia termica. Dise\u00f1ado para la personalizacion completa, este gabinete permite montar hasta 8 ventiladores de 120 mm, radiadores de 240 mm y disipadores de aire de 158 mm, asegurando un contriol total de las temperaturas. Iluminacion y rendimiento en cada angulo. Con 3 ventiladores frontales argb de 120 mm y 1 trasero tambien argb incluidos, tu gabinete no solo asegura un flujo de aire constante y equilibrado, sino que ademas trasnforma tu setup con un espectaculo de luces personalizable.<\/p>\n","protected":false},"featured_media":216417,"comment_status":"open","ping_status":"open","template":"","meta":[],"product_cat":[1674,1945],"product_tag":[2097],"acf":[],"yoast_head":"<!-- This site is optimized with the Yoast SEO plugin v21.7 - https:\/\/yoast.com\/wordpress\/plugins\/seo\/ -->\n<title>[ Balam Rush ] &#129351; Br-935975 Gabinete Gamer Dragonfly Perform Crystal Gm590cw \/ Media Torre \/ Atx, Micro Atx, Mini Itx \/ Incluye Ventilador Argb \/ Panel Cristal Templado \/ Metal \/ Blanco \/<\/title>\n<meta name=\"description\" content=\"Compra Br-935975 Gabinete Gamer Dragonfly Perform Crystal Gm590cw \/ Media Torre \/ Atx, Micro Atx, Mini Itx \/ Incluye Ventilador Argb \/ Panel Cristal Templado \/ Metal \/ Blanco \/ + Env\u00edo a domicilio + Pago seguro + Garant\u00eda\" \/>\n<meta name=\"robots\" content=\"index, follow, max-snippet:-1, max-image-preview:large, max-video-preview:-1\" \/>\n<link rel=\"canonical\" href=\"https:\/\/compuviper.mx\/tienda\/producto\/balam-rush-br-935975-gabinete-gamer-dragonfly-perform-crystal-gm590cw-media-torre-atx-micro-atx-mini-itx-incluye-ventilador-argb-panel-cristal-templado-metal-blanco\/\" \/>\n<meta property=\"og:locale\" content=\"es_MX\" \/>\n<meta property=\"og:type\" content=\"article\" \/>\n<meta property=\"og:title\" content=\"[ Balam Rush ] &#129351; Br-935975 Gabinete Gamer Dragonfly Perform Crystal Gm590cw \/ Media Torre \/ Atx, Micro Atx, Mini Itx \/ Incluye Ventilador Argb \/ Panel Cristal Templado \/ Metal \/ Blanco \/\" \/>\n<meta property=\"og:description\" content=\"Compra Br-935975 Gabinete Gamer Dragonfly Perform Crystal Gm590cw \/ Media Torre \/ Atx, Micro Atx, Mini Itx \/ Incluye Ventilador Argb \/ Panel Cristal Templado \/ Metal \/ Blanco \/ + Env\u00edo a domicilio + Pago seguro + Garant\u00eda\" \/>\n<meta property=\"og:url\" content=\"https:\/\/compuviper.mx\/tienda\/producto\/balam-rush-br-935975-gabinete-gamer-dragonfly-perform-crystal-gm590cw-media-torre-atx-micro-atx-mini-itx-incluye-ventilador-argb-panel-cristal-templado-metal-blanco\/\" \/>\n<meta property=\"og:site_name\" content=\"Compuviper\" \/>\n<meta property=\"article:publisher\" content=\"https:\/\/www.facebook.com\/compuviper\" \/>\n<meta property=\"article:modified_time\" content=\"2026-04-07T06:11:38+00:00\" \/>\n<meta property=\"og:image\" content=\"https:\/\/compuviper.mx\/tienda\/wp-content\/uploads\/2023\/12\/Gabinete-balam-rush-dragonfly-crystal-gm745-mini-torre-atx-micro-atx-mini-itx-panel-cristal-templado-ilumuminacion-rgb-metal-blanco-br-935975.jpg\" \/>\n\t<meta property=\"og:image:width\" content=\"200\" \/>\n\t<meta property=\"og:image:height\" content=\"200\" \/>\n\t<meta property=\"og:image:type\" content=\"image\/jpeg\" \/>\n<meta name=\"twitter:card\" content=\"summary_large_image\" \/>\n<meta name=\"twitter:label1\" content=\"Precio\" \/>\n\t<meta name=\"twitter:data1\" content=\"&#36;861 &#36;818 con IVA\" \/>\n\t<meta name=\"twitter:label2\" content=\"Availability\" \/>\n\t<meta name=\"twitter:data2\" content=\"In stock\" \/>\n<script type=\"application\/ld+json\" class=\"yoast-schema-graph\">{\"@context\":\"https:\/\/schema.org\",\"@graph\":[{\"@type\":\"WebPage\",\"@id\":\"https:\/\/compuviper.mx\/tienda\/producto\/balam-rush-br-935975-gabinete-gamer-dragonfly-perform-crystal-gm590cw-media-torre-atx-micro-atx-mini-itx-incluye-ventilador-argb-panel-cristal-templado-metal-blanco\/\",\"url\":\"https:\/\/compuviper.mx\/tienda\/producto\/balam-rush-br-935975-gabinete-gamer-dragonfly-perform-crystal-gm590cw-media-torre-atx-micro-atx-mini-itx-incluye-ventilador-argb-panel-cristal-templado-metal-blanco\/\",\"name\":\"[ Balam Rush ] &#129351; Br-935975 Gabinete Gamer Dragonfly Perform Crystal Gm590cw \/ Media Torre \/ Atx, Micro Atx, Mini Itx \/ Incluye Ventilador Argb \/ Panel Cristal Templado \/ Metal \/ Blanco \/\",\"isPartOf\":{\"@id\":\"https:\/\/compuviper.mx\/tienda\/#website\"},\"datePublished\":\"2026-04-07T06:11:37+00:00\",\"dateModified\":\"2026-04-07T06:11:38+00:00\",\"description\":\"Compra Br-935975 Gabinete Gamer Dragonfly Perform Crystal Gm590cw \/ Media Torre \/ Atx, Micro Atx, Mini Itx \/ Incluye Ventilador Argb \/ Panel Cristal Templado \/ Metal \/ Blanco \/ + Env\u00edo a domicilio + Pago seguro + Garant\u00eda\",\"breadcrumb\":{\"@id\":\"https:\/\/compuviper.mx\/tienda\/producto\/balam-rush-br-935975-gabinete-gamer-dragonfly-perform-crystal-gm590cw-media-torre-atx-micro-atx-mini-itx-incluye-ventilador-argb-panel-cristal-templado-metal-blanco\/#breadcrumb\"},\"inLanguage\":\"es-MX\",\"potentialAction\":[{\"@type\":\"ReadAction\",\"target\":[\"https:\/\/compuviper.mx\/tienda\/producto\/balam-rush-br-935975-gabinete-gamer-dragonfly-perform-crystal-gm590cw-media-torre-atx-micro-atx-mini-itx-incluye-ventilador-argb-panel-cristal-templado-metal-blanco\/\"]}]},{\"@type\":\"BreadcrumbList\",\"@id\":\"https:\/\/compuviper.mx\/tienda\/producto\/balam-rush-br-935975-gabinete-gamer-dragonfly-perform-crystal-gm590cw-media-torre-atx-micro-atx-mini-itx-incluye-ventilador-argb-panel-cristal-templado-metal-blanco\/#breadcrumb\",\"itemListElement\":[{\"@type\":\"ListItem\",\"position\":1,\"name\":\"Inicio\",\"item\":\"https:\/\/compuviper.mx\/tienda\/\"},{\"@type\":\"ListItem\",\"position\":2,\"name\":\"Productos\",\"item\":\"https:\/\/compuviper.mx\/tienda\/productos\/\"},{\"@type\":\"ListItem\",\"position\":3,\"name\":\"Gabinetes\",\"item\":\"https:\/\/compuviper.mx\/tienda\/categoria-producto\/gabinetes\/\"},{\"@type\":\"ListItem\",\"position\":4,\"name\":\"Mini Torre\",\"item\":\"https:\/\/compuviper.mx\/tienda\/categoria-producto\/gabinetes\/mini-torre\/\"},{\"@type\":\"ListItem\",\"position\":5,\"name\":\"Balam Rush Br-935975 Gabinete Gamer Dragonfly Perform Crystal Gm590cw \/ Media Torre \/ Atx, Micro Atx, Mini Itx \/ Incluye Ventilador Argb \/ Panel Cristal Templado \/ Metal \/ Blanco \/\"}]},{\"@type\":\"WebSite\",\"@id\":\"https:\/\/compuviper.mx\/tienda\/#website\",\"url\":\"https:\/\/compuviper.mx\/tienda\/\",\"name\":\"Compuviper\",\"description\":\"Proveedor de Computadoras, Laptops, Servidores, Monitores, Puntos de Venta, Teclados,   Impresoras, T\u00f3ner, C\u00e1maras de Seguridad y m\u00e1s en tu tienda en l\u00ednea\",\"publisher\":{\"@id\":\"https:\/\/compuviper.mx\/tienda\/#organization\"},\"potentialAction\":[{\"@type\":\"SearchAction\",\"target\":{\"@type\":\"EntryPoint\",\"urlTemplate\":\"https:\/\/compuviper.mx\/tienda\/?s={search_term_string}\"},\"query-input\":\"required name=search_term_string\"}],\"inLanguage\":\"es-MX\"},{\"@type\":\"Organization\",\"@id\":\"https:\/\/compuviper.mx\/tienda\/#organization\",\"name\":\"Compuviper\",\"url\":\"https:\/\/compuviper.mx\/tienda\/\",\"logo\":{\"@type\":\"ImageObject\",\"inLanguage\":\"es-MX\",\"@id\":\"https:\/\/compuviper.mx\/tienda\/#\/schema\/logo\/image\/\",\"url\":\"https:\/\/compuviper.mx\/tienda\/wp-content\/uploads\/2021\/08\/Logo-Compuviper-10.png\",\"contentUrl\":\"https:\/\/compuviper.mx\/tienda\/wp-content\/uploads\/2021\/08\/Logo-Compuviper-10.png\",\"width\":1000,\"height\":500,\"caption\":\"Compuviper\"},\"image\":{\"@id\":\"https:\/\/compuviper.mx\/tienda\/#\/schema\/logo\/image\/\"},\"sameAs\":[\"https:\/\/www.facebook.com\/compuviper\",\"https:\/\/www.youtube.com\/channel\/UCf73dERp9Y3cfOq7q8BhLjA?view_as=subscriber\"]}]}<\/script>\n<meta property=\"product:brand\" content=\"Balam Rush\" \/>\n<meta property=\"product:price:amount\" content=\"818\" \/>\n<meta property=\"product:price:currency\" content=\"MXN\" \/>\n<meta property=\"og:availability\" content=\"instock\" \/>\n<meta property=\"product:availability\" content=\"instock\" \/>\n<meta property=\"product:retailer_item_id\" content=\"BR-935975\" \/>\n<meta property=\"product:condition\" content=\"new\" \/>\n<!-- \/ Yoast SEO plugin. -->","yoast_head_json":{"title":"[ Balam Rush ] &#129351; Br-935975 Gabinete Gamer Dragonfly Perform Crystal Gm590cw \/ Media Torre \/ Atx, Micro Atx, Mini Itx \/ Incluye Ventilador Argb \/ Panel Cristal Templado \/ Metal \/ Blanco \/","description":"Compra Br-935975 Gabinete Gamer Dragonfly Perform Crystal Gm590cw \/ Media Torre \/ Atx, Micro Atx, Mini Itx \/ Incluye Ventilador Argb \/ Panel Cristal Templado \/ Metal \/ Blanco \/ + Env\u00edo a domicilio + Pago seguro + Garant\u00eda","robots":{"index":"index","follow":"follow","max-snippet":"max-snippet:-1","max-image-preview":"max-image-preview:large","max-video-preview":"max-video-preview:-1"},"canonical":"https:\/\/compuviper.mx\/tienda\/producto\/balam-rush-br-935975-gabinete-gamer-dragonfly-perform-crystal-gm590cw-media-torre-atx-micro-atx-mini-itx-incluye-ventilador-argb-panel-cristal-templado-metal-blanco\/","og_locale":"es_MX","og_type":"article","og_title":"[ Balam Rush ] &#129351; Br-935975 Gabinete Gamer Dragonfly Perform Crystal Gm590cw \/ Media Torre \/ Atx, Micro Atx, Mini Itx \/ Incluye Ventilador Argb \/ Panel Cristal Templado \/ Metal \/ Blanco \/","og_description":"Compra Br-935975 Gabinete Gamer Dragonfly Perform Crystal Gm590cw \/ Media Torre \/ Atx, Micro Atx, Mini Itx \/ Incluye Ventilador Argb \/ Panel Cristal Templado \/ Metal \/ Blanco \/ + Env\u00edo a domicilio + Pago seguro + Garant\u00eda","og_url":"https:\/\/compuviper.mx\/tienda\/producto\/balam-rush-br-935975-gabinete-gamer-dragonfly-perform-crystal-gm590cw-media-torre-atx-micro-atx-mini-itx-incluye-ventilador-argb-panel-cristal-templado-metal-blanco\/","og_site_name":"Compuviper","article_publisher":"https:\/\/www.facebook.com\/compuviper","article_modified_time":"2026-04-07T06:11:38+00:00","og_image":[{"width":200,"height":200,"url":"https:\/\/compuviper.mx\/tienda\/wp-content\/uploads\/2023\/12\/Gabinete-balam-rush-dragonfly-crystal-gm745-mini-torre-atx-micro-atx-mini-itx-panel-cristal-templado-ilumuminacion-rgb-metal-blanco-br-935975.jpg","type":"image\/jpeg"}],"twitter_card":"summary_large_image","twitter_misc":{"Precio":"&#36;861 &#36;818 con IVA","Availability":"In stock"},"schema":{"@context":"https:\/\/schema.org","@graph":[{"@type":"WebPage","@id":"https:\/\/compuviper.mx\/tienda\/producto\/balam-rush-br-935975-gabinete-gamer-dragonfly-perform-crystal-gm590cw-media-torre-atx-micro-atx-mini-itx-incluye-ventilador-argb-panel-cristal-templado-metal-blanco\/","url":"https:\/\/compuviper.mx\/tienda\/producto\/balam-rush-br-935975-gabinete-gamer-dragonfly-perform-crystal-gm590cw-media-torre-atx-micro-atx-mini-itx-incluye-ventilador-argb-panel-cristal-templado-metal-blanco\/","name":"[ Balam Rush ] &#129351; Br-935975 Gabinete Gamer Dragonfly Perform Crystal Gm590cw \/ Media Torre \/ Atx, Micro Atx, Mini Itx \/ Incluye Ventilador Argb \/ Panel Cristal Templado \/ Metal \/ Blanco \/","isPartOf":{"@id":"https:\/\/compuviper.mx\/tienda\/#website"},"datePublished":"2026-04-07T06:11:37+00:00","dateModified":"2026-04-07T06:11:38+00:00","description":"Compra Br-935975 Gabinete Gamer Dragonfly Perform Crystal Gm590cw \/ Media Torre \/ Atx, Micro Atx, Mini Itx \/ Incluye Ventilador Argb \/ Panel Cristal Templado \/ Metal \/ Blanco \/ + Env\u00edo a domicilio + Pago seguro + Garant\u00eda","breadcrumb":{"@id":"https:\/\/compuviper.mx\/tienda\/producto\/balam-rush-br-935975-gabinete-gamer-dragonfly-perform-crystal-gm590cw-media-torre-atx-micro-atx-mini-itx-incluye-ventilador-argb-panel-cristal-templado-metal-blanco\/#breadcrumb"},"inLanguage":"es-MX","potentialAction":[{"@type":"ReadAction","target":["https:\/\/compuviper.mx\/tienda\/producto\/balam-rush-br-935975-gabinete-gamer-dragonfly-perform-crystal-gm590cw-media-torre-atx-micro-atx-mini-itx-incluye-ventilador-argb-panel-cristal-templado-metal-blanco\/"]}]},{"@type":"BreadcrumbList","@id":"https:\/\/compuviper.mx\/tienda\/producto\/balam-rush-br-935975-gabinete-gamer-dragonfly-perform-crystal-gm590cw-media-torre-atx-micro-atx-mini-itx-incluye-ventilador-argb-panel-cristal-templado-metal-blanco\/#breadcrumb","itemListElement":[{"@type":"ListItem","position":1,"name":"Inicio","item":"https:\/\/compuviper.mx\/tienda\/"},{"@type":"ListItem","position":2,"name":"Productos","item":"https:\/\/compuviper.mx\/tienda\/productos\/"},{"@type":"ListItem","position":3,"name":"Gabinetes","item":"https:\/\/compuviper.mx\/tienda\/categoria-producto\/gabinetes\/"},{"@type":"ListItem","position":4,"name":"Mini Torre","item":"https:\/\/compuviper.mx\/tienda\/categoria-producto\/gabinetes\/mini-torre\/"},{"@type":"ListItem","position":5,"name":"Balam Rush Br-935975 Gabinete Gamer Dragonfly Perform Crystal Gm590cw \/ Media Torre \/ Atx, Micro Atx, Mini Itx \/ Incluye Ventilador Argb \/ Panel Cristal Templado \/ Metal \/ Blanco \/"}]},{"@type":"WebSite","@id":"https:\/\/compuviper.mx\/tienda\/#website","url":"https:\/\/compuviper.mx\/tienda\/","name":"Compuviper","description":"Proveedor de Computadoras, Laptops, Servidores, Monitores, Puntos de Venta, Teclados,   Impresoras, T\u00f3ner, C\u00e1maras de Seguridad y m\u00e1s en tu tienda en l\u00ednea","publisher":{"@id":"https:\/\/compuviper.mx\/tienda\/#organization"},"potentialAction":[{"@type":"SearchAction","target":{"@type":"EntryPoint","urlTemplate":"https:\/\/compuviper.mx\/tienda\/?s={search_term_string}"},"query-input":"required name=search_term_string"}],"inLanguage":"es-MX"},{"@type":"Organization","@id":"https:\/\/compuviper.mx\/tienda\/#organization","name":"Compuviper","url":"https:\/\/compuviper.mx\/tienda\/","logo":{"@type":"ImageObject","inLanguage":"es-MX","@id":"https:\/\/compuviper.mx\/tienda\/#\/schema\/logo\/image\/","url":"https:\/\/compuviper.mx\/tienda\/wp-content\/uploads\/2021\/08\/Logo-Compuviper-10.png","contentUrl":"https:\/\/compuviper.mx\/tienda\/wp-content\/uploads\/2021\/08\/Logo-Compuviper-10.png","width":1000,"height":500,"caption":"Compuviper"},"image":{"@id":"https:\/\/compuviper.mx\/tienda\/#\/schema\/logo\/image\/"},"sameAs":["https:\/\/www.facebook.com\/compuviper","https:\/\/www.youtube.com\/channel\/UCf73dERp9Y3cfOq7q8BhLjA?view_as=subscriber"]}]},"product_brand":"Balam Rush","product_price_amount":"818","product_price_currency":"MXN","og_availability":"instock","product_availability":"instock","product_retailer_item_id":"BR-935975","product_condition":"new"},"_links":{"self":[{"href":"https:\/\/compuviper.mx\/tienda\/wp-json\/wp\/v2\/product\/216416"}],"collection":[{"href":"https:\/\/compuviper.mx\/tienda\/wp-json\/wp\/v2\/product"}],"about":[{"href":"https:\/\/compuviper.mx\/tienda\/wp-json\/wp\/v2\/types\/product"}],"replies":[{"embeddable":true,"href":"https:\/\/compuviper.mx\/tienda\/wp-json\/wp\/v2\/comments?post=216416"}],"wp:featuredmedia":[{"embeddable":true,"href":"https:\/\/compuviper.mx\/tienda\/wp-json\/wp\/v2\/media\/216417"}],"wp:attachment":[{"href":"https:\/\/compuviper.mx\/tienda\/wp-json\/wp\/v2\/media?parent=216416"}],"wp:term":[{"taxonomy":"product_cat","embeddable":true,"href":"https:\/\/compuviper.mx\/tienda\/wp-json\/wp\/v2\/product_cat?post=216416"},{"taxonomy":"product_tag","embeddable":true,"href":"https:\/\/compuviper.mx\/tienda\/wp-json\/wp\/v2\/product_tag?post=216416"}],"curies":[{"name":"wp","href":"https:\/\/api.w.org\/{rel}","templated":true}]}}