{"id":216410,"date":"2026-04-21T00:14:07","date_gmt":"2026-04-21T06:14:07","guid":{"rendered":"https:\/\/compuviper.mx\/tienda\/producto\/balam-rush-br-935944-gabinete-tank-pro-gm930-mini-torre-micro-atx-mini-itx-panel-cristal-templado-malla-metalica-metal-negro\/"},"modified":"2026-04-21T00:14:07","modified_gmt":"2026-04-21T06:14:07","slug":"balam-rush-br-935944-gabinete-gamer-tank-pro-gm930-atx-mini-torre-micro-atx-mini-itx-panel-cristal-templado-removible-ventilador-rgb-malla-metalica-2-x-ssd-2-x-hdd-negro","status":"publish","type":"product","link":"https:\/\/compuviper.mx\/tienda\/producto\/balam-rush-br-935944-gabinete-gamer-tank-pro-gm930-atx-mini-torre-micro-atx-mini-itx-panel-cristal-templado-removible-ventilador-rgb-malla-metalica-2-x-ssd-2-x-hdd-negro\/","title":{"rendered":"Balam Rush Br-935944 Gabinete Gamer  Tank Pro Gm930 \/ Atx &#8211; Mini Torre \/ Micro Atx &#8211; Mini Itx \/ Panel Cristal Templado Removible \/ Ventilador Rgb \/ Malla Metalica \/ 2 X Ssd &#8211; 2 X Hdd \/ Negro \/"},"content":{"rendered":"<table class=\"descripcion\">\n<tr>\n<td>Producto: gabinete media torre<\/td>\n<\/tr>\n<tr>\n<td>Modelo: br-935944<\/td>\n<\/tr>\n<tr>\n<td>Factor de forma: mini torre<\/td>\n<\/tr>\n<tr>\n<td>Tarjetas madres compatibles: micro atx, mini-itx<\/td>\n<\/tr>\n<tr>\n<td>Fuente de poder<\/td>\n<\/tr>\n<tr>\n<td>\u0095 compatible: atx<\/td>\n<\/tr>\n<tr>\n<td>\u0095 incluida: no<\/td>\n<\/tr>\n<tr>\n<td>\u0095 ubicaci\u00f3n: inferior trasera<\/td>\n<\/tr>\n<tr>\n<td>Medidas max.<\/td>\n<\/tr>\n<tr>\n<td>\u0095 longitud de gpu: 280 mm<\/td>\n<\/tr>\n<tr>\n<td>\u0095 altura de disipador: 150 mm<\/td>\n<\/tr>\n<tr>\n<td>Enfriamiento l\u00edquido<\/td>\n<\/tr>\n<tr>\n<td>\u0095 arriba: 360 mm<\/td>\n<\/tr>\n<tr>\n<td>\u0095 atras: 120 mm<\/td>\n<\/tr>\n<tr>\n<td>Soporte ventilador<\/td>\n<\/tr>\n<tr>\n<td>\u0095 trasero: 1 x 120 mm argb (incluidos)<\/td>\n<\/tr>\n<tr>\n<td>\u0095 lateral: 3 x 120 mm argb (incluidos)<\/td>\n<\/tr>\n<tr>\n<td>\u0095 superior: 3 x 120 mm \/ 2x 140 mm (no incluidos)<\/td>\n<\/tr>\n<tr>\n<td>\u0095 inferior: 3 x 120 mm (no incluidos)<\/td>\n<\/tr>\n<tr>\n<td>Filtro de polvo<\/td>\n<\/tr>\n<tr>\n<td>\u0095 superior: si<\/td>\n<\/tr>\n<tr>\n<td>\u0095 inferior: si<\/td>\n<\/tr>\n<tr>\n<td>Ranuras<\/td>\n<\/tr>\n<tr>\n<td>\u0095 pci: 7<\/td>\n<\/tr>\n<tr>\n<td>Bahias<\/td>\n<\/tr>\n<tr>\n<td>\u0095 3.5\u0094 hdd: 2<\/td>\n<\/tr>\n<tr>\n<td>\u0095 2.5 sdd: 2<\/td>\n<\/tr>\n<tr>\n<td>E\/s panel<\/td>\n<\/tr>\n<tr>\n<td>\u0095 puertos usb: 1 x usb 2.0 2 x usb 3.0<\/td>\n<\/tr>\n<tr>\n<td>\u0095 puertos de audio: 1 x audio 3.5 mm hd + 1 x microfono<\/td>\n<\/tr>\n<tr>\n<td>\u0095 lector de tarjetas: n\/a<\/td>\n<\/tr>\n<tr>\n<td>Iluminacion<\/td>\n<\/tr>\n<tr>\n<td>\u0095 tipo: n\/a<\/td>\n<\/tr>\n<tr>\n<td>Materiales<\/td>\n<\/tr>\n<tr>\n<td>\u0095 estructura: spcc 0.6+0.7 mm<\/td>\n<\/tr>\n<tr>\n<td>\u0095 panel izquierdo: cristal templado<\/td>\n<\/tr>\n<tr>\n<td>\u0095 panel derecho: malla metalica<\/td>\n<\/tr>\n<tr>\n<td>\u0095 panel frontal: cristal templado + metal<\/td>\n<\/tr>\n<tr>\n<td>Color: negro<\/td>\n<\/tr>\n<\/table>\n","protected":false},"excerpt":{"rendered":"<p>Gabinete balam rush tank pro gm930\/ mini torre \/ micro atx, mini-itx \/ panel cristal templado\/ malla metalica\/ metal\/ negro\/ br-935944<\/p>\n","protected":false},"featured_media":216411,"comment_status":"open","ping_status":"open","template":"","meta":[],"product_cat":[1674,1945],"product_tag":[2097],"acf":[],"yoast_head":"<!-- This site is optimized with the Yoast SEO plugin v21.7 - https:\/\/yoast.com\/wordpress\/plugins\/seo\/ -->\n<title>[ Balam Rush ] &#129351; Br-935944 Gabinete Gamer Tank Pro Gm930 \/ Atx - Mini Torre \/ Micro Atx - Mini Itx \/ Panel Cristal Templado Removible \/ Ventilador Rgb \/ Malla Metalica \/ 2 X Ssd - 2 X Hdd \/ Negro \/<\/title>\n<meta name=\"description\" content=\"Compra Br-935944 Gabinete Gamer Tank Pro Gm930 \/ Atx - Mini Torre \/ Micro Atx - Mini Itx \/ Panel Cristal Templado Removible \/ Ventilador Rgb \/ Malla Metalica \/ 2 X Ssd - 2 X Hdd \/ Negro \/ + Env\u00edo a domicilio + Pago seguro + Garant\u00eda\" \/>\n<meta name=\"robots\" content=\"index, follow, max-snippet:-1, max-image-preview:large, max-video-preview:-1\" \/>\n<link rel=\"canonical\" href=\"https:\/\/compuviper.mx\/tienda\/producto\/balam-rush-br-935944-gabinete-gamer-tank-pro-gm930-atx-mini-torre-micro-atx-mini-itx-panel-cristal-templado-removible-ventilador-rgb-malla-metalica-2-x-ssd-2-x-hdd-negro\/\" \/>\n<meta property=\"og:locale\" content=\"es_MX\" \/>\n<meta property=\"og:type\" content=\"article\" \/>\n<meta property=\"og:title\" content=\"[ Balam Rush ] &#129351; Br-935944 Gabinete Gamer Tank Pro Gm930 \/ Atx - Mini Torre \/ Micro Atx - Mini Itx \/ Panel Cristal Templado Removible \/ Ventilador Rgb \/ Malla Metalica \/ 2 X Ssd - 2 X Hdd \/ Negro \/\" \/>\n<meta property=\"og:description\" content=\"Compra Br-935944 Gabinete Gamer Tank Pro Gm930 \/ Atx - Mini Torre \/ Micro Atx - Mini Itx \/ Panel Cristal Templado Removible \/ Ventilador Rgb \/ Malla Metalica \/ 2 X Ssd - 2 X Hdd \/ Negro \/ + Env\u00edo a domicilio + Pago seguro + Garant\u00eda\" \/>\n<meta property=\"og:url\" content=\"https:\/\/compuviper.mx\/tienda\/producto\/balam-rush-br-935944-gabinete-gamer-tank-pro-gm930-atx-mini-torre-micro-atx-mini-itx-panel-cristal-templado-removible-ventilador-rgb-malla-metalica-2-x-ssd-2-x-hdd-negro\/\" \/>\n<meta property=\"og:site_name\" content=\"Compuviper\" \/>\n<meta property=\"article:publisher\" content=\"https:\/\/www.facebook.com\/compuviper\" \/>\n<meta property=\"og:image\" content=\"https:\/\/compuviper.mx\/tienda\/wp-content\/uploads\/2023\/12\/Gabinete-balam-rush-tank-pro-gm930-mini-torre-micro-atx-mini-itx-panel-cristal-templado-malla-metalica-metal-negro-br-935944.jpg\" \/>\n\t<meta property=\"og:image:width\" content=\"200\" \/>\n\t<meta property=\"og:image:height\" content=\"200\" \/>\n\t<meta property=\"og:image:type\" content=\"image\/jpeg\" \/>\n<meta name=\"twitter:card\" content=\"summary_large_image\" \/>\n<meta name=\"twitter:label1\" content=\"Precio\" \/>\n\t<meta name=\"twitter:data1\" content=\"&#36;1,216 con IVA\" \/>\n\t<meta name=\"twitter:label2\" content=\"Availability\" \/>\n\t<meta name=\"twitter:data2\" content=\"In stock\" \/>\n<script type=\"application\/ld+json\" class=\"yoast-schema-graph\">{\"@context\":\"https:\/\/schema.org\",\"@graph\":[{\"@type\":\"WebPage\",\"@id\":\"https:\/\/compuviper.mx\/tienda\/producto\/balam-rush-br-935944-gabinete-gamer-tank-pro-gm930-atx-mini-torre-micro-atx-mini-itx-panel-cristal-templado-removible-ventilador-rgb-malla-metalica-2-x-ssd-2-x-hdd-negro\/\",\"url\":\"https:\/\/compuviper.mx\/tienda\/producto\/balam-rush-br-935944-gabinete-gamer-tank-pro-gm930-atx-mini-torre-micro-atx-mini-itx-panel-cristal-templado-removible-ventilador-rgb-malla-metalica-2-x-ssd-2-x-hdd-negro\/\",\"name\":\"[ Balam Rush ] &#129351; Br-935944 Gabinete Gamer Tank Pro Gm930 \/ Atx - Mini Torre \/ Micro Atx - Mini Itx \/ Panel Cristal Templado Removible \/ Ventilador Rgb \/ Malla Metalica \/ 2 X Ssd - 2 X Hdd \/ Negro \/\",\"isPartOf\":{\"@id\":\"https:\/\/compuviper.mx\/tienda\/#website\"},\"datePublished\":\"2026-04-21T06:14:07+00:00\",\"dateModified\":\"2026-04-21T06:14:07+00:00\",\"description\":\"Compra Br-935944 Gabinete Gamer Tank Pro Gm930 \/ Atx - Mini Torre \/ Micro Atx - Mini Itx \/ Panel Cristal Templado Removible \/ Ventilador Rgb \/ Malla Metalica \/ 2 X Ssd - 2 X Hdd \/ Negro \/ + Env\u00edo a domicilio + Pago seguro + Garant\u00eda\",\"breadcrumb\":{\"@id\":\"https:\/\/compuviper.mx\/tienda\/producto\/balam-rush-br-935944-gabinete-gamer-tank-pro-gm930-atx-mini-torre-micro-atx-mini-itx-panel-cristal-templado-removible-ventilador-rgb-malla-metalica-2-x-ssd-2-x-hdd-negro\/#breadcrumb\"},\"inLanguage\":\"es-MX\",\"potentialAction\":[{\"@type\":\"ReadAction\",\"target\":[\"https:\/\/compuviper.mx\/tienda\/producto\/balam-rush-br-935944-gabinete-gamer-tank-pro-gm930-atx-mini-torre-micro-atx-mini-itx-panel-cristal-templado-removible-ventilador-rgb-malla-metalica-2-x-ssd-2-x-hdd-negro\/\"]}]},{\"@type\":\"BreadcrumbList\",\"@id\":\"https:\/\/compuviper.mx\/tienda\/producto\/balam-rush-br-935944-gabinete-gamer-tank-pro-gm930-atx-mini-torre-micro-atx-mini-itx-panel-cristal-templado-removible-ventilador-rgb-malla-metalica-2-x-ssd-2-x-hdd-negro\/#breadcrumb\",\"itemListElement\":[{\"@type\":\"ListItem\",\"position\":1,\"name\":\"Inicio\",\"item\":\"https:\/\/compuviper.mx\/tienda\/\"},{\"@type\":\"ListItem\",\"position\":2,\"name\":\"Productos\",\"item\":\"https:\/\/compuviper.mx\/tienda\/productos\/\"},{\"@type\":\"ListItem\",\"position\":3,\"name\":\"Gabinetes\",\"item\":\"https:\/\/compuviper.mx\/tienda\/categoria-producto\/gabinetes\/\"},{\"@type\":\"ListItem\",\"position\":4,\"name\":\"Mini Torre\",\"item\":\"https:\/\/compuviper.mx\/tienda\/categoria-producto\/gabinetes\/mini-torre\/\"},{\"@type\":\"ListItem\",\"position\":5,\"name\":\"Balam Rush Br-935944 Gabinete Gamer Tank Pro Gm930 \/ Atx &#8211; Mini Torre \/ Micro Atx &#8211; Mini Itx \/ Panel Cristal Templado Removible \/ Ventilador Rgb \/ Malla Metalica \/ 2 X Ssd &#8211; 2 X Hdd \/ Negro \/\"}]},{\"@type\":\"WebSite\",\"@id\":\"https:\/\/compuviper.mx\/tienda\/#website\",\"url\":\"https:\/\/compuviper.mx\/tienda\/\",\"name\":\"Compuviper\",\"description\":\"Proveedor de Computadoras, Laptops, Servidores, Monitores, Puntos de Venta, Teclados,   Impresoras, T\u00f3ner, C\u00e1maras de Seguridad y m\u00e1s en tu tienda en l\u00ednea\",\"publisher\":{\"@id\":\"https:\/\/compuviper.mx\/tienda\/#organization\"},\"potentialAction\":[{\"@type\":\"SearchAction\",\"target\":{\"@type\":\"EntryPoint\",\"urlTemplate\":\"https:\/\/compuviper.mx\/tienda\/?s={search_term_string}\"},\"query-input\":\"required name=search_term_string\"}],\"inLanguage\":\"es-MX\"},{\"@type\":\"Organization\",\"@id\":\"https:\/\/compuviper.mx\/tienda\/#organization\",\"name\":\"Compuviper\",\"url\":\"https:\/\/compuviper.mx\/tienda\/\",\"logo\":{\"@type\":\"ImageObject\",\"inLanguage\":\"es-MX\",\"@id\":\"https:\/\/compuviper.mx\/tienda\/#\/schema\/logo\/image\/\",\"url\":\"https:\/\/compuviper.mx\/tienda\/wp-content\/uploads\/2021\/08\/Logo-Compuviper-10.png\",\"contentUrl\":\"https:\/\/compuviper.mx\/tienda\/wp-content\/uploads\/2021\/08\/Logo-Compuviper-10.png\",\"width\":1000,\"height\":500,\"caption\":\"Compuviper\"},\"image\":{\"@id\":\"https:\/\/compuviper.mx\/tienda\/#\/schema\/logo\/image\/\"},\"sameAs\":[\"https:\/\/www.facebook.com\/compuviper\",\"https:\/\/www.youtube.com\/channel\/UCf73dERp9Y3cfOq7q8BhLjA?view_as=subscriber\"]}]}<\/script>\n<meta property=\"product:brand\" content=\"Balam Rush\" \/>\n<meta property=\"product:price:amount\" content=\"1216\" \/>\n<meta property=\"product:price:currency\" content=\"MXN\" \/>\n<meta property=\"og:availability\" content=\"instock\" \/>\n<meta property=\"product:availability\" content=\"instock\" \/>\n<meta property=\"product:retailer_item_id\" content=\"BR-935944\" \/>\n<meta property=\"product:condition\" content=\"new\" \/>\n<!-- \/ Yoast SEO plugin. -->","yoast_head_json":{"title":"[ Balam Rush ] &#129351; Br-935944 Gabinete Gamer Tank Pro Gm930 \/ Atx - Mini Torre \/ Micro Atx - Mini Itx \/ Panel Cristal Templado Removible \/ Ventilador Rgb \/ Malla Metalica \/ 2 X Ssd - 2 X Hdd \/ Negro \/","description":"Compra Br-935944 Gabinete Gamer Tank Pro Gm930 \/ Atx - Mini Torre \/ Micro Atx - Mini Itx \/ Panel Cristal Templado Removible \/ Ventilador Rgb \/ Malla Metalica \/ 2 X Ssd - 2 X Hdd \/ Negro \/ + Env\u00edo a domicilio + Pago seguro + Garant\u00eda","robots":{"index":"index","follow":"follow","max-snippet":"max-snippet:-1","max-image-preview":"max-image-preview:large","max-video-preview":"max-video-preview:-1"},"canonical":"https:\/\/compuviper.mx\/tienda\/producto\/balam-rush-br-935944-gabinete-gamer-tank-pro-gm930-atx-mini-torre-micro-atx-mini-itx-panel-cristal-templado-removible-ventilador-rgb-malla-metalica-2-x-ssd-2-x-hdd-negro\/","og_locale":"es_MX","og_type":"article","og_title":"[ Balam Rush ] &#129351; Br-935944 Gabinete Gamer Tank Pro Gm930 \/ Atx - Mini Torre \/ Micro Atx - Mini Itx \/ Panel Cristal Templado Removible \/ Ventilador Rgb \/ Malla Metalica \/ 2 X Ssd - 2 X Hdd \/ Negro \/","og_description":"Compra Br-935944 Gabinete Gamer Tank Pro Gm930 \/ Atx - Mini Torre \/ Micro Atx - Mini Itx \/ Panel Cristal Templado Removible \/ Ventilador Rgb \/ Malla Metalica \/ 2 X Ssd - 2 X Hdd \/ Negro \/ + Env\u00edo a domicilio + Pago seguro + Garant\u00eda","og_url":"https:\/\/compuviper.mx\/tienda\/producto\/balam-rush-br-935944-gabinete-gamer-tank-pro-gm930-atx-mini-torre-micro-atx-mini-itx-panel-cristal-templado-removible-ventilador-rgb-malla-metalica-2-x-ssd-2-x-hdd-negro\/","og_site_name":"Compuviper","article_publisher":"https:\/\/www.facebook.com\/compuviper","og_image":[{"width":200,"height":200,"url":"https:\/\/compuviper.mx\/tienda\/wp-content\/uploads\/2023\/12\/Gabinete-balam-rush-tank-pro-gm930-mini-torre-micro-atx-mini-itx-panel-cristal-templado-malla-metalica-metal-negro-br-935944.jpg","type":"image\/jpeg"}],"twitter_card":"summary_large_image","twitter_misc":{"Precio":"&#36;1,216 con IVA","Availability":"In stock"},"schema":{"@context":"https:\/\/schema.org","@graph":[{"@type":"WebPage","@id":"https:\/\/compuviper.mx\/tienda\/producto\/balam-rush-br-935944-gabinete-gamer-tank-pro-gm930-atx-mini-torre-micro-atx-mini-itx-panel-cristal-templado-removible-ventilador-rgb-malla-metalica-2-x-ssd-2-x-hdd-negro\/","url":"https:\/\/compuviper.mx\/tienda\/producto\/balam-rush-br-935944-gabinete-gamer-tank-pro-gm930-atx-mini-torre-micro-atx-mini-itx-panel-cristal-templado-removible-ventilador-rgb-malla-metalica-2-x-ssd-2-x-hdd-negro\/","name":"[ Balam Rush ] &#129351; Br-935944 Gabinete Gamer Tank Pro Gm930 \/ Atx - Mini Torre \/ Micro Atx - Mini Itx \/ Panel Cristal Templado Removible \/ Ventilador Rgb \/ Malla Metalica \/ 2 X Ssd - 2 X Hdd \/ Negro \/","isPartOf":{"@id":"https:\/\/compuviper.mx\/tienda\/#website"},"datePublished":"2026-04-21T06:14:07+00:00","dateModified":"2026-04-21T06:14:07+00:00","description":"Compra Br-935944 Gabinete Gamer Tank Pro Gm930 \/ Atx - Mini Torre \/ Micro Atx - Mini Itx \/ Panel Cristal Templado Removible \/ Ventilador Rgb \/ Malla Metalica \/ 2 X Ssd - 2 X Hdd \/ Negro \/ + Env\u00edo a domicilio + Pago seguro + Garant\u00eda","breadcrumb":{"@id":"https:\/\/compuviper.mx\/tienda\/producto\/balam-rush-br-935944-gabinete-gamer-tank-pro-gm930-atx-mini-torre-micro-atx-mini-itx-panel-cristal-templado-removible-ventilador-rgb-malla-metalica-2-x-ssd-2-x-hdd-negro\/#breadcrumb"},"inLanguage":"es-MX","potentialAction":[{"@type":"ReadAction","target":["https:\/\/compuviper.mx\/tienda\/producto\/balam-rush-br-935944-gabinete-gamer-tank-pro-gm930-atx-mini-torre-micro-atx-mini-itx-panel-cristal-templado-removible-ventilador-rgb-malla-metalica-2-x-ssd-2-x-hdd-negro\/"]}]},{"@type":"BreadcrumbList","@id":"https:\/\/compuviper.mx\/tienda\/producto\/balam-rush-br-935944-gabinete-gamer-tank-pro-gm930-atx-mini-torre-micro-atx-mini-itx-panel-cristal-templado-removible-ventilador-rgb-malla-metalica-2-x-ssd-2-x-hdd-negro\/#breadcrumb","itemListElement":[{"@type":"ListItem","position":1,"name":"Inicio","item":"https:\/\/compuviper.mx\/tienda\/"},{"@type":"ListItem","position":2,"name":"Productos","item":"https:\/\/compuviper.mx\/tienda\/productos\/"},{"@type":"ListItem","position":3,"name":"Gabinetes","item":"https:\/\/compuviper.mx\/tienda\/categoria-producto\/gabinetes\/"},{"@type":"ListItem","position":4,"name":"Mini Torre","item":"https:\/\/compuviper.mx\/tienda\/categoria-producto\/gabinetes\/mini-torre\/"},{"@type":"ListItem","position":5,"name":"Balam Rush Br-935944 Gabinete Gamer Tank Pro Gm930 \/ Atx &#8211; Mini Torre \/ Micro Atx &#8211; Mini Itx \/ Panel Cristal Templado Removible \/ Ventilador Rgb \/ Malla Metalica \/ 2 X Ssd &#8211; 2 X Hdd \/ Negro \/"}]},{"@type":"WebSite","@id":"https:\/\/compuviper.mx\/tienda\/#website","url":"https:\/\/compuviper.mx\/tienda\/","name":"Compuviper","description":"Proveedor de Computadoras, Laptops, Servidores, Monitores, Puntos de Venta, Teclados,   Impresoras, T\u00f3ner, C\u00e1maras de Seguridad y m\u00e1s en tu tienda en l\u00ednea","publisher":{"@id":"https:\/\/compuviper.mx\/tienda\/#organization"},"potentialAction":[{"@type":"SearchAction","target":{"@type":"EntryPoint","urlTemplate":"https:\/\/compuviper.mx\/tienda\/?s={search_term_string}"},"query-input":"required name=search_term_string"}],"inLanguage":"es-MX"},{"@type":"Organization","@id":"https:\/\/compuviper.mx\/tienda\/#organization","name":"Compuviper","url":"https:\/\/compuviper.mx\/tienda\/","logo":{"@type":"ImageObject","inLanguage":"es-MX","@id":"https:\/\/compuviper.mx\/tienda\/#\/schema\/logo\/image\/","url":"https:\/\/compuviper.mx\/tienda\/wp-content\/uploads\/2021\/08\/Logo-Compuviper-10.png","contentUrl":"https:\/\/compuviper.mx\/tienda\/wp-content\/uploads\/2021\/08\/Logo-Compuviper-10.png","width":1000,"height":500,"caption":"Compuviper"},"image":{"@id":"https:\/\/compuviper.mx\/tienda\/#\/schema\/logo\/image\/"},"sameAs":["https:\/\/www.facebook.com\/compuviper","https:\/\/www.youtube.com\/channel\/UCf73dERp9Y3cfOq7q8BhLjA?view_as=subscriber"]}]},"product_brand":"Balam Rush","product_price_amount":"1216","product_price_currency":"MXN","og_availability":"instock","product_availability":"instock","product_retailer_item_id":"BR-935944","product_condition":"new"},"_links":{"self":[{"href":"https:\/\/compuviper.mx\/tienda\/wp-json\/wp\/v2\/product\/216410"}],"collection":[{"href":"https:\/\/compuviper.mx\/tienda\/wp-json\/wp\/v2\/product"}],"about":[{"href":"https:\/\/compuviper.mx\/tienda\/wp-json\/wp\/v2\/types\/product"}],"replies":[{"embeddable":true,"href":"https:\/\/compuviper.mx\/tienda\/wp-json\/wp\/v2\/comments?post=216410"}],"wp:featuredmedia":[{"embeddable":true,"href":"https:\/\/compuviper.mx\/tienda\/wp-json\/wp\/v2\/media\/216411"}],"wp:attachment":[{"href":"https:\/\/compuviper.mx\/tienda\/wp-json\/wp\/v2\/media?parent=216410"}],"wp:term":[{"taxonomy":"product_cat","embeddable":true,"href":"https:\/\/compuviper.mx\/tienda\/wp-json\/wp\/v2\/product_cat?post=216410"},{"taxonomy":"product_tag","embeddable":true,"href":"https:\/\/compuviper.mx\/tienda\/wp-json\/wp\/v2\/product_tag?post=216410"}],"curies":[{"name":"wp","href":"https:\/\/api.w.org\/{rel}","templated":true}]}}