{"id":216368,"date":"2026-04-11T00:12:26","date_gmt":"2026-04-11T06:12:26","guid":{"rendered":"https:\/\/compuviper.mx\/tienda\/producto\/acteck-ac-935753-gabinete-fusion-ii-gi440-micro-torre-micro-atx-mini-itx-fuente-500w-iluminacion-rgb-panel-acrilico-metal-negro\/"},"modified":"2026-04-11T00:12:26","modified_gmt":"2026-04-11T06:12:26","slug":"acteck-ac-9357537506215935753-gabinete-fusion-ii-gi440-micro-torre-micro-atx-mini-itx-fuente-500w-iluminacion-rgb-panel-acrilico-metal-negro-ac-935753","status":"publish","type":"product","link":"https:\/\/compuviper.mx\/tienda\/producto\/acteck-ac-9357537506215935753-gabinete-fusion-ii-gi440-micro-torre-micro-atx-mini-itx-fuente-500w-iluminacion-rgb-panel-acrilico-metal-negro-ac-935753\/","title":{"rendered":"Acteck Ac-935753,7506215935753 Gabinete  Fusion Ii Gi440 \/ Micro Torre \/ Micro Atx, Mini Itx \/ Fuente 500w \/ Iluminacion Rgb \/ Panel Acrilico, Metal \/ Negro \/ Ac-935753"},"content":{"rendered":"<table class=\"descripcion\">\n<tr>\n<td>Producto: gabinete micro atx<\/td>\n<\/tr>\n<tr>\n<td>Modelo: ac-935753<\/td>\n<\/tr>\n<tr>\n<td>Factor de forma: micro atx<\/td>\n<\/tr>\n<tr>\n<td>Tarjetas madres: micro atx, mini itx<\/td>\n<\/tr>\n<tr>\n<td>Fuente de poder<\/td>\n<\/tr>\n<tr>\n<td>\u0095compatible: atx ps \/ 2<\/td>\n<\/tr>\n<tr>\n<td>\u0095incluida: 500w<\/td>\n<\/tr>\n<tr>\n<td>\u0095ubicacion: superior trasera<\/td>\n<\/tr>\n<tr>\n<td>Medidas max.:<\/td>\n<\/tr>\n<tr>\n<td>\u0095altura de disipador: 150 mm<\/td>\n<\/tr>\n<tr>\n<td>\u0095longitud de gpu: 280 mm<\/td>\n<\/tr>\n<tr>\n<td>Soporte para ventiladores<\/td>\n<\/tr>\n<tr>\n<td>\u0095superior: 2120 mm no incluidos<\/td>\n<\/tr>\n<tr>\n<td>Ranuras<\/td>\n<\/tr>\n<tr>\n<td>\u0095pci: 4<\/td>\n<\/tr>\n<tr>\n<td>Bahas<\/td>\n<\/tr>\n<tr>\n<td>\u00955.25\u0094 odd: 0<\/td>\n<\/tr>\n<tr>\n<td>\u00953.5\u0094 hdd: 1<\/td>\n<\/tr>\n<tr>\n<td>\u00952.5\u0094 ssd: 1<\/td>\n<\/tr>\n<tr>\n<td>Panel e\/s<\/td>\n<\/tr>\n<tr>\n<td>\u0095puertos usb: 1  usb 2.0 y 1  usb 3.0<\/td>\n<\/tr>\n<tr>\n<td>\u0095puertos de audio: 1  dual 3.5 mm audio  micrfono<\/td>\n<\/tr>\n<tr>\n<td>Materiales<\/td>\n<\/tr>\n<tr>\n<td>\u0095estructura: spcc 0.4 mm<\/td>\n<\/tr>\n<tr>\n<td>\u0095panel izquierdo: acrilico<\/td>\n<\/tr>\n<tr>\n<td>\u0095panel derecho: metal<\/td>\n<\/tr>\n<tr>\n<td>\u0095panel frontal: plastico<\/td>\n<\/tr>\n<tr>\n<td>Color: negro<\/td>\n<\/tr>\n<tr>\n<td>Especificaciones fuente de poder<\/td>\n<\/tr>\n<tr>\n<td>Producto: fuente de poder atx<\/td>\n<\/tr>\n<tr>\n<td>Clasificacin modular: es-05001_1<\/td>\n<\/tr>\n<tr>\n<td>Potencia: 500 w<\/td>\n<\/tr>\n<tr>\n<td>Conectores<\/td>\n<\/tr>\n<tr>\n<td>\u0095atx 20  4 pin: 1<\/td>\n<\/tr>\n<tr>\n<td>\u0095eps 12 v 44 pin: 0<\/td>\n<\/tr>\n<tr>\n<td>\u0095atx 12v 4 pin: 1<\/td>\n<\/tr>\n<tr>\n<td>\u0095pcie 62 pin: 0<\/td>\n<\/tr>\n<tr>\n<td>\u0095sata: 2<\/td>\n<\/tr>\n<tr>\n<td>\u0095molex 4 pin: 2<\/td>\n<\/tr>\n<tr>\n<td>\u0095floppy 4 pin: 1<\/td>\n<\/tr>\n<tr>\n<td>Entrada<\/td>\n<\/tr>\n<tr>\n<td>Alimentacion: 115 &#8211; 230 vc.a. 60 &#8211; 50 hz 6 &#8211; 3 a<\/td>\n<\/tr>\n<tr>\n<td>Salida<\/td>\n<\/tr>\n<tr>\n<td>\u0095cable rojo:  5 v, 30a<\/td>\n<\/tr>\n<tr>\n<td>\u0095cable naranja:  3.3 v, 12 a<\/td>\n<\/tr>\n<tr>\n<td>\u0095cable amarillo:  12 v, 25 a<\/td>\n<\/tr>\n<tr>\n<td>\u0095cable azul: &#8211; 12 v, 0.8 a<\/td>\n<\/tr>\n<tr>\n<td>\u0095cable morado:  5 vsb, 2 a<\/td>\n<\/tr>\n<tr>\n<td>Ventilador: 80 mm<\/td>\n<\/tr>\n<tr>\n<td>Materiales: metal<\/td>\n<\/tr>\n<tr>\n<td>Color: negro<\/td>\n<\/tr>\n<\/table>\n","protected":false},"excerpt":{"rendered":"<p>Gabinete acteck fusion ii \/ micro atx, mini itx \/ fuente de poder 500w \/ metal \/ negro \/ ac-935753<\/p>\n","protected":false},"featured_media":216369,"comment_status":"open","ping_status":"open","template":"","meta":[],"product_cat":[1674,1945],"product_tag":[1582],"acf":[],"yoast_head":"<!-- This site is optimized with the Yoast SEO plugin v21.7 - https:\/\/yoast.com\/wordpress\/plugins\/seo\/ -->\n<title>[ Acteck ] &#129351; Ac-935753,7506215935753 Gabinete Fusion Ii Gi440 \/ Micro Torre \/ Micro Atx, Mini Itx \/ Fuente 500w \/ Iluminacion Rgb \/ Panel Acrilico, Metal \/ Negro \/ Ac-935753<\/title>\n<meta name=\"description\" content=\"Compra Ac-935753,7506215935753 Gabinete Fusion Ii Gi440 \/ Micro Torre \/ Micro Atx, Mini Itx \/ Fuente 500w \/ Iluminacion Rgb \/ Panel Acrilico, Metal \/ Negro \/ Ac-935753 + Env\u00edo a domicilio + Pago seguro + Garant\u00eda\" \/>\n<meta name=\"robots\" content=\"index, follow, max-snippet:-1, max-image-preview:large, max-video-preview:-1\" \/>\n<link rel=\"canonical\" href=\"https:\/\/compuviper.mx\/tienda\/producto\/acteck-ac-9357537506215935753-gabinete-fusion-ii-gi440-micro-torre-micro-atx-mini-itx-fuente-500w-iluminacion-rgb-panel-acrilico-metal-negro-ac-935753\/\" \/>\n<meta property=\"og:locale\" content=\"es_MX\" \/>\n<meta property=\"og:type\" content=\"article\" \/>\n<meta property=\"og:title\" content=\"[ Acteck ] &#129351; Ac-935753,7506215935753 Gabinete Fusion Ii Gi440 \/ Micro Torre \/ Micro Atx, Mini Itx \/ Fuente 500w \/ Iluminacion Rgb \/ Panel Acrilico, Metal \/ Negro \/ Ac-935753\" \/>\n<meta property=\"og:description\" content=\"Compra Ac-935753,7506215935753 Gabinete Fusion Ii Gi440 \/ Micro Torre \/ Micro Atx, Mini Itx \/ Fuente 500w \/ Iluminacion Rgb \/ Panel Acrilico, Metal \/ Negro \/ Ac-935753 + Env\u00edo a domicilio + Pago seguro + Garant\u00eda\" \/>\n<meta property=\"og:url\" content=\"https:\/\/compuviper.mx\/tienda\/producto\/acteck-ac-9357537506215935753-gabinete-fusion-ii-gi440-micro-torre-micro-atx-mini-itx-fuente-500w-iluminacion-rgb-panel-acrilico-metal-negro-ac-935753\/\" \/>\n<meta property=\"og:site_name\" content=\"Compuviper\" \/>\n<meta property=\"article:publisher\" content=\"https:\/\/www.facebook.com\/compuviper\" \/>\n<meta property=\"og:image\" content=\"https:\/\/compuviper.mx\/tienda\/wp-content\/uploads\/2023\/12\/Gabinete-acteck-fusion-ii-gi440-micro-torre-micro-atx-mini-itx-fuente-500w-iluminacion-rgb-panel-acrilico-metal-negro-ac-935753.jpg\" \/>\n\t<meta property=\"og:image:width\" content=\"200\" \/>\n\t<meta property=\"og:image:height\" content=\"200\" \/>\n\t<meta property=\"og:image:type\" content=\"image\/jpeg\" \/>\n<meta name=\"twitter:card\" content=\"summary_large_image\" \/>\n<meta name=\"twitter:label1\" content=\"Precio\" \/>\n\t<meta name=\"twitter:data1\" content=\"&#36;619 con IVA\" \/>\n\t<meta name=\"twitter:label2\" content=\"Availability\" \/>\n\t<meta name=\"twitter:data2\" content=\"In stock\" \/>\n<script type=\"application\/ld+json\" class=\"yoast-schema-graph\">{\"@context\":\"https:\/\/schema.org\",\"@graph\":[{\"@type\":\"WebPage\",\"@id\":\"https:\/\/compuviper.mx\/tienda\/producto\/acteck-ac-9357537506215935753-gabinete-fusion-ii-gi440-micro-torre-micro-atx-mini-itx-fuente-500w-iluminacion-rgb-panel-acrilico-metal-negro-ac-935753\/\",\"url\":\"https:\/\/compuviper.mx\/tienda\/producto\/acteck-ac-9357537506215935753-gabinete-fusion-ii-gi440-micro-torre-micro-atx-mini-itx-fuente-500w-iluminacion-rgb-panel-acrilico-metal-negro-ac-935753\/\",\"name\":\"[ Acteck ] &#129351; Ac-935753,7506215935753 Gabinete Fusion Ii Gi440 \/ Micro Torre \/ Micro Atx, Mini Itx \/ Fuente 500w \/ Iluminacion Rgb \/ Panel Acrilico, Metal \/ Negro \/ Ac-935753\",\"isPartOf\":{\"@id\":\"https:\/\/compuviper.mx\/tienda\/#website\"},\"datePublished\":\"2026-04-11T06:12:26+00:00\",\"dateModified\":\"2026-04-11T06:12:26+00:00\",\"description\":\"Compra Ac-935753,7506215935753 Gabinete Fusion Ii Gi440 \/ Micro Torre \/ Micro Atx, Mini Itx \/ Fuente 500w \/ Iluminacion Rgb \/ Panel Acrilico, Metal \/ Negro \/ Ac-935753 + Env\u00edo a domicilio + Pago seguro + Garant\u00eda\",\"breadcrumb\":{\"@id\":\"https:\/\/compuviper.mx\/tienda\/producto\/acteck-ac-9357537506215935753-gabinete-fusion-ii-gi440-micro-torre-micro-atx-mini-itx-fuente-500w-iluminacion-rgb-panel-acrilico-metal-negro-ac-935753\/#breadcrumb\"},\"inLanguage\":\"es-MX\",\"potentialAction\":[{\"@type\":\"ReadAction\",\"target\":[\"https:\/\/compuviper.mx\/tienda\/producto\/acteck-ac-9357537506215935753-gabinete-fusion-ii-gi440-micro-torre-micro-atx-mini-itx-fuente-500w-iluminacion-rgb-panel-acrilico-metal-negro-ac-935753\/\"]}]},{\"@type\":\"BreadcrumbList\",\"@id\":\"https:\/\/compuviper.mx\/tienda\/producto\/acteck-ac-9357537506215935753-gabinete-fusion-ii-gi440-micro-torre-micro-atx-mini-itx-fuente-500w-iluminacion-rgb-panel-acrilico-metal-negro-ac-935753\/#breadcrumb\",\"itemListElement\":[{\"@type\":\"ListItem\",\"position\":1,\"name\":\"Inicio\",\"item\":\"https:\/\/compuviper.mx\/tienda\/\"},{\"@type\":\"ListItem\",\"position\":2,\"name\":\"Productos\",\"item\":\"https:\/\/compuviper.mx\/tienda\/productos\/\"},{\"@type\":\"ListItem\",\"position\":3,\"name\":\"Gabinetes\",\"item\":\"https:\/\/compuviper.mx\/tienda\/categoria-producto\/gabinetes\/\"},{\"@type\":\"ListItem\",\"position\":4,\"name\":\"Mini Torre\",\"item\":\"https:\/\/compuviper.mx\/tienda\/categoria-producto\/gabinetes\/mini-torre\/\"},{\"@type\":\"ListItem\",\"position\":5,\"name\":\"Acteck Ac-935753,7506215935753 Gabinete Fusion Ii Gi440 \/ Micro Torre \/ Micro Atx, Mini Itx \/ Fuente 500w \/ Iluminacion Rgb \/ Panel Acrilico, Metal \/ Negro \/ Ac-935753\"}]},{\"@type\":\"WebSite\",\"@id\":\"https:\/\/compuviper.mx\/tienda\/#website\",\"url\":\"https:\/\/compuviper.mx\/tienda\/\",\"name\":\"Compuviper\",\"description\":\"Proveedor de Computadoras, Laptops, Servidores, Monitores, Puntos de Venta, Teclados,   Impresoras, T\u00f3ner, C\u00e1maras de Seguridad y m\u00e1s en tu tienda en l\u00ednea\",\"publisher\":{\"@id\":\"https:\/\/compuviper.mx\/tienda\/#organization\"},\"potentialAction\":[{\"@type\":\"SearchAction\",\"target\":{\"@type\":\"EntryPoint\",\"urlTemplate\":\"https:\/\/compuviper.mx\/tienda\/?s={search_term_string}\"},\"query-input\":\"required name=search_term_string\"}],\"inLanguage\":\"es-MX\"},{\"@type\":\"Organization\",\"@id\":\"https:\/\/compuviper.mx\/tienda\/#organization\",\"name\":\"Compuviper\",\"url\":\"https:\/\/compuviper.mx\/tienda\/\",\"logo\":{\"@type\":\"ImageObject\",\"inLanguage\":\"es-MX\",\"@id\":\"https:\/\/compuviper.mx\/tienda\/#\/schema\/logo\/image\/\",\"url\":\"https:\/\/compuviper.mx\/tienda\/wp-content\/uploads\/2021\/08\/Logo-Compuviper-10.png\",\"contentUrl\":\"https:\/\/compuviper.mx\/tienda\/wp-content\/uploads\/2021\/08\/Logo-Compuviper-10.png\",\"width\":1000,\"height\":500,\"caption\":\"Compuviper\"},\"image\":{\"@id\":\"https:\/\/compuviper.mx\/tienda\/#\/schema\/logo\/image\/\"},\"sameAs\":[\"https:\/\/www.facebook.com\/compuviper\",\"https:\/\/www.youtube.com\/channel\/UCf73dERp9Y3cfOq7q8BhLjA?view_as=subscriber\"]}]}<\/script>\n<meta property=\"product:brand\" content=\"ACTECK\" \/>\n<meta property=\"product:price:amount\" content=\"619\" \/>\n<meta property=\"product:price:currency\" content=\"MXN\" \/>\n<meta property=\"og:availability\" content=\"instock\" \/>\n<meta property=\"product:availability\" content=\"instock\" \/>\n<meta property=\"product:retailer_item_id\" content=\"AC-935753,7506215935753\" \/>\n<meta property=\"product:condition\" content=\"new\" \/>\n<!-- \/ Yoast SEO plugin. -->","yoast_head_json":{"title":"[ Acteck ] &#129351; Ac-935753,7506215935753 Gabinete Fusion Ii Gi440 \/ Micro Torre \/ Micro Atx, Mini Itx \/ Fuente 500w \/ Iluminacion Rgb \/ Panel Acrilico, Metal \/ Negro \/ Ac-935753","description":"Compra Ac-935753,7506215935753 Gabinete Fusion Ii Gi440 \/ Micro Torre \/ Micro Atx, Mini Itx \/ Fuente 500w \/ Iluminacion Rgb \/ Panel Acrilico, Metal \/ Negro \/ Ac-935753 + Env\u00edo a domicilio + Pago seguro + Garant\u00eda","robots":{"index":"index","follow":"follow","max-snippet":"max-snippet:-1","max-image-preview":"max-image-preview:large","max-video-preview":"max-video-preview:-1"},"canonical":"https:\/\/compuviper.mx\/tienda\/producto\/acteck-ac-9357537506215935753-gabinete-fusion-ii-gi440-micro-torre-micro-atx-mini-itx-fuente-500w-iluminacion-rgb-panel-acrilico-metal-negro-ac-935753\/","og_locale":"es_MX","og_type":"article","og_title":"[ Acteck ] &#129351; Ac-935753,7506215935753 Gabinete Fusion Ii Gi440 \/ Micro Torre \/ Micro Atx, Mini Itx \/ Fuente 500w \/ Iluminacion Rgb \/ Panel Acrilico, Metal \/ Negro \/ Ac-935753","og_description":"Compra Ac-935753,7506215935753 Gabinete Fusion Ii Gi440 \/ Micro Torre \/ Micro Atx, Mini Itx \/ Fuente 500w \/ Iluminacion Rgb \/ Panel Acrilico, Metal \/ Negro \/ Ac-935753 + Env\u00edo a domicilio + Pago seguro + Garant\u00eda","og_url":"https:\/\/compuviper.mx\/tienda\/producto\/acteck-ac-9357537506215935753-gabinete-fusion-ii-gi440-micro-torre-micro-atx-mini-itx-fuente-500w-iluminacion-rgb-panel-acrilico-metal-negro-ac-935753\/","og_site_name":"Compuviper","article_publisher":"https:\/\/www.facebook.com\/compuviper","og_image":[{"width":200,"height":200,"url":"https:\/\/compuviper.mx\/tienda\/wp-content\/uploads\/2023\/12\/Gabinete-acteck-fusion-ii-gi440-micro-torre-micro-atx-mini-itx-fuente-500w-iluminacion-rgb-panel-acrilico-metal-negro-ac-935753.jpg","type":"image\/jpeg"}],"twitter_card":"summary_large_image","twitter_misc":{"Precio":"&#36;619 con IVA","Availability":"In stock"},"schema":{"@context":"https:\/\/schema.org","@graph":[{"@type":"WebPage","@id":"https:\/\/compuviper.mx\/tienda\/producto\/acteck-ac-9357537506215935753-gabinete-fusion-ii-gi440-micro-torre-micro-atx-mini-itx-fuente-500w-iluminacion-rgb-panel-acrilico-metal-negro-ac-935753\/","url":"https:\/\/compuviper.mx\/tienda\/producto\/acteck-ac-9357537506215935753-gabinete-fusion-ii-gi440-micro-torre-micro-atx-mini-itx-fuente-500w-iluminacion-rgb-panel-acrilico-metal-negro-ac-935753\/","name":"[ Acteck ] &#129351; Ac-935753,7506215935753 Gabinete Fusion Ii Gi440 \/ Micro Torre \/ Micro Atx, Mini Itx \/ Fuente 500w \/ Iluminacion Rgb \/ Panel Acrilico, Metal \/ Negro \/ Ac-935753","isPartOf":{"@id":"https:\/\/compuviper.mx\/tienda\/#website"},"datePublished":"2026-04-11T06:12:26+00:00","dateModified":"2026-04-11T06:12:26+00:00","description":"Compra Ac-935753,7506215935753 Gabinete Fusion Ii Gi440 \/ Micro Torre \/ Micro Atx, Mini Itx \/ Fuente 500w \/ Iluminacion Rgb \/ Panel Acrilico, Metal \/ Negro \/ Ac-935753 + Env\u00edo a domicilio + Pago seguro + Garant\u00eda","breadcrumb":{"@id":"https:\/\/compuviper.mx\/tienda\/producto\/acteck-ac-9357537506215935753-gabinete-fusion-ii-gi440-micro-torre-micro-atx-mini-itx-fuente-500w-iluminacion-rgb-panel-acrilico-metal-negro-ac-935753\/#breadcrumb"},"inLanguage":"es-MX","potentialAction":[{"@type":"ReadAction","target":["https:\/\/compuviper.mx\/tienda\/producto\/acteck-ac-9357537506215935753-gabinete-fusion-ii-gi440-micro-torre-micro-atx-mini-itx-fuente-500w-iluminacion-rgb-panel-acrilico-metal-negro-ac-935753\/"]}]},{"@type":"BreadcrumbList","@id":"https:\/\/compuviper.mx\/tienda\/producto\/acteck-ac-9357537506215935753-gabinete-fusion-ii-gi440-micro-torre-micro-atx-mini-itx-fuente-500w-iluminacion-rgb-panel-acrilico-metal-negro-ac-935753\/#breadcrumb","itemListElement":[{"@type":"ListItem","position":1,"name":"Inicio","item":"https:\/\/compuviper.mx\/tienda\/"},{"@type":"ListItem","position":2,"name":"Productos","item":"https:\/\/compuviper.mx\/tienda\/productos\/"},{"@type":"ListItem","position":3,"name":"Gabinetes","item":"https:\/\/compuviper.mx\/tienda\/categoria-producto\/gabinetes\/"},{"@type":"ListItem","position":4,"name":"Mini Torre","item":"https:\/\/compuviper.mx\/tienda\/categoria-producto\/gabinetes\/mini-torre\/"},{"@type":"ListItem","position":5,"name":"Acteck Ac-935753,7506215935753 Gabinete Fusion Ii Gi440 \/ Micro Torre \/ Micro Atx, Mini Itx \/ Fuente 500w \/ Iluminacion Rgb \/ Panel Acrilico, Metal \/ Negro \/ Ac-935753"}]},{"@type":"WebSite","@id":"https:\/\/compuviper.mx\/tienda\/#website","url":"https:\/\/compuviper.mx\/tienda\/","name":"Compuviper","description":"Proveedor de Computadoras, Laptops, Servidores, Monitores, Puntos de Venta, Teclados,   Impresoras, T\u00f3ner, C\u00e1maras de Seguridad y m\u00e1s en tu tienda en l\u00ednea","publisher":{"@id":"https:\/\/compuviper.mx\/tienda\/#organization"},"potentialAction":[{"@type":"SearchAction","target":{"@type":"EntryPoint","urlTemplate":"https:\/\/compuviper.mx\/tienda\/?s={search_term_string}"},"query-input":"required name=search_term_string"}],"inLanguage":"es-MX"},{"@type":"Organization","@id":"https:\/\/compuviper.mx\/tienda\/#organization","name":"Compuviper","url":"https:\/\/compuviper.mx\/tienda\/","logo":{"@type":"ImageObject","inLanguage":"es-MX","@id":"https:\/\/compuviper.mx\/tienda\/#\/schema\/logo\/image\/","url":"https:\/\/compuviper.mx\/tienda\/wp-content\/uploads\/2021\/08\/Logo-Compuviper-10.png","contentUrl":"https:\/\/compuviper.mx\/tienda\/wp-content\/uploads\/2021\/08\/Logo-Compuviper-10.png","width":1000,"height":500,"caption":"Compuviper"},"image":{"@id":"https:\/\/compuviper.mx\/tienda\/#\/schema\/logo\/image\/"},"sameAs":["https:\/\/www.facebook.com\/compuviper","https:\/\/www.youtube.com\/channel\/UCf73dERp9Y3cfOq7q8BhLjA?view_as=subscriber"]}]},"product_brand":"ACTECK","product_price_amount":"619","product_price_currency":"MXN","og_availability":"instock","product_availability":"instock","product_retailer_item_id":"AC-935753,7506215935753","product_condition":"new"},"_links":{"self":[{"href":"https:\/\/compuviper.mx\/tienda\/wp-json\/wp\/v2\/product\/216368"}],"collection":[{"href":"https:\/\/compuviper.mx\/tienda\/wp-json\/wp\/v2\/product"}],"about":[{"href":"https:\/\/compuviper.mx\/tienda\/wp-json\/wp\/v2\/types\/product"}],"replies":[{"embeddable":true,"href":"https:\/\/compuviper.mx\/tienda\/wp-json\/wp\/v2\/comments?post=216368"}],"wp:featuredmedia":[{"embeddable":true,"href":"https:\/\/compuviper.mx\/tienda\/wp-json\/wp\/v2\/media\/216369"}],"wp:attachment":[{"href":"https:\/\/compuviper.mx\/tienda\/wp-json\/wp\/v2\/media?parent=216368"}],"wp:term":[{"taxonomy":"product_cat","embeddable":true,"href":"https:\/\/compuviper.mx\/tienda\/wp-json\/wp\/v2\/product_cat?post=216368"},{"taxonomy":"product_tag","embeddable":true,"href":"https:\/\/compuviper.mx\/tienda\/wp-json\/wp\/v2\/product_tag?post=216368"}],"curies":[{"name":"wp","href":"https:\/\/api.w.org\/{rel}","templated":true}]}}