{"id":216243,"date":"2026-04-09T00:10:10","date_gmt":"2026-04-09T06:10:10","guid":{"rendered":"https:\/\/compuviper.mx\/tienda\/producto\/acteck-gapc-301-gabinete-bern-micro-torre-slim-micro-atx-mini-itx-fuente-sfx-500w-metal-negro\/"},"modified":"2026-04-09T00:10:10","modified_gmt":"2026-04-09T06:10:10","slug":"acteck-gapc-3017506215902335-gabinete-bern-gs460-micro-torre-slim-micro-atx-mini-itx-fuente-sfx-500-w-full-metal-lector-de-tarjetas-tornillos-de-mano-3-aos-de-garantia-negro-gapc","status":"publish","type":"product","link":"https:\/\/compuviper.mx\/tienda\/producto\/acteck-gapc-3017506215902335-gabinete-bern-gs460-micro-torre-slim-micro-atx-mini-itx-fuente-sfx-500-w-full-metal-lector-de-tarjetas-tornillos-de-mano-3-aos-de-garantia-negro-gapc\/","title":{"rendered":"Acteck Gapc-301,7506215902335 Gabinete  Bern Gs460 \/ Micro Torre Slim \/ Micro Atx, Mini Itx \/ Fuente Sfx 500 W \/ Full Metal \/ Lector De Tarjetas \/ Tornillos De Mano \/ 3 A?os De Garantia \/ Negro \/ Gapc-301"},"content":{"rendered":"<table class=\"descripcion\">\n<tr>\n<td>Modelo gs460<\/td>\n<\/tr>\n<tr>\n<td>*bah\u00edas 1 x bah\u00eda externa de 5.25<\/td>\n<\/tr>\n<tr>\n<td>1 x bah\u00eda interna de 3.5<\/td>\n<\/tr>\n<tr>\n<td>*ranuras de expansi\u00f3n 4 (low profile)<\/td>\n<\/tr>\n<tr>\n<td>*ventiladores 1 x ventilador superior (80 mm)<\/td>\n<\/tr>\n<tr>\n<td>*puertos del panel frontal 2 x usb 2.0<\/td>\n<\/tr>\n<tr>\n<td>1 x entrada de audio para micr\u00f3fono (3.5 mm)<\/td>\n<\/tr>\n<tr>\n<td>1 x salida de audio para aud\u00edfonos (3.5 mm)<\/td>\n<\/tr>\n<tr>\n<td>1 x lector de tarjetas (sd\/mmc\/ms)<\/td>\n<\/tr>\n<tr>\n<td>*fuente de poder 500 watts<\/td>\n<\/tr>\n<tr>\n<td>*factor de forma micro-atx<\/td>\n<\/tr>\n<tr>\n<td>*peso 3.27 kilogramos<\/td>\n<\/tr>\n<\/table>\n","protected":false},"excerpt":{"rendered":"<p>Un equipo de c\u00f3mputo integral en el menor espacio es posible con el gabinete bern de acteck. Este gabinete es compatible con tarjetas mini atx, por lo que podr\u00e1s crear la computadora que m\u00e1s te convenga sin perder calidad en su funcionamiento. Su dise\u00f1o compacto y elegante, va de la mano con sus caracter\u00edsticas de funcionalidad. Tiene un lector de tarjetas de memoria que har\u00e1 m\u00e1s sencilla la transferencia de datos pues no necesitar\u00e1s cables. Adem\u00e1s, est\u00e1 equipado con los conectores, ranuras de expansi\u00f3n y bah\u00edas que har\u00e1n posible una computadora completa y adaptada a tus necesidades. Viene con una fuente de poder de 500 watts y un eficiente ventilador de 8cm. En suma, el gabinete bern de acteck es una excelente propuesta de eficiencia y estilo.<\/p>\n","protected":false},"featured_media":216244,"comment_status":"open","ping_status":"open","template":"","meta":[],"product_cat":[1674,1675],"product_tag":[1582],"acf":[],"yoast_head":"<!-- This site is optimized with the Yoast SEO plugin v21.7 - https:\/\/yoast.com\/wordpress\/plugins\/seo\/ -->\n<title>[ Acteck ] &#129351; Gapc-301,7506215902335 Gabinete Bern Gs460 \/ Micro Torre Slim \/ Micro Atx, Mini Itx \/ Fuente Sfx 500 W \/ Full Metal \/ Lector De Tarjetas \/ Tornillos De Mano \/ 3 A\u00f1os De Garantia \/ Negro \/ Gapc-301<\/title>\n<meta name=\"description\" content=\"Compra Gapc-301,7506215902335 Gabinete Bern Gs460 \/ Micro Torre Slim \/ Micro Atx, Mini Itx \/ Fuente Sfx 500 W \/ Full Metal \/ Lector De Tarjetas \/ Tornillos De Mano \/ 3 A\u00f1os De Garantia \/ Negro \/ Gapc-301 + Env\u00edo a domicilio + Pago seguro + Garant\u00eda\" \/>\n<meta name=\"robots\" content=\"index, follow, max-snippet:-1, max-image-preview:large, max-video-preview:-1\" \/>\n<link rel=\"canonical\" href=\"https:\/\/compuviper.mx\/tienda\/producto\/acteck-gapc-3017506215902335-gabinete-bern-gs460-micro-torre-slim-micro-atx-mini-itx-fuente-sfx-500-w-full-metal-lector-de-tarjetas-tornillos-de-mano-3-aos-de-garantia-negro-gapc\/\" \/>\n<meta property=\"og:locale\" content=\"es_MX\" \/>\n<meta property=\"og:type\" content=\"article\" \/>\n<meta property=\"og:title\" content=\"[ Acteck ] &#129351; Gapc-301,7506215902335 Gabinete Bern Gs460 \/ Micro Torre Slim \/ Micro Atx, Mini Itx \/ Fuente Sfx 500 W \/ Full Metal \/ Lector De Tarjetas \/ Tornillos De Mano \/ 3 A\u00f1os De Garantia \/ Negro \/ Gapc-301\" \/>\n<meta property=\"og:description\" content=\"Compra Gapc-301,7506215902335 Gabinete Bern Gs460 \/ Micro Torre Slim \/ Micro Atx, Mini Itx \/ Fuente Sfx 500 W \/ Full Metal \/ Lector De Tarjetas \/ Tornillos De Mano \/ 3 A\u00f1os De Garantia \/ Negro \/ Gapc-301 + Env\u00edo a domicilio + Pago seguro + Garant\u00eda\" \/>\n<meta property=\"og:url\" content=\"https:\/\/compuviper.mx\/tienda\/producto\/acteck-gapc-3017506215902335-gabinete-bern-gs460-micro-torre-slim-micro-atx-mini-itx-fuente-sfx-500-w-full-metal-lector-de-tarjetas-tornillos-de-mano-3-aos-de-garantia-negro-gapc\/\" \/>\n<meta property=\"og:site_name\" content=\"Compuviper\" \/>\n<meta property=\"article:publisher\" content=\"https:\/\/www.facebook.com\/compuviper\" \/>\n<meta property=\"og:image\" content=\"https:\/\/compuviper.mx\/tienda\/wp-content\/uploads\/2023\/12\/Gabinete-acteck-bern-micro-torre-slim-micro-atx-mini-itx-fuente-sfx-500w-metal-negro-gapc-301.jpg\" \/>\n\t<meta property=\"og:image:width\" content=\"200\" \/>\n\t<meta property=\"og:image:height\" content=\"200\" \/>\n\t<meta property=\"og:image:type\" content=\"image\/jpeg\" \/>\n<meta name=\"twitter:card\" content=\"summary_large_image\" \/>\n<meta name=\"twitter:label1\" content=\"Precio\" \/>\n\t<meta name=\"twitter:data1\" content=\"&#36;934 &#36;888 con IVA\" \/>\n\t<meta name=\"twitter:label2\" content=\"Availability\" \/>\n\t<meta name=\"twitter:data2\" content=\"In stock\" \/>\n<script type=\"application\/ld+json\" class=\"yoast-schema-graph\">{\"@context\":\"https:\/\/schema.org\",\"@graph\":[{\"@type\":\"WebPage\",\"@id\":\"https:\/\/compuviper.mx\/tienda\/producto\/acteck-gapc-3017506215902335-gabinete-bern-gs460-micro-torre-slim-micro-atx-mini-itx-fuente-sfx-500-w-full-metal-lector-de-tarjetas-tornillos-de-mano-3-aos-de-garantia-negro-gapc\/\",\"url\":\"https:\/\/compuviper.mx\/tienda\/producto\/acteck-gapc-3017506215902335-gabinete-bern-gs460-micro-torre-slim-micro-atx-mini-itx-fuente-sfx-500-w-full-metal-lector-de-tarjetas-tornillos-de-mano-3-aos-de-garantia-negro-gapc\/\",\"name\":\"[ Acteck ] &#129351; Gapc-301,7506215902335 Gabinete Bern Gs460 \/ Micro Torre Slim \/ Micro Atx, Mini Itx \/ Fuente Sfx 500 W \/ Full Metal \/ Lector De Tarjetas \/ Tornillos De Mano \/ 3 A\u00f1os De Garantia \/ Negro \/ Gapc-301\",\"isPartOf\":{\"@id\":\"https:\/\/compuviper.mx\/tienda\/#website\"},\"datePublished\":\"2026-04-09T06:10:10+00:00\",\"dateModified\":\"2026-04-09T06:10:10+00:00\",\"description\":\"Compra Gapc-301,7506215902335 Gabinete Bern Gs460 \/ Micro Torre Slim \/ Micro Atx, Mini Itx \/ Fuente Sfx 500 W \/ Full Metal \/ Lector De Tarjetas \/ Tornillos De Mano \/ 3 A\u00f1os De Garantia \/ Negro \/ Gapc-301 + Env\u00edo a domicilio + Pago seguro + Garant\u00eda\",\"breadcrumb\":{\"@id\":\"https:\/\/compuviper.mx\/tienda\/producto\/acteck-gapc-3017506215902335-gabinete-bern-gs460-micro-torre-slim-micro-atx-mini-itx-fuente-sfx-500-w-full-metal-lector-de-tarjetas-tornillos-de-mano-3-aos-de-garantia-negro-gapc\/#breadcrumb\"},\"inLanguage\":\"es-MX\",\"potentialAction\":[{\"@type\":\"ReadAction\",\"target\":[\"https:\/\/compuviper.mx\/tienda\/producto\/acteck-gapc-3017506215902335-gabinete-bern-gs460-micro-torre-slim-micro-atx-mini-itx-fuente-sfx-500-w-full-metal-lector-de-tarjetas-tornillos-de-mano-3-aos-de-garantia-negro-gapc\/\"]}]},{\"@type\":\"BreadcrumbList\",\"@id\":\"https:\/\/compuviper.mx\/tienda\/producto\/acteck-gapc-3017506215902335-gabinete-bern-gs460-micro-torre-slim-micro-atx-mini-itx-fuente-sfx-500-w-full-metal-lector-de-tarjetas-tornillos-de-mano-3-aos-de-garantia-negro-gapc\/#breadcrumb\",\"itemListElement\":[{\"@type\":\"ListItem\",\"position\":1,\"name\":\"Inicio\",\"item\":\"https:\/\/compuviper.mx\/tienda\/\"},{\"@type\":\"ListItem\",\"position\":2,\"name\":\"Productos\",\"item\":\"https:\/\/compuviper.mx\/tienda\/productos\/\"},{\"@type\":\"ListItem\",\"position\":3,\"name\":\"Gabinetes\",\"item\":\"https:\/\/compuviper.mx\/tienda\/categoria-producto\/gabinetes\/\"},{\"@type\":\"ListItem\",\"position\":4,\"name\":\"Slim Micro Atx\/mini Itx\",\"item\":\"https:\/\/compuviper.mx\/tienda\/categoria-producto\/gabinetes\/slim-micro-atx-mini-itx\/\"},{\"@type\":\"ListItem\",\"position\":5,\"name\":\"Acteck Gapc-301,7506215902335 Gabinete Bern Gs460 \/ Micro Torre Slim \/ Micro Atx, Mini Itx \/ Fuente Sfx 500 W \/ Full Metal \/ Lector De Tarjetas \/ Tornillos De Mano \/ 3 A?os De Garantia \/ Negro \/ Gapc-301\"}]},{\"@type\":\"WebSite\",\"@id\":\"https:\/\/compuviper.mx\/tienda\/#website\",\"url\":\"https:\/\/compuviper.mx\/tienda\/\",\"name\":\"Compuviper\",\"description\":\"Proveedor de Computadoras, Laptops, Servidores, Monitores, Puntos de Venta, Teclados,   Impresoras, T\u00f3ner, C\u00e1maras de Seguridad y m\u00e1s en tu tienda en l\u00ednea\",\"publisher\":{\"@id\":\"https:\/\/compuviper.mx\/tienda\/#organization\"},\"potentialAction\":[{\"@type\":\"SearchAction\",\"target\":{\"@type\":\"EntryPoint\",\"urlTemplate\":\"https:\/\/compuviper.mx\/tienda\/?s={search_term_string}\"},\"query-input\":\"required name=search_term_string\"}],\"inLanguage\":\"es-MX\"},{\"@type\":\"Organization\",\"@id\":\"https:\/\/compuviper.mx\/tienda\/#organization\",\"name\":\"Compuviper\",\"url\":\"https:\/\/compuviper.mx\/tienda\/\",\"logo\":{\"@type\":\"ImageObject\",\"inLanguage\":\"es-MX\",\"@id\":\"https:\/\/compuviper.mx\/tienda\/#\/schema\/logo\/image\/\",\"url\":\"https:\/\/compuviper.mx\/tienda\/wp-content\/uploads\/2021\/08\/Logo-Compuviper-10.png\",\"contentUrl\":\"https:\/\/compuviper.mx\/tienda\/wp-content\/uploads\/2021\/08\/Logo-Compuviper-10.png\",\"width\":1000,\"height\":500,\"caption\":\"Compuviper\"},\"image\":{\"@id\":\"https:\/\/compuviper.mx\/tienda\/#\/schema\/logo\/image\/\"},\"sameAs\":[\"https:\/\/www.facebook.com\/compuviper\",\"https:\/\/www.youtube.com\/channel\/UCf73dERp9Y3cfOq7q8BhLjA?view_as=subscriber\"]}]}<\/script>\n<meta property=\"product:brand\" content=\"ACTECK\" \/>\n<meta property=\"product:price:amount\" content=\"888\" \/>\n<meta property=\"product:price:currency\" content=\"MXN\" \/>\n<meta property=\"og:availability\" content=\"instock\" \/>\n<meta property=\"product:availability\" content=\"instock\" \/>\n<meta property=\"product:retailer_item_id\" content=\"GAPC-301,7506215902335\" \/>\n<meta property=\"product:condition\" content=\"new\" \/>\n<!-- \/ Yoast SEO plugin. -->","yoast_head_json":{"title":"[ Acteck ] &#129351; Gapc-301,7506215902335 Gabinete Bern Gs460 \/ Micro Torre Slim \/ Micro Atx, Mini Itx \/ Fuente Sfx 500 W \/ Full Metal \/ Lector De Tarjetas \/ Tornillos De Mano \/ 3 A\u00f1os De Garantia \/ Negro \/ Gapc-301","description":"Compra Gapc-301,7506215902335 Gabinete Bern Gs460 \/ Micro Torre Slim \/ Micro Atx, Mini Itx \/ Fuente Sfx 500 W \/ Full Metal \/ Lector De Tarjetas \/ Tornillos De Mano \/ 3 A\u00f1os De Garantia \/ Negro \/ Gapc-301 + Env\u00edo a domicilio + Pago seguro + Garant\u00eda","robots":{"index":"index","follow":"follow","max-snippet":"max-snippet:-1","max-image-preview":"max-image-preview:large","max-video-preview":"max-video-preview:-1"},"canonical":"https:\/\/compuviper.mx\/tienda\/producto\/acteck-gapc-3017506215902335-gabinete-bern-gs460-micro-torre-slim-micro-atx-mini-itx-fuente-sfx-500-w-full-metal-lector-de-tarjetas-tornillos-de-mano-3-aos-de-garantia-negro-gapc\/","og_locale":"es_MX","og_type":"article","og_title":"[ Acteck ] &#129351; Gapc-301,7506215902335 Gabinete Bern Gs460 \/ Micro Torre Slim \/ Micro Atx, Mini Itx \/ Fuente Sfx 500 W \/ Full Metal \/ Lector De Tarjetas \/ Tornillos De Mano \/ 3 A\u00f1os De Garantia \/ Negro \/ Gapc-301","og_description":"Compra Gapc-301,7506215902335 Gabinete Bern Gs460 \/ Micro Torre Slim \/ Micro Atx, Mini Itx \/ Fuente Sfx 500 W \/ Full Metal \/ Lector De Tarjetas \/ Tornillos De Mano \/ 3 A\u00f1os De Garantia \/ Negro \/ Gapc-301 + Env\u00edo a domicilio + Pago seguro + Garant\u00eda","og_url":"https:\/\/compuviper.mx\/tienda\/producto\/acteck-gapc-3017506215902335-gabinete-bern-gs460-micro-torre-slim-micro-atx-mini-itx-fuente-sfx-500-w-full-metal-lector-de-tarjetas-tornillos-de-mano-3-aos-de-garantia-negro-gapc\/","og_site_name":"Compuviper","article_publisher":"https:\/\/www.facebook.com\/compuviper","og_image":[{"width":200,"height":200,"url":"https:\/\/compuviper.mx\/tienda\/wp-content\/uploads\/2023\/12\/Gabinete-acteck-bern-micro-torre-slim-micro-atx-mini-itx-fuente-sfx-500w-metal-negro-gapc-301.jpg","type":"image\/jpeg"}],"twitter_card":"summary_large_image","twitter_misc":{"Precio":"&#36;934 &#36;888 con IVA","Availability":"In stock"},"schema":{"@context":"https:\/\/schema.org","@graph":[{"@type":"WebPage","@id":"https:\/\/compuviper.mx\/tienda\/producto\/acteck-gapc-3017506215902335-gabinete-bern-gs460-micro-torre-slim-micro-atx-mini-itx-fuente-sfx-500-w-full-metal-lector-de-tarjetas-tornillos-de-mano-3-aos-de-garantia-negro-gapc\/","url":"https:\/\/compuviper.mx\/tienda\/producto\/acteck-gapc-3017506215902335-gabinete-bern-gs460-micro-torre-slim-micro-atx-mini-itx-fuente-sfx-500-w-full-metal-lector-de-tarjetas-tornillos-de-mano-3-aos-de-garantia-negro-gapc\/","name":"[ Acteck ] &#129351; Gapc-301,7506215902335 Gabinete Bern Gs460 \/ Micro Torre Slim \/ Micro Atx, Mini Itx \/ Fuente Sfx 500 W \/ Full Metal \/ Lector De Tarjetas \/ Tornillos De Mano \/ 3 A\u00f1os De Garantia \/ Negro \/ Gapc-301","isPartOf":{"@id":"https:\/\/compuviper.mx\/tienda\/#website"},"datePublished":"2026-04-09T06:10:10+00:00","dateModified":"2026-04-09T06:10:10+00:00","description":"Compra Gapc-301,7506215902335 Gabinete Bern Gs460 \/ Micro Torre Slim \/ Micro Atx, Mini Itx \/ Fuente Sfx 500 W \/ Full Metal \/ Lector De Tarjetas \/ Tornillos De Mano \/ 3 A\u00f1os De Garantia \/ Negro \/ Gapc-301 + Env\u00edo a domicilio + Pago seguro + Garant\u00eda","breadcrumb":{"@id":"https:\/\/compuviper.mx\/tienda\/producto\/acteck-gapc-3017506215902335-gabinete-bern-gs460-micro-torre-slim-micro-atx-mini-itx-fuente-sfx-500-w-full-metal-lector-de-tarjetas-tornillos-de-mano-3-aos-de-garantia-negro-gapc\/#breadcrumb"},"inLanguage":"es-MX","potentialAction":[{"@type":"ReadAction","target":["https:\/\/compuviper.mx\/tienda\/producto\/acteck-gapc-3017506215902335-gabinete-bern-gs460-micro-torre-slim-micro-atx-mini-itx-fuente-sfx-500-w-full-metal-lector-de-tarjetas-tornillos-de-mano-3-aos-de-garantia-negro-gapc\/"]}]},{"@type":"BreadcrumbList","@id":"https:\/\/compuviper.mx\/tienda\/producto\/acteck-gapc-3017506215902335-gabinete-bern-gs460-micro-torre-slim-micro-atx-mini-itx-fuente-sfx-500-w-full-metal-lector-de-tarjetas-tornillos-de-mano-3-aos-de-garantia-negro-gapc\/#breadcrumb","itemListElement":[{"@type":"ListItem","position":1,"name":"Inicio","item":"https:\/\/compuviper.mx\/tienda\/"},{"@type":"ListItem","position":2,"name":"Productos","item":"https:\/\/compuviper.mx\/tienda\/productos\/"},{"@type":"ListItem","position":3,"name":"Gabinetes","item":"https:\/\/compuviper.mx\/tienda\/categoria-producto\/gabinetes\/"},{"@type":"ListItem","position":4,"name":"Slim Micro Atx\/mini Itx","item":"https:\/\/compuviper.mx\/tienda\/categoria-producto\/gabinetes\/slim-micro-atx-mini-itx\/"},{"@type":"ListItem","position":5,"name":"Acteck Gapc-301,7506215902335 Gabinete Bern Gs460 \/ Micro Torre Slim \/ Micro Atx, Mini Itx \/ Fuente Sfx 500 W \/ Full Metal \/ Lector De Tarjetas \/ Tornillos De Mano \/ 3 A?os De Garantia \/ Negro \/ Gapc-301"}]},{"@type":"WebSite","@id":"https:\/\/compuviper.mx\/tienda\/#website","url":"https:\/\/compuviper.mx\/tienda\/","name":"Compuviper","description":"Proveedor de Computadoras, Laptops, Servidores, Monitores, Puntos de Venta, Teclados,   Impresoras, T\u00f3ner, C\u00e1maras de Seguridad y m\u00e1s en tu tienda en l\u00ednea","publisher":{"@id":"https:\/\/compuviper.mx\/tienda\/#organization"},"potentialAction":[{"@type":"SearchAction","target":{"@type":"EntryPoint","urlTemplate":"https:\/\/compuviper.mx\/tienda\/?s={search_term_string}"},"query-input":"required name=search_term_string"}],"inLanguage":"es-MX"},{"@type":"Organization","@id":"https:\/\/compuviper.mx\/tienda\/#organization","name":"Compuviper","url":"https:\/\/compuviper.mx\/tienda\/","logo":{"@type":"ImageObject","inLanguage":"es-MX","@id":"https:\/\/compuviper.mx\/tienda\/#\/schema\/logo\/image\/","url":"https:\/\/compuviper.mx\/tienda\/wp-content\/uploads\/2021\/08\/Logo-Compuviper-10.png","contentUrl":"https:\/\/compuviper.mx\/tienda\/wp-content\/uploads\/2021\/08\/Logo-Compuviper-10.png","width":1000,"height":500,"caption":"Compuviper"},"image":{"@id":"https:\/\/compuviper.mx\/tienda\/#\/schema\/logo\/image\/"},"sameAs":["https:\/\/www.facebook.com\/compuviper","https:\/\/www.youtube.com\/channel\/UCf73dERp9Y3cfOq7q8BhLjA?view_as=subscriber"]}]},"product_brand":"ACTECK","product_price_amount":"888","product_price_currency":"MXN","og_availability":"instock","product_availability":"instock","product_retailer_item_id":"GAPC-301,7506215902335","product_condition":"new"},"_links":{"self":[{"href":"https:\/\/compuviper.mx\/tienda\/wp-json\/wp\/v2\/product\/216243"}],"collection":[{"href":"https:\/\/compuviper.mx\/tienda\/wp-json\/wp\/v2\/product"}],"about":[{"href":"https:\/\/compuviper.mx\/tienda\/wp-json\/wp\/v2\/types\/product"}],"replies":[{"embeddable":true,"href":"https:\/\/compuviper.mx\/tienda\/wp-json\/wp\/v2\/comments?post=216243"}],"wp:featuredmedia":[{"embeddable":true,"href":"https:\/\/compuviper.mx\/tienda\/wp-json\/wp\/v2\/media\/216244"}],"wp:attachment":[{"href":"https:\/\/compuviper.mx\/tienda\/wp-json\/wp\/v2\/media?parent=216243"}],"wp:term":[{"taxonomy":"product_cat","embeddable":true,"href":"https:\/\/compuviper.mx\/tienda\/wp-json\/wp\/v2\/product_cat?post=216243"},{"taxonomy":"product_tag","embeddable":true,"href":"https:\/\/compuviper.mx\/tienda\/wp-json\/wp\/v2\/product_tag?post=216243"}],"curies":[{"name":"wp","href":"https:\/\/api.w.org\/{rel}","templated":true}]}}