{"id":216132,"date":"2026-04-08T00:08:29","date_gmt":"2026-04-08T06:08:29","guid":{"rendered":"https:\/\/compuviper.mx\/tienda\/producto\/hewlett-packard-enterprise-865414-b21-fuente-de-alimentacion-hot-plug-de-800-w-hpe-platinum\/"},"modified":"2026-04-08T00:08:29","modified_gmt":"2026-04-08T06:08:29","slug":"hewlett-packard-enterprise-865414-b21-fuente-de-alimentacion-hot-plug-de-800-w-hpe-platinum","status":"publish","type":"product","link":"https:\/\/compuviper.mx\/tienda\/producto\/hewlett-packard-enterprise-865414-b21-fuente-de-alimentacion-hot-plug-de-800-w-hpe-platinum\/","title":{"rendered":"Hewlett Packard Enterprise 865414-b21 Fuente De Alimentacion Hot-plug De 800 W Hpe Platinum"},"content":{"rendered":"<table class=\"descripcion\">\n<tr>\n<td>Voltaje de entrada<\/td>\n<\/tr>\n<tr>\n<td>Ca de 100 v a 240 v<\/td>\n<\/tr>\n<tr>\n<td>Salida de alimentacin<\/td>\n<\/tr>\n<tr>\n<td>800 w<\/td>\n<\/tr>\n<tr>\n<td>Eficiencia<\/td>\n<\/tr>\n<tr>\n<td>94<\/td>\n<\/tr>\n<tr>\n<td>Dimensiones mnimas p x a x l<\/td>\n<\/tr>\n<tr>\n<td>20,32 x 33,02 x 10,16 cm<\/td>\n<\/tr>\n<tr>\n<td>8 x 13 x 4 in<\/td>\n<\/tr>\n<tr>\n<td>Peso<\/td>\n<\/tr>\n<tr>\n<td>1,81 kg<\/td>\n<\/tr>\n<tr>\n<td>3.99 lb<\/td>\n<\/tr>\n<tr>\n<td>Garanta<\/td>\n<\/tr>\n<tr>\n<td>Las fuentes de alimentacin hpe se cubrir\u00e1n al mismo nivel de servicio y durante el mismo periodo de cobertura que el servidor a menos que se haya superado la vida m\u00e1xima admitida y\/o el uso m\u00e1ximo.<\/td>\n<\/tr>\n<\/table>\n","protected":false},"excerpt":{"rendered":"<p>Mejore la eficiencia del centro de datos sin afectar al rendimiento de ti. \u0095aumente la densidad de potencia con la fuente de alimentacin platinum de 1600 w. \u0095fuente de alimentacin de ranura flexible de 800 w con un 96  de eficiencia y certificacin 80plus titanium [1]. \u0095proporciona una opcin de entrada de 48 vdc en la fuente de alimentacin de factor de forma de ranura flexible de hpe. \u0095la fuente de alimentacin de ranura flexible universal de 800 w permite tanto las opciones de entrada de 277 vca como de 380 vcc. \u0095fuente de alimentacin de ranura flexible de 800 w con respaldo de batera de 400 w que permite una solucin de memoria persistente escalable de hpe.<\/p>\n","protected":false},"featured_media":137736,"comment_status":"open","ping_status":"open","template":"","meta":[],"product_cat":[1508,1672],"product_tag":[1568],"acf":[],"yoast_head":"<!-- This site is optimized with the Yoast SEO plugin v21.7 - https:\/\/yoast.com\/wordpress\/plugins\/seo\/ -->\n<title>[ Hewlett Packard Enterprise ] &#129351; 865414-b21 Fuente De Alimentacion Hot-plug De 800 W Hpe Platinum<\/title>\n<meta name=\"description\" content=\"Compra 865414-b21 Fuente De Alimentacion Hot-plug De 800 W Hpe Platinum + Env\u00edo a domicilio + Pago seguro + Garant\u00eda\" \/>\n<meta name=\"robots\" content=\"index, follow, max-snippet:-1, max-image-preview:large, max-video-preview:-1\" \/>\n<link rel=\"canonical\" href=\"https:\/\/compuviper.mx\/tienda\/producto\/hewlett-packard-enterprise-865414-b21-fuente-de-alimentacion-hot-plug-de-800-w-hpe-platinum\/\" \/>\n<meta property=\"og:locale\" content=\"es_MX\" \/>\n<meta property=\"og:type\" content=\"article\" \/>\n<meta property=\"og:title\" content=\"[ Hewlett Packard Enterprise ] &#129351; 865414-b21 Fuente De Alimentacion Hot-plug De 800 W Hpe Platinum\" \/>\n<meta property=\"og:description\" content=\"Compra 865414-b21 Fuente De Alimentacion Hot-plug De 800 W Hpe Platinum + Env\u00edo a domicilio + Pago seguro + Garant\u00eda\" \/>\n<meta property=\"og:url\" content=\"https:\/\/compuviper.mx\/tienda\/producto\/hewlett-packard-enterprise-865414-b21-fuente-de-alimentacion-hot-plug-de-800-w-hpe-platinum\/\" \/>\n<meta property=\"og:site_name\" content=\"Compuviper\" \/>\n<meta property=\"article:publisher\" content=\"https:\/\/www.facebook.com\/compuviper\" \/>\n<meta property=\"og:image\" content=\"https:\/\/compuviper.mx\/tienda\/wp-content\/uploads\/2021\/09\/Fuente-de-alimentacion-hot-plug-de-800-w-hpe-platinum.jpg\" \/>\n\t<meta property=\"og:image:width\" content=\"200\" \/>\n\t<meta property=\"og:image:height\" content=\"200\" \/>\n\t<meta property=\"og:image:type\" content=\"image\/jpeg\" \/>\n<meta name=\"twitter:card\" content=\"summary_large_image\" \/>\n<meta name=\"twitter:label1\" content=\"Precio\" \/>\n\t<meta name=\"twitter:data1\" content=\"&#36;8,437 con IVA\" \/>\n\t<meta name=\"twitter:label2\" content=\"Availability\" \/>\n\t<meta name=\"twitter:data2\" content=\"On backorder\" \/>\n<script type=\"application\/ld+json\" class=\"yoast-schema-graph\">{\"@context\":\"https:\/\/schema.org\",\"@graph\":[{\"@type\":\"WebPage\",\"@id\":\"https:\/\/compuviper.mx\/tienda\/producto\/hewlett-packard-enterprise-865414-b21-fuente-de-alimentacion-hot-plug-de-800-w-hpe-platinum\/\",\"url\":\"https:\/\/compuviper.mx\/tienda\/producto\/hewlett-packard-enterprise-865414-b21-fuente-de-alimentacion-hot-plug-de-800-w-hpe-platinum\/\",\"name\":\"[ Hewlett Packard Enterprise ] &#129351; 865414-b21 Fuente De Alimentacion Hot-plug De 800 W Hpe Platinum\",\"isPartOf\":{\"@id\":\"https:\/\/compuviper.mx\/tienda\/#website\"},\"datePublished\":\"2026-04-08T06:08:29+00:00\",\"dateModified\":\"2026-04-08T06:08:29+00:00\",\"description\":\"Compra 865414-b21 Fuente De Alimentacion Hot-plug De 800 W Hpe Platinum + Env\u00edo a domicilio + Pago seguro + Garant\u00eda\",\"breadcrumb\":{\"@id\":\"https:\/\/compuviper.mx\/tienda\/producto\/hewlett-packard-enterprise-865414-b21-fuente-de-alimentacion-hot-plug-de-800-w-hpe-platinum\/#breadcrumb\"},\"inLanguage\":\"es-MX\",\"potentialAction\":[{\"@type\":\"ReadAction\",\"target\":[\"https:\/\/compuviper.mx\/tienda\/producto\/hewlett-packard-enterprise-865414-b21-fuente-de-alimentacion-hot-plug-de-800-w-hpe-platinum\/\"]}]},{\"@type\":\"BreadcrumbList\",\"@id\":\"https:\/\/compuviper.mx\/tienda\/producto\/hewlett-packard-enterprise-865414-b21-fuente-de-alimentacion-hot-plug-de-800-w-hpe-platinum\/#breadcrumb\",\"itemListElement\":[{\"@type\":\"ListItem\",\"position\":1,\"name\":\"Inicio\",\"item\":\"https:\/\/compuviper.mx\/tienda\/\"},{\"@type\":\"ListItem\",\"position\":2,\"name\":\"Productos\",\"item\":\"https:\/\/compuviper.mx\/tienda\/productos\/\"},{\"@type\":\"ListItem\",\"position\":3,\"name\":\"Energia\",\"item\":\"https:\/\/compuviper.mx\/tienda\/categoria-producto\/energia\/\"},{\"@type\":\"ListItem\",\"position\":4,\"name\":\"Fuentes De Poder\",\"item\":\"https:\/\/compuviper.mx\/tienda\/categoria-producto\/energia\/fuentes-de-poder\/\"},{\"@type\":\"ListItem\",\"position\":5,\"name\":\"Hewlett Packard Enterprise 865414-b21 Fuente De Alimentacion Hot-plug De 800 W Hpe Platinum\"}]},{\"@type\":\"WebSite\",\"@id\":\"https:\/\/compuviper.mx\/tienda\/#website\",\"url\":\"https:\/\/compuviper.mx\/tienda\/\",\"name\":\"Compuviper\",\"description\":\"Proveedor de Computadoras, Laptops, Servidores, Monitores, Puntos de Venta, Teclados,   Impresoras, T\u00f3ner, C\u00e1maras de Seguridad y m\u00e1s en tu tienda en l\u00ednea\",\"publisher\":{\"@id\":\"https:\/\/compuviper.mx\/tienda\/#organization\"},\"potentialAction\":[{\"@type\":\"SearchAction\",\"target\":{\"@type\":\"EntryPoint\",\"urlTemplate\":\"https:\/\/compuviper.mx\/tienda\/?s={search_term_string}\"},\"query-input\":\"required name=search_term_string\"}],\"inLanguage\":\"es-MX\"},{\"@type\":\"Organization\",\"@id\":\"https:\/\/compuviper.mx\/tienda\/#organization\",\"name\":\"Compuviper\",\"url\":\"https:\/\/compuviper.mx\/tienda\/\",\"logo\":{\"@type\":\"ImageObject\",\"inLanguage\":\"es-MX\",\"@id\":\"https:\/\/compuviper.mx\/tienda\/#\/schema\/logo\/image\/\",\"url\":\"https:\/\/compuviper.mx\/tienda\/wp-content\/uploads\/2021\/08\/Logo-Compuviper-10.png\",\"contentUrl\":\"https:\/\/compuviper.mx\/tienda\/wp-content\/uploads\/2021\/08\/Logo-Compuviper-10.png\",\"width\":1000,\"height\":500,\"caption\":\"Compuviper\"},\"image\":{\"@id\":\"https:\/\/compuviper.mx\/tienda\/#\/schema\/logo\/image\/\"},\"sameAs\":[\"https:\/\/www.facebook.com\/compuviper\",\"https:\/\/www.youtube.com\/channel\/UCf73dERp9Y3cfOq7q8BhLjA?view_as=subscriber\"]}]}<\/script>\n<meta property=\"product:brand\" content=\"HEWLETT PACKARD ENTERPRISE\" \/>\n<meta property=\"product:price:amount\" content=\"8437\" \/>\n<meta property=\"product:price:currency\" content=\"MXN\" \/>\n<meta property=\"og:availability\" content=\"backorder\" \/>\n<meta property=\"product:availability\" content=\"available for order\" \/>\n<meta property=\"product:retailer_item_id\" content=\"865414-B21\" \/>\n<meta property=\"product:condition\" content=\"new\" \/>\n<!-- \/ Yoast SEO plugin. -->","yoast_head_json":{"title":"[ Hewlett Packard Enterprise ] &#129351; 865414-b21 Fuente De Alimentacion Hot-plug De 800 W Hpe Platinum","description":"Compra 865414-b21 Fuente De Alimentacion Hot-plug De 800 W Hpe Platinum + Env\u00edo a domicilio + Pago seguro + Garant\u00eda","robots":{"index":"index","follow":"follow","max-snippet":"max-snippet:-1","max-image-preview":"max-image-preview:large","max-video-preview":"max-video-preview:-1"},"canonical":"https:\/\/compuviper.mx\/tienda\/producto\/hewlett-packard-enterprise-865414-b21-fuente-de-alimentacion-hot-plug-de-800-w-hpe-platinum\/","og_locale":"es_MX","og_type":"article","og_title":"[ Hewlett Packard Enterprise ] &#129351; 865414-b21 Fuente De Alimentacion Hot-plug De 800 W Hpe Platinum","og_description":"Compra 865414-b21 Fuente De Alimentacion Hot-plug De 800 W Hpe Platinum + Env\u00edo a domicilio + Pago seguro + Garant\u00eda","og_url":"https:\/\/compuviper.mx\/tienda\/producto\/hewlett-packard-enterprise-865414-b21-fuente-de-alimentacion-hot-plug-de-800-w-hpe-platinum\/","og_site_name":"Compuviper","article_publisher":"https:\/\/www.facebook.com\/compuviper","og_image":[{"width":200,"height":200,"url":"https:\/\/compuviper.mx\/tienda\/wp-content\/uploads\/2021\/09\/Fuente-de-alimentacion-hot-plug-de-800-w-hpe-platinum.jpg","type":"image\/jpeg"}],"twitter_card":"summary_large_image","twitter_misc":{"Precio":"&#36;8,437 con IVA","Availability":"On backorder"},"schema":{"@context":"https:\/\/schema.org","@graph":[{"@type":"WebPage","@id":"https:\/\/compuviper.mx\/tienda\/producto\/hewlett-packard-enterprise-865414-b21-fuente-de-alimentacion-hot-plug-de-800-w-hpe-platinum\/","url":"https:\/\/compuviper.mx\/tienda\/producto\/hewlett-packard-enterprise-865414-b21-fuente-de-alimentacion-hot-plug-de-800-w-hpe-platinum\/","name":"[ Hewlett Packard Enterprise ] &#129351; 865414-b21 Fuente De Alimentacion Hot-plug De 800 W Hpe Platinum","isPartOf":{"@id":"https:\/\/compuviper.mx\/tienda\/#website"},"datePublished":"2026-04-08T06:08:29+00:00","dateModified":"2026-04-08T06:08:29+00:00","description":"Compra 865414-b21 Fuente De Alimentacion Hot-plug De 800 W Hpe Platinum + Env\u00edo a domicilio + Pago seguro + Garant\u00eda","breadcrumb":{"@id":"https:\/\/compuviper.mx\/tienda\/producto\/hewlett-packard-enterprise-865414-b21-fuente-de-alimentacion-hot-plug-de-800-w-hpe-platinum\/#breadcrumb"},"inLanguage":"es-MX","potentialAction":[{"@type":"ReadAction","target":["https:\/\/compuviper.mx\/tienda\/producto\/hewlett-packard-enterprise-865414-b21-fuente-de-alimentacion-hot-plug-de-800-w-hpe-platinum\/"]}]},{"@type":"BreadcrumbList","@id":"https:\/\/compuviper.mx\/tienda\/producto\/hewlett-packard-enterprise-865414-b21-fuente-de-alimentacion-hot-plug-de-800-w-hpe-platinum\/#breadcrumb","itemListElement":[{"@type":"ListItem","position":1,"name":"Inicio","item":"https:\/\/compuviper.mx\/tienda\/"},{"@type":"ListItem","position":2,"name":"Productos","item":"https:\/\/compuviper.mx\/tienda\/productos\/"},{"@type":"ListItem","position":3,"name":"Energia","item":"https:\/\/compuviper.mx\/tienda\/categoria-producto\/energia\/"},{"@type":"ListItem","position":4,"name":"Fuentes De Poder","item":"https:\/\/compuviper.mx\/tienda\/categoria-producto\/energia\/fuentes-de-poder\/"},{"@type":"ListItem","position":5,"name":"Hewlett Packard Enterprise 865414-b21 Fuente De Alimentacion Hot-plug De 800 W Hpe Platinum"}]},{"@type":"WebSite","@id":"https:\/\/compuviper.mx\/tienda\/#website","url":"https:\/\/compuviper.mx\/tienda\/","name":"Compuviper","description":"Proveedor de Computadoras, Laptops, Servidores, Monitores, Puntos de Venta, Teclados,   Impresoras, T\u00f3ner, C\u00e1maras de Seguridad y m\u00e1s en tu tienda en l\u00ednea","publisher":{"@id":"https:\/\/compuviper.mx\/tienda\/#organization"},"potentialAction":[{"@type":"SearchAction","target":{"@type":"EntryPoint","urlTemplate":"https:\/\/compuviper.mx\/tienda\/?s={search_term_string}"},"query-input":"required name=search_term_string"}],"inLanguage":"es-MX"},{"@type":"Organization","@id":"https:\/\/compuviper.mx\/tienda\/#organization","name":"Compuviper","url":"https:\/\/compuviper.mx\/tienda\/","logo":{"@type":"ImageObject","inLanguage":"es-MX","@id":"https:\/\/compuviper.mx\/tienda\/#\/schema\/logo\/image\/","url":"https:\/\/compuviper.mx\/tienda\/wp-content\/uploads\/2021\/08\/Logo-Compuviper-10.png","contentUrl":"https:\/\/compuviper.mx\/tienda\/wp-content\/uploads\/2021\/08\/Logo-Compuviper-10.png","width":1000,"height":500,"caption":"Compuviper"},"image":{"@id":"https:\/\/compuviper.mx\/tienda\/#\/schema\/logo\/image\/"},"sameAs":["https:\/\/www.facebook.com\/compuviper","https:\/\/www.youtube.com\/channel\/UCf73dERp9Y3cfOq7q8BhLjA?view_as=subscriber"]}]},"product_brand":"HEWLETT PACKARD ENTERPRISE","product_price_amount":"8437","product_price_currency":"MXN","og_availability":"backorder","product_availability":"available for order","product_retailer_item_id":"865414-B21","product_condition":"new"},"_links":{"self":[{"href":"https:\/\/compuviper.mx\/tienda\/wp-json\/wp\/v2\/product\/216132"}],"collection":[{"href":"https:\/\/compuviper.mx\/tienda\/wp-json\/wp\/v2\/product"}],"about":[{"href":"https:\/\/compuviper.mx\/tienda\/wp-json\/wp\/v2\/types\/product"}],"replies":[{"embeddable":true,"href":"https:\/\/compuviper.mx\/tienda\/wp-json\/wp\/v2\/comments?post=216132"}],"wp:featuredmedia":[{"embeddable":true,"href":"https:\/\/compuviper.mx\/tienda\/wp-json\/wp\/v2\/media\/137736"}],"wp:attachment":[{"href":"https:\/\/compuviper.mx\/tienda\/wp-json\/wp\/v2\/media?parent=216132"}],"wp:term":[{"taxonomy":"product_cat","embeddable":true,"href":"https:\/\/compuviper.mx\/tienda\/wp-json\/wp\/v2\/product_cat?post=216132"},{"taxonomy":"product_tag","embeddable":true,"href":"https:\/\/compuviper.mx\/tienda\/wp-json\/wp\/v2\/product_tag?post=216132"}],"curies":[{"name":"wp","href":"https:\/\/api.w.org\/{rel}","templated":true}]}}