{"id":216010,"date":"2026-04-02T00:03:58","date_gmt":"2026-04-02T06:03:58","guid":{"rendered":"https:\/\/compuviper.mx\/tienda\/producto\/startech-com-sv565utphdu-extensor-de-consola-kvm-hdmi-usb-por-cable-cat5e-cat6-con-video-1080p-hd-sin-comprimir-100m\/"},"modified":"2026-04-02T00:03:58","modified_gmt":"2026-04-02T06:03:58","slug":"startech-com-sv565utphdu-extensor-de-consola-kvm-hdmi-usb-por-cable-cat5e-cat6-con-video-1080p-hd-sin-comprimir-100m","status":"publish","type":"product","link":"https:\/\/compuviper.mx\/tienda\/producto\/startech-com-sv565utphdu-extensor-de-consola-kvm-hdmi-usb-por-cable-cat5e-cat6-con-video-1080p-hd-sin-comprimir-100m\/","title":{"rendered":"Startech.com Sv565utphdu Extensor De Consola Kvm Hdmi Usb Por Cable Cat5e \/ Cat6 Con Video 1080p Hd Sin Comprimir &#8211; 100m"},"content":{"rendered":"<table class=\"descripcion\">\n<tr>\n<td>Extension de video de alta definicion hd de 1080p y 1920&#215;1200 no comprimido<\/td>\n<\/tr>\n<tr>\n<td>Extension en hasta 100 metros a traves de un solo cable cat5e\/cat6<\/td>\n<\/tr>\n<tr>\n<td>Soporte para hdcp, cec y sincronizacion de labios pass-through<\/td>\n<\/tr>\n<tr>\n<td>Independiente del sistema operativo &#8211; no requiere controladores ni software<\/td>\n<\/tr>\n<tr>\n<td>3 puertos usb 2.0 con tasas de transferencia de hasta 30 mbps<\/td>\n<\/tr>\n<tr>\n<td>Soporte para conexion con una unica computadora o conexion en cascada con un conmutador kvm existente<\/td>\n<\/tr>\n<tr>\n<td>Compatible con practicamente todas las combinaciones de teclado y mouse inclusive inalambricos<\/td>\n<\/tr>\n<\/table>\n","protected":false},"excerpt":{"rendered":"<p>Permite el funcionamiento a distancia hasta 100 m de un pc, con video hdmi\u00ae 1080p no comprimido y teclado\/mouse usb<\/p>\n","protected":false},"featured_media":216011,"comment_status":"open","ping_status":"open","template":"","meta":[],"product_cat":[2185,2186],"product_tag":[1590],"acf":[],"yoast_head":"<!-- This site is optimized with the Yoast SEO plugin v21.7 - https:\/\/yoast.com\/wordpress\/plugins\/seo\/ -->\n<title>[ Startech.com ] &#129351; Sv565utphdu Extensor De Consola Kvm Hdmi Usb Por Cable Cat5e \/ Cat6 Con Video 1080p Hd Sin Comprimir - 100m<\/title>\n<meta name=\"description\" content=\"Compra Sv565utphdu Extensor De Consola Kvm Hdmi Usb Por Cable Cat5e \/ Cat6 Con Video 1080p Hd Sin Comprimir - 100m + Env\u00edo a domicilio + Pago seguro + Garant\u00eda\" \/>\n<meta name=\"robots\" content=\"index, follow, max-snippet:-1, max-image-preview:large, max-video-preview:-1\" \/>\n<link rel=\"canonical\" href=\"https:\/\/compuviper.mx\/tienda\/producto\/startech-com-sv565utphdu-extensor-de-consola-kvm-hdmi-usb-por-cable-cat5e-cat6-con-video-1080p-hd-sin-comprimir-100m\/\" \/>\n<meta property=\"og:locale\" content=\"es_MX\" \/>\n<meta property=\"og:type\" content=\"article\" \/>\n<meta property=\"og:title\" content=\"[ Startech.com ] &#129351; Sv565utphdu Extensor De Consola Kvm Hdmi Usb Por Cable Cat5e \/ Cat6 Con Video 1080p Hd Sin Comprimir - 100m\" \/>\n<meta property=\"og:description\" content=\"Compra Sv565utphdu Extensor De Consola Kvm Hdmi Usb Por Cable Cat5e \/ Cat6 Con Video 1080p Hd Sin Comprimir - 100m + Env\u00edo a domicilio + Pago seguro + Garant\u00eda\" \/>\n<meta property=\"og:url\" content=\"https:\/\/compuviper.mx\/tienda\/producto\/startech-com-sv565utphdu-extensor-de-consola-kvm-hdmi-usb-por-cable-cat5e-cat6-con-video-1080p-hd-sin-comprimir-100m\/\" \/>\n<meta property=\"og:site_name\" content=\"Compuviper\" \/>\n<meta property=\"article:publisher\" content=\"https:\/\/www.facebook.com\/compuviper\" \/>\n<meta property=\"og:image\" content=\"https:\/\/compuviper.mx\/tienda\/wp-content\/uploads\/2023\/12\/Extensor-de-consola-kvm-hdmi-usb-por-cable-cat5e-cat6-con-video-1080p-hd-sin-comprimir-100m.jpg\" \/>\n\t<meta property=\"og:image:width\" content=\"200\" \/>\n\t<meta property=\"og:image:height\" content=\"200\" \/>\n\t<meta property=\"og:image:type\" content=\"image\/jpeg\" \/>\n<meta name=\"twitter:card\" content=\"summary_large_image\" \/>\n<meta name=\"twitter:label1\" content=\"Precio\" \/>\n\t<meta name=\"twitter:data1\" content=\"&#36;17,767 con IVA\" \/>\n\t<meta name=\"twitter:label2\" content=\"Availability\" \/>\n\t<meta name=\"twitter:data2\" content=\"Out of stock\" \/>\n<script type=\"application\/ld+json\" class=\"yoast-schema-graph\">{\"@context\":\"https:\/\/schema.org\",\"@graph\":[{\"@type\":\"WebPage\",\"@id\":\"https:\/\/compuviper.mx\/tienda\/producto\/startech-com-sv565utphdu-extensor-de-consola-kvm-hdmi-usb-por-cable-cat5e-cat6-con-video-1080p-hd-sin-comprimir-100m\/\",\"url\":\"https:\/\/compuviper.mx\/tienda\/producto\/startech-com-sv565utphdu-extensor-de-consola-kvm-hdmi-usb-por-cable-cat5e-cat6-con-video-1080p-hd-sin-comprimir-100m\/\",\"name\":\"[ Startech.com ] &#129351; Sv565utphdu Extensor De Consola Kvm Hdmi Usb Por Cable Cat5e \/ Cat6 Con Video 1080p Hd Sin Comprimir - 100m\",\"isPartOf\":{\"@id\":\"https:\/\/compuviper.mx\/tienda\/#website\"},\"datePublished\":\"2026-04-02T06:03:58+00:00\",\"dateModified\":\"2026-04-02T06:03:58+00:00\",\"description\":\"Compra Sv565utphdu Extensor De Consola Kvm Hdmi Usb Por Cable Cat5e \/ Cat6 Con Video 1080p Hd Sin Comprimir - 100m + Env\u00edo a domicilio + Pago seguro + Garant\u00eda\",\"breadcrumb\":{\"@id\":\"https:\/\/compuviper.mx\/tienda\/producto\/startech-com-sv565utphdu-extensor-de-consola-kvm-hdmi-usb-por-cable-cat5e-cat6-con-video-1080p-hd-sin-comprimir-100m\/#breadcrumb\"},\"inLanguage\":\"es-MX\",\"potentialAction\":[{\"@type\":\"ReadAction\",\"target\":[\"https:\/\/compuviper.mx\/tienda\/producto\/startech-com-sv565utphdu-extensor-de-consola-kvm-hdmi-usb-por-cable-cat5e-cat6-con-video-1080p-hd-sin-comprimir-100m\/\"]}]},{\"@type\":\"BreadcrumbList\",\"@id\":\"https:\/\/compuviper.mx\/tienda\/producto\/startech-com-sv565utphdu-extensor-de-consola-kvm-hdmi-usb-por-cable-cat5e-cat6-con-video-1080p-hd-sin-comprimir-100m\/#breadcrumb\",\"itemListElement\":[{\"@type\":\"ListItem\",\"position\":1,\"name\":\"Inicio\",\"item\":\"https:\/\/compuviper.mx\/tienda\/\"},{\"@type\":\"ListItem\",\"position\":2,\"name\":\"Productos\",\"item\":\"https:\/\/compuviper.mx\/tienda\/productos\/\"},{\"@type\":\"ListItem\",\"position\":3,\"name\":\"Comunicaciones Unificadas\",\"item\":\"https:\/\/compuviper.mx\/tienda\/categoria-producto\/comunicaciones-unificadas\/\"},{\"@type\":\"ListItem\",\"position\":4,\"name\":\"Sin Categor\u00eda\",\"item\":\"https:\/\/compuviper.mx\/tienda\/categoria-producto\/comunicaciones-unificadas\/sin-categoria-comunicaciones-unificadas\/\"},{\"@type\":\"ListItem\",\"position\":5,\"name\":\"Startech.com Sv565utphdu Extensor De Consola Kvm Hdmi Usb Por Cable Cat5e \/ Cat6 Con Video 1080p Hd Sin Comprimir &#8211; 100m\"}]},{\"@type\":\"WebSite\",\"@id\":\"https:\/\/compuviper.mx\/tienda\/#website\",\"url\":\"https:\/\/compuviper.mx\/tienda\/\",\"name\":\"Compuviper\",\"description\":\"Proveedor de Computadoras, Laptops, Servidores, Monitores, Puntos de Venta, Teclados,   Impresoras, T\u00f3ner, C\u00e1maras de Seguridad y m\u00e1s en tu tienda en l\u00ednea\",\"publisher\":{\"@id\":\"https:\/\/compuviper.mx\/tienda\/#organization\"},\"potentialAction\":[{\"@type\":\"SearchAction\",\"target\":{\"@type\":\"EntryPoint\",\"urlTemplate\":\"https:\/\/compuviper.mx\/tienda\/?s={search_term_string}\"},\"query-input\":\"required name=search_term_string\"}],\"inLanguage\":\"es-MX\"},{\"@type\":\"Organization\",\"@id\":\"https:\/\/compuviper.mx\/tienda\/#organization\",\"name\":\"Compuviper\",\"url\":\"https:\/\/compuviper.mx\/tienda\/\",\"logo\":{\"@type\":\"ImageObject\",\"inLanguage\":\"es-MX\",\"@id\":\"https:\/\/compuviper.mx\/tienda\/#\/schema\/logo\/image\/\",\"url\":\"https:\/\/compuviper.mx\/tienda\/wp-content\/uploads\/2021\/08\/Logo-Compuviper-10.png\",\"contentUrl\":\"https:\/\/compuviper.mx\/tienda\/wp-content\/uploads\/2021\/08\/Logo-Compuviper-10.png\",\"width\":1000,\"height\":500,\"caption\":\"Compuviper\"},\"image\":{\"@id\":\"https:\/\/compuviper.mx\/tienda\/#\/schema\/logo\/image\/\"},\"sameAs\":[\"https:\/\/www.facebook.com\/compuviper\",\"https:\/\/www.youtube.com\/channel\/UCf73dERp9Y3cfOq7q8BhLjA?view_as=subscriber\"]}]}<\/script>\n<meta property=\"product:brand\" content=\"STARTECH.COM\" \/>\n<meta property=\"product:price:amount\" content=\"17767\" \/>\n<meta property=\"product:price:currency\" content=\"MXN\" \/>\n<meta property=\"og:availability\" content=\"out of stock\" \/>\n<meta property=\"product:availability\" content=\"out of stock\" \/>\n<meta property=\"product:retailer_item_id\" content=\"SV565UTPHDU\" \/>\n<meta property=\"product:condition\" content=\"new\" \/>\n<!-- \/ Yoast SEO plugin. -->","yoast_head_json":{"title":"[ Startech.com ] &#129351; Sv565utphdu Extensor De Consola Kvm Hdmi Usb Por Cable Cat5e \/ Cat6 Con Video 1080p Hd Sin Comprimir - 100m","description":"Compra Sv565utphdu Extensor De Consola Kvm Hdmi Usb Por Cable Cat5e \/ Cat6 Con Video 1080p Hd Sin Comprimir - 100m + Env\u00edo a domicilio + Pago seguro + Garant\u00eda","robots":{"index":"index","follow":"follow","max-snippet":"max-snippet:-1","max-image-preview":"max-image-preview:large","max-video-preview":"max-video-preview:-1"},"canonical":"https:\/\/compuviper.mx\/tienda\/producto\/startech-com-sv565utphdu-extensor-de-consola-kvm-hdmi-usb-por-cable-cat5e-cat6-con-video-1080p-hd-sin-comprimir-100m\/","og_locale":"es_MX","og_type":"article","og_title":"[ Startech.com ] &#129351; Sv565utphdu Extensor De Consola Kvm Hdmi Usb Por Cable Cat5e \/ Cat6 Con Video 1080p Hd Sin Comprimir - 100m","og_description":"Compra Sv565utphdu Extensor De Consola Kvm Hdmi Usb Por Cable Cat5e \/ Cat6 Con Video 1080p Hd Sin Comprimir - 100m + Env\u00edo a domicilio + Pago seguro + Garant\u00eda","og_url":"https:\/\/compuviper.mx\/tienda\/producto\/startech-com-sv565utphdu-extensor-de-consola-kvm-hdmi-usb-por-cable-cat5e-cat6-con-video-1080p-hd-sin-comprimir-100m\/","og_site_name":"Compuviper","article_publisher":"https:\/\/www.facebook.com\/compuviper","og_image":[{"width":200,"height":200,"url":"https:\/\/compuviper.mx\/tienda\/wp-content\/uploads\/2023\/12\/Extensor-de-consola-kvm-hdmi-usb-por-cable-cat5e-cat6-con-video-1080p-hd-sin-comprimir-100m.jpg","type":"image\/jpeg"}],"twitter_card":"summary_large_image","twitter_misc":{"Precio":"&#36;17,767 con IVA","Availability":"Out of stock"},"schema":{"@context":"https:\/\/schema.org","@graph":[{"@type":"WebPage","@id":"https:\/\/compuviper.mx\/tienda\/producto\/startech-com-sv565utphdu-extensor-de-consola-kvm-hdmi-usb-por-cable-cat5e-cat6-con-video-1080p-hd-sin-comprimir-100m\/","url":"https:\/\/compuviper.mx\/tienda\/producto\/startech-com-sv565utphdu-extensor-de-consola-kvm-hdmi-usb-por-cable-cat5e-cat6-con-video-1080p-hd-sin-comprimir-100m\/","name":"[ Startech.com ] &#129351; Sv565utphdu Extensor De Consola Kvm Hdmi Usb Por Cable Cat5e \/ Cat6 Con Video 1080p Hd Sin Comprimir - 100m","isPartOf":{"@id":"https:\/\/compuviper.mx\/tienda\/#website"},"datePublished":"2026-04-02T06:03:58+00:00","dateModified":"2026-04-02T06:03:58+00:00","description":"Compra Sv565utphdu Extensor De Consola Kvm Hdmi Usb Por Cable Cat5e \/ Cat6 Con Video 1080p Hd Sin Comprimir - 100m + Env\u00edo a domicilio + Pago seguro + Garant\u00eda","breadcrumb":{"@id":"https:\/\/compuviper.mx\/tienda\/producto\/startech-com-sv565utphdu-extensor-de-consola-kvm-hdmi-usb-por-cable-cat5e-cat6-con-video-1080p-hd-sin-comprimir-100m\/#breadcrumb"},"inLanguage":"es-MX","potentialAction":[{"@type":"ReadAction","target":["https:\/\/compuviper.mx\/tienda\/producto\/startech-com-sv565utphdu-extensor-de-consola-kvm-hdmi-usb-por-cable-cat5e-cat6-con-video-1080p-hd-sin-comprimir-100m\/"]}]},{"@type":"BreadcrumbList","@id":"https:\/\/compuviper.mx\/tienda\/producto\/startech-com-sv565utphdu-extensor-de-consola-kvm-hdmi-usb-por-cable-cat5e-cat6-con-video-1080p-hd-sin-comprimir-100m\/#breadcrumb","itemListElement":[{"@type":"ListItem","position":1,"name":"Inicio","item":"https:\/\/compuviper.mx\/tienda\/"},{"@type":"ListItem","position":2,"name":"Productos","item":"https:\/\/compuviper.mx\/tienda\/productos\/"},{"@type":"ListItem","position":3,"name":"Comunicaciones Unificadas","item":"https:\/\/compuviper.mx\/tienda\/categoria-producto\/comunicaciones-unificadas\/"},{"@type":"ListItem","position":4,"name":"Sin Categor\u00eda","item":"https:\/\/compuviper.mx\/tienda\/categoria-producto\/comunicaciones-unificadas\/sin-categoria-comunicaciones-unificadas\/"},{"@type":"ListItem","position":5,"name":"Startech.com Sv565utphdu Extensor De Consola Kvm Hdmi Usb Por Cable Cat5e \/ Cat6 Con Video 1080p Hd Sin Comprimir &#8211; 100m"}]},{"@type":"WebSite","@id":"https:\/\/compuviper.mx\/tienda\/#website","url":"https:\/\/compuviper.mx\/tienda\/","name":"Compuviper","description":"Proveedor de Computadoras, Laptops, Servidores, Monitores, Puntos de Venta, Teclados,   Impresoras, T\u00f3ner, C\u00e1maras de Seguridad y m\u00e1s en tu tienda en l\u00ednea","publisher":{"@id":"https:\/\/compuviper.mx\/tienda\/#organization"},"potentialAction":[{"@type":"SearchAction","target":{"@type":"EntryPoint","urlTemplate":"https:\/\/compuviper.mx\/tienda\/?s={search_term_string}"},"query-input":"required name=search_term_string"}],"inLanguage":"es-MX"},{"@type":"Organization","@id":"https:\/\/compuviper.mx\/tienda\/#organization","name":"Compuviper","url":"https:\/\/compuviper.mx\/tienda\/","logo":{"@type":"ImageObject","inLanguage":"es-MX","@id":"https:\/\/compuviper.mx\/tienda\/#\/schema\/logo\/image\/","url":"https:\/\/compuviper.mx\/tienda\/wp-content\/uploads\/2021\/08\/Logo-Compuviper-10.png","contentUrl":"https:\/\/compuviper.mx\/tienda\/wp-content\/uploads\/2021\/08\/Logo-Compuviper-10.png","width":1000,"height":500,"caption":"Compuviper"},"image":{"@id":"https:\/\/compuviper.mx\/tienda\/#\/schema\/logo\/image\/"},"sameAs":["https:\/\/www.facebook.com\/compuviper","https:\/\/www.youtube.com\/channel\/UCf73dERp9Y3cfOq7q8BhLjA?view_as=subscriber"]}]},"product_brand":"STARTECH.COM","product_price_amount":"17767","product_price_currency":"MXN","og_availability":"out of stock","product_availability":"out of stock","product_retailer_item_id":"SV565UTPHDU","product_condition":"new"},"_links":{"self":[{"href":"https:\/\/compuviper.mx\/tienda\/wp-json\/wp\/v2\/product\/216010"}],"collection":[{"href":"https:\/\/compuviper.mx\/tienda\/wp-json\/wp\/v2\/product"}],"about":[{"href":"https:\/\/compuviper.mx\/tienda\/wp-json\/wp\/v2\/types\/product"}],"replies":[{"embeddable":true,"href":"https:\/\/compuviper.mx\/tienda\/wp-json\/wp\/v2\/comments?post=216010"}],"wp:featuredmedia":[{"embeddable":true,"href":"https:\/\/compuviper.mx\/tienda\/wp-json\/wp\/v2\/media\/216011"}],"wp:attachment":[{"href":"https:\/\/compuviper.mx\/tienda\/wp-json\/wp\/v2\/media?parent=216010"}],"wp:term":[{"taxonomy":"product_cat","embeddable":true,"href":"https:\/\/compuviper.mx\/tienda\/wp-json\/wp\/v2\/product_cat?post=216010"},{"taxonomy":"product_tag","embeddable":true,"href":"https:\/\/compuviper.mx\/tienda\/wp-json\/wp\/v2\/product_tag?post=216010"}],"curies":[{"name":"wp","href":"https:\/\/api.w.org\/{rel}","templated":true}]}}