{"id":216008,"date":"2026-04-02T00:03:58","date_gmt":"2026-04-02T06:03:58","guid":{"rendered":"https:\/\/compuviper.mx\/tienda\/producto\/manhattan-207850-switch-hdmi-4k60hz-bidireccional-21\/"},"modified":"2026-04-02T00:03:58","modified_gmt":"2026-04-02T06:03:58","slug":"manhattan-207850-switch-hdmi-4k60hz-bidireccional-21","status":"publish","type":"product","link":"https:\/\/compuviper.mx\/tienda\/producto\/manhattan-207850-switch-hdmi-4k60hz-bidireccional-21\/","title":{"rendered":"Manhattan 207850 Switch Hdmi,,, 4k@60hz, Bidireccional 2:1"},"content":{"rendered":"<table class=\"descripcion\">\n<tr>\n<td>Est\u00e1ndares y certificaciones:<\/td>\n<\/tr>\n<tr>\n<td>Hdcp 1.4<\/td>\n<\/tr>\n<tr>\n<td>Cts 1.4b<\/td>\n<\/tr>\n<tr>\n<td>Ce<\/td>\n<\/tr>\n<tr>\n<td>Fcc<\/td>\n<\/tr>\n<tr>\n<td>Rohs2<\/td>\n<\/tr>\n<tr>\n<td>General<\/td>\n<\/tr>\n<tr>\n<td>Distancia fuente-repartidor y repartidor-pantalla: hasta 5 m<\/td>\n<\/tr>\n<tr>\n<td>Posiciones del bot\u00f3n conmutador: arriba (conecta el puerto 1), abajo (conecta el puerto 2)<\/td>\n<\/tr>\n<tr>\n<td>Consumo el\u00e9ctrico: 100 ma<\/td>\n<\/tr>\n<tr>\n<td>Conectores<\/td>\n<\/tr>\n<tr>\n<td>Un conector hdmi hembra (entrada\/salida)<\/td>\n<\/tr>\n<tr>\n<td>Dos conectores hdmi hembra (salida\/entrada)<\/td>\n<\/tr>\n<tr>\n<td>Entrada\/salida de se\u00f1al<\/td>\n<\/tr>\n<tr>\n<td>Se\u00f1al de entrada de v\u00eddeo: 0.5 &#8211; 1.0 v p-p<\/td>\n<\/tr>\n<tr>\n<td>Entrada de se\u00f1al ddc: 5 v p-p (ttl)<\/td>\n<\/tr>\n<tr>\n<td>Rango de enlace individual m\u00e1ximo: 3840 x 2160 con una resoluci\u00f3n de 30 hz y 4096&#215;2160 con una resoluci\u00f3n de 24 hz<\/td>\n<\/tr>\n<tr>\n<td>V\u00eddeo de salida: hdmi 1.4, hdcp 1.4<\/td>\n<\/tr>\n<tr>\n<td>Resoluciones de v\u00eddeo admitidas<\/td>\n<\/tr>\n<tr>\n<td>Dtv\/hdtv: 480i\/480p\/576i\/576p\/720p\/1080i\/1080p\/4k@30hz<\/td>\n<\/tr>\n<tr>\n<td>Caracter\u00edsticas f\u00edsicas<\/td>\n<\/tr>\n<tr>\n<td>Indicadores led: conexi\u00f3n a la corriente y a los puertos<\/td>\n<\/tr>\n<tr>\n<td>Interruptor<\/td>\n<\/tr>\n<tr>\n<td>Dimensiones: 49 x 52 x 20 mm<\/td>\n<\/tr>\n<tr>\n<td>Peso: 0.1 kg<\/td>\n<\/tr>\n<tr>\n<td>Chasis: met\u00e1lico<\/td>\n<\/tr>\n<tr>\n<td>Ambiente de operaci\u00f3n<\/td>\n<\/tr>\n<tr>\n<td>Temperatura de operaci\u00f3n: 0 &#8211; 40\u00b0<\/td>\n<\/tr>\n<tr>\n<td>Temperatura de almacenamiento: -20 -60\u00b0c<\/td>\n<\/tr>\n<tr>\n<td>Humedad (sin condensar): 0 \u0096 96%<\/td>\n<\/tr>\n<tr>\n<td>Contenido del paquete:<\/td>\n<\/tr>\n<tr>\n<td>4k repartidor\/conmutador bidireccional hdmi de 2 puertos<\/td>\n<\/tr>\n<tr>\n<td>Gu\u00eda de instrucciones r\u00e1pidas<\/td>\n<\/tr>\n<\/table>\n","protected":false},"excerpt":{"rendered":"<p>Highlights. Distribuye una se\u00f1al de audio o v\u00eddeo de ultra alta definici\u00f3n (uhd) a una e incluso a dos pantallas uhd hdmi o permite conectar dos fuentes a una pantalla. Resoluci\u00f3n 4k@60hz, video full 3d y color profundo (deep color. C\u00f3modo bot\u00f3n para seleccionar r\u00e1pidamente la(s) pantalla(s) en la funci\u00f3n de divisor o la fuente en la funci\u00f3n de interruptor. Admite amplificadores de v\u00eddeo con un ancho de banda de hasta 340 mhz y 3.4 gb\/s por canal (10.2 gb\/s total) para pantallas de 4k x 2k. Admite deep color de 36 bits (12 bits por canal) y sycc color space. Soporta sonido comprimido dts-hd master y sonido envolvente 7.1, as\u00ed como dolby truehd y sonido lpcm sin compresi\u00f3n de 8 canales. Compatible con hdcp. Compatible con consolas de videojuegos playstation y xbox, reproductores blu-ray, decodificadores de televisi\u00f3n (set-top boxes) y receptores sat\u00e9lite, entre otros ; tambi\u00e9n permite grabar el juego en la pantalla. Plug and play. Contactos en chapa de oro para conexiones libres de corrosi\u00f3n. Tres a\u00f1os de garant\u00eda<\/p>\n","protected":false},"featured_media":216009,"comment_status":"open","ping_status":"open","template":"","meta":[],"product_cat":[1485,1871],"product_tag":[1487],"acf":[],"yoast_head":"<!-- This site is optimized with the Yoast SEO plugin v21.7 - https:\/\/yoast.com\/wordpress\/plugins\/seo\/ -->\n<title>[ Manhattan ] &#129351; 207850 Switch Hdmi,,, 4k@60hz, Bidireccional 2:1<\/title>\n<meta name=\"description\" content=\"Compra 207850 Switch Hdmi,,, 4k@60hz, Bidireccional 2:1 + Env\u00edo a domicilio + Pago seguro + Garant\u00eda\" \/>\n<meta name=\"robots\" content=\"index, follow, max-snippet:-1, max-image-preview:large, max-video-preview:-1\" \/>\n<link rel=\"canonical\" href=\"https:\/\/compuviper.mx\/tienda\/producto\/manhattan-207850-switch-hdmi-4k60hz-bidireccional-21\/\" \/>\n<meta property=\"og:locale\" content=\"es_MX\" \/>\n<meta property=\"og:type\" content=\"article\" \/>\n<meta property=\"og:title\" content=\"[ Manhattan ] &#129351; 207850 Switch Hdmi,,, 4k@60hz, Bidireccional 2:1\" \/>\n<meta property=\"og:description\" content=\"Compra 207850 Switch Hdmi,,, 4k@60hz, Bidireccional 2:1 + Env\u00edo a domicilio + Pago seguro + Garant\u00eda\" \/>\n<meta property=\"og:url\" content=\"https:\/\/compuviper.mx\/tienda\/producto\/manhattan-207850-switch-hdmi-4k60hz-bidireccional-21\/\" \/>\n<meta property=\"og:site_name\" content=\"Compuviper\" \/>\n<meta property=\"article:publisher\" content=\"https:\/\/www.facebook.com\/compuviper\" \/>\n<meta property=\"og:image\" content=\"https:\/\/compuviper.mx\/tienda\/wp-content\/uploads\/2023\/12\/Switch-hdmimanhattan207850-4k@60hz-bidireccional-21.jpg\" \/>\n\t<meta property=\"og:image:width\" content=\"200\" \/>\n\t<meta property=\"og:image:height\" content=\"200\" \/>\n\t<meta property=\"og:image:type\" content=\"image\/jpeg\" \/>\n<meta name=\"twitter:card\" content=\"summary_large_image\" \/>\n<meta name=\"twitter:label1\" content=\"Precio\" \/>\n\t<meta name=\"twitter:data1\" content=\"&#36;345 con IVA\" \/>\n\t<meta name=\"twitter:label2\" content=\"Availability\" \/>\n\t<meta name=\"twitter:data2\" content=\"In stock\" \/>\n<script type=\"application\/ld+json\" class=\"yoast-schema-graph\">{\"@context\":\"https:\/\/schema.org\",\"@graph\":[{\"@type\":\"WebPage\",\"@id\":\"https:\/\/compuviper.mx\/tienda\/producto\/manhattan-207850-switch-hdmi-4k60hz-bidireccional-21\/\",\"url\":\"https:\/\/compuviper.mx\/tienda\/producto\/manhattan-207850-switch-hdmi-4k60hz-bidireccional-21\/\",\"name\":\"[ Manhattan ] &#129351; 207850 Switch Hdmi,,, 4k@60hz, Bidireccional 2:1\",\"isPartOf\":{\"@id\":\"https:\/\/compuviper.mx\/tienda\/#website\"},\"datePublished\":\"2026-04-02T06:03:58+00:00\",\"dateModified\":\"2026-04-02T06:03:58+00:00\",\"description\":\"Compra 207850 Switch Hdmi,,, 4k@60hz, Bidireccional 2:1 + Env\u00edo a domicilio + Pago seguro + Garant\u00eda\",\"breadcrumb\":{\"@id\":\"https:\/\/compuviper.mx\/tienda\/producto\/manhattan-207850-switch-hdmi-4k60hz-bidireccional-21\/#breadcrumb\"},\"inLanguage\":\"es-MX\",\"potentialAction\":[{\"@type\":\"ReadAction\",\"target\":[\"https:\/\/compuviper.mx\/tienda\/producto\/manhattan-207850-switch-hdmi-4k60hz-bidireccional-21\/\"]}]},{\"@type\":\"BreadcrumbList\",\"@id\":\"https:\/\/compuviper.mx\/tienda\/producto\/manhattan-207850-switch-hdmi-4k60hz-bidireccional-21\/#breadcrumb\",\"itemListElement\":[{\"@type\":\"ListItem\",\"position\":1,\"name\":\"Inicio\",\"item\":\"https:\/\/compuviper.mx\/tienda\/\"},{\"@type\":\"ListItem\",\"position\":2,\"name\":\"Productos\",\"item\":\"https:\/\/compuviper.mx\/tienda\/productos\/\"},{\"@type\":\"ListItem\",\"position\":3,\"name\":\"Accesorios\",\"item\":\"https:\/\/compuviper.mx\/tienda\/categoria-producto\/accesorios\/\"},{\"@type\":\"ListItem\",\"position\":4,\"name\":\"Cargador De Pared\",\"item\":\"https:\/\/compuviper.mx\/tienda\/categoria-producto\/accesorios\/cargador-de-pared\/\"},{\"@type\":\"ListItem\",\"position\":5,\"name\":\"Manhattan 207850 Switch Hdmi,,, 4k@60hz, Bidireccional 2:1\"}]},{\"@type\":\"WebSite\",\"@id\":\"https:\/\/compuviper.mx\/tienda\/#website\",\"url\":\"https:\/\/compuviper.mx\/tienda\/\",\"name\":\"Compuviper\",\"description\":\"Proveedor de Computadoras, Laptops, Servidores, Monitores, Puntos de Venta, Teclados,   Impresoras, T\u00f3ner, C\u00e1maras de Seguridad y m\u00e1s en tu tienda en l\u00ednea\",\"publisher\":{\"@id\":\"https:\/\/compuviper.mx\/tienda\/#organization\"},\"potentialAction\":[{\"@type\":\"SearchAction\",\"target\":{\"@type\":\"EntryPoint\",\"urlTemplate\":\"https:\/\/compuviper.mx\/tienda\/?s={search_term_string}\"},\"query-input\":\"required name=search_term_string\"}],\"inLanguage\":\"es-MX\"},{\"@type\":\"Organization\",\"@id\":\"https:\/\/compuviper.mx\/tienda\/#organization\",\"name\":\"Compuviper\",\"url\":\"https:\/\/compuviper.mx\/tienda\/\",\"logo\":{\"@type\":\"ImageObject\",\"inLanguage\":\"es-MX\",\"@id\":\"https:\/\/compuviper.mx\/tienda\/#\/schema\/logo\/image\/\",\"url\":\"https:\/\/compuviper.mx\/tienda\/wp-content\/uploads\/2021\/08\/Logo-Compuviper-10.png\",\"contentUrl\":\"https:\/\/compuviper.mx\/tienda\/wp-content\/uploads\/2021\/08\/Logo-Compuviper-10.png\",\"width\":1000,\"height\":500,\"caption\":\"Compuviper\"},\"image\":{\"@id\":\"https:\/\/compuviper.mx\/tienda\/#\/schema\/logo\/image\/\"},\"sameAs\":[\"https:\/\/www.facebook.com\/compuviper\",\"https:\/\/www.youtube.com\/channel\/UCf73dERp9Y3cfOq7q8BhLjA?view_as=subscriber\"]}]}<\/script>\n<meta property=\"product:brand\" content=\"MANHATTAN\" \/>\n<meta property=\"product:price:amount\" content=\"345\" \/>\n<meta property=\"product:price:currency\" content=\"MXN\" \/>\n<meta property=\"og:availability\" content=\"instock\" \/>\n<meta property=\"product:availability\" content=\"instock\" \/>\n<meta property=\"product:retailer_item_id\" content=\"207850\" \/>\n<meta property=\"product:condition\" content=\"new\" \/>\n<!-- \/ Yoast SEO plugin. -->","yoast_head_json":{"title":"[ Manhattan ] &#129351; 207850 Switch Hdmi,,, 4k@60hz, Bidireccional 2:1","description":"Compra 207850 Switch Hdmi,,, 4k@60hz, Bidireccional 2:1 + Env\u00edo a domicilio + Pago seguro + Garant\u00eda","robots":{"index":"index","follow":"follow","max-snippet":"max-snippet:-1","max-image-preview":"max-image-preview:large","max-video-preview":"max-video-preview:-1"},"canonical":"https:\/\/compuviper.mx\/tienda\/producto\/manhattan-207850-switch-hdmi-4k60hz-bidireccional-21\/","og_locale":"es_MX","og_type":"article","og_title":"[ Manhattan ] &#129351; 207850 Switch Hdmi,,, 4k@60hz, Bidireccional 2:1","og_description":"Compra 207850 Switch Hdmi,,, 4k@60hz, Bidireccional 2:1 + Env\u00edo a domicilio + Pago seguro + Garant\u00eda","og_url":"https:\/\/compuviper.mx\/tienda\/producto\/manhattan-207850-switch-hdmi-4k60hz-bidireccional-21\/","og_site_name":"Compuviper","article_publisher":"https:\/\/www.facebook.com\/compuviper","og_image":[{"width":200,"height":200,"url":"https:\/\/compuviper.mx\/tienda\/wp-content\/uploads\/2023\/12\/Switch-hdmimanhattan207850-4k@60hz-bidireccional-21.jpg","type":"image\/jpeg"}],"twitter_card":"summary_large_image","twitter_misc":{"Precio":"&#36;345 con IVA","Availability":"In stock"},"schema":{"@context":"https:\/\/schema.org","@graph":[{"@type":"WebPage","@id":"https:\/\/compuviper.mx\/tienda\/producto\/manhattan-207850-switch-hdmi-4k60hz-bidireccional-21\/","url":"https:\/\/compuviper.mx\/tienda\/producto\/manhattan-207850-switch-hdmi-4k60hz-bidireccional-21\/","name":"[ Manhattan ] &#129351; 207850 Switch Hdmi,,, 4k@60hz, Bidireccional 2:1","isPartOf":{"@id":"https:\/\/compuviper.mx\/tienda\/#website"},"datePublished":"2026-04-02T06:03:58+00:00","dateModified":"2026-04-02T06:03:58+00:00","description":"Compra 207850 Switch Hdmi,,, 4k@60hz, Bidireccional 2:1 + Env\u00edo a domicilio + Pago seguro + Garant\u00eda","breadcrumb":{"@id":"https:\/\/compuviper.mx\/tienda\/producto\/manhattan-207850-switch-hdmi-4k60hz-bidireccional-21\/#breadcrumb"},"inLanguage":"es-MX","potentialAction":[{"@type":"ReadAction","target":["https:\/\/compuviper.mx\/tienda\/producto\/manhattan-207850-switch-hdmi-4k60hz-bidireccional-21\/"]}]},{"@type":"BreadcrumbList","@id":"https:\/\/compuviper.mx\/tienda\/producto\/manhattan-207850-switch-hdmi-4k60hz-bidireccional-21\/#breadcrumb","itemListElement":[{"@type":"ListItem","position":1,"name":"Inicio","item":"https:\/\/compuviper.mx\/tienda\/"},{"@type":"ListItem","position":2,"name":"Productos","item":"https:\/\/compuviper.mx\/tienda\/productos\/"},{"@type":"ListItem","position":3,"name":"Accesorios","item":"https:\/\/compuviper.mx\/tienda\/categoria-producto\/accesorios\/"},{"@type":"ListItem","position":4,"name":"Cargador De Pared","item":"https:\/\/compuviper.mx\/tienda\/categoria-producto\/accesorios\/cargador-de-pared\/"},{"@type":"ListItem","position":5,"name":"Manhattan 207850 Switch Hdmi,,, 4k@60hz, Bidireccional 2:1"}]},{"@type":"WebSite","@id":"https:\/\/compuviper.mx\/tienda\/#website","url":"https:\/\/compuviper.mx\/tienda\/","name":"Compuviper","description":"Proveedor de Computadoras, Laptops, Servidores, Monitores, Puntos de Venta, Teclados,   Impresoras, T\u00f3ner, C\u00e1maras de Seguridad y m\u00e1s en tu tienda en l\u00ednea","publisher":{"@id":"https:\/\/compuviper.mx\/tienda\/#organization"},"potentialAction":[{"@type":"SearchAction","target":{"@type":"EntryPoint","urlTemplate":"https:\/\/compuviper.mx\/tienda\/?s={search_term_string}"},"query-input":"required name=search_term_string"}],"inLanguage":"es-MX"},{"@type":"Organization","@id":"https:\/\/compuviper.mx\/tienda\/#organization","name":"Compuviper","url":"https:\/\/compuviper.mx\/tienda\/","logo":{"@type":"ImageObject","inLanguage":"es-MX","@id":"https:\/\/compuviper.mx\/tienda\/#\/schema\/logo\/image\/","url":"https:\/\/compuviper.mx\/tienda\/wp-content\/uploads\/2021\/08\/Logo-Compuviper-10.png","contentUrl":"https:\/\/compuviper.mx\/tienda\/wp-content\/uploads\/2021\/08\/Logo-Compuviper-10.png","width":1000,"height":500,"caption":"Compuviper"},"image":{"@id":"https:\/\/compuviper.mx\/tienda\/#\/schema\/logo\/image\/"},"sameAs":["https:\/\/www.facebook.com\/compuviper","https:\/\/www.youtube.com\/channel\/UCf73dERp9Y3cfOq7q8BhLjA?view_as=subscriber"]}]},"product_brand":"MANHATTAN","product_price_amount":"345","product_price_currency":"MXN","og_availability":"instock","product_availability":"instock","product_retailer_item_id":"207850","product_condition":"new"},"_links":{"self":[{"href":"https:\/\/compuviper.mx\/tienda\/wp-json\/wp\/v2\/product\/216008"}],"collection":[{"href":"https:\/\/compuviper.mx\/tienda\/wp-json\/wp\/v2\/product"}],"about":[{"href":"https:\/\/compuviper.mx\/tienda\/wp-json\/wp\/v2\/types\/product"}],"replies":[{"embeddable":true,"href":"https:\/\/compuviper.mx\/tienda\/wp-json\/wp\/v2\/comments?post=216008"}],"wp:featuredmedia":[{"embeddable":true,"href":"https:\/\/compuviper.mx\/tienda\/wp-json\/wp\/v2\/media\/216009"}],"wp:attachment":[{"href":"https:\/\/compuviper.mx\/tienda\/wp-json\/wp\/v2\/media?parent=216008"}],"wp:term":[{"taxonomy":"product_cat","embeddable":true,"href":"https:\/\/compuviper.mx\/tienda\/wp-json\/wp\/v2\/product_cat?post=216008"},{"taxonomy":"product_tag","embeddable":true,"href":"https:\/\/compuviper.mx\/tienda\/wp-json\/wp\/v2\/product_tag?post=216008"}],"curies":[{"name":"wp","href":"https:\/\/api.w.org\/{rel}","templated":true}]}}