{"id":216006,"date":"2026-04-02T00:03:57","date_gmt":"2026-04-02T06:03:57","guid":{"rendered":"https:\/\/compuviper.mx\/tienda\/producto\/grandstream-ucm6308a-conmutador-ip-serie-audio-8fxo8fxs-1500-extensiones-sip-200-llamadas-simultaneas-3-puertos-gigabit-montaje-en-rack-y-escritorio-compatible-con-gdms-remote-connet-wave\/"},"modified":"2026-04-02T00:03:57","modified_gmt":"2026-04-02T06:03:57","slug":"grandstream-ucm6308a-conmutador-ip-serie-audio-8fxo8fxs-1500-extensiones-sip-200-llamadas-simultaneas-3-puertos-gigabit-montaje-en-rack-y-escritorio-compatible-con-gdms-remote-connet-wave","status":"publish","type":"product","link":"https:\/\/compuviper.mx\/tienda\/producto\/grandstream-ucm6308a-conmutador-ip-serie-audio-8fxo8fxs-1500-extensiones-sip-200-llamadas-simultaneas-3-puertos-gigabit-montaje-en-rack-y-escritorio-compatible-con-gdms-remote-connet-wave\/","title":{"rendered":"Grandstream Ucm6308a Conmutador Ip  \/ Serie Audio 8fxo8fxs 1500 Extensiones Sip 200 Llamadas Simultaneas 3 Puertos Gigabit Montaje En Rack Y Escritorio Compatible Con Gdms Remote Connet Wave"},"content":{"rendered":"<table class=\"descripcion\">\n<tr>\n<td>-puertos fxs anal\u00f3gicos: 8 puertos rj11<\/td>\n<\/tr>\n<tr>\n<td>-puertos de l\u00ednea fxo: 8 puertos rj11<\/td>\n<\/tr>\n<tr>\n<td>-interfaces de red tres puertos gigabit autoadaptables (conmutado, enrutado o modo dual) con poe +<\/td>\n<\/tr>\n<tr>\n<td>-router nat si (soporta modo router y modo switch)<\/td>\n<\/tr>\n<tr>\n<td>-puertos perif\u00e9ricos. 2*usb 3.0, 1* ranura sd<\/td>\n<\/tr>\n<tr>\n<td>-indicadores led: power 1\/2, fxs, fxo, lan, wan, heartbeat<\/td>\n<\/tr>\n<tr>\n<td>-pantalla lcd: lcd gr\u00e1fico de matriz de puntos<\/td>\n<\/tr>\n<tr>\n<td>De 128&#215;32 con botones abajo y ok<\/td>\n<\/tr>\n<tr>\n<td>-c\u00f3decs de voz y fax opus, g.711 a-law\/u-law, g.722, g722.1 g722.1c, g.723.1 5.3k\/6.3k, g.726-32, g.729a\/b, ilbc, gsm; t.38<\/td>\n<\/tr>\n<tr>\n<td>-qos capa 2 qos (802.1q, 802.1p) y capa 3 (tos, diffserv, mpls) qos<\/td>\n<\/tr>\n<tr>\n<td>-api api completa disponible para la integraci\u00f3n de aplicaciones y plataformas de terceros<\/td>\n<\/tr>\n<tr>\n<td>-sistema operativo de telefon\u00eda basado en asterisk versi\u00f3n 16<\/td>\n<\/tr>\n<tr>\n<td>-protocolos de red tcp\/udp\/ip, rtp\/rtcp, icmp, arp, dns, ddns, dhcp, ntp, tftp, ssh, http\/https, pppoe, stun, srtp, tls, ldap,<\/td>\n<\/tr>\n<tr>\n<td>Hdlc, hdlc-eth, ppp, frame relay (pending), ipv6, openvpn\u00ae<\/td>\n<\/tr>\n<tr>\n<td>-cifrado de media srtp, tls, https, ssh, 802.1x<\/td>\n<\/tr>\n<tr>\n<td>-fuente de poder universal:2x dc 12v entradas de energ\u00eda<\/td>\n<\/tr>\n<tr>\n<td>Entrada: 100~240vac,<\/td>\n<\/tr>\n<tr>\n<td>50\/60hz;salida: dc 12v, 2a<\/td>\n<\/tr>\n<tr>\n<td>-montaje: montaje en rack y escritorio<\/td>\n<\/tr>\n<tr>\n<td>-capacidad m\u00e1xima de llamadas: usuarios: 1500<\/td>\n<\/tr>\n<tr>\n<td>Llamadas concurrentes (g.711):<\/td>\n<\/tr>\n<tr>\n<td>5200llamdas concurrentes con<\/td>\n<\/tr>\n<tr>\n<td>Srtp (g.711): 150<\/td>\n<\/tr>\n<\/table>\n","protected":false},"excerpt":{"rendered":"<p>A serie ucm6300 audio, permite a las empresas crear soluciones de colaboraci\u00f3n y comunicaci\u00f3n unificadas potentes y escalables. Esta serie de pbx ipproporciona una plataforma que unifica todas las comunicaciones en una red centralizada, que incluye llamadas. Voz, reuniones de voz, datos, an\u00e1lisis, movilidad, control de acceso a las instalaciones, intercomunicadores y m\u00e1s. La serie ucm6300. Audio admite hasta 1500 usuarios e incluye una soluci\u00f3n integrada de reuniones web y reuniones de audio que permite a los empleados. Conectarse desde tel\u00e9fonos ip de escritorio, dispositivos moviles, dispositivos de la serie gvc y computadoras. Se puede integrar con el. Ecosistema de la serie ucm6300 para ofrecer una plataforma h\u00edbrida que combina el control de una pbx ip en sitio, con el acceso remoto. De una soluci\u00f3n en la nube. El ecosistema de la serie ucm6300 consta de la aplicaci\u00f3n wave para escritorio y dispositivos m\u00f3viles, que. Proporciona un punto para colaborar de forma remota, y ucm remoteconnect, un servicio de cruce de nat en la nube para garantizar. Conexiones remotas seguras. La serie ucm6300 audio tambi\u00e9n ofrece configuraci\u00f3n y administraci\u00f3n en la nube a trav\u00e9s de gdms y una. Api para la integraci\u00f3n con plataformas de terceros. Al ofrecer una solucion de colaboracion y comunicaciones unificadas de alta gama. Con un conjunto de herramientas de movilidad, seguridad, reuniones y colaboracion, la serie ucm6300 audio proporciona una plataforma. Poderosa para cualquier organizacion.<\/p>\n","protected":false},"featured_media":216007,"comment_status":"open","ping_status":"open","template":"","meta":[],"product_cat":[1651,1653],"product_tag":[1576],"acf":[],"yoast_head":"<!-- This site is optimized with the Yoast SEO plugin v21.7 - https:\/\/yoast.com\/wordpress\/plugins\/seo\/ -->\n<title>[ Grandstream ] &#129351; Ucm6308a Conmutador Ip \/ Serie Audio 8fxo8fxs 1500 Extensiones Sip 200 Llamadas Simultaneas 3 Puertos Gigabit Montaje En Rack Y Escritorio Compatible Con Gdms Remote Connet Wave<\/title>\n<meta name=\"description\" content=\"Compra Ucm6308a Conmutador Ip \/ Serie Audio 8fxo8fxs 1500 Extensiones Sip 200 Llamadas Simultaneas 3 Puertos Gigabit Montaje En Rack Y Escritorio Compatible Con Gdms Remote Connet Wave + Env\u00edo a domicilio + Pago seguro + Garant\u00eda\" \/>\n<meta name=\"robots\" content=\"index, follow, max-snippet:-1, max-image-preview:large, max-video-preview:-1\" \/>\n<link rel=\"canonical\" href=\"https:\/\/compuviper.mx\/tienda\/producto\/grandstream-ucm6308a-conmutador-ip-serie-audio-8fxo8fxs-1500-extensiones-sip-200-llamadas-simultaneas-3-puertos-gigabit-montaje-en-rack-y-escritorio-compatible-con-gdms-remote-connet-wave\/\" \/>\n<meta property=\"og:locale\" content=\"es_MX\" \/>\n<meta property=\"og:type\" content=\"article\" \/>\n<meta property=\"og:title\" content=\"[ Grandstream ] &#129351; Ucm6308a Conmutador Ip \/ Serie Audio 8fxo8fxs 1500 Extensiones Sip 200 Llamadas Simultaneas 3 Puertos Gigabit Montaje En Rack Y Escritorio Compatible Con Gdms Remote Connet Wave\" \/>\n<meta property=\"og:description\" content=\"Compra Ucm6308a Conmutador Ip \/ Serie Audio 8fxo8fxs 1500 Extensiones Sip 200 Llamadas Simultaneas 3 Puertos Gigabit Montaje En Rack Y Escritorio Compatible Con Gdms Remote Connet Wave + Env\u00edo a domicilio + Pago seguro + Garant\u00eda\" \/>\n<meta property=\"og:url\" content=\"https:\/\/compuviper.mx\/tienda\/producto\/grandstream-ucm6308a-conmutador-ip-serie-audio-8fxo8fxs-1500-extensiones-sip-200-llamadas-simultaneas-3-puertos-gigabit-montaje-en-rack-y-escritorio-compatible-con-gdms-remote-connet-wave\/\" \/>\n<meta property=\"og:site_name\" content=\"Compuviper\" \/>\n<meta property=\"article:publisher\" content=\"https:\/\/www.facebook.com\/compuviper\" \/>\n<meta property=\"og:image\" content=\"https:\/\/compuviper.mx\/tienda\/wp-content\/uploads\/2023\/12\/Conmutador-ip-grandstream-ucm6308a-serie-audio-8fxo8fxs-1500-extensiones-sip-200-llamadas-simultaneas-3-puertos-gigabit-montaje-en-rack-y-escritorio-compatible-con-gdms-remote-connet-wave.jpg\" \/>\n\t<meta property=\"og:image:width\" content=\"200\" \/>\n\t<meta property=\"og:image:height\" content=\"200\" \/>\n\t<meta property=\"og:image:type\" content=\"image\/jpeg\" \/>\n<meta name=\"twitter:card\" content=\"summary_large_image\" \/>\n<meta name=\"twitter:label1\" content=\"Precio\" \/>\n\t<meta name=\"twitter:data1\" content=\"&#36;14,477 &#36;13,198 con IVA\" \/>\n\t<meta name=\"twitter:label2\" content=\"Availability\" \/>\n\t<meta name=\"twitter:data2\" content=\"Out of stock\" \/>\n<script type=\"application\/ld+json\" class=\"yoast-schema-graph\">{\"@context\":\"https:\/\/schema.org\",\"@graph\":[{\"@type\":\"WebPage\",\"@id\":\"https:\/\/compuviper.mx\/tienda\/producto\/grandstream-ucm6308a-conmutador-ip-serie-audio-8fxo8fxs-1500-extensiones-sip-200-llamadas-simultaneas-3-puertos-gigabit-montaje-en-rack-y-escritorio-compatible-con-gdms-remote-connet-wave\/\",\"url\":\"https:\/\/compuviper.mx\/tienda\/producto\/grandstream-ucm6308a-conmutador-ip-serie-audio-8fxo8fxs-1500-extensiones-sip-200-llamadas-simultaneas-3-puertos-gigabit-montaje-en-rack-y-escritorio-compatible-con-gdms-remote-connet-wave\/\",\"name\":\"[ Grandstream ] &#129351; Ucm6308a Conmutador Ip \/ Serie Audio 8fxo8fxs 1500 Extensiones Sip 200 Llamadas Simultaneas 3 Puertos Gigabit Montaje En Rack Y Escritorio Compatible Con Gdms Remote Connet Wave\",\"isPartOf\":{\"@id\":\"https:\/\/compuviper.mx\/tienda\/#website\"},\"datePublished\":\"2026-04-02T06:03:57+00:00\",\"dateModified\":\"2026-04-02T06:03:57+00:00\",\"description\":\"Compra Ucm6308a Conmutador Ip \/ Serie Audio 8fxo8fxs 1500 Extensiones Sip 200 Llamadas Simultaneas 3 Puertos Gigabit Montaje En Rack Y Escritorio Compatible Con Gdms Remote Connet Wave + Env\u00edo a domicilio + Pago seguro + Garant\u00eda\",\"breadcrumb\":{\"@id\":\"https:\/\/compuviper.mx\/tienda\/producto\/grandstream-ucm6308a-conmutador-ip-serie-audio-8fxo8fxs-1500-extensiones-sip-200-llamadas-simultaneas-3-puertos-gigabit-montaje-en-rack-y-escritorio-compatible-con-gdms-remote-connet-wave\/#breadcrumb\"},\"inLanguage\":\"es-MX\",\"potentialAction\":[{\"@type\":\"ReadAction\",\"target\":[\"https:\/\/compuviper.mx\/tienda\/producto\/grandstream-ucm6308a-conmutador-ip-serie-audio-8fxo8fxs-1500-extensiones-sip-200-llamadas-simultaneas-3-puertos-gigabit-montaje-en-rack-y-escritorio-compatible-con-gdms-remote-connet-wave\/\"]}]},{\"@type\":\"BreadcrumbList\",\"@id\":\"https:\/\/compuviper.mx\/tienda\/producto\/grandstream-ucm6308a-conmutador-ip-serie-audio-8fxo8fxs-1500-extensiones-sip-200-llamadas-simultaneas-3-puertos-gigabit-montaje-en-rack-y-escritorio-compatible-con-gdms-remote-connet-wave\/#breadcrumb\",\"itemListElement\":[{\"@type\":\"ListItem\",\"position\":1,\"name\":\"Inicio\",\"item\":\"https:\/\/compuviper.mx\/tienda\/\"},{\"@type\":\"ListItem\",\"position\":2,\"name\":\"Productos\",\"item\":\"https:\/\/compuviper.mx\/tienda\/productos\/\"},{\"@type\":\"ListItem\",\"position\":3,\"name\":\"Conmutadores\",\"item\":\"https:\/\/compuviper.mx\/tienda\/categoria-producto\/conmutadores-2\/\"},{\"@type\":\"ListItem\",\"position\":4,\"name\":\"Ip Pbx\",\"item\":\"https:\/\/compuviper.mx\/tienda\/categoria-producto\/conmutadores-2\/ip-pbx\/\"},{\"@type\":\"ListItem\",\"position\":5,\"name\":\"Grandstream Ucm6308a Conmutador Ip \/ Serie Audio 8fxo8fxs 1500 Extensiones Sip 200 Llamadas Simultaneas 3 Puertos Gigabit Montaje En Rack Y Escritorio Compatible Con Gdms Remote Connet Wave\"}]},{\"@type\":\"WebSite\",\"@id\":\"https:\/\/compuviper.mx\/tienda\/#website\",\"url\":\"https:\/\/compuviper.mx\/tienda\/\",\"name\":\"Compuviper\",\"description\":\"Proveedor de Computadoras, Laptops, Servidores, Monitores, Puntos de Venta, Teclados,   Impresoras, T\u00f3ner, C\u00e1maras de Seguridad y m\u00e1s en tu tienda en l\u00ednea\",\"publisher\":{\"@id\":\"https:\/\/compuviper.mx\/tienda\/#organization\"},\"potentialAction\":[{\"@type\":\"SearchAction\",\"target\":{\"@type\":\"EntryPoint\",\"urlTemplate\":\"https:\/\/compuviper.mx\/tienda\/?s={search_term_string}\"},\"query-input\":\"required name=search_term_string\"}],\"inLanguage\":\"es-MX\"},{\"@type\":\"Organization\",\"@id\":\"https:\/\/compuviper.mx\/tienda\/#organization\",\"name\":\"Compuviper\",\"url\":\"https:\/\/compuviper.mx\/tienda\/\",\"logo\":{\"@type\":\"ImageObject\",\"inLanguage\":\"es-MX\",\"@id\":\"https:\/\/compuviper.mx\/tienda\/#\/schema\/logo\/image\/\",\"url\":\"https:\/\/compuviper.mx\/tienda\/wp-content\/uploads\/2021\/08\/Logo-Compuviper-10.png\",\"contentUrl\":\"https:\/\/compuviper.mx\/tienda\/wp-content\/uploads\/2021\/08\/Logo-Compuviper-10.png\",\"width\":1000,\"height\":500,\"caption\":\"Compuviper\"},\"image\":{\"@id\":\"https:\/\/compuviper.mx\/tienda\/#\/schema\/logo\/image\/\"},\"sameAs\":[\"https:\/\/www.facebook.com\/compuviper\",\"https:\/\/www.youtube.com\/channel\/UCf73dERp9Y3cfOq7q8BhLjA?view_as=subscriber\"]}]}<\/script>\n<meta property=\"product:brand\" content=\"GRANDSTREAM\" \/>\n<meta property=\"product:price:amount\" content=\"13198\" \/>\n<meta property=\"product:price:currency\" content=\"MXN\" \/>\n<meta property=\"og:availability\" content=\"out of stock\" \/>\n<meta property=\"product:availability\" content=\"out of stock\" \/>\n<meta property=\"product:retailer_item_id\" content=\"UCM6308A\" \/>\n<meta property=\"product:condition\" content=\"new\" \/>\n<!-- \/ Yoast SEO plugin. -->","yoast_head_json":{"title":"[ Grandstream ] &#129351; Ucm6308a Conmutador Ip \/ Serie Audio 8fxo8fxs 1500 Extensiones Sip 200 Llamadas Simultaneas 3 Puertos Gigabit Montaje En Rack Y Escritorio Compatible Con Gdms Remote Connet Wave","description":"Compra Ucm6308a Conmutador Ip \/ Serie Audio 8fxo8fxs 1500 Extensiones Sip 200 Llamadas Simultaneas 3 Puertos Gigabit Montaje En Rack Y Escritorio Compatible Con Gdms Remote Connet Wave + Env\u00edo a domicilio + Pago seguro + Garant\u00eda","robots":{"index":"index","follow":"follow","max-snippet":"max-snippet:-1","max-image-preview":"max-image-preview:large","max-video-preview":"max-video-preview:-1"},"canonical":"https:\/\/compuviper.mx\/tienda\/producto\/grandstream-ucm6308a-conmutador-ip-serie-audio-8fxo8fxs-1500-extensiones-sip-200-llamadas-simultaneas-3-puertos-gigabit-montaje-en-rack-y-escritorio-compatible-con-gdms-remote-connet-wave\/","og_locale":"es_MX","og_type":"article","og_title":"[ Grandstream ] &#129351; Ucm6308a Conmutador Ip \/ Serie Audio 8fxo8fxs 1500 Extensiones Sip 200 Llamadas Simultaneas 3 Puertos Gigabit Montaje En Rack Y Escritorio Compatible Con Gdms Remote Connet Wave","og_description":"Compra Ucm6308a Conmutador Ip \/ Serie Audio 8fxo8fxs 1500 Extensiones Sip 200 Llamadas Simultaneas 3 Puertos Gigabit Montaje En Rack Y Escritorio Compatible Con Gdms Remote Connet Wave + Env\u00edo a domicilio + Pago seguro + Garant\u00eda","og_url":"https:\/\/compuviper.mx\/tienda\/producto\/grandstream-ucm6308a-conmutador-ip-serie-audio-8fxo8fxs-1500-extensiones-sip-200-llamadas-simultaneas-3-puertos-gigabit-montaje-en-rack-y-escritorio-compatible-con-gdms-remote-connet-wave\/","og_site_name":"Compuviper","article_publisher":"https:\/\/www.facebook.com\/compuviper","og_image":[{"width":200,"height":200,"url":"https:\/\/compuviper.mx\/tienda\/wp-content\/uploads\/2023\/12\/Conmutador-ip-grandstream-ucm6308a-serie-audio-8fxo8fxs-1500-extensiones-sip-200-llamadas-simultaneas-3-puertos-gigabit-montaje-en-rack-y-escritorio-compatible-con-gdms-remote-connet-wave.jpg","type":"image\/jpeg"}],"twitter_card":"summary_large_image","twitter_misc":{"Precio":"&#36;14,477 &#36;13,198 con IVA","Availability":"Out of stock"},"schema":{"@context":"https:\/\/schema.org","@graph":[{"@type":"WebPage","@id":"https:\/\/compuviper.mx\/tienda\/producto\/grandstream-ucm6308a-conmutador-ip-serie-audio-8fxo8fxs-1500-extensiones-sip-200-llamadas-simultaneas-3-puertos-gigabit-montaje-en-rack-y-escritorio-compatible-con-gdms-remote-connet-wave\/","url":"https:\/\/compuviper.mx\/tienda\/producto\/grandstream-ucm6308a-conmutador-ip-serie-audio-8fxo8fxs-1500-extensiones-sip-200-llamadas-simultaneas-3-puertos-gigabit-montaje-en-rack-y-escritorio-compatible-con-gdms-remote-connet-wave\/","name":"[ Grandstream ] &#129351; Ucm6308a Conmutador Ip \/ Serie Audio 8fxo8fxs 1500 Extensiones Sip 200 Llamadas Simultaneas 3 Puertos Gigabit Montaje En Rack Y Escritorio Compatible Con Gdms Remote Connet Wave","isPartOf":{"@id":"https:\/\/compuviper.mx\/tienda\/#website"},"datePublished":"2026-04-02T06:03:57+00:00","dateModified":"2026-04-02T06:03:57+00:00","description":"Compra Ucm6308a Conmutador Ip \/ Serie Audio 8fxo8fxs 1500 Extensiones Sip 200 Llamadas Simultaneas 3 Puertos Gigabit Montaje En Rack Y Escritorio Compatible Con Gdms Remote Connet Wave + Env\u00edo a domicilio + Pago seguro + Garant\u00eda","breadcrumb":{"@id":"https:\/\/compuviper.mx\/tienda\/producto\/grandstream-ucm6308a-conmutador-ip-serie-audio-8fxo8fxs-1500-extensiones-sip-200-llamadas-simultaneas-3-puertos-gigabit-montaje-en-rack-y-escritorio-compatible-con-gdms-remote-connet-wave\/#breadcrumb"},"inLanguage":"es-MX","potentialAction":[{"@type":"ReadAction","target":["https:\/\/compuviper.mx\/tienda\/producto\/grandstream-ucm6308a-conmutador-ip-serie-audio-8fxo8fxs-1500-extensiones-sip-200-llamadas-simultaneas-3-puertos-gigabit-montaje-en-rack-y-escritorio-compatible-con-gdms-remote-connet-wave\/"]}]},{"@type":"BreadcrumbList","@id":"https:\/\/compuviper.mx\/tienda\/producto\/grandstream-ucm6308a-conmutador-ip-serie-audio-8fxo8fxs-1500-extensiones-sip-200-llamadas-simultaneas-3-puertos-gigabit-montaje-en-rack-y-escritorio-compatible-con-gdms-remote-connet-wave\/#breadcrumb","itemListElement":[{"@type":"ListItem","position":1,"name":"Inicio","item":"https:\/\/compuviper.mx\/tienda\/"},{"@type":"ListItem","position":2,"name":"Productos","item":"https:\/\/compuviper.mx\/tienda\/productos\/"},{"@type":"ListItem","position":3,"name":"Conmutadores","item":"https:\/\/compuviper.mx\/tienda\/categoria-producto\/conmutadores-2\/"},{"@type":"ListItem","position":4,"name":"Ip Pbx","item":"https:\/\/compuviper.mx\/tienda\/categoria-producto\/conmutadores-2\/ip-pbx\/"},{"@type":"ListItem","position":5,"name":"Grandstream Ucm6308a Conmutador Ip \/ Serie Audio 8fxo8fxs 1500 Extensiones Sip 200 Llamadas Simultaneas 3 Puertos Gigabit Montaje En Rack Y Escritorio Compatible Con Gdms Remote Connet Wave"}]},{"@type":"WebSite","@id":"https:\/\/compuviper.mx\/tienda\/#website","url":"https:\/\/compuviper.mx\/tienda\/","name":"Compuviper","description":"Proveedor de Computadoras, Laptops, Servidores, Monitores, Puntos de Venta, Teclados,   Impresoras, T\u00f3ner, C\u00e1maras de Seguridad y m\u00e1s en tu tienda en l\u00ednea","publisher":{"@id":"https:\/\/compuviper.mx\/tienda\/#organization"},"potentialAction":[{"@type":"SearchAction","target":{"@type":"EntryPoint","urlTemplate":"https:\/\/compuviper.mx\/tienda\/?s={search_term_string}"},"query-input":"required name=search_term_string"}],"inLanguage":"es-MX"},{"@type":"Organization","@id":"https:\/\/compuviper.mx\/tienda\/#organization","name":"Compuviper","url":"https:\/\/compuviper.mx\/tienda\/","logo":{"@type":"ImageObject","inLanguage":"es-MX","@id":"https:\/\/compuviper.mx\/tienda\/#\/schema\/logo\/image\/","url":"https:\/\/compuviper.mx\/tienda\/wp-content\/uploads\/2021\/08\/Logo-Compuviper-10.png","contentUrl":"https:\/\/compuviper.mx\/tienda\/wp-content\/uploads\/2021\/08\/Logo-Compuviper-10.png","width":1000,"height":500,"caption":"Compuviper"},"image":{"@id":"https:\/\/compuviper.mx\/tienda\/#\/schema\/logo\/image\/"},"sameAs":["https:\/\/www.facebook.com\/compuviper","https:\/\/www.youtube.com\/channel\/UCf73dERp9Y3cfOq7q8BhLjA?view_as=subscriber"]}]},"product_brand":"GRANDSTREAM","product_price_amount":"13198","product_price_currency":"MXN","og_availability":"out of stock","product_availability":"out of stock","product_retailer_item_id":"UCM6308A","product_condition":"new"},"_links":{"self":[{"href":"https:\/\/compuviper.mx\/tienda\/wp-json\/wp\/v2\/product\/216006"}],"collection":[{"href":"https:\/\/compuviper.mx\/tienda\/wp-json\/wp\/v2\/product"}],"about":[{"href":"https:\/\/compuviper.mx\/tienda\/wp-json\/wp\/v2\/types\/product"}],"replies":[{"embeddable":true,"href":"https:\/\/compuviper.mx\/tienda\/wp-json\/wp\/v2\/comments?post=216006"}],"wp:featuredmedia":[{"embeddable":true,"href":"https:\/\/compuviper.mx\/tienda\/wp-json\/wp\/v2\/media\/216007"}],"wp:attachment":[{"href":"https:\/\/compuviper.mx\/tienda\/wp-json\/wp\/v2\/media?parent=216006"}],"wp:term":[{"taxonomy":"product_cat","embeddable":true,"href":"https:\/\/compuviper.mx\/tienda\/wp-json\/wp\/v2\/product_cat?post=216006"},{"taxonomy":"product_tag","embeddable":true,"href":"https:\/\/compuviper.mx\/tienda\/wp-json\/wp\/v2\/product_tag?post=216006"}],"curies":[{"name":"wp","href":"https:\/\/api.w.org\/{rel}","templated":true}]}}