{"id":216002,"date":"2026-04-02T00:03:56","date_gmt":"2026-04-02T06:03:56","guid":{"rendered":"https:\/\/compuviper.mx\/tienda\/producto\/grandstream-ucm6304a-conmutador-ip-serie-audio-4-fxo-4-fxs-1000-extensiones-sip-150-llamadas-simultaneas-3-puertos-gigabit-montaje-en-rack-y-escritorio-compatible-con-gdms-remote-connet-wave\/"},"modified":"2026-04-02T00:03:57","modified_gmt":"2026-04-02T06:03:57","slug":"grandstream-ucm6304a-conmutador-ip-serie-audio-4-fxo-4-fxs-1000-extensiones-sip-150-llamadas-simultaneas-3-puertos-gigabit-montaje-en-rack-y-escritorio-compatible-con-gdms-remote-connet-wave","status":"publish","type":"product","link":"https:\/\/compuviper.mx\/tienda\/producto\/grandstream-ucm6304a-conmutador-ip-serie-audio-4-fxo-4-fxs-1000-extensiones-sip-150-llamadas-simultaneas-3-puertos-gigabit-montaje-en-rack-y-escritorio-compatible-con-gdms-remote-connet-wave\/","title":{"rendered":"Grandstream Ucm6304a Conmutador Ip  \/ Serie Audio 4 Fxo 4 Fxs 1000 Extensiones Sip 150 Llamadas Simultaneas 3 Puertos Gigabit Montaje En Rack Y Escritorio Compatible Con Gdms Remote Connet Wave"},"content":{"rendered":"<table class=\"descripcion\">\n<tr>\n<td>-puertos fxs anal\u00f3gicos  4 puertos rj11 todos los puertos tienen capacidad de l\u00ednea de vida en caso de corte de energ\u00eda<\/td>\n<\/tr>\n<tr>\n<td>-puertos de l\u00ednea fxo  4 puertos rj11<\/td>\n<\/tr>\n<tr>\n<td>Todos los puertos tienen capacidad de l\u00ednea de vida en caso de corte de energ\u00eda<\/td>\n<\/tr>\n<tr>\n<td>-interfaces de red tres puertos gigabit autoadaptables (conmutado, enrutado o modo dual) con poe +<\/td>\n<\/tr>\n<tr>\n<td>-router nat si (soporta modo router y modo switch)<\/td>\n<\/tr>\n<tr>\n<td>-puertos perif\u00e9ricos  1*usb 2.0, 1*usb 3.0, 1* ranura<\/td>\n<\/tr>\n<tr>\n<td>-pantalla lcd lcd 320&#215;240 a color con pantalla t\u00e1ctil para teclas de acceso directo y barra de desplazamiento<\/td>\n<\/tr>\n<tr>\n<td>-bot\u00f3n de reset s\u00ed, presione prolongadamente para restablecer los valores de f\u00e1brica y presione brevemente para reiniciar<\/td>\n<\/tr>\n<tr>\n<td>-capacidades de voz sobre paquetes<\/td>\n<\/tr>\n<tr>\n<td>Lec con unidad de protocolo de voz empaquetada nlp, cancelaci\u00f3n de eco de l\u00ednea de grado de portadora de 128 ms de longitud de cola, b\u00fafer<\/td>\n<\/tr>\n<tr>\n<td>De fluctuaci\u00f3n din\u00e1mica, detecci\u00f3n de m\u00f3dem y cambio autom\u00e1tico a g.711, neteq, fec 2.0, resistencia a la fluctuaci\u00f3n de fase hasta 50% de<\/td>\n<\/tr>\n<tr>\n<td>P\u00e9rdida de paquetes de audio<\/td>\n<\/tr>\n<tr>\n<td>-c\u00f3decs de voz y fax opus, g.711 a-law\/u-law, g.722, g722.1 g722.1c, g.723.1 5.3k\/6.3k, g.726-32, g.729a\/b, ilbc, gsm; t.38<\/td>\n<\/tr>\n<tr>\n<td>-qos capa 2 qos (802.1q, 802.1p) y capa 3 (tos, diffserv, mpls) qos<\/td>\n<\/tr>\n<tr>\n<td>-api api completa disponible para la integraci\u00f3n de aplicaciones y plataformas de terceros<\/td>\n<\/tr>\n<tr>\n<td>-sistema operativo de telefon\u00eda basado en asterisk versi\u00f3n 16<\/td>\n<\/tr>\n<tr>\n<td>-m\u00e9todos dtmf audio en banda, rfc4733 y sip info<\/td>\n<\/tr>\n<tr>\n<td>-rotocolo de aprovisionamiento y<\/td>\n<\/tr>\n<tr>\n<td>Plug-and-play<\/td>\n<\/tr>\n<tr>\n<td>Aprovisionamiento masivo utilizando un archivo de configuraci\u00f3n xml cifrado aes, descubrimiento autom\u00e1tico y aprovisionamiento autom\u00e1tico<\/td>\n<\/tr>\n<tr>\n<td>De puntos finales ip grandstream a trav\u00e9s de zeroconfig (dhcp option 66 multicast sip subscribe mdns), lista de eventos entre troncales<\/td>\n<\/tr>\n<tr>\n<td>Locales y remotas<\/td>\n<\/tr>\n<tr>\n<td>-protocolos de red tcp\/udp\/ip, rtp\/rtcp, icmp, arp, dns, ddns, dhcp, ntp, tftp, ssh, http\/https, pppoe, stun, srtp, tls, ldap,<\/td>\n<\/tr>\n<tr>\n<td>Hdlc, hdlc-eth, ppp, frame relay (pending), ipv6, openvpn\u00ae<\/td>\n<\/tr>\n<tr>\n<td>-m\u00e9todos de desconexi\u00f3n tono de ocupado \/ congesti\u00f3n \/ howl, inversi\u00f3n de polaridad, hook flash timing, desconexi\u00f3n de corriente de bucle<\/td>\n<\/tr>\n<tr>\n<td>-cifrado de media srtp, tls, https, ssh, 802.1x<\/td>\n<\/tr>\n<tr>\n<td>-fuente de poder universal 1x dc 12v entradas de energ\u00eda<\/td>\n<\/tr>\n<tr>\n<td>Entrada: 100~240vac,<\/td>\n<\/tr>\n<tr>\n<td>50\/60hz;salida: dc 12v, 2a<\/td>\n<\/tr>\n<tr>\n<td>-peso peso de la unidad: 775g; peso del paquete: 1621g<\/td>\n<\/tr>\n<tr>\n<td>-temperatura y humedad operaci\u00f3n: 32 &#8211; 113\u00baf \/ 0 ~ 45\u00bac, humedad 10 &#8211; 90% (sin condensaci\u00f3n)<\/td>\n<\/tr>\n<tr>\n<td>Almacenamiento: 14 &#8211; 140\u00baf \/ -10 ~ 60\u00bac, humedad 10 &#8211; 90% (sin condensaci\u00f3n)<\/td>\n<\/tr>\n<tr>\n<td>-montaje montaje en pared y escritorio<\/td>\n<\/tr>\n<tr>\n<td>-soporte de m\u00faltiples idiomas<\/td>\n<\/tr>\n<tr>\n<td>-web ui: ingl\u00e9s, chino simplificado, chino tradicional, espa\u00f1ol, franc\u00e9s, portugu\u00e9s, alem\u00e1n, ruso, italiano, polaco, checo, turco<\/td>\n<\/tr>\n<tr>\n<td>-informaciones de voz \/ ivr personalizables: ingl\u00e9s, chino, ingl\u00e9s brit\u00e1nico, alem\u00e1n, espa\u00f1ol, griego, franc\u00e9s, italiano, holand\u00e9s, polaco,<\/td>\n<\/tr>\n<tr>\n<td>Portugu\u00e9s, ruso, sueco, turco, hebreo, \u00e1rabe, holand\u00e9s<\/td>\n<\/tr>\n<tr>\n<td>-paquete de idiomas personalizable para admitir otros idiomas<\/td>\n<\/tr>\n<tr>\n<td>-caller id bellcore\/telcordia, etsi-fsk, etsi-dtmf, sin 227 \u0096 bt, ntt<\/td>\n<\/tr>\n<tr>\n<td>-inversi\u00f3n de polaridad s\u00ed, con opci\u00f3n de habilitar \/ deshabilitar al establecer y terminar la llamada<\/td>\n<\/tr>\n<tr>\n<td>-call center m\u00faltiples colas de llamadas con<\/td>\n<\/tr>\n<tr>\n<td>-operadora autom\u00e1tica personalizable hasta 5 capas de ivr (respuesta de voz interactiva) en varios idiomas<\/td>\n<\/tr>\n<tr>\n<td>-capacidad m\u00e1xima de llamadas usuarios: 1000<\/td>\n<\/tr>\n<tr>\n<td>Llamadas concurrentes (g.711):<\/td>\n<\/tr>\n<tr>\n<td>150<\/td>\n<\/tr>\n<tr>\n<td>Llamdas concurrentes con srtp<\/td>\n<\/tr>\n<tr>\n<td>(g.711): 120<\/td>\n<\/tr>\n<tr>\n<td>-asistentes m\u00e1ximos de puentes de conferencias. 7 salas de reuniones y hasta 120 participantes<\/td>\n<\/tr>\n<tr>\n<td>-wave app<\/td>\n<\/tr>\n<tr>\n<td>Gratis; disponible para escritorio (windows 10+, mac os 10+), web (navegadores firefox y chrome) y m\u00f3vil (android e ios), permite a los<\/td>\n<\/tr>\n<tr>\n<td>Usuarios unirse a reuniones organizadas por ucm, comunicarse con otros usuarios \/ soluciones y realizar \/ recibir llamadas usando cuentas sip<\/td>\n<\/tr>\n<tr>\n<td>Registradas en una pbx ip de la serie ucm6300 audio<\/td>\n<\/tr>\n<tr>\n<td>-funciones de llamada<\/td>\n<\/tr>\n<tr>\n<td>Estacionamiento de llamadas, desv\u00edo de llamadas, transferencia de llamadas, llamada en espera, identificador de llamadas, registro de llamadas,<\/td>\n<\/tr>\n<tr>\n<td>Historial de llamadas, tono de llamada, ivr, m\u00fasica en espera, rutas de llamadas, did, dod, dnd, disa, grupo de timbre, timbre simult\u00e1neo,<\/td>\n<\/tr>\n<tr>\n<td>Horario, pin grupos, cola de llamadas, grupo de captura, buscapersonas \/ intercomunicador, correo de voz, despertador de llamadas, sca,<\/td>\n<\/tr>\n<tr>\n<td>Blf, correo de voz a correo electr\u00f3nico, fax a correo electr\u00f3nico, marcaci\u00f3n r\u00e1pida, devoluci\u00f3n de llamada, marcaci\u00f3n por nombre, llamada<\/td>\n<\/tr>\n<tr>\n<td>De emergencia, llamada s\u00edgueme, lista negra \/ lista blanca, reuni\u00f3n de voz, lista de eventos, c\u00f3digos de funci\u00f3n, finalizaci\u00f3n de llamada \/<\/td>\n<\/tr>\n<tr>\n<td>Campamento ocupado, control de voz<\/td>\n<\/tr>\n<tr>\n<td>-actualizaci\u00f3n de firmware compatible con grandstream device management system (gdms), un sistema de gesti\u00f3n y aprovisionamiento en la nube sin intervenci\u00f3n,<\/td>\n<\/tr>\n<tr>\n<td>Proporciona una interfaz centralizada para aprovisionar, gestionar, supervisar y solucionar problemas de los productos grandstream<\/td>\n<\/tr>\n<tr>\n<td>-compliance<\/td>\n<\/tr>\n<tr>\n<td>Fcc: part 15 (cfr 47) class b, part 68<\/td>\n<\/tr>\n<tr>\n<td>Ce: en 55032, en 55035, en 61000-3-2, en 61000-3-3, en 62368.1, es 203 021, itu-t k.21<\/td>\n<\/tr>\n<tr>\n<td>Ic: ices-003, cs-03 part i issue 9<\/td>\n<\/tr>\n<tr>\n<td>Rcm: as\/nzs cispr 32, as\/nzs 62368.1, as\/ca s002, as\/ca s003.1\/.2<\/td>\n<\/tr>\n<tr>\n<td>Power adapter: ul 60950-1 or ul 62368-1<\/td>\n<\/tr>\n<\/table>\n","protected":false},"excerpt":{"rendered":"<p>La serie ucm6300 audio, permite a las empresas crear soluciones de colaboraci\u00f3n y comunicaci\u00f3n unificadas potentes y escalables. Esta serie de pbx ipproporciona una plataforma que unifica todas las comunicaciones en una red centralizada, que incluye llamadas. Voz, reuniones de voz, datos, an\u00e1lisis, movilidad, control de acceso a las instalaciones, intercomunicadores y m\u00e1s. La serie ucm6300. Audio admite hasta 1500 usuarios e incluye una soluci\u00f3n integrada de reuniones web y reuniones de audio que permite a los empleados. Conectarse desde tel\u00e9fonos ip de escritorio, dispositivos moviles, dispositivos de la serie gvc y computadoras. Se puede integrar con el. Ecosistema de la serie ucm6300 para ofrecer una plataforma h\u00edbrida que combina el control de una pbx ip en sitio, con el acceso remoto. De una soluci\u00f3n en la nube. El ecosistema de la serie ucm6300 consta de la aplicaci\u00f3n wave para escritorio y dispositivos m\u00f3viles, que. Proporciona un punto para colaborar de forma remota, y ucm remoteconnect, un servicio de cruce de nat en la nube para garantizar. Conexiones remotas seguras. La serie ucm6300 audio tambi\u00e9n ofrece configuraci\u00f3n y administraci\u00f3n en la nube a trav\u00e9s de gdms y una. Api para la integraci\u00f3n con plataformas de terceros. Al ofrecer una soluci\u00f3n de colaboraci\u00f3n y comunicaciones unificadas de alta gama. Con un conjunto de herramientas de movilidad, seguridad, reuniones y colaboraci\u00f3n, la serie ucm6300 audio proporciona una plataforma. Poderosa para cualquier organizaci\u00f3n.<\/p>\n","protected":false},"featured_media":216003,"comment_status":"open","ping_status":"open","template":"","meta":[],"product_cat":[1651,1653],"product_tag":[1576],"acf":[],"yoast_head":"<!-- This site is optimized with the Yoast SEO plugin v21.7 - https:\/\/yoast.com\/wordpress\/plugins\/seo\/ -->\n<title>[ Grandstream ] &#129351; Ucm6304a Conmutador Ip \/ Serie Audio 4 Fxo 4 Fxs 1000 Extensiones Sip 150 Llamadas Simultaneas 3 Puertos Gigabit Montaje En Rack Y Escritorio Compatible Con Gdms Remote Connet Wave<\/title>\n<meta name=\"description\" content=\"Compra Ucm6304a Conmutador Ip \/ Serie Audio 4 Fxo 4 Fxs 1000 Extensiones Sip 150 Llamadas Simultaneas 3 Puertos Gigabit Montaje En Rack Y Escritorio Compatible Con Gdms Remote Connet Wave + Env\u00edo a domicilio + Pago seguro + Garant\u00eda\" \/>\n<meta name=\"robots\" content=\"index, follow, max-snippet:-1, max-image-preview:large, max-video-preview:-1\" \/>\n<link rel=\"canonical\" href=\"https:\/\/compuviper.mx\/tienda\/producto\/grandstream-ucm6304a-conmutador-ip-serie-audio-4-fxo-4-fxs-1000-extensiones-sip-150-llamadas-simultaneas-3-puertos-gigabit-montaje-en-rack-y-escritorio-compatible-con-gdms-remote-connet-wave\/\" \/>\n<meta property=\"og:locale\" content=\"es_MX\" \/>\n<meta property=\"og:type\" content=\"article\" \/>\n<meta property=\"og:title\" content=\"[ Grandstream ] &#129351; Ucm6304a Conmutador Ip \/ Serie Audio 4 Fxo 4 Fxs 1000 Extensiones Sip 150 Llamadas Simultaneas 3 Puertos Gigabit Montaje En Rack Y Escritorio Compatible Con Gdms Remote Connet Wave\" \/>\n<meta property=\"og:description\" content=\"Compra Ucm6304a Conmutador Ip \/ Serie Audio 4 Fxo 4 Fxs 1000 Extensiones Sip 150 Llamadas Simultaneas 3 Puertos Gigabit Montaje En Rack Y Escritorio Compatible Con Gdms Remote Connet Wave + Env\u00edo a domicilio + Pago seguro + Garant\u00eda\" \/>\n<meta property=\"og:url\" content=\"https:\/\/compuviper.mx\/tienda\/producto\/grandstream-ucm6304a-conmutador-ip-serie-audio-4-fxo-4-fxs-1000-extensiones-sip-150-llamadas-simultaneas-3-puertos-gigabit-montaje-en-rack-y-escritorio-compatible-con-gdms-remote-connet-wave\/\" \/>\n<meta property=\"og:site_name\" content=\"Compuviper\" \/>\n<meta property=\"article:publisher\" content=\"https:\/\/www.facebook.com\/compuviper\" \/>\n<meta property=\"article:modified_time\" content=\"2026-04-02T06:03:57+00:00\" \/>\n<meta property=\"og:image\" content=\"https:\/\/compuviper.mx\/tienda\/wp-content\/uploads\/2023\/12\/Conmutador-ip-grandstream-ucm6304a-serie-audio-4-fxo-4-fxs-1000-extensiones-sip-150-llamadas-simultaneas-3-puertos-gigabit-montaje-en-rack-y-escritorio-compatible-con-gdms-remote-connet-wave.jpg\" \/>\n\t<meta property=\"og:image:width\" content=\"200\" \/>\n\t<meta property=\"og:image:height\" content=\"200\" \/>\n\t<meta property=\"og:image:type\" content=\"image\/jpeg\" \/>\n<meta name=\"twitter:card\" content=\"summary_large_image\" \/>\n<meta name=\"twitter:label1\" content=\"Precio\" \/>\n\t<meta name=\"twitter:data1\" content=\"&#36;8,950 &#36;7,729 con IVA\" \/>\n\t<meta name=\"twitter:label2\" content=\"Availability\" \/>\n\t<meta name=\"twitter:data2\" content=\"In stock\" \/>\n<script type=\"application\/ld+json\" class=\"yoast-schema-graph\">{\"@context\":\"https:\/\/schema.org\",\"@graph\":[{\"@type\":\"WebPage\",\"@id\":\"https:\/\/compuviper.mx\/tienda\/producto\/grandstream-ucm6304a-conmutador-ip-serie-audio-4-fxo-4-fxs-1000-extensiones-sip-150-llamadas-simultaneas-3-puertos-gigabit-montaje-en-rack-y-escritorio-compatible-con-gdms-remote-connet-wave\/\",\"url\":\"https:\/\/compuviper.mx\/tienda\/producto\/grandstream-ucm6304a-conmutador-ip-serie-audio-4-fxo-4-fxs-1000-extensiones-sip-150-llamadas-simultaneas-3-puertos-gigabit-montaje-en-rack-y-escritorio-compatible-con-gdms-remote-connet-wave\/\",\"name\":\"[ Grandstream ] &#129351; Ucm6304a Conmutador Ip \/ Serie Audio 4 Fxo 4 Fxs 1000 Extensiones Sip 150 Llamadas Simultaneas 3 Puertos Gigabit Montaje En Rack Y Escritorio Compatible Con Gdms Remote Connet Wave\",\"isPartOf\":{\"@id\":\"https:\/\/compuviper.mx\/tienda\/#website\"},\"datePublished\":\"2026-04-02T06:03:56+00:00\",\"dateModified\":\"2026-04-02T06:03:57+00:00\",\"description\":\"Compra Ucm6304a Conmutador Ip \/ Serie Audio 4 Fxo 4 Fxs 1000 Extensiones Sip 150 Llamadas Simultaneas 3 Puertos Gigabit Montaje En Rack Y Escritorio Compatible Con Gdms Remote Connet Wave + Env\u00edo a domicilio + Pago seguro + Garant\u00eda\",\"breadcrumb\":{\"@id\":\"https:\/\/compuviper.mx\/tienda\/producto\/grandstream-ucm6304a-conmutador-ip-serie-audio-4-fxo-4-fxs-1000-extensiones-sip-150-llamadas-simultaneas-3-puertos-gigabit-montaje-en-rack-y-escritorio-compatible-con-gdms-remote-connet-wave\/#breadcrumb\"},\"inLanguage\":\"es-MX\",\"potentialAction\":[{\"@type\":\"ReadAction\",\"target\":[\"https:\/\/compuviper.mx\/tienda\/producto\/grandstream-ucm6304a-conmutador-ip-serie-audio-4-fxo-4-fxs-1000-extensiones-sip-150-llamadas-simultaneas-3-puertos-gigabit-montaje-en-rack-y-escritorio-compatible-con-gdms-remote-connet-wave\/\"]}]},{\"@type\":\"BreadcrumbList\",\"@id\":\"https:\/\/compuviper.mx\/tienda\/producto\/grandstream-ucm6304a-conmutador-ip-serie-audio-4-fxo-4-fxs-1000-extensiones-sip-150-llamadas-simultaneas-3-puertos-gigabit-montaje-en-rack-y-escritorio-compatible-con-gdms-remote-connet-wave\/#breadcrumb\",\"itemListElement\":[{\"@type\":\"ListItem\",\"position\":1,\"name\":\"Inicio\",\"item\":\"https:\/\/compuviper.mx\/tienda\/\"},{\"@type\":\"ListItem\",\"position\":2,\"name\":\"Productos\",\"item\":\"https:\/\/compuviper.mx\/tienda\/productos\/\"},{\"@type\":\"ListItem\",\"position\":3,\"name\":\"Conmutadores\",\"item\":\"https:\/\/compuviper.mx\/tienda\/categoria-producto\/conmutadores-2\/\"},{\"@type\":\"ListItem\",\"position\":4,\"name\":\"Ip Pbx\",\"item\":\"https:\/\/compuviper.mx\/tienda\/categoria-producto\/conmutadores-2\/ip-pbx\/\"},{\"@type\":\"ListItem\",\"position\":5,\"name\":\"Grandstream Ucm6304a Conmutador Ip \/ Serie Audio 4 Fxo 4 Fxs 1000 Extensiones Sip 150 Llamadas Simultaneas 3 Puertos Gigabit Montaje En Rack Y Escritorio Compatible Con Gdms Remote Connet Wave\"}]},{\"@type\":\"WebSite\",\"@id\":\"https:\/\/compuviper.mx\/tienda\/#website\",\"url\":\"https:\/\/compuviper.mx\/tienda\/\",\"name\":\"Compuviper\",\"description\":\"Proveedor de Computadoras, Laptops, Servidores, Monitores, Puntos de Venta, Teclados,   Impresoras, T\u00f3ner, C\u00e1maras de Seguridad y m\u00e1s en tu tienda en l\u00ednea\",\"publisher\":{\"@id\":\"https:\/\/compuviper.mx\/tienda\/#organization\"},\"potentialAction\":[{\"@type\":\"SearchAction\",\"target\":{\"@type\":\"EntryPoint\",\"urlTemplate\":\"https:\/\/compuviper.mx\/tienda\/?s={search_term_string}\"},\"query-input\":\"required name=search_term_string\"}],\"inLanguage\":\"es-MX\"},{\"@type\":\"Organization\",\"@id\":\"https:\/\/compuviper.mx\/tienda\/#organization\",\"name\":\"Compuviper\",\"url\":\"https:\/\/compuviper.mx\/tienda\/\",\"logo\":{\"@type\":\"ImageObject\",\"inLanguage\":\"es-MX\",\"@id\":\"https:\/\/compuviper.mx\/tienda\/#\/schema\/logo\/image\/\",\"url\":\"https:\/\/compuviper.mx\/tienda\/wp-content\/uploads\/2021\/08\/Logo-Compuviper-10.png\",\"contentUrl\":\"https:\/\/compuviper.mx\/tienda\/wp-content\/uploads\/2021\/08\/Logo-Compuviper-10.png\",\"width\":1000,\"height\":500,\"caption\":\"Compuviper\"},\"image\":{\"@id\":\"https:\/\/compuviper.mx\/tienda\/#\/schema\/logo\/image\/\"},\"sameAs\":[\"https:\/\/www.facebook.com\/compuviper\",\"https:\/\/www.youtube.com\/channel\/UCf73dERp9Y3cfOq7q8BhLjA?view_as=subscriber\"]}]}<\/script>\n<meta property=\"product:brand\" content=\"GRANDSTREAM\" \/>\n<meta property=\"product:price:amount\" content=\"7729\" \/>\n<meta property=\"product:price:currency\" content=\"MXN\" \/>\n<meta property=\"og:availability\" content=\"instock\" \/>\n<meta property=\"product:availability\" content=\"instock\" \/>\n<meta property=\"product:retailer_item_id\" content=\"UCM6304A\" \/>\n<meta property=\"product:condition\" content=\"new\" \/>\n<!-- \/ Yoast SEO plugin. -->","yoast_head_json":{"title":"[ Grandstream ] &#129351; Ucm6304a Conmutador Ip \/ Serie Audio 4 Fxo 4 Fxs 1000 Extensiones Sip 150 Llamadas Simultaneas 3 Puertos Gigabit Montaje En Rack Y Escritorio Compatible Con Gdms Remote Connet Wave","description":"Compra Ucm6304a Conmutador Ip \/ Serie Audio 4 Fxo 4 Fxs 1000 Extensiones Sip 150 Llamadas Simultaneas 3 Puertos Gigabit Montaje En Rack Y Escritorio Compatible Con Gdms Remote Connet Wave + Env\u00edo a domicilio + Pago seguro + Garant\u00eda","robots":{"index":"index","follow":"follow","max-snippet":"max-snippet:-1","max-image-preview":"max-image-preview:large","max-video-preview":"max-video-preview:-1"},"canonical":"https:\/\/compuviper.mx\/tienda\/producto\/grandstream-ucm6304a-conmutador-ip-serie-audio-4-fxo-4-fxs-1000-extensiones-sip-150-llamadas-simultaneas-3-puertos-gigabit-montaje-en-rack-y-escritorio-compatible-con-gdms-remote-connet-wave\/","og_locale":"es_MX","og_type":"article","og_title":"[ Grandstream ] &#129351; Ucm6304a Conmutador Ip \/ Serie Audio 4 Fxo 4 Fxs 1000 Extensiones Sip 150 Llamadas Simultaneas 3 Puertos Gigabit Montaje En Rack Y Escritorio Compatible Con Gdms Remote Connet Wave","og_description":"Compra Ucm6304a Conmutador Ip \/ Serie Audio 4 Fxo 4 Fxs 1000 Extensiones Sip 150 Llamadas Simultaneas 3 Puertos Gigabit Montaje En Rack Y Escritorio Compatible Con Gdms Remote Connet Wave + Env\u00edo a domicilio + Pago seguro + Garant\u00eda","og_url":"https:\/\/compuviper.mx\/tienda\/producto\/grandstream-ucm6304a-conmutador-ip-serie-audio-4-fxo-4-fxs-1000-extensiones-sip-150-llamadas-simultaneas-3-puertos-gigabit-montaje-en-rack-y-escritorio-compatible-con-gdms-remote-connet-wave\/","og_site_name":"Compuviper","article_publisher":"https:\/\/www.facebook.com\/compuviper","article_modified_time":"2026-04-02T06:03:57+00:00","og_image":[{"width":200,"height":200,"url":"https:\/\/compuviper.mx\/tienda\/wp-content\/uploads\/2023\/12\/Conmutador-ip-grandstream-ucm6304a-serie-audio-4-fxo-4-fxs-1000-extensiones-sip-150-llamadas-simultaneas-3-puertos-gigabit-montaje-en-rack-y-escritorio-compatible-con-gdms-remote-connet-wave.jpg","type":"image\/jpeg"}],"twitter_card":"summary_large_image","twitter_misc":{"Precio":"&#36;8,950 &#36;7,729 con IVA","Availability":"In stock"},"schema":{"@context":"https:\/\/schema.org","@graph":[{"@type":"WebPage","@id":"https:\/\/compuviper.mx\/tienda\/producto\/grandstream-ucm6304a-conmutador-ip-serie-audio-4-fxo-4-fxs-1000-extensiones-sip-150-llamadas-simultaneas-3-puertos-gigabit-montaje-en-rack-y-escritorio-compatible-con-gdms-remote-connet-wave\/","url":"https:\/\/compuviper.mx\/tienda\/producto\/grandstream-ucm6304a-conmutador-ip-serie-audio-4-fxo-4-fxs-1000-extensiones-sip-150-llamadas-simultaneas-3-puertos-gigabit-montaje-en-rack-y-escritorio-compatible-con-gdms-remote-connet-wave\/","name":"[ Grandstream ] &#129351; Ucm6304a Conmutador Ip \/ Serie Audio 4 Fxo 4 Fxs 1000 Extensiones Sip 150 Llamadas Simultaneas 3 Puertos Gigabit Montaje En Rack Y Escritorio Compatible Con Gdms Remote Connet Wave","isPartOf":{"@id":"https:\/\/compuviper.mx\/tienda\/#website"},"datePublished":"2026-04-02T06:03:56+00:00","dateModified":"2026-04-02T06:03:57+00:00","description":"Compra Ucm6304a Conmutador Ip \/ Serie Audio 4 Fxo 4 Fxs 1000 Extensiones Sip 150 Llamadas Simultaneas 3 Puertos Gigabit Montaje En Rack Y Escritorio Compatible Con Gdms Remote Connet Wave + Env\u00edo a domicilio + Pago seguro + Garant\u00eda","breadcrumb":{"@id":"https:\/\/compuviper.mx\/tienda\/producto\/grandstream-ucm6304a-conmutador-ip-serie-audio-4-fxo-4-fxs-1000-extensiones-sip-150-llamadas-simultaneas-3-puertos-gigabit-montaje-en-rack-y-escritorio-compatible-con-gdms-remote-connet-wave\/#breadcrumb"},"inLanguage":"es-MX","potentialAction":[{"@type":"ReadAction","target":["https:\/\/compuviper.mx\/tienda\/producto\/grandstream-ucm6304a-conmutador-ip-serie-audio-4-fxo-4-fxs-1000-extensiones-sip-150-llamadas-simultaneas-3-puertos-gigabit-montaje-en-rack-y-escritorio-compatible-con-gdms-remote-connet-wave\/"]}]},{"@type":"BreadcrumbList","@id":"https:\/\/compuviper.mx\/tienda\/producto\/grandstream-ucm6304a-conmutador-ip-serie-audio-4-fxo-4-fxs-1000-extensiones-sip-150-llamadas-simultaneas-3-puertos-gigabit-montaje-en-rack-y-escritorio-compatible-con-gdms-remote-connet-wave\/#breadcrumb","itemListElement":[{"@type":"ListItem","position":1,"name":"Inicio","item":"https:\/\/compuviper.mx\/tienda\/"},{"@type":"ListItem","position":2,"name":"Productos","item":"https:\/\/compuviper.mx\/tienda\/productos\/"},{"@type":"ListItem","position":3,"name":"Conmutadores","item":"https:\/\/compuviper.mx\/tienda\/categoria-producto\/conmutadores-2\/"},{"@type":"ListItem","position":4,"name":"Ip Pbx","item":"https:\/\/compuviper.mx\/tienda\/categoria-producto\/conmutadores-2\/ip-pbx\/"},{"@type":"ListItem","position":5,"name":"Grandstream Ucm6304a Conmutador Ip \/ Serie Audio 4 Fxo 4 Fxs 1000 Extensiones Sip 150 Llamadas Simultaneas 3 Puertos Gigabit Montaje En Rack Y Escritorio Compatible Con Gdms Remote Connet Wave"}]},{"@type":"WebSite","@id":"https:\/\/compuviper.mx\/tienda\/#website","url":"https:\/\/compuviper.mx\/tienda\/","name":"Compuviper","description":"Proveedor de Computadoras, Laptops, Servidores, Monitores, Puntos de Venta, Teclados,   Impresoras, T\u00f3ner, C\u00e1maras de Seguridad y m\u00e1s en tu tienda en l\u00ednea","publisher":{"@id":"https:\/\/compuviper.mx\/tienda\/#organization"},"potentialAction":[{"@type":"SearchAction","target":{"@type":"EntryPoint","urlTemplate":"https:\/\/compuviper.mx\/tienda\/?s={search_term_string}"},"query-input":"required name=search_term_string"}],"inLanguage":"es-MX"},{"@type":"Organization","@id":"https:\/\/compuviper.mx\/tienda\/#organization","name":"Compuviper","url":"https:\/\/compuviper.mx\/tienda\/","logo":{"@type":"ImageObject","inLanguage":"es-MX","@id":"https:\/\/compuviper.mx\/tienda\/#\/schema\/logo\/image\/","url":"https:\/\/compuviper.mx\/tienda\/wp-content\/uploads\/2021\/08\/Logo-Compuviper-10.png","contentUrl":"https:\/\/compuviper.mx\/tienda\/wp-content\/uploads\/2021\/08\/Logo-Compuviper-10.png","width":1000,"height":500,"caption":"Compuviper"},"image":{"@id":"https:\/\/compuviper.mx\/tienda\/#\/schema\/logo\/image\/"},"sameAs":["https:\/\/www.facebook.com\/compuviper","https:\/\/www.youtube.com\/channel\/UCf73dERp9Y3cfOq7q8BhLjA?view_as=subscriber"]}]},"product_brand":"GRANDSTREAM","product_price_amount":"7729","product_price_currency":"MXN","og_availability":"instock","product_availability":"instock","product_retailer_item_id":"UCM6304A","product_condition":"new"},"_links":{"self":[{"href":"https:\/\/compuviper.mx\/tienda\/wp-json\/wp\/v2\/product\/216002"}],"collection":[{"href":"https:\/\/compuviper.mx\/tienda\/wp-json\/wp\/v2\/product"}],"about":[{"href":"https:\/\/compuviper.mx\/tienda\/wp-json\/wp\/v2\/types\/product"}],"replies":[{"embeddable":true,"href":"https:\/\/compuviper.mx\/tienda\/wp-json\/wp\/v2\/comments?post=216002"}],"wp:featuredmedia":[{"embeddable":true,"href":"https:\/\/compuviper.mx\/tienda\/wp-json\/wp\/v2\/media\/216003"}],"wp:attachment":[{"href":"https:\/\/compuviper.mx\/tienda\/wp-json\/wp\/v2\/media?parent=216002"}],"wp:term":[{"taxonomy":"product_cat","embeddable":true,"href":"https:\/\/compuviper.mx\/tienda\/wp-json\/wp\/v2\/product_cat?post=216002"},{"taxonomy":"product_tag","embeddable":true,"href":"https:\/\/compuviper.mx\/tienda\/wp-json\/wp\/v2\/product_tag?post=216002"}],"curies":[{"name":"wp","href":"https:\/\/api.w.org\/{rel}","templated":true}]}}