{"id":215992,"date":"2026-04-02T00:03:54","date_gmt":"2026-04-02T06:03:54","guid":{"rendered":"https:\/\/compuviper.mx\/tienda\/producto\/grandstream-ucm6302-conmutador-ip-2-fxo-2-fxs-1000-extensiones-sip-200-llamadas-simultaneas-3-puerto-gigabit-montaje-en-pared-y-escritorio-compatible-con-gdms-remote-connet-wave\/"},"modified":"2026-04-02T00:03:54","modified_gmt":"2026-04-02T06:03:54","slug":"grandstream-ucm6302-conmutador-ip-2-fxo-2-fxs-1000-extensiones-sip-200-llamadas-simultaneas-3-puerto-gigabit-montaje-en-pared-y-escritorio-compatible-con-gdms-remote-connet-wave","status":"publish","type":"product","link":"https:\/\/compuviper.mx\/tienda\/producto\/grandstream-ucm6302-conmutador-ip-2-fxo-2-fxs-1000-extensiones-sip-200-llamadas-simultaneas-3-puerto-gigabit-montaje-en-pared-y-escritorio-compatible-con-gdms-remote-connet-wave\/","title":{"rendered":"Grandstream Ucm6302 Conmutador Ip  \/ 2 Fxo 2 Fxs 1000 Extensiones Sip 200 Llamadas Simultaneas 3 Puerto Gigabit Montaje En Pared Y Escritorio Compatible Con Gdms Remote Connet Wave"},"content":{"rendered":"<table class=\"descripcion\">\n<tr>\n<td>Caracteristicas:<\/td>\n<\/tr>\n<tr>\n<td>-2 puertos fxs. todos los puertos tienen la funcionalidad de linea de emergencia en caso de falla electrica<\/td>\n<\/tr>\n<tr>\n<td>-2 puertos fxo.todos los puertos tienen la funcionalidad de linea de emergencia en caso de falla electrica<\/td>\n<\/tr>\n<tr>\n<td>-interfaces de red:<\/td>\n<\/tr>\n<tr>\n<td>3 puertos gigabit autoadaptativos (conmutados, enrutados o en modo de tarjeta dual) con poe+<\/td>\n<\/tr>\n<tr>\n<td>-router con nat integrado (soporta modo enrutado y modo conmutado)<\/td>\n<\/tr>\n<tr>\n<td>-puertos perifericos:<\/td>\n<\/tr>\n<tr>\n<td>1 puerto usb 2.0, 1 puerto usb 3.0, 1 interfaz de tarjeta sd<\/td>\n<\/tr>\n<tr>\n<td>-no cuenta con indicadores led<\/td>\n<\/tr>\n<tr>\n<td>-pantalla lcd a color de 320 x 240 para atajos de teclado y barra de desplazamiento.<\/td>\n<\/tr>\n<tr>\n<td>-cuenta con interruptor de reinicio (pulsacion larga para restablecimiento de fabrica y pulsacion corta para reinicio)<\/td>\n<\/tr>\n<tr>\n<td>-capacidad de voz por paquetes:<\/td>\n<\/tr>\n<tr>\n<td>Lec con unidad de protocolo de voz paquetizada nlp, cancelaci\u00f3n de eco de l\u00ednea de 128 ms de longitud de cola, b\u00fafer din\u00e1mico de fluctuaci\u00f3n (jitter), detecci\u00f3n de m\u00f3dem y conmutaci\u00f3n autom\u00e1tica a g.711, neteq, fec 2.0, resistencia a la fluctuaci\u00f3n de hasta 50% de p\u00e9rdida de paquetes de audio<\/td>\n<\/tr>\n<tr>\n<td>-codecs de voz y fax:<\/td>\n<\/tr>\n<tr>\n<td>Opus, g.711 a-law\/u-law, g.722, g722.1, g722.1c, g.723.1 5.3k\/6.3k, g.726-32, g.729a\/b, ilbc, gsm; t.38<\/td>\n<\/tr>\n<tr>\n<td>-codecs de video:<\/td>\n<\/tr>\n<tr>\n<td>H.264, h.263, h263+, h.265, vp8<\/td>\n<\/tr>\n<tr>\n<td>-qos: layer 2 qos (802.1q, 802.1p) y layer 3 (tos, diffserv, mpls) qos<\/td>\n<\/tr>\n<tr>\n<td>-api completa disponible para la integracion de plataformas y aplicaciones de terceros<\/td>\n<\/tr>\n<tr>\n<td>-sistema operativo de telefonia basado en asterik version 16<\/td>\n<\/tr>\n<tr>\n<td>-metodos dtmf:audio en banda, rfc2833 y sip info<\/td>\n<\/tr>\n<tr>\n<td>-protocolo de aprovisionamiento y tecnologia plug-and-play:<\/td>\n<\/tr>\n<tr>\n<td>Aprovisionamiento masivo usando archivo de configuraci\u00f3n xml cifrado con aes, autodetecci\u00f3n y aprovisionamiento autom\u00e1tico de dispositivos ip grandstream por medio de zeroconfig (dhcp option 66 multicast sip subscribe mdns), lista de eventos entre troncales locales y remotas<\/td>\n<\/tr>\n<tr>\n<td>-protocolos de red:<\/td>\n<\/tr>\n<tr>\n<td> tcp\/udp\/ip, rtp\/rtcp, icmp, arp, dns, ddns, dhcp, ntp, tftp, ssh, http\/https, pppoe, stun, srtp, tls, ldap,<\/td>\n<\/tr>\n<tr>\n<td>Hdlc, hdlc-eth, ppp, frame relay (en tr\u00e1mite), ipv6, openvpn\u00ae<\/td>\n<\/tr>\n<tr>\n<td>-metodos de desconexion:<\/td>\n<\/tr>\n<tr>\n<td>Busy\/congestion\/howl tone, polarity reversal, hook flash timing, loop current disconnect<\/td>\n<\/tr>\n<tr>\n<td>-cifrado de medios: srtp, tls, https, ssh, 802.1x<\/td>\n<\/tr>\n<tr>\n<td>-fuente de alimentacion universal: entrada: 100 ~ 240vac, 50\/60hz; salida: dc 12v, 1.5a<\/td>\n<\/tr>\n<tr>\n<td>-dimensiones:270 mm (longitud) x 175 mm (ancho) x 36 mm (altura)<\/td>\n<\/tr>\n<tr>\n<td>-peso:<\/td>\n<\/tr>\n<tr>\n<td>Peso de unidad: 725 g; peso de paquete: 1221 g<\/td>\n<\/tr>\n<tr>\n<td>-temperatura y humedad:<\/td>\n<\/tr>\n<tr>\n<td>En operaci\u00f3n: 32 \u0096 113 \u00b0f \/ 0 ~ 45 \u00b0c, humedad 10 &#8211; 90% (sin condensaci\u00f3n) en almacenamiento: 14 \u0096 140 \u00b0f \/ -10 ~ 60 \u00b0c, humedad 10 &#8211; 90% (sin condensaci\u00f3n)<\/td>\n<\/tr>\n<tr>\n<td>-montaje: montaje en pared y escritorio<\/td>\n<\/tr>\n<tr>\n<td>-soporte en multiples idiomas:<\/td>\n<\/tr>\n<tr>\n<td>\u0095 interfaz de usuario web: ingl\u00e9s, chino simplificado, chino tradicional, espa\u00f1ol, franc\u00e9s, portugu\u00e9s, alem\u00e1n, ruso, italiano, polaco, checo, turco<\/td>\n<\/tr>\n<tr>\n<td>\u0095  ivr\/indicaciones de voz personalizables: ingl\u00e9s, chino, ingl\u00e9s brit\u00e1nico, alem\u00e1n, espa\u00f1ol, griego, franc\u00e9s, italiano, holand\u00e9s, polaco, portugu\u00e9s, ruso, sueco, turco, hebreo, \u00e1rabe, neerland\u00e9s<\/td>\n<\/tr>\n<tr>\n<td>\u0095 paquete personalizable de idiomas para permitir cualquier otro idioma<\/td>\n<\/tr>\n<tr>\n<td>-identificador de llamadas:s bellcore\/telcordia, etsi-fsk, etsi-dtmf, sin 227 \u0096 bt, ntt<\/td>\n<\/tr>\n<tr>\n<td>-inversion de polaridad\/wink:s\u00ed, con opci\u00f3n de habilitar\/deshabilitar al momento de hacer y terminar llamadas<\/td>\n<\/tr>\n<tr>\n<td>-call center: m\u00faltiples colas de llamadas configurables, distribuci\u00f3n autom\u00e1tica de llamadas (acd) basada en las habilidades, la disponibilidad y la carga de trabajo de los agentes, anuncio de espera<\/td>\n<\/tr>\n<tr>\n<td>-asistente automatico personalizable: hasta 5 capas de ivr (interactive voice response) en multiples idiomas<\/td>\n<\/tr>\n<tr>\n<td>-capacidad maxima de llamadas:<\/td>\n<\/tr>\n<tr>\n<td>Usuarios:1000<\/td>\n<\/tr>\n<tr>\n<td>Llamadas simultaneas:200<\/td>\n<\/tr>\n<tr>\n<td>Cantidad maxima de llamadas srtp simultaneas:100<\/td>\n<\/tr>\n<tr>\n<td>-cantidad maxima de asistentes de puentes de conferencia: 3 salas de videoconferencia y hasta 20 participantes con conferencia hd 1080p: hasta 150 participantes<\/td>\n<\/tr>\n<tr>\n<td>-aplicacion wave:<\/td>\n<\/tr>\n<tr>\n<td>Permite a los usuarios de android e ios unirse a reuniones organizadas por ucm y comunicarse con otros usuarios u otras soluciones registradas en la serie ucm6300<\/td>\n<\/tr>\n<tr>\n<td>-funciones de llamada:<\/td>\n<\/tr>\n<tr>\n<td>Estacionamiento de llamadas, desv\u00edo de llamadas, transferencia de llamadas, llamada en espera, identificador de llamadas, registro de llamadas, historial de llamadas, tono de llamada, ivr, m\u00fasica en espera, rutas de llamadas, did, dod, dnd, disa, grupo de extensiones, timbre de llamada simult\u00e1neo, calendario, grupos pin, cola de llamadas, grupo de captura de llamadas, radiolocalizaci\u00f3n\/intercomunicaci\u00f3n, correo de voz, despertador, sca, blf, correo de voz a email, fax a email, marcaci\u00f3n r\u00e1pida, devoluci\u00f3n de llamada, marcaci\u00f3n por nombre, llamada de emergencia, modo de llamada s\u00edgueme, lista negra\/lista blanca, conferencia de voz, videoconferencia, lista de eventos, c\u00f3digos de funciones, funci\u00f3n busy camp-on\/call completion, control de voz<\/td>\n<\/tr>\n<tr>\n<td>-actualizacion de firware:<\/td>\n<\/tr>\n<tr>\n<td>Respaldada por grandstream device management system (gdms), un sistema de aprovisionamiento y gesti\u00f3n de cero toque en la nube, proporciona una interfaz centralizada para aprovisionar, gestionar, monitorear y solucionar problemas con los productos grandstream.<\/td>\n<\/tr>\n<tr>\n<td>-conformidad:<\/td>\n<\/tr>\n<tr>\n<td>Fcc: parte 15 (cfr 47) clase b, parte 68 ce: en 55032, en 55035, en61000-3-2, en61000-3-3, en 62368.1, es 203 021, itu k.21 ic: ices-003, cs-03 parte i versi\u00f3n 9 rcm: as\/nzs cispr32, as\/nzs 62368.1, as\/ca s002, as\/ca s003.1\/.2, ul 60950 (adaptador de corriente)<\/td>\n<\/tr>\n<\/table>\n","protected":false},"excerpt":{"rendered":"<p>La serie ucm6300 permite a las empresas crear soluciones de colaboracionk y comunicacion unificadas poderosas y escalables. Esta serie de ip pbx proporciona una plataforma que unifica todas las comunicaciones comerciales en una red centralizada, que incluye voz, videollamadas, videoconferencias, videovigilancia, reuniones web, datos, analisis, movilidad, acceso a instaaciones intercomunicadores y mas. La serie ucm6300 admite hasta 3000 usuarios e incluye una solucion de videoconferencia y reuniones web incorporada que permite a los empleados conectarse desde el escritorio, movil, dispositivos de la serie gvc y telefonos ip. Se puede combinar con el ecosistema ucm6300 para ofrecer una plataforma hibrida que combina el control de un ip pbx en las instalaciones con el acceso remoto  de una solucion en la nube. El ecosistema ucm6300 consta de la aplicacion wave para web y dispositivos moviles, que proporciona un centro para la colaboracion remota, y ucm remoteconnect, un servicio transversal nat en la nube para garantizar conexiones remotas seguras. La serie ucm6300 tambien ofrece configuracion y administracion en la nube a traves de gdms y una api para la integracion con plataformas de terceros. Al ofrecer una colaboracion y comunicaciones unificadas de alta gama con un conjunto de herramientas de movilidad, seguridad, reuniones y colaboracion, la serie ucm6300 proporciona una plataforma potente para cualquier organizacion<\/p>\n","protected":false},"featured_media":215993,"comment_status":"open","ping_status":"open","template":"","meta":[],"product_cat":[1651,1653],"product_tag":[1576],"acf":[],"yoast_head":"<!-- This site is optimized with the Yoast SEO plugin v21.7 - https:\/\/yoast.com\/wordpress\/plugins\/seo\/ -->\n<title>[ Grandstream ] &#129351; Ucm6302 Conmutador Ip \/ 2 Fxo 2 Fxs 1000 Extensiones Sip 200 Llamadas Simultaneas 3 Puerto Gigabit Montaje En Pared Y Escritorio Compatible Con Gdms Remote Connet Wave<\/title>\n<meta name=\"description\" content=\"Compra Ucm6302 Conmutador Ip \/ 2 Fxo 2 Fxs 1000 Extensiones Sip 200 Llamadas Simultaneas 3 Puerto Gigabit Montaje En Pared Y Escritorio Compatible Con Gdms Remote Connet Wave + Env\u00edo a domicilio + Pago seguro + Garant\u00eda\" \/>\n<meta name=\"robots\" content=\"index, follow, max-snippet:-1, max-image-preview:large, max-video-preview:-1\" \/>\n<link rel=\"canonical\" href=\"https:\/\/compuviper.mx\/tienda\/producto\/grandstream-ucm6302-conmutador-ip-2-fxo-2-fxs-1000-extensiones-sip-200-llamadas-simultaneas-3-puerto-gigabit-montaje-en-pared-y-escritorio-compatible-con-gdms-remote-connet-wave\/\" \/>\n<meta property=\"og:locale\" content=\"es_MX\" \/>\n<meta property=\"og:type\" content=\"article\" \/>\n<meta property=\"og:title\" content=\"[ Grandstream ] &#129351; Ucm6302 Conmutador Ip \/ 2 Fxo 2 Fxs 1000 Extensiones Sip 200 Llamadas Simultaneas 3 Puerto Gigabit Montaje En Pared Y Escritorio Compatible Con Gdms Remote Connet Wave\" \/>\n<meta property=\"og:description\" content=\"Compra Ucm6302 Conmutador Ip \/ 2 Fxo 2 Fxs 1000 Extensiones Sip 200 Llamadas Simultaneas 3 Puerto Gigabit Montaje En Pared Y Escritorio Compatible Con Gdms Remote Connet Wave + Env\u00edo a domicilio + Pago seguro + Garant\u00eda\" \/>\n<meta property=\"og:url\" content=\"https:\/\/compuviper.mx\/tienda\/producto\/grandstream-ucm6302-conmutador-ip-2-fxo-2-fxs-1000-extensiones-sip-200-llamadas-simultaneas-3-puerto-gigabit-montaje-en-pared-y-escritorio-compatible-con-gdms-remote-connet-wave\/\" \/>\n<meta property=\"og:site_name\" content=\"Compuviper\" \/>\n<meta property=\"article:publisher\" content=\"https:\/\/www.facebook.com\/compuviper\" \/>\n<meta property=\"og:image\" content=\"https:\/\/compuviper.mx\/tienda\/wp-content\/uploads\/2023\/12\/Conmutador-ip-grandstream-ucm6302-2-fxo-2-fxs-1000-extensiones-sip-200-llamadas-simultaneas-3-puerto-gigabit-montaje-en-pared-y-escritorio-compatible-con-gdms-remote-connet-wave.jpg\" \/>\n\t<meta property=\"og:image:width\" content=\"200\" \/>\n\t<meta property=\"og:image:height\" content=\"200\" \/>\n\t<meta property=\"og:image:type\" content=\"image\/jpeg\" \/>\n<meta name=\"twitter:card\" content=\"summary_large_image\" \/>\n<meta name=\"twitter:label1\" content=\"Precio\" \/>\n\t<meta name=\"twitter:data1\" content=\"&#36;7,117 con IVA\" \/>\n\t<meta name=\"twitter:label2\" content=\"Availability\" \/>\n\t<meta name=\"twitter:data2\" content=\"On backorder\" \/>\n<script type=\"application\/ld+json\" class=\"yoast-schema-graph\">{\"@context\":\"https:\/\/schema.org\",\"@graph\":[{\"@type\":\"WebPage\",\"@id\":\"https:\/\/compuviper.mx\/tienda\/producto\/grandstream-ucm6302-conmutador-ip-2-fxo-2-fxs-1000-extensiones-sip-200-llamadas-simultaneas-3-puerto-gigabit-montaje-en-pared-y-escritorio-compatible-con-gdms-remote-connet-wave\/\",\"url\":\"https:\/\/compuviper.mx\/tienda\/producto\/grandstream-ucm6302-conmutador-ip-2-fxo-2-fxs-1000-extensiones-sip-200-llamadas-simultaneas-3-puerto-gigabit-montaje-en-pared-y-escritorio-compatible-con-gdms-remote-connet-wave\/\",\"name\":\"[ Grandstream ] &#129351; Ucm6302 Conmutador Ip \/ 2 Fxo 2 Fxs 1000 Extensiones Sip 200 Llamadas Simultaneas 3 Puerto Gigabit Montaje En Pared Y Escritorio Compatible Con Gdms Remote Connet Wave\",\"isPartOf\":{\"@id\":\"https:\/\/compuviper.mx\/tienda\/#website\"},\"datePublished\":\"2026-04-02T06:03:54+00:00\",\"dateModified\":\"2026-04-02T06:03:54+00:00\",\"description\":\"Compra Ucm6302 Conmutador Ip \/ 2 Fxo 2 Fxs 1000 Extensiones Sip 200 Llamadas Simultaneas 3 Puerto Gigabit Montaje En Pared Y Escritorio Compatible Con Gdms Remote Connet Wave + Env\u00edo a domicilio + Pago seguro + Garant\u00eda\",\"breadcrumb\":{\"@id\":\"https:\/\/compuviper.mx\/tienda\/producto\/grandstream-ucm6302-conmutador-ip-2-fxo-2-fxs-1000-extensiones-sip-200-llamadas-simultaneas-3-puerto-gigabit-montaje-en-pared-y-escritorio-compatible-con-gdms-remote-connet-wave\/#breadcrumb\"},\"inLanguage\":\"es-MX\",\"potentialAction\":[{\"@type\":\"ReadAction\",\"target\":[\"https:\/\/compuviper.mx\/tienda\/producto\/grandstream-ucm6302-conmutador-ip-2-fxo-2-fxs-1000-extensiones-sip-200-llamadas-simultaneas-3-puerto-gigabit-montaje-en-pared-y-escritorio-compatible-con-gdms-remote-connet-wave\/\"]}]},{\"@type\":\"BreadcrumbList\",\"@id\":\"https:\/\/compuviper.mx\/tienda\/producto\/grandstream-ucm6302-conmutador-ip-2-fxo-2-fxs-1000-extensiones-sip-200-llamadas-simultaneas-3-puerto-gigabit-montaje-en-pared-y-escritorio-compatible-con-gdms-remote-connet-wave\/#breadcrumb\",\"itemListElement\":[{\"@type\":\"ListItem\",\"position\":1,\"name\":\"Inicio\",\"item\":\"https:\/\/compuviper.mx\/tienda\/\"},{\"@type\":\"ListItem\",\"position\":2,\"name\":\"Productos\",\"item\":\"https:\/\/compuviper.mx\/tienda\/productos\/\"},{\"@type\":\"ListItem\",\"position\":3,\"name\":\"Conmutadores\",\"item\":\"https:\/\/compuviper.mx\/tienda\/categoria-producto\/conmutadores-2\/\"},{\"@type\":\"ListItem\",\"position\":4,\"name\":\"Ip Pbx\",\"item\":\"https:\/\/compuviper.mx\/tienda\/categoria-producto\/conmutadores-2\/ip-pbx\/\"},{\"@type\":\"ListItem\",\"position\":5,\"name\":\"Grandstream Ucm6302 Conmutador Ip \/ 2 Fxo 2 Fxs 1000 Extensiones Sip 200 Llamadas Simultaneas 3 Puerto Gigabit Montaje En Pared Y Escritorio Compatible Con Gdms Remote Connet Wave\"}]},{\"@type\":\"WebSite\",\"@id\":\"https:\/\/compuviper.mx\/tienda\/#website\",\"url\":\"https:\/\/compuviper.mx\/tienda\/\",\"name\":\"Compuviper\",\"description\":\"Proveedor de Computadoras, Laptops, Servidores, Monitores, Puntos de Venta, Teclados,   Impresoras, T\u00f3ner, C\u00e1maras de Seguridad y m\u00e1s en tu tienda en l\u00ednea\",\"publisher\":{\"@id\":\"https:\/\/compuviper.mx\/tienda\/#organization\"},\"potentialAction\":[{\"@type\":\"SearchAction\",\"target\":{\"@type\":\"EntryPoint\",\"urlTemplate\":\"https:\/\/compuviper.mx\/tienda\/?s={search_term_string}\"},\"query-input\":\"required name=search_term_string\"}],\"inLanguage\":\"es-MX\"},{\"@type\":\"Organization\",\"@id\":\"https:\/\/compuviper.mx\/tienda\/#organization\",\"name\":\"Compuviper\",\"url\":\"https:\/\/compuviper.mx\/tienda\/\",\"logo\":{\"@type\":\"ImageObject\",\"inLanguage\":\"es-MX\",\"@id\":\"https:\/\/compuviper.mx\/tienda\/#\/schema\/logo\/image\/\",\"url\":\"https:\/\/compuviper.mx\/tienda\/wp-content\/uploads\/2021\/08\/Logo-Compuviper-10.png\",\"contentUrl\":\"https:\/\/compuviper.mx\/tienda\/wp-content\/uploads\/2021\/08\/Logo-Compuviper-10.png\",\"width\":1000,\"height\":500,\"caption\":\"Compuviper\"},\"image\":{\"@id\":\"https:\/\/compuviper.mx\/tienda\/#\/schema\/logo\/image\/\"},\"sameAs\":[\"https:\/\/www.facebook.com\/compuviper\",\"https:\/\/www.youtube.com\/channel\/UCf73dERp9Y3cfOq7q8BhLjA?view_as=subscriber\"]}]}<\/script>\n<meta property=\"product:brand\" content=\"GRANDSTREAM\" \/>\n<meta property=\"product:price:amount\" content=\"7117\" \/>\n<meta property=\"product:price:currency\" content=\"MXN\" \/>\n<meta property=\"og:availability\" content=\"backorder\" \/>\n<meta property=\"product:availability\" content=\"available for order\" \/>\n<meta property=\"product:retailer_item_id\" content=\"UCM6302\" \/>\n<meta property=\"product:condition\" content=\"new\" \/>\n<!-- \/ Yoast SEO plugin. -->","yoast_head_json":{"title":"[ Grandstream ] &#129351; Ucm6302 Conmutador Ip \/ 2 Fxo 2 Fxs 1000 Extensiones Sip 200 Llamadas Simultaneas 3 Puerto Gigabit Montaje En Pared Y Escritorio Compatible Con Gdms Remote Connet Wave","description":"Compra Ucm6302 Conmutador Ip \/ 2 Fxo 2 Fxs 1000 Extensiones Sip 200 Llamadas Simultaneas 3 Puerto Gigabit Montaje En Pared Y Escritorio Compatible Con Gdms Remote Connet Wave + Env\u00edo a domicilio + Pago seguro + Garant\u00eda","robots":{"index":"index","follow":"follow","max-snippet":"max-snippet:-1","max-image-preview":"max-image-preview:large","max-video-preview":"max-video-preview:-1"},"canonical":"https:\/\/compuviper.mx\/tienda\/producto\/grandstream-ucm6302-conmutador-ip-2-fxo-2-fxs-1000-extensiones-sip-200-llamadas-simultaneas-3-puerto-gigabit-montaje-en-pared-y-escritorio-compatible-con-gdms-remote-connet-wave\/","og_locale":"es_MX","og_type":"article","og_title":"[ Grandstream ] &#129351; Ucm6302 Conmutador Ip \/ 2 Fxo 2 Fxs 1000 Extensiones Sip 200 Llamadas Simultaneas 3 Puerto Gigabit Montaje En Pared Y Escritorio Compatible Con Gdms Remote Connet Wave","og_description":"Compra Ucm6302 Conmutador Ip \/ 2 Fxo 2 Fxs 1000 Extensiones Sip 200 Llamadas Simultaneas 3 Puerto Gigabit Montaje En Pared Y Escritorio Compatible Con Gdms Remote Connet Wave + Env\u00edo a domicilio + Pago seguro + Garant\u00eda","og_url":"https:\/\/compuviper.mx\/tienda\/producto\/grandstream-ucm6302-conmutador-ip-2-fxo-2-fxs-1000-extensiones-sip-200-llamadas-simultaneas-3-puerto-gigabit-montaje-en-pared-y-escritorio-compatible-con-gdms-remote-connet-wave\/","og_site_name":"Compuviper","article_publisher":"https:\/\/www.facebook.com\/compuviper","og_image":[{"width":200,"height":200,"url":"https:\/\/compuviper.mx\/tienda\/wp-content\/uploads\/2023\/12\/Conmutador-ip-grandstream-ucm6302-2-fxo-2-fxs-1000-extensiones-sip-200-llamadas-simultaneas-3-puerto-gigabit-montaje-en-pared-y-escritorio-compatible-con-gdms-remote-connet-wave.jpg","type":"image\/jpeg"}],"twitter_card":"summary_large_image","twitter_misc":{"Precio":"&#36;7,117 con IVA","Availability":"On backorder"},"schema":{"@context":"https:\/\/schema.org","@graph":[{"@type":"WebPage","@id":"https:\/\/compuviper.mx\/tienda\/producto\/grandstream-ucm6302-conmutador-ip-2-fxo-2-fxs-1000-extensiones-sip-200-llamadas-simultaneas-3-puerto-gigabit-montaje-en-pared-y-escritorio-compatible-con-gdms-remote-connet-wave\/","url":"https:\/\/compuviper.mx\/tienda\/producto\/grandstream-ucm6302-conmutador-ip-2-fxo-2-fxs-1000-extensiones-sip-200-llamadas-simultaneas-3-puerto-gigabit-montaje-en-pared-y-escritorio-compatible-con-gdms-remote-connet-wave\/","name":"[ Grandstream ] &#129351; Ucm6302 Conmutador Ip \/ 2 Fxo 2 Fxs 1000 Extensiones Sip 200 Llamadas Simultaneas 3 Puerto Gigabit Montaje En Pared Y Escritorio Compatible Con Gdms Remote Connet Wave","isPartOf":{"@id":"https:\/\/compuviper.mx\/tienda\/#website"},"datePublished":"2026-04-02T06:03:54+00:00","dateModified":"2026-04-02T06:03:54+00:00","description":"Compra Ucm6302 Conmutador Ip \/ 2 Fxo 2 Fxs 1000 Extensiones Sip 200 Llamadas Simultaneas 3 Puerto Gigabit Montaje En Pared Y Escritorio Compatible Con Gdms Remote Connet Wave + Env\u00edo a domicilio + Pago seguro + Garant\u00eda","breadcrumb":{"@id":"https:\/\/compuviper.mx\/tienda\/producto\/grandstream-ucm6302-conmutador-ip-2-fxo-2-fxs-1000-extensiones-sip-200-llamadas-simultaneas-3-puerto-gigabit-montaje-en-pared-y-escritorio-compatible-con-gdms-remote-connet-wave\/#breadcrumb"},"inLanguage":"es-MX","potentialAction":[{"@type":"ReadAction","target":["https:\/\/compuviper.mx\/tienda\/producto\/grandstream-ucm6302-conmutador-ip-2-fxo-2-fxs-1000-extensiones-sip-200-llamadas-simultaneas-3-puerto-gigabit-montaje-en-pared-y-escritorio-compatible-con-gdms-remote-connet-wave\/"]}]},{"@type":"BreadcrumbList","@id":"https:\/\/compuviper.mx\/tienda\/producto\/grandstream-ucm6302-conmutador-ip-2-fxo-2-fxs-1000-extensiones-sip-200-llamadas-simultaneas-3-puerto-gigabit-montaje-en-pared-y-escritorio-compatible-con-gdms-remote-connet-wave\/#breadcrumb","itemListElement":[{"@type":"ListItem","position":1,"name":"Inicio","item":"https:\/\/compuviper.mx\/tienda\/"},{"@type":"ListItem","position":2,"name":"Productos","item":"https:\/\/compuviper.mx\/tienda\/productos\/"},{"@type":"ListItem","position":3,"name":"Conmutadores","item":"https:\/\/compuviper.mx\/tienda\/categoria-producto\/conmutadores-2\/"},{"@type":"ListItem","position":4,"name":"Ip Pbx","item":"https:\/\/compuviper.mx\/tienda\/categoria-producto\/conmutadores-2\/ip-pbx\/"},{"@type":"ListItem","position":5,"name":"Grandstream Ucm6302 Conmutador Ip \/ 2 Fxo 2 Fxs 1000 Extensiones Sip 200 Llamadas Simultaneas 3 Puerto Gigabit Montaje En Pared Y Escritorio Compatible Con Gdms Remote Connet Wave"}]},{"@type":"WebSite","@id":"https:\/\/compuviper.mx\/tienda\/#website","url":"https:\/\/compuviper.mx\/tienda\/","name":"Compuviper","description":"Proveedor de Computadoras, Laptops, Servidores, Monitores, Puntos de Venta, Teclados,   Impresoras, T\u00f3ner, C\u00e1maras de Seguridad y m\u00e1s en tu tienda en l\u00ednea","publisher":{"@id":"https:\/\/compuviper.mx\/tienda\/#organization"},"potentialAction":[{"@type":"SearchAction","target":{"@type":"EntryPoint","urlTemplate":"https:\/\/compuviper.mx\/tienda\/?s={search_term_string}"},"query-input":"required name=search_term_string"}],"inLanguage":"es-MX"},{"@type":"Organization","@id":"https:\/\/compuviper.mx\/tienda\/#organization","name":"Compuviper","url":"https:\/\/compuviper.mx\/tienda\/","logo":{"@type":"ImageObject","inLanguage":"es-MX","@id":"https:\/\/compuviper.mx\/tienda\/#\/schema\/logo\/image\/","url":"https:\/\/compuviper.mx\/tienda\/wp-content\/uploads\/2021\/08\/Logo-Compuviper-10.png","contentUrl":"https:\/\/compuviper.mx\/tienda\/wp-content\/uploads\/2021\/08\/Logo-Compuviper-10.png","width":1000,"height":500,"caption":"Compuviper"},"image":{"@id":"https:\/\/compuviper.mx\/tienda\/#\/schema\/logo\/image\/"},"sameAs":["https:\/\/www.facebook.com\/compuviper","https:\/\/www.youtube.com\/channel\/UCf73dERp9Y3cfOq7q8BhLjA?view_as=subscriber"]}]},"product_brand":"GRANDSTREAM","product_price_amount":"7117","product_price_currency":"MXN","og_availability":"backorder","product_availability":"available for order","product_retailer_item_id":"UCM6302","product_condition":"new"},"_links":{"self":[{"href":"https:\/\/compuviper.mx\/tienda\/wp-json\/wp\/v2\/product\/215992"}],"collection":[{"href":"https:\/\/compuviper.mx\/tienda\/wp-json\/wp\/v2\/product"}],"about":[{"href":"https:\/\/compuviper.mx\/tienda\/wp-json\/wp\/v2\/types\/product"}],"replies":[{"embeddable":true,"href":"https:\/\/compuviper.mx\/tienda\/wp-json\/wp\/v2\/comments?post=215992"}],"wp:featuredmedia":[{"embeddable":true,"href":"https:\/\/compuviper.mx\/tienda\/wp-json\/wp\/v2\/media\/215993"}],"wp:attachment":[{"href":"https:\/\/compuviper.mx\/tienda\/wp-json\/wp\/v2\/media?parent=215992"}],"wp:term":[{"taxonomy":"product_cat","embeddable":true,"href":"https:\/\/compuviper.mx\/tienda\/wp-json\/wp\/v2\/product_cat?post=215992"},{"taxonomy":"product_tag","embeddable":true,"href":"https:\/\/compuviper.mx\/tienda\/wp-json\/wp\/v2\/product_tag?post=215992"}],"curies":[{"name":"wp","href":"https:\/\/api.w.org\/{rel}","templated":true}]}}