{"id":215980,"date":"2026-04-08T00:05:40","date_gmt":"2026-04-08T06:05:40","guid":{"rendered":"https:\/\/compuviper.mx\/tienda\/producto\/silimex-toallita-seca-microfibra-toalla-seca-electrostatica-de-micro-fibra-medida-30-x-30-cms\/"},"modified":"2026-04-08T00:05:40","modified_gmt":"2026-04-08T06:05:40","slug":"silimex-toallita-seca-microfibra-toallas-secas-microfibra-para-pantallas-y-carcasas-de-equipos-electronicos","status":"publish","type":"product","link":"https:\/\/compuviper.mx\/tienda\/producto\/silimex-toallita-seca-microfibra-toallas-secas-microfibra-para-pantallas-y-carcasas-de-equipos-electronicos\/","title":{"rendered":"Silimex Toallita Seca (microfibra) Toallas Secas Microfibra Para Pantallas Y Carcasas De Equipos Electronicos"},"content":{"rendered":"<table class=\"descripcion\">\n<tr>\n<td>Microfibra limpiadora de equipos electr\u00f3nicos.<\/td>\n<\/tr>\n<tr>\n<td>Caracter\u00edsticas:<\/td>\n<\/tr>\n<tr>\n<td>-no raya.<\/td>\n<\/tr>\n<tr>\n<td>-no deja pelusa.<\/td>\n<\/tr>\n<tr>\n<td>-elimina grasa corporal.<\/td>\n<\/tr>\n<tr>\n<td>-absorbente.<\/td>\n<\/tr>\n<tr>\n<td>-lavable y reutilizable.<\/td>\n<\/tr>\n<tr>\n<td>Presentaci\u00f3n:<\/td>\n<\/tr>\n<tr>\n<td>Empaque de cart\u00f3n con una microfibra de 30&#215;30 cm.<\/td>\n<\/tr>\n<\/table>\n","protected":false},"excerpt":{"rendered":"<p>La toalla de microfibra silimex, es la mejor toalla seca en m\u00e9xico, super absorbente, es un excelente accesorio de limpieza para solventes l\u00edquidos, grasas o espumas limpiadoras. Absorbente, lavable y reutilizable. Ideal para la limpieza de equipos. Dise\u00f1ada para la limpieza de todo tipo de gabinetes de equipos de c\u00f3mputo, audio, video, telefonia asi como todo tipo de carcasas de equipos de oficina, no raya reutilizable (despues de su uso l\u00e1vese).<\/p>\n","protected":false},"featured_media":215981,"comment_status":"open","ping_status":"open","template":"","meta":[],"product_cat":[1619,1631],"product_tag":[1621],"acf":[],"yoast_head":"<!-- This site is optimized with the Yoast SEO plugin v21.7 - https:\/\/yoast.com\/wordpress\/plugins\/seo\/ -->\n<title>[ Silimex ] &#129351; Toallita Seca (microfibra) Toallas Secas Microfibra Para Pantallas Y Carcasas De Equipos Electronicos<\/title>\n<meta name=\"description\" content=\"Compra Toallita Seca (microfibra) Toallas Secas Microfibra Para Pantallas Y Carcasas De Equipos Electronicos + Env\u00edo a domicilio + Pago seguro + Garant\u00eda\" \/>\n<meta name=\"robots\" content=\"index, follow, max-snippet:-1, max-image-preview:large, max-video-preview:-1\" \/>\n<link rel=\"canonical\" href=\"https:\/\/compuviper.mx\/tienda\/producto\/silimex-toallita-seca-microfibra-toallas-secas-microfibra-para-pantallas-y-carcasas-de-equipos-electronicos\/\" \/>\n<meta property=\"og:locale\" content=\"es_MX\" \/>\n<meta property=\"og:type\" content=\"article\" \/>\n<meta property=\"og:title\" content=\"[ Silimex ] &#129351; Toallita Seca (microfibra) Toallas Secas Microfibra Para Pantallas Y Carcasas De Equipos Electronicos\" \/>\n<meta property=\"og:description\" content=\"Compra Toallita Seca (microfibra) Toallas Secas Microfibra Para Pantallas Y Carcasas De Equipos Electronicos + Env\u00edo a domicilio + Pago seguro + Garant\u00eda\" \/>\n<meta property=\"og:url\" content=\"https:\/\/compuviper.mx\/tienda\/producto\/silimex-toallita-seca-microfibra-toallas-secas-microfibra-para-pantallas-y-carcasas-de-equipos-electronicos\/\" \/>\n<meta property=\"og:site_name\" content=\"Compuviper\" \/>\n<meta property=\"article:publisher\" content=\"https:\/\/www.facebook.com\/compuviper\" \/>\n<meta property=\"og:image\" content=\"https:\/\/compuviper.mx\/tienda\/wp-content\/uploads\/2023\/12\/Toalla-seca-electrostatica-de-micro-fibra-medida-30-x-30-cms-silimex.jpg\" \/>\n\t<meta property=\"og:image:width\" content=\"200\" \/>\n\t<meta property=\"og:image:height\" content=\"200\" \/>\n\t<meta property=\"og:image:type\" content=\"image\/jpeg\" \/>\n<meta name=\"twitter:card\" content=\"summary_large_image\" \/>\n<meta name=\"twitter:label1\" content=\"Precio\" \/>\n\t<meta name=\"twitter:data1\" content=\"&#36;28 con IVA\" \/>\n\t<meta name=\"twitter:label2\" content=\"Availability\" \/>\n\t<meta name=\"twitter:data2\" content=\"In stock\" \/>\n<script type=\"application\/ld+json\" class=\"yoast-schema-graph\">{\"@context\":\"https:\/\/schema.org\",\"@graph\":[{\"@type\":\"WebPage\",\"@id\":\"https:\/\/compuviper.mx\/tienda\/producto\/silimex-toallita-seca-microfibra-toallas-secas-microfibra-para-pantallas-y-carcasas-de-equipos-electronicos\/\",\"url\":\"https:\/\/compuviper.mx\/tienda\/producto\/silimex-toallita-seca-microfibra-toallas-secas-microfibra-para-pantallas-y-carcasas-de-equipos-electronicos\/\",\"name\":\"[ Silimex ] &#129351; Toallita Seca (microfibra) Toallas Secas Microfibra Para Pantallas Y Carcasas De Equipos Electronicos\",\"isPartOf\":{\"@id\":\"https:\/\/compuviper.mx\/tienda\/#website\"},\"datePublished\":\"2026-04-08T06:05:40+00:00\",\"dateModified\":\"2026-04-08T06:05:40+00:00\",\"description\":\"Compra Toallita Seca (microfibra) Toallas Secas Microfibra Para Pantallas Y Carcasas De Equipos Electronicos + Env\u00edo a domicilio + Pago seguro + Garant\u00eda\",\"breadcrumb\":{\"@id\":\"https:\/\/compuviper.mx\/tienda\/producto\/silimex-toallita-seca-microfibra-toallas-secas-microfibra-para-pantallas-y-carcasas-de-equipos-electronicos\/#breadcrumb\"},\"inLanguage\":\"es-MX\",\"potentialAction\":[{\"@type\":\"ReadAction\",\"target\":[\"https:\/\/compuviper.mx\/tienda\/producto\/silimex-toallita-seca-microfibra-toallas-secas-microfibra-para-pantallas-y-carcasas-de-equipos-electronicos\/\"]}]},{\"@type\":\"BreadcrumbList\",\"@id\":\"https:\/\/compuviper.mx\/tienda\/producto\/silimex-toallita-seca-microfibra-toallas-secas-microfibra-para-pantallas-y-carcasas-de-equipos-electronicos\/#breadcrumb\",\"itemListElement\":[{\"@type\":\"ListItem\",\"position\":1,\"name\":\"Inicio\",\"item\":\"https:\/\/compuviper.mx\/tienda\/\"},{\"@type\":\"ListItem\",\"position\":2,\"name\":\"Productos\",\"item\":\"https:\/\/compuviper.mx\/tienda\/productos\/\"},{\"@type\":\"ListItem\",\"position\":3,\"name\":\"Productos De Limpieza\",\"item\":\"https:\/\/compuviper.mx\/tienda\/categoria-producto\/productos-de-limpieza\/\"},{\"@type\":\"ListItem\",\"position\":4,\"name\":\"Toallas\",\"item\":\"https:\/\/compuviper.mx\/tienda\/categoria-producto\/productos-de-limpieza\/toallas\/\"},{\"@type\":\"ListItem\",\"position\":5,\"name\":\"Silimex Toallita Seca (microfibra) Toallas Secas Microfibra Para Pantallas Y Carcasas De Equipos Electronicos\"}]},{\"@type\":\"WebSite\",\"@id\":\"https:\/\/compuviper.mx\/tienda\/#website\",\"url\":\"https:\/\/compuviper.mx\/tienda\/\",\"name\":\"Compuviper\",\"description\":\"Proveedor de Computadoras, Laptops, Servidores, Monitores, Puntos de Venta, Teclados,   Impresoras, T\u00f3ner, C\u00e1maras de Seguridad y m\u00e1s en tu tienda en l\u00ednea\",\"publisher\":{\"@id\":\"https:\/\/compuviper.mx\/tienda\/#organization\"},\"potentialAction\":[{\"@type\":\"SearchAction\",\"target\":{\"@type\":\"EntryPoint\",\"urlTemplate\":\"https:\/\/compuviper.mx\/tienda\/?s={search_term_string}\"},\"query-input\":\"required name=search_term_string\"}],\"inLanguage\":\"es-MX\"},{\"@type\":\"Organization\",\"@id\":\"https:\/\/compuviper.mx\/tienda\/#organization\",\"name\":\"Compuviper\",\"url\":\"https:\/\/compuviper.mx\/tienda\/\",\"logo\":{\"@type\":\"ImageObject\",\"inLanguage\":\"es-MX\",\"@id\":\"https:\/\/compuviper.mx\/tienda\/#\/schema\/logo\/image\/\",\"url\":\"https:\/\/compuviper.mx\/tienda\/wp-content\/uploads\/2021\/08\/Logo-Compuviper-10.png\",\"contentUrl\":\"https:\/\/compuviper.mx\/tienda\/wp-content\/uploads\/2021\/08\/Logo-Compuviper-10.png\",\"width\":1000,\"height\":500,\"caption\":\"Compuviper\"},\"image\":{\"@id\":\"https:\/\/compuviper.mx\/tienda\/#\/schema\/logo\/image\/\"},\"sameAs\":[\"https:\/\/www.facebook.com\/compuviper\",\"https:\/\/www.youtube.com\/channel\/UCf73dERp9Y3cfOq7q8BhLjA?view_as=subscriber\"]}]}<\/script>\n<meta property=\"product:brand\" content=\"SILIMEX\" \/>\n<meta property=\"product:price:amount\" content=\"28\" \/>\n<meta property=\"product:price:currency\" content=\"MXN\" \/>\n<meta property=\"og:availability\" content=\"instock\" \/>\n<meta property=\"product:availability\" content=\"instock\" \/>\n<meta property=\"product:retailer_item_id\" content=\"TOALLITA SECA (Microfibra)\" \/>\n<meta property=\"product:condition\" content=\"new\" \/>\n<!-- \/ Yoast SEO plugin. -->","yoast_head_json":{"title":"[ Silimex ] &#129351; Toallita Seca (microfibra) Toallas Secas Microfibra Para Pantallas Y Carcasas De Equipos Electronicos","description":"Compra Toallita Seca (microfibra) Toallas Secas Microfibra Para Pantallas Y Carcasas De Equipos Electronicos + Env\u00edo a domicilio + Pago seguro + Garant\u00eda","robots":{"index":"index","follow":"follow","max-snippet":"max-snippet:-1","max-image-preview":"max-image-preview:large","max-video-preview":"max-video-preview:-1"},"canonical":"https:\/\/compuviper.mx\/tienda\/producto\/silimex-toallita-seca-microfibra-toallas-secas-microfibra-para-pantallas-y-carcasas-de-equipos-electronicos\/","og_locale":"es_MX","og_type":"article","og_title":"[ Silimex ] &#129351; Toallita Seca (microfibra) Toallas Secas Microfibra Para Pantallas Y Carcasas De Equipos Electronicos","og_description":"Compra Toallita Seca (microfibra) Toallas Secas Microfibra Para Pantallas Y Carcasas De Equipos Electronicos + Env\u00edo a domicilio + Pago seguro + Garant\u00eda","og_url":"https:\/\/compuviper.mx\/tienda\/producto\/silimex-toallita-seca-microfibra-toallas-secas-microfibra-para-pantallas-y-carcasas-de-equipos-electronicos\/","og_site_name":"Compuviper","article_publisher":"https:\/\/www.facebook.com\/compuviper","og_image":[{"width":200,"height":200,"url":"https:\/\/compuviper.mx\/tienda\/wp-content\/uploads\/2023\/12\/Toalla-seca-electrostatica-de-micro-fibra-medida-30-x-30-cms-silimex.jpg","type":"image\/jpeg"}],"twitter_card":"summary_large_image","twitter_misc":{"Precio":"&#36;28 con IVA","Availability":"In stock"},"schema":{"@context":"https:\/\/schema.org","@graph":[{"@type":"WebPage","@id":"https:\/\/compuviper.mx\/tienda\/producto\/silimex-toallita-seca-microfibra-toallas-secas-microfibra-para-pantallas-y-carcasas-de-equipos-electronicos\/","url":"https:\/\/compuviper.mx\/tienda\/producto\/silimex-toallita-seca-microfibra-toallas-secas-microfibra-para-pantallas-y-carcasas-de-equipos-electronicos\/","name":"[ Silimex ] &#129351; Toallita Seca (microfibra) Toallas Secas Microfibra Para Pantallas Y Carcasas De Equipos Electronicos","isPartOf":{"@id":"https:\/\/compuviper.mx\/tienda\/#website"},"datePublished":"2026-04-08T06:05:40+00:00","dateModified":"2026-04-08T06:05:40+00:00","description":"Compra Toallita Seca (microfibra) Toallas Secas Microfibra Para Pantallas Y Carcasas De Equipos Electronicos + Env\u00edo a domicilio + Pago seguro + Garant\u00eda","breadcrumb":{"@id":"https:\/\/compuviper.mx\/tienda\/producto\/silimex-toallita-seca-microfibra-toallas-secas-microfibra-para-pantallas-y-carcasas-de-equipos-electronicos\/#breadcrumb"},"inLanguage":"es-MX","potentialAction":[{"@type":"ReadAction","target":["https:\/\/compuviper.mx\/tienda\/producto\/silimex-toallita-seca-microfibra-toallas-secas-microfibra-para-pantallas-y-carcasas-de-equipos-electronicos\/"]}]},{"@type":"BreadcrumbList","@id":"https:\/\/compuviper.mx\/tienda\/producto\/silimex-toallita-seca-microfibra-toallas-secas-microfibra-para-pantallas-y-carcasas-de-equipos-electronicos\/#breadcrumb","itemListElement":[{"@type":"ListItem","position":1,"name":"Inicio","item":"https:\/\/compuviper.mx\/tienda\/"},{"@type":"ListItem","position":2,"name":"Productos","item":"https:\/\/compuviper.mx\/tienda\/productos\/"},{"@type":"ListItem","position":3,"name":"Productos De Limpieza","item":"https:\/\/compuviper.mx\/tienda\/categoria-producto\/productos-de-limpieza\/"},{"@type":"ListItem","position":4,"name":"Toallas","item":"https:\/\/compuviper.mx\/tienda\/categoria-producto\/productos-de-limpieza\/toallas\/"},{"@type":"ListItem","position":5,"name":"Silimex Toallita Seca (microfibra) Toallas Secas Microfibra Para Pantallas Y Carcasas De Equipos Electronicos"}]},{"@type":"WebSite","@id":"https:\/\/compuviper.mx\/tienda\/#website","url":"https:\/\/compuviper.mx\/tienda\/","name":"Compuviper","description":"Proveedor de Computadoras, Laptops, Servidores, Monitores, Puntos de Venta, Teclados,   Impresoras, T\u00f3ner, C\u00e1maras de Seguridad y m\u00e1s en tu tienda en l\u00ednea","publisher":{"@id":"https:\/\/compuviper.mx\/tienda\/#organization"},"potentialAction":[{"@type":"SearchAction","target":{"@type":"EntryPoint","urlTemplate":"https:\/\/compuviper.mx\/tienda\/?s={search_term_string}"},"query-input":"required name=search_term_string"}],"inLanguage":"es-MX"},{"@type":"Organization","@id":"https:\/\/compuviper.mx\/tienda\/#organization","name":"Compuviper","url":"https:\/\/compuviper.mx\/tienda\/","logo":{"@type":"ImageObject","inLanguage":"es-MX","@id":"https:\/\/compuviper.mx\/tienda\/#\/schema\/logo\/image\/","url":"https:\/\/compuviper.mx\/tienda\/wp-content\/uploads\/2021\/08\/Logo-Compuviper-10.png","contentUrl":"https:\/\/compuviper.mx\/tienda\/wp-content\/uploads\/2021\/08\/Logo-Compuviper-10.png","width":1000,"height":500,"caption":"Compuviper"},"image":{"@id":"https:\/\/compuviper.mx\/tienda\/#\/schema\/logo\/image\/"},"sameAs":["https:\/\/www.facebook.com\/compuviper","https:\/\/www.youtube.com\/channel\/UCf73dERp9Y3cfOq7q8BhLjA?view_as=subscriber"]}]},"product_brand":"SILIMEX","product_price_amount":"28","product_price_currency":"MXN","og_availability":"instock","product_availability":"instock","product_retailer_item_id":"TOALLITA SECA (Microfibra)","product_condition":"new"},"_links":{"self":[{"href":"https:\/\/compuviper.mx\/tienda\/wp-json\/wp\/v2\/product\/215980"}],"collection":[{"href":"https:\/\/compuviper.mx\/tienda\/wp-json\/wp\/v2\/product"}],"about":[{"href":"https:\/\/compuviper.mx\/tienda\/wp-json\/wp\/v2\/types\/product"}],"replies":[{"embeddable":true,"href":"https:\/\/compuviper.mx\/tienda\/wp-json\/wp\/v2\/comments?post=215980"}],"wp:featuredmedia":[{"embeddable":true,"href":"https:\/\/compuviper.mx\/tienda\/wp-json\/wp\/v2\/media\/215981"}],"wp:attachment":[{"href":"https:\/\/compuviper.mx\/tienda\/wp-json\/wp\/v2\/media?parent=215980"}],"wp:term":[{"taxonomy":"product_cat","embeddable":true,"href":"https:\/\/compuviper.mx\/tienda\/wp-json\/wp\/v2\/product_cat?post=215980"},{"taxonomy":"product_tag","embeddable":true,"href":"https:\/\/compuviper.mx\/tienda\/wp-json\/wp\/v2\/product_tag?post=215980"}],"curies":[{"name":"wp","href":"https:\/\/api.w.org\/{rel}","templated":true}]}}