{"id":215949,"date":"2026-04-08T00:01:01","date_gmt":"2026-04-08T06:01:01","guid":{"rendered":"https:\/\/compuviper.mx\/tienda\/producto\/silimex-compucare-locion-250ml-locion-limpiadora-y-protectora-para-uso-exclusivamente-externo-de-250-ml\/"},"modified":"2026-04-08T00:01:01","modified_gmt":"2026-04-08T06:01:01","slug":"silimex-compu-care-locion-limpiadora-250-ml-atomizador-compucare-locion-limpiadora-para-superficies-de-equipos-electronicos-250-ml","status":"publish","type":"product","link":"https:\/\/compuviper.mx\/tienda\/producto\/silimex-compu-care-locion-limpiadora-250-ml-atomizador-compucare-locion-limpiadora-para-superficies-de-equipos-electronicos-250-ml\/","title":{"rendered":"Silimex Compu Care Locion Limpiadora 250 Ml Atomizador Compucare Locion Limpiadora Para Superficies De Equipos Electronicos  250 Ml"},"content":{"rendered":"<table class=\"descripcion\">\n<tr>\n<td>Compucare<\/td>\n<\/tr>\n<tr>\n<td>Descripcion:<\/td>\n<\/tr>\n<tr>\n<td>Loci\u00f3n limpiadora y protectora de superficies de equipos electr\u00f3nicos (c\u00f3mputo, smartphones, gamers etc.).<\/td>\n<\/tr>\n<tr>\n<td>Caracteristicas:<\/td>\n<\/tr>\n<tr>\n<td>&#8211; elimina grasa y suciedad.<\/td>\n<\/tr>\n<tr>\n<td>&#8211; elimina huellas dactilares.<\/td>\n<\/tr>\n<tr>\n<td>&#8211; ofrece protecci\u00f3n antiest\u00e1tica.<\/td>\n<\/tr>\n<tr>\n<td>&#8211; protecci\u00f3n u v.<\/td>\n<\/tr>\n<tr>\n<td>&#8211; antibacterial.<\/td>\n<\/tr>\n<tr>\n<td>&#8211; alto rendimiento.<\/td>\n<\/tr>\n<tr>\n<td>Presentacion:<\/td>\n<\/tr>\n<tr>\n<td>250 ml.<\/td>\n<\/tr>\n<tr>\n<td>Datos tecnicos:<\/td>\n<\/tr>\n<tr>\n<td>-ph: 7.4<\/td>\n<\/tr>\n<tr>\n<td>-densidad: 0.877 g\/ml<\/td>\n<\/tr>\n<tr>\n<td>-solubilidad en agua: soluble<\/td>\n<\/tr>\n<tr>\n<td>-punto de inflamabilidad: 37.8\u00b0c<\/td>\n<\/tr>\n<tr>\n<td>-almacenamiento: almacenarse en lugares frescos, no mayor a una temperatura de 50\u00b0c<\/td>\n<\/tr>\n<tr>\n<td>-apariencia: l\u00edquido<\/td>\n<\/tr>\n<tr>\n<td>-conductividad: 20 \u00bfs<\/td>\n<\/tr>\n<tr>\n<td>-color: azul<\/td>\n<\/tr>\n<tr>\n<td>-aroma: caracter\u00edstico<\/td>\n<\/tr>\n<\/table>\n","protected":false},"excerpt":{"rendered":"<p>Compucare es un l\u00edquido limpiador de carcasas, cubiertas pl\u00e1sticas y teclados, como computadoras, consolas y gadgets, eliminando grasa y suciedad (huellas), dejando un aroma agradable.<\/p>\n","protected":false},"featured_media":215950,"comment_status":"open","ping_status":"open","template":"","meta":[],"product_cat":[1638,1619],"product_tag":[1621],"acf":[],"yoast_head":"<!-- This site is optimized with the Yoast SEO plugin v21.7 - https:\/\/yoast.com\/wordpress\/plugins\/seo\/ -->\n<title>[ Silimex ] &#129351; Compu Care Locion Limpiadora 250 Ml Atomizador Compucare Locion Limpiadora Para Superficies De Equipos Electronicos 250 Ml<\/title>\n<meta name=\"description\" content=\"Compra Compu Care Locion Limpiadora 250 Ml Atomizador Compucare Locion Limpiadora Para Superficies De Equipos Electronicos 250 Ml + Env\u00edo a domicilio + Pago seguro + Garant\u00eda\" \/>\n<meta name=\"robots\" content=\"index, follow, max-snippet:-1, max-image-preview:large, max-video-preview:-1\" \/>\n<link rel=\"canonical\" href=\"https:\/\/compuviper.mx\/tienda\/producto\/silimex-compu-care-locion-limpiadora-250-ml-atomizador-compucare-locion-limpiadora-para-superficies-de-equipos-electronicos-250-ml\/\" \/>\n<meta property=\"og:locale\" content=\"es_MX\" \/>\n<meta property=\"og:type\" content=\"article\" \/>\n<meta property=\"og:title\" content=\"[ Silimex ] &#129351; Compu Care Locion Limpiadora 250 Ml Atomizador Compucare Locion Limpiadora Para Superficies De Equipos Electronicos 250 Ml\" \/>\n<meta property=\"og:description\" content=\"Compra Compu Care Locion Limpiadora 250 Ml Atomizador Compucare Locion Limpiadora Para Superficies De Equipos Electronicos 250 Ml + Env\u00edo a domicilio + Pago seguro + Garant\u00eda\" \/>\n<meta property=\"og:url\" content=\"https:\/\/compuviper.mx\/tienda\/producto\/silimex-compu-care-locion-limpiadora-250-ml-atomizador-compucare-locion-limpiadora-para-superficies-de-equipos-electronicos-250-ml\/\" \/>\n<meta property=\"og:site_name\" content=\"Compuviper\" \/>\n<meta property=\"article:publisher\" content=\"https:\/\/www.facebook.com\/compuviper\" \/>\n<meta property=\"og:image\" content=\"https:\/\/compuviper.mx\/tienda\/wp-content\/uploads\/2023\/12\/Locion-limpiadora-y-protectora-para-uso-exclusivamente-externo-de-250-ml.jpg\" \/>\n\t<meta property=\"og:image:width\" content=\"200\" \/>\n\t<meta property=\"og:image:height\" content=\"200\" \/>\n\t<meta property=\"og:image:type\" content=\"image\/jpeg\" \/>\n<meta name=\"twitter:card\" content=\"summary_large_image\" \/>\n<meta name=\"twitter:label1\" content=\"Precio\" \/>\n\t<meta name=\"twitter:data1\" content=\"&#36;56 con IVA\" \/>\n\t<meta name=\"twitter:label2\" content=\"Availability\" \/>\n\t<meta name=\"twitter:data2\" content=\"In stock\" \/>\n<script type=\"application\/ld+json\" class=\"yoast-schema-graph\">{\"@context\":\"https:\/\/schema.org\",\"@graph\":[{\"@type\":\"WebPage\",\"@id\":\"https:\/\/compuviper.mx\/tienda\/producto\/silimex-compu-care-locion-limpiadora-250-ml-atomizador-compucare-locion-limpiadora-para-superficies-de-equipos-electronicos-250-ml\/\",\"url\":\"https:\/\/compuviper.mx\/tienda\/producto\/silimex-compu-care-locion-limpiadora-250-ml-atomizador-compucare-locion-limpiadora-para-superficies-de-equipos-electronicos-250-ml\/\",\"name\":\"[ Silimex ] &#129351; Compu Care Locion Limpiadora 250 Ml Atomizador Compucare Locion Limpiadora Para Superficies De Equipos Electronicos 250 Ml\",\"isPartOf\":{\"@id\":\"https:\/\/compuviper.mx\/tienda\/#website\"},\"datePublished\":\"2026-04-08T06:01:01+00:00\",\"dateModified\":\"2026-04-08T06:01:01+00:00\",\"description\":\"Compra Compu Care Locion Limpiadora 250 Ml Atomizador Compucare Locion Limpiadora Para Superficies De Equipos Electronicos 250 Ml + Env\u00edo a domicilio + Pago seguro + Garant\u00eda\",\"breadcrumb\":{\"@id\":\"https:\/\/compuviper.mx\/tienda\/producto\/silimex-compu-care-locion-limpiadora-250-ml-atomizador-compucare-locion-limpiadora-para-superficies-de-equipos-electronicos-250-ml\/#breadcrumb\"},\"inLanguage\":\"es-MX\",\"potentialAction\":[{\"@type\":\"ReadAction\",\"target\":[\"https:\/\/compuviper.mx\/tienda\/producto\/silimex-compu-care-locion-limpiadora-250-ml-atomizador-compucare-locion-limpiadora-para-superficies-de-equipos-electronicos-250-ml\/\"]}]},{\"@type\":\"BreadcrumbList\",\"@id\":\"https:\/\/compuviper.mx\/tienda\/producto\/silimex-compu-care-locion-limpiadora-250-ml-atomizador-compucare-locion-limpiadora-para-superficies-de-equipos-electronicos-250-ml\/#breadcrumb\",\"itemListElement\":[{\"@type\":\"ListItem\",\"position\":1,\"name\":\"Inicio\",\"item\":\"https:\/\/compuviper.mx\/tienda\/\"},{\"@type\":\"ListItem\",\"position\":2,\"name\":\"Productos\",\"item\":\"https:\/\/compuviper.mx\/tienda\/productos\/\"},{\"@type\":\"ListItem\",\"position\":3,\"name\":\"Productos De Limpieza\",\"item\":\"https:\/\/compuviper.mx\/tienda\/categoria-producto\/productos-de-limpieza\/\"},{\"@type\":\"ListItem\",\"position\":4,\"name\":\"Limpiadores De Gabinetes Y Carcasas\",\"item\":\"https:\/\/compuviper.mx\/tienda\/categoria-producto\/productos-de-limpieza\/limpiadores-de-gabinetes-y-carcasas\/\"},{\"@type\":\"ListItem\",\"position\":5,\"name\":\"Silimex Compu Care Locion Limpiadora 250 Ml Atomizador Compucare Locion Limpiadora Para Superficies De Equipos Electronicos 250 Ml\"}]},{\"@type\":\"WebSite\",\"@id\":\"https:\/\/compuviper.mx\/tienda\/#website\",\"url\":\"https:\/\/compuviper.mx\/tienda\/\",\"name\":\"Compuviper\",\"description\":\"Proveedor de Computadoras, Laptops, Servidores, Monitores, Puntos de Venta, Teclados,   Impresoras, T\u00f3ner, C\u00e1maras de Seguridad y m\u00e1s en tu tienda en l\u00ednea\",\"publisher\":{\"@id\":\"https:\/\/compuviper.mx\/tienda\/#organization\"},\"potentialAction\":[{\"@type\":\"SearchAction\",\"target\":{\"@type\":\"EntryPoint\",\"urlTemplate\":\"https:\/\/compuviper.mx\/tienda\/?s={search_term_string}\"},\"query-input\":\"required name=search_term_string\"}],\"inLanguage\":\"es-MX\"},{\"@type\":\"Organization\",\"@id\":\"https:\/\/compuviper.mx\/tienda\/#organization\",\"name\":\"Compuviper\",\"url\":\"https:\/\/compuviper.mx\/tienda\/\",\"logo\":{\"@type\":\"ImageObject\",\"inLanguage\":\"es-MX\",\"@id\":\"https:\/\/compuviper.mx\/tienda\/#\/schema\/logo\/image\/\",\"url\":\"https:\/\/compuviper.mx\/tienda\/wp-content\/uploads\/2021\/08\/Logo-Compuviper-10.png\",\"contentUrl\":\"https:\/\/compuviper.mx\/tienda\/wp-content\/uploads\/2021\/08\/Logo-Compuviper-10.png\",\"width\":1000,\"height\":500,\"caption\":\"Compuviper\"},\"image\":{\"@id\":\"https:\/\/compuviper.mx\/tienda\/#\/schema\/logo\/image\/\"},\"sameAs\":[\"https:\/\/www.facebook.com\/compuviper\",\"https:\/\/www.youtube.com\/channel\/UCf73dERp9Y3cfOq7q8BhLjA?view_as=subscriber\"]}]}<\/script>\n<meta property=\"product:brand\" content=\"SILIMEX\" \/>\n<meta property=\"product:price:amount\" content=\"56\" \/>\n<meta property=\"product:price:currency\" content=\"MXN\" \/>\n<meta property=\"og:availability\" content=\"instock\" \/>\n<meta property=\"product:availability\" content=\"instock\" \/>\n<meta property=\"product:retailer_item_id\" content=\"COMPU CARE LOCION LIMPIADORA 250 ML\" \/>\n<meta property=\"product:condition\" content=\"new\" \/>\n<!-- \/ Yoast SEO plugin. -->","yoast_head_json":{"title":"[ Silimex ] &#129351; Compu Care Locion Limpiadora 250 Ml Atomizador Compucare Locion Limpiadora Para Superficies De Equipos Electronicos 250 Ml","description":"Compra Compu Care Locion Limpiadora 250 Ml Atomizador Compucare Locion Limpiadora Para Superficies De Equipos Electronicos 250 Ml + Env\u00edo a domicilio + Pago seguro + Garant\u00eda","robots":{"index":"index","follow":"follow","max-snippet":"max-snippet:-1","max-image-preview":"max-image-preview:large","max-video-preview":"max-video-preview:-1"},"canonical":"https:\/\/compuviper.mx\/tienda\/producto\/silimex-compu-care-locion-limpiadora-250-ml-atomizador-compucare-locion-limpiadora-para-superficies-de-equipos-electronicos-250-ml\/","og_locale":"es_MX","og_type":"article","og_title":"[ Silimex ] &#129351; Compu Care Locion Limpiadora 250 Ml Atomizador Compucare Locion Limpiadora Para Superficies De Equipos Electronicos 250 Ml","og_description":"Compra Compu Care Locion Limpiadora 250 Ml Atomizador Compucare Locion Limpiadora Para Superficies De Equipos Electronicos 250 Ml + Env\u00edo a domicilio + Pago seguro + Garant\u00eda","og_url":"https:\/\/compuviper.mx\/tienda\/producto\/silimex-compu-care-locion-limpiadora-250-ml-atomizador-compucare-locion-limpiadora-para-superficies-de-equipos-electronicos-250-ml\/","og_site_name":"Compuviper","article_publisher":"https:\/\/www.facebook.com\/compuviper","og_image":[{"width":200,"height":200,"url":"https:\/\/compuviper.mx\/tienda\/wp-content\/uploads\/2023\/12\/Locion-limpiadora-y-protectora-para-uso-exclusivamente-externo-de-250-ml.jpg","type":"image\/jpeg"}],"twitter_card":"summary_large_image","twitter_misc":{"Precio":"&#36;56 con IVA","Availability":"In stock"},"schema":{"@context":"https:\/\/schema.org","@graph":[{"@type":"WebPage","@id":"https:\/\/compuviper.mx\/tienda\/producto\/silimex-compu-care-locion-limpiadora-250-ml-atomizador-compucare-locion-limpiadora-para-superficies-de-equipos-electronicos-250-ml\/","url":"https:\/\/compuviper.mx\/tienda\/producto\/silimex-compu-care-locion-limpiadora-250-ml-atomizador-compucare-locion-limpiadora-para-superficies-de-equipos-electronicos-250-ml\/","name":"[ Silimex ] &#129351; Compu Care Locion Limpiadora 250 Ml Atomizador Compucare Locion Limpiadora Para Superficies De Equipos Electronicos 250 Ml","isPartOf":{"@id":"https:\/\/compuviper.mx\/tienda\/#website"},"datePublished":"2026-04-08T06:01:01+00:00","dateModified":"2026-04-08T06:01:01+00:00","description":"Compra Compu Care Locion Limpiadora 250 Ml Atomizador Compucare Locion Limpiadora Para Superficies De Equipos Electronicos 250 Ml + Env\u00edo a domicilio + Pago seguro + Garant\u00eda","breadcrumb":{"@id":"https:\/\/compuviper.mx\/tienda\/producto\/silimex-compu-care-locion-limpiadora-250-ml-atomizador-compucare-locion-limpiadora-para-superficies-de-equipos-electronicos-250-ml\/#breadcrumb"},"inLanguage":"es-MX","potentialAction":[{"@type":"ReadAction","target":["https:\/\/compuviper.mx\/tienda\/producto\/silimex-compu-care-locion-limpiadora-250-ml-atomizador-compucare-locion-limpiadora-para-superficies-de-equipos-electronicos-250-ml\/"]}]},{"@type":"BreadcrumbList","@id":"https:\/\/compuviper.mx\/tienda\/producto\/silimex-compu-care-locion-limpiadora-250-ml-atomizador-compucare-locion-limpiadora-para-superficies-de-equipos-electronicos-250-ml\/#breadcrumb","itemListElement":[{"@type":"ListItem","position":1,"name":"Inicio","item":"https:\/\/compuviper.mx\/tienda\/"},{"@type":"ListItem","position":2,"name":"Productos","item":"https:\/\/compuviper.mx\/tienda\/productos\/"},{"@type":"ListItem","position":3,"name":"Productos De Limpieza","item":"https:\/\/compuviper.mx\/tienda\/categoria-producto\/productos-de-limpieza\/"},{"@type":"ListItem","position":4,"name":"Limpiadores De Gabinetes Y Carcasas","item":"https:\/\/compuviper.mx\/tienda\/categoria-producto\/productos-de-limpieza\/limpiadores-de-gabinetes-y-carcasas\/"},{"@type":"ListItem","position":5,"name":"Silimex Compu Care Locion Limpiadora 250 Ml Atomizador Compucare Locion Limpiadora Para Superficies De Equipos Electronicos 250 Ml"}]},{"@type":"WebSite","@id":"https:\/\/compuviper.mx\/tienda\/#website","url":"https:\/\/compuviper.mx\/tienda\/","name":"Compuviper","description":"Proveedor de Computadoras, Laptops, Servidores, Monitores, Puntos de Venta, Teclados,   Impresoras, T\u00f3ner, C\u00e1maras de Seguridad y m\u00e1s en tu tienda en l\u00ednea","publisher":{"@id":"https:\/\/compuviper.mx\/tienda\/#organization"},"potentialAction":[{"@type":"SearchAction","target":{"@type":"EntryPoint","urlTemplate":"https:\/\/compuviper.mx\/tienda\/?s={search_term_string}"},"query-input":"required name=search_term_string"}],"inLanguage":"es-MX"},{"@type":"Organization","@id":"https:\/\/compuviper.mx\/tienda\/#organization","name":"Compuviper","url":"https:\/\/compuviper.mx\/tienda\/","logo":{"@type":"ImageObject","inLanguage":"es-MX","@id":"https:\/\/compuviper.mx\/tienda\/#\/schema\/logo\/image\/","url":"https:\/\/compuviper.mx\/tienda\/wp-content\/uploads\/2021\/08\/Logo-Compuviper-10.png","contentUrl":"https:\/\/compuviper.mx\/tienda\/wp-content\/uploads\/2021\/08\/Logo-Compuviper-10.png","width":1000,"height":500,"caption":"Compuviper"},"image":{"@id":"https:\/\/compuviper.mx\/tienda\/#\/schema\/logo\/image\/"},"sameAs":["https:\/\/www.facebook.com\/compuviper","https:\/\/www.youtube.com\/channel\/UCf73dERp9Y3cfOq7q8BhLjA?view_as=subscriber"]}]},"product_brand":"SILIMEX","product_price_amount":"56","product_price_currency":"MXN","og_availability":"instock","product_availability":"instock","product_retailer_item_id":"COMPU CARE LOCION LIMPIADORA 250 ML","product_condition":"new"},"_links":{"self":[{"href":"https:\/\/compuviper.mx\/tienda\/wp-json\/wp\/v2\/product\/215949"}],"collection":[{"href":"https:\/\/compuviper.mx\/tienda\/wp-json\/wp\/v2\/product"}],"about":[{"href":"https:\/\/compuviper.mx\/tienda\/wp-json\/wp\/v2\/types\/product"}],"replies":[{"embeddable":true,"href":"https:\/\/compuviper.mx\/tienda\/wp-json\/wp\/v2\/comments?post=215949"}],"wp:featuredmedia":[{"embeddable":true,"href":"https:\/\/compuviper.mx\/tienda\/wp-json\/wp\/v2\/media\/215950"}],"wp:attachment":[{"href":"https:\/\/compuviper.mx\/tienda\/wp-json\/wp\/v2\/media?parent=215949"}],"wp:term":[{"taxonomy":"product_cat","embeddable":true,"href":"https:\/\/compuviper.mx\/tienda\/wp-json\/wp\/v2\/product_cat?post=215949"},{"taxonomy":"product_tag","embeddable":true,"href":"https:\/\/compuviper.mx\/tienda\/wp-json\/wp\/v2\/product_tag?post=215949"}],"curies":[{"name":"wp","href":"https:\/\/api.w.org\/{rel}","templated":true}]}}