{"id":215886,"date":"2026-04-07T23:57:40","date_gmt":"2026-04-08T05:57:40","guid":{"rendered":"https:\/\/compuviper.mx\/tienda\/producto\/canon-5698c001aa-tanque-de-tinta-pfi-050-bk-negrocompatible-tc-20-capacidad-70-ml\/"},"modified":"2026-04-07T23:57:41","modified_gmt":"2026-04-08T05:57:41","slug":"canon-5698c001aa-tanque-de-tinta-pfi-050bk-negro-capacidad-70-ml-compatible-ta-20ta-30","status":"publish","type":"product","link":"https:\/\/compuviper.mx\/tienda\/producto\/canon-5698c001aa-tanque-de-tinta-pfi-050bk-negro-capacidad-70-ml-compatible-ta-20ta-30\/","title":{"rendered":"Canon 5698c001aa Tanque De Tinta  Pfi-050bk Negro, Capacidad 70 Ml, Compatible Ta-20,ta-30"},"content":{"rendered":"<table class=\"descripcion\">\n<tr>\n<td>Esta tinta cumplen con objetivos de sustentabilidad gracias al uso de botellas de tinta de pl\u00e1stico de reciclaje de 70ml con un embalaje reducido y clasificaci\u00f3n epat gold de bajo consumo el\u00e9ctrico. la pfi-050 es ideal para imprimir carteles y volantes, ya que te permite imprimir textos n\u00edtidos y gr\u00e1ficos vibrantes.<\/td>\n<\/tr>\n<tr>\n<td>\u0095 color: bk negro.<\/td>\n<\/tr>\n<tr>\n<td>\u0095 resistente al agua y marcadores<\/td>\n<\/tr>\n<tr>\n<td>\u0095 compatibilidad: imageprograf tc-20<\/td>\n<\/tr>\n<\/table>\n","protected":false},"excerpt":{"rendered":"<p>Botella de tinta canon pfi-050 bk negro para imageprograf tc-20<\/p>\n","protected":false},"featured_media":215887,"comment_status":"open","ping_status":"open","template":"","meta":[],"product_cat":[1622,2030],"product_tag":[1554],"acf":[],"yoast_head":"<!-- This site is optimized with the Yoast SEO plugin v21.7 - https:\/\/yoast.com\/wordpress\/plugins\/seo\/ -->\n<title>[ Canon ] &#129351; 5698c001aa Tanque De Tinta Pfi-050bk Negro, Capacidad 70 Ml, Compatible Ta-20,ta-30<\/title>\n<meta name=\"description\" content=\"Compra 5698c001aa Tanque De Tinta Pfi-050bk Negro, Capacidad 70 Ml, Compatible Ta-20,ta-30 + Env\u00edo a domicilio + Pago seguro + Garant\u00eda\" \/>\n<meta name=\"robots\" content=\"index, follow, max-snippet:-1, max-image-preview:large, max-video-preview:-1\" \/>\n<link rel=\"canonical\" href=\"https:\/\/compuviper.mx\/tienda\/producto\/canon-5698c001aa-tanque-de-tinta-pfi-050bk-negro-capacidad-70-ml-compatible-ta-20ta-30\/\" \/>\n<meta property=\"og:locale\" content=\"es_MX\" \/>\n<meta property=\"og:type\" content=\"article\" \/>\n<meta property=\"og:title\" content=\"[ Canon ] &#129351; 5698c001aa Tanque De Tinta Pfi-050bk Negro, Capacidad 70 Ml, Compatible Ta-20,ta-30\" \/>\n<meta property=\"og:description\" content=\"Compra 5698c001aa Tanque De Tinta Pfi-050bk Negro, Capacidad 70 Ml, Compatible Ta-20,ta-30 + Env\u00edo a domicilio + Pago seguro + Garant\u00eda\" \/>\n<meta property=\"og:url\" content=\"https:\/\/compuviper.mx\/tienda\/producto\/canon-5698c001aa-tanque-de-tinta-pfi-050bk-negro-capacidad-70-ml-compatible-ta-20ta-30\/\" \/>\n<meta property=\"og:site_name\" content=\"Compuviper\" \/>\n<meta property=\"article:publisher\" content=\"https:\/\/www.facebook.com\/compuviper\" \/>\n<meta property=\"article:modified_time\" content=\"2026-04-08T05:57:41+00:00\" \/>\n<meta property=\"og:image\" content=\"https:\/\/compuviper.mx\/tienda\/wp-content\/uploads\/2023\/12\/Tanque-de-tinta-canon-pfi-050-bk-negrocompatible-tc-20-capacidad-70-ml.jpg\" \/>\n\t<meta property=\"og:image:width\" content=\"200\" \/>\n\t<meta property=\"og:image:height\" content=\"200\" \/>\n\t<meta property=\"og:image:type\" content=\"image\/jpeg\" \/>\n<meta name=\"twitter:card\" content=\"summary_large_image\" \/>\n<meta name=\"twitter:label1\" content=\"Precio\" \/>\n\t<meta name=\"twitter:data1\" content=\"&#36;1,188 con IVA\" \/>\n\t<meta name=\"twitter:label2\" content=\"Availability\" \/>\n\t<meta name=\"twitter:data2\" content=\"In stock\" \/>\n<script type=\"application\/ld+json\" class=\"yoast-schema-graph\">{\"@context\":\"https:\/\/schema.org\",\"@graph\":[{\"@type\":\"WebPage\",\"@id\":\"https:\/\/compuviper.mx\/tienda\/producto\/canon-5698c001aa-tanque-de-tinta-pfi-050bk-negro-capacidad-70-ml-compatible-ta-20ta-30\/\",\"url\":\"https:\/\/compuviper.mx\/tienda\/producto\/canon-5698c001aa-tanque-de-tinta-pfi-050bk-negro-capacidad-70-ml-compatible-ta-20ta-30\/\",\"name\":\"[ Canon ] &#129351; 5698c001aa Tanque De Tinta Pfi-050bk Negro, Capacidad 70 Ml, Compatible Ta-20,ta-30\",\"isPartOf\":{\"@id\":\"https:\/\/compuviper.mx\/tienda\/#website\"},\"datePublished\":\"2026-04-08T05:57:40+00:00\",\"dateModified\":\"2026-04-08T05:57:41+00:00\",\"description\":\"Compra 5698c001aa Tanque De Tinta Pfi-050bk Negro, Capacidad 70 Ml, Compatible Ta-20,ta-30 + Env\u00edo a domicilio + Pago seguro + Garant\u00eda\",\"breadcrumb\":{\"@id\":\"https:\/\/compuviper.mx\/tienda\/producto\/canon-5698c001aa-tanque-de-tinta-pfi-050bk-negro-capacidad-70-ml-compatible-ta-20ta-30\/#breadcrumb\"},\"inLanguage\":\"es-MX\",\"potentialAction\":[{\"@type\":\"ReadAction\",\"target\":[\"https:\/\/compuviper.mx\/tienda\/producto\/canon-5698c001aa-tanque-de-tinta-pfi-050bk-negro-capacidad-70-ml-compatible-ta-20ta-30\/\"]}]},{\"@type\":\"BreadcrumbList\",\"@id\":\"https:\/\/compuviper.mx\/tienda\/producto\/canon-5698c001aa-tanque-de-tinta-pfi-050bk-negro-capacidad-70-ml-compatible-ta-20ta-30\/#breadcrumb\",\"itemListElement\":[{\"@type\":\"ListItem\",\"position\":1,\"name\":\"Inicio\",\"item\":\"https:\/\/compuviper.mx\/tienda\/\"},{\"@type\":\"ListItem\",\"position\":2,\"name\":\"Productos\",\"item\":\"https:\/\/compuviper.mx\/tienda\/productos\/\"},{\"@type\":\"ListItem\",\"position\":3,\"name\":\"Consumibles\",\"item\":\"https:\/\/compuviper.mx\/tienda\/categoria-producto\/consumibles\/\"},{\"@type\":\"ListItem\",\"position\":4,\"name\":\"Tinta Continua\",\"item\":\"https:\/\/compuviper.mx\/tienda\/categoria-producto\/consumibles\/tinta-continua\/\"},{\"@type\":\"ListItem\",\"position\":5,\"name\":\"Canon 5698c001aa Tanque De Tinta Pfi-050bk Negro, Capacidad 70 Ml, Compatible Ta-20,ta-30\"}]},{\"@type\":\"WebSite\",\"@id\":\"https:\/\/compuviper.mx\/tienda\/#website\",\"url\":\"https:\/\/compuviper.mx\/tienda\/\",\"name\":\"Compuviper\",\"description\":\"Proveedor de Computadoras, Laptops, Servidores, Monitores, Puntos de Venta, Teclados,   Impresoras, T\u00f3ner, C\u00e1maras de Seguridad y m\u00e1s en tu tienda en l\u00ednea\",\"publisher\":{\"@id\":\"https:\/\/compuviper.mx\/tienda\/#organization\"},\"potentialAction\":[{\"@type\":\"SearchAction\",\"target\":{\"@type\":\"EntryPoint\",\"urlTemplate\":\"https:\/\/compuviper.mx\/tienda\/?s={search_term_string}\"},\"query-input\":\"required name=search_term_string\"}],\"inLanguage\":\"es-MX\"},{\"@type\":\"Organization\",\"@id\":\"https:\/\/compuviper.mx\/tienda\/#organization\",\"name\":\"Compuviper\",\"url\":\"https:\/\/compuviper.mx\/tienda\/\",\"logo\":{\"@type\":\"ImageObject\",\"inLanguage\":\"es-MX\",\"@id\":\"https:\/\/compuviper.mx\/tienda\/#\/schema\/logo\/image\/\",\"url\":\"https:\/\/compuviper.mx\/tienda\/wp-content\/uploads\/2021\/08\/Logo-Compuviper-10.png\",\"contentUrl\":\"https:\/\/compuviper.mx\/tienda\/wp-content\/uploads\/2021\/08\/Logo-Compuviper-10.png\",\"width\":1000,\"height\":500,\"caption\":\"Compuviper\"},\"image\":{\"@id\":\"https:\/\/compuviper.mx\/tienda\/#\/schema\/logo\/image\/\"},\"sameAs\":[\"https:\/\/www.facebook.com\/compuviper\",\"https:\/\/www.youtube.com\/channel\/UCf73dERp9Y3cfOq7q8BhLjA?view_as=subscriber\"]}]}<\/script>\n<meta property=\"product:brand\" content=\"CANON\" \/>\n<meta property=\"product:price:amount\" content=\"1188\" \/>\n<meta property=\"product:price:currency\" content=\"MXN\" \/>\n<meta property=\"og:availability\" content=\"instock\" \/>\n<meta property=\"product:availability\" content=\"instock\" \/>\n<meta property=\"product:retailer_item_id\" content=\"5698C001AA\" \/>\n<meta property=\"product:condition\" content=\"new\" \/>\n<!-- \/ Yoast SEO plugin. -->","yoast_head_json":{"title":"[ Canon ] &#129351; 5698c001aa Tanque De Tinta Pfi-050bk Negro, Capacidad 70 Ml, Compatible Ta-20,ta-30","description":"Compra 5698c001aa Tanque De Tinta Pfi-050bk Negro, Capacidad 70 Ml, Compatible Ta-20,ta-30 + Env\u00edo a domicilio + Pago seguro + Garant\u00eda","robots":{"index":"index","follow":"follow","max-snippet":"max-snippet:-1","max-image-preview":"max-image-preview:large","max-video-preview":"max-video-preview:-1"},"canonical":"https:\/\/compuviper.mx\/tienda\/producto\/canon-5698c001aa-tanque-de-tinta-pfi-050bk-negro-capacidad-70-ml-compatible-ta-20ta-30\/","og_locale":"es_MX","og_type":"article","og_title":"[ Canon ] &#129351; 5698c001aa Tanque De Tinta Pfi-050bk Negro, Capacidad 70 Ml, Compatible Ta-20,ta-30","og_description":"Compra 5698c001aa Tanque De Tinta Pfi-050bk Negro, Capacidad 70 Ml, Compatible Ta-20,ta-30 + Env\u00edo a domicilio + Pago seguro + Garant\u00eda","og_url":"https:\/\/compuviper.mx\/tienda\/producto\/canon-5698c001aa-tanque-de-tinta-pfi-050bk-negro-capacidad-70-ml-compatible-ta-20ta-30\/","og_site_name":"Compuviper","article_publisher":"https:\/\/www.facebook.com\/compuviper","article_modified_time":"2026-04-08T05:57:41+00:00","og_image":[{"width":200,"height":200,"url":"https:\/\/compuviper.mx\/tienda\/wp-content\/uploads\/2023\/12\/Tanque-de-tinta-canon-pfi-050-bk-negrocompatible-tc-20-capacidad-70-ml.jpg","type":"image\/jpeg"}],"twitter_card":"summary_large_image","twitter_misc":{"Precio":"&#36;1,188 con IVA","Availability":"In stock"},"schema":{"@context":"https:\/\/schema.org","@graph":[{"@type":"WebPage","@id":"https:\/\/compuviper.mx\/tienda\/producto\/canon-5698c001aa-tanque-de-tinta-pfi-050bk-negro-capacidad-70-ml-compatible-ta-20ta-30\/","url":"https:\/\/compuviper.mx\/tienda\/producto\/canon-5698c001aa-tanque-de-tinta-pfi-050bk-negro-capacidad-70-ml-compatible-ta-20ta-30\/","name":"[ Canon ] &#129351; 5698c001aa Tanque De Tinta Pfi-050bk Negro, Capacidad 70 Ml, Compatible Ta-20,ta-30","isPartOf":{"@id":"https:\/\/compuviper.mx\/tienda\/#website"},"datePublished":"2026-04-08T05:57:40+00:00","dateModified":"2026-04-08T05:57:41+00:00","description":"Compra 5698c001aa Tanque De Tinta Pfi-050bk Negro, Capacidad 70 Ml, Compatible Ta-20,ta-30 + Env\u00edo a domicilio + Pago seguro + Garant\u00eda","breadcrumb":{"@id":"https:\/\/compuviper.mx\/tienda\/producto\/canon-5698c001aa-tanque-de-tinta-pfi-050bk-negro-capacidad-70-ml-compatible-ta-20ta-30\/#breadcrumb"},"inLanguage":"es-MX","potentialAction":[{"@type":"ReadAction","target":["https:\/\/compuviper.mx\/tienda\/producto\/canon-5698c001aa-tanque-de-tinta-pfi-050bk-negro-capacidad-70-ml-compatible-ta-20ta-30\/"]}]},{"@type":"BreadcrumbList","@id":"https:\/\/compuviper.mx\/tienda\/producto\/canon-5698c001aa-tanque-de-tinta-pfi-050bk-negro-capacidad-70-ml-compatible-ta-20ta-30\/#breadcrumb","itemListElement":[{"@type":"ListItem","position":1,"name":"Inicio","item":"https:\/\/compuviper.mx\/tienda\/"},{"@type":"ListItem","position":2,"name":"Productos","item":"https:\/\/compuviper.mx\/tienda\/productos\/"},{"@type":"ListItem","position":3,"name":"Consumibles","item":"https:\/\/compuviper.mx\/tienda\/categoria-producto\/consumibles\/"},{"@type":"ListItem","position":4,"name":"Tinta Continua","item":"https:\/\/compuviper.mx\/tienda\/categoria-producto\/consumibles\/tinta-continua\/"},{"@type":"ListItem","position":5,"name":"Canon 5698c001aa Tanque De Tinta Pfi-050bk Negro, Capacidad 70 Ml, Compatible Ta-20,ta-30"}]},{"@type":"WebSite","@id":"https:\/\/compuviper.mx\/tienda\/#website","url":"https:\/\/compuviper.mx\/tienda\/","name":"Compuviper","description":"Proveedor de Computadoras, Laptops, Servidores, Monitores, Puntos de Venta, Teclados,   Impresoras, T\u00f3ner, C\u00e1maras de Seguridad y m\u00e1s en tu tienda en l\u00ednea","publisher":{"@id":"https:\/\/compuviper.mx\/tienda\/#organization"},"potentialAction":[{"@type":"SearchAction","target":{"@type":"EntryPoint","urlTemplate":"https:\/\/compuviper.mx\/tienda\/?s={search_term_string}"},"query-input":"required name=search_term_string"}],"inLanguage":"es-MX"},{"@type":"Organization","@id":"https:\/\/compuviper.mx\/tienda\/#organization","name":"Compuviper","url":"https:\/\/compuviper.mx\/tienda\/","logo":{"@type":"ImageObject","inLanguage":"es-MX","@id":"https:\/\/compuviper.mx\/tienda\/#\/schema\/logo\/image\/","url":"https:\/\/compuviper.mx\/tienda\/wp-content\/uploads\/2021\/08\/Logo-Compuviper-10.png","contentUrl":"https:\/\/compuviper.mx\/tienda\/wp-content\/uploads\/2021\/08\/Logo-Compuviper-10.png","width":1000,"height":500,"caption":"Compuviper"},"image":{"@id":"https:\/\/compuviper.mx\/tienda\/#\/schema\/logo\/image\/"},"sameAs":["https:\/\/www.facebook.com\/compuviper","https:\/\/www.youtube.com\/channel\/UCf73dERp9Y3cfOq7q8BhLjA?view_as=subscriber"]}]},"product_brand":"CANON","product_price_amount":"1188","product_price_currency":"MXN","og_availability":"instock","product_availability":"instock","product_retailer_item_id":"5698C001AA","product_condition":"new"},"_links":{"self":[{"href":"https:\/\/compuviper.mx\/tienda\/wp-json\/wp\/v2\/product\/215886"}],"collection":[{"href":"https:\/\/compuviper.mx\/tienda\/wp-json\/wp\/v2\/product"}],"about":[{"href":"https:\/\/compuviper.mx\/tienda\/wp-json\/wp\/v2\/types\/product"}],"replies":[{"embeddable":true,"href":"https:\/\/compuviper.mx\/tienda\/wp-json\/wp\/v2\/comments?post=215886"}],"wp:featuredmedia":[{"embeddable":true,"href":"https:\/\/compuviper.mx\/tienda\/wp-json\/wp\/v2\/media\/215887"}],"wp:attachment":[{"href":"https:\/\/compuviper.mx\/tienda\/wp-json\/wp\/v2\/media?parent=215886"}],"wp:term":[{"taxonomy":"product_cat","embeddable":true,"href":"https:\/\/compuviper.mx\/tienda\/wp-json\/wp\/v2\/product_cat?post=215886"},{"taxonomy":"product_tag","embeddable":true,"href":"https:\/\/compuviper.mx\/tienda\/wp-json\/wp\/v2\/product_tag?post=215886"}],"curies":[{"name":"wp","href":"https:\/\/api.w.org\/{rel}","templated":true}]}}