{"id":215840,"date":"2026-04-02T23:08:35","date_gmt":"2026-04-03T05:08:35","guid":{"rendered":"https:\/\/compuviper.mx\/tienda\/producto\/silimex-silijet-mks-454ml-limpiador-dielectrico-de-sistemas-electronicos\/"},"modified":"2026-04-02T23:08:35","modified_gmt":"2026-04-03T05:08:35","slug":"silimex-sili-jet-mks-454ml-aerosol-silijet-mks-limpiador-dielectico-de-sistemas-electronicos-454-ml","status":"publish","type":"product","link":"https:\/\/compuviper.mx\/tienda\/producto\/silimex-sili-jet-mks-454ml-aerosol-silijet-mks-limpiador-dielectico-de-sistemas-electronicos-454-ml\/","title":{"rendered":"Silimex Sili Jet Mks 454ml Aerosol Silijet Mks Limpiador Dielectico De Sistemas Electronicos  454 Ml"},"content":{"rendered":"<table class=\"descripcion\">\n<tr>\n<td>\u0095 desintegra grasa, cochambre y polvo.<\/td>\n<\/tr>\n<tr>\n<td>\u0095 no es corrosivo, no daa ningn tipo de materiales.<\/td>\n<\/tr>\n<tr>\n<td>\u0095 no es reactivo.<\/td>\n<\/tr>\n<tr>\n<td>\u0095 no deja residuos.<\/td>\n<\/tr>\n<tr>\n<td>\u0095 rpida evaporacin.<\/td>\n<\/tr>\n<tr>\n<td>\u0095 libre de cfcs y hcfc\u0092s.<\/td>\n<\/tr>\n<tr>\n<td>\u0095 alto rendimiento.<\/td>\n<\/tr>\n<tr>\n<td>\u0095 no requiere agitarse antes de usar.<\/td>\n<\/tr>\n<tr>\n<td>\u0095 aplicar de 15 a 20 cm del rea a tratar.<\/td>\n<\/tr>\n<tr>\n<td>\u0095 para lugares de difcil acceso utilizar la extensin capilar.<\/td>\n<\/tr>\n<tr>\n<td>\u0095 en plsticos sensibles, se recomienda hacer una prueba previa<\/td>\n<\/tr>\n<tr>\n<td>En un rea pequea de la parte a limpiar.<\/td>\n<\/tr>\n<tr>\n<td>\u0095 no se exponga a temperaturas mayores a 50\u00b0c.<\/td>\n<\/tr>\n<tr>\n<td>\u0095 no perforar ni incinerar los envases vacios.<\/td>\n<\/tr>\n<tr>\n<td>\u0095 no dejar dentro de la cabina del automvil.<\/td>\n<\/tr>\n<tr>\n<td>\u0095 mantngase fuera del alcance de los nios.<\/td>\n<\/tr>\n<tr>\n<td>\u0095 consultar la hoja de seguridad.<\/td>\n<\/tr>\n<\/table>\n","protected":false},"excerpt":{"rendered":"<p>Limpiador dielctrico de sistemas electrnicos. \u0095 desintegra grasa, cochambre y polvo. \u0095 no es corrosivo, no dana ningun tipo de materiales. \u0095 no es reactivo. \u0095 no deja residuos. \u0095 rapida evaporacion. \u0095 libre de cfcs y hcfc\u0092s. \u0095 alto rendimiento.<\/p>\n","protected":false},"featured_media":215841,"comment_status":"open","ping_status":"open","template":"","meta":[],"product_cat":[1628,1619],"product_tag":[1621],"acf":[],"yoast_head":"<!-- This site is optimized with the Yoast SEO plugin v21.7 - https:\/\/yoast.com\/wordpress\/plugins\/seo\/ -->\n<title>[ Silimex ] &#129351; Sili Jet Mks 454ml Aerosol Silijet Mks Limpiador Dielectico De Sistemas Electronicos 454 Ml<\/title>\n<meta name=\"description\" content=\"Compra Sili Jet Mks 454ml Aerosol Silijet Mks Limpiador Dielectico De Sistemas Electronicos 454 Ml + Env\u00edo a domicilio + Pago seguro + Garant\u00eda\" \/>\n<meta name=\"robots\" content=\"index, follow, max-snippet:-1, max-image-preview:large, max-video-preview:-1\" \/>\n<link rel=\"canonical\" href=\"https:\/\/compuviper.mx\/tienda\/producto\/silimex-sili-jet-mks-454ml-aerosol-silijet-mks-limpiador-dielectico-de-sistemas-electronicos-454-ml\/\" \/>\n<meta property=\"og:locale\" content=\"es_MX\" \/>\n<meta property=\"og:type\" content=\"article\" \/>\n<meta property=\"og:title\" content=\"[ Silimex ] &#129351; Sili Jet Mks 454ml Aerosol Silijet Mks Limpiador Dielectico De Sistemas Electronicos 454 Ml\" \/>\n<meta property=\"og:description\" content=\"Compra Sili Jet Mks 454ml Aerosol Silijet Mks Limpiador Dielectico De Sistemas Electronicos 454 Ml + Env\u00edo a domicilio + Pago seguro + Garant\u00eda\" \/>\n<meta property=\"og:url\" content=\"https:\/\/compuviper.mx\/tienda\/producto\/silimex-sili-jet-mks-454ml-aerosol-silijet-mks-limpiador-dielectico-de-sistemas-electronicos-454-ml\/\" \/>\n<meta property=\"og:site_name\" content=\"Compuviper\" \/>\n<meta property=\"article:publisher\" content=\"https:\/\/www.facebook.com\/compuviper\" \/>\n<meta property=\"og:image\" content=\"https:\/\/compuviper.mx\/tienda\/wp-content\/uploads\/2023\/12\/Limpiador-dielectrico-de-sistemas-electronicos.jpg\" \/>\n\t<meta property=\"og:image:width\" content=\"200\" \/>\n\t<meta property=\"og:image:height\" content=\"200\" \/>\n\t<meta property=\"og:image:type\" content=\"image\/jpeg\" \/>\n<meta name=\"twitter:card\" content=\"summary_large_image\" \/>\n<meta name=\"twitter:label1\" content=\"Precio\" \/>\n\t<meta name=\"twitter:data1\" content=\"&#36;137 con IVA\" \/>\n\t<meta name=\"twitter:label2\" content=\"Availability\" \/>\n\t<meta name=\"twitter:data2\" content=\"In stock\" \/>\n<script type=\"application\/ld+json\" class=\"yoast-schema-graph\">{\"@context\":\"https:\/\/schema.org\",\"@graph\":[{\"@type\":\"WebPage\",\"@id\":\"https:\/\/compuviper.mx\/tienda\/producto\/silimex-sili-jet-mks-454ml-aerosol-silijet-mks-limpiador-dielectico-de-sistemas-electronicos-454-ml\/\",\"url\":\"https:\/\/compuviper.mx\/tienda\/producto\/silimex-sili-jet-mks-454ml-aerosol-silijet-mks-limpiador-dielectico-de-sistemas-electronicos-454-ml\/\",\"name\":\"[ Silimex ] &#129351; Sili Jet Mks 454ml Aerosol Silijet Mks Limpiador Dielectico De Sistemas Electronicos 454 Ml\",\"isPartOf\":{\"@id\":\"https:\/\/compuviper.mx\/tienda\/#website\"},\"datePublished\":\"2026-04-03T05:08:35+00:00\",\"dateModified\":\"2026-04-03T05:08:35+00:00\",\"description\":\"Compra Sili Jet Mks 454ml Aerosol Silijet Mks Limpiador Dielectico De Sistemas Electronicos 454 Ml + Env\u00edo a domicilio + Pago seguro + Garant\u00eda\",\"breadcrumb\":{\"@id\":\"https:\/\/compuviper.mx\/tienda\/producto\/silimex-sili-jet-mks-454ml-aerosol-silijet-mks-limpiador-dielectico-de-sistemas-electronicos-454-ml\/#breadcrumb\"},\"inLanguage\":\"es-MX\",\"potentialAction\":[{\"@type\":\"ReadAction\",\"target\":[\"https:\/\/compuviper.mx\/tienda\/producto\/silimex-sili-jet-mks-454ml-aerosol-silijet-mks-limpiador-dielectico-de-sistemas-electronicos-454-ml\/\"]}]},{\"@type\":\"BreadcrumbList\",\"@id\":\"https:\/\/compuviper.mx\/tienda\/producto\/silimex-sili-jet-mks-454ml-aerosol-silijet-mks-limpiador-dielectico-de-sistemas-electronicos-454-ml\/#breadcrumb\",\"itemListElement\":[{\"@type\":\"ListItem\",\"position\":1,\"name\":\"Inicio\",\"item\":\"https:\/\/compuviper.mx\/tienda\/\"},{\"@type\":\"ListItem\",\"position\":2,\"name\":\"Productos\",\"item\":\"https:\/\/compuviper.mx\/tienda\/productos\/\"},{\"@type\":\"ListItem\",\"position\":3,\"name\":\"Productos De Limpieza\",\"item\":\"https:\/\/compuviper.mx\/tienda\/categoria-producto\/productos-de-limpieza\/\"},{\"@type\":\"ListItem\",\"position\":4,\"name\":\"Limpiadores De Tarjetas Electronicas\",\"item\":\"https:\/\/compuviper.mx\/tienda\/categoria-producto\/productos-de-limpieza\/limpiadores-de-tarjetas-electronicas\/\"},{\"@type\":\"ListItem\",\"position\":5,\"name\":\"Silimex Sili Jet Mks 454ml Aerosol Silijet Mks Limpiador Dielectico De Sistemas Electronicos 454 Ml\"}]},{\"@type\":\"WebSite\",\"@id\":\"https:\/\/compuviper.mx\/tienda\/#website\",\"url\":\"https:\/\/compuviper.mx\/tienda\/\",\"name\":\"Compuviper\",\"description\":\"Proveedor de Computadoras, Laptops, Servidores, Monitores, Puntos de Venta, Teclados,   Impresoras, T\u00f3ner, C\u00e1maras de Seguridad y m\u00e1s en tu tienda en l\u00ednea\",\"publisher\":{\"@id\":\"https:\/\/compuviper.mx\/tienda\/#organization\"},\"potentialAction\":[{\"@type\":\"SearchAction\",\"target\":{\"@type\":\"EntryPoint\",\"urlTemplate\":\"https:\/\/compuviper.mx\/tienda\/?s={search_term_string}\"},\"query-input\":\"required name=search_term_string\"}],\"inLanguage\":\"es-MX\"},{\"@type\":\"Organization\",\"@id\":\"https:\/\/compuviper.mx\/tienda\/#organization\",\"name\":\"Compuviper\",\"url\":\"https:\/\/compuviper.mx\/tienda\/\",\"logo\":{\"@type\":\"ImageObject\",\"inLanguage\":\"es-MX\",\"@id\":\"https:\/\/compuviper.mx\/tienda\/#\/schema\/logo\/image\/\",\"url\":\"https:\/\/compuviper.mx\/tienda\/wp-content\/uploads\/2021\/08\/Logo-Compuviper-10.png\",\"contentUrl\":\"https:\/\/compuviper.mx\/tienda\/wp-content\/uploads\/2021\/08\/Logo-Compuviper-10.png\",\"width\":1000,\"height\":500,\"caption\":\"Compuviper\"},\"image\":{\"@id\":\"https:\/\/compuviper.mx\/tienda\/#\/schema\/logo\/image\/\"},\"sameAs\":[\"https:\/\/www.facebook.com\/compuviper\",\"https:\/\/www.youtube.com\/channel\/UCf73dERp9Y3cfOq7q8BhLjA?view_as=subscriber\"]}]}<\/script>\n<meta property=\"product:brand\" content=\"SILIMEX\" \/>\n<meta property=\"product:price:amount\" content=\"137\" \/>\n<meta property=\"product:price:currency\" content=\"MXN\" \/>\n<meta property=\"og:availability\" content=\"instock\" \/>\n<meta property=\"product:availability\" content=\"instock\" \/>\n<meta property=\"product:retailer_item_id\" content=\"SILI JET MKS 454ML\" \/>\n<meta property=\"product:condition\" content=\"new\" \/>\n<!-- \/ Yoast SEO plugin. -->","yoast_head_json":{"title":"[ Silimex ] &#129351; Sili Jet Mks 454ml Aerosol Silijet Mks Limpiador Dielectico De Sistemas Electronicos 454 Ml","description":"Compra Sili Jet Mks 454ml Aerosol Silijet Mks Limpiador Dielectico De Sistemas Electronicos 454 Ml + Env\u00edo a domicilio + Pago seguro + Garant\u00eda","robots":{"index":"index","follow":"follow","max-snippet":"max-snippet:-1","max-image-preview":"max-image-preview:large","max-video-preview":"max-video-preview:-1"},"canonical":"https:\/\/compuviper.mx\/tienda\/producto\/silimex-sili-jet-mks-454ml-aerosol-silijet-mks-limpiador-dielectico-de-sistemas-electronicos-454-ml\/","og_locale":"es_MX","og_type":"article","og_title":"[ Silimex ] &#129351; Sili Jet Mks 454ml Aerosol Silijet Mks Limpiador Dielectico De Sistemas Electronicos 454 Ml","og_description":"Compra Sili Jet Mks 454ml Aerosol Silijet Mks Limpiador Dielectico De Sistemas Electronicos 454 Ml + Env\u00edo a domicilio + Pago seguro + Garant\u00eda","og_url":"https:\/\/compuviper.mx\/tienda\/producto\/silimex-sili-jet-mks-454ml-aerosol-silijet-mks-limpiador-dielectico-de-sistemas-electronicos-454-ml\/","og_site_name":"Compuviper","article_publisher":"https:\/\/www.facebook.com\/compuviper","og_image":[{"width":200,"height":200,"url":"https:\/\/compuviper.mx\/tienda\/wp-content\/uploads\/2023\/12\/Limpiador-dielectrico-de-sistemas-electronicos.jpg","type":"image\/jpeg"}],"twitter_card":"summary_large_image","twitter_misc":{"Precio":"&#36;137 con IVA","Availability":"In stock"},"schema":{"@context":"https:\/\/schema.org","@graph":[{"@type":"WebPage","@id":"https:\/\/compuviper.mx\/tienda\/producto\/silimex-sili-jet-mks-454ml-aerosol-silijet-mks-limpiador-dielectico-de-sistemas-electronicos-454-ml\/","url":"https:\/\/compuviper.mx\/tienda\/producto\/silimex-sili-jet-mks-454ml-aerosol-silijet-mks-limpiador-dielectico-de-sistemas-electronicos-454-ml\/","name":"[ Silimex ] &#129351; Sili Jet Mks 454ml Aerosol Silijet Mks Limpiador Dielectico De Sistemas Electronicos 454 Ml","isPartOf":{"@id":"https:\/\/compuviper.mx\/tienda\/#website"},"datePublished":"2026-04-03T05:08:35+00:00","dateModified":"2026-04-03T05:08:35+00:00","description":"Compra Sili Jet Mks 454ml Aerosol Silijet Mks Limpiador Dielectico De Sistemas Electronicos 454 Ml + Env\u00edo a domicilio + Pago seguro + Garant\u00eda","breadcrumb":{"@id":"https:\/\/compuviper.mx\/tienda\/producto\/silimex-sili-jet-mks-454ml-aerosol-silijet-mks-limpiador-dielectico-de-sistemas-electronicos-454-ml\/#breadcrumb"},"inLanguage":"es-MX","potentialAction":[{"@type":"ReadAction","target":["https:\/\/compuviper.mx\/tienda\/producto\/silimex-sili-jet-mks-454ml-aerosol-silijet-mks-limpiador-dielectico-de-sistemas-electronicos-454-ml\/"]}]},{"@type":"BreadcrumbList","@id":"https:\/\/compuviper.mx\/tienda\/producto\/silimex-sili-jet-mks-454ml-aerosol-silijet-mks-limpiador-dielectico-de-sistemas-electronicos-454-ml\/#breadcrumb","itemListElement":[{"@type":"ListItem","position":1,"name":"Inicio","item":"https:\/\/compuviper.mx\/tienda\/"},{"@type":"ListItem","position":2,"name":"Productos","item":"https:\/\/compuviper.mx\/tienda\/productos\/"},{"@type":"ListItem","position":3,"name":"Productos De Limpieza","item":"https:\/\/compuviper.mx\/tienda\/categoria-producto\/productos-de-limpieza\/"},{"@type":"ListItem","position":4,"name":"Limpiadores De Tarjetas Electronicas","item":"https:\/\/compuviper.mx\/tienda\/categoria-producto\/productos-de-limpieza\/limpiadores-de-tarjetas-electronicas\/"},{"@type":"ListItem","position":5,"name":"Silimex Sili Jet Mks 454ml Aerosol Silijet Mks Limpiador Dielectico De Sistemas Electronicos 454 Ml"}]},{"@type":"WebSite","@id":"https:\/\/compuviper.mx\/tienda\/#website","url":"https:\/\/compuviper.mx\/tienda\/","name":"Compuviper","description":"Proveedor de Computadoras, Laptops, Servidores, Monitores, Puntos de Venta, Teclados,   Impresoras, T\u00f3ner, C\u00e1maras de Seguridad y m\u00e1s en tu tienda en l\u00ednea","publisher":{"@id":"https:\/\/compuviper.mx\/tienda\/#organization"},"potentialAction":[{"@type":"SearchAction","target":{"@type":"EntryPoint","urlTemplate":"https:\/\/compuviper.mx\/tienda\/?s={search_term_string}"},"query-input":"required name=search_term_string"}],"inLanguage":"es-MX"},{"@type":"Organization","@id":"https:\/\/compuviper.mx\/tienda\/#organization","name":"Compuviper","url":"https:\/\/compuviper.mx\/tienda\/","logo":{"@type":"ImageObject","inLanguage":"es-MX","@id":"https:\/\/compuviper.mx\/tienda\/#\/schema\/logo\/image\/","url":"https:\/\/compuviper.mx\/tienda\/wp-content\/uploads\/2021\/08\/Logo-Compuviper-10.png","contentUrl":"https:\/\/compuviper.mx\/tienda\/wp-content\/uploads\/2021\/08\/Logo-Compuviper-10.png","width":1000,"height":500,"caption":"Compuviper"},"image":{"@id":"https:\/\/compuviper.mx\/tienda\/#\/schema\/logo\/image\/"},"sameAs":["https:\/\/www.facebook.com\/compuviper","https:\/\/www.youtube.com\/channel\/UCf73dERp9Y3cfOq7q8BhLjA?view_as=subscriber"]}]},"product_brand":"SILIMEX","product_price_amount":"137","product_price_currency":"MXN","og_availability":"instock","product_availability":"instock","product_retailer_item_id":"SILI JET MKS 454ML","product_condition":"new"},"_links":{"self":[{"href":"https:\/\/compuviper.mx\/tienda\/wp-json\/wp\/v2\/product\/215840"}],"collection":[{"href":"https:\/\/compuviper.mx\/tienda\/wp-json\/wp\/v2\/product"}],"about":[{"href":"https:\/\/compuviper.mx\/tienda\/wp-json\/wp\/v2\/types\/product"}],"replies":[{"embeddable":true,"href":"https:\/\/compuviper.mx\/tienda\/wp-json\/wp\/v2\/comments?post=215840"}],"wp:featuredmedia":[{"embeddable":true,"href":"https:\/\/compuviper.mx\/tienda\/wp-json\/wp\/v2\/media\/215841"}],"wp:attachment":[{"href":"https:\/\/compuviper.mx\/tienda\/wp-json\/wp\/v2\/media?parent=215840"}],"wp:term":[{"taxonomy":"product_cat","embeddable":true,"href":"https:\/\/compuviper.mx\/tienda\/wp-json\/wp\/v2\/product_cat?post=215840"},{"taxonomy":"product_tag","embeddable":true,"href":"https:\/\/compuviper.mx\/tienda\/wp-json\/wp\/v2\/product_tag?post=215840"}],"curies":[{"name":"wp","href":"https:\/\/api.w.org\/{rel}","templated":true}]}}