{"id":215493,"date":"2026-04-09T23:49:37","date_gmt":"2026-04-10T05:49:37","guid":{"rendered":"https:\/\/compuviper.mx\/tienda\/producto\/lexmark-58d0z00-unidad-de-imagen-color-negro-hasta-150000-paginas-5-de-cobertura-p-modelos-mx822ade-mx826-mx824-ms821-ms823ms826mx722\/"},"modified":"2026-04-09T23:49:37","modified_gmt":"2026-04-10T05:49:37","slug":"lexmark-58d0z00-unidad-de-imagen-color-negrohasta-150000-paginas-modelos-mx822ade-mx826-mx824-ms821-ms823ms826mx722","status":"publish","type":"product","link":"https:\/\/compuviper.mx\/tienda\/producto\/lexmark-58d0z00-unidad-de-imagen-color-negrohasta-150000-paginas-modelos-mx822ade-mx826-mx824-ms821-ms823ms826mx722\/","title":{"rendered":"Lexmark 58d0z00 Unidad De Imagen ,color Negro,,hasta 150000 Paginas, Modelos Mx822ade ,mx826, Mx824, Ms821, Ms823,ms826,mx722"},"content":{"rendered":"<table class=\"descripcion\">\n<tr>\n<td>\/\/cartuchos y unidades de imagen\/\/<\/td>\n<\/tr>\n<tr>\n<td>\/\/rendimiento estimado de la unidad de im\u00e1genes hasta\/\/<\/td>\n<\/tr>\n<tr>\n<td>150000 p\u00e1ginas, basado en 3 p\u00e1ginas de media por trabajo en tama\u00f1o a4\/carta ~ 5% de cobertura1<\/td>\n<\/tr>\n<tr>\n<td>\/\/sistema el\u00e9ctrico y funcionamiento\/\/<\/td>\n<\/tr>\n<tr>\n<td>\/\/c\u00f3digo unspsc\/\/<\/td>\n<\/tr>\n<tr>\n<td>44101706<\/td>\n<\/tr>\n<tr>\n<td>\/\/c\u00f3digo arancelario armonizado\/\/<\/td>\n<\/tr>\n<tr>\n<td>8443.99.5015<\/td>\n<\/tr>\n<tr>\n<td>\/\/pa\u00eds de origen\/\/<\/td>\n<\/tr>\n<tr>\n<td>China (prc)<\/td>\n<\/tr>\n<tr>\n<td>1el rendimiento real puede variar en funci\u00f3n de otros factores, como la velocidad del dispositivo, el tama\u00f1o del papel y la orientaci\u00f3n de alimentaci\u00f3n, la cobertura del t\u00f3ner, la bandeja de origen del papel, el porcentaje de impresi\u00f3n solo en negro y la complejidad media de los trabajos de impresi\u00f3n., *estimaci\u00f3n del rendimiento m\u00e1ximo de la unidad de im\u00e1genes basada en trabajos de impresi\u00f3n de 3 p\u00e1ginas promedio de tama\u00f1o carta o a4 con una cobertura aproximada del 5 %.<\/td>\n<\/tr>\n<\/table>\n","protected":false},"excerpt":{"rendered":"<p>Calidad de imagen uniformemente sobresaliente. Confiabilidad del sistema de larga duraci\u00f3n. Sostenibilidad superior. Innovador sistema de impresi\u00f3n estabilizado.<\/p>\n","protected":false},"featured_media":215494,"comment_status":"open","ping_status":"open","template":"","meta":[],"product_cat":[1622,1629],"product_tag":[1630],"acf":[],"yoast_head":"<!-- This site is optimized with the Yoast SEO plugin v21.7 - https:\/\/yoast.com\/wordpress\/plugins\/seo\/ -->\n<title>[ Lexmark ] &#129351; 58d0z00 Unidad De Imagen ,color Negro,,hasta 150000 Paginas, Modelos Mx822ade ,mx826, Mx824, Ms821, Ms823,ms826,mx722<\/title>\n<meta name=\"description\" content=\"Compra 58d0z00 Unidad De Imagen ,color Negro,,hasta 150000 Paginas, Modelos Mx822ade ,mx826, Mx824, Ms821, Ms823,ms826,mx722 + Env\u00edo a domicilio + Pago seguro + Garant\u00eda\" \/>\n<meta name=\"robots\" content=\"index, follow, max-snippet:-1, max-image-preview:large, max-video-preview:-1\" \/>\n<link rel=\"canonical\" href=\"https:\/\/compuviper.mx\/tienda\/producto\/lexmark-58d0z00-unidad-de-imagen-color-negrohasta-150000-paginas-modelos-mx822ade-mx826-mx824-ms821-ms823ms826mx722\/\" \/>\n<meta property=\"og:locale\" content=\"es_MX\" \/>\n<meta property=\"og:type\" content=\"article\" \/>\n<meta property=\"og:title\" content=\"[ Lexmark ] &#129351; 58d0z00 Unidad De Imagen ,color Negro,,hasta 150000 Paginas, Modelos Mx822ade ,mx826, Mx824, Ms821, Ms823,ms826,mx722\" \/>\n<meta property=\"og:description\" content=\"Compra 58d0z00 Unidad De Imagen ,color Negro,,hasta 150000 Paginas, Modelos Mx822ade ,mx826, Mx824, Ms821, Ms823,ms826,mx722 + Env\u00edo a domicilio + Pago seguro + Garant\u00eda\" \/>\n<meta property=\"og:url\" content=\"https:\/\/compuviper.mx\/tienda\/producto\/lexmark-58d0z00-unidad-de-imagen-color-negrohasta-150000-paginas-modelos-mx822ade-mx826-mx824-ms821-ms823ms826mx722\/\" \/>\n<meta property=\"og:site_name\" content=\"Compuviper\" \/>\n<meta property=\"article:publisher\" content=\"https:\/\/www.facebook.com\/compuviper\" \/>\n<meta property=\"og:image\" content=\"https:\/\/compuviper.mx\/tienda\/wp-content\/uploads\/2023\/12\/Unidad-de-imagen-lexmark-color-negro-58d0z00-hasta-150000-paginas-5-de-cobertura-pmodelos-mx822ade-mx826-mx824-ms821-ms823ms826mx722.jpg\" \/>\n\t<meta property=\"og:image:width\" content=\"200\" \/>\n\t<meta property=\"og:image:height\" content=\"200\" \/>\n\t<meta property=\"og:image:type\" content=\"image\/jpeg\" \/>\n<meta name=\"twitter:card\" content=\"summary_large_image\" \/>\n<meta name=\"twitter:label1\" content=\"Precio\" \/>\n\t<meta name=\"twitter:data1\" content=\"&#36;1,537 con IVA\" \/>\n\t<meta name=\"twitter:label2\" content=\"Availability\" \/>\n\t<meta name=\"twitter:data2\" content=\"In stock\" \/>\n<script type=\"application\/ld+json\" class=\"yoast-schema-graph\">{\"@context\":\"https:\/\/schema.org\",\"@graph\":[{\"@type\":\"WebPage\",\"@id\":\"https:\/\/compuviper.mx\/tienda\/producto\/lexmark-58d0z00-unidad-de-imagen-color-negrohasta-150000-paginas-modelos-mx822ade-mx826-mx824-ms821-ms823ms826mx722\/\",\"url\":\"https:\/\/compuviper.mx\/tienda\/producto\/lexmark-58d0z00-unidad-de-imagen-color-negrohasta-150000-paginas-modelos-mx822ade-mx826-mx824-ms821-ms823ms826mx722\/\",\"name\":\"[ Lexmark ] &#129351; 58d0z00 Unidad De Imagen ,color Negro,,hasta 150000 Paginas, Modelos Mx822ade ,mx826, Mx824, Ms821, Ms823,ms826,mx722\",\"isPartOf\":{\"@id\":\"https:\/\/compuviper.mx\/tienda\/#website\"},\"datePublished\":\"2026-04-10T05:49:37+00:00\",\"dateModified\":\"2026-04-10T05:49:37+00:00\",\"description\":\"Compra 58d0z00 Unidad De Imagen ,color Negro,,hasta 150000 Paginas, Modelos Mx822ade ,mx826, Mx824, Ms821, Ms823,ms826,mx722 + Env\u00edo a domicilio + Pago seguro + Garant\u00eda\",\"breadcrumb\":{\"@id\":\"https:\/\/compuviper.mx\/tienda\/producto\/lexmark-58d0z00-unidad-de-imagen-color-negrohasta-150000-paginas-modelos-mx822ade-mx826-mx824-ms821-ms823ms826mx722\/#breadcrumb\"},\"inLanguage\":\"es-MX\",\"potentialAction\":[{\"@type\":\"ReadAction\",\"target\":[\"https:\/\/compuviper.mx\/tienda\/producto\/lexmark-58d0z00-unidad-de-imagen-color-negrohasta-150000-paginas-modelos-mx822ade-mx826-mx824-ms821-ms823ms826mx722\/\"]}]},{\"@type\":\"BreadcrumbList\",\"@id\":\"https:\/\/compuviper.mx\/tienda\/producto\/lexmark-58d0z00-unidad-de-imagen-color-negrohasta-150000-paginas-modelos-mx822ade-mx826-mx824-ms821-ms823ms826mx722\/#breadcrumb\",\"itemListElement\":[{\"@type\":\"ListItem\",\"position\":1,\"name\":\"Inicio\",\"item\":\"https:\/\/compuviper.mx\/tienda\/\"},{\"@type\":\"ListItem\",\"position\":2,\"name\":\"Productos\",\"item\":\"https:\/\/compuviper.mx\/tienda\/productos\/\"},{\"@type\":\"ListItem\",\"position\":3,\"name\":\"Consumibles\",\"item\":\"https:\/\/compuviper.mx\/tienda\/categoria-producto\/consumibles\/\"},{\"@type\":\"ListItem\",\"position\":4,\"name\":\"Tambor\",\"item\":\"https:\/\/compuviper.mx\/tienda\/categoria-producto\/consumibles\/tambor\/\"},{\"@type\":\"ListItem\",\"position\":5,\"name\":\"Lexmark 58d0z00 Unidad De Imagen ,color Negro,,hasta 150000 Paginas, Modelos Mx822ade ,mx826, Mx824, Ms821, Ms823,ms826,mx722\"}]},{\"@type\":\"WebSite\",\"@id\":\"https:\/\/compuviper.mx\/tienda\/#website\",\"url\":\"https:\/\/compuviper.mx\/tienda\/\",\"name\":\"Compuviper\",\"description\":\"Proveedor de Computadoras, Laptops, Servidores, Monitores, Puntos de Venta, Teclados,   Impresoras, T\u00f3ner, C\u00e1maras de Seguridad y m\u00e1s en tu tienda en l\u00ednea\",\"publisher\":{\"@id\":\"https:\/\/compuviper.mx\/tienda\/#organization\"},\"potentialAction\":[{\"@type\":\"SearchAction\",\"target\":{\"@type\":\"EntryPoint\",\"urlTemplate\":\"https:\/\/compuviper.mx\/tienda\/?s={search_term_string}\"},\"query-input\":\"required name=search_term_string\"}],\"inLanguage\":\"es-MX\"},{\"@type\":\"Organization\",\"@id\":\"https:\/\/compuviper.mx\/tienda\/#organization\",\"name\":\"Compuviper\",\"url\":\"https:\/\/compuviper.mx\/tienda\/\",\"logo\":{\"@type\":\"ImageObject\",\"inLanguage\":\"es-MX\",\"@id\":\"https:\/\/compuviper.mx\/tienda\/#\/schema\/logo\/image\/\",\"url\":\"https:\/\/compuviper.mx\/tienda\/wp-content\/uploads\/2021\/08\/Logo-Compuviper-10.png\",\"contentUrl\":\"https:\/\/compuviper.mx\/tienda\/wp-content\/uploads\/2021\/08\/Logo-Compuviper-10.png\",\"width\":1000,\"height\":500,\"caption\":\"Compuviper\"},\"image\":{\"@id\":\"https:\/\/compuviper.mx\/tienda\/#\/schema\/logo\/image\/\"},\"sameAs\":[\"https:\/\/www.facebook.com\/compuviper\",\"https:\/\/www.youtube.com\/channel\/UCf73dERp9Y3cfOq7q8BhLjA?view_as=subscriber\"]}]}<\/script>\n<meta property=\"product:brand\" content=\"LEXMARK\" \/>\n<meta property=\"product:price:amount\" content=\"1537\" \/>\n<meta property=\"product:price:currency\" content=\"MXN\" \/>\n<meta property=\"og:availability\" content=\"instock\" \/>\n<meta property=\"product:availability\" content=\"instock\" \/>\n<meta property=\"product:retailer_item_id\" content=\"58D0Z00\" \/>\n<meta property=\"product:condition\" content=\"new\" \/>\n<!-- \/ Yoast SEO plugin. -->","yoast_head_json":{"title":"[ Lexmark ] &#129351; 58d0z00 Unidad De Imagen ,color Negro,,hasta 150000 Paginas, Modelos Mx822ade ,mx826, Mx824, Ms821, Ms823,ms826,mx722","description":"Compra 58d0z00 Unidad De Imagen ,color Negro,,hasta 150000 Paginas, Modelos Mx822ade ,mx826, Mx824, Ms821, Ms823,ms826,mx722 + Env\u00edo a domicilio + Pago seguro + Garant\u00eda","robots":{"index":"index","follow":"follow","max-snippet":"max-snippet:-1","max-image-preview":"max-image-preview:large","max-video-preview":"max-video-preview:-1"},"canonical":"https:\/\/compuviper.mx\/tienda\/producto\/lexmark-58d0z00-unidad-de-imagen-color-negrohasta-150000-paginas-modelos-mx822ade-mx826-mx824-ms821-ms823ms826mx722\/","og_locale":"es_MX","og_type":"article","og_title":"[ Lexmark ] &#129351; 58d0z00 Unidad De Imagen ,color Negro,,hasta 150000 Paginas, Modelos Mx822ade ,mx826, Mx824, Ms821, Ms823,ms826,mx722","og_description":"Compra 58d0z00 Unidad De Imagen ,color Negro,,hasta 150000 Paginas, Modelos Mx822ade ,mx826, Mx824, Ms821, Ms823,ms826,mx722 + Env\u00edo a domicilio + Pago seguro + Garant\u00eda","og_url":"https:\/\/compuviper.mx\/tienda\/producto\/lexmark-58d0z00-unidad-de-imagen-color-negrohasta-150000-paginas-modelos-mx822ade-mx826-mx824-ms821-ms823ms826mx722\/","og_site_name":"Compuviper","article_publisher":"https:\/\/www.facebook.com\/compuviper","og_image":[{"width":200,"height":200,"url":"https:\/\/compuviper.mx\/tienda\/wp-content\/uploads\/2023\/12\/Unidad-de-imagen-lexmark-color-negro-58d0z00-hasta-150000-paginas-5-de-cobertura-pmodelos-mx822ade-mx826-mx824-ms821-ms823ms826mx722.jpg","type":"image\/jpeg"}],"twitter_card":"summary_large_image","twitter_misc":{"Precio":"&#36;1,537 con IVA","Availability":"In stock"},"schema":{"@context":"https:\/\/schema.org","@graph":[{"@type":"WebPage","@id":"https:\/\/compuviper.mx\/tienda\/producto\/lexmark-58d0z00-unidad-de-imagen-color-negrohasta-150000-paginas-modelos-mx822ade-mx826-mx824-ms821-ms823ms826mx722\/","url":"https:\/\/compuviper.mx\/tienda\/producto\/lexmark-58d0z00-unidad-de-imagen-color-negrohasta-150000-paginas-modelos-mx822ade-mx826-mx824-ms821-ms823ms826mx722\/","name":"[ Lexmark ] &#129351; 58d0z00 Unidad De Imagen ,color Negro,,hasta 150000 Paginas, Modelos Mx822ade ,mx826, Mx824, Ms821, Ms823,ms826,mx722","isPartOf":{"@id":"https:\/\/compuviper.mx\/tienda\/#website"},"datePublished":"2026-04-10T05:49:37+00:00","dateModified":"2026-04-10T05:49:37+00:00","description":"Compra 58d0z00 Unidad De Imagen ,color Negro,,hasta 150000 Paginas, Modelos Mx822ade ,mx826, Mx824, Ms821, Ms823,ms826,mx722 + Env\u00edo a domicilio + Pago seguro + Garant\u00eda","breadcrumb":{"@id":"https:\/\/compuviper.mx\/tienda\/producto\/lexmark-58d0z00-unidad-de-imagen-color-negrohasta-150000-paginas-modelos-mx822ade-mx826-mx824-ms821-ms823ms826mx722\/#breadcrumb"},"inLanguage":"es-MX","potentialAction":[{"@type":"ReadAction","target":["https:\/\/compuviper.mx\/tienda\/producto\/lexmark-58d0z00-unidad-de-imagen-color-negrohasta-150000-paginas-modelos-mx822ade-mx826-mx824-ms821-ms823ms826mx722\/"]}]},{"@type":"BreadcrumbList","@id":"https:\/\/compuviper.mx\/tienda\/producto\/lexmark-58d0z00-unidad-de-imagen-color-negrohasta-150000-paginas-modelos-mx822ade-mx826-mx824-ms821-ms823ms826mx722\/#breadcrumb","itemListElement":[{"@type":"ListItem","position":1,"name":"Inicio","item":"https:\/\/compuviper.mx\/tienda\/"},{"@type":"ListItem","position":2,"name":"Productos","item":"https:\/\/compuviper.mx\/tienda\/productos\/"},{"@type":"ListItem","position":3,"name":"Consumibles","item":"https:\/\/compuviper.mx\/tienda\/categoria-producto\/consumibles\/"},{"@type":"ListItem","position":4,"name":"Tambor","item":"https:\/\/compuviper.mx\/tienda\/categoria-producto\/consumibles\/tambor\/"},{"@type":"ListItem","position":5,"name":"Lexmark 58d0z00 Unidad De Imagen ,color Negro,,hasta 150000 Paginas, Modelos Mx822ade ,mx826, Mx824, Ms821, Ms823,ms826,mx722"}]},{"@type":"WebSite","@id":"https:\/\/compuviper.mx\/tienda\/#website","url":"https:\/\/compuviper.mx\/tienda\/","name":"Compuviper","description":"Proveedor de Computadoras, Laptops, Servidores, Monitores, Puntos de Venta, Teclados,   Impresoras, T\u00f3ner, C\u00e1maras de Seguridad y m\u00e1s en tu tienda en l\u00ednea","publisher":{"@id":"https:\/\/compuviper.mx\/tienda\/#organization"},"potentialAction":[{"@type":"SearchAction","target":{"@type":"EntryPoint","urlTemplate":"https:\/\/compuviper.mx\/tienda\/?s={search_term_string}"},"query-input":"required name=search_term_string"}],"inLanguage":"es-MX"},{"@type":"Organization","@id":"https:\/\/compuviper.mx\/tienda\/#organization","name":"Compuviper","url":"https:\/\/compuviper.mx\/tienda\/","logo":{"@type":"ImageObject","inLanguage":"es-MX","@id":"https:\/\/compuviper.mx\/tienda\/#\/schema\/logo\/image\/","url":"https:\/\/compuviper.mx\/tienda\/wp-content\/uploads\/2021\/08\/Logo-Compuviper-10.png","contentUrl":"https:\/\/compuviper.mx\/tienda\/wp-content\/uploads\/2021\/08\/Logo-Compuviper-10.png","width":1000,"height":500,"caption":"Compuviper"},"image":{"@id":"https:\/\/compuviper.mx\/tienda\/#\/schema\/logo\/image\/"},"sameAs":["https:\/\/www.facebook.com\/compuviper","https:\/\/www.youtube.com\/channel\/UCf73dERp9Y3cfOq7q8BhLjA?view_as=subscriber"]}]},"product_brand":"LEXMARK","product_price_amount":"1537","product_price_currency":"MXN","og_availability":"instock","product_availability":"instock","product_retailer_item_id":"58D0Z00","product_condition":"new"},"_links":{"self":[{"href":"https:\/\/compuviper.mx\/tienda\/wp-json\/wp\/v2\/product\/215493"}],"collection":[{"href":"https:\/\/compuviper.mx\/tienda\/wp-json\/wp\/v2\/product"}],"about":[{"href":"https:\/\/compuviper.mx\/tienda\/wp-json\/wp\/v2\/types\/product"}],"replies":[{"embeddable":true,"href":"https:\/\/compuviper.mx\/tienda\/wp-json\/wp\/v2\/comments?post=215493"}],"wp:featuredmedia":[{"embeddable":true,"href":"https:\/\/compuviper.mx\/tienda\/wp-json\/wp\/v2\/media\/215494"}],"wp:attachment":[{"href":"https:\/\/compuviper.mx\/tienda\/wp-json\/wp\/v2\/media?parent=215493"}],"wp:term":[{"taxonomy":"product_cat","embeddable":true,"href":"https:\/\/compuviper.mx\/tienda\/wp-json\/wp\/v2\/product_cat?post=215493"},{"taxonomy":"product_tag","embeddable":true,"href":"https:\/\/compuviper.mx\/tienda\/wp-json\/wp\/v2\/product_tag?post=215493"}],"curies":[{"name":"wp","href":"https:\/\/api.w.org\/{rel}","templated":true}]}}