{"id":215489,"date":"2026-04-01T23:54:55","date_gmt":"2026-04-02T05:54:55","guid":{"rendered":"https:\/\/compuviper.mx\/tienda\/producto\/silimex-alcohol-isopropilico-aerosol-250-ml\/"},"modified":"2026-04-01T23:54:55","modified_gmt":"2026-04-02T05:54:55","slug":"silimex-alcohol-isopropilico-aerosol-250-ml-aerosol-alcohol-isopropilico-250-ml","status":"publish","type":"product","link":"https:\/\/compuviper.mx\/tienda\/producto\/silimex-alcohol-isopropilico-aerosol-250-ml-aerosol-alcohol-isopropilico-250-ml\/","title":{"rendered":"Silimex Alcohol Isopropilico Aerosol 250 Ml Aerosol Alcohol Isopropilico  250 Ml"},"content":{"rendered":"<table class=\"descripcion\">\n<tr>\n<td>Alcohol isopropilico silimex en aerosol para limpieza de tarjetas electronicas, componentes y  circuitos electronicos de cualquier naturaleza.<\/td>\n<\/tr>\n<\/table>\n","protected":false},"excerpt":{"rendered":"<p>Aplicaciones. Limpia tarjetas electronicas y arneses de equipos de computo, video, telefonicos asi como circuitos electronicos de cualquier naturaleza. Indicaciones de uso. No necesita ser agitatlo antes de usar. Debe aplicar el producto a una distancia de 15 a 20 cm.Para evitar el choque termico. Puese auxiliarse de una brocha si hay exceso de suciedad. Este producto se evapora a los pocos minutos y deja una capa protectora repelente al polvo. Puede usarse en equipos de funcionamiento continuo. Precauciones. Mantenga el envase en un lugar fresco y ventilado, aleje de fuentes de calor. No se ingiera, en caso de ingestion, consulte al medico.Producto flamable. No se deje destapado. Evite el contacto con los ojos. No se deje al alcance de los ninos.<\/p>\n","protected":false},"featured_media":215490,"comment_status":"open","ping_status":"open","template":"","meta":[],"product_cat":[1619,1628],"product_tag":[1621],"acf":[],"yoast_head":"<!-- This site is optimized with the Yoast SEO plugin v21.7 - https:\/\/yoast.com\/wordpress\/plugins\/seo\/ -->\n<title>[ Silimex ] &#129351; Alcohol Isopropilico Aerosol 250 Ml Aerosol Alcohol Isopropilico 250 Ml<\/title>\n<meta name=\"description\" content=\"Compra Alcohol Isopropilico Aerosol 250 Ml Aerosol Alcohol Isopropilico 250 Ml + Env\u00edo a domicilio + Pago seguro + Garant\u00eda\" \/>\n<meta name=\"robots\" content=\"index, follow, max-snippet:-1, max-image-preview:large, max-video-preview:-1\" \/>\n<link rel=\"canonical\" href=\"https:\/\/compuviper.mx\/tienda\/producto\/silimex-alcohol-isopropilico-aerosol-250-ml-aerosol-alcohol-isopropilico-250-ml\/\" \/>\n<meta property=\"og:locale\" content=\"es_MX\" \/>\n<meta property=\"og:type\" content=\"article\" \/>\n<meta property=\"og:title\" content=\"[ Silimex ] &#129351; Alcohol Isopropilico Aerosol 250 Ml Aerosol Alcohol Isopropilico 250 Ml\" \/>\n<meta property=\"og:description\" content=\"Compra Alcohol Isopropilico Aerosol 250 Ml Aerosol Alcohol Isopropilico 250 Ml + Env\u00edo a domicilio + Pago seguro + Garant\u00eda\" \/>\n<meta property=\"og:url\" content=\"https:\/\/compuviper.mx\/tienda\/producto\/silimex-alcohol-isopropilico-aerosol-250-ml-aerosol-alcohol-isopropilico-250-ml\/\" \/>\n<meta property=\"og:site_name\" content=\"Compuviper\" \/>\n<meta property=\"article:publisher\" content=\"https:\/\/www.facebook.com\/compuviper\" \/>\n<meta property=\"og:image\" content=\"https:\/\/compuviper.mx\/tienda\/wp-content\/uploads\/2023\/12\/Alcohol-isopropilico-aerosol-250-ml-silimex.jpg\" \/>\n\t<meta property=\"og:image:width\" content=\"200\" \/>\n\t<meta property=\"og:image:height\" content=\"200\" \/>\n\t<meta property=\"og:image:type\" content=\"image\/jpeg\" \/>\n<meta name=\"twitter:card\" content=\"summary_large_image\" \/>\n<meta name=\"twitter:label1\" content=\"Precio\" \/>\n\t<meta name=\"twitter:data1\" content=\"&#36;107 con IVA\" \/>\n\t<meta name=\"twitter:label2\" content=\"Availability\" \/>\n\t<meta name=\"twitter:data2\" content=\"In stock\" \/>\n<script type=\"application\/ld+json\" class=\"yoast-schema-graph\">{\"@context\":\"https:\/\/schema.org\",\"@graph\":[{\"@type\":\"WebPage\",\"@id\":\"https:\/\/compuviper.mx\/tienda\/producto\/silimex-alcohol-isopropilico-aerosol-250-ml-aerosol-alcohol-isopropilico-250-ml\/\",\"url\":\"https:\/\/compuviper.mx\/tienda\/producto\/silimex-alcohol-isopropilico-aerosol-250-ml-aerosol-alcohol-isopropilico-250-ml\/\",\"name\":\"[ Silimex ] &#129351; Alcohol Isopropilico Aerosol 250 Ml Aerosol Alcohol Isopropilico 250 Ml\",\"isPartOf\":{\"@id\":\"https:\/\/compuviper.mx\/tienda\/#website\"},\"datePublished\":\"2026-04-02T05:54:55+00:00\",\"dateModified\":\"2026-04-02T05:54:55+00:00\",\"description\":\"Compra Alcohol Isopropilico Aerosol 250 Ml Aerosol Alcohol Isopropilico 250 Ml + Env\u00edo a domicilio + Pago seguro + Garant\u00eda\",\"breadcrumb\":{\"@id\":\"https:\/\/compuviper.mx\/tienda\/producto\/silimex-alcohol-isopropilico-aerosol-250-ml-aerosol-alcohol-isopropilico-250-ml\/#breadcrumb\"},\"inLanguage\":\"es-MX\",\"potentialAction\":[{\"@type\":\"ReadAction\",\"target\":[\"https:\/\/compuviper.mx\/tienda\/producto\/silimex-alcohol-isopropilico-aerosol-250-ml-aerosol-alcohol-isopropilico-250-ml\/\"]}]},{\"@type\":\"BreadcrumbList\",\"@id\":\"https:\/\/compuviper.mx\/tienda\/producto\/silimex-alcohol-isopropilico-aerosol-250-ml-aerosol-alcohol-isopropilico-250-ml\/#breadcrumb\",\"itemListElement\":[{\"@type\":\"ListItem\",\"position\":1,\"name\":\"Inicio\",\"item\":\"https:\/\/compuviper.mx\/tienda\/\"},{\"@type\":\"ListItem\",\"position\":2,\"name\":\"Productos\",\"item\":\"https:\/\/compuviper.mx\/tienda\/productos\/\"},{\"@type\":\"ListItem\",\"position\":3,\"name\":\"Productos De Limpieza\",\"item\":\"https:\/\/compuviper.mx\/tienda\/categoria-producto\/productos-de-limpieza\/\"},{\"@type\":\"ListItem\",\"position\":4,\"name\":\"Limpiadores De Tarjetas Electronicas\",\"item\":\"https:\/\/compuviper.mx\/tienda\/categoria-producto\/productos-de-limpieza\/limpiadores-de-tarjetas-electronicas\/\"},{\"@type\":\"ListItem\",\"position\":5,\"name\":\"Silimex Alcohol Isopropilico Aerosol 250 Ml Aerosol Alcohol Isopropilico 250 Ml\"}]},{\"@type\":\"WebSite\",\"@id\":\"https:\/\/compuviper.mx\/tienda\/#website\",\"url\":\"https:\/\/compuviper.mx\/tienda\/\",\"name\":\"Compuviper\",\"description\":\"Proveedor de Computadoras, Laptops, Servidores, Monitores, Puntos de Venta, Teclados,   Impresoras, T\u00f3ner, C\u00e1maras de Seguridad y m\u00e1s en tu tienda en l\u00ednea\",\"publisher\":{\"@id\":\"https:\/\/compuviper.mx\/tienda\/#organization\"},\"potentialAction\":[{\"@type\":\"SearchAction\",\"target\":{\"@type\":\"EntryPoint\",\"urlTemplate\":\"https:\/\/compuviper.mx\/tienda\/?s={search_term_string}\"},\"query-input\":\"required name=search_term_string\"}],\"inLanguage\":\"es-MX\"},{\"@type\":\"Organization\",\"@id\":\"https:\/\/compuviper.mx\/tienda\/#organization\",\"name\":\"Compuviper\",\"url\":\"https:\/\/compuviper.mx\/tienda\/\",\"logo\":{\"@type\":\"ImageObject\",\"inLanguage\":\"es-MX\",\"@id\":\"https:\/\/compuviper.mx\/tienda\/#\/schema\/logo\/image\/\",\"url\":\"https:\/\/compuviper.mx\/tienda\/wp-content\/uploads\/2021\/08\/Logo-Compuviper-10.png\",\"contentUrl\":\"https:\/\/compuviper.mx\/tienda\/wp-content\/uploads\/2021\/08\/Logo-Compuviper-10.png\",\"width\":1000,\"height\":500,\"caption\":\"Compuviper\"},\"image\":{\"@id\":\"https:\/\/compuviper.mx\/tienda\/#\/schema\/logo\/image\/\"},\"sameAs\":[\"https:\/\/www.facebook.com\/compuviper\",\"https:\/\/www.youtube.com\/channel\/UCf73dERp9Y3cfOq7q8BhLjA?view_as=subscriber\"]}]}<\/script>\n<meta property=\"product:brand\" content=\"SILIMEX\" \/>\n<meta property=\"product:price:amount\" content=\"107\" \/>\n<meta property=\"product:price:currency\" content=\"MXN\" \/>\n<meta property=\"og:availability\" content=\"instock\" \/>\n<meta property=\"product:availability\" content=\"instock\" \/>\n<meta property=\"product:retailer_item_id\" content=\"ALCOHOL ISOPROPILICO AEROSOL 250 ML\" \/>\n<meta property=\"product:condition\" content=\"new\" \/>\n<!-- \/ Yoast SEO plugin. -->","yoast_head_json":{"title":"[ Silimex ] &#129351; Alcohol Isopropilico Aerosol 250 Ml Aerosol Alcohol Isopropilico 250 Ml","description":"Compra Alcohol Isopropilico Aerosol 250 Ml Aerosol Alcohol Isopropilico 250 Ml + Env\u00edo a domicilio + Pago seguro + Garant\u00eda","robots":{"index":"index","follow":"follow","max-snippet":"max-snippet:-1","max-image-preview":"max-image-preview:large","max-video-preview":"max-video-preview:-1"},"canonical":"https:\/\/compuviper.mx\/tienda\/producto\/silimex-alcohol-isopropilico-aerosol-250-ml-aerosol-alcohol-isopropilico-250-ml\/","og_locale":"es_MX","og_type":"article","og_title":"[ Silimex ] &#129351; Alcohol Isopropilico Aerosol 250 Ml Aerosol Alcohol Isopropilico 250 Ml","og_description":"Compra Alcohol Isopropilico Aerosol 250 Ml Aerosol Alcohol Isopropilico 250 Ml + Env\u00edo a domicilio + Pago seguro + Garant\u00eda","og_url":"https:\/\/compuviper.mx\/tienda\/producto\/silimex-alcohol-isopropilico-aerosol-250-ml-aerosol-alcohol-isopropilico-250-ml\/","og_site_name":"Compuviper","article_publisher":"https:\/\/www.facebook.com\/compuviper","og_image":[{"width":200,"height":200,"url":"https:\/\/compuviper.mx\/tienda\/wp-content\/uploads\/2023\/12\/Alcohol-isopropilico-aerosol-250-ml-silimex.jpg","type":"image\/jpeg"}],"twitter_card":"summary_large_image","twitter_misc":{"Precio":"&#36;107 con IVA","Availability":"In stock"},"schema":{"@context":"https:\/\/schema.org","@graph":[{"@type":"WebPage","@id":"https:\/\/compuviper.mx\/tienda\/producto\/silimex-alcohol-isopropilico-aerosol-250-ml-aerosol-alcohol-isopropilico-250-ml\/","url":"https:\/\/compuviper.mx\/tienda\/producto\/silimex-alcohol-isopropilico-aerosol-250-ml-aerosol-alcohol-isopropilico-250-ml\/","name":"[ Silimex ] &#129351; Alcohol Isopropilico Aerosol 250 Ml Aerosol Alcohol Isopropilico 250 Ml","isPartOf":{"@id":"https:\/\/compuviper.mx\/tienda\/#website"},"datePublished":"2026-04-02T05:54:55+00:00","dateModified":"2026-04-02T05:54:55+00:00","description":"Compra Alcohol Isopropilico Aerosol 250 Ml Aerosol Alcohol Isopropilico 250 Ml + Env\u00edo a domicilio + Pago seguro + Garant\u00eda","breadcrumb":{"@id":"https:\/\/compuviper.mx\/tienda\/producto\/silimex-alcohol-isopropilico-aerosol-250-ml-aerosol-alcohol-isopropilico-250-ml\/#breadcrumb"},"inLanguage":"es-MX","potentialAction":[{"@type":"ReadAction","target":["https:\/\/compuviper.mx\/tienda\/producto\/silimex-alcohol-isopropilico-aerosol-250-ml-aerosol-alcohol-isopropilico-250-ml\/"]}]},{"@type":"BreadcrumbList","@id":"https:\/\/compuviper.mx\/tienda\/producto\/silimex-alcohol-isopropilico-aerosol-250-ml-aerosol-alcohol-isopropilico-250-ml\/#breadcrumb","itemListElement":[{"@type":"ListItem","position":1,"name":"Inicio","item":"https:\/\/compuviper.mx\/tienda\/"},{"@type":"ListItem","position":2,"name":"Productos","item":"https:\/\/compuviper.mx\/tienda\/productos\/"},{"@type":"ListItem","position":3,"name":"Productos De Limpieza","item":"https:\/\/compuviper.mx\/tienda\/categoria-producto\/productos-de-limpieza\/"},{"@type":"ListItem","position":4,"name":"Limpiadores De Tarjetas Electronicas","item":"https:\/\/compuviper.mx\/tienda\/categoria-producto\/productos-de-limpieza\/limpiadores-de-tarjetas-electronicas\/"},{"@type":"ListItem","position":5,"name":"Silimex Alcohol Isopropilico Aerosol 250 Ml Aerosol Alcohol Isopropilico 250 Ml"}]},{"@type":"WebSite","@id":"https:\/\/compuviper.mx\/tienda\/#website","url":"https:\/\/compuviper.mx\/tienda\/","name":"Compuviper","description":"Proveedor de Computadoras, Laptops, Servidores, Monitores, Puntos de Venta, Teclados,   Impresoras, T\u00f3ner, C\u00e1maras de Seguridad y m\u00e1s en tu tienda en l\u00ednea","publisher":{"@id":"https:\/\/compuviper.mx\/tienda\/#organization"},"potentialAction":[{"@type":"SearchAction","target":{"@type":"EntryPoint","urlTemplate":"https:\/\/compuviper.mx\/tienda\/?s={search_term_string}"},"query-input":"required name=search_term_string"}],"inLanguage":"es-MX"},{"@type":"Organization","@id":"https:\/\/compuviper.mx\/tienda\/#organization","name":"Compuviper","url":"https:\/\/compuviper.mx\/tienda\/","logo":{"@type":"ImageObject","inLanguage":"es-MX","@id":"https:\/\/compuviper.mx\/tienda\/#\/schema\/logo\/image\/","url":"https:\/\/compuviper.mx\/tienda\/wp-content\/uploads\/2021\/08\/Logo-Compuviper-10.png","contentUrl":"https:\/\/compuviper.mx\/tienda\/wp-content\/uploads\/2021\/08\/Logo-Compuviper-10.png","width":1000,"height":500,"caption":"Compuviper"},"image":{"@id":"https:\/\/compuviper.mx\/tienda\/#\/schema\/logo\/image\/"},"sameAs":["https:\/\/www.facebook.com\/compuviper","https:\/\/www.youtube.com\/channel\/UCf73dERp9Y3cfOq7q8BhLjA?view_as=subscriber"]}]},"product_brand":"SILIMEX","product_price_amount":"107","product_price_currency":"MXN","og_availability":"instock","product_availability":"instock","product_retailer_item_id":"ALCOHOL ISOPROPILICO AEROSOL 250 ML","product_condition":"new"},"_links":{"self":[{"href":"https:\/\/compuviper.mx\/tienda\/wp-json\/wp\/v2\/product\/215489"}],"collection":[{"href":"https:\/\/compuviper.mx\/tienda\/wp-json\/wp\/v2\/product"}],"about":[{"href":"https:\/\/compuviper.mx\/tienda\/wp-json\/wp\/v2\/types\/product"}],"replies":[{"embeddable":true,"href":"https:\/\/compuviper.mx\/tienda\/wp-json\/wp\/v2\/comments?post=215489"}],"wp:featuredmedia":[{"embeddable":true,"href":"https:\/\/compuviper.mx\/tienda\/wp-json\/wp\/v2\/media\/215490"}],"wp:attachment":[{"href":"https:\/\/compuviper.mx\/tienda\/wp-json\/wp\/v2\/media?parent=215489"}],"wp:term":[{"taxonomy":"product_cat","embeddable":true,"href":"https:\/\/compuviper.mx\/tienda\/wp-json\/wp\/v2\/product_cat?post=215489"},{"taxonomy":"product_tag","embeddable":true,"href":"https:\/\/compuviper.mx\/tienda\/wp-json\/wp\/v2\/product_tag?post=215489"}],"curies":[{"name":"wp","href":"https:\/\/api.w.org\/{rel}","templated":true}]}}